{"id":34628,"date":"2024-07-30T10:26:33","date_gmt":"2024-07-30T10:26:33","guid":{"rendered":"https:\/\/emo-shop.com\/izdelki\/lonac-za-kukuruz-za-popcorn-u-mikrovalnoj-pecnici\/"},"modified":"2024-07-30T10:26:33","modified_gmt":"2024-07-30T10:26:33","slug":"lonac-za-kukuruz-za-popcorn-u-mikrovalnoj-pecnici","status":"publish","type":"product","link":"https:\/\/emo-shop.com\/hr\/izdelki\/lonac-za-kukuruz-za-popcorn-u-mikrovalnoj-pecnici\/","title":{"rendered":"LONAC ZA KUKURUZ ZA POPCORN U MIKROVALNOJ PE\u0106NICI"},"content":{"rendered":"<div id=\"tw-target-text-container\" class=\"tw-ta-container F0azHf tw-nfl\">\n<div class=\"flex flex-grow flex-col max-w-full\">\n<div class=\"min-h-[20px] text-message flex flex-col items-start gap-3 whitespace-pre-wrap break-words [.text-message+&#038;]:mt-5 overflow-x-auto\">\n<div class=\"markdown prose w-full break-words dark:prose-invert light\">\n<p><strong>Dimenzije mm \u00d8200 &#8211; H145\/60<\/strong><\/p>\n<\/div>\n<\/div>\n<\/div>\n<div class=\"mt-1 flex justify-start gap-3 empty:hidden\">\n<div class=\"text-gray-400 flex self-end lg:self-center justify-center lg:justify-start mt-0 -ml-1 visible\"><\/div>\n<\/div>\n<div class=\"flex\"><\/div>\n<h4 id=\"tw-target-text\" class=\"tw-data-text tw-text-large tw-ta\" dir=\"ltr\" style=\"text-align: left;\"><span class=\"Y2IQFc\" lang=\"sl\" xml:lang=\"sl\">S ovom zdjelom za kokice mo\u017eete dobiti doma\u0107e kokice iz mikrovalne pe\u0107nice za 3 minute. <\/span><\/h4>\n<h4 class=\"tw-data-text tw-text-large tw-ta\" dir=\"ltr\" style=\"text-align: left;\"><span class=\"Y2IQFc\" lang=\"sl\" xml:lang=\"sl\"> Ovo je najzdraviji na\u010din pripreme kokica. Bez zasi\u0107enih masti ili aditiva \u2013 samo kukuruz! <\/span><\/h4>\n<h4 class=\"tw-data-text tw-text-large tw-ta\" dir=\"ltr\" style=\"text-align: left;\"><span class=\"Y2IQFc\" lang=\"sl\" xml:lang=\"sl\">Kako ih pripremiti? Rasporite zdjelu i dodajte 50 ili 100 g zrna kukuruza (mo\u017eete koristiti referentne linije ozna\u010dene na zdjeli). Dodajte \u017elicu ulja i prstohvat soli po \u017eelji. Kuhajte u mikrovalnoj pe\u0107nici na maksimalnoj snazi (800 W) 3 ili 4 minute.<\/span><\/h4>\n<h4 class=\"tw-data-text tw-text-large tw-ta\" dir=\"ltr\" style=\"text-align: left;\"><span class=\"Y2IQFc\" lang=\"sl\" xml:lang=\"sl\"> Veli\u010dina zdjele idealna je za dvije do tri osobe. Tako\u0111er se mo\u017ee slagati jedna na drugu, pa ih mo\u017eete prakti\u010dnije pohraniti i u\u0161tedjeti prostor. <\/span><\/h4>\n<h4 class=\"tw-data-text tw-text-large tw-ta\" dir=\"ltr\" style=\"text-align: left;\"><span class=\"Y2IQFc\" lang=\"sl\" xml:lang=\"sl\">Tako\u0111er ih mo\u017eete za\u010diniti sastojcima po \u017eelji kako biste ih u\u010dinili jo\u0161 originalnijima. \u010cokoladom, aromati\u010dnim biljem, cimetom&#8230; Tako je lako u\u017eivati u svje\u017eem kokicama za samo nekoliko minuta! Sada ste spremni za svoju filmsku ve\u010der!\u00a0<\/span><\/h4>\n<p><span class=\"Y2IQFc\" lang=\"sl\" xml:lang=\"sl\"><a href=\"https:\/\/youtu.be\/Aj7jY_uVOqs\">VIDEO PRIMJER UPOTREBE<\/a><\/span><\/p>\n<\/div>\n<div id=\"tw-target-rmn-container\" class=\"tw-target-rmn tw-ta-container F0azHf tw-nfl\"><\/div>\n","protected":false},"excerpt":{"rendered":"<p>Mikrovalna silikonska posuda za kokice<\/p>\n","protected":false},"featured_media":34629,"comment_status":"open","ping_status":"closed","template":"","meta":[],"product_brand":[],"product_cat":[854,792],"product_tag":[1037,1326,859,1031,860,1322,1323,1324,1082,1325],"class_list":{"0":"post-34628","1":"product","2":"type-product","3":"status-publish","4":"has-post-thumbnail","6":"product_cat-brabantia-lekue","7":"product_cat-izabrano-za-vas","8":"product_tag-bez-bpa","9":"product_tag-brza-priprema-hrane","10":"product_tag-kuhinjski-pribor","11":"product_tag-lekue","12":"product_tag-odrzivo-posude","13":"product_tag-posuda-za-kokice","14":"product_tag-posuda-za-mikrovalnu-pecnicu","15":"product_tag-priprema-kokica","16":"product_tag-silikonski-spremnik","17":"product_tag-zdrave-grickalice","19":"first","20":"instock","21":"taxable","22":"shipping-taxable","23":"purchasable","24":"product-type-simple"},"yoast_head":"<!-- This site is optimized with the Yoast SEO plugin v27.4 - https:\/\/yoast.com\/product\/yoast-seo-wordpress\/ -->\n<title>LONAC ZA KUKURUZ ZA POPCORN U MIKROVALNOJ PE\u0106NICI - Spletna trgovina s slovensko posodo - EMO ETT<\/title>\n<meta name=\"robots\" content=\"index, follow, max-snippet:-1, max-image-preview:large, max-video-preview:-1\" \/>\n<link rel=\"canonical\" href=\"https:\/\/emo-shop.com\/hr\/izdelki\/lonac-za-kukuruz-za-popcorn-u-mikrovalnoj-pecnici\/\" \/>\n<meta property=\"og:locale\" content=\"hr_HR\" \/>\n<meta property=\"og:type\" content=\"article\" \/>\n<meta property=\"og:title\" content=\"LONAC ZA KUKURUZ ZA POPCORN U MIKROVALNOJ PE\u0106NICI - Spletna trgovina s slovensko posodo - EMO ETT\" \/>\n<meta property=\"og:description\" content=\"Mikrovalna silikonska posuda za kokice\" \/>\n<meta property=\"og:url\" content=\"https:\/\/emo-shop.com\/hr\/izdelki\/lonac-za-kukuruz-za-popcorn-u-mikrovalnoj-pecnici\/\" \/>\n<meta property=\"og:site_name\" content=\"Spletna trgovina s slovensko posodo - EMO ETT\" \/>\n<meta property=\"article:publisher\" content=\"https:\/\/www.facebook.com\/EMOSLOVENIA\" \/>\n<meta property=\"og:image\" content=\"https:\/\/emo-shop.com\/wp-content\/uploads\/2024\/07\/480-scaled.jpg\" \/>\n\t<meta property=\"og:image:width\" content=\"800\" \/>\n\t<meta property=\"og:image:height\" content=\"600\" \/>\n\t<meta property=\"og:image:type\" content=\"image\/jpeg\" \/>\n<meta name=\"twitter:card\" content=\"summary_large_image\" \/>\n<meta name=\"twitter:label1\" content=\"Procijenjeno vrijeme \u010ditanja\" \/>\n\t<meta name=\"twitter:data1\" content=\"1 minuta\" \/>\n<script type=\"application\/ld+json\" class=\"yoast-schema-graph\">{\"@context\":\"https:\\\/\\\/schema.org\",\"@graph\":[{\"@type\":\"WebPage\",\"@id\":\"https:\\\/\\\/emo-shop.com\\\/hr\\\/izdelki\\\/lonac-za-kukuruz-za-popcorn-u-mikrovalnoj-pecnici\\\/\",\"url\":\"https:\\\/\\\/emo-shop.com\\\/hr\\\/izdelki\\\/lonac-za-kukuruz-za-popcorn-u-mikrovalnoj-pecnici\\\/\",\"name\":\"LONAC ZA KUKURUZ ZA POPCORN U MIKROVALNOJ PE\u0106NICI - Spletna trgovina s slovensko posodo - EMO ETT\",\"isPartOf\":{\"@id\":\"https:\\\/\\\/emo-shop.com\\\/hr\\\/#website\"},\"primaryImageOfPage\":{\"@id\":\"https:\\\/\\\/emo-shop.com\\\/hr\\\/izdelki\\\/lonac-za-kukuruz-za-popcorn-u-mikrovalnoj-pecnici\\\/#primaryimage\"},\"image\":{\"@id\":\"https:\\\/\\\/emo-shop.com\\\/hr\\\/izdelki\\\/lonac-za-kukuruz-za-popcorn-u-mikrovalnoj-pecnici\\\/#primaryimage\"},\"thumbnailUrl\":\"https:\\\/\\\/emo-shop.com\\\/wp-content\\\/uploads\\\/2024\\\/07\\\/480-scaled.jpg\",\"datePublished\":\"2024-07-30T10:26:33+00:00\",\"breadcrumb\":{\"@id\":\"https:\\\/\\\/emo-shop.com\\\/hr\\\/izdelki\\\/lonac-za-kukuruz-za-popcorn-u-mikrovalnoj-pecnici\\\/#breadcrumb\"},\"inLanguage\":\"hr\",\"potentialAction\":[{\"@type\":\"ReadAction\",\"target\":[\"https:\\\/\\\/emo-shop.com\\\/hr\\\/izdelki\\\/lonac-za-kukuruz-za-popcorn-u-mikrovalnoj-pecnici\\\/\"]}]},{\"@type\":\"ImageObject\",\"inLanguage\":\"hr\",\"@id\":\"https:\\\/\\\/emo-shop.com\\\/hr\\\/izdelki\\\/lonac-za-kukuruz-za-popcorn-u-mikrovalnoj-pecnici\\\/#primaryimage\",\"url\":\"https:\\\/\\\/emo-shop.com\\\/wp-content\\\/uploads\\\/2024\\\/07\\\/480-scaled.jpg\",\"contentUrl\":\"https:\\\/\\\/emo-shop.com\\\/wp-content\\\/uploads\\\/2024\\\/07\\\/480-scaled.jpg\",\"width\":800,\"height\":600},{\"@type\":\"BreadcrumbList\",\"@id\":\"https:\\\/\\\/emo-shop.com\\\/hr\\\/izdelki\\\/lonac-za-kukuruz-za-popcorn-u-mikrovalnoj-pecnici\\\/#breadcrumb\",\"itemListElement\":[{\"@type\":\"ListItem\",\"position\":1,\"name\":\"Home\",\"item\":\"https:\\\/\\\/emo-shop.com\\\/hr\\\/\"},{\"@type\":\"ListItem\",\"position\":2,\"name\":\"Trgovina\",\"item\":\"https:\\\/\\\/emo-shop.com\\\/hr\\\/trgovina\\\/\"},{\"@type\":\"ListItem\",\"position\":3,\"name\":\"LONAC ZA KUKURUZ ZA POPCORN U MIKROVALNOJ PE\u0106NICI\"}]},{\"@type\":\"WebSite\",\"@id\":\"https:\\\/\\\/emo-shop.com\\\/hr\\\/#website\",\"url\":\"https:\\\/\\\/emo-shop.com\\\/hr\\\/\",\"name\":\"Spletna trgovina s slovensko posodo - EMO ETT\",\"description\":\"Spletna trgovina\",\"publisher\":{\"@id\":\"https:\\\/\\\/emo-shop.com\\\/hr\\\/#organization\"},\"potentialAction\":[{\"@type\":\"SearchAction\",\"target\":{\"@type\":\"EntryPoint\",\"urlTemplate\":\"https:\\\/\\\/emo-shop.com\\\/hr\\\/?s={search_term_string}\"},\"query-input\":{\"@type\":\"PropertyValueSpecification\",\"valueRequired\":true,\"valueName\":\"search_term_string\"}}],\"inLanguage\":\"hr\"},{\"@type\":\"Organization\",\"@id\":\"https:\\\/\\\/emo-shop.com\\\/hr\\\/#organization\",\"name\":\"Spletna trgovina s slovensko posodo - EMO ETT\",\"url\":\"https:\\\/\\\/emo-shop.com\\\/hr\\\/\",\"logo\":{\"@type\":\"ImageObject\",\"inLanguage\":\"hr\",\"@id\":\"https:\\\/\\\/emo-shop.com\\\/hr\\\/#\\\/schema\\\/logo\\\/image\\\/\",\"url\":\"https:\\\/\\\/emo-shop.com\\\/wp-content\\\/uploads\\\/2024\\\/07\\\/favicon.jpg\",\"contentUrl\":\"https:\\\/\\\/emo-shop.com\\\/wp-content\\\/uploads\\\/2024\\\/07\\\/favicon.jpg\",\"width\":512,\"height\":512,\"caption\":\"Spletna trgovina s slovensko posodo - EMO ETT\"},\"image\":{\"@id\":\"https:\\\/\\\/emo-shop.com\\\/hr\\\/#\\\/schema\\\/logo\\\/image\\\/\"},\"sameAs\":[\"https:\\\/\\\/www.facebook.com\\\/EMOSLOVENIA\"]}]}<\/script>\n<!-- \/ Yoast SEO plugin. -->","yoast_head_json":{"title":"LONAC ZA KUKURUZ ZA POPCORN U MIKROVALNOJ PE\u0106NICI - Spletna trgovina s slovensko posodo - EMO ETT","robots":{"index":"index","follow":"follow","max-snippet":"max-snippet:-1","max-image-preview":"max-image-preview:large","max-video-preview":"max-video-preview:-1"},"canonical":"https:\/\/emo-shop.com\/hr\/izdelki\/lonac-za-kukuruz-za-popcorn-u-mikrovalnoj-pecnici\/","og_locale":"hr_HR","og_type":"article","og_title":"LONAC ZA KUKURUZ ZA POPCORN U MIKROVALNOJ PE\u0106NICI - Spletna trgovina s slovensko posodo - EMO ETT","og_description":"Mikrovalna silikonska posuda za kokice","og_url":"https:\/\/emo-shop.com\/hr\/izdelki\/lonac-za-kukuruz-za-popcorn-u-mikrovalnoj-pecnici\/","og_site_name":"Spletna trgovina s slovensko posodo - EMO ETT","article_publisher":"https:\/\/www.facebook.com\/EMOSLOVENIA","og_image":[{"width":800,"height":600,"url":"https:\/\/emo-shop.com\/wp-content\/uploads\/2024\/07\/480-scaled.jpg","type":"image\/jpeg"}],"twitter_card":"summary_large_image","twitter_misc":{"Procijenjeno vrijeme \u010ditanja":"1 minuta"},"schema":{"@context":"https:\/\/schema.org","@graph":[{"@type":"WebPage","@id":"https:\/\/emo-shop.com\/hr\/izdelki\/lonac-za-kukuruz-za-popcorn-u-mikrovalnoj-pecnici\/","url":"https:\/\/emo-shop.com\/hr\/izdelki\/lonac-za-kukuruz-za-popcorn-u-mikrovalnoj-pecnici\/","name":"LONAC ZA KUKURUZ ZA POPCORN U MIKROVALNOJ PE\u0106NICI - Spletna trgovina s slovensko posodo - EMO ETT","isPartOf":{"@id":"https:\/\/emo-shop.com\/hr\/#website"},"primaryImageOfPage":{"@id":"https:\/\/emo-shop.com\/hr\/izdelki\/lonac-za-kukuruz-za-popcorn-u-mikrovalnoj-pecnici\/#primaryimage"},"image":{"@id":"https:\/\/emo-shop.com\/hr\/izdelki\/lonac-za-kukuruz-za-popcorn-u-mikrovalnoj-pecnici\/#primaryimage"},"thumbnailUrl":"https:\/\/emo-shop.com\/wp-content\/uploads\/2024\/07\/480-scaled.jpg","datePublished":"2024-07-30T10:26:33+00:00","breadcrumb":{"@id":"https:\/\/emo-shop.com\/hr\/izdelki\/lonac-za-kukuruz-za-popcorn-u-mikrovalnoj-pecnici\/#breadcrumb"},"inLanguage":"hr","potentialAction":[{"@type":"ReadAction","target":["https:\/\/emo-shop.com\/hr\/izdelki\/lonac-za-kukuruz-za-popcorn-u-mikrovalnoj-pecnici\/"]}]},{"@type":"ImageObject","inLanguage":"hr","@id":"https:\/\/emo-shop.com\/hr\/izdelki\/lonac-za-kukuruz-za-popcorn-u-mikrovalnoj-pecnici\/#primaryimage","url":"https:\/\/emo-shop.com\/wp-content\/uploads\/2024\/07\/480-scaled.jpg","contentUrl":"https:\/\/emo-shop.com\/wp-content\/uploads\/2024\/07\/480-scaled.jpg","width":800,"height":600},{"@type":"BreadcrumbList","@id":"https:\/\/emo-shop.com\/hr\/izdelki\/lonac-za-kukuruz-za-popcorn-u-mikrovalnoj-pecnici\/#breadcrumb","itemListElement":[{"@type":"ListItem","position":1,"name":"Home","item":"https:\/\/emo-shop.com\/hr\/"},{"@type":"ListItem","position":2,"name":"Trgovina","item":"https:\/\/emo-shop.com\/hr\/trgovina\/"},{"@type":"ListItem","position":3,"name":"LONAC ZA KUKURUZ ZA POPCORN U MIKROVALNOJ PE\u0106NICI"}]},{"@type":"WebSite","@id":"https:\/\/emo-shop.com\/hr\/#website","url":"https:\/\/emo-shop.com\/hr\/","name":"Spletna trgovina s slovensko posodo - EMO ETT","description":"Spletna trgovina","publisher":{"@id":"https:\/\/emo-shop.com\/hr\/#organization"},"potentialAction":[{"@type":"SearchAction","target":{"@type":"EntryPoint","urlTemplate":"https:\/\/emo-shop.com\/hr\/?s={search_term_string}"},"query-input":{"@type":"PropertyValueSpecification","valueRequired":true,"valueName":"search_term_string"}}],"inLanguage":"hr"},{"@type":"Organization","@id":"https:\/\/emo-shop.com\/hr\/#organization","name":"Spletna trgovina s slovensko posodo - EMO ETT","url":"https:\/\/emo-shop.com\/hr\/","logo":{"@type":"ImageObject","inLanguage":"hr","@id":"https:\/\/emo-shop.com\/hr\/#\/schema\/logo\/image\/","url":"https:\/\/emo-shop.com\/wp-content\/uploads\/2024\/07\/favicon.jpg","contentUrl":"https:\/\/emo-shop.com\/wp-content\/uploads\/2024\/07\/favicon.jpg","width":512,"height":512,"caption":"Spletna trgovina s slovensko posodo - EMO ETT"},"image":{"@id":"https:\/\/emo-shop.com\/hr\/#\/schema\/logo\/image\/"},"sameAs":["https:\/\/www.facebook.com\/EMOSLOVENIA"]}]}},"_links":{"self":[{"href":"https:\/\/emo-shop.com\/hr\/wp-json\/wp\/v2\/product\/34628","targetHints":{"allow":["GET"]}}],"collection":[{"href":"https:\/\/emo-shop.com\/hr\/wp-json\/wp\/v2\/product"}],"about":[{"href":"https:\/\/emo-shop.com\/hr\/wp-json\/wp\/v2\/types\/product"}],"replies":[{"embeddable":true,"href":"https:\/\/emo-shop.com\/hr\/wp-json\/wp\/v2\/comments?post=34628"}],"version-history":[{"count":0,"href":"https:\/\/emo-shop.com\/hr\/wp-json\/wp\/v2\/product\/34628\/revisions"}],"wp:featuredmedia":[{"embeddable":true,"href":"https:\/\/emo-shop.com\/hr\/wp-json\/wp\/v2\/media\/34629"}],"wp:attachment":[{"href":"https:\/\/emo-shop.com\/hr\/wp-json\/wp\/v2\/media?parent=34628"}],"wp:term":[{"taxonomy":"product_brand","embeddable":true,"href":"https:\/\/emo-shop.com\/hr\/wp-json\/wp\/v2\/product_brand?post=34628"},{"taxonomy":"product_cat","embeddable":true,"href":"https:\/\/emo-shop.com\/hr\/wp-json\/wp\/v2\/product_cat?post=34628"},{"taxonomy":"product_tag","embeddable":true,"href":"https:\/\/emo-shop.com\/hr\/wp-json\/wp\/v2\/product_tag?post=34628"}],"curies":[{"name":"wp","href":"https:\/\/api.w.org\/{rel}","templated":true}]}}