{"id":34592,"date":"2024-07-30T10:27:15","date_gmt":"2024-07-30T10:27:15","guid":{"rendered":"https:\/\/emo-shop.com\/izdelki\/set-pribora-za-jelo-24-1-monteray-solingen\/"},"modified":"2024-07-30T10:27:15","modified_gmt":"2024-07-30T10:27:15","slug":"set-pribora-za-jelo-24-1-monteray-solingen","status":"publish","type":"product","link":"https:\/\/emo-shop.com\/hr\/izdelki\/set-pribora-za-jelo-24-1-monteray-solingen\/","title":{"rendered":"Set pribora za jelo 24\/1 Monteray Solingen"},"content":{"rendered":"<p data-pm-slice=\"1 1 []\">Ovaj luksuzni set posu\u0111a od poliranog nehr\u0111aju\u0107eg \u010delika podi\u0107i \u0107e va\u0161e obroke na potpuno novu razinu. Set Solingen uklju\u010duje no\u017eeve, vilice, \u017elice za juhu i \u017eli\u010dice te sadr\u017ei ukupno 24 komada. Pranje posu\u0111a je brzo i jednostavno, \u0161to vam ostavlja vi\u0161e vremena za u\u017eivanje u obroku.<\/p>\n<p>\u00a0<\/p>\n<p>Set uklju\u010duje:<\/p>\n<p>24 komada pribora za jelo:<\/p>\n<p>6\u00d7 no\u017eeva za jelo<\/p>\n<p>6\u00d7 vilica<\/p>\n<p>6\u00d7 \u017elica za juhu<\/p>\n<p>6\u00d7 \u017eli\u010dica<\/p>\n","protected":false},"excerpt":{"rendered":"<p>Ovaj luksuzni set posu\u0111a od poliranog nehr\u0111aju\u0107eg \u010delika podi\u0107i \u0107e va\u0161e obroke na potpuno novu razinu. Set Solingen uklju\u010duje no\u017eeve,<\/p>\n","protected":false},"featured_media":34594,"comment_status":"open","ping_status":"closed","template":"","meta":[],"product_brand":[],"product_cat":[916],"product_tag":[1317,1318],"class_list":{"0":"post-34592","1":"product","2":"type-product","3":"status-publish","4":"has-post-thumbnail","6":"product_cat-kuhinjski-pribor","7":"product_tag-pribor-za-jelo-od-nehrdajuceg-celika","8":"product_tag-solingen-pribor-za-jelo","10":"first","11":"instock","12":"taxable","13":"shipping-taxable","14":"purchasable","15":"product-type-simple"},"yoast_head":"<!-- This site is optimized with the Yoast SEO plugin v27.4 - https:\/\/yoast.com\/product\/yoast-seo-wordpress\/ -->\n<title>Set pribora za jelo 24\/1 Monteray Solingen - Spletna trgovina s slovensko posodo - EMO ETT<\/title>\n<meta name=\"robots\" content=\"index, follow, max-snippet:-1, max-image-preview:large, max-video-preview:-1\" \/>\n<link rel=\"canonical\" href=\"https:\/\/emo-shop.com\/hr\/izdelki\/set-pribora-za-jelo-24-1-monteray-solingen\/\" \/>\n<meta property=\"og:locale\" content=\"hr_HR\" \/>\n<meta property=\"og:type\" content=\"article\" \/>\n<meta property=\"og:title\" content=\"Set pribora za jelo 24\/1 Monteray Solingen - Spletna trgovina s slovensko posodo - EMO ETT\" \/>\n<meta property=\"og:description\" content=\"Ovaj luksuzni set posu\u0111a od poliranog nehr\u0111aju\u0107eg \u010delika podi\u0107i \u0107e va\u0161e obroke na potpuno novu razinu. Set Solingen uklju\u010duje no\u017eeve,\" \/>\n<meta property=\"og:url\" content=\"https:\/\/emo-shop.com\/hr\/izdelki\/set-pribora-za-jelo-24-1-monteray-solingen\/\" \/>\n<meta property=\"og:site_name\" content=\"Spletna trgovina s slovensko posodo - EMO ETT\" \/>\n<meta property=\"article:publisher\" content=\"https:\/\/www.facebook.com\/EMOSLOVENIA\" \/>\n<meta property=\"og:image\" content=\"https:\/\/emo-shop.com\/wp-content\/uploads\/2024\/07\/1673-1.jpg\" \/>\n\t<meta property=\"og:image:width\" content=\"800\" \/>\n\t<meta property=\"og:image:height\" content=\"600\" \/>\n\t<meta property=\"og:image:type\" content=\"image\/jpeg\" \/>\n<meta name=\"twitter:card\" content=\"summary_large_image\" \/>\n<script type=\"application\/ld+json\" class=\"yoast-schema-graph\">{\"@context\":\"https:\\\/\\\/schema.org\",\"@graph\":[{\"@type\":\"WebPage\",\"@id\":\"https:\\\/\\\/emo-shop.com\\\/hr\\\/izdelki\\\/set-pribora-za-jelo-24-1-monteray-solingen\\\/\",\"url\":\"https:\\\/\\\/emo-shop.com\\\/hr\\\/izdelki\\\/set-pribora-za-jelo-24-1-monteray-solingen\\\/\",\"name\":\"Set pribora za jelo 24\\\/1 Monteray Solingen - Spletna trgovina s slovensko posodo - EMO ETT\",\"isPartOf\":{\"@id\":\"https:\\\/\\\/emo-shop.com\\\/hr\\\/#website\"},\"primaryImageOfPage\":{\"@id\":\"https:\\\/\\\/emo-shop.com\\\/hr\\\/izdelki\\\/set-pribora-za-jelo-24-1-monteray-solingen\\\/#primaryimage\"},\"image\":{\"@id\":\"https:\\\/\\\/emo-shop.com\\\/hr\\\/izdelki\\\/set-pribora-za-jelo-24-1-monteray-solingen\\\/#primaryimage\"},\"thumbnailUrl\":\"https:\\\/\\\/emo-shop.com\\\/wp-content\\\/uploads\\\/2024\\\/07\\\/1673-1.jpg\",\"datePublished\":\"2024-07-30T10:27:15+00:00\",\"breadcrumb\":{\"@id\":\"https:\\\/\\\/emo-shop.com\\\/hr\\\/izdelki\\\/set-pribora-za-jelo-24-1-monteray-solingen\\\/#breadcrumb\"},\"inLanguage\":\"hr\",\"potentialAction\":[{\"@type\":\"ReadAction\",\"target\":[\"https:\\\/\\\/emo-shop.com\\\/hr\\\/izdelki\\\/set-pribora-za-jelo-24-1-monteray-solingen\\\/\"]}]},{\"@type\":\"ImageObject\",\"inLanguage\":\"hr\",\"@id\":\"https:\\\/\\\/emo-shop.com\\\/hr\\\/izdelki\\\/set-pribora-za-jelo-24-1-monteray-solingen\\\/#primaryimage\",\"url\":\"https:\\\/\\\/emo-shop.com\\\/wp-content\\\/uploads\\\/2024\\\/07\\\/1673-1.jpg\",\"contentUrl\":\"https:\\\/\\\/emo-shop.com\\\/wp-content\\\/uploads\\\/2024\\\/07\\\/1673-1.jpg\",\"width\":800,\"height\":600},{\"@type\":\"BreadcrumbList\",\"@id\":\"https:\\\/\\\/emo-shop.com\\\/hr\\\/izdelki\\\/set-pribora-za-jelo-24-1-monteray-solingen\\\/#breadcrumb\",\"itemListElement\":[{\"@type\":\"ListItem\",\"position\":1,\"name\":\"Home\",\"item\":\"https:\\\/\\\/emo-shop.com\\\/hr\\\/\"},{\"@type\":\"ListItem\",\"position\":2,\"name\":\"Trgovina\",\"item\":\"https:\\\/\\\/emo-shop.com\\\/hr\\\/trgovina\\\/\"},{\"@type\":\"ListItem\",\"position\":3,\"name\":\"Set pribora za jelo 24\\\/1 Monteray Solingen\"}]},{\"@type\":\"WebSite\",\"@id\":\"https:\\\/\\\/emo-shop.com\\\/hr\\\/#website\",\"url\":\"https:\\\/\\\/emo-shop.com\\\/hr\\\/\",\"name\":\"Spletna trgovina s slovensko posodo - EMO ETT\",\"description\":\"Spletna trgovina\",\"publisher\":{\"@id\":\"https:\\\/\\\/emo-shop.com\\\/hr\\\/#organization\"},\"potentialAction\":[{\"@type\":\"SearchAction\",\"target\":{\"@type\":\"EntryPoint\",\"urlTemplate\":\"https:\\\/\\\/emo-shop.com\\\/hr\\\/?s={search_term_string}\"},\"query-input\":{\"@type\":\"PropertyValueSpecification\",\"valueRequired\":true,\"valueName\":\"search_term_string\"}}],\"inLanguage\":\"hr\"},{\"@type\":\"Organization\",\"@id\":\"https:\\\/\\\/emo-shop.com\\\/hr\\\/#organization\",\"name\":\"Spletna trgovina s slovensko posodo - EMO ETT\",\"url\":\"https:\\\/\\\/emo-shop.com\\\/hr\\\/\",\"logo\":{\"@type\":\"ImageObject\",\"inLanguage\":\"hr\",\"@id\":\"https:\\\/\\\/emo-shop.com\\\/hr\\\/#\\\/schema\\\/logo\\\/image\\\/\",\"url\":\"https:\\\/\\\/emo-shop.com\\\/wp-content\\\/uploads\\\/2024\\\/07\\\/favicon.jpg\",\"contentUrl\":\"https:\\\/\\\/emo-shop.com\\\/wp-content\\\/uploads\\\/2024\\\/07\\\/favicon.jpg\",\"width\":512,\"height\":512,\"caption\":\"Spletna trgovina s slovensko posodo - EMO ETT\"},\"image\":{\"@id\":\"https:\\\/\\\/emo-shop.com\\\/hr\\\/#\\\/schema\\\/logo\\\/image\\\/\"},\"sameAs\":[\"https:\\\/\\\/www.facebook.com\\\/EMOSLOVENIA\"]}]}<\/script>\n<!-- \/ Yoast SEO plugin. -->","yoast_head_json":{"title":"Set pribora za jelo 24\/1 Monteray Solingen - Spletna trgovina s slovensko posodo - EMO ETT","robots":{"index":"index","follow":"follow","max-snippet":"max-snippet:-1","max-image-preview":"max-image-preview:large","max-video-preview":"max-video-preview:-1"},"canonical":"https:\/\/emo-shop.com\/hr\/izdelki\/set-pribora-za-jelo-24-1-monteray-solingen\/","og_locale":"hr_HR","og_type":"article","og_title":"Set pribora za jelo 24\/1 Monteray Solingen - Spletna trgovina s slovensko posodo - EMO ETT","og_description":"Ovaj luksuzni set posu\u0111a od poliranog nehr\u0111aju\u0107eg \u010delika podi\u0107i \u0107e va\u0161e obroke na potpuno novu razinu. Set Solingen uklju\u010duje no\u017eeve,","og_url":"https:\/\/emo-shop.com\/hr\/izdelki\/set-pribora-za-jelo-24-1-monteray-solingen\/","og_site_name":"Spletna trgovina s slovensko posodo - EMO ETT","article_publisher":"https:\/\/www.facebook.com\/EMOSLOVENIA","og_image":[{"width":800,"height":600,"url":"https:\/\/emo-shop.com\/wp-content\/uploads\/2024\/07\/1673-1.jpg","type":"image\/jpeg"}],"twitter_card":"summary_large_image","schema":{"@context":"https:\/\/schema.org","@graph":[{"@type":"WebPage","@id":"https:\/\/emo-shop.com\/hr\/izdelki\/set-pribora-za-jelo-24-1-monteray-solingen\/","url":"https:\/\/emo-shop.com\/hr\/izdelki\/set-pribora-za-jelo-24-1-monteray-solingen\/","name":"Set pribora za jelo 24\/1 Monteray Solingen - Spletna trgovina s slovensko posodo - EMO ETT","isPartOf":{"@id":"https:\/\/emo-shop.com\/hr\/#website"},"primaryImageOfPage":{"@id":"https:\/\/emo-shop.com\/hr\/izdelki\/set-pribora-za-jelo-24-1-monteray-solingen\/#primaryimage"},"image":{"@id":"https:\/\/emo-shop.com\/hr\/izdelki\/set-pribora-za-jelo-24-1-monteray-solingen\/#primaryimage"},"thumbnailUrl":"https:\/\/emo-shop.com\/wp-content\/uploads\/2024\/07\/1673-1.jpg","datePublished":"2024-07-30T10:27:15+00:00","breadcrumb":{"@id":"https:\/\/emo-shop.com\/hr\/izdelki\/set-pribora-za-jelo-24-1-monteray-solingen\/#breadcrumb"},"inLanguage":"hr","potentialAction":[{"@type":"ReadAction","target":["https:\/\/emo-shop.com\/hr\/izdelki\/set-pribora-za-jelo-24-1-monteray-solingen\/"]}]},{"@type":"ImageObject","inLanguage":"hr","@id":"https:\/\/emo-shop.com\/hr\/izdelki\/set-pribora-za-jelo-24-1-monteray-solingen\/#primaryimage","url":"https:\/\/emo-shop.com\/wp-content\/uploads\/2024\/07\/1673-1.jpg","contentUrl":"https:\/\/emo-shop.com\/wp-content\/uploads\/2024\/07\/1673-1.jpg","width":800,"height":600},{"@type":"BreadcrumbList","@id":"https:\/\/emo-shop.com\/hr\/izdelki\/set-pribora-za-jelo-24-1-monteray-solingen\/#breadcrumb","itemListElement":[{"@type":"ListItem","position":1,"name":"Home","item":"https:\/\/emo-shop.com\/hr\/"},{"@type":"ListItem","position":2,"name":"Trgovina","item":"https:\/\/emo-shop.com\/hr\/trgovina\/"},{"@type":"ListItem","position":3,"name":"Set pribora za jelo 24\/1 Monteray Solingen"}]},{"@type":"WebSite","@id":"https:\/\/emo-shop.com\/hr\/#website","url":"https:\/\/emo-shop.com\/hr\/","name":"Spletna trgovina s slovensko posodo - EMO ETT","description":"Spletna trgovina","publisher":{"@id":"https:\/\/emo-shop.com\/hr\/#organization"},"potentialAction":[{"@type":"SearchAction","target":{"@type":"EntryPoint","urlTemplate":"https:\/\/emo-shop.com\/hr\/?s={search_term_string}"},"query-input":{"@type":"PropertyValueSpecification","valueRequired":true,"valueName":"search_term_string"}}],"inLanguage":"hr"},{"@type":"Organization","@id":"https:\/\/emo-shop.com\/hr\/#organization","name":"Spletna trgovina s slovensko posodo - EMO ETT","url":"https:\/\/emo-shop.com\/hr\/","logo":{"@type":"ImageObject","inLanguage":"hr","@id":"https:\/\/emo-shop.com\/hr\/#\/schema\/logo\/image\/","url":"https:\/\/emo-shop.com\/wp-content\/uploads\/2024\/07\/favicon.jpg","contentUrl":"https:\/\/emo-shop.com\/wp-content\/uploads\/2024\/07\/favicon.jpg","width":512,"height":512,"caption":"Spletna trgovina s slovensko posodo - EMO ETT"},"image":{"@id":"https:\/\/emo-shop.com\/hr\/#\/schema\/logo\/image\/"},"sameAs":["https:\/\/www.facebook.com\/EMOSLOVENIA"]}]}},"_links":{"self":[{"href":"https:\/\/emo-shop.com\/hr\/wp-json\/wp\/v2\/product\/34592","targetHints":{"allow":["GET"]}}],"collection":[{"href":"https:\/\/emo-shop.com\/hr\/wp-json\/wp\/v2\/product"}],"about":[{"href":"https:\/\/emo-shop.com\/hr\/wp-json\/wp\/v2\/types\/product"}],"replies":[{"embeddable":true,"href":"https:\/\/emo-shop.com\/hr\/wp-json\/wp\/v2\/comments?post=34592"}],"version-history":[{"count":0,"href":"https:\/\/emo-shop.com\/hr\/wp-json\/wp\/v2\/product\/34592\/revisions"}],"wp:featuredmedia":[{"embeddable":true,"href":"https:\/\/emo-shop.com\/hr\/wp-json\/wp\/v2\/media\/34594"}],"wp:attachment":[{"href":"https:\/\/emo-shop.com\/hr\/wp-json\/wp\/v2\/media?parent=34592"}],"wp:term":[{"taxonomy":"product_brand","embeddable":true,"href":"https:\/\/emo-shop.com\/hr\/wp-json\/wp\/v2\/product_brand?post=34592"},{"taxonomy":"product_cat","embeddable":true,"href":"https:\/\/emo-shop.com\/hr\/wp-json\/wp\/v2\/product_cat?post=34592"},{"taxonomy":"product_tag","embeddable":true,"href":"https:\/\/emo-shop.com\/hr\/wp-json\/wp\/v2\/product_tag?post=34592"}],"curies":[{"name":"wp","href":"https:\/\/api.w.org\/{rel}","templated":true}]}}