{"id":34571,"date":"2024-07-30T10:27:35","date_gmt":"2024-07-30T10:27:35","guid":{"rendered":"https:\/\/emo-shop.com\/izdelki\/vjecna-vaza\/"},"modified":"2024-07-30T10:27:35","modified_gmt":"2024-07-30T10:27:35","slug":"vjecna-vaza","status":"publish","type":"product","link":"https:\/\/emo-shop.com\/hr\/izdelki\/vjecna-vaza\/","title":{"rendered":"Vje\u010dna vaza"},"content":{"rendered":"<h2>Emajlirano posu\u0111e iz linije ETERNA, koje je te\u0161ko emajlirano posu\u0111e s dugom tradicijom i izvrsnim svojstvima kuhanja<\/h2>\n<p><strong>Tolerancija proizvodnje<\/strong><br \/>\n: Prilikom proizvodnje emajliranog posu\u0111a mogu se pojaviti neznatne razlike u debljini materijala (\u010delika) ili u nano\u0161enju emajla. Te neznatne razlike mogu uzrokovati varijacije u te\u017eini pojedinih lonaca, \u010dak i ako su istog tipa i dimenzija.<\/p>\n<table style=\"height: 181px;\" width=\"589\">\n<tbody>\n<tr>\n<td class=\"emptycell\" rowspan=\"2\"><\/td>\n<td style=\"text-align: center;\" colspan=\"5\"><strong>Zapremnina<\/strong><\/td>\n<\/tr>\n<tr>\n<td style=\"text-align: center;\"><b>3,7 L<\/b><\/td>\n<td style=\"text-align: center;\"><b>9 L<\/b><\/td>\n<td style=\"text-align: center;\"><strong>15<\/strong><\/td>\n<td style=\"text-align: center;\"><strong>20 L<\/strong><\/td>\n<td style=\"text-align: center;\"><strong>30 L<\/strong><\/td>\n<\/tr>\n<tr>\n<td>\u0160irina (cm)<\/td>\n<td style=\"text-align: center;\">18<\/td>\n<td style=\"text-align: center;\">24<\/td>\n<td style=\"text-align: center;\">28<\/td>\n<td style=\"text-align: center;\">32<\/td>\n<td style=\"text-align: center;\">36<\/td>\n<\/tr>\n<tr>\n<td>Visina (cm)<\/td>\n<td style=\"text-align: center;\">16<\/td>\n<td style=\"text-align: center;\">21<\/td>\n<td style=\"text-align: center;\">25<\/td>\n<td style=\"text-align: center;\">27<\/td>\n<td style=\"text-align: center;\">30<\/td>\n<\/tr>\n<tr>\n<td>Neto te\u017eina (kg)<\/td>\n<td style=\"text-align: center;\">1.7<\/td>\n<td style=\"text-align: center;\">3.1<\/td>\n<td style=\"text-align: center;\">4.25<\/td>\n<td style=\"text-align: center;\">5.19<\/td>\n<td style=\"text-align: center;\">7.3<\/td>\n<\/tr>\n<tr>\n<td>Boja<\/td>\n<td style=\"text-align: center;\" colspan=\"5\">crna \/ crna<\/td>\n<\/tr>\n<tr>\n<td>Materijal<\/td>\n<td style=\"text-align: center;\" colspan=\"5\">\u00a0\u010deli\u010dni lim oblo\u017een emajlom<\/td>\n<\/tr>\n<\/tbody>\n<\/table>\n<p>Eterna je te\u0161ki emajlirani lonac s dugom tradicijom i izvrsnim svojstvima kuhanja. Izra\u0111ena je od \u010deli\u010dnog lima debljine 2 mm i premazana visokokvalitetnim, crnim, kiselootpornim emajlom. To osigurava dug vijek trajanja i, \u0161to je najva\u017enije, sprje\u010dava lijepljenje hrane za dno tijekom du\u017eeg kuhanja. Eterna je kraljica kuhinje, pogodna za sve vrste kuhanja, uklju\u010duju\u0107i: pripremu d\u017eemova, pr\u017eenje, pe\u010denje, pe\u010denje u pe\u0107nici i sezonsko kuhanje. Asortiman ETERNA je vrlo \u0161irok i mo\u017eete birati izme\u0111u lonaca te visokokvalitetnih niskih i visokih tava.<\/p>\n","protected":false},"excerpt":{"rendered":"<p>Emajlirani lonac iz linije ETERNA, te\u0161ka emajlirana posu\u0111a za kuhanje s dugom tradicijom i izvrsnim svojstvima kuhanja.<\/p>\n","protected":false},"featured_media":34572,"comment_status":"open","ping_status":"closed","template":"","meta":[],"product_brand":[],"product_cat":[932,919],"product_tag":[862,1255,992,950,1257,957,965,1256,1254],"class_list":{"0":"post-34571","1":"product","2":"type-product","3":"status-publish","4":"has-post-thumbnail","6":"product_cat-eterna","7":"product_cat-lonci","8":"product_tag-bez-stetnih-premaza","9":"product_tag-emajlirani-dvostruki-lim","10":"product_tag-krumpirov-skrob","11":"product_tag-pogodno-za-alergicare-2","12":"product_tag-profesionalna-priprema-hrane","13":"product_tag-retro-kuhinjski-aparat","14":"product_tag-slovenski-pribor-za-jelo","15":"product_tag-trajna-kvaliteta-emo-celje","16":"product_tag-vjecna-kraljica-kuhinje","18":"first","19":"instock","20":"taxable","21":"shipping-taxable","22":"purchasable","23":"product-type-variable"},"yoast_head":"<!-- This site is optimized with the Yoast SEO plugin v27.4 - https:\/\/yoast.com\/product\/yoast-seo-wordpress\/ -->\n<title>Vje\u010dna vaza - Spletna trgovina s slovensko posodo - EMO ETT<\/title>\n<meta name=\"robots\" content=\"index, follow, max-snippet:-1, max-image-preview:large, max-video-preview:-1\" \/>\n<link rel=\"canonical\" href=\"https:\/\/emo-shop.com\/hr\/izdelki\/vjecna-vaza\/\" \/>\n<meta property=\"og:locale\" content=\"hr_HR\" \/>\n<meta property=\"og:type\" content=\"article\" \/>\n<meta property=\"og:title\" content=\"Vje\u010dna vaza - Spletna trgovina s slovensko posodo - EMO ETT\" \/>\n<meta property=\"og:description\" content=\"Emajlirani lonac iz linije ETERNA, te\u0161ka emajlirana posu\u0111a za kuhanje s dugom tradicijom i izvrsnim svojstvima kuhanja.\" \/>\n<meta property=\"og:url\" content=\"https:\/\/emo-shop.com\/hr\/izdelki\/vjecna-vaza\/\" \/>\n<meta property=\"og:site_name\" content=\"Spletna trgovina s slovensko posodo - EMO ETT\" \/>\n<meta property=\"article:publisher\" content=\"https:\/\/www.facebook.com\/EMOSLOVENIA\" \/>\n<meta property=\"og:image\" content=\"https:\/\/emo-shop.com\/wp-content\/uploads\/2024\/07\/336-scaled.jpg\" \/>\n\t<meta property=\"og:image:width\" content=\"800\" \/>\n\t<meta property=\"og:image:height\" content=\"600\" \/>\n\t<meta property=\"og:image:type\" content=\"image\/jpeg\" \/>\n<meta name=\"twitter:card\" content=\"summary_large_image\" \/>\n<meta name=\"twitter:label1\" content=\"Procijenjeno vrijeme \u010ditanja\" \/>\n\t<meta name=\"twitter:data1\" content=\"1 minuta\" \/>\n<script type=\"application\/ld+json\" class=\"yoast-schema-graph\">{\"@context\":\"https:\\\/\\\/schema.org\",\"@graph\":[{\"@type\":\"WebPage\",\"@id\":\"https:\\\/\\\/emo-shop.com\\\/hr\\\/izdelki\\\/vjecna-vaza\\\/\",\"url\":\"https:\\\/\\\/emo-shop.com\\\/hr\\\/izdelki\\\/vjecna-vaza\\\/\",\"name\":\"Vje\u010dna vaza - Spletna trgovina s slovensko posodo - EMO ETT\",\"isPartOf\":{\"@id\":\"https:\\\/\\\/emo-shop.com\\\/hr\\\/#website\"},\"primaryImageOfPage\":{\"@id\":\"https:\\\/\\\/emo-shop.com\\\/hr\\\/izdelki\\\/vjecna-vaza\\\/#primaryimage\"},\"image\":{\"@id\":\"https:\\\/\\\/emo-shop.com\\\/hr\\\/izdelki\\\/vjecna-vaza\\\/#primaryimage\"},\"thumbnailUrl\":\"https:\\\/\\\/emo-shop.com\\\/wp-content\\\/uploads\\\/2024\\\/07\\\/336-scaled.jpg\",\"datePublished\":\"2024-07-30T10:27:35+00:00\",\"breadcrumb\":{\"@id\":\"https:\\\/\\\/emo-shop.com\\\/hr\\\/izdelki\\\/vjecna-vaza\\\/#breadcrumb\"},\"inLanguage\":\"hr\",\"potentialAction\":[{\"@type\":\"ReadAction\",\"target\":[\"https:\\\/\\\/emo-shop.com\\\/hr\\\/izdelki\\\/vjecna-vaza\\\/\"]}]},{\"@type\":\"ImageObject\",\"inLanguage\":\"hr\",\"@id\":\"https:\\\/\\\/emo-shop.com\\\/hr\\\/izdelki\\\/vjecna-vaza\\\/#primaryimage\",\"url\":\"https:\\\/\\\/emo-shop.com\\\/wp-content\\\/uploads\\\/2024\\\/07\\\/336-scaled.jpg\",\"contentUrl\":\"https:\\\/\\\/emo-shop.com\\\/wp-content\\\/uploads\\\/2024\\\/07\\\/336-scaled.jpg\",\"width\":800,\"height\":600},{\"@type\":\"BreadcrumbList\",\"@id\":\"https:\\\/\\\/emo-shop.com\\\/hr\\\/izdelki\\\/vjecna-vaza\\\/#breadcrumb\",\"itemListElement\":[{\"@type\":\"ListItem\",\"position\":1,\"name\":\"Home\",\"item\":\"https:\\\/\\\/emo-shop.com\\\/hr\\\/\"},{\"@type\":\"ListItem\",\"position\":2,\"name\":\"Trgovina\",\"item\":\"https:\\\/\\\/emo-shop.com\\\/hr\\\/trgovina\\\/\"},{\"@type\":\"ListItem\",\"position\":3,\"name\":\"Vje\u010dna vaza\"}]},{\"@type\":\"WebSite\",\"@id\":\"https:\\\/\\\/emo-shop.com\\\/hr\\\/#website\",\"url\":\"https:\\\/\\\/emo-shop.com\\\/hr\\\/\",\"name\":\"Spletna trgovina s slovensko posodo - EMO ETT\",\"description\":\"Spletna trgovina\",\"publisher\":{\"@id\":\"https:\\\/\\\/emo-shop.com\\\/hr\\\/#organization\"},\"potentialAction\":[{\"@type\":\"SearchAction\",\"target\":{\"@type\":\"EntryPoint\",\"urlTemplate\":\"https:\\\/\\\/emo-shop.com\\\/hr\\\/?s={search_term_string}\"},\"query-input\":{\"@type\":\"PropertyValueSpecification\",\"valueRequired\":true,\"valueName\":\"search_term_string\"}}],\"inLanguage\":\"hr\"},{\"@type\":\"Organization\",\"@id\":\"https:\\\/\\\/emo-shop.com\\\/hr\\\/#organization\",\"name\":\"Spletna trgovina s slovensko posodo - EMO ETT\",\"url\":\"https:\\\/\\\/emo-shop.com\\\/hr\\\/\",\"logo\":{\"@type\":\"ImageObject\",\"inLanguage\":\"hr\",\"@id\":\"https:\\\/\\\/emo-shop.com\\\/hr\\\/#\\\/schema\\\/logo\\\/image\\\/\",\"url\":\"https:\\\/\\\/emo-shop.com\\\/wp-content\\\/uploads\\\/2024\\\/07\\\/favicon.jpg\",\"contentUrl\":\"https:\\\/\\\/emo-shop.com\\\/wp-content\\\/uploads\\\/2024\\\/07\\\/favicon.jpg\",\"width\":512,\"height\":512,\"caption\":\"Spletna trgovina s slovensko posodo - EMO ETT\"},\"image\":{\"@id\":\"https:\\\/\\\/emo-shop.com\\\/hr\\\/#\\\/schema\\\/logo\\\/image\\\/\"},\"sameAs\":[\"https:\\\/\\\/www.facebook.com\\\/EMOSLOVENIA\"]}]}<\/script>\n<!-- \/ Yoast SEO plugin. -->","yoast_head_json":{"title":"Vje\u010dna vaza - Spletna trgovina s slovensko posodo - EMO ETT","robots":{"index":"index","follow":"follow","max-snippet":"max-snippet:-1","max-image-preview":"max-image-preview:large","max-video-preview":"max-video-preview:-1"},"canonical":"https:\/\/emo-shop.com\/hr\/izdelki\/vjecna-vaza\/","og_locale":"hr_HR","og_type":"article","og_title":"Vje\u010dna vaza - Spletna trgovina s slovensko posodo - EMO ETT","og_description":"Emajlirani lonac iz linije ETERNA, te\u0161ka emajlirana posu\u0111a za kuhanje s dugom tradicijom i izvrsnim svojstvima kuhanja.","og_url":"https:\/\/emo-shop.com\/hr\/izdelki\/vjecna-vaza\/","og_site_name":"Spletna trgovina s slovensko posodo - EMO ETT","article_publisher":"https:\/\/www.facebook.com\/EMOSLOVENIA","og_image":[{"width":800,"height":600,"url":"https:\/\/emo-shop.com\/wp-content\/uploads\/2024\/07\/336-scaled.jpg","type":"image\/jpeg"}],"twitter_card":"summary_large_image","twitter_misc":{"Procijenjeno vrijeme \u010ditanja":"1 minuta"},"schema":{"@context":"https:\/\/schema.org","@graph":[{"@type":"WebPage","@id":"https:\/\/emo-shop.com\/hr\/izdelki\/vjecna-vaza\/","url":"https:\/\/emo-shop.com\/hr\/izdelki\/vjecna-vaza\/","name":"Vje\u010dna vaza - Spletna trgovina s slovensko posodo - EMO ETT","isPartOf":{"@id":"https:\/\/emo-shop.com\/hr\/#website"},"primaryImageOfPage":{"@id":"https:\/\/emo-shop.com\/hr\/izdelki\/vjecna-vaza\/#primaryimage"},"image":{"@id":"https:\/\/emo-shop.com\/hr\/izdelki\/vjecna-vaza\/#primaryimage"},"thumbnailUrl":"https:\/\/emo-shop.com\/wp-content\/uploads\/2024\/07\/336-scaled.jpg","datePublished":"2024-07-30T10:27:35+00:00","breadcrumb":{"@id":"https:\/\/emo-shop.com\/hr\/izdelki\/vjecna-vaza\/#breadcrumb"},"inLanguage":"hr","potentialAction":[{"@type":"ReadAction","target":["https:\/\/emo-shop.com\/hr\/izdelki\/vjecna-vaza\/"]}]},{"@type":"ImageObject","inLanguage":"hr","@id":"https:\/\/emo-shop.com\/hr\/izdelki\/vjecna-vaza\/#primaryimage","url":"https:\/\/emo-shop.com\/wp-content\/uploads\/2024\/07\/336-scaled.jpg","contentUrl":"https:\/\/emo-shop.com\/wp-content\/uploads\/2024\/07\/336-scaled.jpg","width":800,"height":600},{"@type":"BreadcrumbList","@id":"https:\/\/emo-shop.com\/hr\/izdelki\/vjecna-vaza\/#breadcrumb","itemListElement":[{"@type":"ListItem","position":1,"name":"Home","item":"https:\/\/emo-shop.com\/hr\/"},{"@type":"ListItem","position":2,"name":"Trgovina","item":"https:\/\/emo-shop.com\/hr\/trgovina\/"},{"@type":"ListItem","position":3,"name":"Vje\u010dna vaza"}]},{"@type":"WebSite","@id":"https:\/\/emo-shop.com\/hr\/#website","url":"https:\/\/emo-shop.com\/hr\/","name":"Spletna trgovina s slovensko posodo - EMO ETT","description":"Spletna trgovina","publisher":{"@id":"https:\/\/emo-shop.com\/hr\/#organization"},"potentialAction":[{"@type":"SearchAction","target":{"@type":"EntryPoint","urlTemplate":"https:\/\/emo-shop.com\/hr\/?s={search_term_string}"},"query-input":{"@type":"PropertyValueSpecification","valueRequired":true,"valueName":"search_term_string"}}],"inLanguage":"hr"},{"@type":"Organization","@id":"https:\/\/emo-shop.com\/hr\/#organization","name":"Spletna trgovina s slovensko posodo - EMO ETT","url":"https:\/\/emo-shop.com\/hr\/","logo":{"@type":"ImageObject","inLanguage":"hr","@id":"https:\/\/emo-shop.com\/hr\/#\/schema\/logo\/image\/","url":"https:\/\/emo-shop.com\/wp-content\/uploads\/2024\/07\/favicon.jpg","contentUrl":"https:\/\/emo-shop.com\/wp-content\/uploads\/2024\/07\/favicon.jpg","width":512,"height":512,"caption":"Spletna trgovina s slovensko posodo - EMO ETT"},"image":{"@id":"https:\/\/emo-shop.com\/hr\/#\/schema\/logo\/image\/"},"sameAs":["https:\/\/www.facebook.com\/EMOSLOVENIA"]}]}},"_links":{"self":[{"href":"https:\/\/emo-shop.com\/hr\/wp-json\/wp\/v2\/product\/34571","targetHints":{"allow":["GET"]}}],"collection":[{"href":"https:\/\/emo-shop.com\/hr\/wp-json\/wp\/v2\/product"}],"about":[{"href":"https:\/\/emo-shop.com\/hr\/wp-json\/wp\/v2\/types\/product"}],"replies":[{"embeddable":true,"href":"https:\/\/emo-shop.com\/hr\/wp-json\/wp\/v2\/comments?post=34571"}],"version-history":[{"count":0,"href":"https:\/\/emo-shop.com\/hr\/wp-json\/wp\/v2\/product\/34571\/revisions"}],"wp:featuredmedia":[{"embeddable":true,"href":"https:\/\/emo-shop.com\/hr\/wp-json\/wp\/v2\/media\/34572"}],"wp:attachment":[{"href":"https:\/\/emo-shop.com\/hr\/wp-json\/wp\/v2\/media?parent=34571"}],"wp:term":[{"taxonomy":"product_brand","embeddable":true,"href":"https:\/\/emo-shop.com\/hr\/wp-json\/wp\/v2\/product_brand?post=34571"},{"taxonomy":"product_cat","embeddable":true,"href":"https:\/\/emo-shop.com\/hr\/wp-json\/wp\/v2\/product_cat?post=34571"},{"taxonomy":"product_tag","embeddable":true,"href":"https:\/\/emo-shop.com\/hr\/wp-json\/wp\/v2\/product_tag?post=34571"}],"curies":[{"name":"wp","href":"https:\/\/api.w.org\/{rel}","templated":true}]}}