{"id":34484,"date":"2024-07-30T10:28:28","date_gmt":"2024-07-30T10:28:28","guid":{"rendered":"https:\/\/emo-shop.com\/izdelki\/bez-lonac-037-l-najbolja-baka\/"},"modified":"2024-07-30T10:28:28","modified_gmt":"2024-07-30T10:28:28","slug":"bez-lonac-037-l-najbolja-baka","status":"publish","type":"product","link":"https:\/\/emo-shop.com\/hr\/izdelki\/bez-lonac-037-l-najbolja-baka\/","title":{"rendered":"Be\u017e lonac 0,37 l &quot;Najbolja baka&quot;"},"content":{"rendered":"<ul>\n<li>Te\u017eina: 0,14 kg<\/li>\n<li>Dimenzije: 8,0 x 7,0 cm<\/li>\n<\/ul>\n<p>Podr\u017eavamo mlade umjetnike, zbog \u010dega smo odlu\u010dili sura\u0111ivati s na\u0161om mladom, talentiranom ilustratoricom Neom Likar.<\/p>\n<p>Nea Likar je ilustratorica, grafi\u010dka dizajnerica i viza\u017eistica. Njezin veliki izazov i \u017eelja je uklju\u010diti ilustraciju u razli\u010dite medije i pretvoriti umjetnost u dio na\u0161eg svakodnevnog \u017eivota. Motivi koje je dizajnirala za EMO temelje se na onome \u0161to bi i sama voljela vidjeti na \u0161alicama i \u0161to mo\u017ee uljep\u0161ati one nekoliko minuta u danu kada odvojimo vrijeme za sebe i svoje najmilije.<\/p>\n<p>PREKRASNE i JEDINSTVENE emajlirane \u0161alice pogodne za sve vrste kuhala, uklju\u010duju\u0107i INDUKCIJSKA, te su sigurne za pranje u perilici posu\u0111a.<\/p>\n<p>Sjajna ideja za poklon. Poklonite svojim voljenima ne\u0161to \u010darobno i jedinstveno.<\/p>\n<p>* Dostupno samo u ograni\u010denim koli\u010dinama.<\/p>\n<p>Jeste li znali? EMO POSU\u0110A ZA KU\u0106ANSTVO I KATERI\u0106ING je:<\/p>\n<p>zdrava posu\u0111a od porculana<br \/>\npogodna za sve vrste kuhala, uklju\u010duju\u0107i indukciju<br \/>\npogodna za osobe s alergijama jer ne sadr\u017ei nikl<br \/>\n100 % higijensko, jednostavno za odr\u017eavanje<br \/>\nbez \u0161tetnih premaza, stoga se tijekom zagrijavanja ne otpu\u0161taju \u0161tetne tvari<br \/>\nSLOVENSKI PROIZVOD \u2013 emajlirani posu\u0111e iz slovenske tvornice<\/p>\n","protected":false},"excerpt":{"rendered":"<p>Te\u017eina: 0,14 kg Dimenzije: 8,0 x 7,0 cm Podr\u017eavamo mlade umjetnike, zbog \u010dega smo odlu\u010dili sura\u0111ivati s na\u0161om mladom, talentiranom<\/p>\n","protected":false},"featured_media":34485,"comment_status":"open","ping_status":"closed","template":"","meta":[],"product_brand":[],"product_cat":[807],"product_tag":[1249,1248,1271,1247,1244,1242,1250,1243,1245,1246,892],"class_list":{"0":"post-34484","1":"product","2":"type-product","3":"status-publish","4":"has-post-thumbnail","6":"product_cat-loncici","7":"product_tag-izgled-rucne-izrade","8":"product_tag-kuhinjski-dekor","9":"product_tag-poklon-za-baku","10":"product_tag-poklon-za-dom","11":"product_tag-poklon-za-prijatelja","12":"product_tag-porculanska-posuda","13":"product_tag-prakticna-posuda","14":"product_tag-praznicni-poklon","15":"product_tag-prirodna-kuhinja","16":"product_tag-rustikalna-keramika","17":"product_tag-slovenski-proizvod","19":"first","20":"instock","21":"taxable","22":"shipping-taxable","23":"purchasable","24":"product-type-simple"},"yoast_head":"<!-- This site is optimized with the Yoast SEO plugin v27.4 - https:\/\/yoast.com\/product\/yoast-seo-wordpress\/ -->\n<title>Be\u017e lonac 0,37 l &quot;Najbolja baka&quot; - Spletna trgovina s slovensko posodo - EMO ETT<\/title>\n<meta name=\"robots\" content=\"index, follow, max-snippet:-1, max-image-preview:large, max-video-preview:-1\" \/>\n<link rel=\"canonical\" href=\"https:\/\/emo-shop.com\/hr\/izdelki\/bez-lonac-037-l-najbolja-baka\/\" \/>\n<meta property=\"og:locale\" content=\"hr_HR\" \/>\n<meta property=\"og:type\" content=\"article\" \/>\n<meta property=\"og:title\" content=\"Be\u017e lonac 0,37 l &quot;Najbolja baka&quot; - Spletna trgovina s slovensko posodo - EMO ETT\" \/>\n<meta property=\"og:description\" content=\"Te\u017eina: 0,14 kg Dimenzije: 8,0 x 7,0 cm Podr\u017eavamo mlade umjetnike, zbog \u010dega smo odlu\u010dili sura\u0111ivati s na\u0161om mladom, talentiranom\" \/>\n<meta property=\"og:url\" content=\"https:\/\/emo-shop.com\/hr\/izdelki\/bez-lonac-037-l-najbolja-baka\/\" \/>\n<meta property=\"og:site_name\" content=\"Spletna trgovina s slovensko posodo - EMO ETT\" \/>\n<meta property=\"article:publisher\" content=\"https:\/\/www.facebook.com\/EMOSLOVENIA\" \/>\n<meta property=\"og:image\" content=\"https:\/\/emo-shop.com\/wp-content\/uploads\/2024\/07\/1867.jpg\" \/>\n\t<meta property=\"og:image:width\" content=\"800\" \/>\n\t<meta property=\"og:image:height\" content=\"600\" \/>\n\t<meta property=\"og:image:type\" content=\"image\/jpeg\" \/>\n<meta name=\"twitter:card\" content=\"summary_large_image\" \/>\n<meta name=\"twitter:label1\" content=\"Procijenjeno vrijeme \u010ditanja\" \/>\n\t<meta name=\"twitter:data1\" content=\"1 minuta\" \/>\n<script type=\"application\/ld+json\" class=\"yoast-schema-graph\">{\"@context\":\"https:\\\/\\\/schema.org\",\"@graph\":[{\"@type\":\"WebPage\",\"@id\":\"https:\\\/\\\/emo-shop.com\\\/hr\\\/izdelki\\\/bez-lonac-037-l-najbolja-baka\\\/\",\"url\":\"https:\\\/\\\/emo-shop.com\\\/hr\\\/izdelki\\\/bez-lonac-037-l-najbolja-baka\\\/\",\"name\":\"Be\u017e lonac 0,37 l &quot;Najbolja baka&quot; - Spletna trgovina s slovensko posodo - EMO ETT\",\"isPartOf\":{\"@id\":\"https:\\\/\\\/emo-shop.com\\\/hr\\\/#website\"},\"primaryImageOfPage\":{\"@id\":\"https:\\\/\\\/emo-shop.com\\\/hr\\\/izdelki\\\/bez-lonac-037-l-najbolja-baka\\\/#primaryimage\"},\"image\":{\"@id\":\"https:\\\/\\\/emo-shop.com\\\/hr\\\/izdelki\\\/bez-lonac-037-l-najbolja-baka\\\/#primaryimage\"},\"thumbnailUrl\":\"https:\\\/\\\/emo-shop.com\\\/wp-content\\\/uploads\\\/2024\\\/07\\\/1867.jpg\",\"datePublished\":\"2024-07-30T10:28:28+00:00\",\"breadcrumb\":{\"@id\":\"https:\\\/\\\/emo-shop.com\\\/hr\\\/izdelki\\\/bez-lonac-037-l-najbolja-baka\\\/#breadcrumb\"},\"inLanguage\":\"hr\",\"potentialAction\":[{\"@type\":\"ReadAction\",\"target\":[\"https:\\\/\\\/emo-shop.com\\\/hr\\\/izdelki\\\/bez-lonac-037-l-najbolja-baka\\\/\"]}]},{\"@type\":\"ImageObject\",\"inLanguage\":\"hr\",\"@id\":\"https:\\\/\\\/emo-shop.com\\\/hr\\\/izdelki\\\/bez-lonac-037-l-najbolja-baka\\\/#primaryimage\",\"url\":\"https:\\\/\\\/emo-shop.com\\\/wp-content\\\/uploads\\\/2024\\\/07\\\/1867.jpg\",\"contentUrl\":\"https:\\\/\\\/emo-shop.com\\\/wp-content\\\/uploads\\\/2024\\\/07\\\/1867.jpg\",\"width\":800,\"height\":600},{\"@type\":\"BreadcrumbList\",\"@id\":\"https:\\\/\\\/emo-shop.com\\\/hr\\\/izdelki\\\/bez-lonac-037-l-najbolja-baka\\\/#breadcrumb\",\"itemListElement\":[{\"@type\":\"ListItem\",\"position\":1,\"name\":\"Home\",\"item\":\"https:\\\/\\\/emo-shop.com\\\/hr\\\/\"},{\"@type\":\"ListItem\",\"position\":2,\"name\":\"Trgovina\",\"item\":\"https:\\\/\\\/emo-shop.com\\\/hr\\\/trgovina\\\/\"},{\"@type\":\"ListItem\",\"position\":3,\"name\":\"Be\u017e lonac 0,37 l &quot;Najbolja baka&quot;\"}]},{\"@type\":\"WebSite\",\"@id\":\"https:\\\/\\\/emo-shop.com\\\/hr\\\/#website\",\"url\":\"https:\\\/\\\/emo-shop.com\\\/hr\\\/\",\"name\":\"Spletna trgovina s slovensko posodo - EMO ETT\",\"description\":\"Spletna trgovina\",\"publisher\":{\"@id\":\"https:\\\/\\\/emo-shop.com\\\/hr\\\/#organization\"},\"potentialAction\":[{\"@type\":\"SearchAction\",\"target\":{\"@type\":\"EntryPoint\",\"urlTemplate\":\"https:\\\/\\\/emo-shop.com\\\/hr\\\/?s={search_term_string}\"},\"query-input\":{\"@type\":\"PropertyValueSpecification\",\"valueRequired\":true,\"valueName\":\"search_term_string\"}}],\"inLanguage\":\"hr\"},{\"@type\":\"Organization\",\"@id\":\"https:\\\/\\\/emo-shop.com\\\/hr\\\/#organization\",\"name\":\"Spletna trgovina s slovensko posodo - EMO ETT\",\"url\":\"https:\\\/\\\/emo-shop.com\\\/hr\\\/\",\"logo\":{\"@type\":\"ImageObject\",\"inLanguage\":\"hr\",\"@id\":\"https:\\\/\\\/emo-shop.com\\\/hr\\\/#\\\/schema\\\/logo\\\/image\\\/\",\"url\":\"https:\\\/\\\/emo-shop.com\\\/wp-content\\\/uploads\\\/2024\\\/07\\\/favicon.jpg\",\"contentUrl\":\"https:\\\/\\\/emo-shop.com\\\/wp-content\\\/uploads\\\/2024\\\/07\\\/favicon.jpg\",\"width\":512,\"height\":512,\"caption\":\"Spletna trgovina s slovensko posodo - EMO ETT\"},\"image\":{\"@id\":\"https:\\\/\\\/emo-shop.com\\\/hr\\\/#\\\/schema\\\/logo\\\/image\\\/\"},\"sameAs\":[\"https:\\\/\\\/www.facebook.com\\\/EMOSLOVENIA\"]}]}<\/script>\n<!-- \/ Yoast SEO plugin. -->","yoast_head_json":{"title":"Be\u017e lonac 0,37 l &quot;Najbolja baka&quot; - Spletna trgovina s slovensko posodo - EMO ETT","robots":{"index":"index","follow":"follow","max-snippet":"max-snippet:-1","max-image-preview":"max-image-preview:large","max-video-preview":"max-video-preview:-1"},"canonical":"https:\/\/emo-shop.com\/hr\/izdelki\/bez-lonac-037-l-najbolja-baka\/","og_locale":"hr_HR","og_type":"article","og_title":"Be\u017e lonac 0,37 l &quot;Najbolja baka&quot; - Spletna trgovina s slovensko posodo - EMO ETT","og_description":"Te\u017eina: 0,14 kg Dimenzije: 8,0 x 7,0 cm Podr\u017eavamo mlade umjetnike, zbog \u010dega smo odlu\u010dili sura\u0111ivati s na\u0161om mladom, talentiranom","og_url":"https:\/\/emo-shop.com\/hr\/izdelki\/bez-lonac-037-l-najbolja-baka\/","og_site_name":"Spletna trgovina s slovensko posodo - EMO ETT","article_publisher":"https:\/\/www.facebook.com\/EMOSLOVENIA","og_image":[{"width":800,"height":600,"url":"https:\/\/emo-shop.com\/wp-content\/uploads\/2024\/07\/1867.jpg","type":"image\/jpeg"}],"twitter_card":"summary_large_image","twitter_misc":{"Procijenjeno vrijeme \u010ditanja":"1 minuta"},"schema":{"@context":"https:\/\/schema.org","@graph":[{"@type":"WebPage","@id":"https:\/\/emo-shop.com\/hr\/izdelki\/bez-lonac-037-l-najbolja-baka\/","url":"https:\/\/emo-shop.com\/hr\/izdelki\/bez-lonac-037-l-najbolja-baka\/","name":"Be\u017e lonac 0,37 l &quot;Najbolja baka&quot; - Spletna trgovina s slovensko posodo - EMO ETT","isPartOf":{"@id":"https:\/\/emo-shop.com\/hr\/#website"},"primaryImageOfPage":{"@id":"https:\/\/emo-shop.com\/hr\/izdelki\/bez-lonac-037-l-najbolja-baka\/#primaryimage"},"image":{"@id":"https:\/\/emo-shop.com\/hr\/izdelki\/bez-lonac-037-l-najbolja-baka\/#primaryimage"},"thumbnailUrl":"https:\/\/emo-shop.com\/wp-content\/uploads\/2024\/07\/1867.jpg","datePublished":"2024-07-30T10:28:28+00:00","breadcrumb":{"@id":"https:\/\/emo-shop.com\/hr\/izdelki\/bez-lonac-037-l-najbolja-baka\/#breadcrumb"},"inLanguage":"hr","potentialAction":[{"@type":"ReadAction","target":["https:\/\/emo-shop.com\/hr\/izdelki\/bez-lonac-037-l-najbolja-baka\/"]}]},{"@type":"ImageObject","inLanguage":"hr","@id":"https:\/\/emo-shop.com\/hr\/izdelki\/bez-lonac-037-l-najbolja-baka\/#primaryimage","url":"https:\/\/emo-shop.com\/wp-content\/uploads\/2024\/07\/1867.jpg","contentUrl":"https:\/\/emo-shop.com\/wp-content\/uploads\/2024\/07\/1867.jpg","width":800,"height":600},{"@type":"BreadcrumbList","@id":"https:\/\/emo-shop.com\/hr\/izdelki\/bez-lonac-037-l-najbolja-baka\/#breadcrumb","itemListElement":[{"@type":"ListItem","position":1,"name":"Home","item":"https:\/\/emo-shop.com\/hr\/"},{"@type":"ListItem","position":2,"name":"Trgovina","item":"https:\/\/emo-shop.com\/hr\/trgovina\/"},{"@type":"ListItem","position":3,"name":"Be\u017e lonac 0,37 l &quot;Najbolja baka&quot;"}]},{"@type":"WebSite","@id":"https:\/\/emo-shop.com\/hr\/#website","url":"https:\/\/emo-shop.com\/hr\/","name":"Spletna trgovina s slovensko posodo - EMO ETT","description":"Spletna trgovina","publisher":{"@id":"https:\/\/emo-shop.com\/hr\/#organization"},"potentialAction":[{"@type":"SearchAction","target":{"@type":"EntryPoint","urlTemplate":"https:\/\/emo-shop.com\/hr\/?s={search_term_string}"},"query-input":{"@type":"PropertyValueSpecification","valueRequired":true,"valueName":"search_term_string"}}],"inLanguage":"hr"},{"@type":"Organization","@id":"https:\/\/emo-shop.com\/hr\/#organization","name":"Spletna trgovina s slovensko posodo - EMO ETT","url":"https:\/\/emo-shop.com\/hr\/","logo":{"@type":"ImageObject","inLanguage":"hr","@id":"https:\/\/emo-shop.com\/hr\/#\/schema\/logo\/image\/","url":"https:\/\/emo-shop.com\/wp-content\/uploads\/2024\/07\/favicon.jpg","contentUrl":"https:\/\/emo-shop.com\/wp-content\/uploads\/2024\/07\/favicon.jpg","width":512,"height":512,"caption":"Spletna trgovina s slovensko posodo - EMO ETT"},"image":{"@id":"https:\/\/emo-shop.com\/hr\/#\/schema\/logo\/image\/"},"sameAs":["https:\/\/www.facebook.com\/EMOSLOVENIA"]}]}},"_links":{"self":[{"href":"https:\/\/emo-shop.com\/hr\/wp-json\/wp\/v2\/product\/34484","targetHints":{"allow":["GET"]}}],"collection":[{"href":"https:\/\/emo-shop.com\/hr\/wp-json\/wp\/v2\/product"}],"about":[{"href":"https:\/\/emo-shop.com\/hr\/wp-json\/wp\/v2\/types\/product"}],"replies":[{"embeddable":true,"href":"https:\/\/emo-shop.com\/hr\/wp-json\/wp\/v2\/comments?post=34484"}],"version-history":[{"count":0,"href":"https:\/\/emo-shop.com\/hr\/wp-json\/wp\/v2\/product\/34484\/revisions"}],"wp:featuredmedia":[{"embeddable":true,"href":"https:\/\/emo-shop.com\/hr\/wp-json\/wp\/v2\/media\/34485"}],"wp:attachment":[{"href":"https:\/\/emo-shop.com\/hr\/wp-json\/wp\/v2\/media?parent=34484"}],"wp:term":[{"taxonomy":"product_brand","embeddable":true,"href":"https:\/\/emo-shop.com\/hr\/wp-json\/wp\/v2\/product_brand?post=34484"},{"taxonomy":"product_cat","embeddable":true,"href":"https:\/\/emo-shop.com\/hr\/wp-json\/wp\/v2\/product_cat?post=34484"},{"taxonomy":"product_tag","embeddable":true,"href":"https:\/\/emo-shop.com\/hr\/wp-json\/wp\/v2\/product_tag?post=34484"}],"curies":[{"name":"wp","href":"https:\/\/api.w.org\/{rel}","templated":true}]}}