{"id":34388,"date":"2024-07-30T10:29:16","date_gmt":"2024-07-30T10:29:16","guid":{"rendered":"https:\/\/emo-shop.com\/izdelki\/set-pribora-za-jelo-24-1-monteray-solingen-zlatne-boje\/"},"modified":"2024-07-30T10:29:16","modified_gmt":"2024-07-30T10:29:16","slug":"set-pribora-za-jelo-24-1-monteray-solingen-zlatne-boje","status":"publish","type":"product","link":"https:\/\/emo-shop.com\/hr\/izdelki\/set-pribora-za-jelo-24-1-monteray-solingen-zlatne-boje\/","title":{"rendered":"Set pribora za jelo 24\/1 Monteray Solingen zlatne boje"},"content":{"rendered":"<h3>Monterey pribor za jelo<\/h3>\n<p>Set pribora za jelo Monterey s PVD oblogom u boji dizajniran je s debljinom materijala od 4 mm, osiguravaju\u0107i visoku kvalitetu bez nepotrebne te\u017eine ili nespretnosti. Duga o\u0161trica no\u017ea i vilice odra\u017eavaju moderan dizajn, dok posebni oblik omogu\u0107uje udobno dr\u017eanje u ruci i izvrsnu ravnote\u017eu.<\/p>\n<p>Ovaj luksuzni set posu\u0111a od poliranog nehr\u0111aju\u0107eg \u010delika podi\u0107i \u0107e va\u0161e obroke na potpuno novu razinu. Set Solingen uklju\u010duje no\u017eeve, vilice, \u017elice za juhu i \u017eli\u010dice, ukupno 24 komada. Pranje posu\u0111a je brzo i jednostavno.<\/p>\n<p><strong>Set posu\u0111a uklju\u010duje:<\/strong><\/p>\n<ul>\n<li>6\u00d7 no\u017eeva za jelo (232 mm)<\/li>\n<li>6\u00d7 vilica (204 mm)<\/li>\n<li>6\u00d7 ju\u0161nih \u017elica (207 mm)<\/li>\n<li>6\u00d7 \u017eli\u010dica (145 mm)<\/li>\n<\/ul>\n","protected":false},"excerpt":{"rendered":"<h4><strong>SOLINGEN MONTERAY 24\/1 ZLATNA BOJA<br \/>\n<\/strong><\/h4>\n","protected":false},"featured_media":34390,"comment_status":"open","ping_status":"closed","template":"","meta":[],"product_brand":[],"product_cat":[916],"product_tag":[1070,1069,1068],"class_list":{"0":"post-34388","1":"product","2":"type-product","3":"status-publish","4":"has-post-thumbnail","6":"product_cat-kuhinjski-pribor","7":"product_tag-boja-zlica-i-vilica","8":"product_tag-pribor-za-jelo","9":"product_tag-solingen","11":"first","12":"instock","13":"taxable","14":"shipping-taxable","15":"purchasable","16":"product-type-simple"},"yoast_head":"<!-- This site is optimized with the Yoast SEO plugin v27.4 - https:\/\/yoast.com\/product\/yoast-seo-wordpress\/ -->\n<title>Set pribora za jelo 24\/1 Monteray Solingen zlatne boje - Spletna trgovina s slovensko posodo - EMO ETT<\/title>\n<meta name=\"robots\" content=\"index, follow, max-snippet:-1, max-image-preview:large, max-video-preview:-1\" \/>\n<link rel=\"canonical\" href=\"https:\/\/emo-shop.com\/hr\/izdelki\/set-pribora-za-jelo-24-1-monteray-solingen-zlatne-boje\/\" \/>\n<meta property=\"og:locale\" content=\"hr_HR\" \/>\n<meta property=\"og:type\" content=\"article\" \/>\n<meta property=\"og:title\" content=\"Set pribora za jelo 24\/1 Monteray Solingen zlatne boje - Spletna trgovina s slovensko posodo - EMO ETT\" \/>\n<meta property=\"og:description\" content=\"SOLINGEN MONTERAY 24\/1 ZLATNA BOJA\" \/>\n<meta property=\"og:url\" content=\"https:\/\/emo-shop.com\/hr\/izdelki\/set-pribora-za-jelo-24-1-monteray-solingen-zlatne-boje\/\" \/>\n<meta property=\"og:site_name\" content=\"Spletna trgovina s slovensko posodo - EMO ETT\" \/>\n<meta property=\"article:publisher\" content=\"https:\/\/www.facebook.com\/EMOSLOVENIA\" \/>\n<meta property=\"og:image\" content=\"https:\/\/emo-shop.com\/wp-content\/uploads\/2024\/07\/1818-1.jpg\" \/>\n\t<meta property=\"og:image:width\" content=\"800\" \/>\n\t<meta property=\"og:image:height\" content=\"600\" \/>\n\t<meta property=\"og:image:type\" content=\"image\/jpeg\" \/>\n<meta name=\"twitter:card\" content=\"summary_large_image\" \/>\n<meta name=\"twitter:label1\" content=\"Procijenjeno vrijeme \u010ditanja\" \/>\n\t<meta name=\"twitter:data1\" content=\"1 minuta\" \/>\n<script type=\"application\/ld+json\" class=\"yoast-schema-graph\">{\"@context\":\"https:\\\/\\\/schema.org\",\"@graph\":[{\"@type\":\"WebPage\",\"@id\":\"https:\\\/\\\/emo-shop.com\\\/hr\\\/izdelki\\\/set-pribora-za-jelo-24-1-monteray-solingen-zlatne-boje\\\/\",\"url\":\"https:\\\/\\\/emo-shop.com\\\/hr\\\/izdelki\\\/set-pribora-za-jelo-24-1-monteray-solingen-zlatne-boje\\\/\",\"name\":\"Set pribora za jelo 24\\\/1 Monteray Solingen zlatne boje - Spletna trgovina s slovensko posodo - EMO ETT\",\"isPartOf\":{\"@id\":\"https:\\\/\\\/emo-shop.com\\\/hr\\\/#website\"},\"primaryImageOfPage\":{\"@id\":\"https:\\\/\\\/emo-shop.com\\\/hr\\\/izdelki\\\/set-pribora-za-jelo-24-1-monteray-solingen-zlatne-boje\\\/#primaryimage\"},\"image\":{\"@id\":\"https:\\\/\\\/emo-shop.com\\\/hr\\\/izdelki\\\/set-pribora-za-jelo-24-1-monteray-solingen-zlatne-boje\\\/#primaryimage\"},\"thumbnailUrl\":\"https:\\\/\\\/emo-shop.com\\\/wp-content\\\/uploads\\\/2024\\\/07\\\/1818-1.jpg\",\"datePublished\":\"2024-07-30T10:29:16+00:00\",\"breadcrumb\":{\"@id\":\"https:\\\/\\\/emo-shop.com\\\/hr\\\/izdelki\\\/set-pribora-za-jelo-24-1-monteray-solingen-zlatne-boje\\\/#breadcrumb\"},\"inLanguage\":\"hr\",\"potentialAction\":[{\"@type\":\"ReadAction\",\"target\":[\"https:\\\/\\\/emo-shop.com\\\/hr\\\/izdelki\\\/set-pribora-za-jelo-24-1-monteray-solingen-zlatne-boje\\\/\"]}]},{\"@type\":\"ImageObject\",\"inLanguage\":\"hr\",\"@id\":\"https:\\\/\\\/emo-shop.com\\\/hr\\\/izdelki\\\/set-pribora-za-jelo-24-1-monteray-solingen-zlatne-boje\\\/#primaryimage\",\"url\":\"https:\\\/\\\/emo-shop.com\\\/wp-content\\\/uploads\\\/2024\\\/07\\\/1818-1.jpg\",\"contentUrl\":\"https:\\\/\\\/emo-shop.com\\\/wp-content\\\/uploads\\\/2024\\\/07\\\/1818-1.jpg\",\"width\":800,\"height\":600},{\"@type\":\"BreadcrumbList\",\"@id\":\"https:\\\/\\\/emo-shop.com\\\/hr\\\/izdelki\\\/set-pribora-za-jelo-24-1-monteray-solingen-zlatne-boje\\\/#breadcrumb\",\"itemListElement\":[{\"@type\":\"ListItem\",\"position\":1,\"name\":\"Home\",\"item\":\"https:\\\/\\\/emo-shop.com\\\/hr\\\/\"},{\"@type\":\"ListItem\",\"position\":2,\"name\":\"Trgovina\",\"item\":\"https:\\\/\\\/emo-shop.com\\\/hr\\\/trgovina\\\/\"},{\"@type\":\"ListItem\",\"position\":3,\"name\":\"Set pribora za jelo 24\\\/1 Monteray Solingen zlatne boje\"}]},{\"@type\":\"WebSite\",\"@id\":\"https:\\\/\\\/emo-shop.com\\\/hr\\\/#website\",\"url\":\"https:\\\/\\\/emo-shop.com\\\/hr\\\/\",\"name\":\"Spletna trgovina s slovensko posodo - EMO ETT\",\"description\":\"Spletna trgovina\",\"publisher\":{\"@id\":\"https:\\\/\\\/emo-shop.com\\\/hr\\\/#organization\"},\"potentialAction\":[{\"@type\":\"SearchAction\",\"target\":{\"@type\":\"EntryPoint\",\"urlTemplate\":\"https:\\\/\\\/emo-shop.com\\\/hr\\\/?s={search_term_string}\"},\"query-input\":{\"@type\":\"PropertyValueSpecification\",\"valueRequired\":true,\"valueName\":\"search_term_string\"}}],\"inLanguage\":\"hr\"},{\"@type\":\"Organization\",\"@id\":\"https:\\\/\\\/emo-shop.com\\\/hr\\\/#organization\",\"name\":\"Spletna trgovina s slovensko posodo - EMO ETT\",\"url\":\"https:\\\/\\\/emo-shop.com\\\/hr\\\/\",\"logo\":{\"@type\":\"ImageObject\",\"inLanguage\":\"hr\",\"@id\":\"https:\\\/\\\/emo-shop.com\\\/hr\\\/#\\\/schema\\\/logo\\\/image\\\/\",\"url\":\"https:\\\/\\\/emo-shop.com\\\/wp-content\\\/uploads\\\/2024\\\/07\\\/favicon.jpg\",\"contentUrl\":\"https:\\\/\\\/emo-shop.com\\\/wp-content\\\/uploads\\\/2024\\\/07\\\/favicon.jpg\",\"width\":512,\"height\":512,\"caption\":\"Spletna trgovina s slovensko posodo - EMO ETT\"},\"image\":{\"@id\":\"https:\\\/\\\/emo-shop.com\\\/hr\\\/#\\\/schema\\\/logo\\\/image\\\/\"},\"sameAs\":[\"https:\\\/\\\/www.facebook.com\\\/EMOSLOVENIA\"]}]}<\/script>\n<!-- \/ Yoast SEO plugin. -->","yoast_head_json":{"title":"Set pribora za jelo 24\/1 Monteray Solingen zlatne boje - Spletna trgovina s slovensko posodo - EMO ETT","robots":{"index":"index","follow":"follow","max-snippet":"max-snippet:-1","max-image-preview":"max-image-preview:large","max-video-preview":"max-video-preview:-1"},"canonical":"https:\/\/emo-shop.com\/hr\/izdelki\/set-pribora-za-jelo-24-1-monteray-solingen-zlatne-boje\/","og_locale":"hr_HR","og_type":"article","og_title":"Set pribora za jelo 24\/1 Monteray Solingen zlatne boje - Spletna trgovina s slovensko posodo - EMO ETT","og_description":"SOLINGEN MONTERAY 24\/1 ZLATNA BOJA","og_url":"https:\/\/emo-shop.com\/hr\/izdelki\/set-pribora-za-jelo-24-1-monteray-solingen-zlatne-boje\/","og_site_name":"Spletna trgovina s slovensko posodo - EMO ETT","article_publisher":"https:\/\/www.facebook.com\/EMOSLOVENIA","og_image":[{"width":800,"height":600,"url":"https:\/\/emo-shop.com\/wp-content\/uploads\/2024\/07\/1818-1.jpg","type":"image\/jpeg"}],"twitter_card":"summary_large_image","twitter_misc":{"Procijenjeno vrijeme \u010ditanja":"1 minuta"},"schema":{"@context":"https:\/\/schema.org","@graph":[{"@type":"WebPage","@id":"https:\/\/emo-shop.com\/hr\/izdelki\/set-pribora-za-jelo-24-1-monteray-solingen-zlatne-boje\/","url":"https:\/\/emo-shop.com\/hr\/izdelki\/set-pribora-za-jelo-24-1-monteray-solingen-zlatne-boje\/","name":"Set pribora za jelo 24\/1 Monteray Solingen zlatne boje - Spletna trgovina s slovensko posodo - EMO ETT","isPartOf":{"@id":"https:\/\/emo-shop.com\/hr\/#website"},"primaryImageOfPage":{"@id":"https:\/\/emo-shop.com\/hr\/izdelki\/set-pribora-za-jelo-24-1-monteray-solingen-zlatne-boje\/#primaryimage"},"image":{"@id":"https:\/\/emo-shop.com\/hr\/izdelki\/set-pribora-za-jelo-24-1-monteray-solingen-zlatne-boje\/#primaryimage"},"thumbnailUrl":"https:\/\/emo-shop.com\/wp-content\/uploads\/2024\/07\/1818-1.jpg","datePublished":"2024-07-30T10:29:16+00:00","breadcrumb":{"@id":"https:\/\/emo-shop.com\/hr\/izdelki\/set-pribora-za-jelo-24-1-monteray-solingen-zlatne-boje\/#breadcrumb"},"inLanguage":"hr","potentialAction":[{"@type":"ReadAction","target":["https:\/\/emo-shop.com\/hr\/izdelki\/set-pribora-za-jelo-24-1-monteray-solingen-zlatne-boje\/"]}]},{"@type":"ImageObject","inLanguage":"hr","@id":"https:\/\/emo-shop.com\/hr\/izdelki\/set-pribora-za-jelo-24-1-monteray-solingen-zlatne-boje\/#primaryimage","url":"https:\/\/emo-shop.com\/wp-content\/uploads\/2024\/07\/1818-1.jpg","contentUrl":"https:\/\/emo-shop.com\/wp-content\/uploads\/2024\/07\/1818-1.jpg","width":800,"height":600},{"@type":"BreadcrumbList","@id":"https:\/\/emo-shop.com\/hr\/izdelki\/set-pribora-za-jelo-24-1-monteray-solingen-zlatne-boje\/#breadcrumb","itemListElement":[{"@type":"ListItem","position":1,"name":"Home","item":"https:\/\/emo-shop.com\/hr\/"},{"@type":"ListItem","position":2,"name":"Trgovina","item":"https:\/\/emo-shop.com\/hr\/trgovina\/"},{"@type":"ListItem","position":3,"name":"Set pribora za jelo 24\/1 Monteray Solingen zlatne boje"}]},{"@type":"WebSite","@id":"https:\/\/emo-shop.com\/hr\/#website","url":"https:\/\/emo-shop.com\/hr\/","name":"Spletna trgovina s slovensko posodo - EMO ETT","description":"Spletna trgovina","publisher":{"@id":"https:\/\/emo-shop.com\/hr\/#organization"},"potentialAction":[{"@type":"SearchAction","target":{"@type":"EntryPoint","urlTemplate":"https:\/\/emo-shop.com\/hr\/?s={search_term_string}"},"query-input":{"@type":"PropertyValueSpecification","valueRequired":true,"valueName":"search_term_string"}}],"inLanguage":"hr"},{"@type":"Organization","@id":"https:\/\/emo-shop.com\/hr\/#organization","name":"Spletna trgovina s slovensko posodo - EMO ETT","url":"https:\/\/emo-shop.com\/hr\/","logo":{"@type":"ImageObject","inLanguage":"hr","@id":"https:\/\/emo-shop.com\/hr\/#\/schema\/logo\/image\/","url":"https:\/\/emo-shop.com\/wp-content\/uploads\/2024\/07\/favicon.jpg","contentUrl":"https:\/\/emo-shop.com\/wp-content\/uploads\/2024\/07\/favicon.jpg","width":512,"height":512,"caption":"Spletna trgovina s slovensko posodo - EMO ETT"},"image":{"@id":"https:\/\/emo-shop.com\/hr\/#\/schema\/logo\/image\/"},"sameAs":["https:\/\/www.facebook.com\/EMOSLOVENIA"]}]}},"_links":{"self":[{"href":"https:\/\/emo-shop.com\/hr\/wp-json\/wp\/v2\/product\/34388","targetHints":{"allow":["GET"]}}],"collection":[{"href":"https:\/\/emo-shop.com\/hr\/wp-json\/wp\/v2\/product"}],"about":[{"href":"https:\/\/emo-shop.com\/hr\/wp-json\/wp\/v2\/types\/product"}],"replies":[{"embeddable":true,"href":"https:\/\/emo-shop.com\/hr\/wp-json\/wp\/v2\/comments?post=34388"}],"version-history":[{"count":0,"href":"https:\/\/emo-shop.com\/hr\/wp-json\/wp\/v2\/product\/34388\/revisions"}],"wp:featuredmedia":[{"embeddable":true,"href":"https:\/\/emo-shop.com\/hr\/wp-json\/wp\/v2\/media\/34390"}],"wp:attachment":[{"href":"https:\/\/emo-shop.com\/hr\/wp-json\/wp\/v2\/media?parent=34388"}],"wp:term":[{"taxonomy":"product_brand","embeddable":true,"href":"https:\/\/emo-shop.com\/hr\/wp-json\/wp\/v2\/product_brand?post=34388"},{"taxonomy":"product_cat","embeddable":true,"href":"https:\/\/emo-shop.com\/hr\/wp-json\/wp\/v2\/product_cat?post=34388"},{"taxonomy":"product_tag","embeddable":true,"href":"https:\/\/emo-shop.com\/hr\/wp-json\/wp\/v2\/product_tag?post=34388"}],"curies":[{"name":"wp","href":"https:\/\/api.w.org\/{rel}","templated":true}]}}