{"id":34386,"date":"2024-07-30T10:29:16","date_gmt":"2024-07-30T10:29:16","guid":{"rendered":"https:\/\/emo-shop.com\/izdelki\/daska-za-rezanje-od-oraha-uz-dobru-hranu\/"},"modified":"2024-07-30T10:29:16","modified_gmt":"2024-07-30T10:29:16","slug":"daska-za-rezanje-od-oraha-uz-dobru-hranu","status":"publish","type":"product","link":"https:\/\/emo-shop.com\/hr\/izdelki\/daska-za-rezanje-od-oraha-uz-dobru-hranu\/","title":{"rendered":"Daska za rezanje od oraha Uz dobru hranu&#8230;"},"content":{"rendered":"<p>Daska za rezanje od orahovine savr\u0161en je izbor za svakoga tko cijeni kvalitetu, prirodne materijale i estetsku privla\u010dnost. Orahovo drvo poznato je po svojoj izdr\u017eljivosti, otpornosti na rezove i prekrasnoj tamnoj boji s jedinstvenim godnim prstenovima koji svaku dasku \u010dine posebnom. Njegova glatka povr\u0161ina \u010dini ga ugodnim za kori\u0161tenje, a istovremeno dovoljno \u010dvrstim da izdr\u017ei svakodnevno rezanje, sjeckanje i poslu\u017eivanje hrane.<\/p>\n<p><strong>Savjet za njegu:<\/strong><br \/>\nKako bi va\u0161a daska dugo ostala lijepa i funkcionalna, operite je nje\u017eno mlakom vodom i blagim deterd\u017eentom nakon svake upotrebe, a zatim je odmah osu\u0161ite. Nikada je ne perite u perilici posu\u0111a niti je dugo namakajte u vodi jer se drvo mo\u017ee nabubriti ili napuknuti. Preporu\u010duje se da je povremeno premazujete prirodnim uljem (poput mineralnog ulja ili ulja od oraha) kako biste odr\u017eali njezinu vla\u017enost i sprije\u010dili isu\u0161ivanje. Uz pravilnu njegu, va\u0161a daska od orahovine poslu\u017eit \u0107e vam dugi niz godina i ostat \u0107e prekrasan dodatak svakoj kuhinji.<\/p>\n","protected":false},"excerpt":{"rendered":"<p>Daska za rezanje od orahovine savr\u0161en je izbor za svakoga tko cijeni kvalitetu, prirodne materijale i estetsku privla\u010dnost. Orahovo drvo<\/p>\n","protected":false},"featured_media":34387,"comment_status":"open","ping_status":"closed","template":"","meta":[],"product_brand":[],"product_cat":[916,791],"product_tag":[1008,1298,1299],"class_list":{"0":"post-34386","1":"product","2":"type-product","3":"status-publish","4":"has-post-thumbnail","6":"product_cat-kuhinjski-pribor","7":"product_cat-ostalo","8":"product_tag-dar","9":"product_tag-odbor","10":"product_tag-orah","12":"first","13":"instock","14":"taxable","15":"shipping-taxable","16":"purchasable","17":"product-type-simple"},"yoast_head":"<!-- This site is optimized with the Yoast SEO plugin v27.4 - https:\/\/yoast.com\/product\/yoast-seo-wordpress\/ -->\n<title>Daska za rezanje od oraha Uz dobru hranu... - Spletna trgovina s slovensko posodo - EMO ETT<\/title>\n<meta name=\"robots\" content=\"index, follow, max-snippet:-1, max-image-preview:large, max-video-preview:-1\" \/>\n<link rel=\"canonical\" href=\"https:\/\/emo-shop.com\/hr\/izdelki\/daska-za-rezanje-od-oraha-uz-dobru-hranu\/\" \/>\n<meta property=\"og:locale\" content=\"hr_HR\" \/>\n<meta property=\"og:type\" content=\"article\" \/>\n<meta property=\"og:title\" content=\"Daska za rezanje od oraha Uz dobru hranu... - Spletna trgovina s slovensko posodo - EMO ETT\" \/>\n<meta property=\"og:description\" content=\"Daska za rezanje od orahovine savr\u0161en je izbor za svakoga tko cijeni kvalitetu, prirodne materijale i estetsku privla\u010dnost. Orahovo drvo\" \/>\n<meta property=\"og:url\" content=\"https:\/\/emo-shop.com\/hr\/izdelki\/daska-za-rezanje-od-oraha-uz-dobru-hranu\/\" \/>\n<meta property=\"og:site_name\" content=\"Spletna trgovina s slovensko posodo - EMO ETT\" \/>\n<meta property=\"article:publisher\" content=\"https:\/\/www.facebook.com\/EMOSLOVENIA\" \/>\n<meta property=\"og:image\" content=\"https:\/\/emo-shop.com\/wp-content\/uploads\/2024\/07\/715-scaled.jpg\" \/>\n\t<meta property=\"og:image:width\" content=\"800\" \/>\n\t<meta property=\"og:image:height\" content=\"600\" \/>\n\t<meta property=\"og:image:type\" content=\"image\/jpeg\" \/>\n<meta name=\"twitter:card\" content=\"summary_large_image\" \/>\n<meta name=\"twitter:label1\" content=\"Procijenjeno vrijeme \u010ditanja\" \/>\n\t<meta name=\"twitter:data1\" content=\"1 minuta\" \/>\n<script type=\"application\/ld+json\" class=\"yoast-schema-graph\">{\"@context\":\"https:\\\/\\\/schema.org\",\"@graph\":[{\"@type\":\"WebPage\",\"@id\":\"https:\\\/\\\/emo-shop.com\\\/hr\\\/izdelki\\\/daska-za-rezanje-od-oraha-uz-dobru-hranu\\\/\",\"url\":\"https:\\\/\\\/emo-shop.com\\\/hr\\\/izdelki\\\/daska-za-rezanje-od-oraha-uz-dobru-hranu\\\/\",\"name\":\"Daska za rezanje od oraha Uz dobru hranu... - Spletna trgovina s slovensko posodo - EMO ETT\",\"isPartOf\":{\"@id\":\"https:\\\/\\\/emo-shop.com\\\/hr\\\/#website\"},\"primaryImageOfPage\":{\"@id\":\"https:\\\/\\\/emo-shop.com\\\/hr\\\/izdelki\\\/daska-za-rezanje-od-oraha-uz-dobru-hranu\\\/#primaryimage\"},\"image\":{\"@id\":\"https:\\\/\\\/emo-shop.com\\\/hr\\\/izdelki\\\/daska-za-rezanje-od-oraha-uz-dobru-hranu\\\/#primaryimage\"},\"thumbnailUrl\":\"https:\\\/\\\/emo-shop.com\\\/wp-content\\\/uploads\\\/2024\\\/07\\\/715-scaled.jpg\",\"datePublished\":\"2024-07-30T10:29:16+00:00\",\"breadcrumb\":{\"@id\":\"https:\\\/\\\/emo-shop.com\\\/hr\\\/izdelki\\\/daska-za-rezanje-od-oraha-uz-dobru-hranu\\\/#breadcrumb\"},\"inLanguage\":\"hr\",\"potentialAction\":[{\"@type\":\"ReadAction\",\"target\":[\"https:\\\/\\\/emo-shop.com\\\/hr\\\/izdelki\\\/daska-za-rezanje-od-oraha-uz-dobru-hranu\\\/\"]}]},{\"@type\":\"ImageObject\",\"inLanguage\":\"hr\",\"@id\":\"https:\\\/\\\/emo-shop.com\\\/hr\\\/izdelki\\\/daska-za-rezanje-od-oraha-uz-dobru-hranu\\\/#primaryimage\",\"url\":\"https:\\\/\\\/emo-shop.com\\\/wp-content\\\/uploads\\\/2024\\\/07\\\/715-scaled.jpg\",\"contentUrl\":\"https:\\\/\\\/emo-shop.com\\\/wp-content\\\/uploads\\\/2024\\\/07\\\/715-scaled.jpg\",\"width\":800,\"height\":600},{\"@type\":\"BreadcrumbList\",\"@id\":\"https:\\\/\\\/emo-shop.com\\\/hr\\\/izdelki\\\/daska-za-rezanje-od-oraha-uz-dobru-hranu\\\/#breadcrumb\",\"itemListElement\":[{\"@type\":\"ListItem\",\"position\":1,\"name\":\"Home\",\"item\":\"https:\\\/\\\/emo-shop.com\\\/hr\\\/\"},{\"@type\":\"ListItem\",\"position\":2,\"name\":\"Trgovina\",\"item\":\"https:\\\/\\\/emo-shop.com\\\/hr\\\/trgovina\\\/\"},{\"@type\":\"ListItem\",\"position\":3,\"name\":\"Daska za rezanje od oraha Uz dobru hranu&#8230;\"}]},{\"@type\":\"WebSite\",\"@id\":\"https:\\\/\\\/emo-shop.com\\\/hr\\\/#website\",\"url\":\"https:\\\/\\\/emo-shop.com\\\/hr\\\/\",\"name\":\"Spletna trgovina s slovensko posodo - EMO ETT\",\"description\":\"Spletna trgovina\",\"publisher\":{\"@id\":\"https:\\\/\\\/emo-shop.com\\\/hr\\\/#organization\"},\"potentialAction\":[{\"@type\":\"SearchAction\",\"target\":{\"@type\":\"EntryPoint\",\"urlTemplate\":\"https:\\\/\\\/emo-shop.com\\\/hr\\\/?s={search_term_string}\"},\"query-input\":{\"@type\":\"PropertyValueSpecification\",\"valueRequired\":true,\"valueName\":\"search_term_string\"}}],\"inLanguage\":\"hr\"},{\"@type\":\"Organization\",\"@id\":\"https:\\\/\\\/emo-shop.com\\\/hr\\\/#organization\",\"name\":\"Spletna trgovina s slovensko posodo - EMO ETT\",\"url\":\"https:\\\/\\\/emo-shop.com\\\/hr\\\/\",\"logo\":{\"@type\":\"ImageObject\",\"inLanguage\":\"hr\",\"@id\":\"https:\\\/\\\/emo-shop.com\\\/hr\\\/#\\\/schema\\\/logo\\\/image\\\/\",\"url\":\"https:\\\/\\\/emo-shop.com\\\/wp-content\\\/uploads\\\/2024\\\/07\\\/favicon.jpg\",\"contentUrl\":\"https:\\\/\\\/emo-shop.com\\\/wp-content\\\/uploads\\\/2024\\\/07\\\/favicon.jpg\",\"width\":512,\"height\":512,\"caption\":\"Spletna trgovina s slovensko posodo - EMO ETT\"},\"image\":{\"@id\":\"https:\\\/\\\/emo-shop.com\\\/hr\\\/#\\\/schema\\\/logo\\\/image\\\/\"},\"sameAs\":[\"https:\\\/\\\/www.facebook.com\\\/EMOSLOVENIA\"]}]}<\/script>\n<!-- \/ Yoast SEO plugin. -->","yoast_head_json":{"title":"Daska za rezanje od oraha Uz dobru hranu... - Spletna trgovina s slovensko posodo - EMO ETT","robots":{"index":"index","follow":"follow","max-snippet":"max-snippet:-1","max-image-preview":"max-image-preview:large","max-video-preview":"max-video-preview:-1"},"canonical":"https:\/\/emo-shop.com\/hr\/izdelki\/daska-za-rezanje-od-oraha-uz-dobru-hranu\/","og_locale":"hr_HR","og_type":"article","og_title":"Daska za rezanje od oraha Uz dobru hranu... - Spletna trgovina s slovensko posodo - EMO ETT","og_description":"Daska za rezanje od orahovine savr\u0161en je izbor za svakoga tko cijeni kvalitetu, prirodne materijale i estetsku privla\u010dnost. Orahovo drvo","og_url":"https:\/\/emo-shop.com\/hr\/izdelki\/daska-za-rezanje-od-oraha-uz-dobru-hranu\/","og_site_name":"Spletna trgovina s slovensko posodo - EMO ETT","article_publisher":"https:\/\/www.facebook.com\/EMOSLOVENIA","og_image":[{"width":800,"height":600,"url":"https:\/\/emo-shop.com\/wp-content\/uploads\/2024\/07\/715-scaled.jpg","type":"image\/jpeg"}],"twitter_card":"summary_large_image","twitter_misc":{"Procijenjeno vrijeme \u010ditanja":"1 minuta"},"schema":{"@context":"https:\/\/schema.org","@graph":[{"@type":"WebPage","@id":"https:\/\/emo-shop.com\/hr\/izdelki\/daska-za-rezanje-od-oraha-uz-dobru-hranu\/","url":"https:\/\/emo-shop.com\/hr\/izdelki\/daska-za-rezanje-od-oraha-uz-dobru-hranu\/","name":"Daska za rezanje od oraha Uz dobru hranu... - Spletna trgovina s slovensko posodo - EMO ETT","isPartOf":{"@id":"https:\/\/emo-shop.com\/hr\/#website"},"primaryImageOfPage":{"@id":"https:\/\/emo-shop.com\/hr\/izdelki\/daska-za-rezanje-od-oraha-uz-dobru-hranu\/#primaryimage"},"image":{"@id":"https:\/\/emo-shop.com\/hr\/izdelki\/daska-za-rezanje-od-oraha-uz-dobru-hranu\/#primaryimage"},"thumbnailUrl":"https:\/\/emo-shop.com\/wp-content\/uploads\/2024\/07\/715-scaled.jpg","datePublished":"2024-07-30T10:29:16+00:00","breadcrumb":{"@id":"https:\/\/emo-shop.com\/hr\/izdelki\/daska-za-rezanje-od-oraha-uz-dobru-hranu\/#breadcrumb"},"inLanguage":"hr","potentialAction":[{"@type":"ReadAction","target":["https:\/\/emo-shop.com\/hr\/izdelki\/daska-za-rezanje-od-oraha-uz-dobru-hranu\/"]}]},{"@type":"ImageObject","inLanguage":"hr","@id":"https:\/\/emo-shop.com\/hr\/izdelki\/daska-za-rezanje-od-oraha-uz-dobru-hranu\/#primaryimage","url":"https:\/\/emo-shop.com\/wp-content\/uploads\/2024\/07\/715-scaled.jpg","contentUrl":"https:\/\/emo-shop.com\/wp-content\/uploads\/2024\/07\/715-scaled.jpg","width":800,"height":600},{"@type":"BreadcrumbList","@id":"https:\/\/emo-shop.com\/hr\/izdelki\/daska-za-rezanje-od-oraha-uz-dobru-hranu\/#breadcrumb","itemListElement":[{"@type":"ListItem","position":1,"name":"Home","item":"https:\/\/emo-shop.com\/hr\/"},{"@type":"ListItem","position":2,"name":"Trgovina","item":"https:\/\/emo-shop.com\/hr\/trgovina\/"},{"@type":"ListItem","position":3,"name":"Daska za rezanje od oraha Uz dobru hranu&#8230;"}]},{"@type":"WebSite","@id":"https:\/\/emo-shop.com\/hr\/#website","url":"https:\/\/emo-shop.com\/hr\/","name":"Spletna trgovina s slovensko posodo - EMO ETT","description":"Spletna trgovina","publisher":{"@id":"https:\/\/emo-shop.com\/hr\/#organization"},"potentialAction":[{"@type":"SearchAction","target":{"@type":"EntryPoint","urlTemplate":"https:\/\/emo-shop.com\/hr\/?s={search_term_string}"},"query-input":{"@type":"PropertyValueSpecification","valueRequired":true,"valueName":"search_term_string"}}],"inLanguage":"hr"},{"@type":"Organization","@id":"https:\/\/emo-shop.com\/hr\/#organization","name":"Spletna trgovina s slovensko posodo - EMO ETT","url":"https:\/\/emo-shop.com\/hr\/","logo":{"@type":"ImageObject","inLanguage":"hr","@id":"https:\/\/emo-shop.com\/hr\/#\/schema\/logo\/image\/","url":"https:\/\/emo-shop.com\/wp-content\/uploads\/2024\/07\/favicon.jpg","contentUrl":"https:\/\/emo-shop.com\/wp-content\/uploads\/2024\/07\/favicon.jpg","width":512,"height":512,"caption":"Spletna trgovina s slovensko posodo - EMO ETT"},"image":{"@id":"https:\/\/emo-shop.com\/hr\/#\/schema\/logo\/image\/"},"sameAs":["https:\/\/www.facebook.com\/EMOSLOVENIA"]}]}},"_links":{"self":[{"href":"https:\/\/emo-shop.com\/hr\/wp-json\/wp\/v2\/product\/34386","targetHints":{"allow":["GET"]}}],"collection":[{"href":"https:\/\/emo-shop.com\/hr\/wp-json\/wp\/v2\/product"}],"about":[{"href":"https:\/\/emo-shop.com\/hr\/wp-json\/wp\/v2\/types\/product"}],"replies":[{"embeddable":true,"href":"https:\/\/emo-shop.com\/hr\/wp-json\/wp\/v2\/comments?post=34386"}],"version-history":[{"count":0,"href":"https:\/\/emo-shop.com\/hr\/wp-json\/wp\/v2\/product\/34386\/revisions"}],"wp:featuredmedia":[{"embeddable":true,"href":"https:\/\/emo-shop.com\/hr\/wp-json\/wp\/v2\/media\/34387"}],"wp:attachment":[{"href":"https:\/\/emo-shop.com\/hr\/wp-json\/wp\/v2\/media?parent=34386"}],"wp:term":[{"taxonomy":"product_brand","embeddable":true,"href":"https:\/\/emo-shop.com\/hr\/wp-json\/wp\/v2\/product_brand?post=34386"},{"taxonomy":"product_cat","embeddable":true,"href":"https:\/\/emo-shop.com\/hr\/wp-json\/wp\/v2\/product_cat?post=34386"},{"taxonomy":"product_tag","embeddable":true,"href":"https:\/\/emo-shop.com\/hr\/wp-json\/wp\/v2\/product_tag?post=34386"}],"curies":[{"name":"wp","href":"https:\/\/api.w.org\/{rel}","templated":true}]}}