{"id":34374,"date":"2024-07-30T10:29:37","date_gmt":"2024-07-30T10:29:37","guid":{"rendered":"https:\/\/emo-shop.com\/izdelki\/posuda-za-pohranu-200-ml\/"},"modified":"2024-07-30T10:29:37","modified_gmt":"2024-07-30T10:29:37","slug":"posuda-za-pohranu-200-ml","status":"publish","type":"product","link":"https:\/\/emo-shop.com\/hr\/izdelki\/posuda-za-pohranu-200-ml\/","title":{"rendered":"Posuda za pohranu 200 ml"},"content":{"rendered":"<div class=\"min-h-[20px] text-message flex flex-col items-start gap-3 whitespace-pre-wrap break-words [.text-message+&#038;]:mt-5 overflow-x-auto\">\n<div class=\"markdown prose w-full break-words dark:prose-invert light\">\n<p>Silikonska posuda 200 ml<\/p>\n<p>Dimenzije mm D117 &#8211; \u016086 &#8211; V53<\/p>\n<p>Materijal 100% platinasti silikon<\/p>\n<p>Temperatura -60\u00baC \/ +220\u00baC<\/p>\n<p>Zapremnina 200 ml<\/p>\n<p>Pogodno za hladnjak, zamrziva\u010d, perilicu posu\u0111a, mikrovalnu pe\u0107nicu, pe\u0107nicu. Prakti\u010dna posuda od 100 % platinastog silikona za vi\u0161ekratnu upotrebu za pohranu i o\u010duvanje hrane u hladnjaku i zamrziva\u010du, koja sprje\u010dava prijenos mirisa i odr\u017eava svje\u017einu hrane. Mo\u017eete je koristiti onoliko puta koliko \u017eelite \u2013 ekolo\u0161ki prihvatljiva alternativa jednokratnoj plasti\u010dnoj ambala\u017ei.<\/p>\n<p>Ove 200 ml vi\u0161ekratne silikonske posude idealne su za pohranu malih namirnica, narezanog vo\u0107a i priloga. Savr\u0161ene su za pohranu nedavno kupljenih sastojaka, zamrzavanje hrane u porcijama ili po\u010detak vlastitog pripremanja hrane u ve\u0107im koli\u010dinama.<\/p>\n<p>Kutije su izra\u0111ene od 100 % platinastog silikona, visokokvalitetnog, higijenskog, laganog materijala bez BPA. Debljina silikona \u0161titi hranu od smrzavanja i smanjuje stvaranje leda, \u0161to ih \u010dini idealnima za sigurno i higijensko zamrzavanje hrane. Tako\u0111er su pogodne za odmrzavanje i podgrijavanje hrane u mikrovalnoj pe\u0107nici i pe\u0107nici!<\/p>\n<p>Modularne su i mogu se slagati jedna na drugu, \u0161to vam poma\u017ee u\u0161tedjeti prostor te odr\u017eati hladnjak i zamrziva\u010d \u010distima i urednima. Recite zbogom neurednim ormari\u0107ima. Vi\u0161ekratne silikonske posude dizajnirane su za u\u0161tedu prostora; mogu se slagati jedna na drugu kada su pune i uvu\u0107i jedna u drugu kada su prazne.<\/p>\n<p>Ovi spremnici za pripremu obroka imaju prakti\u010dan ugra\u0111eni poklopac za jednostavno skladi\u0161tenje i ru\u010dke koje osiguravaju jednostavno rukovanje, \u010dak i kada su vru\u0107i. Tako\u0111er imaju poseban prozor na kojem mo\u017eete zapisati sadr\u017eaj, \u0161to olak\u0161ava prepoznavanje sadr\u017eaja.<\/p>\n<p>Ovi svestrani spremnici jednostavni su i prakti\u010dni za \u010di\u0161\u0107enje u perilici posu\u0111a i mogu se vi\u0161estruko koristiti, \u010dime se smanjuje koli\u010dina otpada od jednokratne plastike.<\/p>\n<p>Tako\u0111er dostupno:<\/p>\n<p>Set od 3 silikonske posude za vi\u0161ekratnu upotrebu<\/p>\n<p>Silikonska posuda za vi\u0161ekratnu upotrebu 500 ml<\/p>\n<p>Silikonska posuda za vi\u0161ekratnu upotrebu 1000 ml<\/p>\n<\/div>\n<\/div>\n","protected":false},"excerpt":{"rendered":"<p>Budi spreman \u2013 bilo gdje, bilo kada<\/p>\n","protected":false},"featured_media":34375,"comment_status":"open","ping_status":"closed","template":"","meta":[],"product_brand":[],"product_cat":[854,916],"product_tag":[1037,1032,1054,859,1031,1061,1082,1035,1004],"class_list":{"0":"post-34374","1":"product","2":"type-product","3":"status-publish","4":"has-post-thumbnail","6":"product_cat-brabantia-lekue","7":"product_cat-kuhinjski-pribor","8":"product_tag-bez-bpa","9":"product_tag-cuvanje-hrane","10":"product_tag-jednostavno-ciscenje","11":"product_tag-kuhinjski-pribor","12":"product_tag-lekue","13":"product_tag-odrzivu-kuhinju","14":"product_tag-silikonski-spremnik","15":"product_tag-spremnik-za-pohranu-2","16":"product_tag-visestruka-upotreba","18":"first","19":"instock","20":"taxable","21":"shipping-taxable","22":"purchasable","23":"product-type-simple"},"yoast_head":"<!-- This site is optimized with the Yoast SEO plugin v27.4 - https:\/\/yoast.com\/product\/yoast-seo-wordpress\/ -->\n<title>Posuda za pohranu 200 ml - Spletna trgovina s slovensko posodo - EMO ETT<\/title>\n<meta name=\"robots\" content=\"index, follow, max-snippet:-1, max-image-preview:large, max-video-preview:-1\" \/>\n<link rel=\"canonical\" href=\"https:\/\/emo-shop.com\/hr\/izdelki\/posuda-za-pohranu-200-ml\/\" \/>\n<meta property=\"og:locale\" content=\"hr_HR\" \/>\n<meta property=\"og:type\" content=\"article\" \/>\n<meta property=\"og:title\" content=\"Posuda za pohranu 200 ml - Spletna trgovina s slovensko posodo - EMO ETT\" \/>\n<meta property=\"og:description\" content=\"Budi spreman \u2013 bilo gdje, bilo kada\" \/>\n<meta property=\"og:url\" content=\"https:\/\/emo-shop.com\/hr\/izdelki\/posuda-za-pohranu-200-ml\/\" \/>\n<meta property=\"og:site_name\" content=\"Spletna trgovina s slovensko posodo - EMO ETT\" \/>\n<meta property=\"article:publisher\" content=\"https:\/\/www.facebook.com\/EMOSLOVENIA\" \/>\n<meta property=\"og:image\" content=\"https:\/\/emo-shop.com\/wp-content\/uploads\/2024\/07\/1200.jpg\" \/>\n\t<meta property=\"og:image:width\" content=\"800\" \/>\n\t<meta property=\"og:image:height\" content=\"600\" \/>\n\t<meta property=\"og:image:type\" content=\"image\/jpeg\" \/>\n<meta name=\"twitter:card\" content=\"summary_large_image\" \/>\n<meta name=\"twitter:label1\" content=\"Procijenjeno vrijeme \u010ditanja\" \/>\n\t<meta name=\"twitter:data1\" content=\"2 minute\" \/>\n<script type=\"application\/ld+json\" class=\"yoast-schema-graph\">{\"@context\":\"https:\\\/\\\/schema.org\",\"@graph\":[{\"@type\":\"WebPage\",\"@id\":\"https:\\\/\\\/emo-shop.com\\\/hr\\\/izdelki\\\/posuda-za-pohranu-200-ml\\\/\",\"url\":\"https:\\\/\\\/emo-shop.com\\\/hr\\\/izdelki\\\/posuda-za-pohranu-200-ml\\\/\",\"name\":\"Posuda za pohranu 200 ml - Spletna trgovina s slovensko posodo - EMO ETT\",\"isPartOf\":{\"@id\":\"https:\\\/\\\/emo-shop.com\\\/hr\\\/#website\"},\"primaryImageOfPage\":{\"@id\":\"https:\\\/\\\/emo-shop.com\\\/hr\\\/izdelki\\\/posuda-za-pohranu-200-ml\\\/#primaryimage\"},\"image\":{\"@id\":\"https:\\\/\\\/emo-shop.com\\\/hr\\\/izdelki\\\/posuda-za-pohranu-200-ml\\\/#primaryimage\"},\"thumbnailUrl\":\"https:\\\/\\\/emo-shop.com\\\/wp-content\\\/uploads\\\/2024\\\/07\\\/1200.jpg\",\"datePublished\":\"2024-07-30T10:29:37+00:00\",\"breadcrumb\":{\"@id\":\"https:\\\/\\\/emo-shop.com\\\/hr\\\/izdelki\\\/posuda-za-pohranu-200-ml\\\/#breadcrumb\"},\"inLanguage\":\"hr\",\"potentialAction\":[{\"@type\":\"ReadAction\",\"target\":[\"https:\\\/\\\/emo-shop.com\\\/hr\\\/izdelki\\\/posuda-za-pohranu-200-ml\\\/\"]}]},{\"@type\":\"ImageObject\",\"inLanguage\":\"hr\",\"@id\":\"https:\\\/\\\/emo-shop.com\\\/hr\\\/izdelki\\\/posuda-za-pohranu-200-ml\\\/#primaryimage\",\"url\":\"https:\\\/\\\/emo-shop.com\\\/wp-content\\\/uploads\\\/2024\\\/07\\\/1200.jpg\",\"contentUrl\":\"https:\\\/\\\/emo-shop.com\\\/wp-content\\\/uploads\\\/2024\\\/07\\\/1200.jpg\",\"width\":800,\"height\":600},{\"@type\":\"BreadcrumbList\",\"@id\":\"https:\\\/\\\/emo-shop.com\\\/hr\\\/izdelki\\\/posuda-za-pohranu-200-ml\\\/#breadcrumb\",\"itemListElement\":[{\"@type\":\"ListItem\",\"position\":1,\"name\":\"Home\",\"item\":\"https:\\\/\\\/emo-shop.com\\\/hr\\\/\"},{\"@type\":\"ListItem\",\"position\":2,\"name\":\"Trgovina\",\"item\":\"https:\\\/\\\/emo-shop.com\\\/hr\\\/trgovina\\\/\"},{\"@type\":\"ListItem\",\"position\":3,\"name\":\"Posuda za pohranu 200 ml\"}]},{\"@type\":\"WebSite\",\"@id\":\"https:\\\/\\\/emo-shop.com\\\/hr\\\/#website\",\"url\":\"https:\\\/\\\/emo-shop.com\\\/hr\\\/\",\"name\":\"Spletna trgovina s slovensko posodo - EMO ETT\",\"description\":\"Spletna trgovina\",\"publisher\":{\"@id\":\"https:\\\/\\\/emo-shop.com\\\/hr\\\/#organization\"},\"potentialAction\":[{\"@type\":\"SearchAction\",\"target\":{\"@type\":\"EntryPoint\",\"urlTemplate\":\"https:\\\/\\\/emo-shop.com\\\/hr\\\/?s={search_term_string}\"},\"query-input\":{\"@type\":\"PropertyValueSpecification\",\"valueRequired\":true,\"valueName\":\"search_term_string\"}}],\"inLanguage\":\"hr\"},{\"@type\":\"Organization\",\"@id\":\"https:\\\/\\\/emo-shop.com\\\/hr\\\/#organization\",\"name\":\"Spletna trgovina s slovensko posodo - EMO ETT\",\"url\":\"https:\\\/\\\/emo-shop.com\\\/hr\\\/\",\"logo\":{\"@type\":\"ImageObject\",\"inLanguage\":\"hr\",\"@id\":\"https:\\\/\\\/emo-shop.com\\\/hr\\\/#\\\/schema\\\/logo\\\/image\\\/\",\"url\":\"https:\\\/\\\/emo-shop.com\\\/wp-content\\\/uploads\\\/2024\\\/07\\\/favicon.jpg\",\"contentUrl\":\"https:\\\/\\\/emo-shop.com\\\/wp-content\\\/uploads\\\/2024\\\/07\\\/favicon.jpg\",\"width\":512,\"height\":512,\"caption\":\"Spletna trgovina s slovensko posodo - EMO ETT\"},\"image\":{\"@id\":\"https:\\\/\\\/emo-shop.com\\\/hr\\\/#\\\/schema\\\/logo\\\/image\\\/\"},\"sameAs\":[\"https:\\\/\\\/www.facebook.com\\\/EMOSLOVENIA\"]}]}<\/script>\n<!-- \/ Yoast SEO plugin. -->","yoast_head_json":{"title":"Posuda za pohranu 200 ml - Spletna trgovina s slovensko posodo - EMO ETT","robots":{"index":"index","follow":"follow","max-snippet":"max-snippet:-1","max-image-preview":"max-image-preview:large","max-video-preview":"max-video-preview:-1"},"canonical":"https:\/\/emo-shop.com\/hr\/izdelki\/posuda-za-pohranu-200-ml\/","og_locale":"hr_HR","og_type":"article","og_title":"Posuda za pohranu 200 ml - Spletna trgovina s slovensko posodo - EMO ETT","og_description":"Budi spreman \u2013 bilo gdje, bilo kada","og_url":"https:\/\/emo-shop.com\/hr\/izdelki\/posuda-za-pohranu-200-ml\/","og_site_name":"Spletna trgovina s slovensko posodo - EMO ETT","article_publisher":"https:\/\/www.facebook.com\/EMOSLOVENIA","og_image":[{"width":800,"height":600,"url":"https:\/\/emo-shop.com\/wp-content\/uploads\/2024\/07\/1200.jpg","type":"image\/jpeg"}],"twitter_card":"summary_large_image","twitter_misc":{"Procijenjeno vrijeme \u010ditanja":"2 minute"},"schema":{"@context":"https:\/\/schema.org","@graph":[{"@type":"WebPage","@id":"https:\/\/emo-shop.com\/hr\/izdelki\/posuda-za-pohranu-200-ml\/","url":"https:\/\/emo-shop.com\/hr\/izdelki\/posuda-za-pohranu-200-ml\/","name":"Posuda za pohranu 200 ml - Spletna trgovina s slovensko posodo - EMO ETT","isPartOf":{"@id":"https:\/\/emo-shop.com\/hr\/#website"},"primaryImageOfPage":{"@id":"https:\/\/emo-shop.com\/hr\/izdelki\/posuda-za-pohranu-200-ml\/#primaryimage"},"image":{"@id":"https:\/\/emo-shop.com\/hr\/izdelki\/posuda-za-pohranu-200-ml\/#primaryimage"},"thumbnailUrl":"https:\/\/emo-shop.com\/wp-content\/uploads\/2024\/07\/1200.jpg","datePublished":"2024-07-30T10:29:37+00:00","breadcrumb":{"@id":"https:\/\/emo-shop.com\/hr\/izdelki\/posuda-za-pohranu-200-ml\/#breadcrumb"},"inLanguage":"hr","potentialAction":[{"@type":"ReadAction","target":["https:\/\/emo-shop.com\/hr\/izdelki\/posuda-za-pohranu-200-ml\/"]}]},{"@type":"ImageObject","inLanguage":"hr","@id":"https:\/\/emo-shop.com\/hr\/izdelki\/posuda-za-pohranu-200-ml\/#primaryimage","url":"https:\/\/emo-shop.com\/wp-content\/uploads\/2024\/07\/1200.jpg","contentUrl":"https:\/\/emo-shop.com\/wp-content\/uploads\/2024\/07\/1200.jpg","width":800,"height":600},{"@type":"BreadcrumbList","@id":"https:\/\/emo-shop.com\/hr\/izdelki\/posuda-za-pohranu-200-ml\/#breadcrumb","itemListElement":[{"@type":"ListItem","position":1,"name":"Home","item":"https:\/\/emo-shop.com\/hr\/"},{"@type":"ListItem","position":2,"name":"Trgovina","item":"https:\/\/emo-shop.com\/hr\/trgovina\/"},{"@type":"ListItem","position":3,"name":"Posuda za pohranu 200 ml"}]},{"@type":"WebSite","@id":"https:\/\/emo-shop.com\/hr\/#website","url":"https:\/\/emo-shop.com\/hr\/","name":"Spletna trgovina s slovensko posodo - EMO ETT","description":"Spletna trgovina","publisher":{"@id":"https:\/\/emo-shop.com\/hr\/#organization"},"potentialAction":[{"@type":"SearchAction","target":{"@type":"EntryPoint","urlTemplate":"https:\/\/emo-shop.com\/hr\/?s={search_term_string}"},"query-input":{"@type":"PropertyValueSpecification","valueRequired":true,"valueName":"search_term_string"}}],"inLanguage":"hr"},{"@type":"Organization","@id":"https:\/\/emo-shop.com\/hr\/#organization","name":"Spletna trgovina s slovensko posodo - EMO ETT","url":"https:\/\/emo-shop.com\/hr\/","logo":{"@type":"ImageObject","inLanguage":"hr","@id":"https:\/\/emo-shop.com\/hr\/#\/schema\/logo\/image\/","url":"https:\/\/emo-shop.com\/wp-content\/uploads\/2024\/07\/favicon.jpg","contentUrl":"https:\/\/emo-shop.com\/wp-content\/uploads\/2024\/07\/favicon.jpg","width":512,"height":512,"caption":"Spletna trgovina s slovensko posodo - EMO ETT"},"image":{"@id":"https:\/\/emo-shop.com\/hr\/#\/schema\/logo\/image\/"},"sameAs":["https:\/\/www.facebook.com\/EMOSLOVENIA"]}]}},"_links":{"self":[{"href":"https:\/\/emo-shop.com\/hr\/wp-json\/wp\/v2\/product\/34374","targetHints":{"allow":["GET"]}}],"collection":[{"href":"https:\/\/emo-shop.com\/hr\/wp-json\/wp\/v2\/product"}],"about":[{"href":"https:\/\/emo-shop.com\/hr\/wp-json\/wp\/v2\/types\/product"}],"replies":[{"embeddable":true,"href":"https:\/\/emo-shop.com\/hr\/wp-json\/wp\/v2\/comments?post=34374"}],"version-history":[{"count":0,"href":"https:\/\/emo-shop.com\/hr\/wp-json\/wp\/v2\/product\/34374\/revisions"}],"wp:featuredmedia":[{"embeddable":true,"href":"https:\/\/emo-shop.com\/hr\/wp-json\/wp\/v2\/media\/34375"}],"wp:attachment":[{"href":"https:\/\/emo-shop.com\/hr\/wp-json\/wp\/v2\/media?parent=34374"}],"wp:term":[{"taxonomy":"product_brand","embeddable":true,"href":"https:\/\/emo-shop.com\/hr\/wp-json\/wp\/v2\/product_brand?post=34374"},{"taxonomy":"product_cat","embeddable":true,"href":"https:\/\/emo-shop.com\/hr\/wp-json\/wp\/v2\/product_cat?post=34374"},{"taxonomy":"product_tag","embeddable":true,"href":"https:\/\/emo-shop.com\/hr\/wp-json\/wp\/v2\/product_tag?post=34374"}],"curies":[{"name":"wp","href":"https:\/\/api.w.org\/{rel}","templated":true}]}}