{"id":34293,"date":"2024-07-30T10:30:40","date_gmt":"2024-07-30T10:30:40","guid":{"rendered":"https:\/\/emo-shop.com\/izdelki\/kuhalo-za-kavu-za-nastavnike-07-l\/"},"modified":"2026-02-10T10:56:56","modified_gmt":"2026-02-10T10:56:56","slug":"dzezva-za-nastavnike-07-l","status":"publish","type":"product","link":"https:\/\/emo-shop.com\/hr\/izdelki\/dzezva-za-nastavnike-07-l\/","title":{"rendered":"D\u017eezva za nastavnike 0,7 l"},"content":{"rendered":"<table class=\"shop_attributes\">\n<tbody>\n<tr>\n<th>Te\u017eina<\/th>\n<td class=\"product_weight\" data-o_content=\"Ni na voljo\">0,24 kg<\/td>\n<\/tr>\n<tr>\n<th>Dimenzije<\/th>\n<td class=\"product_dimensions\" data-o_content=\"Ni na voljo\">8.0 x 10.0 cm<\/td>\n<\/tr>\n<tr>\n<th>Materijal<\/th>\n<td>Emajlirani \u010deli\u010dni lim<\/td>\n<\/tr>\n<\/tbody>\n<\/table>\n<p data-pm-slice=\"1 1 []\">Nastavnikova moka aparat savr\u0161en je poklon za one koji svakodnevno oblikuju budu\u0107nost svojim znanjem i predano\u0161\u0107u.<\/p>\n<p data-pm-slice=\"1 1 []\">Izra\u0111en je s ljubiteljima kave na umu, koji cijene trenutke opu\u0161tanja tijekom nastave ili jutarnjeg razmi\u0161ljanja. Njegov ergonomski dizajn olak\u0161ava pripremu savr\u0161ene turske kave, dok pa\u017eljivo odabrani dizajn izra\u017eava po\u0161tovanje prema nastavni\u010dkoj profesiji.<\/p>\n<p data-pm-slice=\"1 1 []\">Bilo da se radi o simboli\u010dnoj zahvali na kraju \u0161kolske godine ili iznena\u0111enju za posebnu prigodu, ovaj aparat za kavu zasigurno \u0107e ugrijati srce svakog u\u010ditelja.<\/p>\n<p>Jeste li znali? EMO posu\u0111e za dom i ugostiteljstvo je:<\/p>\n<ul>\n<li>zdravo, emajlirano posu\u0111e za kuhanje<\/li>\n<li>pogodan za sve plo\u010de za kuhanje, uklju\u010duju\u0107i indukcijske<\/li>\n<li>pogodna za osobe s alergijama jer ne sadr\u017ei nikl<\/li>\n<li>100% higijenski besprijekoran, jednostavan za odr\u017eavanje<\/li>\n<li>bez \u0161tetnih premaza, pa se tijekom zagrijavanja ne otpu\u0161taju \u0161tetne tvari<\/li>\n<li>SLOVENSKI PROIZVOD \u2013 emajlirani posu\u0111e iz slovenske tvornice<\/li>\n<\/ul>\n","protected":false},"excerpt":{"rendered":"<p>Te\u017eina 0,24 kg Dimenzije 8.0 x 10.0 cm Materijal Emajlirani \u010deli\u010dni lim Nastavnikova moka aparat savr\u0161en je poklon za one<\/p>\n","protected":false},"featured_media":34295,"comment_status":"open","ping_status":"closed","template":"","meta":[],"product_brand":[],"product_cat":[891,792],"product_tag":[798,1024,1022,1274,1020,955,956,957,808,1023,1021],"class_list":{"0":"post-34293","1":"product","2":"type-product","3":"status-publish","4":"has-post-thumbnail","6":"product_cat-dzezve","7":"product_cat-izabrano-za-vas","8":"product_tag-emajlirano-posude","9":"product_tag-odrziv-aparat-za-kavu","10":"product_tag-poklon-za-ljubitelje-kave-2","11":"product_tag-poklon-za-nastavnike","12":"product_tag-porculanski-aparat-za-kavu","13":"product_tag-praktican-poklon","14":"product_tag-priprema-kave-kod-kuce","15":"product_tag-retro-kuhinjski-aparat","16":"product_tag-slovenska-kvaliteta","17":"product_tag-tradicionalna-moka","18":"product_tag-turska-kava","20":"first","21":"instock","22":"taxable","23":"shipping-taxable","24":"purchasable","25":"product-type-simple"},"yoast_head":"<!-- This site is optimized with the Yoast SEO plugin v27.4 - https:\/\/yoast.com\/product\/yoast-seo-wordpress\/ -->\n<title>D\u017eezva za nastavnike 0,7 l - Spletna trgovina s slovensko posodo - EMO ETT<\/title>\n<meta name=\"robots\" content=\"index, follow, max-snippet:-1, max-image-preview:large, max-video-preview:-1\" \/>\n<link rel=\"canonical\" href=\"https:\/\/emo-shop.com\/hr\/izdelki\/dzezva-za-nastavnike-07-l\/\" \/>\n<meta property=\"og:locale\" content=\"hr_HR\" \/>\n<meta property=\"og:type\" content=\"article\" \/>\n<meta property=\"og:title\" content=\"D\u017eezva za nastavnike 0,7 l - Spletna trgovina s slovensko posodo - EMO ETT\" \/>\n<meta property=\"og:description\" content=\"Te\u017eina 0,24 kg Dimenzije 8.0 x 10.0 cm Materijal Emajlirani \u010deli\u010dni lim Nastavnikova moka aparat savr\u0161en je poklon za one\" \/>\n<meta property=\"og:url\" content=\"https:\/\/emo-shop.com\/hr\/izdelki\/dzezva-za-nastavnike-07-l\/\" \/>\n<meta property=\"og:site_name\" content=\"Spletna trgovina s slovensko posodo - EMO ETT\" \/>\n<meta property=\"article:publisher\" content=\"https:\/\/www.facebook.com\/EMOSLOVENIA\" \/>\n<meta property=\"article:modified_time\" content=\"2026-02-10T10:56:56+00:00\" \/>\n<meta property=\"og:image\" content=\"https:\/\/emo-shop.com\/wp-content\/uploads\/2024\/07\/dzezva-knjiga.jpg\" \/>\n\t<meta property=\"og:image:width\" content=\"1000\" \/>\n\t<meta property=\"og:image:height\" content=\"619\" \/>\n\t<meta property=\"og:image:type\" content=\"image\/jpeg\" \/>\n<meta name=\"twitter:card\" content=\"summary_large_image\" \/>\n<meta name=\"twitter:label1\" content=\"Procijenjeno vrijeme \u010ditanja\" \/>\n\t<meta name=\"twitter:data1\" content=\"1 minuta\" \/>\n<script type=\"application\/ld+json\" class=\"yoast-schema-graph\">{\"@context\":\"https:\\\/\\\/schema.org\",\"@graph\":[{\"@type\":\"WebPage\",\"@id\":\"https:\\\/\\\/emo-shop.com\\\/hr\\\/izdelki\\\/dzezva-za-nastavnike-07-l\\\/\",\"url\":\"https:\\\/\\\/emo-shop.com\\\/hr\\\/izdelki\\\/dzezva-za-nastavnike-07-l\\\/\",\"name\":\"D\u017eezva za nastavnike 0,7 l - Spletna trgovina s slovensko posodo - EMO ETT\",\"isPartOf\":{\"@id\":\"https:\\\/\\\/emo-shop.com\\\/hr\\\/#website\"},\"primaryImageOfPage\":{\"@id\":\"https:\\\/\\\/emo-shop.com\\\/hr\\\/izdelki\\\/dzezva-za-nastavnike-07-l\\\/#primaryimage\"},\"image\":{\"@id\":\"https:\\\/\\\/emo-shop.com\\\/hr\\\/izdelki\\\/dzezva-za-nastavnike-07-l\\\/#primaryimage\"},\"thumbnailUrl\":\"https:\\\/\\\/emo-shop.com\\\/wp-content\\\/uploads\\\/2024\\\/07\\\/dzezva-knjiga.jpg\",\"datePublished\":\"2024-07-30T10:30:40+00:00\",\"dateModified\":\"2026-02-10T10:56:56+00:00\",\"breadcrumb\":{\"@id\":\"https:\\\/\\\/emo-shop.com\\\/hr\\\/izdelki\\\/dzezva-za-nastavnike-07-l\\\/#breadcrumb\"},\"inLanguage\":\"hr\",\"potentialAction\":[{\"@type\":\"ReadAction\",\"target\":[\"https:\\\/\\\/emo-shop.com\\\/hr\\\/izdelki\\\/dzezva-za-nastavnike-07-l\\\/\"]}]},{\"@type\":\"ImageObject\",\"inLanguage\":\"hr\",\"@id\":\"https:\\\/\\\/emo-shop.com\\\/hr\\\/izdelki\\\/dzezva-za-nastavnike-07-l\\\/#primaryimage\",\"url\":\"https:\\\/\\\/emo-shop.com\\\/wp-content\\\/uploads\\\/2024\\\/07\\\/dzezva-knjiga.jpg\",\"contentUrl\":\"https:\\\/\\\/emo-shop.com\\\/wp-content\\\/uploads\\\/2024\\\/07\\\/dzezva-knjiga.jpg\",\"width\":1000,\"height\":619},{\"@type\":\"BreadcrumbList\",\"@id\":\"https:\\\/\\\/emo-shop.com\\\/hr\\\/izdelki\\\/dzezva-za-nastavnike-07-l\\\/#breadcrumb\",\"itemListElement\":[{\"@type\":\"ListItem\",\"position\":1,\"name\":\"Home\",\"item\":\"https:\\\/\\\/emo-shop.com\\\/hr\\\/\"},{\"@type\":\"ListItem\",\"position\":2,\"name\":\"Trgovina\",\"item\":\"https:\\\/\\\/emo-shop.com\\\/hr\\\/trgovina\\\/\"},{\"@type\":\"ListItem\",\"position\":3,\"name\":\"D\u017eezva za nastavnike 0,7 l\"}]},{\"@type\":\"WebSite\",\"@id\":\"https:\\\/\\\/emo-shop.com\\\/hr\\\/#website\",\"url\":\"https:\\\/\\\/emo-shop.com\\\/hr\\\/\",\"name\":\"Spletna trgovina s slovensko posodo - EMO ETT\",\"description\":\"Spletna trgovina\",\"publisher\":{\"@id\":\"https:\\\/\\\/emo-shop.com\\\/hr\\\/#organization\"},\"potentialAction\":[{\"@type\":\"SearchAction\",\"target\":{\"@type\":\"EntryPoint\",\"urlTemplate\":\"https:\\\/\\\/emo-shop.com\\\/hr\\\/?s={search_term_string}\"},\"query-input\":{\"@type\":\"PropertyValueSpecification\",\"valueRequired\":true,\"valueName\":\"search_term_string\"}}],\"inLanguage\":\"hr\"},{\"@type\":\"Organization\",\"@id\":\"https:\\\/\\\/emo-shop.com\\\/hr\\\/#organization\",\"name\":\"Spletna trgovina s slovensko posodo - EMO ETT\",\"url\":\"https:\\\/\\\/emo-shop.com\\\/hr\\\/\",\"logo\":{\"@type\":\"ImageObject\",\"inLanguage\":\"hr\",\"@id\":\"https:\\\/\\\/emo-shop.com\\\/hr\\\/#\\\/schema\\\/logo\\\/image\\\/\",\"url\":\"https:\\\/\\\/emo-shop.com\\\/wp-content\\\/uploads\\\/2024\\\/07\\\/favicon.jpg\",\"contentUrl\":\"https:\\\/\\\/emo-shop.com\\\/wp-content\\\/uploads\\\/2024\\\/07\\\/favicon.jpg\",\"width\":512,\"height\":512,\"caption\":\"Spletna trgovina s slovensko posodo - EMO ETT\"},\"image\":{\"@id\":\"https:\\\/\\\/emo-shop.com\\\/hr\\\/#\\\/schema\\\/logo\\\/image\\\/\"},\"sameAs\":[\"https:\\\/\\\/www.facebook.com\\\/EMOSLOVENIA\"]}]}<\/script>\n<!-- \/ Yoast SEO plugin. -->","yoast_head_json":{"title":"D\u017eezva za nastavnike 0,7 l - Spletna trgovina s slovensko posodo - EMO ETT","robots":{"index":"index","follow":"follow","max-snippet":"max-snippet:-1","max-image-preview":"max-image-preview:large","max-video-preview":"max-video-preview:-1"},"canonical":"https:\/\/emo-shop.com\/hr\/izdelki\/dzezva-za-nastavnike-07-l\/","og_locale":"hr_HR","og_type":"article","og_title":"D\u017eezva za nastavnike 0,7 l - Spletna trgovina s slovensko posodo - EMO ETT","og_description":"Te\u017eina 0,24 kg Dimenzije 8.0 x 10.0 cm Materijal Emajlirani \u010deli\u010dni lim Nastavnikova moka aparat savr\u0161en je poklon za one","og_url":"https:\/\/emo-shop.com\/hr\/izdelki\/dzezva-za-nastavnike-07-l\/","og_site_name":"Spletna trgovina s slovensko posodo - EMO ETT","article_publisher":"https:\/\/www.facebook.com\/EMOSLOVENIA","article_modified_time":"2026-02-10T10:56:56+00:00","og_image":[{"width":1000,"height":619,"url":"https:\/\/emo-shop.com\/wp-content\/uploads\/2024\/07\/dzezva-knjiga.jpg","type":"image\/jpeg"}],"twitter_card":"summary_large_image","twitter_misc":{"Procijenjeno vrijeme \u010ditanja":"1 minuta"},"schema":{"@context":"https:\/\/schema.org","@graph":[{"@type":"WebPage","@id":"https:\/\/emo-shop.com\/hr\/izdelki\/dzezva-za-nastavnike-07-l\/","url":"https:\/\/emo-shop.com\/hr\/izdelki\/dzezva-za-nastavnike-07-l\/","name":"D\u017eezva za nastavnike 0,7 l - Spletna trgovina s slovensko posodo - EMO ETT","isPartOf":{"@id":"https:\/\/emo-shop.com\/hr\/#website"},"primaryImageOfPage":{"@id":"https:\/\/emo-shop.com\/hr\/izdelki\/dzezva-za-nastavnike-07-l\/#primaryimage"},"image":{"@id":"https:\/\/emo-shop.com\/hr\/izdelki\/dzezva-za-nastavnike-07-l\/#primaryimage"},"thumbnailUrl":"https:\/\/emo-shop.com\/wp-content\/uploads\/2024\/07\/dzezva-knjiga.jpg","datePublished":"2024-07-30T10:30:40+00:00","dateModified":"2026-02-10T10:56:56+00:00","breadcrumb":{"@id":"https:\/\/emo-shop.com\/hr\/izdelki\/dzezva-za-nastavnike-07-l\/#breadcrumb"},"inLanguage":"hr","potentialAction":[{"@type":"ReadAction","target":["https:\/\/emo-shop.com\/hr\/izdelki\/dzezva-za-nastavnike-07-l\/"]}]},{"@type":"ImageObject","inLanguage":"hr","@id":"https:\/\/emo-shop.com\/hr\/izdelki\/dzezva-za-nastavnike-07-l\/#primaryimage","url":"https:\/\/emo-shop.com\/wp-content\/uploads\/2024\/07\/dzezva-knjiga.jpg","contentUrl":"https:\/\/emo-shop.com\/wp-content\/uploads\/2024\/07\/dzezva-knjiga.jpg","width":1000,"height":619},{"@type":"BreadcrumbList","@id":"https:\/\/emo-shop.com\/hr\/izdelki\/dzezva-za-nastavnike-07-l\/#breadcrumb","itemListElement":[{"@type":"ListItem","position":1,"name":"Home","item":"https:\/\/emo-shop.com\/hr\/"},{"@type":"ListItem","position":2,"name":"Trgovina","item":"https:\/\/emo-shop.com\/hr\/trgovina\/"},{"@type":"ListItem","position":3,"name":"D\u017eezva za nastavnike 0,7 l"}]},{"@type":"WebSite","@id":"https:\/\/emo-shop.com\/hr\/#website","url":"https:\/\/emo-shop.com\/hr\/","name":"Spletna trgovina s slovensko posodo - EMO ETT","description":"Spletna trgovina","publisher":{"@id":"https:\/\/emo-shop.com\/hr\/#organization"},"potentialAction":[{"@type":"SearchAction","target":{"@type":"EntryPoint","urlTemplate":"https:\/\/emo-shop.com\/hr\/?s={search_term_string}"},"query-input":{"@type":"PropertyValueSpecification","valueRequired":true,"valueName":"search_term_string"}}],"inLanguage":"hr"},{"@type":"Organization","@id":"https:\/\/emo-shop.com\/hr\/#organization","name":"Spletna trgovina s slovensko posodo - EMO ETT","url":"https:\/\/emo-shop.com\/hr\/","logo":{"@type":"ImageObject","inLanguage":"hr","@id":"https:\/\/emo-shop.com\/hr\/#\/schema\/logo\/image\/","url":"https:\/\/emo-shop.com\/wp-content\/uploads\/2024\/07\/favicon.jpg","contentUrl":"https:\/\/emo-shop.com\/wp-content\/uploads\/2024\/07\/favicon.jpg","width":512,"height":512,"caption":"Spletna trgovina s slovensko posodo - EMO ETT"},"image":{"@id":"https:\/\/emo-shop.com\/hr\/#\/schema\/logo\/image\/"},"sameAs":["https:\/\/www.facebook.com\/EMOSLOVENIA"]}]}},"_links":{"self":[{"href":"https:\/\/emo-shop.com\/hr\/wp-json\/wp\/v2\/product\/34293","targetHints":{"allow":["GET"]}}],"collection":[{"href":"https:\/\/emo-shop.com\/hr\/wp-json\/wp\/v2\/product"}],"about":[{"href":"https:\/\/emo-shop.com\/hr\/wp-json\/wp\/v2\/types\/product"}],"replies":[{"embeddable":true,"href":"https:\/\/emo-shop.com\/hr\/wp-json\/wp\/v2\/comments?post=34293"}],"version-history":[{"count":0,"href":"https:\/\/emo-shop.com\/hr\/wp-json\/wp\/v2\/product\/34293\/revisions"}],"wp:featuredmedia":[{"embeddable":true,"href":"https:\/\/emo-shop.com\/hr\/wp-json\/wp\/v2\/media\/34295"}],"wp:attachment":[{"href":"https:\/\/emo-shop.com\/hr\/wp-json\/wp\/v2\/media?parent=34293"}],"wp:term":[{"taxonomy":"product_brand","embeddable":true,"href":"https:\/\/emo-shop.com\/hr\/wp-json\/wp\/v2\/product_brand?post=34293"},{"taxonomy":"product_cat","embeddable":true,"href":"https:\/\/emo-shop.com\/hr\/wp-json\/wp\/v2\/product_cat?post=34293"},{"taxonomy":"product_tag","embeddable":true,"href":"https:\/\/emo-shop.com\/hr\/wp-json\/wp\/v2\/product_tag?post=34293"}],"curies":[{"name":"wp","href":"https:\/\/api.w.org\/{rel}","templated":true}]}}