{"id":34236,"date":"2024-07-30T10:28:49","date_gmt":"2024-07-30T10:28:49","guid":{"rendered":"https:\/\/emo-shop.com\/izdelki\/boca-za-mlijeko-bijela\/"},"modified":"2024-07-30T10:28:49","modified_gmt":"2024-07-30T10:28:49","slug":"boca-za-mlijeko-bijela","status":"publish","type":"product","link":"https:\/\/emo-shop.com\/hr\/izdelki\/boca-za-mlijeko-bijela\/","title":{"rendered":"Boca za mlijeko, bijela"},"content":{"rendered":"<table class=\"shop_attributes\" style=\"height: 51px;\" width=\"279\">\n<tbody>\n<tr>\n<th>\u00a0Kangla te\u017eina 2 l<\/th>\n<td class=\"product_weight\">0,68 kg<\/td>\n<\/tr>\n<tr>\n<th>Dimenzije<\/th>\n<td class=\"product_dimensions\">13,0 x 18,0 cm<\/td>\n<\/tr>\n<\/tbody>\n<\/table>\n<table class=\"shop_attributes\" style=\"height: 42px;\" width=\"275\">\n<tbody>\n<tr>\n<th>Kangla 3 l te\u017eina<\/th>\n<td class=\"product_weight\">0,68 kg<\/td>\n<\/tr>\n<tr>\n<th>Dimenzije<\/th>\n<td class=\"product_dimensions\">14,0 x 24,0 cm<\/td>\n<\/tr>\n<\/tbody>\n<\/table>\n<p><strong>Jeste li znali? EMO posu\u0111e za ku\u0107anstvo i ugostiteljstvo nudi: Zdravo emajlirano posu\u0111e<\/strong><br \/>\n: Visokokvalitetno emajlirano posu\u0111e, idealno za pripremu va\u0161ih omiljenih jela.<\/p>\n<p><strong>Pogodno za sve plo\u010de za kuhanje<\/strong><br \/>\n: Pogodno za razli\u010dite vrste kuhala, uklju\u010duju\u0107i indukcijske plo\u010de.<\/p>\n<p><strong>Pogodno za alergi\u010dare<\/strong><br \/>\n: Bez nikla, tako\u0111er pogodno za osobe s alergijama.<\/p>\n<p><strong>Potpuno higijensko<\/strong><br \/>\n: 100 % higijenski besprijekorno posu\u0111e, jednostavno za \u010di\u0161\u0107enje i odr\u017eavanje.<\/p>\n<p><strong>Bez \u0161tetnih premaza<\/strong><br \/>\n: \u0160titimo va\u0161e zdravlje \u2013 tijekom zagrijavanja ne otpu\u0161taju se \u0161tetne tvari.<\/p>\n<p><strong>Ponosno slovensko<\/strong><br \/>\n: Proizvod slovenske proizvodnje, emajlirani posu\u0111e iz slovenske tvornice. Otkrijte eleganciju i zdravlje u jednom.<\/p>\n","protected":false},"excerpt":{"rendered":"<p>Porculanski bijeli vr\u010d za mlijeko<\/p>\n","protected":false},"featured_media":34237,"comment_status":"open","ping_status":"closed","template":"","meta":[],"product_brand":[],"product_cat":[791],"product_tag":[1261,858,1263,1258,1262,1259,970,1260],"class_list":{"0":"post-34236","1":"product","2":"type-product","3":"status-publish","4":"has-post-thumbnail","6":"product_cat-ostalo","7":"product_tag-bez-premaza","8":"product_tag-emo-celje","9":"product_tag-mlijecna-boka4","10":"product_tag-porculan","11":"product_tag-retro-posude","12":"product_tag-slovenski-brend","13":"product_tag-stalna-uporaba","14":"product_tag-zdravlje-u-kuhinji","16":"first","17":"instock","18":"taxable","19":"shipping-taxable","20":"purchasable","21":"product-type-variable"},"yoast_head":"<!-- This site is optimized with the Yoast SEO plugin v27.4 - https:\/\/yoast.com\/product\/yoast-seo-wordpress\/ -->\n<title>Boca za mlijeko, bijela - Spletna trgovina s slovensko posodo - EMO ETT<\/title>\n<meta name=\"robots\" content=\"index, follow, max-snippet:-1, max-image-preview:large, max-video-preview:-1\" \/>\n<link rel=\"canonical\" href=\"https:\/\/emo-shop.com\/hr\/izdelki\/boca-za-mlijeko-bijela\/\" \/>\n<meta property=\"og:locale\" content=\"hr_HR\" \/>\n<meta property=\"og:type\" content=\"article\" \/>\n<meta property=\"og:title\" content=\"Boca za mlijeko, bijela - Spletna trgovina s slovensko posodo - EMO ETT\" \/>\n<meta property=\"og:description\" content=\"Porculanski bijeli vr\u010d za mlijeko\" \/>\n<meta property=\"og:url\" content=\"https:\/\/emo-shop.com\/hr\/izdelki\/boca-za-mlijeko-bijela\/\" \/>\n<meta property=\"og:site_name\" content=\"Spletna trgovina s slovensko posodo - EMO ETT\" \/>\n<meta property=\"article:publisher\" content=\"https:\/\/www.facebook.com\/EMOSLOVENIA\" \/>\n<meta property=\"og:image\" content=\"https:\/\/emo-shop.com\/wp-content\/uploads\/2024\/07\/1275.jpg\" \/>\n\t<meta property=\"og:image:width\" content=\"800\" \/>\n\t<meta property=\"og:image:height\" content=\"600\" \/>\n\t<meta property=\"og:image:type\" content=\"image\/jpeg\" \/>\n<meta name=\"twitter:card\" content=\"summary_large_image\" \/>\n<meta name=\"twitter:label1\" content=\"Procijenjeno vrijeme \u010ditanja\" \/>\n\t<meta name=\"twitter:data1\" content=\"1 minuta\" \/>\n<script type=\"application\/ld+json\" class=\"yoast-schema-graph\">{\"@context\":\"https:\\\/\\\/schema.org\",\"@graph\":[{\"@type\":\"WebPage\",\"@id\":\"https:\\\/\\\/emo-shop.com\\\/hr\\\/izdelki\\\/boca-za-mlijeko-bijela\\\/\",\"url\":\"https:\\\/\\\/emo-shop.com\\\/hr\\\/izdelki\\\/boca-za-mlijeko-bijela\\\/\",\"name\":\"Boca za mlijeko, bijela - Spletna trgovina s slovensko posodo - EMO ETT\",\"isPartOf\":{\"@id\":\"https:\\\/\\\/emo-shop.com\\\/hr\\\/#website\"},\"primaryImageOfPage\":{\"@id\":\"https:\\\/\\\/emo-shop.com\\\/hr\\\/izdelki\\\/boca-za-mlijeko-bijela\\\/#primaryimage\"},\"image\":{\"@id\":\"https:\\\/\\\/emo-shop.com\\\/hr\\\/izdelki\\\/boca-za-mlijeko-bijela\\\/#primaryimage\"},\"thumbnailUrl\":\"https:\\\/\\\/emo-shop.com\\\/wp-content\\\/uploads\\\/2024\\\/07\\\/1275.jpg\",\"datePublished\":\"2024-07-30T10:28:49+00:00\",\"breadcrumb\":{\"@id\":\"https:\\\/\\\/emo-shop.com\\\/hr\\\/izdelki\\\/boca-za-mlijeko-bijela\\\/#breadcrumb\"},\"inLanguage\":\"hr\",\"potentialAction\":[{\"@type\":\"ReadAction\",\"target\":[\"https:\\\/\\\/emo-shop.com\\\/hr\\\/izdelki\\\/boca-za-mlijeko-bijela\\\/\"]}]},{\"@type\":\"ImageObject\",\"inLanguage\":\"hr\",\"@id\":\"https:\\\/\\\/emo-shop.com\\\/hr\\\/izdelki\\\/boca-za-mlijeko-bijela\\\/#primaryimage\",\"url\":\"https:\\\/\\\/emo-shop.com\\\/wp-content\\\/uploads\\\/2024\\\/07\\\/1275.jpg\",\"contentUrl\":\"https:\\\/\\\/emo-shop.com\\\/wp-content\\\/uploads\\\/2024\\\/07\\\/1275.jpg\",\"width\":800,\"height\":600},{\"@type\":\"BreadcrumbList\",\"@id\":\"https:\\\/\\\/emo-shop.com\\\/hr\\\/izdelki\\\/boca-za-mlijeko-bijela\\\/#breadcrumb\",\"itemListElement\":[{\"@type\":\"ListItem\",\"position\":1,\"name\":\"Home\",\"item\":\"https:\\\/\\\/emo-shop.com\\\/hr\\\/\"},{\"@type\":\"ListItem\",\"position\":2,\"name\":\"Trgovina\",\"item\":\"https:\\\/\\\/emo-shop.com\\\/hr\\\/trgovina\\\/\"},{\"@type\":\"ListItem\",\"position\":3,\"name\":\"Boca za mlijeko, bijela\"}]},{\"@type\":\"WebSite\",\"@id\":\"https:\\\/\\\/emo-shop.com\\\/hr\\\/#website\",\"url\":\"https:\\\/\\\/emo-shop.com\\\/hr\\\/\",\"name\":\"Spletna trgovina s slovensko posodo - EMO ETT\",\"description\":\"Spletna trgovina\",\"publisher\":{\"@id\":\"https:\\\/\\\/emo-shop.com\\\/hr\\\/#organization\"},\"potentialAction\":[{\"@type\":\"SearchAction\",\"target\":{\"@type\":\"EntryPoint\",\"urlTemplate\":\"https:\\\/\\\/emo-shop.com\\\/hr\\\/?s={search_term_string}\"},\"query-input\":{\"@type\":\"PropertyValueSpecification\",\"valueRequired\":true,\"valueName\":\"search_term_string\"}}],\"inLanguage\":\"hr\"},{\"@type\":\"Organization\",\"@id\":\"https:\\\/\\\/emo-shop.com\\\/hr\\\/#organization\",\"name\":\"Spletna trgovina s slovensko posodo - EMO ETT\",\"url\":\"https:\\\/\\\/emo-shop.com\\\/hr\\\/\",\"logo\":{\"@type\":\"ImageObject\",\"inLanguage\":\"hr\",\"@id\":\"https:\\\/\\\/emo-shop.com\\\/hr\\\/#\\\/schema\\\/logo\\\/image\\\/\",\"url\":\"https:\\\/\\\/emo-shop.com\\\/wp-content\\\/uploads\\\/2024\\\/07\\\/favicon.jpg\",\"contentUrl\":\"https:\\\/\\\/emo-shop.com\\\/wp-content\\\/uploads\\\/2024\\\/07\\\/favicon.jpg\",\"width\":512,\"height\":512,\"caption\":\"Spletna trgovina s slovensko posodo - EMO ETT\"},\"image\":{\"@id\":\"https:\\\/\\\/emo-shop.com\\\/hr\\\/#\\\/schema\\\/logo\\\/image\\\/\"},\"sameAs\":[\"https:\\\/\\\/www.facebook.com\\\/EMOSLOVENIA\"]}]}<\/script>\n<!-- \/ Yoast SEO plugin. -->","yoast_head_json":{"title":"Boca za mlijeko, bijela - Spletna trgovina s slovensko posodo - EMO ETT","robots":{"index":"index","follow":"follow","max-snippet":"max-snippet:-1","max-image-preview":"max-image-preview:large","max-video-preview":"max-video-preview:-1"},"canonical":"https:\/\/emo-shop.com\/hr\/izdelki\/boca-za-mlijeko-bijela\/","og_locale":"hr_HR","og_type":"article","og_title":"Boca za mlijeko, bijela - Spletna trgovina s slovensko posodo - EMO ETT","og_description":"Porculanski bijeli vr\u010d za mlijeko","og_url":"https:\/\/emo-shop.com\/hr\/izdelki\/boca-za-mlijeko-bijela\/","og_site_name":"Spletna trgovina s slovensko posodo - EMO ETT","article_publisher":"https:\/\/www.facebook.com\/EMOSLOVENIA","og_image":[{"width":800,"height":600,"url":"https:\/\/emo-shop.com\/wp-content\/uploads\/2024\/07\/1275.jpg","type":"image\/jpeg"}],"twitter_card":"summary_large_image","twitter_misc":{"Procijenjeno vrijeme \u010ditanja":"1 minuta"},"schema":{"@context":"https:\/\/schema.org","@graph":[{"@type":"WebPage","@id":"https:\/\/emo-shop.com\/hr\/izdelki\/boca-za-mlijeko-bijela\/","url":"https:\/\/emo-shop.com\/hr\/izdelki\/boca-za-mlijeko-bijela\/","name":"Boca za mlijeko, bijela - Spletna trgovina s slovensko posodo - EMO ETT","isPartOf":{"@id":"https:\/\/emo-shop.com\/hr\/#website"},"primaryImageOfPage":{"@id":"https:\/\/emo-shop.com\/hr\/izdelki\/boca-za-mlijeko-bijela\/#primaryimage"},"image":{"@id":"https:\/\/emo-shop.com\/hr\/izdelki\/boca-za-mlijeko-bijela\/#primaryimage"},"thumbnailUrl":"https:\/\/emo-shop.com\/wp-content\/uploads\/2024\/07\/1275.jpg","datePublished":"2024-07-30T10:28:49+00:00","breadcrumb":{"@id":"https:\/\/emo-shop.com\/hr\/izdelki\/boca-za-mlijeko-bijela\/#breadcrumb"},"inLanguage":"hr","potentialAction":[{"@type":"ReadAction","target":["https:\/\/emo-shop.com\/hr\/izdelki\/boca-za-mlijeko-bijela\/"]}]},{"@type":"ImageObject","inLanguage":"hr","@id":"https:\/\/emo-shop.com\/hr\/izdelki\/boca-za-mlijeko-bijela\/#primaryimage","url":"https:\/\/emo-shop.com\/wp-content\/uploads\/2024\/07\/1275.jpg","contentUrl":"https:\/\/emo-shop.com\/wp-content\/uploads\/2024\/07\/1275.jpg","width":800,"height":600},{"@type":"BreadcrumbList","@id":"https:\/\/emo-shop.com\/hr\/izdelki\/boca-za-mlijeko-bijela\/#breadcrumb","itemListElement":[{"@type":"ListItem","position":1,"name":"Home","item":"https:\/\/emo-shop.com\/hr\/"},{"@type":"ListItem","position":2,"name":"Trgovina","item":"https:\/\/emo-shop.com\/hr\/trgovina\/"},{"@type":"ListItem","position":3,"name":"Boca za mlijeko, bijela"}]},{"@type":"WebSite","@id":"https:\/\/emo-shop.com\/hr\/#website","url":"https:\/\/emo-shop.com\/hr\/","name":"Spletna trgovina s slovensko posodo - EMO ETT","description":"Spletna trgovina","publisher":{"@id":"https:\/\/emo-shop.com\/hr\/#organization"},"potentialAction":[{"@type":"SearchAction","target":{"@type":"EntryPoint","urlTemplate":"https:\/\/emo-shop.com\/hr\/?s={search_term_string}"},"query-input":{"@type":"PropertyValueSpecification","valueRequired":true,"valueName":"search_term_string"}}],"inLanguage":"hr"},{"@type":"Organization","@id":"https:\/\/emo-shop.com\/hr\/#organization","name":"Spletna trgovina s slovensko posodo - EMO ETT","url":"https:\/\/emo-shop.com\/hr\/","logo":{"@type":"ImageObject","inLanguage":"hr","@id":"https:\/\/emo-shop.com\/hr\/#\/schema\/logo\/image\/","url":"https:\/\/emo-shop.com\/wp-content\/uploads\/2024\/07\/favicon.jpg","contentUrl":"https:\/\/emo-shop.com\/wp-content\/uploads\/2024\/07\/favicon.jpg","width":512,"height":512,"caption":"Spletna trgovina s slovensko posodo - EMO ETT"},"image":{"@id":"https:\/\/emo-shop.com\/hr\/#\/schema\/logo\/image\/"},"sameAs":["https:\/\/www.facebook.com\/EMOSLOVENIA"]}]}},"_links":{"self":[{"href":"https:\/\/emo-shop.com\/hr\/wp-json\/wp\/v2\/product\/34236","targetHints":{"allow":["GET"]}}],"collection":[{"href":"https:\/\/emo-shop.com\/hr\/wp-json\/wp\/v2\/product"}],"about":[{"href":"https:\/\/emo-shop.com\/hr\/wp-json\/wp\/v2\/types\/product"}],"replies":[{"embeddable":true,"href":"https:\/\/emo-shop.com\/hr\/wp-json\/wp\/v2\/comments?post=34236"}],"version-history":[{"count":0,"href":"https:\/\/emo-shop.com\/hr\/wp-json\/wp\/v2\/product\/34236\/revisions"}],"wp:featuredmedia":[{"embeddable":true,"href":"https:\/\/emo-shop.com\/hr\/wp-json\/wp\/v2\/media\/34237"}],"wp:attachment":[{"href":"https:\/\/emo-shop.com\/hr\/wp-json\/wp\/v2\/media?parent=34236"}],"wp:term":[{"taxonomy":"product_brand","embeddable":true,"href":"https:\/\/emo-shop.com\/hr\/wp-json\/wp\/v2\/product_brand?post=34236"},{"taxonomy":"product_cat","embeddable":true,"href":"https:\/\/emo-shop.com\/hr\/wp-json\/wp\/v2\/product_cat?post=34236"},{"taxonomy":"product_tag","embeddable":true,"href":"https:\/\/emo-shop.com\/hr\/wp-json\/wp\/v2\/product_tag?post=34236"}],"curies":[{"name":"wp","href":"https:\/\/api.w.org\/{rel}","templated":true}]}}