{"id":34197,"date":"2024-07-30T10:32:09","date_gmt":"2024-07-30T10:32:09","guid":{"rendered":"https:\/\/emo-shop.com\/izdelki\/visoka-posuda-s-staklenim-poklopcem-nostalgia\/"},"modified":"2024-07-30T10:32:09","modified_gmt":"2024-07-30T10:32:09","slug":"visoka-posuda-s-staklenim-poklopcem-nostalgia","status":"publish","type":"product","link":"https:\/\/emo-shop.com\/hr\/izdelki\/visoka-posuda-s-staklenim-poklopcem-nostalgia\/","title":{"rendered":"Visoka posuda s staklenim poklopcem NOSTALGIA"},"content":{"rendered":"<h2><strong>Emajlirana crvena posuda s bijelim to\u010dkicama i staklenim poklopcem, pogodna za sve vrste plo\u010da za kuhanje, uklju\u010duju\u0107i indukciju<\/strong><\/h2>\n<table style=\"height: 160px;\" width=\"397\">\n<tbody>\n<tr>\n<td class=\"emptycell\" rowspan=\"2\"><\/td>\n<td colspan=\"4\">\n<p style=\"text-align: center;\"><strong>Zapremnina<\/strong><\/p>\n<\/td>\n<\/tr>\n<tr>\n<td style=\"text-align: center;\"><strong>2 L<\/strong><\/td>\n<td style=\"text-align: center;\"><strong>4 L<\/strong><\/td>\n<td style=\"text-align: center;\"><strong>5<\/strong><\/td>\n<td style=\"text-align: center;\"><strong>6,5<\/strong><\/td>\n<\/tr>\n<tr>\n<td style=\"text-align: right;\"><strong>\u0160irina (cm)<\/strong><\/td>\n<td style=\"text-align: center;\"><strong>16<\/strong><\/td>\n<td style=\"text-align: center;\"><strong>20<\/strong><\/td>\n<td style=\"text-align: center;\"><strong>22<\/strong><\/td>\n<td style=\"text-align: center;\"><strong>24<\/strong><\/td>\n<\/tr>\n<tr>\n<td style=\"text-align: right;\"><strong>Visina (cm)<\/strong><\/td>\n<td style=\"text-align: center;\"><strong>11<\/strong><\/td>\n<td style=\"text-align: center;\"><strong>13<\/strong><\/td>\n<td style=\"text-align: center;\"><strong>14<\/strong><\/td>\n<td style=\"text-align: center;\"><strong>16<\/strong><\/td>\n<\/tr>\n<tr>\n<td style=\"text-align: right;\"><strong>Neto te\u017eina (kg)<\/strong><\/td>\n<td style=\"text-align: center;\"><strong>0,92<\/strong><\/td>\n<td style=\"text-align: center;\"><strong>1.34<\/strong><\/td>\n<td style=\"text-align: center;\"><strong>1.59<\/strong><\/td>\n<td style=\"text-align: center;\"><strong>1.72<\/strong><\/td>\n<\/tr>\n<tr>\n<td style=\"text-align: right;\"><strong>Boja<\/strong><\/td>\n<td style=\"text-align: center;\" colspan=\"4\"><strong>crvena<\/strong><\/td>\n<\/tr>\n<tr>\n<td style=\"text-align: right;\"><strong>Materijal<\/strong><\/td>\n<td style=\"text-align: center;\" colspan=\"4\"><strong>\u00a0\u010deli\u010dni lim oblo\u017een emajlom<\/strong><\/td>\n<\/tr>\n<\/tbody>\n<\/table>\n<p><strong>Jeste li znali? EMO POSU\u0110A ZA KUHINJU I KATERING nudi: Zdravu posudu od emajla<\/strong><br \/>\n: Visokokvalitetna posuda od emajla, idealna za pripremu va\u0161ih omiljenih jela.<\/p>\n<p><strong>Pogodno za sve plo\u010de za kuhanje<\/strong><br \/>\n: Pogodno za razli\u010dite vrste kuhala, uklju\u010duju\u0107i indukcijske plo\u010de.<\/p>\n<p><strong>Pogodno za alergi\u010dare<\/strong><br \/>\n: Bez nikla, tako\u0111er pogodno za osobe s alergijama.<\/p>\n<p><strong>Potpuno higijensko<\/strong><br \/>\n: 100 % higijenski besprijekorno posu\u0111e, jednostavno za \u010di\u0161\u0107enje i odr\u017eavanje.<\/p>\n<p><strong>Bez \u0161tetnih premaza<\/strong><br \/>\n: \u0160titimo va\u0161e zdravlje \u2013 tijekom zagrijavanja ne otpu\u0161taju se \u0161tetne tvari.<\/p>\n<p><strong>Ponosno slovensko<\/strong><br \/>\n: Proizvod slovenske proizvodnje, emajlirani posu\u0111 za kuhanje iz slovenske tvornice. Otkrijte eleganciju i zdravlje u jednom.<\/p>\n<p><strong>EMO COOKWARE \u2013 Za ukusne obroke bez kompromisa.<\/strong><\/p>\n","protected":false},"excerpt":{"rendered":"<p>Emajlirana crvena lonac s bijelim to\u010dkicama i staklenim poklopcem, pogodan za sve vrste plo\u010da za kuhanje, uklju\u010duju\u0107i indukciju.<\/p>\n","protected":false},"featured_media":28002,"comment_status":"open","ping_status":"closed","template":"","meta":[],"product_brand":[],"product_cat":[850,913],"product_tag":[862,1236,958,858,859,1235,860,950,793,808,949],"class_list":{"0":"post-34197","1":"product","2":"type-product","3":"status-publish","4":"has-post-thumbnail","6":"product_cat-linija-nostalgija","7":"product_cat-serpe","8":"product_tag-bez-stetnih-premaza","9":"product_tag-crveni-kozice-s-pjegama","10":"product_tag-emajlirani-lonac-2","11":"product_tag-emo-celje","12":"product_tag-kuhinjski-pribor","13":"product_tag-nostalgija","14":"product_tag-odrzivo-posude","15":"product_tag-pogodno-za-alergicare-2","16":"product_tag-retro-dizajn","17":"product_tag-slovenska-kvaliteta","18":"product_tag-zdravo-kuhanje","20":"first","21":"instock","22":"taxable","23":"shipping-taxable","24":"purchasable","25":"product-type-variable"},"yoast_head":"<!-- This site is optimized with the Yoast SEO plugin v27.4 - https:\/\/yoast.com\/product\/yoast-seo-wordpress\/ -->\n<title>Visoka posuda s staklenim poklopcem NOSTALGIA - Spletna trgovina s slovensko posodo - EMO ETT<\/title>\n<meta name=\"robots\" content=\"index, follow, max-snippet:-1, max-image-preview:large, max-video-preview:-1\" \/>\n<link rel=\"canonical\" href=\"https:\/\/emo-shop.com\/hr\/izdelki\/visoka-posuda-s-staklenim-poklopcem-nostalgia\/\" \/>\n<meta property=\"og:locale\" content=\"hr_HR\" \/>\n<meta property=\"og:type\" content=\"article\" \/>\n<meta property=\"og:title\" content=\"Visoka posuda s staklenim poklopcem NOSTALGIA - Spletna trgovina s slovensko posodo - EMO ETT\" \/>\n<meta property=\"og:description\" content=\"Emajlirana crvena lonac s bijelim to\u010dkicama i staklenim poklopcem, pogodan za sve vrste plo\u010da za kuhanje, uklju\u010duju\u0107i indukciju.\" \/>\n<meta property=\"og:url\" content=\"https:\/\/emo-shop.com\/hr\/izdelki\/visoka-posuda-s-staklenim-poklopcem-nostalgia\/\" \/>\n<meta property=\"og:site_name\" content=\"Spletna trgovina s slovensko posodo - EMO ETT\" \/>\n<meta property=\"article:publisher\" content=\"https:\/\/www.facebook.com\/EMOSLOVENIA\" \/>\n<meta name=\"twitter:card\" content=\"summary_large_image\" \/>\n<meta name=\"twitter:label1\" content=\"Procijenjeno vrijeme \u010ditanja\" \/>\n\t<meta name=\"twitter:data1\" content=\"1 minuta\" \/>\n<script type=\"application\/ld+json\" class=\"yoast-schema-graph\">{\"@context\":\"https:\\\/\\\/schema.org\",\"@graph\":[{\"@type\":\"WebPage\",\"@id\":\"https:\\\/\\\/emo-shop.com\\\/hr\\\/izdelki\\\/visoka-posuda-s-staklenim-poklopcem-nostalgia\\\/\",\"url\":\"https:\\\/\\\/emo-shop.com\\\/hr\\\/izdelki\\\/visoka-posuda-s-staklenim-poklopcem-nostalgia\\\/\",\"name\":\"Visoka posuda s staklenim poklopcem NOSTALGIA - Spletna trgovina s slovensko posodo - EMO ETT\",\"isPartOf\":{\"@id\":\"https:\\\/\\\/emo-shop.com\\\/hr\\\/#website\"},\"primaryImageOfPage\":{\"@id\":\"https:\\\/\\\/emo-shop.com\\\/hr\\\/izdelki\\\/visoka-posuda-s-staklenim-poklopcem-nostalgia\\\/#primaryimage\"},\"image\":{\"@id\":\"https:\\\/\\\/emo-shop.com\\\/hr\\\/izdelki\\\/visoka-posuda-s-staklenim-poklopcem-nostalgia\\\/#primaryimage\"},\"thumbnailUrl\":\"https:\\\/\\\/emo-shop.com\\\/wp-content\\\/uploads\\\/2024\\\/07\\\/292-scaled.jpg\",\"datePublished\":\"2024-07-30T10:32:09+00:00\",\"breadcrumb\":{\"@id\":\"https:\\\/\\\/emo-shop.com\\\/hr\\\/izdelki\\\/visoka-posuda-s-staklenim-poklopcem-nostalgia\\\/#breadcrumb\"},\"inLanguage\":\"hr\",\"potentialAction\":[{\"@type\":\"ReadAction\",\"target\":[\"https:\\\/\\\/emo-shop.com\\\/hr\\\/izdelki\\\/visoka-posuda-s-staklenim-poklopcem-nostalgia\\\/\"]}]},{\"@type\":\"ImageObject\",\"inLanguage\":\"hr\",\"@id\":\"https:\\\/\\\/emo-shop.com\\\/hr\\\/izdelki\\\/visoka-posuda-s-staklenim-poklopcem-nostalgia\\\/#primaryimage\",\"url\":\"https:\\\/\\\/emo-shop.com\\\/wp-content\\\/uploads\\\/2024\\\/07\\\/292-scaled.jpg\",\"contentUrl\":\"https:\\\/\\\/emo-shop.com\\\/wp-content\\\/uploads\\\/2024\\\/07\\\/292-scaled.jpg\",\"width\":800,\"height\":600},{\"@type\":\"BreadcrumbList\",\"@id\":\"https:\\\/\\\/emo-shop.com\\\/hr\\\/izdelki\\\/visoka-posuda-s-staklenim-poklopcem-nostalgia\\\/#breadcrumb\",\"itemListElement\":[{\"@type\":\"ListItem\",\"position\":1,\"name\":\"Home\",\"item\":\"https:\\\/\\\/emo-shop.com\\\/hr\\\/\"},{\"@type\":\"ListItem\",\"position\":2,\"name\":\"Trgovina\",\"item\":\"https:\\\/\\\/emo-shop.com\\\/hr\\\/trgovina\\\/\"},{\"@type\":\"ListItem\",\"position\":3,\"name\":\"Visoka posuda s staklenim poklopcem NOSTALGIA\"}]},{\"@type\":\"WebSite\",\"@id\":\"https:\\\/\\\/emo-shop.com\\\/hr\\\/#website\",\"url\":\"https:\\\/\\\/emo-shop.com\\\/hr\\\/\",\"name\":\"Spletna trgovina s slovensko posodo - EMO ETT\",\"description\":\"Spletna trgovina\",\"publisher\":{\"@id\":\"https:\\\/\\\/emo-shop.com\\\/hr\\\/#organization\"},\"potentialAction\":[{\"@type\":\"SearchAction\",\"target\":{\"@type\":\"EntryPoint\",\"urlTemplate\":\"https:\\\/\\\/emo-shop.com\\\/hr\\\/?s={search_term_string}\"},\"query-input\":{\"@type\":\"PropertyValueSpecification\",\"valueRequired\":true,\"valueName\":\"search_term_string\"}}],\"inLanguage\":\"hr\"},{\"@type\":\"Organization\",\"@id\":\"https:\\\/\\\/emo-shop.com\\\/hr\\\/#organization\",\"name\":\"Spletna trgovina s slovensko posodo - EMO ETT\",\"url\":\"https:\\\/\\\/emo-shop.com\\\/hr\\\/\",\"logo\":{\"@type\":\"ImageObject\",\"inLanguage\":\"hr\",\"@id\":\"https:\\\/\\\/emo-shop.com\\\/hr\\\/#\\\/schema\\\/logo\\\/image\\\/\",\"url\":\"https:\\\/\\\/emo-shop.com\\\/wp-content\\\/uploads\\\/2024\\\/07\\\/favicon.jpg\",\"contentUrl\":\"https:\\\/\\\/emo-shop.com\\\/wp-content\\\/uploads\\\/2024\\\/07\\\/favicon.jpg\",\"width\":512,\"height\":512,\"caption\":\"Spletna trgovina s slovensko posodo - EMO ETT\"},\"image\":{\"@id\":\"https:\\\/\\\/emo-shop.com\\\/hr\\\/#\\\/schema\\\/logo\\\/image\\\/\"},\"sameAs\":[\"https:\\\/\\\/www.facebook.com\\\/EMOSLOVENIA\"]}]}<\/script>\n<!-- \/ Yoast SEO plugin. -->","yoast_head_json":{"title":"Visoka posuda s staklenim poklopcem NOSTALGIA - Spletna trgovina s slovensko posodo - EMO ETT","robots":{"index":"index","follow":"follow","max-snippet":"max-snippet:-1","max-image-preview":"max-image-preview:large","max-video-preview":"max-video-preview:-1"},"canonical":"https:\/\/emo-shop.com\/hr\/izdelki\/visoka-posuda-s-staklenim-poklopcem-nostalgia\/","og_locale":"hr_HR","og_type":"article","og_title":"Visoka posuda s staklenim poklopcem NOSTALGIA - Spletna trgovina s slovensko posodo - EMO ETT","og_description":"Emajlirana crvena lonac s bijelim to\u010dkicama i staklenim poklopcem, pogodan za sve vrste plo\u010da za kuhanje, uklju\u010duju\u0107i indukciju.","og_url":"https:\/\/emo-shop.com\/hr\/izdelki\/visoka-posuda-s-staklenim-poklopcem-nostalgia\/","og_site_name":"Spletna trgovina s slovensko posodo - EMO ETT","article_publisher":"https:\/\/www.facebook.com\/EMOSLOVENIA","twitter_card":"summary_large_image","twitter_misc":{"Procijenjeno vrijeme \u010ditanja":"1 minuta"},"schema":{"@context":"https:\/\/schema.org","@graph":[{"@type":"WebPage","@id":"https:\/\/emo-shop.com\/hr\/izdelki\/visoka-posuda-s-staklenim-poklopcem-nostalgia\/","url":"https:\/\/emo-shop.com\/hr\/izdelki\/visoka-posuda-s-staklenim-poklopcem-nostalgia\/","name":"Visoka posuda s staklenim poklopcem NOSTALGIA - Spletna trgovina s slovensko posodo - EMO ETT","isPartOf":{"@id":"https:\/\/emo-shop.com\/hr\/#website"},"primaryImageOfPage":{"@id":"https:\/\/emo-shop.com\/hr\/izdelki\/visoka-posuda-s-staklenim-poklopcem-nostalgia\/#primaryimage"},"image":{"@id":"https:\/\/emo-shop.com\/hr\/izdelki\/visoka-posuda-s-staklenim-poklopcem-nostalgia\/#primaryimage"},"thumbnailUrl":"https:\/\/emo-shop.com\/wp-content\/uploads\/2024\/07\/292-scaled.jpg","datePublished":"2024-07-30T10:32:09+00:00","breadcrumb":{"@id":"https:\/\/emo-shop.com\/hr\/izdelki\/visoka-posuda-s-staklenim-poklopcem-nostalgia\/#breadcrumb"},"inLanguage":"hr","potentialAction":[{"@type":"ReadAction","target":["https:\/\/emo-shop.com\/hr\/izdelki\/visoka-posuda-s-staklenim-poklopcem-nostalgia\/"]}]},{"@type":"ImageObject","inLanguage":"hr","@id":"https:\/\/emo-shop.com\/hr\/izdelki\/visoka-posuda-s-staklenim-poklopcem-nostalgia\/#primaryimage","url":"https:\/\/emo-shop.com\/wp-content\/uploads\/2024\/07\/292-scaled.jpg","contentUrl":"https:\/\/emo-shop.com\/wp-content\/uploads\/2024\/07\/292-scaled.jpg","width":800,"height":600},{"@type":"BreadcrumbList","@id":"https:\/\/emo-shop.com\/hr\/izdelki\/visoka-posuda-s-staklenim-poklopcem-nostalgia\/#breadcrumb","itemListElement":[{"@type":"ListItem","position":1,"name":"Home","item":"https:\/\/emo-shop.com\/hr\/"},{"@type":"ListItem","position":2,"name":"Trgovina","item":"https:\/\/emo-shop.com\/hr\/trgovina\/"},{"@type":"ListItem","position":3,"name":"Visoka posuda s staklenim poklopcem NOSTALGIA"}]},{"@type":"WebSite","@id":"https:\/\/emo-shop.com\/hr\/#website","url":"https:\/\/emo-shop.com\/hr\/","name":"Spletna trgovina s slovensko posodo - EMO ETT","description":"Spletna trgovina","publisher":{"@id":"https:\/\/emo-shop.com\/hr\/#organization"},"potentialAction":[{"@type":"SearchAction","target":{"@type":"EntryPoint","urlTemplate":"https:\/\/emo-shop.com\/hr\/?s={search_term_string}"},"query-input":{"@type":"PropertyValueSpecification","valueRequired":true,"valueName":"search_term_string"}}],"inLanguage":"hr"},{"@type":"Organization","@id":"https:\/\/emo-shop.com\/hr\/#organization","name":"Spletna trgovina s slovensko posodo - EMO ETT","url":"https:\/\/emo-shop.com\/hr\/","logo":{"@type":"ImageObject","inLanguage":"hr","@id":"https:\/\/emo-shop.com\/hr\/#\/schema\/logo\/image\/","url":"https:\/\/emo-shop.com\/wp-content\/uploads\/2024\/07\/favicon.jpg","contentUrl":"https:\/\/emo-shop.com\/wp-content\/uploads\/2024\/07\/favicon.jpg","width":512,"height":512,"caption":"Spletna trgovina s slovensko posodo - EMO ETT"},"image":{"@id":"https:\/\/emo-shop.com\/hr\/#\/schema\/logo\/image\/"},"sameAs":["https:\/\/www.facebook.com\/EMOSLOVENIA"]}]}},"_links":{"self":[{"href":"https:\/\/emo-shop.com\/hr\/wp-json\/wp\/v2\/product\/34197","targetHints":{"allow":["GET"]}}],"collection":[{"href":"https:\/\/emo-shop.com\/hr\/wp-json\/wp\/v2\/product"}],"about":[{"href":"https:\/\/emo-shop.com\/hr\/wp-json\/wp\/v2\/types\/product"}],"replies":[{"embeddable":true,"href":"https:\/\/emo-shop.com\/hr\/wp-json\/wp\/v2\/comments?post=34197"}],"version-history":[{"count":0,"href":"https:\/\/emo-shop.com\/hr\/wp-json\/wp\/v2\/product\/34197\/revisions"}],"wp:featuredmedia":[{"embeddable":true,"href":"https:\/\/emo-shop.com\/hr\/wp-json\/wp\/v2\/media\/28002"}],"wp:attachment":[{"href":"https:\/\/emo-shop.com\/hr\/wp-json\/wp\/v2\/media?parent=34197"}],"wp:term":[{"taxonomy":"product_brand","embeddable":true,"href":"https:\/\/emo-shop.com\/hr\/wp-json\/wp\/v2\/product_brand?post=34197"},{"taxonomy":"product_cat","embeddable":true,"href":"https:\/\/emo-shop.com\/hr\/wp-json\/wp\/v2\/product_cat?post=34197"},{"taxonomy":"product_tag","embeddable":true,"href":"https:\/\/emo-shop.com\/hr\/wp-json\/wp\/v2\/product_tag?post=34197"}],"curies":[{"name":"wp","href":"https:\/\/api.w.org\/{rel}","templated":true}]}}