{"id":34178,"date":"2024-07-30T10:32:40","date_gmt":"2024-07-30T10:32:40","guid":{"rendered":"https:\/\/emo-shop.com\/izdelki\/plitka-tanjura-boja-pijeska\/"},"modified":"2024-07-30T10:32:40","modified_gmt":"2024-07-30T10:32:40","slug":"plitka-tanjura-boja-pijeska","status":"publish","type":"product","link":"https:\/\/emo-shop.com\/hr\/izdelki\/plitka-tanjura-boja-pijeska\/","title":{"rendered":"Plitka tanjura &#8211; boja pijeska"},"content":{"rendered":"<table class=\"shop_attributes\">\n<tbody>\n<tr>\n<th>Te\u017eina<\/th>\n<td class=\"product_weight\">0,27 kg<\/td>\n<\/tr>\n<tr>\n<th>Dimenzije<\/th>\n<td class=\"product_dimensions\">22,0 x 4,0 cm<\/td>\n<\/tr>\n<tr>\n<th>Materijal<\/th>\n<td>Emajlirani \u010deli\u010dni lim<\/td>\n<\/tr>\n<tr>\n<th>Veli\u010dina<\/th>\n<td>22 cm<\/td>\n<\/tr>\n<tr>\n<th><\/th>\n<td><\/td>\n<\/tr>\n<tr>\n<th>Stil boje<\/th>\n<td>Bej\u017e<\/td>\n<\/tr>\n<\/tbody>\n<\/table>\n<p><strong>Jeste li znali da EMO COOKWARE FOR HOME AND CATERING nudi: Zdravo posu\u0111e s emajlom<\/strong><br \/>\n: Visokokvalitetno posu\u0111e s emajlom, idealno za pripremu va\u0161ih omiljenih jela.<\/p>\n<p><strong>Pogodno za sve plo\u010de za kuhanje<\/strong><br \/>\n: Pogodno za razli\u010dite vrste plo\u010da za kuhanje, uklju\u010duju\u0107i indukcijske plo\u010de.<\/p>\n<p><strong>Pogodno za alergi\u010dare<\/strong><br \/>\n: Bez nikla, tako\u0111er pogodno za osobe s alergijama.<\/p>\n<p><strong>Potpuno higijensko<\/strong><br \/>\n: 100 % higijenski besprijekorna posuda za kuhanje, jednostavna za \u010di\u0161\u0107enje i odr\u017eavanje.<\/p>\n<p><strong>Bez \u0161tetnih premaza<\/strong><br \/>\n: Brinemo o va\u0161em zdravlju \u2013 tijekom zagrijavanja ne otpu\u0161taju se \u0161tetne tvari.<\/p>\n<p><strong>Ponosno slovensko<\/strong><br \/>\n: Proizvod slovenske proizvodnje, emajlirani posu\u0111e iz slovenske tvornice. Otkrijte eleganciju i zdravlje u jednom.<\/p>\n<p><strong>EMO COOKWARE \u2013 Za ukusne obroke bez kompromisa.<\/strong><\/p>\n<p>\u00a0<\/p>\n","protected":false},"excerpt":{"rendered":"<p>Te\u017eina 0,27 kg Dimenzije 22,0 x 4,0 cm Materijal Emajlirani \u010deli\u010dni lim Veli\u010dina 22 cm Stil boje Bej\u017e Jeste li<\/p>\n","protected":false},"featured_media":28083,"comment_status":"open","ping_status":"closed","template":"","meta":[],"product_brand":[],"product_cat":[791],"product_tag":[862,1177,798,858,860,808,949],"class_list":{"0":"post-34178","1":"product","2":"type-product","3":"status-publish","4":"has-post-thumbnail","6":"product_cat-ostalo","7":"product_tag-bez-stetnih-premaza","8":"product_tag-emajlirani-tanjur","9":"product_tag-emajlirano-posude","10":"product_tag-emo-celje","11":"product_tag-odrzivo-posude","12":"product_tag-slovenska-kvaliteta","13":"product_tag-zdravo-kuhanje","15":"first","16":"instock","17":"taxable","18":"shipping-taxable","19":"purchasable","20":"product-type-simple"},"yoast_head":"<!-- This site is optimized with the Yoast SEO plugin v27.4 - https:\/\/yoast.com\/product\/yoast-seo-wordpress\/ -->\n<title>Plitka tanjura - boja pijeska - Spletna trgovina s slovensko posodo - EMO ETT<\/title>\n<meta name=\"robots\" content=\"index, follow, max-snippet:-1, max-image-preview:large, max-video-preview:-1\" \/>\n<link rel=\"canonical\" href=\"https:\/\/emo-shop.com\/hr\/izdelki\/plitka-tanjura-boja-pijeska\/\" \/>\n<meta property=\"og:locale\" content=\"hr_HR\" \/>\n<meta property=\"og:type\" content=\"article\" \/>\n<meta property=\"og:title\" content=\"Plitka tanjura - boja pijeska - Spletna trgovina s slovensko posodo - EMO ETT\" \/>\n<meta property=\"og:description\" content=\"Te\u017eina 0,27 kg Dimenzije 22,0 x 4,0 cm Materijal Emajlirani \u010deli\u010dni lim Veli\u010dina 22 cm Stil boje Bej\u017e Jeste li\" \/>\n<meta property=\"og:url\" content=\"https:\/\/emo-shop.com\/hr\/izdelki\/plitka-tanjura-boja-pijeska\/\" \/>\n<meta property=\"og:site_name\" content=\"Spletna trgovina s slovensko posodo - EMO ETT\" \/>\n<meta property=\"article:publisher\" content=\"https:\/\/www.facebook.com\/EMOSLOVENIA\" \/>\n<meta name=\"twitter:card\" content=\"summary_large_image\" \/>\n<meta name=\"twitter:label1\" content=\"Procijenjeno vrijeme \u010ditanja\" \/>\n\t<meta name=\"twitter:data1\" content=\"1 minuta\" \/>\n<script type=\"application\/ld+json\" class=\"yoast-schema-graph\">{\"@context\":\"https:\\\/\\\/schema.org\",\"@graph\":[{\"@type\":\"WebPage\",\"@id\":\"https:\\\/\\\/emo-shop.com\\\/hr\\\/izdelki\\\/plitka-tanjura-boja-pijeska\\\/\",\"url\":\"https:\\\/\\\/emo-shop.com\\\/hr\\\/izdelki\\\/plitka-tanjura-boja-pijeska\\\/\",\"name\":\"Plitka tanjura - boja pijeska - Spletna trgovina s slovensko posodo - EMO ETT\",\"isPartOf\":{\"@id\":\"https:\\\/\\\/emo-shop.com\\\/hr\\\/#website\"},\"primaryImageOfPage\":{\"@id\":\"https:\\\/\\\/emo-shop.com\\\/hr\\\/izdelki\\\/plitka-tanjura-boja-pijeska\\\/#primaryimage\"},\"image\":{\"@id\":\"https:\\\/\\\/emo-shop.com\\\/hr\\\/izdelki\\\/plitka-tanjura-boja-pijeska\\\/#primaryimage\"},\"thumbnailUrl\":\"https:\\\/\\\/emo-shop.com\\\/wp-content\\\/uploads\\\/2024\\\/07\\\/1166.jpg\",\"datePublished\":\"2024-07-30T10:32:40+00:00\",\"breadcrumb\":{\"@id\":\"https:\\\/\\\/emo-shop.com\\\/hr\\\/izdelki\\\/plitka-tanjura-boja-pijeska\\\/#breadcrumb\"},\"inLanguage\":\"hr\",\"potentialAction\":[{\"@type\":\"ReadAction\",\"target\":[\"https:\\\/\\\/emo-shop.com\\\/hr\\\/izdelki\\\/plitka-tanjura-boja-pijeska\\\/\"]}]},{\"@type\":\"ImageObject\",\"inLanguage\":\"hr\",\"@id\":\"https:\\\/\\\/emo-shop.com\\\/hr\\\/izdelki\\\/plitka-tanjura-boja-pijeska\\\/#primaryimage\",\"url\":\"https:\\\/\\\/emo-shop.com\\\/wp-content\\\/uploads\\\/2024\\\/07\\\/1166.jpg\",\"contentUrl\":\"https:\\\/\\\/emo-shop.com\\\/wp-content\\\/uploads\\\/2024\\\/07\\\/1166.jpg\",\"width\":800,\"height\":600},{\"@type\":\"BreadcrumbList\",\"@id\":\"https:\\\/\\\/emo-shop.com\\\/hr\\\/izdelki\\\/plitka-tanjura-boja-pijeska\\\/#breadcrumb\",\"itemListElement\":[{\"@type\":\"ListItem\",\"position\":1,\"name\":\"Home\",\"item\":\"https:\\\/\\\/emo-shop.com\\\/hr\\\/\"},{\"@type\":\"ListItem\",\"position\":2,\"name\":\"Trgovina\",\"item\":\"https:\\\/\\\/emo-shop.com\\\/hr\\\/trgovina\\\/\"},{\"@type\":\"ListItem\",\"position\":3,\"name\":\"Plitka tanjura &#8211; boja pijeska\"}]},{\"@type\":\"WebSite\",\"@id\":\"https:\\\/\\\/emo-shop.com\\\/hr\\\/#website\",\"url\":\"https:\\\/\\\/emo-shop.com\\\/hr\\\/\",\"name\":\"Spletna trgovina s slovensko posodo - EMO ETT\",\"description\":\"Spletna trgovina\",\"publisher\":{\"@id\":\"https:\\\/\\\/emo-shop.com\\\/hr\\\/#organization\"},\"potentialAction\":[{\"@type\":\"SearchAction\",\"target\":{\"@type\":\"EntryPoint\",\"urlTemplate\":\"https:\\\/\\\/emo-shop.com\\\/hr\\\/?s={search_term_string}\"},\"query-input\":{\"@type\":\"PropertyValueSpecification\",\"valueRequired\":true,\"valueName\":\"search_term_string\"}}],\"inLanguage\":\"hr\"},{\"@type\":\"Organization\",\"@id\":\"https:\\\/\\\/emo-shop.com\\\/hr\\\/#organization\",\"name\":\"Spletna trgovina s slovensko posodo - EMO ETT\",\"url\":\"https:\\\/\\\/emo-shop.com\\\/hr\\\/\",\"logo\":{\"@type\":\"ImageObject\",\"inLanguage\":\"hr\",\"@id\":\"https:\\\/\\\/emo-shop.com\\\/hr\\\/#\\\/schema\\\/logo\\\/image\\\/\",\"url\":\"https:\\\/\\\/emo-shop.com\\\/wp-content\\\/uploads\\\/2024\\\/07\\\/favicon.jpg\",\"contentUrl\":\"https:\\\/\\\/emo-shop.com\\\/wp-content\\\/uploads\\\/2024\\\/07\\\/favicon.jpg\",\"width\":512,\"height\":512,\"caption\":\"Spletna trgovina s slovensko posodo - EMO ETT\"},\"image\":{\"@id\":\"https:\\\/\\\/emo-shop.com\\\/hr\\\/#\\\/schema\\\/logo\\\/image\\\/\"},\"sameAs\":[\"https:\\\/\\\/www.facebook.com\\\/EMOSLOVENIA\"]}]}<\/script>\n<!-- \/ Yoast SEO plugin. -->","yoast_head_json":{"title":"Plitka tanjura - boja pijeska - Spletna trgovina s slovensko posodo - EMO ETT","robots":{"index":"index","follow":"follow","max-snippet":"max-snippet:-1","max-image-preview":"max-image-preview:large","max-video-preview":"max-video-preview:-1"},"canonical":"https:\/\/emo-shop.com\/hr\/izdelki\/plitka-tanjura-boja-pijeska\/","og_locale":"hr_HR","og_type":"article","og_title":"Plitka tanjura - boja pijeska - Spletna trgovina s slovensko posodo - EMO ETT","og_description":"Te\u017eina 0,27 kg Dimenzije 22,0 x 4,0 cm Materijal Emajlirani \u010deli\u010dni lim Veli\u010dina 22 cm Stil boje Bej\u017e Jeste li","og_url":"https:\/\/emo-shop.com\/hr\/izdelki\/plitka-tanjura-boja-pijeska\/","og_site_name":"Spletna trgovina s slovensko posodo - EMO ETT","article_publisher":"https:\/\/www.facebook.com\/EMOSLOVENIA","twitter_card":"summary_large_image","twitter_misc":{"Procijenjeno vrijeme \u010ditanja":"1 minuta"},"schema":{"@context":"https:\/\/schema.org","@graph":[{"@type":"WebPage","@id":"https:\/\/emo-shop.com\/hr\/izdelki\/plitka-tanjura-boja-pijeska\/","url":"https:\/\/emo-shop.com\/hr\/izdelki\/plitka-tanjura-boja-pijeska\/","name":"Plitka tanjura - boja pijeska - Spletna trgovina s slovensko posodo - EMO ETT","isPartOf":{"@id":"https:\/\/emo-shop.com\/hr\/#website"},"primaryImageOfPage":{"@id":"https:\/\/emo-shop.com\/hr\/izdelki\/plitka-tanjura-boja-pijeska\/#primaryimage"},"image":{"@id":"https:\/\/emo-shop.com\/hr\/izdelki\/plitka-tanjura-boja-pijeska\/#primaryimage"},"thumbnailUrl":"https:\/\/emo-shop.com\/wp-content\/uploads\/2024\/07\/1166.jpg","datePublished":"2024-07-30T10:32:40+00:00","breadcrumb":{"@id":"https:\/\/emo-shop.com\/hr\/izdelki\/plitka-tanjura-boja-pijeska\/#breadcrumb"},"inLanguage":"hr","potentialAction":[{"@type":"ReadAction","target":["https:\/\/emo-shop.com\/hr\/izdelki\/plitka-tanjura-boja-pijeska\/"]}]},{"@type":"ImageObject","inLanguage":"hr","@id":"https:\/\/emo-shop.com\/hr\/izdelki\/plitka-tanjura-boja-pijeska\/#primaryimage","url":"https:\/\/emo-shop.com\/wp-content\/uploads\/2024\/07\/1166.jpg","contentUrl":"https:\/\/emo-shop.com\/wp-content\/uploads\/2024\/07\/1166.jpg","width":800,"height":600},{"@type":"BreadcrumbList","@id":"https:\/\/emo-shop.com\/hr\/izdelki\/plitka-tanjura-boja-pijeska\/#breadcrumb","itemListElement":[{"@type":"ListItem","position":1,"name":"Home","item":"https:\/\/emo-shop.com\/hr\/"},{"@type":"ListItem","position":2,"name":"Trgovina","item":"https:\/\/emo-shop.com\/hr\/trgovina\/"},{"@type":"ListItem","position":3,"name":"Plitka tanjura &#8211; boja pijeska"}]},{"@type":"WebSite","@id":"https:\/\/emo-shop.com\/hr\/#website","url":"https:\/\/emo-shop.com\/hr\/","name":"Spletna trgovina s slovensko posodo - EMO ETT","description":"Spletna trgovina","publisher":{"@id":"https:\/\/emo-shop.com\/hr\/#organization"},"potentialAction":[{"@type":"SearchAction","target":{"@type":"EntryPoint","urlTemplate":"https:\/\/emo-shop.com\/hr\/?s={search_term_string}"},"query-input":{"@type":"PropertyValueSpecification","valueRequired":true,"valueName":"search_term_string"}}],"inLanguage":"hr"},{"@type":"Organization","@id":"https:\/\/emo-shop.com\/hr\/#organization","name":"Spletna trgovina s slovensko posodo - EMO ETT","url":"https:\/\/emo-shop.com\/hr\/","logo":{"@type":"ImageObject","inLanguage":"hr","@id":"https:\/\/emo-shop.com\/hr\/#\/schema\/logo\/image\/","url":"https:\/\/emo-shop.com\/wp-content\/uploads\/2024\/07\/favicon.jpg","contentUrl":"https:\/\/emo-shop.com\/wp-content\/uploads\/2024\/07\/favicon.jpg","width":512,"height":512,"caption":"Spletna trgovina s slovensko posodo - EMO ETT"},"image":{"@id":"https:\/\/emo-shop.com\/hr\/#\/schema\/logo\/image\/"},"sameAs":["https:\/\/www.facebook.com\/EMOSLOVENIA"]}]}},"_links":{"self":[{"href":"https:\/\/emo-shop.com\/hr\/wp-json\/wp\/v2\/product\/34178","targetHints":{"allow":["GET"]}}],"collection":[{"href":"https:\/\/emo-shop.com\/hr\/wp-json\/wp\/v2\/product"}],"about":[{"href":"https:\/\/emo-shop.com\/hr\/wp-json\/wp\/v2\/types\/product"}],"replies":[{"embeddable":true,"href":"https:\/\/emo-shop.com\/hr\/wp-json\/wp\/v2\/comments?post=34178"}],"version-history":[{"count":0,"href":"https:\/\/emo-shop.com\/hr\/wp-json\/wp\/v2\/product\/34178\/revisions"}],"wp:featuredmedia":[{"embeddable":true,"href":"https:\/\/emo-shop.com\/hr\/wp-json\/wp\/v2\/media\/28083"}],"wp:attachment":[{"href":"https:\/\/emo-shop.com\/hr\/wp-json\/wp\/v2\/media?parent=34178"}],"wp:term":[{"taxonomy":"product_brand","embeddable":true,"href":"https:\/\/emo-shop.com\/hr\/wp-json\/wp\/v2\/product_brand?post=34178"},{"taxonomy":"product_cat","embeddable":true,"href":"https:\/\/emo-shop.com\/hr\/wp-json\/wp\/v2\/product_cat?post=34178"},{"taxonomy":"product_tag","embeddable":true,"href":"https:\/\/emo-shop.com\/hr\/wp-json\/wp\/v2\/product_tag?post=34178"}],"curies":[{"name":"wp","href":"https:\/\/api.w.org\/{rel}","templated":true}]}}