{"id":34152,"date":"2024-07-30T10:33:02","date_gmt":"2024-07-30T10:33:02","guid":{"rendered":"https:\/\/emo-shop.com\/izdelki\/crna-posuda-s-tockicama-06-l-10-cm\/"},"modified":"2024-07-30T10:33:02","modified_gmt":"2024-07-30T10:33:02","slug":"crna-posuda-s-tockicama-06-l-10-cm","status":"publish","type":"product","link":"https:\/\/emo-shop.com\/hr\/izdelki\/crna-posuda-s-tockicama-06-l-10-cm\/","title":{"rendered":"Crna posuda s to\u010dkicama 0,6 l 10 cm"},"content":{"rendered":"<p><strong>Te\u017eina: 0,23 kg Dimenzije: 10,0 x 9,0 cm<\/p>\n<p>Jeste li znali? EMO POSU\u0110A ZA KUHINJU I KATERIING nudi: Zdravu emajliranu posu\u0111u<\/strong><\/p>\n<p>: Visokokvalitetna emajlirana posu\u0111a, idealna za pripremu va\u0161ih omiljenih jela.<\/p>\n<p><strong>Pogodno za sve plo\u010de za kuhanje<\/strong><\/p>\n<p>: Pogodno za razli\u010dite vrste plo\u010da za kuhanje, uklju\u010duju\u0107i indukcijske plo\u010de.<\/p>\n<p><strong>Pogodno za alergi\u010dare<\/strong><\/p>\n<p>: Bez nikla, tako\u0111er pogodno za osobe s alergijama.<\/p>\n<p><strong>Potpuno higijensko<\/strong><\/p>\n<p>: 100 % higijenski besprijekorno posu\u0111e, jednostavno za \u010di\u0161\u0107enje i odr\u017eavanje.<\/p>\n<p><strong>Bez \u0161tetnih premaza<\/strong><\/p>\n<p>: Brinemo o va\u0161em zdravlju \u2013 tijekom zagrijavanja ne otpu\u0161taju se \u0161tetne tvari.<\/p>\n<p><strong>Ponosno slovensko<\/strong><\/p>\n<p>: Proizvod slovenske proizvodnje, emajlirani posu\u0111e iz slovenske tvornice. Otkrijte eleganciju i zdravlje u jednom.<\/p>\n<p><strong>EMO COOKWARE \u2013 Za ukusne obroke bez kompromisa.<\/strong><\/p>\n","protected":false},"excerpt":{"rendered":"<p>Emajlirano kuhalo za sve vrste plo\u010da za kuhanje, uklju\u010duju\u0107i indukciju.<\/p>\n","protected":false},"featured_media":28124,"comment_status":"open","ping_status":"closed","template":"","meta":[],"product_brand":[],"product_cat":[807],"product_tag":[983,953,795,982,859,980,1167,981,978,979],"class_list":{"0":"post-34152","1":"product","2":"type-product","3":"status-publish","4":"has-post-thumbnail","6":"product_cat-loncici","7":"product_tag-bozicni-pokloni","8":"product_tag-emajlirani-lonac","9":"product_tag-emo-celje-posude","10":"product_tag-kava","11":"product_tag-kuhinjski-pribor","12":"product_tag-kvaliteta-slovenske-proizvodnje","13":"product_tag-lonac-s-tockicama","14":"product_tag-lonac-s-uzorkom","15":"product_tag-posude-za-indukciju","16":"product_tag-vintage-retro-dizajn","18":"first","19":"instock","20":"taxable","21":"shipping-taxable","22":"purchasable","23":"product-type-simple"},"yoast_head":"<!-- This site is optimized with the Yoast SEO plugin v27.4 - https:\/\/yoast.com\/product\/yoast-seo-wordpress\/ -->\n<title>Crna posuda s to\u010dkicama 0,6 l 10 cm - Spletna trgovina s slovensko posodo - EMO ETT<\/title>\n<meta name=\"robots\" content=\"index, follow, max-snippet:-1, max-image-preview:large, max-video-preview:-1\" \/>\n<link rel=\"canonical\" href=\"https:\/\/emo-shop.com\/hr\/izdelki\/crna-posuda-s-tockicama-06-l-10-cm\/\" \/>\n<meta property=\"og:locale\" content=\"hr_HR\" \/>\n<meta property=\"og:type\" content=\"article\" \/>\n<meta property=\"og:title\" content=\"Crna posuda s to\u010dkicama 0,6 l 10 cm - Spletna trgovina s slovensko posodo - EMO ETT\" \/>\n<meta property=\"og:description\" content=\"Emajlirano kuhalo za sve vrste plo\u010da za kuhanje, uklju\u010duju\u0107i indukciju.\" \/>\n<meta property=\"og:url\" content=\"https:\/\/emo-shop.com\/hr\/izdelki\/crna-posuda-s-tockicama-06-l-10-cm\/\" \/>\n<meta property=\"og:site_name\" content=\"Spletna trgovina s slovensko posodo - EMO ETT\" \/>\n<meta property=\"article:publisher\" content=\"https:\/\/www.facebook.com\/EMOSLOVENIA\" \/>\n<meta name=\"twitter:card\" content=\"summary_large_image\" \/>\n<meta name=\"twitter:label1\" content=\"Procijenjeno vrijeme \u010ditanja\" \/>\n\t<meta name=\"twitter:data1\" content=\"1 minuta\" \/>\n<script type=\"application\/ld+json\" class=\"yoast-schema-graph\">{\"@context\":\"https:\\\/\\\/schema.org\",\"@graph\":[{\"@type\":\"WebPage\",\"@id\":\"https:\\\/\\\/emo-shop.com\\\/hr\\\/izdelki\\\/crna-posuda-s-tockicama-06-l-10-cm\\\/\",\"url\":\"https:\\\/\\\/emo-shop.com\\\/hr\\\/izdelki\\\/crna-posuda-s-tockicama-06-l-10-cm\\\/\",\"name\":\"Crna posuda s to\u010dkicama 0,6 l 10 cm - Spletna trgovina s slovensko posodo - EMO ETT\",\"isPartOf\":{\"@id\":\"https:\\\/\\\/emo-shop.com\\\/hr\\\/#website\"},\"primaryImageOfPage\":{\"@id\":\"https:\\\/\\\/emo-shop.com\\\/hr\\\/izdelki\\\/crna-posuda-s-tockicama-06-l-10-cm\\\/#primaryimage\"},\"image\":{\"@id\":\"https:\\\/\\\/emo-shop.com\\\/hr\\\/izdelki\\\/crna-posuda-s-tockicama-06-l-10-cm\\\/#primaryimage\"},\"thumbnailUrl\":\"https:\\\/\\\/emo-shop.com\\\/wp-content\\\/uploads\\\/2024\\\/07\\\/319-scaled.jpg\",\"datePublished\":\"2024-07-30T10:33:02+00:00\",\"breadcrumb\":{\"@id\":\"https:\\\/\\\/emo-shop.com\\\/hr\\\/izdelki\\\/crna-posuda-s-tockicama-06-l-10-cm\\\/#breadcrumb\"},\"inLanguage\":\"hr\",\"potentialAction\":[{\"@type\":\"ReadAction\",\"target\":[\"https:\\\/\\\/emo-shop.com\\\/hr\\\/izdelki\\\/crna-posuda-s-tockicama-06-l-10-cm\\\/\"]}]},{\"@type\":\"ImageObject\",\"inLanguage\":\"hr\",\"@id\":\"https:\\\/\\\/emo-shop.com\\\/hr\\\/izdelki\\\/crna-posuda-s-tockicama-06-l-10-cm\\\/#primaryimage\",\"url\":\"https:\\\/\\\/emo-shop.com\\\/wp-content\\\/uploads\\\/2024\\\/07\\\/319-scaled.jpg\",\"contentUrl\":\"https:\\\/\\\/emo-shop.com\\\/wp-content\\\/uploads\\\/2024\\\/07\\\/319-scaled.jpg\",\"width\":800,\"height\":600},{\"@type\":\"BreadcrumbList\",\"@id\":\"https:\\\/\\\/emo-shop.com\\\/hr\\\/izdelki\\\/crna-posuda-s-tockicama-06-l-10-cm\\\/#breadcrumb\",\"itemListElement\":[{\"@type\":\"ListItem\",\"position\":1,\"name\":\"Home\",\"item\":\"https:\\\/\\\/emo-shop.com\\\/hr\\\/\"},{\"@type\":\"ListItem\",\"position\":2,\"name\":\"Trgovina\",\"item\":\"https:\\\/\\\/emo-shop.com\\\/hr\\\/trgovina\\\/\"},{\"@type\":\"ListItem\",\"position\":3,\"name\":\"Crna posuda s to\u010dkicama 0,6 l 10 cm\"}]},{\"@type\":\"WebSite\",\"@id\":\"https:\\\/\\\/emo-shop.com\\\/hr\\\/#website\",\"url\":\"https:\\\/\\\/emo-shop.com\\\/hr\\\/\",\"name\":\"Spletna trgovina s slovensko posodo - EMO ETT\",\"description\":\"Spletna trgovina\",\"publisher\":{\"@id\":\"https:\\\/\\\/emo-shop.com\\\/hr\\\/#organization\"},\"potentialAction\":[{\"@type\":\"SearchAction\",\"target\":{\"@type\":\"EntryPoint\",\"urlTemplate\":\"https:\\\/\\\/emo-shop.com\\\/hr\\\/?s={search_term_string}\"},\"query-input\":{\"@type\":\"PropertyValueSpecification\",\"valueRequired\":true,\"valueName\":\"search_term_string\"}}],\"inLanguage\":\"hr\"},{\"@type\":\"Organization\",\"@id\":\"https:\\\/\\\/emo-shop.com\\\/hr\\\/#organization\",\"name\":\"Spletna trgovina s slovensko posodo - EMO ETT\",\"url\":\"https:\\\/\\\/emo-shop.com\\\/hr\\\/\",\"logo\":{\"@type\":\"ImageObject\",\"inLanguage\":\"hr\",\"@id\":\"https:\\\/\\\/emo-shop.com\\\/hr\\\/#\\\/schema\\\/logo\\\/image\\\/\",\"url\":\"https:\\\/\\\/emo-shop.com\\\/wp-content\\\/uploads\\\/2024\\\/07\\\/favicon.jpg\",\"contentUrl\":\"https:\\\/\\\/emo-shop.com\\\/wp-content\\\/uploads\\\/2024\\\/07\\\/favicon.jpg\",\"width\":512,\"height\":512,\"caption\":\"Spletna trgovina s slovensko posodo - EMO ETT\"},\"image\":{\"@id\":\"https:\\\/\\\/emo-shop.com\\\/hr\\\/#\\\/schema\\\/logo\\\/image\\\/\"},\"sameAs\":[\"https:\\\/\\\/www.facebook.com\\\/EMOSLOVENIA\"]}]}<\/script>\n<!-- \/ Yoast SEO plugin. -->","yoast_head_json":{"title":"Crna posuda s to\u010dkicama 0,6 l 10 cm - Spletna trgovina s slovensko posodo - EMO ETT","robots":{"index":"index","follow":"follow","max-snippet":"max-snippet:-1","max-image-preview":"max-image-preview:large","max-video-preview":"max-video-preview:-1"},"canonical":"https:\/\/emo-shop.com\/hr\/izdelki\/crna-posuda-s-tockicama-06-l-10-cm\/","og_locale":"hr_HR","og_type":"article","og_title":"Crna posuda s to\u010dkicama 0,6 l 10 cm - Spletna trgovina s slovensko posodo - EMO ETT","og_description":"Emajlirano kuhalo za sve vrste plo\u010da za kuhanje, uklju\u010duju\u0107i indukciju.","og_url":"https:\/\/emo-shop.com\/hr\/izdelki\/crna-posuda-s-tockicama-06-l-10-cm\/","og_site_name":"Spletna trgovina s slovensko posodo - EMO ETT","article_publisher":"https:\/\/www.facebook.com\/EMOSLOVENIA","twitter_card":"summary_large_image","twitter_misc":{"Procijenjeno vrijeme \u010ditanja":"1 minuta"},"schema":{"@context":"https:\/\/schema.org","@graph":[{"@type":"WebPage","@id":"https:\/\/emo-shop.com\/hr\/izdelki\/crna-posuda-s-tockicama-06-l-10-cm\/","url":"https:\/\/emo-shop.com\/hr\/izdelki\/crna-posuda-s-tockicama-06-l-10-cm\/","name":"Crna posuda s to\u010dkicama 0,6 l 10 cm - Spletna trgovina s slovensko posodo - EMO ETT","isPartOf":{"@id":"https:\/\/emo-shop.com\/hr\/#website"},"primaryImageOfPage":{"@id":"https:\/\/emo-shop.com\/hr\/izdelki\/crna-posuda-s-tockicama-06-l-10-cm\/#primaryimage"},"image":{"@id":"https:\/\/emo-shop.com\/hr\/izdelki\/crna-posuda-s-tockicama-06-l-10-cm\/#primaryimage"},"thumbnailUrl":"https:\/\/emo-shop.com\/wp-content\/uploads\/2024\/07\/319-scaled.jpg","datePublished":"2024-07-30T10:33:02+00:00","breadcrumb":{"@id":"https:\/\/emo-shop.com\/hr\/izdelki\/crna-posuda-s-tockicama-06-l-10-cm\/#breadcrumb"},"inLanguage":"hr","potentialAction":[{"@type":"ReadAction","target":["https:\/\/emo-shop.com\/hr\/izdelki\/crna-posuda-s-tockicama-06-l-10-cm\/"]}]},{"@type":"ImageObject","inLanguage":"hr","@id":"https:\/\/emo-shop.com\/hr\/izdelki\/crna-posuda-s-tockicama-06-l-10-cm\/#primaryimage","url":"https:\/\/emo-shop.com\/wp-content\/uploads\/2024\/07\/319-scaled.jpg","contentUrl":"https:\/\/emo-shop.com\/wp-content\/uploads\/2024\/07\/319-scaled.jpg","width":800,"height":600},{"@type":"BreadcrumbList","@id":"https:\/\/emo-shop.com\/hr\/izdelki\/crna-posuda-s-tockicama-06-l-10-cm\/#breadcrumb","itemListElement":[{"@type":"ListItem","position":1,"name":"Home","item":"https:\/\/emo-shop.com\/hr\/"},{"@type":"ListItem","position":2,"name":"Trgovina","item":"https:\/\/emo-shop.com\/hr\/trgovina\/"},{"@type":"ListItem","position":3,"name":"Crna posuda s to\u010dkicama 0,6 l 10 cm"}]},{"@type":"WebSite","@id":"https:\/\/emo-shop.com\/hr\/#website","url":"https:\/\/emo-shop.com\/hr\/","name":"Spletna trgovina s slovensko posodo - EMO ETT","description":"Spletna trgovina","publisher":{"@id":"https:\/\/emo-shop.com\/hr\/#organization"},"potentialAction":[{"@type":"SearchAction","target":{"@type":"EntryPoint","urlTemplate":"https:\/\/emo-shop.com\/hr\/?s={search_term_string}"},"query-input":{"@type":"PropertyValueSpecification","valueRequired":true,"valueName":"search_term_string"}}],"inLanguage":"hr"},{"@type":"Organization","@id":"https:\/\/emo-shop.com\/hr\/#organization","name":"Spletna trgovina s slovensko posodo - EMO ETT","url":"https:\/\/emo-shop.com\/hr\/","logo":{"@type":"ImageObject","inLanguage":"hr","@id":"https:\/\/emo-shop.com\/hr\/#\/schema\/logo\/image\/","url":"https:\/\/emo-shop.com\/wp-content\/uploads\/2024\/07\/favicon.jpg","contentUrl":"https:\/\/emo-shop.com\/wp-content\/uploads\/2024\/07\/favicon.jpg","width":512,"height":512,"caption":"Spletna trgovina s slovensko posodo - EMO ETT"},"image":{"@id":"https:\/\/emo-shop.com\/hr\/#\/schema\/logo\/image\/"},"sameAs":["https:\/\/www.facebook.com\/EMOSLOVENIA"]}]}},"_links":{"self":[{"href":"https:\/\/emo-shop.com\/hr\/wp-json\/wp\/v2\/product\/34152","targetHints":{"allow":["GET"]}}],"collection":[{"href":"https:\/\/emo-shop.com\/hr\/wp-json\/wp\/v2\/product"}],"about":[{"href":"https:\/\/emo-shop.com\/hr\/wp-json\/wp\/v2\/types\/product"}],"replies":[{"embeddable":true,"href":"https:\/\/emo-shop.com\/hr\/wp-json\/wp\/v2\/comments?post=34152"}],"version-history":[{"count":0,"href":"https:\/\/emo-shop.com\/hr\/wp-json\/wp\/v2\/product\/34152\/revisions"}],"wp:featuredmedia":[{"embeddable":true,"href":"https:\/\/emo-shop.com\/hr\/wp-json\/wp\/v2\/media\/28124"}],"wp:attachment":[{"href":"https:\/\/emo-shop.com\/hr\/wp-json\/wp\/v2\/media?parent=34152"}],"wp:term":[{"taxonomy":"product_brand","embeddable":true,"href":"https:\/\/emo-shop.com\/hr\/wp-json\/wp\/v2\/product_brand?post=34152"},{"taxonomy":"product_cat","embeddable":true,"href":"https:\/\/emo-shop.com\/hr\/wp-json\/wp\/v2\/product_cat?post=34152"},{"taxonomy":"product_tag","embeddable":true,"href":"https:\/\/emo-shop.com\/hr\/wp-json\/wp\/v2\/product_tag?post=34152"}],"curies":[{"name":"wp","href":"https:\/\/api.w.org\/{rel}","templated":true}]}}