{"id":34130,"date":"2024-07-30T10:33:04","date_gmt":"2024-07-30T10:33:04","guid":{"rendered":"https:\/\/emo-shop.com\/izdelki\/porculanizirano-kuciste\/"},"modified":"2024-07-30T10:33:04","modified_gmt":"2024-07-30T10:33:04","slug":"porculanizirano-kuciste","status":"publish","type":"product","link":"https:\/\/emo-shop.com\/hr\/izdelki\/porculanizirano-kuciste\/","title":{"rendered":"Porculanizirano ku\u0107i\u0161te"},"content":{"rendered":"<div class=\"tech-wrapper\">\n<table style=\"height: 187px;\" width=\"635\">\n<tbody>\n<tr>\n<td class=\"emptycell\" rowspan=\"2\"><\/td>\n<td style=\"text-align: center;\" colspan=\"14\"><strong>fi (cm)<\/strong><\/td>\n<\/tr>\n<tr>\n<td style=\"text-align: center;\"><\/td>\n<td style=\"text-align: center;\"><strong>14<\/strong><\/td>\n<td style=\"text-align: center;\"><strong>16<br \/>\n<\/strong><\/td>\n<td style=\"text-align: center;\"><strong>18<\/strong><\/td>\n<td style=\"text-align: center;\"><strong>20<\/strong><\/td>\n<td style=\"text-align: center;\"><strong>22<\/strong><\/td>\n<td style=\"text-align: center;\"><strong>24<\/strong><\/td>\n<td style=\"text-align: center;\"><strong>28<\/strong><\/td>\n<td style=\"text-align: center;\"><strong>32<\/strong><\/td>\n<td style=\"text-align: center;\"><strong>36<\/strong><\/td>\n<td style=\"text-align: center;\"><strong>40<\/strong><\/td>\n<td style=\"text-align: center;\"><\/td>\n<td style=\"text-align: center;\"><strong>48<\/strong><\/td>\n<td style=\"text-align: center;\"><strong>52<\/strong><\/td>\n<\/tr>\n<tr>\n<td>Visina (cm)<\/td>\n<td style=\"text-align: center;\"><\/td>\n<td style=\"text-align: center;\">4.5<\/td>\n<td style=\"text-align: center;\">4,5<\/td>\n<td style=\"text-align: center;\">5<\/td>\n<td style=\"text-align: center;\">5<\/td>\n<td style=\"text-align: center;\">5<\/td>\n<td style=\"text-align: center;\">5<\/td>\n<td style=\"text-align: center;\">5<\/td>\n<td style=\"text-align: center;\">6<\/td>\n<td style=\"text-align: center;\">6<\/td>\n<td style=\"text-align: center;\">6<\/td>\n<td style=\"text-align: center;\"><\/td>\n<td style=\"text-align: center;\">6<\/td>\n<td style=\"text-align: center;\">6<\/td>\n<\/tr>\n<tr>\n<td>Neto te\u017eina (kg)<\/td>\n<td style=\"text-align: center;\"><\/td>\n<td style=\"text-align: center;\">0.14<\/td>\n<td style=\"text-align: center;\">0.17<\/td>\n<td style=\"text-align: center;\">0.23<\/td>\n<td style=\"text-align: center;\">0,24<\/td>\n<td style=\"text-align: center;\">0,31<\/td>\n<td style=\"text-align: center;\">0.33<\/td>\n<td style=\"text-align: center;\">0.47<\/td>\n<td style=\"text-align: center;\">0.56<\/td>\n<td style=\"text-align: center;\">0.65<\/td>\n<td style=\"text-align: center;\">0.84<\/td>\n<td style=\"text-align: center;\"><\/td>\n<td style=\"text-align: center;\">1.8<\/td>\n<td style=\"text-align: center;\">2.34<\/td>\n<\/tr>\n<tr>\n<td>Boja<\/td>\n<td style=\"text-align: center;\" colspan=\"14\">crna \/ crna<\/td>\n<\/tr>\n<tr>\n<td>Materijal<\/td>\n<td style=\"text-align: center;\" colspan=\"14\">\u00a0\u010deli\u010dni lim oblo\u017een emajlom<\/td>\n<\/tr>\n<\/tbody>\n<\/table>\n<\/div>\n<hr \/>\n<p><strong>Jeste li znali? EMO posu\u0111e za ku\u0107anstvo i ugostiteljstvo nudi: Zdravo emajlirano posu\u0111e<\/strong><\/p>\n<p>: Visokokvalitetno emajlirano posu\u0111e, idealno za pripremu va\u0161ih omiljenih jela.<\/p>\n<p><strong>Pogodno za sve plo\u010de za kuhanje<\/strong><\/p>\n<p>: Pogodno za razli\u010dite vrste kuhinjskih plo\u010da, uklju\u010duju\u0107i indukcijske plo\u010de.<\/p>\n<p><strong>Pogodno za alergi\u010dare<\/strong><\/p>\n<p>: Bez nikla, tako\u0111er pogodno za osobe s alergijama.<\/p>\n<p><strong>Potpuno higijensko<\/strong><\/p>\n<p>: 100 % higijenski besprijekorno posu\u0111e, jednostavno za \u010di\u0161\u0107enje i odr\u017eavanje.<\/p>\n<p><strong>Bez \u0161tetnih premaza<\/strong><\/p>\n<p>: \u0160titimo va\u0161e zdravlje \u2013 tijekom zagrijavanja ne otpu\u0161taju se \u0161tetne tvari.<\/p>\n<p><strong>Ponosno slovensko<\/strong><\/p>\n<p>: Proizvod slovenske proizvodnje, emajlirani posu\u0111 za kuhanje iz slovenske tvornice. Otkrijte eleganciju i zdravlje u jednom.<\/p>\n<p><strong>EMO COOKWARE \u2013 Za ukusne obroke bez kompromisa.<\/strong><\/p>\n","protected":false},"excerpt":{"rendered":"<p>Emailirano crno pokrivalo<\/p>\n","protected":false},"featured_media":31072,"comment_status":"open","ping_status":"closed","template":"","meta":[],"product_brand":[],"product_cat":[932],"product_tag":[],"class_list":{"0":"post-34130","1":"product","2":"type-product","3":"status-publish","4":"has-post-thumbnail","6":"product_cat-eterna","8":"first","9":"instock","10":"taxable","11":"shipping-taxable","12":"purchasable","13":"product-type-variable"},"yoast_head":"<!-- This site is optimized with the Yoast SEO plugin v27.4 - https:\/\/yoast.com\/product\/yoast-seo-wordpress\/ -->\n<title>Porculanizirano ku\u0107i\u0161te - Spletna trgovina s slovensko posodo - EMO ETT<\/title>\n<meta name=\"robots\" content=\"index, follow, max-snippet:-1, max-image-preview:large, max-video-preview:-1\" \/>\n<link rel=\"canonical\" href=\"https:\/\/emo-shop.com\/hr\/izdelki\/porculanizirano-kuciste\/\" \/>\n<meta property=\"og:locale\" content=\"hr_HR\" \/>\n<meta property=\"og:type\" content=\"article\" \/>\n<meta property=\"og:title\" content=\"Porculanizirano ku\u0107i\u0161te - Spletna trgovina s slovensko posodo - EMO ETT\" \/>\n<meta property=\"og:description\" content=\"Emailirano crno pokrivalo\" \/>\n<meta property=\"og:url\" content=\"https:\/\/emo-shop.com\/hr\/izdelki\/porculanizirano-kuciste\/\" \/>\n<meta property=\"og:site_name\" content=\"Spletna trgovina s slovensko posodo - EMO ETT\" \/>\n<meta property=\"article:publisher\" content=\"https:\/\/www.facebook.com\/EMOSLOVENIA\" \/>\n<meta name=\"twitter:card\" content=\"summary_large_image\" \/>\n<meta name=\"twitter:label1\" content=\"Procijenjeno vrijeme \u010ditanja\" \/>\n\t<meta name=\"twitter:data1\" content=\"1 minuta\" \/>\n<script type=\"application\/ld+json\" class=\"yoast-schema-graph\">{\"@context\":\"https:\\\/\\\/schema.org\",\"@graph\":[{\"@type\":\"WebPage\",\"@id\":\"https:\\\/\\\/emo-shop.com\\\/hr\\\/izdelki\\\/porculanizirano-kuciste\\\/\",\"url\":\"https:\\\/\\\/emo-shop.com\\\/hr\\\/izdelki\\\/porculanizirano-kuciste\\\/\",\"name\":\"Porculanizirano ku\u0107i\u0161te - Spletna trgovina s slovensko posodo - EMO ETT\",\"isPartOf\":{\"@id\":\"https:\\\/\\\/emo-shop.com\\\/hr\\\/#website\"},\"primaryImageOfPage\":{\"@id\":\"https:\\\/\\\/emo-shop.com\\\/hr\\\/izdelki\\\/porculanizirano-kuciste\\\/#primaryimage\"},\"image\":{\"@id\":\"https:\\\/\\\/emo-shop.com\\\/hr\\\/izdelki\\\/porculanizirano-kuciste\\\/#primaryimage\"},\"thumbnailUrl\":\"https:\\\/\\\/emo-shop.com\\\/wp-content\\\/uploads\\\/2024\\\/07\\\/emajliran-pokrov.png\",\"datePublished\":\"2024-07-30T10:33:04+00:00\",\"breadcrumb\":{\"@id\":\"https:\\\/\\\/emo-shop.com\\\/hr\\\/izdelki\\\/porculanizirano-kuciste\\\/#breadcrumb\"},\"inLanguage\":\"hr\",\"potentialAction\":[{\"@type\":\"ReadAction\",\"target\":[\"https:\\\/\\\/emo-shop.com\\\/hr\\\/izdelki\\\/porculanizirano-kuciste\\\/\"]}]},{\"@type\":\"ImageObject\",\"inLanguage\":\"hr\",\"@id\":\"https:\\\/\\\/emo-shop.com\\\/hr\\\/izdelki\\\/porculanizirano-kuciste\\\/#primaryimage\",\"url\":\"https:\\\/\\\/emo-shop.com\\\/wp-content\\\/uploads\\\/2024\\\/07\\\/emajliran-pokrov.png\",\"contentUrl\":\"https:\\\/\\\/emo-shop.com\\\/wp-content\\\/uploads\\\/2024\\\/07\\\/emajliran-pokrov.png\",\"width\":737,\"height\":490},{\"@type\":\"BreadcrumbList\",\"@id\":\"https:\\\/\\\/emo-shop.com\\\/hr\\\/izdelki\\\/porculanizirano-kuciste\\\/#breadcrumb\",\"itemListElement\":[{\"@type\":\"ListItem\",\"position\":1,\"name\":\"Home\",\"item\":\"https:\\\/\\\/emo-shop.com\\\/hr\\\/\"},{\"@type\":\"ListItem\",\"position\":2,\"name\":\"Trgovina\",\"item\":\"https:\\\/\\\/emo-shop.com\\\/hr\\\/trgovina\\\/\"},{\"@type\":\"ListItem\",\"position\":3,\"name\":\"Porculanizirano ku\u0107i\u0161te\"}]},{\"@type\":\"WebSite\",\"@id\":\"https:\\\/\\\/emo-shop.com\\\/hr\\\/#website\",\"url\":\"https:\\\/\\\/emo-shop.com\\\/hr\\\/\",\"name\":\"Spletna trgovina s slovensko posodo - EMO ETT\",\"description\":\"Spletna trgovina\",\"publisher\":{\"@id\":\"https:\\\/\\\/emo-shop.com\\\/hr\\\/#organization\"},\"potentialAction\":[{\"@type\":\"SearchAction\",\"target\":{\"@type\":\"EntryPoint\",\"urlTemplate\":\"https:\\\/\\\/emo-shop.com\\\/hr\\\/?s={search_term_string}\"},\"query-input\":{\"@type\":\"PropertyValueSpecification\",\"valueRequired\":true,\"valueName\":\"search_term_string\"}}],\"inLanguage\":\"hr\"},{\"@type\":\"Organization\",\"@id\":\"https:\\\/\\\/emo-shop.com\\\/hr\\\/#organization\",\"name\":\"Spletna trgovina s slovensko posodo - EMO ETT\",\"url\":\"https:\\\/\\\/emo-shop.com\\\/hr\\\/\",\"logo\":{\"@type\":\"ImageObject\",\"inLanguage\":\"hr\",\"@id\":\"https:\\\/\\\/emo-shop.com\\\/hr\\\/#\\\/schema\\\/logo\\\/image\\\/\",\"url\":\"https:\\\/\\\/emo-shop.com\\\/wp-content\\\/uploads\\\/2024\\\/07\\\/favicon.jpg\",\"contentUrl\":\"https:\\\/\\\/emo-shop.com\\\/wp-content\\\/uploads\\\/2024\\\/07\\\/favicon.jpg\",\"width\":512,\"height\":512,\"caption\":\"Spletna trgovina s slovensko posodo - EMO ETT\"},\"image\":{\"@id\":\"https:\\\/\\\/emo-shop.com\\\/hr\\\/#\\\/schema\\\/logo\\\/image\\\/\"},\"sameAs\":[\"https:\\\/\\\/www.facebook.com\\\/EMOSLOVENIA\"]}]}<\/script>\n<!-- \/ Yoast SEO plugin. -->","yoast_head_json":{"title":"Porculanizirano ku\u0107i\u0161te - Spletna trgovina s slovensko posodo - EMO ETT","robots":{"index":"index","follow":"follow","max-snippet":"max-snippet:-1","max-image-preview":"max-image-preview:large","max-video-preview":"max-video-preview:-1"},"canonical":"https:\/\/emo-shop.com\/hr\/izdelki\/porculanizirano-kuciste\/","og_locale":"hr_HR","og_type":"article","og_title":"Porculanizirano ku\u0107i\u0161te - Spletna trgovina s slovensko posodo - EMO ETT","og_description":"Emailirano crno pokrivalo","og_url":"https:\/\/emo-shop.com\/hr\/izdelki\/porculanizirano-kuciste\/","og_site_name":"Spletna trgovina s slovensko posodo - EMO ETT","article_publisher":"https:\/\/www.facebook.com\/EMOSLOVENIA","twitter_card":"summary_large_image","twitter_misc":{"Procijenjeno vrijeme \u010ditanja":"1 minuta"},"schema":{"@context":"https:\/\/schema.org","@graph":[{"@type":"WebPage","@id":"https:\/\/emo-shop.com\/hr\/izdelki\/porculanizirano-kuciste\/","url":"https:\/\/emo-shop.com\/hr\/izdelki\/porculanizirano-kuciste\/","name":"Porculanizirano ku\u0107i\u0161te - Spletna trgovina s slovensko posodo - EMO ETT","isPartOf":{"@id":"https:\/\/emo-shop.com\/hr\/#website"},"primaryImageOfPage":{"@id":"https:\/\/emo-shop.com\/hr\/izdelki\/porculanizirano-kuciste\/#primaryimage"},"image":{"@id":"https:\/\/emo-shop.com\/hr\/izdelki\/porculanizirano-kuciste\/#primaryimage"},"thumbnailUrl":"https:\/\/emo-shop.com\/wp-content\/uploads\/2024\/07\/emajliran-pokrov.png","datePublished":"2024-07-30T10:33:04+00:00","breadcrumb":{"@id":"https:\/\/emo-shop.com\/hr\/izdelki\/porculanizirano-kuciste\/#breadcrumb"},"inLanguage":"hr","potentialAction":[{"@type":"ReadAction","target":["https:\/\/emo-shop.com\/hr\/izdelki\/porculanizirano-kuciste\/"]}]},{"@type":"ImageObject","inLanguage":"hr","@id":"https:\/\/emo-shop.com\/hr\/izdelki\/porculanizirano-kuciste\/#primaryimage","url":"https:\/\/emo-shop.com\/wp-content\/uploads\/2024\/07\/emajliran-pokrov.png","contentUrl":"https:\/\/emo-shop.com\/wp-content\/uploads\/2024\/07\/emajliran-pokrov.png","width":737,"height":490},{"@type":"BreadcrumbList","@id":"https:\/\/emo-shop.com\/hr\/izdelki\/porculanizirano-kuciste\/#breadcrumb","itemListElement":[{"@type":"ListItem","position":1,"name":"Home","item":"https:\/\/emo-shop.com\/hr\/"},{"@type":"ListItem","position":2,"name":"Trgovina","item":"https:\/\/emo-shop.com\/hr\/trgovina\/"},{"@type":"ListItem","position":3,"name":"Porculanizirano ku\u0107i\u0161te"}]},{"@type":"WebSite","@id":"https:\/\/emo-shop.com\/hr\/#website","url":"https:\/\/emo-shop.com\/hr\/","name":"Spletna trgovina s slovensko posodo - EMO ETT","description":"Spletna trgovina","publisher":{"@id":"https:\/\/emo-shop.com\/hr\/#organization"},"potentialAction":[{"@type":"SearchAction","target":{"@type":"EntryPoint","urlTemplate":"https:\/\/emo-shop.com\/hr\/?s={search_term_string}"},"query-input":{"@type":"PropertyValueSpecification","valueRequired":true,"valueName":"search_term_string"}}],"inLanguage":"hr"},{"@type":"Organization","@id":"https:\/\/emo-shop.com\/hr\/#organization","name":"Spletna trgovina s slovensko posodo - EMO ETT","url":"https:\/\/emo-shop.com\/hr\/","logo":{"@type":"ImageObject","inLanguage":"hr","@id":"https:\/\/emo-shop.com\/hr\/#\/schema\/logo\/image\/","url":"https:\/\/emo-shop.com\/wp-content\/uploads\/2024\/07\/favicon.jpg","contentUrl":"https:\/\/emo-shop.com\/wp-content\/uploads\/2024\/07\/favicon.jpg","width":512,"height":512,"caption":"Spletna trgovina s slovensko posodo - EMO ETT"},"image":{"@id":"https:\/\/emo-shop.com\/hr\/#\/schema\/logo\/image\/"},"sameAs":["https:\/\/www.facebook.com\/EMOSLOVENIA"]}]}},"_links":{"self":[{"href":"https:\/\/emo-shop.com\/hr\/wp-json\/wp\/v2\/product\/34130","targetHints":{"allow":["GET"]}}],"collection":[{"href":"https:\/\/emo-shop.com\/hr\/wp-json\/wp\/v2\/product"}],"about":[{"href":"https:\/\/emo-shop.com\/hr\/wp-json\/wp\/v2\/types\/product"}],"replies":[{"embeddable":true,"href":"https:\/\/emo-shop.com\/hr\/wp-json\/wp\/v2\/comments?post=34130"}],"version-history":[{"count":0,"href":"https:\/\/emo-shop.com\/hr\/wp-json\/wp\/v2\/product\/34130\/revisions"}],"wp:featuredmedia":[{"embeddable":true,"href":"https:\/\/emo-shop.com\/hr\/wp-json\/wp\/v2\/media\/31072"}],"wp:attachment":[{"href":"https:\/\/emo-shop.com\/hr\/wp-json\/wp\/v2\/media?parent=34130"}],"wp:term":[{"taxonomy":"product_brand","embeddable":true,"href":"https:\/\/emo-shop.com\/hr\/wp-json\/wp\/v2\/product_brand?post=34130"},{"taxonomy":"product_cat","embeddable":true,"href":"https:\/\/emo-shop.com\/hr\/wp-json\/wp\/v2\/product_cat?post=34130"},{"taxonomy":"product_tag","embeddable":true,"href":"https:\/\/emo-shop.com\/hr\/wp-json\/wp\/v2\/product_tag?post=34130"}],"curies":[{"name":"wp","href":"https:\/\/api.w.org\/{rel}","templated":true}]}}