{"id":34105,"date":"2024-07-30T10:33:49","date_gmt":"2024-07-30T10:33:49","guid":{"rendered":"https:\/\/emo-shop.com\/izdelki\/veliki-silikonski-kalup-za-kruh\/"},"modified":"2024-07-30T10:33:49","modified_gmt":"2024-07-30T10:33:49","slug":"veliki-silikonski-kalup-za-kruh","status":"publish","type":"product","link":"https:\/\/emo-shop.com\/hr\/izdelki\/veliki-silikonski-kalup-za-kruh\/","title":{"rendered":"Veliki silikonski kalup za kruh"},"content":{"rendered":"<p>U\u017eivajte u pripremi vlastitog ukusnog doma\u0107eg kruha. Ako volite kuhati ili ste ljubitelj zdrave prehrane, imamo savr\u0161en kuhinjski ure\u0111aj za vas \u2013 L\u00e9ku\u00e9 pe\u0107nicu za kruh.<\/p>\n<p>Vagajte, mijesite i pecite doma\u0107i kruh u jednoj zdjeli. Brzo, bez nereda i uz mnogo manje posla i prljavog posu\u0111a. Uzmite kontrolu nad svojim vremenom i u\u017eivajte!<\/p>\n<p>600 ml<\/p>\n<p>D: 280 mm<\/p>\n<p>\u0160: 230 mm<\/p>\n<p>V: 130 mm<\/p>\n<ul>\n<li><span style=\"color: #000000;\">Materijal: 100 % platinasti silikon <\/span><\/li>\n<\/ul>\n<ul>\n<li><span style=\"color: #000000;\">Temperatura: -60 \u00b0C \/ + 220 \u00b0C <\/span><\/li>\n<li><span style=\"color: #000000;\">Pogodno za: pe\u0107nicu, mikrovalnu pe\u0107nicu, perilicu posu\u0111a, hladnjak <\/span><\/li>\n<\/ul>\n<p><span style=\"color: #000000;\"><a href=\"https:\/\/youtu.be\/h1xgzUVoDjU\">VIDEO PRIMJER UPOTREBE<\/a><\/span><\/p>\n","protected":false},"excerpt":{"rendered":"<h3>L\u00c9KU\u00c9 aparat za pe\u010denje kruha<\/h3>\n","protected":false},"featured_media":28222,"comment_status":"open","ping_status":"closed","template":"","meta":[],"product_brand":[],"product_cat":[854,792,1043],"product_tag":[1037,859,1031,1061,1121,1120,1076,1082,863],"class_list":{"0":"post-34105","1":"product","2":"type-product","3":"status-publish","4":"has-post-thumbnail","6":"product_cat-brabantia-lekue","7":"product_cat-izabrano-za-vas","8":"product_cat-pekarski-limovi","9":"product_tag-bez-bpa","10":"product_tag-kuhinjski-pribor","11":"product_tag-lekue","12":"product_tag-odrzivu-kuhinju","13":"product_tag-pecenje-domaceg-kruha","14":"product_tag-pekac-za-kruh","15":"product_tag-silikonski-lim-za-pecenje","16":"product_tag-silikonski-spremnik","17":"product_tag-zdravo-pecenje","19":"first","20":"instock","21":"taxable","22":"shipping-taxable","23":"purchasable","24":"product-type-simple"},"yoast_head":"<!-- This site is optimized with the Yoast SEO plugin v27.4 - https:\/\/yoast.com\/product\/yoast-seo-wordpress\/ -->\n<title>Veliki silikonski kalup za kruh - Spletna trgovina s slovensko posodo - EMO ETT<\/title>\n<meta name=\"robots\" content=\"index, follow, max-snippet:-1, max-image-preview:large, max-video-preview:-1\" \/>\n<link rel=\"canonical\" href=\"https:\/\/emo-shop.com\/hr\/izdelki\/veliki-silikonski-kalup-za-kruh\/\" \/>\n<meta property=\"og:locale\" content=\"hr_HR\" \/>\n<meta property=\"og:type\" content=\"article\" \/>\n<meta property=\"og:title\" content=\"Veliki silikonski kalup za kruh - Spletna trgovina s slovensko posodo - EMO ETT\" \/>\n<meta property=\"og:description\" content=\"L\u00c9KU\u00c9 aparat za pe\u010denje kruha\" \/>\n<meta property=\"og:url\" content=\"https:\/\/emo-shop.com\/hr\/izdelki\/veliki-silikonski-kalup-za-kruh\/\" \/>\n<meta property=\"og:site_name\" content=\"Spletna trgovina s slovensko posodo - EMO ETT\" \/>\n<meta property=\"article:publisher\" content=\"https:\/\/www.facebook.com\/EMOSLOVENIA\" \/>\n<meta name=\"twitter:card\" content=\"summary_large_image\" \/>\n<script type=\"application\/ld+json\" class=\"yoast-schema-graph\">{\"@context\":\"https:\\\/\\\/schema.org\",\"@graph\":[{\"@type\":\"WebPage\",\"@id\":\"https:\\\/\\\/emo-shop.com\\\/hr\\\/izdelki\\\/veliki-silikonski-kalup-za-kruh\\\/\",\"url\":\"https:\\\/\\\/emo-shop.com\\\/hr\\\/izdelki\\\/veliki-silikonski-kalup-za-kruh\\\/\",\"name\":\"Veliki silikonski kalup za kruh - Spletna trgovina s slovensko posodo - EMO ETT\",\"isPartOf\":{\"@id\":\"https:\\\/\\\/emo-shop.com\\\/hr\\\/#website\"},\"primaryImageOfPage\":{\"@id\":\"https:\\\/\\\/emo-shop.com\\\/hr\\\/izdelki\\\/veliki-silikonski-kalup-za-kruh\\\/#primaryimage\"},\"image\":{\"@id\":\"https:\\\/\\\/emo-shop.com\\\/hr\\\/izdelki\\\/veliki-silikonski-kalup-za-kruh\\\/#primaryimage\"},\"thumbnailUrl\":\"https:\\\/\\\/emo-shop.com\\\/wp-content\\\/uploads\\\/2024\\\/07\\\/397.jpg\",\"datePublished\":\"2024-07-30T10:33:49+00:00\",\"breadcrumb\":{\"@id\":\"https:\\\/\\\/emo-shop.com\\\/hr\\\/izdelki\\\/veliki-silikonski-kalup-za-kruh\\\/#breadcrumb\"},\"inLanguage\":\"hr\",\"potentialAction\":[{\"@type\":\"ReadAction\",\"target\":[\"https:\\\/\\\/emo-shop.com\\\/hr\\\/izdelki\\\/veliki-silikonski-kalup-za-kruh\\\/\"]}]},{\"@type\":\"ImageObject\",\"inLanguage\":\"hr\",\"@id\":\"https:\\\/\\\/emo-shop.com\\\/hr\\\/izdelki\\\/veliki-silikonski-kalup-za-kruh\\\/#primaryimage\",\"url\":\"https:\\\/\\\/emo-shop.com\\\/wp-content\\\/uploads\\\/2024\\\/07\\\/397.jpg\",\"contentUrl\":\"https:\\\/\\\/emo-shop.com\\\/wp-content\\\/uploads\\\/2024\\\/07\\\/397.jpg\",\"width\":800,\"height\":600},{\"@type\":\"BreadcrumbList\",\"@id\":\"https:\\\/\\\/emo-shop.com\\\/hr\\\/izdelki\\\/veliki-silikonski-kalup-za-kruh\\\/#breadcrumb\",\"itemListElement\":[{\"@type\":\"ListItem\",\"position\":1,\"name\":\"Home\",\"item\":\"https:\\\/\\\/emo-shop.com\\\/hr\\\/\"},{\"@type\":\"ListItem\",\"position\":2,\"name\":\"Trgovina\",\"item\":\"https:\\\/\\\/emo-shop.com\\\/hr\\\/trgovina\\\/\"},{\"@type\":\"ListItem\",\"position\":3,\"name\":\"Veliki silikonski kalup za kruh\"}]},{\"@type\":\"WebSite\",\"@id\":\"https:\\\/\\\/emo-shop.com\\\/hr\\\/#website\",\"url\":\"https:\\\/\\\/emo-shop.com\\\/hr\\\/\",\"name\":\"Spletna trgovina s slovensko posodo - EMO ETT\",\"description\":\"Spletna trgovina\",\"publisher\":{\"@id\":\"https:\\\/\\\/emo-shop.com\\\/hr\\\/#organization\"},\"potentialAction\":[{\"@type\":\"SearchAction\",\"target\":{\"@type\":\"EntryPoint\",\"urlTemplate\":\"https:\\\/\\\/emo-shop.com\\\/hr\\\/?s={search_term_string}\"},\"query-input\":{\"@type\":\"PropertyValueSpecification\",\"valueRequired\":true,\"valueName\":\"search_term_string\"}}],\"inLanguage\":\"hr\"},{\"@type\":\"Organization\",\"@id\":\"https:\\\/\\\/emo-shop.com\\\/hr\\\/#organization\",\"name\":\"Spletna trgovina s slovensko posodo - EMO ETT\",\"url\":\"https:\\\/\\\/emo-shop.com\\\/hr\\\/\",\"logo\":{\"@type\":\"ImageObject\",\"inLanguage\":\"hr\",\"@id\":\"https:\\\/\\\/emo-shop.com\\\/hr\\\/#\\\/schema\\\/logo\\\/image\\\/\",\"url\":\"https:\\\/\\\/emo-shop.com\\\/wp-content\\\/uploads\\\/2024\\\/07\\\/favicon.jpg\",\"contentUrl\":\"https:\\\/\\\/emo-shop.com\\\/wp-content\\\/uploads\\\/2024\\\/07\\\/favicon.jpg\",\"width\":512,\"height\":512,\"caption\":\"Spletna trgovina s slovensko posodo - EMO ETT\"},\"image\":{\"@id\":\"https:\\\/\\\/emo-shop.com\\\/hr\\\/#\\\/schema\\\/logo\\\/image\\\/\"},\"sameAs\":[\"https:\\\/\\\/www.facebook.com\\\/EMOSLOVENIA\"]}]}<\/script>\n<!-- \/ Yoast SEO plugin. -->","yoast_head_json":{"title":"Veliki silikonski kalup za kruh - Spletna trgovina s slovensko posodo - EMO ETT","robots":{"index":"index","follow":"follow","max-snippet":"max-snippet:-1","max-image-preview":"max-image-preview:large","max-video-preview":"max-video-preview:-1"},"canonical":"https:\/\/emo-shop.com\/hr\/izdelki\/veliki-silikonski-kalup-za-kruh\/","og_locale":"hr_HR","og_type":"article","og_title":"Veliki silikonski kalup za kruh - Spletna trgovina s slovensko posodo - EMO ETT","og_description":"L\u00c9KU\u00c9 aparat za pe\u010denje kruha","og_url":"https:\/\/emo-shop.com\/hr\/izdelki\/veliki-silikonski-kalup-za-kruh\/","og_site_name":"Spletna trgovina s slovensko posodo - EMO ETT","article_publisher":"https:\/\/www.facebook.com\/EMOSLOVENIA","twitter_card":"summary_large_image","schema":{"@context":"https:\/\/schema.org","@graph":[{"@type":"WebPage","@id":"https:\/\/emo-shop.com\/hr\/izdelki\/veliki-silikonski-kalup-za-kruh\/","url":"https:\/\/emo-shop.com\/hr\/izdelki\/veliki-silikonski-kalup-za-kruh\/","name":"Veliki silikonski kalup za kruh - Spletna trgovina s slovensko posodo - EMO ETT","isPartOf":{"@id":"https:\/\/emo-shop.com\/hr\/#website"},"primaryImageOfPage":{"@id":"https:\/\/emo-shop.com\/hr\/izdelki\/veliki-silikonski-kalup-za-kruh\/#primaryimage"},"image":{"@id":"https:\/\/emo-shop.com\/hr\/izdelki\/veliki-silikonski-kalup-za-kruh\/#primaryimage"},"thumbnailUrl":"https:\/\/emo-shop.com\/wp-content\/uploads\/2024\/07\/397.jpg","datePublished":"2024-07-30T10:33:49+00:00","breadcrumb":{"@id":"https:\/\/emo-shop.com\/hr\/izdelki\/veliki-silikonski-kalup-za-kruh\/#breadcrumb"},"inLanguage":"hr","potentialAction":[{"@type":"ReadAction","target":["https:\/\/emo-shop.com\/hr\/izdelki\/veliki-silikonski-kalup-za-kruh\/"]}]},{"@type":"ImageObject","inLanguage":"hr","@id":"https:\/\/emo-shop.com\/hr\/izdelki\/veliki-silikonski-kalup-za-kruh\/#primaryimage","url":"https:\/\/emo-shop.com\/wp-content\/uploads\/2024\/07\/397.jpg","contentUrl":"https:\/\/emo-shop.com\/wp-content\/uploads\/2024\/07\/397.jpg","width":800,"height":600},{"@type":"BreadcrumbList","@id":"https:\/\/emo-shop.com\/hr\/izdelki\/veliki-silikonski-kalup-za-kruh\/#breadcrumb","itemListElement":[{"@type":"ListItem","position":1,"name":"Home","item":"https:\/\/emo-shop.com\/hr\/"},{"@type":"ListItem","position":2,"name":"Trgovina","item":"https:\/\/emo-shop.com\/hr\/trgovina\/"},{"@type":"ListItem","position":3,"name":"Veliki silikonski kalup za kruh"}]},{"@type":"WebSite","@id":"https:\/\/emo-shop.com\/hr\/#website","url":"https:\/\/emo-shop.com\/hr\/","name":"Spletna trgovina s slovensko posodo - EMO ETT","description":"Spletna trgovina","publisher":{"@id":"https:\/\/emo-shop.com\/hr\/#organization"},"potentialAction":[{"@type":"SearchAction","target":{"@type":"EntryPoint","urlTemplate":"https:\/\/emo-shop.com\/hr\/?s={search_term_string}"},"query-input":{"@type":"PropertyValueSpecification","valueRequired":true,"valueName":"search_term_string"}}],"inLanguage":"hr"},{"@type":"Organization","@id":"https:\/\/emo-shop.com\/hr\/#organization","name":"Spletna trgovina s slovensko posodo - EMO ETT","url":"https:\/\/emo-shop.com\/hr\/","logo":{"@type":"ImageObject","inLanguage":"hr","@id":"https:\/\/emo-shop.com\/hr\/#\/schema\/logo\/image\/","url":"https:\/\/emo-shop.com\/wp-content\/uploads\/2024\/07\/favicon.jpg","contentUrl":"https:\/\/emo-shop.com\/wp-content\/uploads\/2024\/07\/favicon.jpg","width":512,"height":512,"caption":"Spletna trgovina s slovensko posodo - EMO ETT"},"image":{"@id":"https:\/\/emo-shop.com\/hr\/#\/schema\/logo\/image\/"},"sameAs":["https:\/\/www.facebook.com\/EMOSLOVENIA"]}]}},"_links":{"self":[{"href":"https:\/\/emo-shop.com\/hr\/wp-json\/wp\/v2\/product\/34105","targetHints":{"allow":["GET"]}}],"collection":[{"href":"https:\/\/emo-shop.com\/hr\/wp-json\/wp\/v2\/product"}],"about":[{"href":"https:\/\/emo-shop.com\/hr\/wp-json\/wp\/v2\/types\/product"}],"replies":[{"embeddable":true,"href":"https:\/\/emo-shop.com\/hr\/wp-json\/wp\/v2\/comments?post=34105"}],"version-history":[{"count":0,"href":"https:\/\/emo-shop.com\/hr\/wp-json\/wp\/v2\/product\/34105\/revisions"}],"wp:featuredmedia":[{"embeddable":true,"href":"https:\/\/emo-shop.com\/hr\/wp-json\/wp\/v2\/media\/28222"}],"wp:attachment":[{"href":"https:\/\/emo-shop.com\/hr\/wp-json\/wp\/v2\/media?parent=34105"}],"wp:term":[{"taxonomy":"product_brand","embeddable":true,"href":"https:\/\/emo-shop.com\/hr\/wp-json\/wp\/v2\/product_brand?post=34105"},{"taxonomy":"product_cat","embeddable":true,"href":"https:\/\/emo-shop.com\/hr\/wp-json\/wp\/v2\/product_cat?post=34105"},{"taxonomy":"product_tag","embeddable":true,"href":"https:\/\/emo-shop.com\/hr\/wp-json\/wp\/v2\/product_tag?post=34105"}],"curies":[{"name":"wp","href":"https:\/\/api.w.org\/{rel}","templated":true}]}}