{"id":33961,"date":"2024-10-17T09:11:06","date_gmt":"2024-10-17T09:11:06","guid":{"rendered":"https:\/\/emo-shop.com\/izdelki\/set-pribora-za-jelo-24-1-monteray-solingen-bakarne-boje\/"},"modified":"2026-02-03T13:05:05","modified_gmt":"2026-02-03T13:05:05","slug":"set-pribora-za-jelo-24-1-monteray-solingen-bakarne-boje","status":"publish","type":"product","link":"https:\/\/emo-shop.com\/hr\/izdelki\/set-pribora-za-jelo-24-1-monteray-solingen-bakarne-boje\/","title":{"rendered":"Set pribora za jelo 24\/1 Monteray Solingen, bakarne boje"},"content":{"rendered":"<h3>Monterey pribor za jelo<\/h3>\n<p>Set pribora za jelo Monterey s PVD oblogom u boji dizajniran je s debljinom materijala od 4 mm, osiguravaju\u0107i visoku kvalitetu bez nepotrebne te\u017eine ili nespretnosti. Duga o\u0161trica no\u017ea i vilice odra\u017eavaju moderan dizajn, dok posebni oblik omogu\u0107uje udobno dr\u017eanje u ruci i izvrsnu ravnote\u017eu.<\/p>\n<p>Ovaj luksuzni set sjajnog posu\u0111a od nehr\u0111aju\u0107eg \u010delika podi\u0107i \u0107e va\u0161e obroke na potpuno novu razinu. Set Solingen uklju\u010duje no\u017eeve, vilice, \u017elice za juhu i \u017eli\u010dice, ukupno 24 komada. Pranje posu\u0111a je brzo i jednostavno.<\/p>\n<p><strong>Set posu\u0111a uklju\u010duje:<\/strong><\/p>\n<ul>\n<li>6\u00d7 no\u017eeva za jelo (232 mm)<\/li>\n<li>6\u00d7 vilica (204 mm)<\/li>\n<li>6\u00d7 \u017elica za juhu (207 mm)<\/li>\n<li>6\u00d7 \u017eli\u010dica (145 mm)<\/li>\n<\/ul>\n","protected":false},"excerpt":{"rendered":"<h4><strong>\u00a0<\/strong><\/h4>\n","protected":false},"featured_media":33963,"comment_status":"open","ping_status":"closed","template":"","meta":[],"product_brand":[],"product_cat":[916],"product_tag":[1071,1070,1073,961,1072,1075,1074,1069,1068],"class_list":{"0":"post-33961","1":"product","2":"type-product","3":"status-publish","4":"has-post-thumbnail","6":"product_cat-kuhinjski-pribor","7":"product_tag-bakrene-boje","8":"product_tag-boja-zlica-i-vilica","9":"product_tag-kuhinjski-pribor-2","10":"product_tag-moderni-dizajn","11":"product_tag-nehrdajuci-celik","12":"product_tag-odrziv-modni-dodatak","13":"product_tag-prestizni-dodaci","14":"product_tag-pribor-za-jelo","15":"product_tag-solingen","17":"first","18":"instock","19":"taxable","20":"shipping-taxable","21":"purchasable","22":"product-type-simple"},"yoast_head":"<!-- This site is optimized with the Yoast SEO plugin v27.4 - https:\/\/yoast.com\/product\/yoast-seo-wordpress\/ -->\n<title>Set pribora za jelo 24\/1 Monteray Solingen, bakarne boje - Spletna trgovina s slovensko posodo - EMO ETT<\/title>\n<meta name=\"robots\" content=\"index, follow, max-snippet:-1, max-image-preview:large, max-video-preview:-1\" \/>\n<link rel=\"canonical\" href=\"https:\/\/emo-shop.com\/hr\/izdelki\/set-pribora-za-jelo-24-1-monteray-solingen-bakarne-boje\/\" \/>\n<meta property=\"og:locale\" content=\"hr_HR\" \/>\n<meta property=\"og:type\" content=\"article\" \/>\n<meta property=\"og:title\" content=\"Set pribora za jelo 24\/1 Monteray Solingen, bakarne boje - Spletna trgovina s slovensko posodo - EMO ETT\" \/>\n<meta property=\"og:description\" content=\"\u00a0\" \/>\n<meta property=\"og:url\" content=\"https:\/\/emo-shop.com\/hr\/izdelki\/set-pribora-za-jelo-24-1-monteray-solingen-bakarne-boje\/\" \/>\n<meta property=\"og:site_name\" content=\"Spletna trgovina s slovensko posodo - EMO ETT\" \/>\n<meta property=\"article:publisher\" content=\"https:\/\/www.facebook.com\/EMOSLOVENIA\" \/>\n<meta property=\"article:modified_time\" content=\"2026-02-03T13:05:05+00:00\" \/>\n<meta property=\"og:image\" content=\"https:\/\/emo-shop.com\/wp-content\/uploads\/2024\/10\/Posnetek-zaslona-2024-10-17-111252bakreni.png\" \/>\n\t<meta property=\"og:image:width\" content=\"637\" \/>\n\t<meta property=\"og:image:height\" content=\"807\" \/>\n\t<meta property=\"og:image:type\" content=\"image\/png\" \/>\n<meta name=\"twitter:card\" content=\"summary_large_image\" \/>\n<meta name=\"twitter:label1\" content=\"Procijenjeno vrijeme \u010ditanja\" \/>\n\t<meta name=\"twitter:data1\" content=\"1 minuta\" \/>\n<script type=\"application\/ld+json\" class=\"yoast-schema-graph\">{\"@context\":\"https:\\\/\\\/schema.org\",\"@graph\":[{\"@type\":\"WebPage\",\"@id\":\"https:\\\/\\\/emo-shop.com\\\/hr\\\/izdelki\\\/set-pribora-za-jelo-24-1-monteray-solingen-bakarne-boje\\\/\",\"url\":\"https:\\\/\\\/emo-shop.com\\\/hr\\\/izdelki\\\/set-pribora-za-jelo-24-1-monteray-solingen-bakarne-boje\\\/\",\"name\":\"Set pribora za jelo 24\\\/1 Monteray Solingen, bakarne boje - Spletna trgovina s slovensko posodo - EMO ETT\",\"isPartOf\":{\"@id\":\"https:\\\/\\\/emo-shop.com\\\/hr\\\/#website\"},\"primaryImageOfPage\":{\"@id\":\"https:\\\/\\\/emo-shop.com\\\/hr\\\/izdelki\\\/set-pribora-za-jelo-24-1-monteray-solingen-bakarne-boje\\\/#primaryimage\"},\"image\":{\"@id\":\"https:\\\/\\\/emo-shop.com\\\/hr\\\/izdelki\\\/set-pribora-za-jelo-24-1-monteray-solingen-bakarne-boje\\\/#primaryimage\"},\"thumbnailUrl\":\"https:\\\/\\\/emo-shop.com\\\/wp-content\\\/uploads\\\/2024\\\/10\\\/Posnetek-zaslona-2024-10-17-111252bakreni.png\",\"datePublished\":\"2024-10-17T09:11:06+00:00\",\"dateModified\":\"2026-02-03T13:05:05+00:00\",\"breadcrumb\":{\"@id\":\"https:\\\/\\\/emo-shop.com\\\/hr\\\/izdelki\\\/set-pribora-za-jelo-24-1-monteray-solingen-bakarne-boje\\\/#breadcrumb\"},\"inLanguage\":\"hr\",\"potentialAction\":[{\"@type\":\"ReadAction\",\"target\":[\"https:\\\/\\\/emo-shop.com\\\/hr\\\/izdelki\\\/set-pribora-za-jelo-24-1-monteray-solingen-bakarne-boje\\\/\"]}]},{\"@type\":\"ImageObject\",\"inLanguage\":\"hr\",\"@id\":\"https:\\\/\\\/emo-shop.com\\\/hr\\\/izdelki\\\/set-pribora-za-jelo-24-1-monteray-solingen-bakarne-boje\\\/#primaryimage\",\"url\":\"https:\\\/\\\/emo-shop.com\\\/wp-content\\\/uploads\\\/2024\\\/10\\\/Posnetek-zaslona-2024-10-17-111252bakreni.png\",\"contentUrl\":\"https:\\\/\\\/emo-shop.com\\\/wp-content\\\/uploads\\\/2024\\\/10\\\/Posnetek-zaslona-2024-10-17-111252bakreni.png\",\"width\":637,\"height\":807},{\"@type\":\"BreadcrumbList\",\"@id\":\"https:\\\/\\\/emo-shop.com\\\/hr\\\/izdelki\\\/set-pribora-za-jelo-24-1-monteray-solingen-bakarne-boje\\\/#breadcrumb\",\"itemListElement\":[{\"@type\":\"ListItem\",\"position\":1,\"name\":\"Home\",\"item\":\"https:\\\/\\\/emo-shop.com\\\/hr\\\/\"},{\"@type\":\"ListItem\",\"position\":2,\"name\":\"Trgovina\",\"item\":\"https:\\\/\\\/emo-shop.com\\\/hr\\\/trgovina\\\/\"},{\"@type\":\"ListItem\",\"position\":3,\"name\":\"Set pribora za jelo 24\\\/1 Monteray Solingen, bakarne boje\"}]},{\"@type\":\"WebSite\",\"@id\":\"https:\\\/\\\/emo-shop.com\\\/hr\\\/#website\",\"url\":\"https:\\\/\\\/emo-shop.com\\\/hr\\\/\",\"name\":\"Spletna trgovina s slovensko posodo - EMO ETT\",\"description\":\"Spletna trgovina\",\"publisher\":{\"@id\":\"https:\\\/\\\/emo-shop.com\\\/hr\\\/#organization\"},\"potentialAction\":[{\"@type\":\"SearchAction\",\"target\":{\"@type\":\"EntryPoint\",\"urlTemplate\":\"https:\\\/\\\/emo-shop.com\\\/hr\\\/?s={search_term_string}\"},\"query-input\":{\"@type\":\"PropertyValueSpecification\",\"valueRequired\":true,\"valueName\":\"search_term_string\"}}],\"inLanguage\":\"hr\"},{\"@type\":\"Organization\",\"@id\":\"https:\\\/\\\/emo-shop.com\\\/hr\\\/#organization\",\"name\":\"Spletna trgovina s slovensko posodo - EMO ETT\",\"url\":\"https:\\\/\\\/emo-shop.com\\\/hr\\\/\",\"logo\":{\"@type\":\"ImageObject\",\"inLanguage\":\"hr\",\"@id\":\"https:\\\/\\\/emo-shop.com\\\/hr\\\/#\\\/schema\\\/logo\\\/image\\\/\",\"url\":\"https:\\\/\\\/emo-shop.com\\\/wp-content\\\/uploads\\\/2024\\\/07\\\/favicon.jpg\",\"contentUrl\":\"https:\\\/\\\/emo-shop.com\\\/wp-content\\\/uploads\\\/2024\\\/07\\\/favicon.jpg\",\"width\":512,\"height\":512,\"caption\":\"Spletna trgovina s slovensko posodo - EMO ETT\"},\"image\":{\"@id\":\"https:\\\/\\\/emo-shop.com\\\/hr\\\/#\\\/schema\\\/logo\\\/image\\\/\"},\"sameAs\":[\"https:\\\/\\\/www.facebook.com\\\/EMOSLOVENIA\"]}]}<\/script>\n<!-- \/ Yoast SEO plugin. -->","yoast_head_json":{"title":"Set pribora za jelo 24\/1 Monteray Solingen, bakarne boje - Spletna trgovina s slovensko posodo - EMO ETT","robots":{"index":"index","follow":"follow","max-snippet":"max-snippet:-1","max-image-preview":"max-image-preview:large","max-video-preview":"max-video-preview:-1"},"canonical":"https:\/\/emo-shop.com\/hr\/izdelki\/set-pribora-za-jelo-24-1-monteray-solingen-bakarne-boje\/","og_locale":"hr_HR","og_type":"article","og_title":"Set pribora za jelo 24\/1 Monteray Solingen, bakarne boje - Spletna trgovina s slovensko posodo - EMO ETT","og_description":"\u00a0","og_url":"https:\/\/emo-shop.com\/hr\/izdelki\/set-pribora-za-jelo-24-1-monteray-solingen-bakarne-boje\/","og_site_name":"Spletna trgovina s slovensko posodo - EMO ETT","article_publisher":"https:\/\/www.facebook.com\/EMOSLOVENIA","article_modified_time":"2026-02-03T13:05:05+00:00","og_image":[{"width":637,"height":807,"url":"https:\/\/emo-shop.com\/wp-content\/uploads\/2024\/10\/Posnetek-zaslona-2024-10-17-111252bakreni.png","type":"image\/png"}],"twitter_card":"summary_large_image","twitter_misc":{"Procijenjeno vrijeme \u010ditanja":"1 minuta"},"schema":{"@context":"https:\/\/schema.org","@graph":[{"@type":"WebPage","@id":"https:\/\/emo-shop.com\/hr\/izdelki\/set-pribora-za-jelo-24-1-monteray-solingen-bakarne-boje\/","url":"https:\/\/emo-shop.com\/hr\/izdelki\/set-pribora-za-jelo-24-1-monteray-solingen-bakarne-boje\/","name":"Set pribora za jelo 24\/1 Monteray Solingen, bakarne boje - Spletna trgovina s slovensko posodo - EMO ETT","isPartOf":{"@id":"https:\/\/emo-shop.com\/hr\/#website"},"primaryImageOfPage":{"@id":"https:\/\/emo-shop.com\/hr\/izdelki\/set-pribora-za-jelo-24-1-monteray-solingen-bakarne-boje\/#primaryimage"},"image":{"@id":"https:\/\/emo-shop.com\/hr\/izdelki\/set-pribora-za-jelo-24-1-monteray-solingen-bakarne-boje\/#primaryimage"},"thumbnailUrl":"https:\/\/emo-shop.com\/wp-content\/uploads\/2024\/10\/Posnetek-zaslona-2024-10-17-111252bakreni.png","datePublished":"2024-10-17T09:11:06+00:00","dateModified":"2026-02-03T13:05:05+00:00","breadcrumb":{"@id":"https:\/\/emo-shop.com\/hr\/izdelki\/set-pribora-za-jelo-24-1-monteray-solingen-bakarne-boje\/#breadcrumb"},"inLanguage":"hr","potentialAction":[{"@type":"ReadAction","target":["https:\/\/emo-shop.com\/hr\/izdelki\/set-pribora-za-jelo-24-1-monteray-solingen-bakarne-boje\/"]}]},{"@type":"ImageObject","inLanguage":"hr","@id":"https:\/\/emo-shop.com\/hr\/izdelki\/set-pribora-za-jelo-24-1-monteray-solingen-bakarne-boje\/#primaryimage","url":"https:\/\/emo-shop.com\/wp-content\/uploads\/2024\/10\/Posnetek-zaslona-2024-10-17-111252bakreni.png","contentUrl":"https:\/\/emo-shop.com\/wp-content\/uploads\/2024\/10\/Posnetek-zaslona-2024-10-17-111252bakreni.png","width":637,"height":807},{"@type":"BreadcrumbList","@id":"https:\/\/emo-shop.com\/hr\/izdelki\/set-pribora-za-jelo-24-1-monteray-solingen-bakarne-boje\/#breadcrumb","itemListElement":[{"@type":"ListItem","position":1,"name":"Home","item":"https:\/\/emo-shop.com\/hr\/"},{"@type":"ListItem","position":2,"name":"Trgovina","item":"https:\/\/emo-shop.com\/hr\/trgovina\/"},{"@type":"ListItem","position":3,"name":"Set pribora za jelo 24\/1 Monteray Solingen, bakarne boje"}]},{"@type":"WebSite","@id":"https:\/\/emo-shop.com\/hr\/#website","url":"https:\/\/emo-shop.com\/hr\/","name":"Spletna trgovina s slovensko posodo - EMO ETT","description":"Spletna trgovina","publisher":{"@id":"https:\/\/emo-shop.com\/hr\/#organization"},"potentialAction":[{"@type":"SearchAction","target":{"@type":"EntryPoint","urlTemplate":"https:\/\/emo-shop.com\/hr\/?s={search_term_string}"},"query-input":{"@type":"PropertyValueSpecification","valueRequired":true,"valueName":"search_term_string"}}],"inLanguage":"hr"},{"@type":"Organization","@id":"https:\/\/emo-shop.com\/hr\/#organization","name":"Spletna trgovina s slovensko posodo - EMO ETT","url":"https:\/\/emo-shop.com\/hr\/","logo":{"@type":"ImageObject","inLanguage":"hr","@id":"https:\/\/emo-shop.com\/hr\/#\/schema\/logo\/image\/","url":"https:\/\/emo-shop.com\/wp-content\/uploads\/2024\/07\/favicon.jpg","contentUrl":"https:\/\/emo-shop.com\/wp-content\/uploads\/2024\/07\/favicon.jpg","width":512,"height":512,"caption":"Spletna trgovina s slovensko posodo - EMO ETT"},"image":{"@id":"https:\/\/emo-shop.com\/hr\/#\/schema\/logo\/image\/"},"sameAs":["https:\/\/www.facebook.com\/EMOSLOVENIA"]}]}},"_links":{"self":[{"href":"https:\/\/emo-shop.com\/hr\/wp-json\/wp\/v2\/product\/33961","targetHints":{"allow":["GET"]}}],"collection":[{"href":"https:\/\/emo-shop.com\/hr\/wp-json\/wp\/v2\/product"}],"about":[{"href":"https:\/\/emo-shop.com\/hr\/wp-json\/wp\/v2\/types\/product"}],"replies":[{"embeddable":true,"href":"https:\/\/emo-shop.com\/hr\/wp-json\/wp\/v2\/comments?post=33961"}],"version-history":[{"count":0,"href":"https:\/\/emo-shop.com\/hr\/wp-json\/wp\/v2\/product\/33961\/revisions"}],"wp:featuredmedia":[{"embeddable":true,"href":"https:\/\/emo-shop.com\/hr\/wp-json\/wp\/v2\/media\/33963"}],"wp:attachment":[{"href":"https:\/\/emo-shop.com\/hr\/wp-json\/wp\/v2\/media?parent=33961"}],"wp:term":[{"taxonomy":"product_brand","embeddable":true,"href":"https:\/\/emo-shop.com\/hr\/wp-json\/wp\/v2\/product_brand?post=33961"},{"taxonomy":"product_cat","embeddable":true,"href":"https:\/\/emo-shop.com\/hr\/wp-json\/wp\/v2\/product_cat?post=33961"},{"taxonomy":"product_tag","embeddable":true,"href":"https:\/\/emo-shop.com\/hr\/wp-json\/wp\/v2\/product_tag?post=33961"}],"curies":[{"name":"wp","href":"https:\/\/api.w.org\/{rel}","templated":true}]}}