{"id":33958,"date":"2024-10-24T07:00:36","date_gmt":"2024-10-24T07:00:36","guid":{"rendered":"https:\/\/emo-shop.com\/izdelki\/emajlirana-tava-s-odvojivom-drvenom-ruckom\/"},"modified":"2026-02-03T13:05:04","modified_gmt":"2026-02-03T13:05:04","slug":"emajlirana-tava-s-odvojivom-drvenom-ruckom","status":"publish","type":"product","link":"https:\/\/emo-shop.com\/hr\/izdelki\/emajlirana-tava-s-odvojivom-drvenom-ruckom\/","title":{"rendered":"Emajlirana tava s odvojivom drvenom ru\u010dkom"},"content":{"rendered":"<p><b>DIJELOVI Promjer lonca: 26 cm Promjer s rubom: 27 cm Promjer dna: 21 cm Debljina lima: 2,0 mm Te\u017eina: 2,6 kg<\/b><\/p>\n<p><strong>Visina: 8,5 cm<\/strong><\/p>\n<p>\u00a0<\/p>\n<p><span style=\"font-weight: 400;\"><br \/>\nOvaj lonac, isproban i provjeren generacijama, isti\u010de se svojim bezvremenskim dizajnom, savr\u0161enim akumuliranjem topline, jednostavnim odr\u017eavanjem i iznimno dugim vijekom trajanja. Poseban lim od \u010delika debljine 2 mm osigurava savr\u0161enu raspodjelu topline po cijeloj povr\u0161ini posu\u0111a. Dok vanjska strana posu\u0111a ima minimalisti\u010dki izgled s crnom mat emajlom, unutra\u0161njost je ukra\u0161ena elegantnom tamnoplavom bojom. Prakti\u010dan poklon koji \u0107e odu\u0161eviti svakoga.<\/span><\/p>\n<ul>\n<li style=\"font-weight: 400;\" aria-level=\"1\"><span style=\"font-weight: 400;\">Idealno za stakloporculanske, indukcijske, elektri\u010dne i lonce od lijevanog \u017eeljeza, uklju\u010duju\u0107i plinske i elektri\u010dne pe\u0107nice<\/span><\/li>\n<li style=\"font-weight: 400;\" aria-level=\"1\"><span style=\"font-weight: 400;\">Osigurava 100% higijensko kuhanje<\/span><\/li>\n<li style=\"font-weight: 400;\" aria-level=\"1\"><span style=\"font-weight: 400;\">Omogu\u0107uje ravnomjernu raspodjelu topline za savr\u0161enu pripremu hrane<\/span><\/li>\n<li style=\"font-weight: 400;\" aria-level=\"1\"><span style=\"font-weight: 400;\">Optimalna raspodjela topline zna\u010di energetski u\u010dinkovitije kuhanje<\/span><\/li>\n<li style=\"font-weight: 400;\" aria-level=\"1\"><span style=\"font-weight: 400;\">pri pravilnoj upotrebi hrana se ne lijepi i ne gori (emajl ima vrlo nisku adheziju)<\/span><\/li>\n<li style=\"font-weight: 400;\" aria-level=\"1\"><span style=\"font-weight: 400;\">njegova glatka povr\u0161ina ograni\u010dava rast bakterija<\/span><\/li>\n<li style=\"font-weight: 400;\" aria-level=\"1\"><span style=\"font-weight: 400;\">ne otpu\u0161ta nikakve kemijske tvari tijekom pripreme hrane<\/span><\/li>\n<li style=\"font-weight: 400;\" aria-level=\"1\"><span style=\"font-weight: 400;\">emajl je higijenski i pogodan za djecu i osobe s alergijama<\/span><\/li>\n<li style=\"font-weight: 400;\" aria-level=\"1\"><span style=\"font-weight: 400;\">ima vrlo dug vijek trajanja<\/span><\/li>\n<li style=\"font-weight: 400;\" aria-level=\"1\"><span style=\"font-weight: 400;\">Ima tvrdu, neporoznu povr\u0161inu otpornu na ogrebotine.<\/span><\/li>\n<li style=\"font-weight: 400;\" aria-level=\"1\"><span style=\"font-weight: 400;\">Hemijska i bojna stabilnost \u010dak i nakon dugotrajne uporabe<\/span><\/li>\n<li style=\"font-weight: 400;\" aria-level=\"1\"><span style=\"font-weight: 400;\">dugoro\u010dno jamstvo kvalitete<\/span><\/li>\n<li style=\"font-weight: 400;\" aria-level=\"1\"><span style=\"font-weight: 400;\">ima moderan i bezvremenski izgled<\/span><\/li>\n<li style=\"font-weight: 400;\" aria-level=\"1\"><span style=\"font-weight: 400;\">proizvod je 100% reciklabilan<\/span><\/li>\n<\/ul>\n","protected":false},"excerpt":{"rendered":"<p>Emajlirana tava pogodna je za pr\u017eenje, dinstanje ili \u010dak pe\u010denje u pe\u0107nici, jer ima prakti\u010dnu odvojivu dr\u0161ku. Pogodna je za pripremu svih va\u0161ih omiljenih jela.<\/p>\n","protected":false},"featured_media":33959,"comment_status":"open","ping_status":"closed","template":"","meta":[],"product_brand":[],"product_cat":[932,792,1043,913],"product_tag":[862,951,858,859,952,860,950,793,808,949],"class_list":{"0":"post-33958","1":"product","2":"type-product","3":"status-publish","4":"has-post-thumbnail","6":"product_cat-eterna","7":"product_cat-izabrano-za-vas","8":"product_cat-pekarski-limovi","9":"product_cat-serpe","10":"product_tag-bez-stetnih-premaza","11":"product_tag-emajlirana-posuda","12":"product_tag-emo-celje","13":"product_tag-kuhinjski-pribor","14":"product_tag-lonac-za-kuhanje","15":"product_tag-odrzivo-posude","16":"product_tag-pogodno-za-alergicare-2","17":"product_tag-retro-dizajn","18":"product_tag-slovenska-kvaliteta","19":"product_tag-zdravo-kuhanje","21":"first","22":"instock","23":"taxable","24":"shipping-taxable","25":"purchasable","26":"product-type-simple"},"yoast_head":"<!-- This site is optimized with the Yoast SEO plugin v27.4 - https:\/\/yoast.com\/product\/yoast-seo-wordpress\/ -->\n<title>Emajlirana tava s odvojivom drvenom ru\u010dkom - Spletna trgovina s slovensko posodo - EMO ETT<\/title>\n<meta name=\"robots\" content=\"index, follow, max-snippet:-1, max-image-preview:large, max-video-preview:-1\" \/>\n<link rel=\"canonical\" href=\"https:\/\/emo-shop.com\/hr\/izdelki\/emajlirana-tava-s-odvojivom-drvenom-ruckom\/\" \/>\n<meta property=\"og:locale\" content=\"hr_HR\" \/>\n<meta property=\"og:type\" content=\"article\" \/>\n<meta property=\"og:title\" content=\"Emajlirana tava s odvojivom drvenom ru\u010dkom - Spletna trgovina s slovensko posodo - EMO ETT\" \/>\n<meta property=\"og:description\" content=\"Emajlirana tava pogodna je za pr\u017eenje, dinstanje ili \u010dak pe\u010denje u pe\u0107nici, jer ima prakti\u010dnu odvojivu dr\u0161ku. Pogodna je za pripremu svih va\u0161ih omiljenih jela.\" \/>\n<meta property=\"og:url\" content=\"https:\/\/emo-shop.com\/hr\/izdelki\/emajlirana-tava-s-odvojivom-drvenom-ruckom\/\" \/>\n<meta property=\"og:site_name\" content=\"Spletna trgovina s slovensko posodo - EMO ETT\" \/>\n<meta property=\"article:publisher\" content=\"https:\/\/www.facebook.com\/EMOSLOVENIA\" \/>\n<meta property=\"article:modified_time\" content=\"2026-02-03T13:05:04+00:00\" \/>\n<meta property=\"og:image\" content=\"https:\/\/emo-shop.com\/wp-content\/uploads\/2024\/10\/ponvica-emo.jpg\" \/>\n\t<meta property=\"og:image:width\" content=\"800\" \/>\n\t<meta property=\"og:image:height\" content=\"600\" \/>\n\t<meta property=\"og:image:type\" content=\"image\/jpeg\" \/>\n<meta name=\"twitter:card\" content=\"summary_large_image\" \/>\n<meta name=\"twitter:label1\" content=\"Procijenjeno vrijeme \u010ditanja\" \/>\n\t<meta name=\"twitter:data1\" content=\"1 minuta\" \/>\n<script type=\"application\/ld+json\" class=\"yoast-schema-graph\">{\"@context\":\"https:\\\/\\\/schema.org\",\"@graph\":[{\"@type\":\"WebPage\",\"@id\":\"https:\\\/\\\/emo-shop.com\\\/hr\\\/izdelki\\\/emajlirana-tava-s-odvojivom-drvenom-ruckom\\\/\",\"url\":\"https:\\\/\\\/emo-shop.com\\\/hr\\\/izdelki\\\/emajlirana-tava-s-odvojivom-drvenom-ruckom\\\/\",\"name\":\"Emajlirana tava s odvojivom drvenom ru\u010dkom - Spletna trgovina s slovensko posodo - EMO ETT\",\"isPartOf\":{\"@id\":\"https:\\\/\\\/emo-shop.com\\\/hr\\\/#website\"},\"primaryImageOfPage\":{\"@id\":\"https:\\\/\\\/emo-shop.com\\\/hr\\\/izdelki\\\/emajlirana-tava-s-odvojivom-drvenom-ruckom\\\/#primaryimage\"},\"image\":{\"@id\":\"https:\\\/\\\/emo-shop.com\\\/hr\\\/izdelki\\\/emajlirana-tava-s-odvojivom-drvenom-ruckom\\\/#primaryimage\"},\"thumbnailUrl\":\"https:\\\/\\\/emo-shop.com\\\/wp-content\\\/uploads\\\/2024\\\/10\\\/ponvica-emo.jpg\",\"datePublished\":\"2024-10-24T07:00:36+00:00\",\"dateModified\":\"2026-02-03T13:05:04+00:00\",\"breadcrumb\":{\"@id\":\"https:\\\/\\\/emo-shop.com\\\/hr\\\/izdelki\\\/emajlirana-tava-s-odvojivom-drvenom-ruckom\\\/#breadcrumb\"},\"inLanguage\":\"hr\",\"potentialAction\":[{\"@type\":\"ReadAction\",\"target\":[\"https:\\\/\\\/emo-shop.com\\\/hr\\\/izdelki\\\/emajlirana-tava-s-odvojivom-drvenom-ruckom\\\/\"]}]},{\"@type\":\"ImageObject\",\"inLanguage\":\"hr\",\"@id\":\"https:\\\/\\\/emo-shop.com\\\/hr\\\/izdelki\\\/emajlirana-tava-s-odvojivom-drvenom-ruckom\\\/#primaryimage\",\"url\":\"https:\\\/\\\/emo-shop.com\\\/wp-content\\\/uploads\\\/2024\\\/10\\\/ponvica-emo.jpg\",\"contentUrl\":\"https:\\\/\\\/emo-shop.com\\\/wp-content\\\/uploads\\\/2024\\\/10\\\/ponvica-emo.jpg\",\"width\":800,\"height\":600},{\"@type\":\"BreadcrumbList\",\"@id\":\"https:\\\/\\\/emo-shop.com\\\/hr\\\/izdelki\\\/emajlirana-tava-s-odvojivom-drvenom-ruckom\\\/#breadcrumb\",\"itemListElement\":[{\"@type\":\"ListItem\",\"position\":1,\"name\":\"Home\",\"item\":\"https:\\\/\\\/emo-shop.com\\\/hr\\\/\"},{\"@type\":\"ListItem\",\"position\":2,\"name\":\"Trgovina\",\"item\":\"https:\\\/\\\/emo-shop.com\\\/hr\\\/trgovina\\\/\"},{\"@type\":\"ListItem\",\"position\":3,\"name\":\"Emajlirana tava s odvojivom drvenom ru\u010dkom\"}]},{\"@type\":\"WebSite\",\"@id\":\"https:\\\/\\\/emo-shop.com\\\/hr\\\/#website\",\"url\":\"https:\\\/\\\/emo-shop.com\\\/hr\\\/\",\"name\":\"Spletna trgovina s slovensko posodo - EMO ETT\",\"description\":\"Spletna trgovina\",\"publisher\":{\"@id\":\"https:\\\/\\\/emo-shop.com\\\/hr\\\/#organization\"},\"potentialAction\":[{\"@type\":\"SearchAction\",\"target\":{\"@type\":\"EntryPoint\",\"urlTemplate\":\"https:\\\/\\\/emo-shop.com\\\/hr\\\/?s={search_term_string}\"},\"query-input\":{\"@type\":\"PropertyValueSpecification\",\"valueRequired\":true,\"valueName\":\"search_term_string\"}}],\"inLanguage\":\"hr\"},{\"@type\":\"Organization\",\"@id\":\"https:\\\/\\\/emo-shop.com\\\/hr\\\/#organization\",\"name\":\"Spletna trgovina s slovensko posodo - EMO ETT\",\"url\":\"https:\\\/\\\/emo-shop.com\\\/hr\\\/\",\"logo\":{\"@type\":\"ImageObject\",\"inLanguage\":\"hr\",\"@id\":\"https:\\\/\\\/emo-shop.com\\\/hr\\\/#\\\/schema\\\/logo\\\/image\\\/\",\"url\":\"https:\\\/\\\/emo-shop.com\\\/wp-content\\\/uploads\\\/2024\\\/07\\\/favicon.jpg\",\"contentUrl\":\"https:\\\/\\\/emo-shop.com\\\/wp-content\\\/uploads\\\/2024\\\/07\\\/favicon.jpg\",\"width\":512,\"height\":512,\"caption\":\"Spletna trgovina s slovensko posodo - EMO ETT\"},\"image\":{\"@id\":\"https:\\\/\\\/emo-shop.com\\\/hr\\\/#\\\/schema\\\/logo\\\/image\\\/\"},\"sameAs\":[\"https:\\\/\\\/www.facebook.com\\\/EMOSLOVENIA\"]}]}<\/script>\n<!-- \/ Yoast SEO plugin. -->","yoast_head_json":{"title":"Emajlirana tava s odvojivom drvenom ru\u010dkom - Spletna trgovina s slovensko posodo - EMO ETT","robots":{"index":"index","follow":"follow","max-snippet":"max-snippet:-1","max-image-preview":"max-image-preview:large","max-video-preview":"max-video-preview:-1"},"canonical":"https:\/\/emo-shop.com\/hr\/izdelki\/emajlirana-tava-s-odvojivom-drvenom-ruckom\/","og_locale":"hr_HR","og_type":"article","og_title":"Emajlirana tava s odvojivom drvenom ru\u010dkom - Spletna trgovina s slovensko posodo - EMO ETT","og_description":"Emajlirana tava pogodna je za pr\u017eenje, dinstanje ili \u010dak pe\u010denje u pe\u0107nici, jer ima prakti\u010dnu odvojivu dr\u0161ku. Pogodna je za pripremu svih va\u0161ih omiljenih jela.","og_url":"https:\/\/emo-shop.com\/hr\/izdelki\/emajlirana-tava-s-odvojivom-drvenom-ruckom\/","og_site_name":"Spletna trgovina s slovensko posodo - EMO ETT","article_publisher":"https:\/\/www.facebook.com\/EMOSLOVENIA","article_modified_time":"2026-02-03T13:05:04+00:00","og_image":[{"width":800,"height":600,"url":"https:\/\/emo-shop.com\/wp-content\/uploads\/2024\/10\/ponvica-emo.jpg","type":"image\/jpeg"}],"twitter_card":"summary_large_image","twitter_misc":{"Procijenjeno vrijeme \u010ditanja":"1 minuta"},"schema":{"@context":"https:\/\/schema.org","@graph":[{"@type":"WebPage","@id":"https:\/\/emo-shop.com\/hr\/izdelki\/emajlirana-tava-s-odvojivom-drvenom-ruckom\/","url":"https:\/\/emo-shop.com\/hr\/izdelki\/emajlirana-tava-s-odvojivom-drvenom-ruckom\/","name":"Emajlirana tava s odvojivom drvenom ru\u010dkom - Spletna trgovina s slovensko posodo - EMO ETT","isPartOf":{"@id":"https:\/\/emo-shop.com\/hr\/#website"},"primaryImageOfPage":{"@id":"https:\/\/emo-shop.com\/hr\/izdelki\/emajlirana-tava-s-odvojivom-drvenom-ruckom\/#primaryimage"},"image":{"@id":"https:\/\/emo-shop.com\/hr\/izdelki\/emajlirana-tava-s-odvojivom-drvenom-ruckom\/#primaryimage"},"thumbnailUrl":"https:\/\/emo-shop.com\/wp-content\/uploads\/2024\/10\/ponvica-emo.jpg","datePublished":"2024-10-24T07:00:36+00:00","dateModified":"2026-02-03T13:05:04+00:00","breadcrumb":{"@id":"https:\/\/emo-shop.com\/hr\/izdelki\/emajlirana-tava-s-odvojivom-drvenom-ruckom\/#breadcrumb"},"inLanguage":"hr","potentialAction":[{"@type":"ReadAction","target":["https:\/\/emo-shop.com\/hr\/izdelki\/emajlirana-tava-s-odvojivom-drvenom-ruckom\/"]}]},{"@type":"ImageObject","inLanguage":"hr","@id":"https:\/\/emo-shop.com\/hr\/izdelki\/emajlirana-tava-s-odvojivom-drvenom-ruckom\/#primaryimage","url":"https:\/\/emo-shop.com\/wp-content\/uploads\/2024\/10\/ponvica-emo.jpg","contentUrl":"https:\/\/emo-shop.com\/wp-content\/uploads\/2024\/10\/ponvica-emo.jpg","width":800,"height":600},{"@type":"BreadcrumbList","@id":"https:\/\/emo-shop.com\/hr\/izdelki\/emajlirana-tava-s-odvojivom-drvenom-ruckom\/#breadcrumb","itemListElement":[{"@type":"ListItem","position":1,"name":"Home","item":"https:\/\/emo-shop.com\/hr\/"},{"@type":"ListItem","position":2,"name":"Trgovina","item":"https:\/\/emo-shop.com\/hr\/trgovina\/"},{"@type":"ListItem","position":3,"name":"Emajlirana tava s odvojivom drvenom ru\u010dkom"}]},{"@type":"WebSite","@id":"https:\/\/emo-shop.com\/hr\/#website","url":"https:\/\/emo-shop.com\/hr\/","name":"Spletna trgovina s slovensko posodo - EMO ETT","description":"Spletna trgovina","publisher":{"@id":"https:\/\/emo-shop.com\/hr\/#organization"},"potentialAction":[{"@type":"SearchAction","target":{"@type":"EntryPoint","urlTemplate":"https:\/\/emo-shop.com\/hr\/?s={search_term_string}"},"query-input":{"@type":"PropertyValueSpecification","valueRequired":true,"valueName":"search_term_string"}}],"inLanguage":"hr"},{"@type":"Organization","@id":"https:\/\/emo-shop.com\/hr\/#organization","name":"Spletna trgovina s slovensko posodo - EMO ETT","url":"https:\/\/emo-shop.com\/hr\/","logo":{"@type":"ImageObject","inLanguage":"hr","@id":"https:\/\/emo-shop.com\/hr\/#\/schema\/logo\/image\/","url":"https:\/\/emo-shop.com\/wp-content\/uploads\/2024\/07\/favicon.jpg","contentUrl":"https:\/\/emo-shop.com\/wp-content\/uploads\/2024\/07\/favicon.jpg","width":512,"height":512,"caption":"Spletna trgovina s slovensko posodo - EMO ETT"},"image":{"@id":"https:\/\/emo-shop.com\/hr\/#\/schema\/logo\/image\/"},"sameAs":["https:\/\/www.facebook.com\/EMOSLOVENIA"]}]}},"_links":{"self":[{"href":"https:\/\/emo-shop.com\/hr\/wp-json\/wp\/v2\/product\/33958","targetHints":{"allow":["GET"]}}],"collection":[{"href":"https:\/\/emo-shop.com\/hr\/wp-json\/wp\/v2\/product"}],"about":[{"href":"https:\/\/emo-shop.com\/hr\/wp-json\/wp\/v2\/types\/product"}],"replies":[{"embeddable":true,"href":"https:\/\/emo-shop.com\/hr\/wp-json\/wp\/v2\/comments?post=33958"}],"version-history":[{"count":0,"href":"https:\/\/emo-shop.com\/hr\/wp-json\/wp\/v2\/product\/33958\/revisions"}],"wp:featuredmedia":[{"embeddable":true,"href":"https:\/\/emo-shop.com\/hr\/wp-json\/wp\/v2\/media\/33959"}],"wp:attachment":[{"href":"https:\/\/emo-shop.com\/hr\/wp-json\/wp\/v2\/media?parent=33958"}],"wp:term":[{"taxonomy":"product_brand","embeddable":true,"href":"https:\/\/emo-shop.com\/hr\/wp-json\/wp\/v2\/product_brand?post=33958"},{"taxonomy":"product_cat","embeddable":true,"href":"https:\/\/emo-shop.com\/hr\/wp-json\/wp\/v2\/product_cat?post=33958"},{"taxonomy":"product_tag","embeddable":true,"href":"https:\/\/emo-shop.com\/hr\/wp-json\/wp\/v2\/product_tag?post=33958"}],"curies":[{"name":"wp","href":"https:\/\/api.w.org\/{rel}","templated":true}]}}