{"id":33949,"date":"2025-01-20T12:40:40","date_gmt":"2025-01-20T12:40:40","guid":{"rendered":"https:\/\/emo-shop.com\/izdelki\/bijela-salica-037-l-najbolji-ucitelj\/"},"modified":"2026-02-03T13:05:33","modified_gmt":"2026-02-03T13:05:33","slug":"bijela-salica-037-l-najbolji-ucitelj","status":"publish","type":"product","link":"https:\/\/emo-shop.com\/hr\/izdelki\/bijela-salica-037-l-najbolji-ucitelj\/","title":{"rendered":"Bijela \u0161alica 0,37 l &quot;Najbolji u\u010ditelj&quot;"},"content":{"rendered":"<p><strong>Porcelanska \u0161alica &quot;Najbolji u\u010ditelj&quot; \u2013 iskren poklon za posebne<\/strong> u\u010ditelje<\/p>\n<p>Poklonite prekrasnu porculansku \u0161alicu koja izra\u017eava zahvalnost i po\u0161tovanje u\u010ditelju koji svakodnevno inspirira i ohrabruje. Sa svojom elegantnom bijelom bojom i srda\u010dnim natpisom <em>&quot;Najbolji u\u010ditelj&quot;<\/em>, ova \u0161alica zasigurno grije srce i uljep\u0161ava svaki gutljaj kave ili \u010daja.<\/p>\n<p>\u2728 <strong>Zna\u010dajke:<\/strong><br \/>\n\u2714\ufe0f <strong>Materijal:<\/strong> Izdr\u017eljiv emajl<br \/>\n\u2714\ufe0f <strong>Dimenzije:<\/strong> 8,0 x 7,0 cm<br \/>\n\u2714\ufe0f <strong>Te\u017eina:<\/strong> 0,14 kg<br \/>\n\u2714\ufe0f <strong>Boja:<\/strong> Bijela s nje\u017enim otiskom<\/p>\n<p>Savr\u0161en poklon za kraj \u0161kolske godine, ro\u0111endan ili jednostavno kao iskrena zahvala! \u2615\ud83d\udc95<\/p>\n<p>\u00a0<\/p>\n<h6><\/h6>\n<h6><strong>Jeste li znali? EMO HOME AND CATERING nudi: <\/strong><\/h6>\n<h6><strong>Zdravo posu\u0111e od emajla<\/strong>: Visokokvalitetno posu\u0111e od emajla, idealno za pripremu va\u0161ih omiljenih jela.<\/h6>\n<h6><strong>Pogodno za sve plo\u010de za kuhanje<\/strong>: Pogodno za razli\u010dite vrste plo\u010da za kuhanje, uklju\u010duju\u0107i indukcijske plo\u010de.<\/h6>\n<h6><strong>Prikladno za alergi\u010dare<\/strong>: Bez nikla, tako\u0111er pogodno za osobe s alergijama.<\/h6>\n<h6><strong>Potpuno higijenski<\/strong>: 100 % higijenski besprijekorno posu\u0111e, jednostavno za \u010di\u0161\u0107enje i odr\u017eavanje.<\/h6>\n<h6><strong>Bez \u0161tetnih premaza<\/strong>: \u0160titimo va\u0161e zdravlje \u2013 tijekom zagrijavanja ne otpu\u0161taju se \u0161tetne tvari.<\/h6>\n<h6><strong>Ponosno slovensko<\/strong>: Proizvod slovenske proizvodnje, emajlirani posu\u0111e iz slovenske tvornice. Otkrijte eleganciju i zdravlje u jednom.<\/h6>\n<h6><strong>EMO posu\u0111e za kuhanje &#8211; Za ukusne obroke bez kompromisa.<\/strong><\/h6>\n","protected":false},"excerpt":{"rendered":"<p data-pm-slice=\"1 1 []\">Savr\u0161en poklon za najboljeg u\u010ditelja! \ud83c\udf81\u2728<\/p>\n","protected":false},"featured_media":33950,"comment_status":"open","ping_status":"closed","template":"","meta":[],"product_brand":[],"product_cat":[792,807],"product_tag":[953,795,859,980,981,1066,978,979],"class_list":{"0":"post-33949","1":"product","2":"type-product","3":"status-publish","4":"has-post-thumbnail","6":"product_cat-izabrano-za-vas","7":"product_cat-loncici","8":"product_tag-emajlirani-lonac","9":"product_tag-emo-celje-posude","10":"product_tag-kuhinjski-pribor","11":"product_tag-kvaliteta-slovenske-proizvodnje","12":"product_tag-lonac-s-uzorkom","13":"product_tag-poklon-za-ucitelja","14":"product_tag-posude-za-indukciju","15":"product_tag-vintage-retro-dizajn","17":"first","18":"instock","19":"taxable","20":"shipping-taxable","21":"purchasable","22":"product-type-simple"},"yoast_head":"<!-- This site is optimized with the Yoast SEO plugin v27.4 - https:\/\/yoast.com\/product\/yoast-seo-wordpress\/ -->\n<title>Bijela \u0161alica 0,37 l &quot;Najbolji u\u010ditelj&quot; - Spletna trgovina s slovensko posodo - EMO ETT<\/title>\n<meta name=\"robots\" content=\"index, follow, max-snippet:-1, max-image-preview:large, max-video-preview:-1\" \/>\n<link rel=\"canonical\" href=\"https:\/\/emo-shop.com\/hr\/izdelki\/bijela-salica-037-l-najbolji-ucitelj\/\" \/>\n<meta property=\"og:locale\" content=\"hr_HR\" \/>\n<meta property=\"og:type\" content=\"article\" \/>\n<meta property=\"og:title\" content=\"Bijela \u0161alica 0,37 l &quot;Najbolji u\u010ditelj&quot; - Spletna trgovina s slovensko posodo - EMO ETT\" \/>\n<meta property=\"og:description\" content=\"Savr\u0161en poklon za najboljeg u\u010ditelja! \ud83c\udf81\u2728\" \/>\n<meta property=\"og:url\" content=\"https:\/\/emo-shop.com\/hr\/izdelki\/bijela-salica-037-l-najbolji-ucitelj\/\" \/>\n<meta property=\"og:site_name\" content=\"Spletna trgovina s slovensko posodo - EMO ETT\" \/>\n<meta property=\"article:publisher\" content=\"https:\/\/www.facebook.com\/EMOSLOVENIA\" \/>\n<meta property=\"article:modified_time\" content=\"2026-02-03T13:05:33+00:00\" \/>\n<meta property=\"og:image\" content=\"https:\/\/emo-shop.com\/wp-content\/uploads\/2025\/01\/beli-loncek-ucitelj.jpg\" \/>\n\t<meta property=\"og:image:width\" content=\"1000\" \/>\n\t<meta property=\"og:image:height\" content=\"856\" \/>\n\t<meta property=\"og:image:type\" content=\"image\/jpeg\" \/>\n<meta name=\"twitter:card\" content=\"summary_large_image\" \/>\n<meta name=\"twitter:label1\" content=\"Procijenjeno vrijeme \u010ditanja\" \/>\n\t<meta name=\"twitter:data1\" content=\"1 minuta\" \/>\n<script type=\"application\/ld+json\" class=\"yoast-schema-graph\">{\"@context\":\"https:\\\/\\\/schema.org\",\"@graph\":[{\"@type\":\"WebPage\",\"@id\":\"https:\\\/\\\/emo-shop.com\\\/hr\\\/izdelki\\\/bijela-salica-037-l-najbolji-ucitelj\\\/\",\"url\":\"https:\\\/\\\/emo-shop.com\\\/hr\\\/izdelki\\\/bijela-salica-037-l-najbolji-ucitelj\\\/\",\"name\":\"Bijela \u0161alica 0,37 l &quot;Najbolji u\u010ditelj&quot; - Spletna trgovina s slovensko posodo - EMO ETT\",\"isPartOf\":{\"@id\":\"https:\\\/\\\/emo-shop.com\\\/hr\\\/#website\"},\"primaryImageOfPage\":{\"@id\":\"https:\\\/\\\/emo-shop.com\\\/hr\\\/izdelki\\\/bijela-salica-037-l-najbolji-ucitelj\\\/#primaryimage\"},\"image\":{\"@id\":\"https:\\\/\\\/emo-shop.com\\\/hr\\\/izdelki\\\/bijela-salica-037-l-najbolji-ucitelj\\\/#primaryimage\"},\"thumbnailUrl\":\"https:\\\/\\\/emo-shop.com\\\/wp-content\\\/uploads\\\/2025\\\/01\\\/beli-loncek-ucitelj.jpg\",\"datePublished\":\"2025-01-20T12:40:40+00:00\",\"dateModified\":\"2026-02-03T13:05:33+00:00\",\"breadcrumb\":{\"@id\":\"https:\\\/\\\/emo-shop.com\\\/hr\\\/izdelki\\\/bijela-salica-037-l-najbolji-ucitelj\\\/#breadcrumb\"},\"inLanguage\":\"hr\",\"potentialAction\":[{\"@type\":\"ReadAction\",\"target\":[\"https:\\\/\\\/emo-shop.com\\\/hr\\\/izdelki\\\/bijela-salica-037-l-najbolji-ucitelj\\\/\"]}]},{\"@type\":\"ImageObject\",\"inLanguage\":\"hr\",\"@id\":\"https:\\\/\\\/emo-shop.com\\\/hr\\\/izdelki\\\/bijela-salica-037-l-najbolji-ucitelj\\\/#primaryimage\",\"url\":\"https:\\\/\\\/emo-shop.com\\\/wp-content\\\/uploads\\\/2025\\\/01\\\/beli-loncek-ucitelj.jpg\",\"contentUrl\":\"https:\\\/\\\/emo-shop.com\\\/wp-content\\\/uploads\\\/2025\\\/01\\\/beli-loncek-ucitelj.jpg\",\"width\":1000,\"height\":856},{\"@type\":\"BreadcrumbList\",\"@id\":\"https:\\\/\\\/emo-shop.com\\\/hr\\\/izdelki\\\/bijela-salica-037-l-najbolji-ucitelj\\\/#breadcrumb\",\"itemListElement\":[{\"@type\":\"ListItem\",\"position\":1,\"name\":\"Home\",\"item\":\"https:\\\/\\\/emo-shop.com\\\/hr\\\/\"},{\"@type\":\"ListItem\",\"position\":2,\"name\":\"Trgovina\",\"item\":\"https:\\\/\\\/emo-shop.com\\\/hr\\\/trgovina\\\/\"},{\"@type\":\"ListItem\",\"position\":3,\"name\":\"Bijela \u0161alica 0,37 l &quot;Najbolji u\u010ditelj&quot;\"}]},{\"@type\":\"WebSite\",\"@id\":\"https:\\\/\\\/emo-shop.com\\\/hr\\\/#website\",\"url\":\"https:\\\/\\\/emo-shop.com\\\/hr\\\/\",\"name\":\"Spletna trgovina s slovensko posodo - EMO ETT\",\"description\":\"Spletna trgovina\",\"publisher\":{\"@id\":\"https:\\\/\\\/emo-shop.com\\\/hr\\\/#organization\"},\"potentialAction\":[{\"@type\":\"SearchAction\",\"target\":{\"@type\":\"EntryPoint\",\"urlTemplate\":\"https:\\\/\\\/emo-shop.com\\\/hr\\\/?s={search_term_string}\"},\"query-input\":{\"@type\":\"PropertyValueSpecification\",\"valueRequired\":true,\"valueName\":\"search_term_string\"}}],\"inLanguage\":\"hr\"},{\"@type\":\"Organization\",\"@id\":\"https:\\\/\\\/emo-shop.com\\\/hr\\\/#organization\",\"name\":\"Spletna trgovina s slovensko posodo - EMO ETT\",\"url\":\"https:\\\/\\\/emo-shop.com\\\/hr\\\/\",\"logo\":{\"@type\":\"ImageObject\",\"inLanguage\":\"hr\",\"@id\":\"https:\\\/\\\/emo-shop.com\\\/hr\\\/#\\\/schema\\\/logo\\\/image\\\/\",\"url\":\"https:\\\/\\\/emo-shop.com\\\/wp-content\\\/uploads\\\/2024\\\/07\\\/favicon.jpg\",\"contentUrl\":\"https:\\\/\\\/emo-shop.com\\\/wp-content\\\/uploads\\\/2024\\\/07\\\/favicon.jpg\",\"width\":512,\"height\":512,\"caption\":\"Spletna trgovina s slovensko posodo - EMO ETT\"},\"image\":{\"@id\":\"https:\\\/\\\/emo-shop.com\\\/hr\\\/#\\\/schema\\\/logo\\\/image\\\/\"},\"sameAs\":[\"https:\\\/\\\/www.facebook.com\\\/EMOSLOVENIA\"]}]}<\/script>\n<!-- \/ Yoast SEO plugin. -->","yoast_head_json":{"title":"Bijela \u0161alica 0,37 l &quot;Najbolji u\u010ditelj&quot; - Spletna trgovina s slovensko posodo - EMO ETT","robots":{"index":"index","follow":"follow","max-snippet":"max-snippet:-1","max-image-preview":"max-image-preview:large","max-video-preview":"max-video-preview:-1"},"canonical":"https:\/\/emo-shop.com\/hr\/izdelki\/bijela-salica-037-l-najbolji-ucitelj\/","og_locale":"hr_HR","og_type":"article","og_title":"Bijela \u0161alica 0,37 l &quot;Najbolji u\u010ditelj&quot; - Spletna trgovina s slovensko posodo - EMO ETT","og_description":"Savr\u0161en poklon za najboljeg u\u010ditelja! \ud83c\udf81\u2728","og_url":"https:\/\/emo-shop.com\/hr\/izdelki\/bijela-salica-037-l-najbolji-ucitelj\/","og_site_name":"Spletna trgovina s slovensko posodo - EMO ETT","article_publisher":"https:\/\/www.facebook.com\/EMOSLOVENIA","article_modified_time":"2026-02-03T13:05:33+00:00","og_image":[{"width":1000,"height":856,"url":"https:\/\/emo-shop.com\/wp-content\/uploads\/2025\/01\/beli-loncek-ucitelj.jpg","type":"image\/jpeg"}],"twitter_card":"summary_large_image","twitter_misc":{"Procijenjeno vrijeme \u010ditanja":"1 minuta"},"schema":{"@context":"https:\/\/schema.org","@graph":[{"@type":"WebPage","@id":"https:\/\/emo-shop.com\/hr\/izdelki\/bijela-salica-037-l-najbolji-ucitelj\/","url":"https:\/\/emo-shop.com\/hr\/izdelki\/bijela-salica-037-l-najbolji-ucitelj\/","name":"Bijela \u0161alica 0,37 l &quot;Najbolji u\u010ditelj&quot; - Spletna trgovina s slovensko posodo - EMO ETT","isPartOf":{"@id":"https:\/\/emo-shop.com\/hr\/#website"},"primaryImageOfPage":{"@id":"https:\/\/emo-shop.com\/hr\/izdelki\/bijela-salica-037-l-najbolji-ucitelj\/#primaryimage"},"image":{"@id":"https:\/\/emo-shop.com\/hr\/izdelki\/bijela-salica-037-l-najbolji-ucitelj\/#primaryimage"},"thumbnailUrl":"https:\/\/emo-shop.com\/wp-content\/uploads\/2025\/01\/beli-loncek-ucitelj.jpg","datePublished":"2025-01-20T12:40:40+00:00","dateModified":"2026-02-03T13:05:33+00:00","breadcrumb":{"@id":"https:\/\/emo-shop.com\/hr\/izdelki\/bijela-salica-037-l-najbolji-ucitelj\/#breadcrumb"},"inLanguage":"hr","potentialAction":[{"@type":"ReadAction","target":["https:\/\/emo-shop.com\/hr\/izdelki\/bijela-salica-037-l-najbolji-ucitelj\/"]}]},{"@type":"ImageObject","inLanguage":"hr","@id":"https:\/\/emo-shop.com\/hr\/izdelki\/bijela-salica-037-l-najbolji-ucitelj\/#primaryimage","url":"https:\/\/emo-shop.com\/wp-content\/uploads\/2025\/01\/beli-loncek-ucitelj.jpg","contentUrl":"https:\/\/emo-shop.com\/wp-content\/uploads\/2025\/01\/beli-loncek-ucitelj.jpg","width":1000,"height":856},{"@type":"BreadcrumbList","@id":"https:\/\/emo-shop.com\/hr\/izdelki\/bijela-salica-037-l-najbolji-ucitelj\/#breadcrumb","itemListElement":[{"@type":"ListItem","position":1,"name":"Home","item":"https:\/\/emo-shop.com\/hr\/"},{"@type":"ListItem","position":2,"name":"Trgovina","item":"https:\/\/emo-shop.com\/hr\/trgovina\/"},{"@type":"ListItem","position":3,"name":"Bijela \u0161alica 0,37 l &quot;Najbolji u\u010ditelj&quot;"}]},{"@type":"WebSite","@id":"https:\/\/emo-shop.com\/hr\/#website","url":"https:\/\/emo-shop.com\/hr\/","name":"Spletna trgovina s slovensko posodo - EMO ETT","description":"Spletna trgovina","publisher":{"@id":"https:\/\/emo-shop.com\/hr\/#organization"},"potentialAction":[{"@type":"SearchAction","target":{"@type":"EntryPoint","urlTemplate":"https:\/\/emo-shop.com\/hr\/?s={search_term_string}"},"query-input":{"@type":"PropertyValueSpecification","valueRequired":true,"valueName":"search_term_string"}}],"inLanguage":"hr"},{"@type":"Organization","@id":"https:\/\/emo-shop.com\/hr\/#organization","name":"Spletna trgovina s slovensko posodo - EMO ETT","url":"https:\/\/emo-shop.com\/hr\/","logo":{"@type":"ImageObject","inLanguage":"hr","@id":"https:\/\/emo-shop.com\/hr\/#\/schema\/logo\/image\/","url":"https:\/\/emo-shop.com\/wp-content\/uploads\/2024\/07\/favicon.jpg","contentUrl":"https:\/\/emo-shop.com\/wp-content\/uploads\/2024\/07\/favicon.jpg","width":512,"height":512,"caption":"Spletna trgovina s slovensko posodo - EMO ETT"},"image":{"@id":"https:\/\/emo-shop.com\/hr\/#\/schema\/logo\/image\/"},"sameAs":["https:\/\/www.facebook.com\/EMOSLOVENIA"]}]}},"_links":{"self":[{"href":"https:\/\/emo-shop.com\/hr\/wp-json\/wp\/v2\/product\/33949","targetHints":{"allow":["GET"]}}],"collection":[{"href":"https:\/\/emo-shop.com\/hr\/wp-json\/wp\/v2\/product"}],"about":[{"href":"https:\/\/emo-shop.com\/hr\/wp-json\/wp\/v2\/types\/product"}],"replies":[{"embeddable":true,"href":"https:\/\/emo-shop.com\/hr\/wp-json\/wp\/v2\/comments?post=33949"}],"version-history":[{"count":0,"href":"https:\/\/emo-shop.com\/hr\/wp-json\/wp\/v2\/product\/33949\/revisions"}],"wp:featuredmedia":[{"embeddable":true,"href":"https:\/\/emo-shop.com\/hr\/wp-json\/wp\/v2\/media\/33950"}],"wp:attachment":[{"href":"https:\/\/emo-shop.com\/hr\/wp-json\/wp\/v2\/media?parent=33949"}],"wp:term":[{"taxonomy":"product_brand","embeddable":true,"href":"https:\/\/emo-shop.com\/hr\/wp-json\/wp\/v2\/product_brand?post=33949"},{"taxonomy":"product_cat","embeddable":true,"href":"https:\/\/emo-shop.com\/hr\/wp-json\/wp\/v2\/product_cat?post=33949"},{"taxonomy":"product_tag","embeddable":true,"href":"https:\/\/emo-shop.com\/hr\/wp-json\/wp\/v2\/product_tag?post=33949"}],"curies":[{"name":"wp","href":"https:\/\/api.w.org\/{rel}","templated":true}]}}