{"id":33925,"date":"2025-01-21T07:48:02","date_gmt":"2025-01-21T07:48:02","guid":{"rendered":"https:\/\/emo-shop.com\/izdelki\/set-za-baku-aparat-za-kavu-salica\/"},"modified":"2026-02-10T10:39:54","modified_gmt":"2026-02-10T10:39:54","slug":"set-za-baku-dzezva-salica","status":"publish","type":"product","link":"https:\/\/emo-shop.com\/hr\/izdelki\/set-za-baku-dzezva-salica\/","title":{"rendered":"Set za baku: d\u017eezva + \u0161alica"},"content":{"rendered":"<p data-pm-slice=\"1 1 []\">\u0160armantan set za baku \u2013 savr\u0161en trenutak za u\u017eivanje \ud83d\udc96\u2615<\/p>\n<p>Odu\u0161evite baku ovim prekrasnim setom koji \u0107e joj uljep\u0161ati dan! Set uklju\u010duje slatku \u0161alicu (8,0 x 7,0 cm, 0,14 kg) i elegantnu d\u017eezvu (6,0 x 9,0 cm, 0,17 kg, 0,4 L), idealna za pripremu njezine omiljene kave ili \u010daja.<\/p>\n<p>Svaki gutljaj bit \u0107e popra\u0107en toplinom i ljubavlju koju donosi ovaj pa\u017eljivo odabrani set. Nje\u017ean dizajn i prakti\u010dna veli\u010dina stvaraju savr\u0161enu harmoniju udobnosti i tradicije. Darujte svojoj baki trenutke opu\u0161tanja i topline \u2013 jer ona zaslu\u017euje samo najbolje! \ud83d\udc9b<\/p>\n<p>Jeste li znali? EMO COOKWARE FOR HOME AND CATERING nudi:<\/p>\n<p>Zdravo posu\u0111e od emajla: Visokokvalitetno posu\u0111e od emajla, idealno za pripremu va\u0161ih omiljenih jela.<\/p>\n<p>Pogodno za sve plo\u010de za kuhanje: Pogodno za razli\u010dite vrste plo\u010da za kuhanje, uklju\u010duju\u0107i indukcijske plo\u010de.<\/p>\n<p>Pogodno za alergi\u010dare: Bez nikla, tako\u0111er pogodno za osobe s alergijama.<\/p>\n<p>Potpuno higijenski: 100 % higijenski savr\u0161en kuhinjski pribor, jednostavan za \u010di\u0161\u0107enje i odr\u017eavanje.<\/p>\n<p>Bez \u0161tetnih premaza: Brinemo o va\u0161em zdravlju \u2013 tijekom zagrijavanja ne otpu\u0161taju se \u0161tetne tvari.<\/p>\n<p>Ponosno slovensko: Proizvod slovenske proizvodnje, emajlirani posu\u0111e iz slovenske tvornice. Otkrijte eleganciju i zdravlje u jednom.<\/p>\n<p>EMO POSU\u0110E \u2013 Za ukusne obroke bez kompromisa.<\/p>\n","protected":false},"excerpt":{"rendered":"<p data-pm-slice=\"1 1 []\">Savr\u0161en poklon za najbolju baku! \ud83c\udf81\u2728<\/p>\n","protected":false},"featured_media":33926,"comment_status":"open","ping_status":"closed","template":"","meta":[],"product_brand":[],"product_cat":[891,910,807,925],"product_tag":[1106,953,1058,1026,1059,1060,808,954],"class_list":{"0":"post-33925","1":"product","2":"type-product","3":"status-publish","4":"has-post-thumbnail","6":"product_cat-dzezve","7":"product_cat-emajlirane-dzezve-s-motivom","8":"product_cat-loncici","9":"product_cat-setovi-posuda","10":"product_tag-aparat-za-kavu-2","11":"product_tag-emajlirani-lonac","12":"product_tag-emo-celje-brend","13":"product_tag-kuhinjska-oprema","14":"product_tag-posude-kompatibilno-s-indukcijom","15":"product_tag-retro-dizajn-kuhinje","16":"product_tag-slovenska-kvaliteta","17":"product_tag-tiskana-salica","19":"first","20":"instock","21":"taxable","22":"shipping-taxable","23":"purchasable","24":"product-type-simple"},"yoast_head":"<!-- This site is optimized with the Yoast SEO plugin v27.4 - https:\/\/yoast.com\/product\/yoast-seo-wordpress\/ -->\n<title>Set za baku: d\u017eezva + \u0161alica - Spletna trgovina s slovensko posodo - EMO ETT<\/title>\n<meta name=\"robots\" content=\"index, follow, max-snippet:-1, max-image-preview:large, max-video-preview:-1\" \/>\n<link rel=\"canonical\" href=\"https:\/\/emo-shop.com\/hr\/izdelki\/set-za-baku-dzezva-salica\/\" \/>\n<meta property=\"og:locale\" content=\"hr_HR\" \/>\n<meta property=\"og:type\" content=\"article\" \/>\n<meta property=\"og:title\" content=\"Set za baku: d\u017eezva + \u0161alica - Spletna trgovina s slovensko posodo - EMO ETT\" \/>\n<meta property=\"og:description\" content=\"Savr\u0161en poklon za najbolju baku! \ud83c\udf81\u2728\" \/>\n<meta property=\"og:url\" content=\"https:\/\/emo-shop.com\/hr\/izdelki\/set-za-baku-dzezva-salica\/\" \/>\n<meta property=\"og:site_name\" content=\"Spletna trgovina s slovensko posodo - EMO ETT\" \/>\n<meta property=\"article:publisher\" content=\"https:\/\/www.facebook.com\/EMOSLOVENIA\" \/>\n<meta property=\"article:modified_time\" content=\"2026-02-10T10:39:54+00:00\" \/>\n<meta property=\"og:image\" content=\"https:\/\/emo-shop.com\/wp-content\/uploads\/2025\/01\/bez-komplet-babi.jpg\" \/>\n\t<meta property=\"og:image:width\" content=\"1000\" \/>\n\t<meta property=\"og:image:height\" content=\"624\" \/>\n\t<meta property=\"og:image:type\" content=\"image\/jpeg\" \/>\n<meta name=\"twitter:card\" content=\"summary_large_image\" \/>\n<meta name=\"twitter:label1\" content=\"Procijenjeno vrijeme \u010ditanja\" \/>\n\t<meta name=\"twitter:data1\" content=\"2 minute\" \/>\n<script type=\"application\/ld+json\" class=\"yoast-schema-graph\">{\"@context\":\"https:\\\/\\\/schema.org\",\"@graph\":[{\"@type\":\"WebPage\",\"@id\":\"https:\\\/\\\/emo-shop.com\\\/hr\\\/izdelki\\\/set-za-baku-dzezva-salica\\\/\",\"url\":\"https:\\\/\\\/emo-shop.com\\\/hr\\\/izdelki\\\/set-za-baku-dzezva-salica\\\/\",\"name\":\"Set za baku: d\u017eezva + \u0161alica - Spletna trgovina s slovensko posodo - EMO ETT\",\"isPartOf\":{\"@id\":\"https:\\\/\\\/emo-shop.com\\\/hr\\\/#website\"},\"primaryImageOfPage\":{\"@id\":\"https:\\\/\\\/emo-shop.com\\\/hr\\\/izdelki\\\/set-za-baku-dzezva-salica\\\/#primaryimage\"},\"image\":{\"@id\":\"https:\\\/\\\/emo-shop.com\\\/hr\\\/izdelki\\\/set-za-baku-dzezva-salica\\\/#primaryimage\"},\"thumbnailUrl\":\"https:\\\/\\\/emo-shop.com\\\/wp-content\\\/uploads\\\/2025\\\/01\\\/bez-komplet-babi.jpg\",\"datePublished\":\"2025-01-21T07:48:02+00:00\",\"dateModified\":\"2026-02-10T10:39:54+00:00\",\"breadcrumb\":{\"@id\":\"https:\\\/\\\/emo-shop.com\\\/hr\\\/izdelki\\\/set-za-baku-dzezva-salica\\\/#breadcrumb\"},\"inLanguage\":\"hr\",\"potentialAction\":[{\"@type\":\"ReadAction\",\"target\":[\"https:\\\/\\\/emo-shop.com\\\/hr\\\/izdelki\\\/set-za-baku-dzezva-salica\\\/\"]}]},{\"@type\":\"ImageObject\",\"inLanguage\":\"hr\",\"@id\":\"https:\\\/\\\/emo-shop.com\\\/hr\\\/izdelki\\\/set-za-baku-dzezva-salica\\\/#primaryimage\",\"url\":\"https:\\\/\\\/emo-shop.com\\\/wp-content\\\/uploads\\\/2025\\\/01\\\/bez-komplet-babi.jpg\",\"contentUrl\":\"https:\\\/\\\/emo-shop.com\\\/wp-content\\\/uploads\\\/2025\\\/01\\\/bez-komplet-babi.jpg\",\"width\":1000,\"height\":624},{\"@type\":\"BreadcrumbList\",\"@id\":\"https:\\\/\\\/emo-shop.com\\\/hr\\\/izdelki\\\/set-za-baku-dzezva-salica\\\/#breadcrumb\",\"itemListElement\":[{\"@type\":\"ListItem\",\"position\":1,\"name\":\"Home\",\"item\":\"https:\\\/\\\/emo-shop.com\\\/hr\\\/\"},{\"@type\":\"ListItem\",\"position\":2,\"name\":\"Trgovina\",\"item\":\"https:\\\/\\\/emo-shop.com\\\/hr\\\/trgovina\\\/\"},{\"@type\":\"ListItem\",\"position\":3,\"name\":\"Set za baku: d\u017eezva + \u0161alica\"}]},{\"@type\":\"WebSite\",\"@id\":\"https:\\\/\\\/emo-shop.com\\\/hr\\\/#website\",\"url\":\"https:\\\/\\\/emo-shop.com\\\/hr\\\/\",\"name\":\"Spletna trgovina s slovensko posodo - EMO ETT\",\"description\":\"Spletna trgovina\",\"publisher\":{\"@id\":\"https:\\\/\\\/emo-shop.com\\\/hr\\\/#organization\"},\"potentialAction\":[{\"@type\":\"SearchAction\",\"target\":{\"@type\":\"EntryPoint\",\"urlTemplate\":\"https:\\\/\\\/emo-shop.com\\\/hr\\\/?s={search_term_string}\"},\"query-input\":{\"@type\":\"PropertyValueSpecification\",\"valueRequired\":true,\"valueName\":\"search_term_string\"}}],\"inLanguage\":\"hr\"},{\"@type\":\"Organization\",\"@id\":\"https:\\\/\\\/emo-shop.com\\\/hr\\\/#organization\",\"name\":\"Spletna trgovina s slovensko posodo - EMO ETT\",\"url\":\"https:\\\/\\\/emo-shop.com\\\/hr\\\/\",\"logo\":{\"@type\":\"ImageObject\",\"inLanguage\":\"hr\",\"@id\":\"https:\\\/\\\/emo-shop.com\\\/hr\\\/#\\\/schema\\\/logo\\\/image\\\/\",\"url\":\"https:\\\/\\\/emo-shop.com\\\/wp-content\\\/uploads\\\/2024\\\/07\\\/favicon.jpg\",\"contentUrl\":\"https:\\\/\\\/emo-shop.com\\\/wp-content\\\/uploads\\\/2024\\\/07\\\/favicon.jpg\",\"width\":512,\"height\":512,\"caption\":\"Spletna trgovina s slovensko posodo - EMO ETT\"},\"image\":{\"@id\":\"https:\\\/\\\/emo-shop.com\\\/hr\\\/#\\\/schema\\\/logo\\\/image\\\/\"},\"sameAs\":[\"https:\\\/\\\/www.facebook.com\\\/EMOSLOVENIA\"]}]}<\/script>\n<!-- \/ Yoast SEO plugin. -->","yoast_head_json":{"title":"Set za baku: d\u017eezva + \u0161alica - Spletna trgovina s slovensko posodo - EMO ETT","robots":{"index":"index","follow":"follow","max-snippet":"max-snippet:-1","max-image-preview":"max-image-preview:large","max-video-preview":"max-video-preview:-1"},"canonical":"https:\/\/emo-shop.com\/hr\/izdelki\/set-za-baku-dzezva-salica\/","og_locale":"hr_HR","og_type":"article","og_title":"Set za baku: d\u017eezva + \u0161alica - Spletna trgovina s slovensko posodo - EMO ETT","og_description":"Savr\u0161en poklon za najbolju baku! \ud83c\udf81\u2728","og_url":"https:\/\/emo-shop.com\/hr\/izdelki\/set-za-baku-dzezva-salica\/","og_site_name":"Spletna trgovina s slovensko posodo - EMO ETT","article_publisher":"https:\/\/www.facebook.com\/EMOSLOVENIA","article_modified_time":"2026-02-10T10:39:54+00:00","og_image":[{"width":1000,"height":624,"url":"https:\/\/emo-shop.com\/wp-content\/uploads\/2025\/01\/bez-komplet-babi.jpg","type":"image\/jpeg"}],"twitter_card":"summary_large_image","twitter_misc":{"Procijenjeno vrijeme \u010ditanja":"2 minute"},"schema":{"@context":"https:\/\/schema.org","@graph":[{"@type":"WebPage","@id":"https:\/\/emo-shop.com\/hr\/izdelki\/set-za-baku-dzezva-salica\/","url":"https:\/\/emo-shop.com\/hr\/izdelki\/set-za-baku-dzezva-salica\/","name":"Set za baku: d\u017eezva + \u0161alica - Spletna trgovina s slovensko posodo - EMO ETT","isPartOf":{"@id":"https:\/\/emo-shop.com\/hr\/#website"},"primaryImageOfPage":{"@id":"https:\/\/emo-shop.com\/hr\/izdelki\/set-za-baku-dzezva-salica\/#primaryimage"},"image":{"@id":"https:\/\/emo-shop.com\/hr\/izdelki\/set-za-baku-dzezva-salica\/#primaryimage"},"thumbnailUrl":"https:\/\/emo-shop.com\/wp-content\/uploads\/2025\/01\/bez-komplet-babi.jpg","datePublished":"2025-01-21T07:48:02+00:00","dateModified":"2026-02-10T10:39:54+00:00","breadcrumb":{"@id":"https:\/\/emo-shop.com\/hr\/izdelki\/set-za-baku-dzezva-salica\/#breadcrumb"},"inLanguage":"hr","potentialAction":[{"@type":"ReadAction","target":["https:\/\/emo-shop.com\/hr\/izdelki\/set-za-baku-dzezva-salica\/"]}]},{"@type":"ImageObject","inLanguage":"hr","@id":"https:\/\/emo-shop.com\/hr\/izdelki\/set-za-baku-dzezva-salica\/#primaryimage","url":"https:\/\/emo-shop.com\/wp-content\/uploads\/2025\/01\/bez-komplet-babi.jpg","contentUrl":"https:\/\/emo-shop.com\/wp-content\/uploads\/2025\/01\/bez-komplet-babi.jpg","width":1000,"height":624},{"@type":"BreadcrumbList","@id":"https:\/\/emo-shop.com\/hr\/izdelki\/set-za-baku-dzezva-salica\/#breadcrumb","itemListElement":[{"@type":"ListItem","position":1,"name":"Home","item":"https:\/\/emo-shop.com\/hr\/"},{"@type":"ListItem","position":2,"name":"Trgovina","item":"https:\/\/emo-shop.com\/hr\/trgovina\/"},{"@type":"ListItem","position":3,"name":"Set za baku: d\u017eezva + \u0161alica"}]},{"@type":"WebSite","@id":"https:\/\/emo-shop.com\/hr\/#website","url":"https:\/\/emo-shop.com\/hr\/","name":"Spletna trgovina s slovensko posodo - EMO ETT","description":"Spletna trgovina","publisher":{"@id":"https:\/\/emo-shop.com\/hr\/#organization"},"potentialAction":[{"@type":"SearchAction","target":{"@type":"EntryPoint","urlTemplate":"https:\/\/emo-shop.com\/hr\/?s={search_term_string}"},"query-input":{"@type":"PropertyValueSpecification","valueRequired":true,"valueName":"search_term_string"}}],"inLanguage":"hr"},{"@type":"Organization","@id":"https:\/\/emo-shop.com\/hr\/#organization","name":"Spletna trgovina s slovensko posodo - EMO ETT","url":"https:\/\/emo-shop.com\/hr\/","logo":{"@type":"ImageObject","inLanguage":"hr","@id":"https:\/\/emo-shop.com\/hr\/#\/schema\/logo\/image\/","url":"https:\/\/emo-shop.com\/wp-content\/uploads\/2024\/07\/favicon.jpg","contentUrl":"https:\/\/emo-shop.com\/wp-content\/uploads\/2024\/07\/favicon.jpg","width":512,"height":512,"caption":"Spletna trgovina s slovensko posodo - EMO ETT"},"image":{"@id":"https:\/\/emo-shop.com\/hr\/#\/schema\/logo\/image\/"},"sameAs":["https:\/\/www.facebook.com\/EMOSLOVENIA"]}]}},"_links":{"self":[{"href":"https:\/\/emo-shop.com\/hr\/wp-json\/wp\/v2\/product\/33925","targetHints":{"allow":["GET"]}}],"collection":[{"href":"https:\/\/emo-shop.com\/hr\/wp-json\/wp\/v2\/product"}],"about":[{"href":"https:\/\/emo-shop.com\/hr\/wp-json\/wp\/v2\/types\/product"}],"replies":[{"embeddable":true,"href":"https:\/\/emo-shop.com\/hr\/wp-json\/wp\/v2\/comments?post=33925"}],"version-history":[{"count":0,"href":"https:\/\/emo-shop.com\/hr\/wp-json\/wp\/v2\/product\/33925\/revisions"}],"wp:featuredmedia":[{"embeddable":true,"href":"https:\/\/emo-shop.com\/hr\/wp-json\/wp\/v2\/media\/33926"}],"wp:attachment":[{"href":"https:\/\/emo-shop.com\/hr\/wp-json\/wp\/v2\/media?parent=33925"}],"wp:term":[{"taxonomy":"product_brand","embeddable":true,"href":"https:\/\/emo-shop.com\/hr\/wp-json\/wp\/v2\/product_brand?post=33925"},{"taxonomy":"product_cat","embeddable":true,"href":"https:\/\/emo-shop.com\/hr\/wp-json\/wp\/v2\/product_cat?post=33925"},{"taxonomy":"product_tag","embeddable":true,"href":"https:\/\/emo-shop.com\/hr\/wp-json\/wp\/v2\/product_tag?post=33925"}],"curies":[{"name":"wp","href":"https:\/\/api.w.org\/{rel}","templated":true}]}}