{"id":33923,"date":"2025-01-21T07:57:25","date_gmt":"2025-01-21T07:57:25","guid":{"rendered":"https:\/\/emo-shop.com\/izdelki\/set-kuhinjske-posude-za-kavu-i-salice-zelim-da-mi-tijelo-bude-kao-moja-kava\/"},"modified":"2026-02-10T10:38:53","modified_gmt":"2026-02-10T10:38:53","slug":"set-dzezva-i-salica-zelim-da-mi-tijelo-bude-kao-moja-kava","status":"publish","type":"product","link":"https:\/\/emo-shop.com\/hr\/izdelki\/set-dzezva-i-salica-zelim-da-mi-tijelo-bude-kao-moja-kava\/","title":{"rendered":"Set d\u017eezva i \u0161alica &quot;\u017delim da mi tijelo bude kao moja kava&quot;"},"content":{"rendered":"<p><strong>Set za one koji znaju \u0161to \u017eele \u2013 vru\u0107e i jako!<\/strong><\/p>\n<p>\u2615\ud83d\udd25\ud83d\ude0f<\/p>\n<p>Ako volite svoju kavu (i svoje tijelo \ud83d\ude1c) <strong>vru\u0107u i jaku<\/strong><\/p>\n<p>, ovaj je set savr\u0161en za vas! Set uklju\u010duje zabavnu \u0161alicu (8,0 x 7,0 cm, 0,14 kg, 0,37 L) i vr\u010d za kavu (8,0 x 10,0 cm, 0,24 kg, 0,7 L), oba s duhovitim i samouvjerenim natpisom:<\/p>\n<p><strong>&#8220;\u017delim tijelo kao svoju kavu \u2013 vru\u0107e i sna\u017eno!&#8221;<\/strong><\/p>\n<p>Ovaj set nije samo odli\u010dan za pripremu jake kave, ve\u0107 i za poticanje va\u0161eg samopouzdanja svaki put kad uzmete gutljaj. Idealan je za sve koji se vole \u0161aliti, u\u017eivaju u \u017eivotu i ne boje se to priznati \u2013 dobra kava i dobro tijelo imaju mnogo toga zajedni\u010dkog! \ud83d\ude09\u2615\ud83d\udd25<\/p>\n<p>Priu\u0161tite dar sebi ili nekome tko ima jednako dobar smisao za humor kao i za kavu!<\/p>\n<p>Jeste li znali? EMO COOKWARE FOR HOME AND CATERING nudi:<\/p>\n<p>Zdravo emajlirano posu\u0111e: Visokokvalitetno emajlirano posu\u0111e, idealno za pripremu va\u0161ih omiljenih jela.<\/p>\n<p>Pogodno za sve plo\u010de za kuhanje: Pogodno za razli\u010dite vrste plo\u010da za kuhanje, uklju\u010duju\u0107i indukcijske plo\u010de.<\/p>\n<p>Pogodno za alergi\u010dare: Bez nikla, tako\u0111er pogodno za osobe s alergijama.<\/p>\n<p>Potpuno higijenski: 100 % higijenski besprijekorno posu\u0111e, jednostavno za \u010di\u0161\u0107enje i odr\u017eavanje.<\/p>\n<p>Bez \u0161tetnih premaza: Brinemo o va\u0161em zdravlju \u2013 tijekom zagrijavanja ne otpu\u0161taju se \u0161tetne tvari.<\/p>\n<p>Ponosno slovensko: Proizvod slovenske proizvodnje, emajlirani posu\u0111e iz slovenske tvornice. Otkrijte eleganciju i zdravlje u jednom.<\/p>\n<p>EMO POSU\u0110E \u2013 Za ukusne obroke bez kompromisa.<\/p>\n","protected":false},"excerpt":{"rendered":"<p><strong>\u017delim da mi tijelo bude kao moja kava \u2013 vru\u0107e i sna\u017eno!<\/strong><\/p>\n","protected":false},"featured_media":33924,"comment_status":"open","ping_status":"closed","template":"","meta":[],"product_brand":[],"product_cat":[891,910,807,925],"product_tag":[1106,953,1058,1026,1059,1060,808,954],"class_list":{"0":"post-33923","1":"product","2":"type-product","3":"status-publish","4":"has-post-thumbnail","6":"product_cat-dzezve","7":"product_cat-emajlirane-dzezve-s-motivom","8":"product_cat-loncici","9":"product_cat-setovi-posuda","10":"product_tag-aparat-za-kavu-2","11":"product_tag-emajlirani-lonac","12":"product_tag-emo-celje-brend","13":"product_tag-kuhinjska-oprema","14":"product_tag-posude-kompatibilno-s-indukcijom","15":"product_tag-retro-dizajn-kuhinje","16":"product_tag-slovenska-kvaliteta","17":"product_tag-tiskana-salica","19":"first","20":"instock","21":"taxable","22":"shipping-taxable","23":"purchasable","24":"product-type-simple"},"yoast_head":"<!-- This site is optimized with the Yoast SEO plugin v27.4 - https:\/\/yoast.com\/product\/yoast-seo-wordpress\/ -->\n<title>Set d\u017eezva i \u0161alica &quot;\u017delim da mi tijelo bude kao moja kava&quot; - Spletna trgovina s slovensko posodo - EMO ETT<\/title>\n<meta name=\"robots\" content=\"index, follow, max-snippet:-1, max-image-preview:large, max-video-preview:-1\" \/>\n<link rel=\"canonical\" href=\"https:\/\/emo-shop.com\/hr\/izdelki\/set-dzezva-i-salica-zelim-da-mi-tijelo-bude-kao-moja-kava\/\" \/>\n<meta property=\"og:locale\" content=\"hr_HR\" \/>\n<meta property=\"og:type\" content=\"article\" \/>\n<meta property=\"og:title\" content=\"Set d\u017eezva i \u0161alica &quot;\u017delim da mi tijelo bude kao moja kava&quot; - Spletna trgovina s slovensko posodo - EMO ETT\" \/>\n<meta property=\"og:description\" content=\"\u017delim da mi tijelo bude kao moja kava \u2013 vru\u0107e i sna\u017eno!\" \/>\n<meta property=\"og:url\" content=\"https:\/\/emo-shop.com\/hr\/izdelki\/set-dzezva-i-salica-zelim-da-mi-tijelo-bude-kao-moja-kava\/\" \/>\n<meta property=\"og:site_name\" content=\"Spletna trgovina s slovensko posodo - EMO ETT\" \/>\n<meta property=\"article:publisher\" content=\"https:\/\/www.facebook.com\/EMOSLOVENIA\" \/>\n<meta property=\"article:modified_time\" content=\"2026-02-10T10:38:53+00:00\" \/>\n<meta property=\"og:image\" content=\"https:\/\/emo-shop.com\/wp-content\/uploads\/2025\/01\/komplet-crn-dz-lo.jpg\" \/>\n\t<meta property=\"og:image:width\" content=\"1000\" \/>\n\t<meta property=\"og:image:height\" content=\"580\" \/>\n\t<meta property=\"og:image:type\" content=\"image\/jpeg\" \/>\n<meta name=\"twitter:card\" content=\"summary_large_image\" \/>\n<meta name=\"twitter:label1\" content=\"Procijenjeno vrijeme \u010ditanja\" \/>\n\t<meta name=\"twitter:data1\" content=\"2 minute\" \/>\n<script type=\"application\/ld+json\" class=\"yoast-schema-graph\">{\"@context\":\"https:\\\/\\\/schema.org\",\"@graph\":[{\"@type\":\"WebPage\",\"@id\":\"https:\\\/\\\/emo-shop.com\\\/hr\\\/izdelki\\\/set-dzezva-i-salica-zelim-da-mi-tijelo-bude-kao-moja-kava\\\/\",\"url\":\"https:\\\/\\\/emo-shop.com\\\/hr\\\/izdelki\\\/set-dzezva-i-salica-zelim-da-mi-tijelo-bude-kao-moja-kava\\\/\",\"name\":\"Set d\u017eezva i \u0161alica &quot;\u017delim da mi tijelo bude kao moja kava&quot; - Spletna trgovina s slovensko posodo - EMO ETT\",\"isPartOf\":{\"@id\":\"https:\\\/\\\/emo-shop.com\\\/hr\\\/#website\"},\"primaryImageOfPage\":{\"@id\":\"https:\\\/\\\/emo-shop.com\\\/hr\\\/izdelki\\\/set-dzezva-i-salica-zelim-da-mi-tijelo-bude-kao-moja-kava\\\/#primaryimage\"},\"image\":{\"@id\":\"https:\\\/\\\/emo-shop.com\\\/hr\\\/izdelki\\\/set-dzezva-i-salica-zelim-da-mi-tijelo-bude-kao-moja-kava\\\/#primaryimage\"},\"thumbnailUrl\":\"https:\\\/\\\/emo-shop.com\\\/wp-content\\\/uploads\\\/2025\\\/01\\\/komplet-crn-dz-lo.jpg\",\"datePublished\":\"2025-01-21T07:57:25+00:00\",\"dateModified\":\"2026-02-10T10:38:53+00:00\",\"breadcrumb\":{\"@id\":\"https:\\\/\\\/emo-shop.com\\\/hr\\\/izdelki\\\/set-dzezva-i-salica-zelim-da-mi-tijelo-bude-kao-moja-kava\\\/#breadcrumb\"},\"inLanguage\":\"hr\",\"potentialAction\":[{\"@type\":\"ReadAction\",\"target\":[\"https:\\\/\\\/emo-shop.com\\\/hr\\\/izdelki\\\/set-dzezva-i-salica-zelim-da-mi-tijelo-bude-kao-moja-kava\\\/\"]}]},{\"@type\":\"ImageObject\",\"inLanguage\":\"hr\",\"@id\":\"https:\\\/\\\/emo-shop.com\\\/hr\\\/izdelki\\\/set-dzezva-i-salica-zelim-da-mi-tijelo-bude-kao-moja-kava\\\/#primaryimage\",\"url\":\"https:\\\/\\\/emo-shop.com\\\/wp-content\\\/uploads\\\/2025\\\/01\\\/komplet-crn-dz-lo.jpg\",\"contentUrl\":\"https:\\\/\\\/emo-shop.com\\\/wp-content\\\/uploads\\\/2025\\\/01\\\/komplet-crn-dz-lo.jpg\",\"width\":1000,\"height\":580},{\"@type\":\"BreadcrumbList\",\"@id\":\"https:\\\/\\\/emo-shop.com\\\/hr\\\/izdelki\\\/set-dzezva-i-salica-zelim-da-mi-tijelo-bude-kao-moja-kava\\\/#breadcrumb\",\"itemListElement\":[{\"@type\":\"ListItem\",\"position\":1,\"name\":\"Home\",\"item\":\"https:\\\/\\\/emo-shop.com\\\/hr\\\/\"},{\"@type\":\"ListItem\",\"position\":2,\"name\":\"Trgovina\",\"item\":\"https:\\\/\\\/emo-shop.com\\\/hr\\\/trgovina\\\/\"},{\"@type\":\"ListItem\",\"position\":3,\"name\":\"Set d\u017eezva i \u0161alica &quot;\u017delim da mi tijelo bude kao moja kava&quot;\"}]},{\"@type\":\"WebSite\",\"@id\":\"https:\\\/\\\/emo-shop.com\\\/hr\\\/#website\",\"url\":\"https:\\\/\\\/emo-shop.com\\\/hr\\\/\",\"name\":\"Spletna trgovina s slovensko posodo - EMO ETT\",\"description\":\"Spletna trgovina\",\"publisher\":{\"@id\":\"https:\\\/\\\/emo-shop.com\\\/hr\\\/#organization\"},\"potentialAction\":[{\"@type\":\"SearchAction\",\"target\":{\"@type\":\"EntryPoint\",\"urlTemplate\":\"https:\\\/\\\/emo-shop.com\\\/hr\\\/?s={search_term_string}\"},\"query-input\":{\"@type\":\"PropertyValueSpecification\",\"valueRequired\":true,\"valueName\":\"search_term_string\"}}],\"inLanguage\":\"hr\"},{\"@type\":\"Organization\",\"@id\":\"https:\\\/\\\/emo-shop.com\\\/hr\\\/#organization\",\"name\":\"Spletna trgovina s slovensko posodo - EMO ETT\",\"url\":\"https:\\\/\\\/emo-shop.com\\\/hr\\\/\",\"logo\":{\"@type\":\"ImageObject\",\"inLanguage\":\"hr\",\"@id\":\"https:\\\/\\\/emo-shop.com\\\/hr\\\/#\\\/schema\\\/logo\\\/image\\\/\",\"url\":\"https:\\\/\\\/emo-shop.com\\\/wp-content\\\/uploads\\\/2024\\\/07\\\/favicon.jpg\",\"contentUrl\":\"https:\\\/\\\/emo-shop.com\\\/wp-content\\\/uploads\\\/2024\\\/07\\\/favicon.jpg\",\"width\":512,\"height\":512,\"caption\":\"Spletna trgovina s slovensko posodo - EMO ETT\"},\"image\":{\"@id\":\"https:\\\/\\\/emo-shop.com\\\/hr\\\/#\\\/schema\\\/logo\\\/image\\\/\"},\"sameAs\":[\"https:\\\/\\\/www.facebook.com\\\/EMOSLOVENIA\"]}]}<\/script>\n<!-- \/ Yoast SEO plugin. -->","yoast_head_json":{"title":"Set d\u017eezva i \u0161alica &quot;\u017delim da mi tijelo bude kao moja kava&quot; - Spletna trgovina s slovensko posodo - EMO ETT","robots":{"index":"index","follow":"follow","max-snippet":"max-snippet:-1","max-image-preview":"max-image-preview:large","max-video-preview":"max-video-preview:-1"},"canonical":"https:\/\/emo-shop.com\/hr\/izdelki\/set-dzezva-i-salica-zelim-da-mi-tijelo-bude-kao-moja-kava\/","og_locale":"hr_HR","og_type":"article","og_title":"Set d\u017eezva i \u0161alica &quot;\u017delim da mi tijelo bude kao moja kava&quot; - Spletna trgovina s slovensko posodo - EMO ETT","og_description":"\u017delim da mi tijelo bude kao moja kava \u2013 vru\u0107e i sna\u017eno!","og_url":"https:\/\/emo-shop.com\/hr\/izdelki\/set-dzezva-i-salica-zelim-da-mi-tijelo-bude-kao-moja-kava\/","og_site_name":"Spletna trgovina s slovensko posodo - EMO ETT","article_publisher":"https:\/\/www.facebook.com\/EMOSLOVENIA","article_modified_time":"2026-02-10T10:38:53+00:00","og_image":[{"width":1000,"height":580,"url":"https:\/\/emo-shop.com\/wp-content\/uploads\/2025\/01\/komplet-crn-dz-lo.jpg","type":"image\/jpeg"}],"twitter_card":"summary_large_image","twitter_misc":{"Procijenjeno vrijeme \u010ditanja":"2 minute"},"schema":{"@context":"https:\/\/schema.org","@graph":[{"@type":"WebPage","@id":"https:\/\/emo-shop.com\/hr\/izdelki\/set-dzezva-i-salica-zelim-da-mi-tijelo-bude-kao-moja-kava\/","url":"https:\/\/emo-shop.com\/hr\/izdelki\/set-dzezva-i-salica-zelim-da-mi-tijelo-bude-kao-moja-kava\/","name":"Set d\u017eezva i \u0161alica &quot;\u017delim da mi tijelo bude kao moja kava&quot; - Spletna trgovina s slovensko posodo - EMO ETT","isPartOf":{"@id":"https:\/\/emo-shop.com\/hr\/#website"},"primaryImageOfPage":{"@id":"https:\/\/emo-shop.com\/hr\/izdelki\/set-dzezva-i-salica-zelim-da-mi-tijelo-bude-kao-moja-kava\/#primaryimage"},"image":{"@id":"https:\/\/emo-shop.com\/hr\/izdelki\/set-dzezva-i-salica-zelim-da-mi-tijelo-bude-kao-moja-kava\/#primaryimage"},"thumbnailUrl":"https:\/\/emo-shop.com\/wp-content\/uploads\/2025\/01\/komplet-crn-dz-lo.jpg","datePublished":"2025-01-21T07:57:25+00:00","dateModified":"2026-02-10T10:38:53+00:00","breadcrumb":{"@id":"https:\/\/emo-shop.com\/hr\/izdelki\/set-dzezva-i-salica-zelim-da-mi-tijelo-bude-kao-moja-kava\/#breadcrumb"},"inLanguage":"hr","potentialAction":[{"@type":"ReadAction","target":["https:\/\/emo-shop.com\/hr\/izdelki\/set-dzezva-i-salica-zelim-da-mi-tijelo-bude-kao-moja-kava\/"]}]},{"@type":"ImageObject","inLanguage":"hr","@id":"https:\/\/emo-shop.com\/hr\/izdelki\/set-dzezva-i-salica-zelim-da-mi-tijelo-bude-kao-moja-kava\/#primaryimage","url":"https:\/\/emo-shop.com\/wp-content\/uploads\/2025\/01\/komplet-crn-dz-lo.jpg","contentUrl":"https:\/\/emo-shop.com\/wp-content\/uploads\/2025\/01\/komplet-crn-dz-lo.jpg","width":1000,"height":580},{"@type":"BreadcrumbList","@id":"https:\/\/emo-shop.com\/hr\/izdelki\/set-dzezva-i-salica-zelim-da-mi-tijelo-bude-kao-moja-kava\/#breadcrumb","itemListElement":[{"@type":"ListItem","position":1,"name":"Home","item":"https:\/\/emo-shop.com\/hr\/"},{"@type":"ListItem","position":2,"name":"Trgovina","item":"https:\/\/emo-shop.com\/hr\/trgovina\/"},{"@type":"ListItem","position":3,"name":"Set d\u017eezva i \u0161alica &quot;\u017delim da mi tijelo bude kao moja kava&quot;"}]},{"@type":"WebSite","@id":"https:\/\/emo-shop.com\/hr\/#website","url":"https:\/\/emo-shop.com\/hr\/","name":"Spletna trgovina s slovensko posodo - EMO ETT","description":"Spletna trgovina","publisher":{"@id":"https:\/\/emo-shop.com\/hr\/#organization"},"potentialAction":[{"@type":"SearchAction","target":{"@type":"EntryPoint","urlTemplate":"https:\/\/emo-shop.com\/hr\/?s={search_term_string}"},"query-input":{"@type":"PropertyValueSpecification","valueRequired":true,"valueName":"search_term_string"}}],"inLanguage":"hr"},{"@type":"Organization","@id":"https:\/\/emo-shop.com\/hr\/#organization","name":"Spletna trgovina s slovensko posodo - EMO ETT","url":"https:\/\/emo-shop.com\/hr\/","logo":{"@type":"ImageObject","inLanguage":"hr","@id":"https:\/\/emo-shop.com\/hr\/#\/schema\/logo\/image\/","url":"https:\/\/emo-shop.com\/wp-content\/uploads\/2024\/07\/favicon.jpg","contentUrl":"https:\/\/emo-shop.com\/wp-content\/uploads\/2024\/07\/favicon.jpg","width":512,"height":512,"caption":"Spletna trgovina s slovensko posodo - EMO ETT"},"image":{"@id":"https:\/\/emo-shop.com\/hr\/#\/schema\/logo\/image\/"},"sameAs":["https:\/\/www.facebook.com\/EMOSLOVENIA"]}]}},"_links":{"self":[{"href":"https:\/\/emo-shop.com\/hr\/wp-json\/wp\/v2\/product\/33923","targetHints":{"allow":["GET"]}}],"collection":[{"href":"https:\/\/emo-shop.com\/hr\/wp-json\/wp\/v2\/product"}],"about":[{"href":"https:\/\/emo-shop.com\/hr\/wp-json\/wp\/v2\/types\/product"}],"replies":[{"embeddable":true,"href":"https:\/\/emo-shop.com\/hr\/wp-json\/wp\/v2\/comments?post=33923"}],"version-history":[{"count":0,"href":"https:\/\/emo-shop.com\/hr\/wp-json\/wp\/v2\/product\/33923\/revisions"}],"wp:featuredmedia":[{"embeddable":true,"href":"https:\/\/emo-shop.com\/hr\/wp-json\/wp\/v2\/media\/33924"}],"wp:attachment":[{"href":"https:\/\/emo-shop.com\/hr\/wp-json\/wp\/v2\/media?parent=33923"}],"wp:term":[{"taxonomy":"product_brand","embeddable":true,"href":"https:\/\/emo-shop.com\/hr\/wp-json\/wp\/v2\/product_brand?post=33923"},{"taxonomy":"product_cat","embeddable":true,"href":"https:\/\/emo-shop.com\/hr\/wp-json\/wp\/v2\/product_cat?post=33923"},{"taxonomy":"product_tag","embeddable":true,"href":"https:\/\/emo-shop.com\/hr\/wp-json\/wp\/v2\/product_tag?post=33923"}],"curies":[{"name":"wp","href":"https:\/\/api.w.org\/{rel}","templated":true}]}}