{"id":33908,"date":"2025-03-12T16:02:40","date_gmt":"2025-03-12T16:02:40","guid":{"rendered":"https:\/\/emo-shop.com\/izdelki\/pekac-s-poklopcem-30-x-20-cm-baka-zna-peci-srecu\/"},"modified":"2026-02-03T13:05:25","modified_gmt":"2026-02-03T13:05:25","slug":"pekac-s-poklopcem-30-x-20-cm-baka-zna-peci-srecu","status":"publish","type":"product","link":"https:\/\/emo-shop.com\/hr\/izdelki\/pekac-s-poklopcem-30-x-20-cm-baka-zna-peci-srecu\/","title":{"rendered":"Peka\u010d s poklopcem, 30 x 20 cm, &quot;BAKA ZNA PE\u0106I SRE\u0106U&quot;"},"content":{"rendered":"<p>Tra\u017eite li posudu za pe\u010denje koja \u0107e vam osigurati savr\u0161eno zape\u010deno meso, hrskavi kruh, ukusne kola\u010de ili savr\u0161eno pe\u010denu tjesteninu?<br \/>\nNe tra\u017eite dalje. Na\u0161 asortiman emajliranih posuda za pe\u010denje zadovoljit \u0107e i najzahtjevnije kuhare. Na\u0161e posude za pe\u010denje desetlje\u0107ima se proizvode originalnim tradicionalnim metodama i stekle su popularnost u mnogim slovenskim ku\u0107anstvima.<br \/>\nSve na\u0161e emajlirane posude za pe\u010denje izra\u0111ene su od visokokvalitetnog \u010delika i oblo\u017eene slojem posebnog otpornog emajla.<br \/>\nPosu\u0111e je vrlo otporno na ogrebotine i otporno na toplinu.<br \/>\nErgonomski dizajnirane ru\u010dke osiguravaju siguran hvat \u010dak i pri rukovanju vru\u0107im posudama za pe\u010denje. Bilo da pripremate nje\u017enu pe\u010denu tortu, so\u010dno pile ili ukusno gratinirano povr\u0107e, na\u0161e posude za pe\u010denje uvijek \u0107e vam osigurati savr\u0161ene rezultate koji \u0107e vas odu\u0161eviti.<\/p>\n<p>Odaberite pravu posudu za pe\u010denje za sebe i po\u010dnite pripremati najukusnija i najzdravija jela!<br \/>\n\u2022 Osiguravaju 100 % higijensko pe\u010denje<br \/>\n\u2022 Omogu\u0107uju ravnomjernu raspodjelu topline i savr\u0161en okus jela<br \/>\n\u2022 Optimalna raspodjela topline zna\u010di energetski u\u010dinkovitije kuhanje<br \/>\n\u2022 Otporne su na visoke temperature<br \/>\n\u2022 Idealne su za pripremu mesa, peradi, ribe, povr\u0107a, kruha i deserta<br \/>\n\u2022 Pravilnom uporabom hrana se ne lijepi i ne gori<br \/>\n\u2022 Pogodno za sve vrste pe\u0107nica<br \/>\n\u2022 Lako za \u010di\u0161\u0107enje i iznimno izdr\u017eljivo<br \/>\n\u2022 Ne ispu\u0161ta kemikalije tijekom kuhanja<br \/>\n\u2022 Glatka emajlirana povr\u0161ina ograni\u010dava rast bakterija<\/p>\n<p>DIMENZIJE<br \/>\nvisina: 13 cm<br \/>\ndimenzija s ru\u010dkama: 37 cm<br \/>\nzapremnina: 3,5 l<br \/>\npromjer posude: 30 cm<br \/>\npromjer s rubom: 32,5 cm<br \/>\npromjer dna: 20 cm<br \/>\ndebljina lima: 0,8 mm<br \/>\nte\u017eina: 1,5 kg<\/p>\n","protected":false},"excerpt":{"rendered":"<p>Tra\u017eite li posudu za pe\u010denje koja \u0107e vam omogu\u0107iti savr\u0161eno zape\u010deno meso, hrskavi kruh, ukusne kola\u010de ili savr\u0161eno pe\u010denu tjesteninu?<\/p>\n","protected":false},"featured_media":33909,"comment_status":"open","ping_status":"closed","template":"","meta":[],"product_brand":[],"product_cat":[792,1043],"product_tag":[1047,1045,861,858,1044,794,1048,1055,1049,965,892,941,1046],"class_list":{"0":"post-33908","1":"product","2":"type-product","3":"status-publish","4":"has-post-thumbnail","6":"product_cat-izabrano-za-vas","7":"product_cat-pekarski-limovi","8":"product_tag-bez-kemikalija","9":"product_tag-emajlirani-lim-za-pecenje-s-natpisom","10":"product_tag-emajlirani-pekac","11":"product_tag-emo-celje","12":"product_tag-pekarski-lim-s-poklopcem","13":"product_tag-pogodno-za-alergicare","14":"product_tag-poklon-za-kuhara","15":"product_tag-poklopac-za-ocuvanje-okusa","16":"product_tag-posuda-za-pecenje","17":"product_tag-slovenski-pribor-za-jelo","18":"product_tag-slovenski-proizvod","19":"product_tag-tradicionalna-kuhinja","20":"product_tag-zdravi-kuhinjski-pribor","22":"first","23":"instock","24":"taxable","25":"shipping-taxable","26":"purchasable","27":"product-type-simple"},"yoast_head":"<!-- This site is optimized with the Yoast SEO plugin v27.3 - https:\/\/yoast.com\/product\/yoast-seo-wordpress\/ -->\n<title>Peka\u010d s poklopcem, 30 x 20 cm, &quot;BAKA ZNA PE\u0106I SRE\u0106U&quot; - Spletna trgovina s slovensko posodo - EMO ETT<\/title>\n<meta name=\"robots\" content=\"index, follow, max-snippet:-1, max-image-preview:large, max-video-preview:-1\" \/>\n<link rel=\"canonical\" href=\"https:\/\/emo-shop.com\/hr\/izdelki\/pekac-s-poklopcem-30-x-20-cm-baka-zna-peci-srecu\/\" \/>\n<meta property=\"og:locale\" content=\"hr_HR\" \/>\n<meta property=\"og:type\" content=\"article\" \/>\n<meta property=\"og:title\" content=\"Peka\u010d s poklopcem, 30 x 20 cm, &quot;BAKA ZNA PE\u0106I SRE\u0106U&quot; - Spletna trgovina s slovensko posodo - EMO ETT\" \/>\n<meta property=\"og:description\" content=\"Tra\u017eite li posudu za pe\u010denje koja \u0107e vam omogu\u0107iti savr\u0161eno zape\u010deno meso, hrskavi kruh, ukusne kola\u010de ili savr\u0161eno pe\u010denu tjesteninu?\" \/>\n<meta property=\"og:url\" content=\"https:\/\/emo-shop.com\/hr\/izdelki\/pekac-s-poklopcem-30-x-20-cm-baka-zna-peci-srecu\/\" \/>\n<meta property=\"og:site_name\" content=\"Spletna trgovina s slovensko posodo - EMO ETT\" \/>\n<meta property=\"article:publisher\" content=\"https:\/\/www.facebook.com\/EMOSLOVENIA\" \/>\n<meta property=\"article:modified_time\" content=\"2026-02-03T13:05:25+00:00\" \/>\n<meta property=\"og:image\" content=\"https:\/\/emo-shop.com\/wp-content\/uploads\/2025\/03\/p-nona-3.jpg\" \/>\n\t<meta property=\"og:image:width\" content=\"1000\" \/>\n\t<meta property=\"og:image:height\" content=\"563\" \/>\n\t<meta property=\"og:image:type\" content=\"image\/jpeg\" \/>\n<meta name=\"twitter:card\" content=\"summary_large_image\" \/>\n<meta name=\"twitter:label1\" content=\"Procijenjeno vrijeme \u010ditanja\" \/>\n\t<meta name=\"twitter:data1\" content=\"1 minuta\" \/>\n<script type=\"application\/ld+json\" class=\"yoast-schema-graph\">{\"@context\":\"https:\\\/\\\/schema.org\",\"@graph\":[{\"@type\":\"WebPage\",\"@id\":\"https:\\\/\\\/emo-shop.com\\\/hr\\\/izdelki\\\/pekac-s-poklopcem-30-x-20-cm-baka-zna-peci-srecu\\\/\",\"url\":\"https:\\\/\\\/emo-shop.com\\\/hr\\\/izdelki\\\/pekac-s-poklopcem-30-x-20-cm-baka-zna-peci-srecu\\\/\",\"name\":\"Peka\u010d s poklopcem, 30 x 20 cm, &quot;BAKA ZNA PE\u0106I SRE\u0106U&quot; - Spletna trgovina s slovensko posodo - EMO ETT\",\"isPartOf\":{\"@id\":\"https:\\\/\\\/emo-shop.com\\\/hr\\\/#website\"},\"primaryImageOfPage\":{\"@id\":\"https:\\\/\\\/emo-shop.com\\\/hr\\\/izdelki\\\/pekac-s-poklopcem-30-x-20-cm-baka-zna-peci-srecu\\\/#primaryimage\"},\"image\":{\"@id\":\"https:\\\/\\\/emo-shop.com\\\/hr\\\/izdelki\\\/pekac-s-poklopcem-30-x-20-cm-baka-zna-peci-srecu\\\/#primaryimage\"},\"thumbnailUrl\":\"https:\\\/\\\/emo-shop.com\\\/wp-content\\\/uploads\\\/2025\\\/03\\\/p-nona-3.jpg\",\"datePublished\":\"2025-03-12T16:02:40+00:00\",\"dateModified\":\"2026-02-03T13:05:25+00:00\",\"breadcrumb\":{\"@id\":\"https:\\\/\\\/emo-shop.com\\\/hr\\\/izdelki\\\/pekac-s-poklopcem-30-x-20-cm-baka-zna-peci-srecu\\\/#breadcrumb\"},\"inLanguage\":\"hr\",\"potentialAction\":[{\"@type\":\"ReadAction\",\"target\":[\"https:\\\/\\\/emo-shop.com\\\/hr\\\/izdelki\\\/pekac-s-poklopcem-30-x-20-cm-baka-zna-peci-srecu\\\/\"]}]},{\"@type\":\"ImageObject\",\"inLanguage\":\"hr\",\"@id\":\"https:\\\/\\\/emo-shop.com\\\/hr\\\/izdelki\\\/pekac-s-poklopcem-30-x-20-cm-baka-zna-peci-srecu\\\/#primaryimage\",\"url\":\"https:\\\/\\\/emo-shop.com\\\/wp-content\\\/uploads\\\/2025\\\/03\\\/p-nona-3.jpg\",\"contentUrl\":\"https:\\\/\\\/emo-shop.com\\\/wp-content\\\/uploads\\\/2025\\\/03\\\/p-nona-3.jpg\",\"width\":1000,\"height\":563},{\"@type\":\"BreadcrumbList\",\"@id\":\"https:\\\/\\\/emo-shop.com\\\/hr\\\/izdelki\\\/pekac-s-poklopcem-30-x-20-cm-baka-zna-peci-srecu\\\/#breadcrumb\",\"itemListElement\":[{\"@type\":\"ListItem\",\"position\":1,\"name\":\"Home\",\"item\":\"https:\\\/\\\/emo-shop.com\\\/hr\\\/\"},{\"@type\":\"ListItem\",\"position\":2,\"name\":\"Trgovina\",\"item\":\"https:\\\/\\\/emo-shop.com\\\/hr\\\/trgovina\\\/\"},{\"@type\":\"ListItem\",\"position\":3,\"name\":\"Peka\u010d s poklopcem, 30 x 20 cm, &quot;BAKA ZNA PE\u0106I SRE\u0106U&quot;\"}]},{\"@type\":\"WebSite\",\"@id\":\"https:\\\/\\\/emo-shop.com\\\/hr\\\/#website\",\"url\":\"https:\\\/\\\/emo-shop.com\\\/hr\\\/\",\"name\":\"Spletna trgovina s slovensko posodo - EMO ETT\",\"description\":\"Spletna trgovina\",\"publisher\":{\"@id\":\"https:\\\/\\\/emo-shop.com\\\/hr\\\/#organization\"},\"potentialAction\":[{\"@type\":\"SearchAction\",\"target\":{\"@type\":\"EntryPoint\",\"urlTemplate\":\"https:\\\/\\\/emo-shop.com\\\/hr\\\/?s={search_term_string}\"},\"query-input\":{\"@type\":\"PropertyValueSpecification\",\"valueRequired\":true,\"valueName\":\"search_term_string\"}}],\"inLanguage\":\"hr\"},{\"@type\":\"Organization\",\"@id\":\"https:\\\/\\\/emo-shop.com\\\/hr\\\/#organization\",\"name\":\"Spletna trgovina s slovensko posodo - EMO ETT\",\"url\":\"https:\\\/\\\/emo-shop.com\\\/hr\\\/\",\"logo\":{\"@type\":\"ImageObject\",\"inLanguage\":\"hr\",\"@id\":\"https:\\\/\\\/emo-shop.com\\\/hr\\\/#\\\/schema\\\/logo\\\/image\\\/\",\"url\":\"https:\\\/\\\/emo-shop.com\\\/wp-content\\\/uploads\\\/2024\\\/07\\\/favicon.jpg\",\"contentUrl\":\"https:\\\/\\\/emo-shop.com\\\/wp-content\\\/uploads\\\/2024\\\/07\\\/favicon.jpg\",\"width\":512,\"height\":512,\"caption\":\"Spletna trgovina s slovensko posodo - EMO ETT\"},\"image\":{\"@id\":\"https:\\\/\\\/emo-shop.com\\\/hr\\\/#\\\/schema\\\/logo\\\/image\\\/\"},\"sameAs\":[\"https:\\\/\\\/www.facebook.com\\\/EMOSLOVENIA\"]}]}<\/script>\n<!-- \/ Yoast SEO plugin. -->","yoast_head_json":{"title":"Peka\u010d s poklopcem, 30 x 20 cm, &quot;BAKA ZNA PE\u0106I SRE\u0106U&quot; - Spletna trgovina s slovensko posodo - EMO ETT","robots":{"index":"index","follow":"follow","max-snippet":"max-snippet:-1","max-image-preview":"max-image-preview:large","max-video-preview":"max-video-preview:-1"},"canonical":"https:\/\/emo-shop.com\/hr\/izdelki\/pekac-s-poklopcem-30-x-20-cm-baka-zna-peci-srecu\/","og_locale":"hr_HR","og_type":"article","og_title":"Peka\u010d s poklopcem, 30 x 20 cm, &quot;BAKA ZNA PE\u0106I SRE\u0106U&quot; - Spletna trgovina s slovensko posodo - EMO ETT","og_description":"Tra\u017eite li posudu za pe\u010denje koja \u0107e vam omogu\u0107iti savr\u0161eno zape\u010deno meso, hrskavi kruh, ukusne kola\u010de ili savr\u0161eno pe\u010denu tjesteninu?","og_url":"https:\/\/emo-shop.com\/hr\/izdelki\/pekac-s-poklopcem-30-x-20-cm-baka-zna-peci-srecu\/","og_site_name":"Spletna trgovina s slovensko posodo - EMO ETT","article_publisher":"https:\/\/www.facebook.com\/EMOSLOVENIA","article_modified_time":"2026-02-03T13:05:25+00:00","og_image":[{"width":1000,"height":563,"url":"https:\/\/emo-shop.com\/wp-content\/uploads\/2025\/03\/p-nona-3.jpg","type":"image\/jpeg"}],"twitter_card":"summary_large_image","twitter_misc":{"Procijenjeno vrijeme \u010ditanja":"1 minuta"},"schema":{"@context":"https:\/\/schema.org","@graph":[{"@type":"WebPage","@id":"https:\/\/emo-shop.com\/hr\/izdelki\/pekac-s-poklopcem-30-x-20-cm-baka-zna-peci-srecu\/","url":"https:\/\/emo-shop.com\/hr\/izdelki\/pekac-s-poklopcem-30-x-20-cm-baka-zna-peci-srecu\/","name":"Peka\u010d s poklopcem, 30 x 20 cm, &quot;BAKA ZNA PE\u0106I SRE\u0106U&quot; - Spletna trgovina s slovensko posodo - EMO ETT","isPartOf":{"@id":"https:\/\/emo-shop.com\/hr\/#website"},"primaryImageOfPage":{"@id":"https:\/\/emo-shop.com\/hr\/izdelki\/pekac-s-poklopcem-30-x-20-cm-baka-zna-peci-srecu\/#primaryimage"},"image":{"@id":"https:\/\/emo-shop.com\/hr\/izdelki\/pekac-s-poklopcem-30-x-20-cm-baka-zna-peci-srecu\/#primaryimage"},"thumbnailUrl":"https:\/\/emo-shop.com\/wp-content\/uploads\/2025\/03\/p-nona-3.jpg","datePublished":"2025-03-12T16:02:40+00:00","dateModified":"2026-02-03T13:05:25+00:00","breadcrumb":{"@id":"https:\/\/emo-shop.com\/hr\/izdelki\/pekac-s-poklopcem-30-x-20-cm-baka-zna-peci-srecu\/#breadcrumb"},"inLanguage":"hr","potentialAction":[{"@type":"ReadAction","target":["https:\/\/emo-shop.com\/hr\/izdelki\/pekac-s-poklopcem-30-x-20-cm-baka-zna-peci-srecu\/"]}]},{"@type":"ImageObject","inLanguage":"hr","@id":"https:\/\/emo-shop.com\/hr\/izdelki\/pekac-s-poklopcem-30-x-20-cm-baka-zna-peci-srecu\/#primaryimage","url":"https:\/\/emo-shop.com\/wp-content\/uploads\/2025\/03\/p-nona-3.jpg","contentUrl":"https:\/\/emo-shop.com\/wp-content\/uploads\/2025\/03\/p-nona-3.jpg","width":1000,"height":563},{"@type":"BreadcrumbList","@id":"https:\/\/emo-shop.com\/hr\/izdelki\/pekac-s-poklopcem-30-x-20-cm-baka-zna-peci-srecu\/#breadcrumb","itemListElement":[{"@type":"ListItem","position":1,"name":"Home","item":"https:\/\/emo-shop.com\/hr\/"},{"@type":"ListItem","position":2,"name":"Trgovina","item":"https:\/\/emo-shop.com\/hr\/trgovina\/"},{"@type":"ListItem","position":3,"name":"Peka\u010d s poklopcem, 30 x 20 cm, &quot;BAKA ZNA PE\u0106I SRE\u0106U&quot;"}]},{"@type":"WebSite","@id":"https:\/\/emo-shop.com\/hr\/#website","url":"https:\/\/emo-shop.com\/hr\/","name":"Spletna trgovina s slovensko posodo - EMO ETT","description":"Spletna trgovina","publisher":{"@id":"https:\/\/emo-shop.com\/hr\/#organization"},"potentialAction":[{"@type":"SearchAction","target":{"@type":"EntryPoint","urlTemplate":"https:\/\/emo-shop.com\/hr\/?s={search_term_string}"},"query-input":{"@type":"PropertyValueSpecification","valueRequired":true,"valueName":"search_term_string"}}],"inLanguage":"hr"},{"@type":"Organization","@id":"https:\/\/emo-shop.com\/hr\/#organization","name":"Spletna trgovina s slovensko posodo - EMO ETT","url":"https:\/\/emo-shop.com\/hr\/","logo":{"@type":"ImageObject","inLanguage":"hr","@id":"https:\/\/emo-shop.com\/hr\/#\/schema\/logo\/image\/","url":"https:\/\/emo-shop.com\/wp-content\/uploads\/2024\/07\/favicon.jpg","contentUrl":"https:\/\/emo-shop.com\/wp-content\/uploads\/2024\/07\/favicon.jpg","width":512,"height":512,"caption":"Spletna trgovina s slovensko posodo - EMO ETT"},"image":{"@id":"https:\/\/emo-shop.com\/hr\/#\/schema\/logo\/image\/"},"sameAs":["https:\/\/www.facebook.com\/EMOSLOVENIA"]}]}},"_links":{"self":[{"href":"https:\/\/emo-shop.com\/hr\/wp-json\/wp\/v2\/product\/33908","targetHints":{"allow":["GET"]}}],"collection":[{"href":"https:\/\/emo-shop.com\/hr\/wp-json\/wp\/v2\/product"}],"about":[{"href":"https:\/\/emo-shop.com\/hr\/wp-json\/wp\/v2\/types\/product"}],"replies":[{"embeddable":true,"href":"https:\/\/emo-shop.com\/hr\/wp-json\/wp\/v2\/comments?post=33908"}],"version-history":[{"count":0,"href":"https:\/\/emo-shop.com\/hr\/wp-json\/wp\/v2\/product\/33908\/revisions"}],"wp:featuredmedia":[{"embeddable":true,"href":"https:\/\/emo-shop.com\/hr\/wp-json\/wp\/v2\/media\/33909"}],"wp:attachment":[{"href":"https:\/\/emo-shop.com\/hr\/wp-json\/wp\/v2\/media?parent=33908"}],"wp:term":[{"taxonomy":"product_brand","embeddable":true,"href":"https:\/\/emo-shop.com\/hr\/wp-json\/wp\/v2\/product_brand?post=33908"},{"taxonomy":"product_cat","embeddable":true,"href":"https:\/\/emo-shop.com\/hr\/wp-json\/wp\/v2\/product_cat?post=33908"},{"taxonomy":"product_tag","embeddable":true,"href":"https:\/\/emo-shop.com\/hr\/wp-json\/wp\/v2\/product_tag?post=33908"}],"curies":[{"name":"wp","href":"https:\/\/api.w.org\/{rel}","templated":true}]}}