{"id":33885,"date":"2025-04-24T08:29:51","date_gmt":"2025-04-24T08:29:51","guid":{"rendered":"https:\/\/emo-shop.com\/izdelki\/set-za-rucak-za-ponijeti-2-1\/"},"modified":"2026-02-03T13:05:21","modified_gmt":"2026-02-03T13:05:21","slug":"set-za-rucak-za-ponijeti-2-1","status":"publish","type":"product","link":"https:\/\/emo-shop.com\/hr\/izdelki\/set-za-rucak-za-ponijeti-2-1\/","title":{"rendered":"Set za ru\u010dak za ponijeti 2\/1"},"content":{"rendered":"<p class=\"\" data-start=\"0\" data-end=\"440\"><strong data-start=\"0\" data-end=\"25\">Informacije o proizvodu<\/strong><\/p>\n<ul>\n<li class=\"\" data-start=\"24\" data-end=\"59\">\n<p class=\"\" data-start=\"26\" data-end=\"59\"><strong data-start=\"26\" data-end=\"50\">\u0160ifra proizvoda (SKU):<\/strong> 206665<\/p>\n<\/li>\n<li class=\"\" data-start=\"60\" data-end=\"91\">\n<p class=\"\" data-start=\"62\" data-end=\"91\"><strong data-start=\"62\" data-end=\"75\">EAN kod:<\/strong> 8710755206665<\/p>\n<\/li>\n<li class=\"\" data-start=\"237\" data-end=\"257\">\n<p class=\"\" data-start=\"239\" data-end=\"257\"><strong data-start=\"239\" data-end=\"248\">Te\u017eina:<\/strong> 0,4 kg<\/p>\n<\/li>\n<li class=\"\" data-start=\"258\" data-end=\"339\">\n<p class=\"\" data-start=\"260\" data-end=\"276\"><strong data-start=\"260\" data-end=\"274\">Dimenzije<\/strong><\/p>\n<ul data-start=\"279\" data-end=\"339\">\n<li class=\"\" data-start=\"279\" data-end=\"296\">\n<p class=\"\" data-start=\"281\" data-end=\"296\">Visina: 13 cm<\/p>\n<\/li>\n<li class=\"\" data-start=\"299\" data-end=\"319\">\n<p class=\"\" data-start=\"301\" data-end=\"319\">Duljina: 13,5 cm<\/p>\n<\/li>\n<li class=\"\" data-start=\"322\" data-end=\"339\">\n<p class=\"\" data-start=\"324\" data-end=\"339\">\u0160irina: 30,5 cm<\/p>\n<\/li>\n<\/ul>\n<\/li>\n<\/ul>\n<p class=\"\" data-start=\"0\" data-end=\"440\"><br data-start=\"25\" data-end=\"28\" \/>Jeftinije, zdravije&#8230; Dono\u0161enje vlastite hrane pametna je odluka. A s ovim Brabantia Make &amp; Take setom za ru\u010dak mo\u017eete se po\u010dastiti obrokom od dva slijeda! Posuda za u\u017einu srednje veli\u010dine ima poklopac s kop\u010dama za sigurno no\u0161enje sendvi\u010da, tortilja ili peciva. Zrakoprazna posuda za juhu ima zavrtni spremnik za dodatke kako bi ostali hrskavi do posljednjeg zalogaja. Juha i sendvi\u010di&#8230; Spremni, na mjesto, u\u017eina!<\/p>\n<p class=\"\" data-start=\"442\" data-end=\"469\"><strong data-start=\"442\" data-end=\"469\">Prednosti i zna\u010dajke:<\/strong><\/p>\n<ul data-start=\"471\" data-end=\"1266\">\n<li class=\"\" data-start=\"471\" data-end=\"528\">\n<p class=\"\" data-start=\"473\" data-end=\"528\">Ponesite svoj \u2013 set za u\u017einu za pauzu u pokretu.<\/p>\n<\/li>\n<li class=\"\" data-start=\"529\" data-end=\"593\">\n<p class=\"\" data-start=\"531\" data-end=\"593\">Kompletan set \u2013 uklju\u010duje lonac za juhu i kutiju za u\u017einu.<\/p>\n<\/li>\n<li class=\"\" data-start=\"594\" data-end=\"639\">\n<p class=\"\" data-start=\"596\" data-end=\"639\">Vi\u0161enamjensko \u2013 srednja zapremina (1,1 L).<\/p>\n<\/li>\n<li class=\"\" data-start=\"640\" data-end=\"689\">\n<p class=\"\" data-start=\"642\" data-end=\"689\">Prostran \u2013 lonac za juhu prima do 600 ml.<\/p>\n<\/li>\n<li class=\"\" data-start=\"690\" data-end=\"744\">\n<p class=\"\" data-start=\"692\" data-end=\"744\">\u010cvrsto zatvoreno \u2013 poklopac kutije za ru\u010dak s kop\u010dama.<\/p>\n<\/li>\n<li class=\"\" data-start=\"745\" data-end=\"817\">\n<p class=\"\" data-start=\"747\" data-end=\"817\">Bez prolijevanja \u2013 sigurno zatvaranje klikom i posuda 100 % otporna na curenje.<\/p>\n<\/li>\n<li class=\"\" data-start=\"818\" data-end=\"910\">\n<p class=\"\" data-start=\"820\" data-end=\"910\">Dodatno \u2013 lonac za juhu s posudom za dodatke koja ih odr\u017eava suhima (180 ml).<\/p>\n<\/li>\n<li class=\"\" data-start=\"911\" data-end=\"964\">\n<p class=\"\" data-start=\"913\" data-end=\"964\">Jednostavno za \u010di\u0161\u0107enje \u2013 siguran za pranje u perilici posu\u0111a.<\/p>\n<\/li>\n<li class=\"\" data-start=\"965\" data-end=\"1031\">\n<p class=\"\" data-start=\"967\" data-end=\"1031\">Vi\u0161enamjensko \u2013 pogodno za mikrovalnu pe\u0107nicu i zamrziva\u010d.<\/p>\n<\/li>\n<li class=\"\" data-start=\"1032\" data-end=\"1079\">\n<p class=\"\" data-start=\"1034\" data-end=\"1079\">Izdr\u017eljivo \u2013 izra\u0111eno od izdr\u017eljivih materijala<\/p>\n<\/li>\n<li class=\"\" data-start=\"1126\" data-end=\"1156\">\n<p class=\"\" data-start=\"1128\" data-end=\"1156\">Svjesan izbor \u2013 bez BPA.<\/p>\n<\/li>\n<li class=\"\" data-start=\"1157\" data-end=\"1216\">\n<p class=\"\" data-start=\"1159\" data-end=\"1216\">Odr\u017eiviji izbor \u2013 100 % reciklabilno nakon upotrebe.<\/p>\n<\/li>\n<li class=\"\" data-start=\"1217\" data-end=\"1266\">\n<p class=\"\" data-start=\"1219\" data-end=\"1266\">Manje otpada \u2013 vi\u0161ekratno upotrebljivi spremnici.<\/p>\n<\/li>\n<\/ul>\n","protected":false},"excerpt":{"rendered":"<h4>Set za ru\u010dak za ponijeti<\/h4>\n","protected":false},"featured_media":33888,"comment_status":"open","ping_status":"closed","template":"","meta":[],"product_brand":[],"product_cat":[854],"product_tag":[1030,1032,1036,1031,1035,964],"class_list":{"0":"post-33885","1":"product","2":"type-product","3":"status-publish","4":"has-post-thumbnail","6":"product_cat-brabantia-lekue","7":"product_tag-brabantia","8":"product_tag-cuvanje-hrane","9":"product_tag-emo-shop-celje","10":"product_tag-lekue","11":"product_tag-spremnik-za-pohranu-2","12":"product_tag-spremnik-za-pohranu","14":"first","15":"instock","16":"taxable","17":"shipping-taxable","18":"purchasable","19":"product-type-simple"},"yoast_head":"<!-- This site is optimized with the Yoast SEO plugin v27.4 - https:\/\/yoast.com\/product\/yoast-seo-wordpress\/ -->\n<title>Set za ru\u010dak za ponijeti 2\/1 - Spletna trgovina s slovensko posodo - EMO ETT<\/title>\n<meta name=\"robots\" content=\"index, follow, max-snippet:-1, max-image-preview:large, max-video-preview:-1\" \/>\n<link rel=\"canonical\" href=\"https:\/\/emo-shop.com\/hr\/izdelki\/set-za-rucak-za-ponijeti-2-1\/\" \/>\n<meta property=\"og:locale\" content=\"hr_HR\" \/>\n<meta property=\"og:type\" content=\"article\" \/>\n<meta property=\"og:title\" content=\"Set za ru\u010dak za ponijeti 2\/1 - Spletna trgovina s slovensko posodo - EMO ETT\" \/>\n<meta property=\"og:description\" content=\"Set za ru\u010dak za ponijeti\" \/>\n<meta property=\"og:url\" content=\"https:\/\/emo-shop.com\/hr\/izdelki\/set-za-rucak-za-ponijeti-2-1\/\" \/>\n<meta property=\"og:site_name\" content=\"Spletna trgovina s slovensko posodo - EMO ETT\" \/>\n<meta property=\"article:publisher\" content=\"https:\/\/www.facebook.com\/EMOSLOVENIA\" \/>\n<meta property=\"article:modified_time\" content=\"2026-02-03T13:05:21+00:00\" \/>\n<meta property=\"og:image\" content=\"https:\/\/emo-shop.com\/wp-content\/uploads\/2025\/04\/KOMPLET-ZA-KOSILO-TO-GO.jpg\" \/>\n\t<meta property=\"og:image:width\" content=\"955\" \/>\n\t<meta property=\"og:image:height\" content=\"530\" \/>\n\t<meta property=\"og:image:type\" content=\"image\/jpeg\" \/>\n<meta name=\"twitter:card\" content=\"summary_large_image\" \/>\n<meta name=\"twitter:label1\" content=\"Procijenjeno vrijeme \u010ditanja\" \/>\n\t<meta name=\"twitter:data1\" content=\"1 minuta\" \/>\n<script type=\"application\/ld+json\" class=\"yoast-schema-graph\">{\"@context\":\"https:\\\/\\\/schema.org\",\"@graph\":[{\"@type\":\"WebPage\",\"@id\":\"https:\\\/\\\/emo-shop.com\\\/hr\\\/izdelki\\\/set-za-rucak-za-ponijeti-2-1\\\/\",\"url\":\"https:\\\/\\\/emo-shop.com\\\/hr\\\/izdelki\\\/set-za-rucak-za-ponijeti-2-1\\\/\",\"name\":\"Set za ru\u010dak za ponijeti 2\\\/1 - Spletna trgovina s slovensko posodo - EMO ETT\",\"isPartOf\":{\"@id\":\"https:\\\/\\\/emo-shop.com\\\/hr\\\/#website\"},\"primaryImageOfPage\":{\"@id\":\"https:\\\/\\\/emo-shop.com\\\/hr\\\/izdelki\\\/set-za-rucak-za-ponijeti-2-1\\\/#primaryimage\"},\"image\":{\"@id\":\"https:\\\/\\\/emo-shop.com\\\/hr\\\/izdelki\\\/set-za-rucak-za-ponijeti-2-1\\\/#primaryimage\"},\"thumbnailUrl\":\"https:\\\/\\\/emo-shop.com\\\/wp-content\\\/uploads\\\/2025\\\/04\\\/KOMPLET-ZA-KOSILO-TO-GO.jpg\",\"datePublished\":\"2025-04-24T08:29:51+00:00\",\"dateModified\":\"2026-02-03T13:05:21+00:00\",\"breadcrumb\":{\"@id\":\"https:\\\/\\\/emo-shop.com\\\/hr\\\/izdelki\\\/set-za-rucak-za-ponijeti-2-1\\\/#breadcrumb\"},\"inLanguage\":\"hr\",\"potentialAction\":[{\"@type\":\"ReadAction\",\"target\":[\"https:\\\/\\\/emo-shop.com\\\/hr\\\/izdelki\\\/set-za-rucak-za-ponijeti-2-1\\\/\"]}]},{\"@type\":\"ImageObject\",\"inLanguage\":\"hr\",\"@id\":\"https:\\\/\\\/emo-shop.com\\\/hr\\\/izdelki\\\/set-za-rucak-za-ponijeti-2-1\\\/#primaryimage\",\"url\":\"https:\\\/\\\/emo-shop.com\\\/wp-content\\\/uploads\\\/2025\\\/04\\\/KOMPLET-ZA-KOSILO-TO-GO.jpg\",\"contentUrl\":\"https:\\\/\\\/emo-shop.com\\\/wp-content\\\/uploads\\\/2025\\\/04\\\/KOMPLET-ZA-KOSILO-TO-GO.jpg\",\"width\":955,\"height\":530},{\"@type\":\"BreadcrumbList\",\"@id\":\"https:\\\/\\\/emo-shop.com\\\/hr\\\/izdelki\\\/set-za-rucak-za-ponijeti-2-1\\\/#breadcrumb\",\"itemListElement\":[{\"@type\":\"ListItem\",\"position\":1,\"name\":\"Home\",\"item\":\"https:\\\/\\\/emo-shop.com\\\/hr\\\/\"},{\"@type\":\"ListItem\",\"position\":2,\"name\":\"Trgovina\",\"item\":\"https:\\\/\\\/emo-shop.com\\\/hr\\\/trgovina\\\/\"},{\"@type\":\"ListItem\",\"position\":3,\"name\":\"Set za ru\u010dak za ponijeti 2\\\/1\"}]},{\"@type\":\"WebSite\",\"@id\":\"https:\\\/\\\/emo-shop.com\\\/hr\\\/#website\",\"url\":\"https:\\\/\\\/emo-shop.com\\\/hr\\\/\",\"name\":\"Spletna trgovina s slovensko posodo - EMO ETT\",\"description\":\"Spletna trgovina\",\"publisher\":{\"@id\":\"https:\\\/\\\/emo-shop.com\\\/hr\\\/#organization\"},\"potentialAction\":[{\"@type\":\"SearchAction\",\"target\":{\"@type\":\"EntryPoint\",\"urlTemplate\":\"https:\\\/\\\/emo-shop.com\\\/hr\\\/?s={search_term_string}\"},\"query-input\":{\"@type\":\"PropertyValueSpecification\",\"valueRequired\":true,\"valueName\":\"search_term_string\"}}],\"inLanguage\":\"hr\"},{\"@type\":\"Organization\",\"@id\":\"https:\\\/\\\/emo-shop.com\\\/hr\\\/#organization\",\"name\":\"Spletna trgovina s slovensko posodo - EMO ETT\",\"url\":\"https:\\\/\\\/emo-shop.com\\\/hr\\\/\",\"logo\":{\"@type\":\"ImageObject\",\"inLanguage\":\"hr\",\"@id\":\"https:\\\/\\\/emo-shop.com\\\/hr\\\/#\\\/schema\\\/logo\\\/image\\\/\",\"url\":\"https:\\\/\\\/emo-shop.com\\\/wp-content\\\/uploads\\\/2024\\\/07\\\/favicon.jpg\",\"contentUrl\":\"https:\\\/\\\/emo-shop.com\\\/wp-content\\\/uploads\\\/2024\\\/07\\\/favicon.jpg\",\"width\":512,\"height\":512,\"caption\":\"Spletna trgovina s slovensko posodo - EMO ETT\"},\"image\":{\"@id\":\"https:\\\/\\\/emo-shop.com\\\/hr\\\/#\\\/schema\\\/logo\\\/image\\\/\"},\"sameAs\":[\"https:\\\/\\\/www.facebook.com\\\/EMOSLOVENIA\"]}]}<\/script>\n<!-- \/ Yoast SEO plugin. -->","yoast_head_json":{"title":"Set za ru\u010dak za ponijeti 2\/1 - Spletna trgovina s slovensko posodo - EMO ETT","robots":{"index":"index","follow":"follow","max-snippet":"max-snippet:-1","max-image-preview":"max-image-preview:large","max-video-preview":"max-video-preview:-1"},"canonical":"https:\/\/emo-shop.com\/hr\/izdelki\/set-za-rucak-za-ponijeti-2-1\/","og_locale":"hr_HR","og_type":"article","og_title":"Set za ru\u010dak za ponijeti 2\/1 - Spletna trgovina s slovensko posodo - EMO ETT","og_description":"Set za ru\u010dak za ponijeti","og_url":"https:\/\/emo-shop.com\/hr\/izdelki\/set-za-rucak-za-ponijeti-2-1\/","og_site_name":"Spletna trgovina s slovensko posodo - EMO ETT","article_publisher":"https:\/\/www.facebook.com\/EMOSLOVENIA","article_modified_time":"2026-02-03T13:05:21+00:00","og_image":[{"width":955,"height":530,"url":"https:\/\/emo-shop.com\/wp-content\/uploads\/2025\/04\/KOMPLET-ZA-KOSILO-TO-GO.jpg","type":"image\/jpeg"}],"twitter_card":"summary_large_image","twitter_misc":{"Procijenjeno vrijeme \u010ditanja":"1 minuta"},"schema":{"@context":"https:\/\/schema.org","@graph":[{"@type":"WebPage","@id":"https:\/\/emo-shop.com\/hr\/izdelki\/set-za-rucak-za-ponijeti-2-1\/","url":"https:\/\/emo-shop.com\/hr\/izdelki\/set-za-rucak-za-ponijeti-2-1\/","name":"Set za ru\u010dak za ponijeti 2\/1 - Spletna trgovina s slovensko posodo - EMO ETT","isPartOf":{"@id":"https:\/\/emo-shop.com\/hr\/#website"},"primaryImageOfPage":{"@id":"https:\/\/emo-shop.com\/hr\/izdelki\/set-za-rucak-za-ponijeti-2-1\/#primaryimage"},"image":{"@id":"https:\/\/emo-shop.com\/hr\/izdelki\/set-za-rucak-za-ponijeti-2-1\/#primaryimage"},"thumbnailUrl":"https:\/\/emo-shop.com\/wp-content\/uploads\/2025\/04\/KOMPLET-ZA-KOSILO-TO-GO.jpg","datePublished":"2025-04-24T08:29:51+00:00","dateModified":"2026-02-03T13:05:21+00:00","breadcrumb":{"@id":"https:\/\/emo-shop.com\/hr\/izdelki\/set-za-rucak-za-ponijeti-2-1\/#breadcrumb"},"inLanguage":"hr","potentialAction":[{"@type":"ReadAction","target":["https:\/\/emo-shop.com\/hr\/izdelki\/set-za-rucak-za-ponijeti-2-1\/"]}]},{"@type":"ImageObject","inLanguage":"hr","@id":"https:\/\/emo-shop.com\/hr\/izdelki\/set-za-rucak-za-ponijeti-2-1\/#primaryimage","url":"https:\/\/emo-shop.com\/wp-content\/uploads\/2025\/04\/KOMPLET-ZA-KOSILO-TO-GO.jpg","contentUrl":"https:\/\/emo-shop.com\/wp-content\/uploads\/2025\/04\/KOMPLET-ZA-KOSILO-TO-GO.jpg","width":955,"height":530},{"@type":"BreadcrumbList","@id":"https:\/\/emo-shop.com\/hr\/izdelki\/set-za-rucak-za-ponijeti-2-1\/#breadcrumb","itemListElement":[{"@type":"ListItem","position":1,"name":"Home","item":"https:\/\/emo-shop.com\/hr\/"},{"@type":"ListItem","position":2,"name":"Trgovina","item":"https:\/\/emo-shop.com\/hr\/trgovina\/"},{"@type":"ListItem","position":3,"name":"Set za ru\u010dak za ponijeti 2\/1"}]},{"@type":"WebSite","@id":"https:\/\/emo-shop.com\/hr\/#website","url":"https:\/\/emo-shop.com\/hr\/","name":"Spletna trgovina s slovensko posodo - EMO ETT","description":"Spletna trgovina","publisher":{"@id":"https:\/\/emo-shop.com\/hr\/#organization"},"potentialAction":[{"@type":"SearchAction","target":{"@type":"EntryPoint","urlTemplate":"https:\/\/emo-shop.com\/hr\/?s={search_term_string}"},"query-input":{"@type":"PropertyValueSpecification","valueRequired":true,"valueName":"search_term_string"}}],"inLanguage":"hr"},{"@type":"Organization","@id":"https:\/\/emo-shop.com\/hr\/#organization","name":"Spletna trgovina s slovensko posodo - EMO ETT","url":"https:\/\/emo-shop.com\/hr\/","logo":{"@type":"ImageObject","inLanguage":"hr","@id":"https:\/\/emo-shop.com\/hr\/#\/schema\/logo\/image\/","url":"https:\/\/emo-shop.com\/wp-content\/uploads\/2024\/07\/favicon.jpg","contentUrl":"https:\/\/emo-shop.com\/wp-content\/uploads\/2024\/07\/favicon.jpg","width":512,"height":512,"caption":"Spletna trgovina s slovensko posodo - EMO ETT"},"image":{"@id":"https:\/\/emo-shop.com\/hr\/#\/schema\/logo\/image\/"},"sameAs":["https:\/\/www.facebook.com\/EMOSLOVENIA"]}]}},"_links":{"self":[{"href":"https:\/\/emo-shop.com\/hr\/wp-json\/wp\/v2\/product\/33885","targetHints":{"allow":["GET"]}}],"collection":[{"href":"https:\/\/emo-shop.com\/hr\/wp-json\/wp\/v2\/product"}],"about":[{"href":"https:\/\/emo-shop.com\/hr\/wp-json\/wp\/v2\/types\/product"}],"replies":[{"embeddable":true,"href":"https:\/\/emo-shop.com\/hr\/wp-json\/wp\/v2\/comments?post=33885"}],"version-history":[{"count":0,"href":"https:\/\/emo-shop.com\/hr\/wp-json\/wp\/v2\/product\/33885\/revisions"}],"wp:featuredmedia":[{"embeddable":true,"href":"https:\/\/emo-shop.com\/hr\/wp-json\/wp\/v2\/media\/33888"}],"wp:attachment":[{"href":"https:\/\/emo-shop.com\/hr\/wp-json\/wp\/v2\/media?parent=33885"}],"wp:term":[{"taxonomy":"product_brand","embeddable":true,"href":"https:\/\/emo-shop.com\/hr\/wp-json\/wp\/v2\/product_brand?post=33885"},{"taxonomy":"product_cat","embeddable":true,"href":"https:\/\/emo-shop.com\/hr\/wp-json\/wp\/v2\/product_cat?post=33885"},{"taxonomy":"product_tag","embeddable":true,"href":"https:\/\/emo-shop.com\/hr\/wp-json\/wp\/v2\/product_tag?post=33885"}],"curies":[{"name":"wp","href":"https:\/\/api.w.org\/{rel}","templated":true}]}}