{"id":33880,"date":"2025-04-24T08:51:56","date_gmt":"2025-04-24T08:51:56","guid":{"rendered":"https:\/\/emo-shop.com\/izdelki\/07-l-brabantia-posuda-za-pohranu\/"},"modified":"2026-02-03T13:05:21","modified_gmt":"2026-02-03T13:05:21","slug":"07-l-brabantia-posuda-za-pohranu","status":"publish","type":"product","link":"https:\/\/emo-shop.com\/hr\/izdelki\/07-l-brabantia-posuda-za-pohranu\/","title":{"rendered":"0,7 L Brabantia posuda za pohranu"},"content":{"rendered":"<p class=\"\" data-start=\"0\" data-end=\"347\"><strong data-start=\"0\" data-end=\"25\">Informacije o proizvodu<\/strong><\/p>\n<ul>\n<li class=\"\" data-start=\"24\" data-end=\"59\">\n<p class=\"\" data-start=\"26\" data-end=\"59\"><strong data-start=\"26\" data-end=\"50\">\u0160ifra proizvoda (SKU):<\/strong> 122309<\/p>\n<\/li>\n<li class=\"\" data-start=\"60\" data-end=\"91\">\n<p class=\"\" data-start=\"62\" data-end=\"91\"><strong data-start=\"62\" data-end=\"75\">EAN kod:<\/strong> 8710755122309<\/p>\n<\/li>\n<li class=\"\" data-start=\"92\" data-end=\"122\">\n<p class=\"\" data-start=\"94\" data-end=\"122\"><strong data-start=\"94\" data-end=\"110\">Zapremnina:<\/strong> 0,7 litara<\/p>\n<\/li>\n<li class=\"\" data-start=\"268\" data-end=\"307\">\n<p class=\"\" data-start=\"270\" data-end=\"307\"><strong data-start=\"270\" data-end=\"302\">Siguro za perilicu posu\u0111a:<\/strong> Da<\/p>\n<\/li>\n<li class=\"\" data-start=\"308\" data-end=\"328\">\n<p class=\"\" data-start=\"310\" data-end=\"328\"><strong data-start=\"310\" data-end=\"319\">Te\u017eina:<\/strong> 0,2 kg<\/p>\n<\/li>\n<li class=\"\" data-start=\"329\" data-end=\"412\">\n<p class=\"\" data-start=\"331\" data-end=\"347\"><strong data-start=\"331\" data-end=\"345\">Dimenzije<\/strong><\/p>\n<ul data-start=\"350\" data-end=\"412\">\n<li class=\"\" data-start=\"350\" data-end=\"369\">\n<p class=\"\" data-start=\"352\" data-end=\"369\">Visina: 10,6 cm<\/p>\n<\/li>\n<li class=\"\" data-start=\"372\" data-end=\"392\">\n<p class=\"\" data-start=\"374\" data-end=\"392\">Duljina: 11,1 cm<\/p>\n<\/li>\n<li class=\"\" data-start=\"395\" data-end=\"412\">\n<p class=\"\" data-start=\"397\" data-end=\"412\">\u0160irina: 11,1 cm<\/p>\n<\/li>\n<\/ul>\n<\/li>\n<\/ul>\n<p class=\"\" data-start=\"0\" data-end=\"347\">Odr\u017eavanje kuhinje urednom ponekad mo\u017ee biti pravi izazov. Brabantia vam rado poma\u017ee s ovim kvadratnim plasti\u010dnim spremnikom Tasty+, koji se mo\u017ee slagati. \u010cvrst i prostorom \u0161tedljiv dizajn omogu\u0107uje vam da na prvi pogled vidite sadr\u017eaj. Idealan je za prozirno skladi\u0161tenje hrane i dulju svje\u017einu. Organizator koji \u0161tedi prostor!<\/p>\n<p class=\"\" data-start=\"349\" data-end=\"376\"><strong data-start=\"349\" data-end=\"376\">Prednosti i zna\u010dajke:<\/strong><\/p>\n<ul data-start=\"378\" data-end=\"913\">\n<li class=\"\" data-start=\"378\" data-end=\"420\">\n<p class=\"\" data-start=\"380\" data-end=\"420\">\u0160tedi prostor \u2013 sklopiv dizajn.<\/p>\n<\/li>\n<li class=\"\" data-start=\"421\" data-end=\"499\">\n<p class=\"\" data-start=\"423\" data-end=\"499\">Odr\u017eava suhu i teku\u0107u hranu svje\u017eom du\u017ee \u2013 poklopac sa silikonskom brtvom.<\/p>\n<\/li>\n<li class=\"\" data-start=\"500\" data-end=\"552\">\n<p class=\"\" data-start=\"502\" data-end=\"552\">Sadr\u017eaj uvijek vidljiv \u2013 prozirna plasti\u010dna posuda.<\/p>\n<\/li>\n<li class=\"\" data-start=\"553\" data-end=\"594\">\n<p class=\"\" data-start=\"555\" data-end=\"594\">Izdr\u017eljiv \u2013 izra\u0111en od \u010dvrste plastike.<\/p>\n<\/li>\n<li class=\"\" data-start=\"595\" data-end=\"641\">\n<p class=\"\" data-start=\"597\" data-end=\"641\">Higijenski \u2013 dizajn bez \u0161avova, bez rubova.<\/p>\n<\/li>\n<li class=\"\" data-start=\"642\" data-end=\"695\">\n<p class=\"\" data-start=\"644\" data-end=\"695\">Jednostavno za \u010di\u0161\u0107enje \u2013 pogodno za perilicu posu\u0111a.<\/p>\n<\/li>\n<li class=\"\" data-start=\"696\" data-end=\"741\">\n<p class=\"\" data-start=\"698\" data-end=\"741\">Bez brige \u2013 5 godina jamstva i servisa.<\/p>\n<\/li>\n<li class=\"\" data-start=\"742\" data-end=\"772\">\n<p class=\"\" data-start=\"744\" data-end=\"772\">Svjesan izbor \u2013 bez BPA.<\/p>\n<\/li>\n<li class=\"\" data-start=\"773\" data-end=\"832\">\n<p class=\"\" data-start=\"775\" data-end=\"832\">Odr\u017eiviji izbor \u2013 100 % reciklabilno nakon upotrebe.<\/p>\n<\/li>\n<li class=\"\" data-start=\"833\" data-end=\"913\">\n<p class=\"\" data-start=\"835\" data-end=\"913\">Svestrano \u2013 srednji kapacitet (0,7 L), idealno za zobene pahuljice, le\u0107u itd.<\/p>\n<\/li>\n<\/ul>\n","protected":false},"excerpt":{"rendered":"<h4>Set za ru\u010dak za van<\/h4>\n","protected":false},"featured_media":33881,"comment_status":"open","ping_status":"closed","template":"","meta":[],"product_brand":[],"product_cat":[854],"product_tag":[1030,1032,1036,1031,1035,964],"class_list":{"0":"post-33880","1":"product","2":"type-product","3":"status-publish","4":"has-post-thumbnail","6":"product_cat-brabantia-lekue","7":"product_tag-brabantia","8":"product_tag-cuvanje-hrane","9":"product_tag-emo-shop-celje","10":"product_tag-lekue","11":"product_tag-spremnik-za-pohranu-2","12":"product_tag-spremnik-za-pohranu","14":"first","15":"instock","16":"taxable","17":"shipping-taxable","18":"purchasable","19":"product-type-simple"},"yoast_head":"<!-- This site is optimized with the Yoast SEO plugin v27.4 - https:\/\/yoast.com\/product\/yoast-seo-wordpress\/ -->\n<title>0,7 L Brabantia posuda za pohranu - Spletna trgovina s slovensko posodo - EMO ETT<\/title>\n<meta name=\"robots\" content=\"index, follow, max-snippet:-1, max-image-preview:large, max-video-preview:-1\" \/>\n<link rel=\"canonical\" href=\"https:\/\/emo-shop.com\/hr\/izdelki\/07-l-brabantia-posuda-za-pohranu\/\" \/>\n<meta property=\"og:locale\" content=\"hr_HR\" \/>\n<meta property=\"og:type\" content=\"article\" \/>\n<meta property=\"og:title\" content=\"0,7 L Brabantia posuda za pohranu - Spletna trgovina s slovensko posodo - EMO ETT\" \/>\n<meta property=\"og:description\" content=\"Set za ru\u010dak za van\" \/>\n<meta property=\"og:url\" content=\"https:\/\/emo-shop.com\/hr\/izdelki\/07-l-brabantia-posuda-za-pohranu\/\" \/>\n<meta property=\"og:site_name\" content=\"Spletna trgovina s slovensko posodo - EMO ETT\" \/>\n<meta property=\"article:publisher\" content=\"https:\/\/www.facebook.com\/EMOSLOVENIA\" \/>\n<meta property=\"article:modified_time\" content=\"2026-02-03T13:05:21+00:00\" \/>\n<meta property=\"og:image\" content=\"https:\/\/emo-shop.com\/wp-content\/uploads\/2025\/04\/POSODA-ZA-SHRANJEVANJE-07L.jpg\" \/>\n\t<meta property=\"og:image:width\" content=\"952\" \/>\n\t<meta property=\"og:image:height\" content=\"812\" \/>\n\t<meta property=\"og:image:type\" content=\"image\/jpeg\" \/>\n<meta name=\"twitter:card\" content=\"summary_large_image\" \/>\n<meta name=\"twitter:label1\" content=\"Procijenjeno vrijeme \u010ditanja\" \/>\n\t<meta name=\"twitter:data1\" content=\"1 minuta\" \/>\n<script type=\"application\/ld+json\" class=\"yoast-schema-graph\">{\"@context\":\"https:\\\/\\\/schema.org\",\"@graph\":[{\"@type\":\"WebPage\",\"@id\":\"https:\\\/\\\/emo-shop.com\\\/hr\\\/izdelki\\\/07-l-brabantia-posuda-za-pohranu\\\/\",\"url\":\"https:\\\/\\\/emo-shop.com\\\/hr\\\/izdelki\\\/07-l-brabantia-posuda-za-pohranu\\\/\",\"name\":\"0,7 L Brabantia posuda za pohranu - Spletna trgovina s slovensko posodo - EMO ETT\",\"isPartOf\":{\"@id\":\"https:\\\/\\\/emo-shop.com\\\/hr\\\/#website\"},\"primaryImageOfPage\":{\"@id\":\"https:\\\/\\\/emo-shop.com\\\/hr\\\/izdelki\\\/07-l-brabantia-posuda-za-pohranu\\\/#primaryimage\"},\"image\":{\"@id\":\"https:\\\/\\\/emo-shop.com\\\/hr\\\/izdelki\\\/07-l-brabantia-posuda-za-pohranu\\\/#primaryimage\"},\"thumbnailUrl\":\"https:\\\/\\\/emo-shop.com\\\/wp-content\\\/uploads\\\/2025\\\/04\\\/POSODA-ZA-SHRANJEVANJE-07L.jpg\",\"datePublished\":\"2025-04-24T08:51:56+00:00\",\"dateModified\":\"2026-02-03T13:05:21+00:00\",\"breadcrumb\":{\"@id\":\"https:\\\/\\\/emo-shop.com\\\/hr\\\/izdelki\\\/07-l-brabantia-posuda-za-pohranu\\\/#breadcrumb\"},\"inLanguage\":\"hr\",\"potentialAction\":[{\"@type\":\"ReadAction\",\"target\":[\"https:\\\/\\\/emo-shop.com\\\/hr\\\/izdelki\\\/07-l-brabantia-posuda-za-pohranu\\\/\"]}]},{\"@type\":\"ImageObject\",\"inLanguage\":\"hr\",\"@id\":\"https:\\\/\\\/emo-shop.com\\\/hr\\\/izdelki\\\/07-l-brabantia-posuda-za-pohranu\\\/#primaryimage\",\"url\":\"https:\\\/\\\/emo-shop.com\\\/wp-content\\\/uploads\\\/2025\\\/04\\\/POSODA-ZA-SHRANJEVANJE-07L.jpg\",\"contentUrl\":\"https:\\\/\\\/emo-shop.com\\\/wp-content\\\/uploads\\\/2025\\\/04\\\/POSODA-ZA-SHRANJEVANJE-07L.jpg\",\"width\":952,\"height\":812},{\"@type\":\"BreadcrumbList\",\"@id\":\"https:\\\/\\\/emo-shop.com\\\/hr\\\/izdelki\\\/07-l-brabantia-posuda-za-pohranu\\\/#breadcrumb\",\"itemListElement\":[{\"@type\":\"ListItem\",\"position\":1,\"name\":\"Home\",\"item\":\"https:\\\/\\\/emo-shop.com\\\/hr\\\/\"},{\"@type\":\"ListItem\",\"position\":2,\"name\":\"Trgovina\",\"item\":\"https:\\\/\\\/emo-shop.com\\\/hr\\\/trgovina\\\/\"},{\"@type\":\"ListItem\",\"position\":3,\"name\":\"0,7 L Brabantia posuda za pohranu\"}]},{\"@type\":\"WebSite\",\"@id\":\"https:\\\/\\\/emo-shop.com\\\/hr\\\/#website\",\"url\":\"https:\\\/\\\/emo-shop.com\\\/hr\\\/\",\"name\":\"Spletna trgovina s slovensko posodo - EMO ETT\",\"description\":\"Spletna trgovina\",\"publisher\":{\"@id\":\"https:\\\/\\\/emo-shop.com\\\/hr\\\/#organization\"},\"potentialAction\":[{\"@type\":\"SearchAction\",\"target\":{\"@type\":\"EntryPoint\",\"urlTemplate\":\"https:\\\/\\\/emo-shop.com\\\/hr\\\/?s={search_term_string}\"},\"query-input\":{\"@type\":\"PropertyValueSpecification\",\"valueRequired\":true,\"valueName\":\"search_term_string\"}}],\"inLanguage\":\"hr\"},{\"@type\":\"Organization\",\"@id\":\"https:\\\/\\\/emo-shop.com\\\/hr\\\/#organization\",\"name\":\"Spletna trgovina s slovensko posodo - EMO ETT\",\"url\":\"https:\\\/\\\/emo-shop.com\\\/hr\\\/\",\"logo\":{\"@type\":\"ImageObject\",\"inLanguage\":\"hr\",\"@id\":\"https:\\\/\\\/emo-shop.com\\\/hr\\\/#\\\/schema\\\/logo\\\/image\\\/\",\"url\":\"https:\\\/\\\/emo-shop.com\\\/wp-content\\\/uploads\\\/2024\\\/07\\\/favicon.jpg\",\"contentUrl\":\"https:\\\/\\\/emo-shop.com\\\/wp-content\\\/uploads\\\/2024\\\/07\\\/favicon.jpg\",\"width\":512,\"height\":512,\"caption\":\"Spletna trgovina s slovensko posodo - EMO ETT\"},\"image\":{\"@id\":\"https:\\\/\\\/emo-shop.com\\\/hr\\\/#\\\/schema\\\/logo\\\/image\\\/\"},\"sameAs\":[\"https:\\\/\\\/www.facebook.com\\\/EMOSLOVENIA\"]}]}<\/script>\n<!-- \/ Yoast SEO plugin. -->","yoast_head_json":{"title":"0,7 L Brabantia posuda za pohranu - Spletna trgovina s slovensko posodo - EMO ETT","robots":{"index":"index","follow":"follow","max-snippet":"max-snippet:-1","max-image-preview":"max-image-preview:large","max-video-preview":"max-video-preview:-1"},"canonical":"https:\/\/emo-shop.com\/hr\/izdelki\/07-l-brabantia-posuda-za-pohranu\/","og_locale":"hr_HR","og_type":"article","og_title":"0,7 L Brabantia posuda za pohranu - Spletna trgovina s slovensko posodo - EMO ETT","og_description":"Set za ru\u010dak za van","og_url":"https:\/\/emo-shop.com\/hr\/izdelki\/07-l-brabantia-posuda-za-pohranu\/","og_site_name":"Spletna trgovina s slovensko posodo - EMO ETT","article_publisher":"https:\/\/www.facebook.com\/EMOSLOVENIA","article_modified_time":"2026-02-03T13:05:21+00:00","og_image":[{"width":952,"height":812,"url":"https:\/\/emo-shop.com\/wp-content\/uploads\/2025\/04\/POSODA-ZA-SHRANJEVANJE-07L.jpg","type":"image\/jpeg"}],"twitter_card":"summary_large_image","twitter_misc":{"Procijenjeno vrijeme \u010ditanja":"1 minuta"},"schema":{"@context":"https:\/\/schema.org","@graph":[{"@type":"WebPage","@id":"https:\/\/emo-shop.com\/hr\/izdelki\/07-l-brabantia-posuda-za-pohranu\/","url":"https:\/\/emo-shop.com\/hr\/izdelki\/07-l-brabantia-posuda-za-pohranu\/","name":"0,7 L Brabantia posuda za pohranu - Spletna trgovina s slovensko posodo - EMO ETT","isPartOf":{"@id":"https:\/\/emo-shop.com\/hr\/#website"},"primaryImageOfPage":{"@id":"https:\/\/emo-shop.com\/hr\/izdelki\/07-l-brabantia-posuda-za-pohranu\/#primaryimage"},"image":{"@id":"https:\/\/emo-shop.com\/hr\/izdelki\/07-l-brabantia-posuda-za-pohranu\/#primaryimage"},"thumbnailUrl":"https:\/\/emo-shop.com\/wp-content\/uploads\/2025\/04\/POSODA-ZA-SHRANJEVANJE-07L.jpg","datePublished":"2025-04-24T08:51:56+00:00","dateModified":"2026-02-03T13:05:21+00:00","breadcrumb":{"@id":"https:\/\/emo-shop.com\/hr\/izdelki\/07-l-brabantia-posuda-za-pohranu\/#breadcrumb"},"inLanguage":"hr","potentialAction":[{"@type":"ReadAction","target":["https:\/\/emo-shop.com\/hr\/izdelki\/07-l-brabantia-posuda-za-pohranu\/"]}]},{"@type":"ImageObject","inLanguage":"hr","@id":"https:\/\/emo-shop.com\/hr\/izdelki\/07-l-brabantia-posuda-za-pohranu\/#primaryimage","url":"https:\/\/emo-shop.com\/wp-content\/uploads\/2025\/04\/POSODA-ZA-SHRANJEVANJE-07L.jpg","contentUrl":"https:\/\/emo-shop.com\/wp-content\/uploads\/2025\/04\/POSODA-ZA-SHRANJEVANJE-07L.jpg","width":952,"height":812},{"@type":"BreadcrumbList","@id":"https:\/\/emo-shop.com\/hr\/izdelki\/07-l-brabantia-posuda-za-pohranu\/#breadcrumb","itemListElement":[{"@type":"ListItem","position":1,"name":"Home","item":"https:\/\/emo-shop.com\/hr\/"},{"@type":"ListItem","position":2,"name":"Trgovina","item":"https:\/\/emo-shop.com\/hr\/trgovina\/"},{"@type":"ListItem","position":3,"name":"0,7 L Brabantia posuda za pohranu"}]},{"@type":"WebSite","@id":"https:\/\/emo-shop.com\/hr\/#website","url":"https:\/\/emo-shop.com\/hr\/","name":"Spletna trgovina s slovensko posodo - EMO ETT","description":"Spletna trgovina","publisher":{"@id":"https:\/\/emo-shop.com\/hr\/#organization"},"potentialAction":[{"@type":"SearchAction","target":{"@type":"EntryPoint","urlTemplate":"https:\/\/emo-shop.com\/hr\/?s={search_term_string}"},"query-input":{"@type":"PropertyValueSpecification","valueRequired":true,"valueName":"search_term_string"}}],"inLanguage":"hr"},{"@type":"Organization","@id":"https:\/\/emo-shop.com\/hr\/#organization","name":"Spletna trgovina s slovensko posodo - EMO ETT","url":"https:\/\/emo-shop.com\/hr\/","logo":{"@type":"ImageObject","inLanguage":"hr","@id":"https:\/\/emo-shop.com\/hr\/#\/schema\/logo\/image\/","url":"https:\/\/emo-shop.com\/wp-content\/uploads\/2024\/07\/favicon.jpg","contentUrl":"https:\/\/emo-shop.com\/wp-content\/uploads\/2024\/07\/favicon.jpg","width":512,"height":512,"caption":"Spletna trgovina s slovensko posodo - EMO ETT"},"image":{"@id":"https:\/\/emo-shop.com\/hr\/#\/schema\/logo\/image\/"},"sameAs":["https:\/\/www.facebook.com\/EMOSLOVENIA"]}]}},"_links":{"self":[{"href":"https:\/\/emo-shop.com\/hr\/wp-json\/wp\/v2\/product\/33880","targetHints":{"allow":["GET"]}}],"collection":[{"href":"https:\/\/emo-shop.com\/hr\/wp-json\/wp\/v2\/product"}],"about":[{"href":"https:\/\/emo-shop.com\/hr\/wp-json\/wp\/v2\/types\/product"}],"replies":[{"embeddable":true,"href":"https:\/\/emo-shop.com\/hr\/wp-json\/wp\/v2\/comments?post=33880"}],"version-history":[{"count":0,"href":"https:\/\/emo-shop.com\/hr\/wp-json\/wp\/v2\/product\/33880\/revisions"}],"wp:featuredmedia":[{"embeddable":true,"href":"https:\/\/emo-shop.com\/hr\/wp-json\/wp\/v2\/media\/33881"}],"wp:attachment":[{"href":"https:\/\/emo-shop.com\/hr\/wp-json\/wp\/v2\/media?parent=33880"}],"wp:term":[{"taxonomy":"product_brand","embeddable":true,"href":"https:\/\/emo-shop.com\/hr\/wp-json\/wp\/v2\/product_brand?post=33880"},{"taxonomy":"product_cat","embeddable":true,"href":"https:\/\/emo-shop.com\/hr\/wp-json\/wp\/v2\/product_cat?post=33880"},{"taxonomy":"product_tag","embeddable":true,"href":"https:\/\/emo-shop.com\/hr\/wp-json\/wp\/v2\/product_tag?post=33880"}],"curies":[{"name":"wp","href":"https:\/\/api.w.org\/{rel}","templated":true}]}}