{"id":33849,"date":"2025-04-24T12:23:28","date_gmt":"2025-04-24T12:23:28","guid":{"rendered":"https:\/\/emo-shop.com\/izdelki\/kutija-za-pohranu-set-3-1-brabantia\/"},"modified":"2026-02-03T13:05:17","modified_gmt":"2026-02-03T13:05:17","slug":"kutija-za-pohranu-set-3-1-brabantia","status":"publish","type":"product","link":"https:\/\/emo-shop.com\/hr\/izdelki\/kutija-za-pohranu-set-3-1-brabantia\/","title":{"rendered":"Kutija za pohranu SET 3\/1 Brabantia"},"content":{"rendered":"<h3 class=\"\" data-start=\"141\" data-end=\"217\"><strong data-start=\"145\" data-end=\"215\">Brabantia set od 3 staklenih posuda koje se mogu slagati \u2013 0,3 L, 0,6 L i 1,1 L<\/strong><\/h3>\n<p class=\"\" data-start=\"218\" data-end=\"534\"><strong data-start=\"218\" data-end=\"285\">Tra\u017eite li dom za svoju tjesteninu ili svje\u017e na\u010din za pohranu zrna kave?<\/strong><br data-start=\"285\" data-end=\"288\" \/>Uredite svoju kuhinju s ovim elegantnim setom od tri <strong data-start=\"344\" data-end=\"374\">staklena spremnika koji se mogu slagati<\/strong> od Brabantia. Izra\u0111eni od visokokvalitetnog stakla sa stilskim poklopcima, funkcionalni su, izdr\u017eljivi i privla\u010dni. Savr\u0161eno rje\u0161enje za u\u0161tedu prostora!<\/p>\n<hr class=\"\" data-start=\"536\" data-end=\"539\" \/>\n<h3 class=\"\" data-start=\"145\" data-end=\"177\"><strong data-start=\"149\" data-end=\"177\">Specifikacije proizvoda<\/strong><\/h3>\n<ul data-start=\"179\" data-end=\"611\">\n<li class=\"\" data-start=\"179\" data-end=\"214\">\n<p class=\"\" data-start=\"181\" data-end=\"214\"><strong data-start=\"181\" data-end=\"205\">\u0160ifra proizvoda (SKU):<\/strong> 100550<\/p>\n<\/li>\n<li class=\"\" data-start=\"215\" data-end=\"246\">\n<p class=\"\" data-start=\"217\" data-end=\"246\"><strong data-start=\"217\" data-end=\"230\">EAN kod:<\/strong> 8710755100550<\/p>\n<\/li>\n<li class=\"\" data-start=\"283\" data-end=\"321\">\n<p class=\"\" data-start=\"285\" data-end=\"321\"><strong data-start=\"285\" data-end=\"298\">Materijal:<\/strong> Borosilikatno staklo<\/p>\n<\/li>\n<li class=\"\" data-start=\"405\" data-end=\"444\">\n<p class=\"\" data-start=\"407\" data-end=\"444\"><strong data-start=\"407\" data-end=\"439\">Perivo u perilici posu\u0111a:<\/strong> Da<\/p>\n<\/li>\n<li class=\"\" data-start=\"445\" data-end=\"465\">\n<p class=\"\" data-start=\"447\" data-end=\"465\"><strong data-start=\"447\" data-end=\"456\">Te\u017eina:<\/strong> 0,7 kg<\/p>\n<\/li>\n<li class=\"\" data-start=\"466\" data-end=\"611\">\n<p class=\"\" data-start=\"468\" data-end=\"493\"><strong data-start=\"468\" data-end=\"491\">Dimenzije seta:<\/strong><\/p>\n<ul data-start=\"496\" data-end=\"611\">\n<li class=\"\" data-start=\"496\" data-end=\"519\">\n<p class=\"\" data-start=\"498\" data-end=\"519\"><strong data-start=\"498\" data-end=\"509\">Visina:<\/strong> 20,2 cm<\/p>\n<\/li>\n<li class=\"\" data-start=\"522\" data-end=\"546\">\n<p class=\"\" data-start=\"524\" data-end=\"546\"><strong data-start=\"524\" data-end=\"536\">Duljina:<\/strong> 10,4 cm<\/p>\n<\/li>\n<li class=\"\" data-start=\"549\" data-end=\"570\">\n<p class=\"\" data-start=\"551\" data-end=\"570\"><strong data-start=\"551\" data-end=\"562\">\u0160irina:<\/strong> 21 cm<\/p>\n<\/li>\n<li class=\"\" data-start=\"573\" data-end=\"611\">\n<p class=\"\" data-start=\"575\" data-end=\"611\"><strong data-start=\"575\" data-end=\"603\">Promjer pojedina\u010dnog spremnika:<\/strong> 10,4 cm<\/p>\n<\/li>\n<\/ul>\n<\/li>\n<\/ul>\n<h3 class=\"\" data-start=\"541\" data-end=\"572\"><strong data-start=\"545\" data-end=\"572\">Prednosti i zna\u010dajke:<\/strong><\/h3>\n<ul data-start=\"574\" data-end=\"1180\">\n<li class=\"\" data-start=\"574\" data-end=\"769\">\n<p class=\"\" data-start=\"576\" data-end=\"625\">Trostruka organizacija \u2013 set sadr\u017ei 3 spremnika:<\/p>\n<ul data-start=\"628\" data-end=\"769\">\n<li class=\"\" data-start=\"628\" data-end=\"674\">\n<p class=\"\" data-start=\"630\" data-end=\"674\"><strong data-start=\"630\" data-end=\"643\">0,3 L (S)<\/strong> \u2013 idealno za ora\u0161aste plodove, sjemenke<\/p>\n<\/li>\n<li class=\"\" data-start=\"677\" data-end=\"720\">\n<p class=\"\" data-start=\"679\" data-end=\"720\"><strong data-start=\"679\" data-end=\"692\">0,6 L (M)<\/strong> \u2013 za zobenu pahuljicu, le\u0107u<\/p>\n<\/li>\n<li class=\"\" data-start=\"723\" data-end=\"769\">\n<p class=\"\" data-start=\"725\" data-end=\"769\"><strong data-start=\"725\" data-end=\"738\">1,1 L (L)<\/strong> \u2013 za ri\u017eu, \u0161e\u0107er, tjesteninu<\/p>\n<\/li>\n<\/ul>\n<\/li>\n<li class=\"\" data-start=\"770\" data-end=\"834\">\n<p class=\"\" data-start=\"772\" data-end=\"834\">Prostorno u\u010dinkovito rje\u0161enje \u2013 sklopiv i modularan dizajn<\/p>\n<\/li>\n<li class=\"\" data-start=\"835\" data-end=\"921\">\n<p class=\"\" data-start=\"837\" data-end=\"921\">Dugotrajna svje\u017eina \u2013 poklopci sa silikonskim brtvama, pogodni za suhe i mokre sadr\u017eaje<\/p>\n<\/li>\n<li class=\"\" data-start=\"922\" data-end=\"981\">\n<p class=\"\" data-start=\"924\" data-end=\"981\">Uvijek na vidiku \u2013 prozirno staklo za trenuta\u010dan pregled<\/p>\n<\/li>\n<li class=\"\" data-start=\"982\" data-end=\"1036\">\n<p class=\"\" data-start=\"984\" data-end=\"1036\">Otporan na toplinu \u2013 pogodan za mikrotalasne pe\u0107nice<\/p>\n<\/li>\n<li class=\"\" data-start=\"1037\" data-end=\"1079\">\n<p class=\"\" data-start=\"1039\" data-end=\"1079\">Higijenski \u2013 tijelo bez spojeva, bez rubova<\/p>\n<\/li>\n<li class=\"\" data-start=\"1080\" data-end=\"1132\">\n<p class=\"\" data-start=\"1082\" data-end=\"1132\">Jednostavno za \u010di\u0161\u0107enje \u2013 pogodno za perilicu posu\u0111a<\/p>\n<\/li>\n<\/ul>\n","protected":false},"excerpt":{"rendered":"<p>Kutija za pohranu SET 3\/1 Brabantia<\/p>\n","protected":false},"featured_media":33851,"comment_status":"open","ping_status":"closed","template":"","meta":[],"product_brand":[],"product_cat":[854],"product_tag":[1030,1032,858,1031,1034,1033,964],"class_list":{"0":"post-33849","1":"product","2":"type-product","3":"status-publish","4":"has-post-thumbnail","6":"product_cat-brabantia-lekue","7":"product_tag-brabantia","8":"product_tag-cuvanje-hrane","9":"product_tag-emo-celje","10":"product_tag-lekue","11":"product_tag-organizacija","12":"product_tag-skup-za-pohranu","13":"product_tag-spremnik-za-pohranu","15":"first","16":"instock","17":"taxable","18":"shipping-taxable","19":"purchasable","20":"product-type-simple"},"yoast_head":"<!-- This site is optimized with the Yoast SEO plugin v27.4 - https:\/\/yoast.com\/product\/yoast-seo-wordpress\/ -->\n<title>Kutija za pohranu SET 3\/1 Brabantia - Spletna trgovina s slovensko posodo - EMO ETT<\/title>\n<meta name=\"robots\" content=\"index, follow, max-snippet:-1, max-image-preview:large, max-video-preview:-1\" \/>\n<link rel=\"canonical\" href=\"https:\/\/emo-shop.com\/hr\/izdelki\/kutija-za-pohranu-set-3-1-brabantia\/\" \/>\n<meta property=\"og:locale\" content=\"hr_HR\" \/>\n<meta property=\"og:type\" content=\"article\" \/>\n<meta property=\"og:title\" content=\"Kutija za pohranu SET 3\/1 Brabantia - Spletna trgovina s slovensko posodo - EMO ETT\" \/>\n<meta property=\"og:description\" content=\"Kutija za pohranu SET 3\/1 Brabantia\" \/>\n<meta property=\"og:url\" content=\"https:\/\/emo-shop.com\/hr\/izdelki\/kutija-za-pohranu-set-3-1-brabantia\/\" \/>\n<meta property=\"og:site_name\" content=\"Spletna trgovina s slovensko posodo - EMO ETT\" \/>\n<meta property=\"article:publisher\" content=\"https:\/\/www.facebook.com\/EMOSLOVENIA\" \/>\n<meta property=\"article:modified_time\" content=\"2026-02-03T13:05:17+00:00\" \/>\n<meta property=\"og:image\" content=\"https:\/\/emo-shop.com\/wp-content\/uploads\/2025\/04\/DOZA-ZA-SHRANJEVANJE-SET-BRABANTIA-.jpg\" \/>\n\t<meta property=\"og:image:width\" content=\"873\" \/>\n\t<meta property=\"og:image:height\" content=\"827\" \/>\n\t<meta property=\"og:image:type\" content=\"image\/jpeg\" \/>\n<meta name=\"twitter:card\" content=\"summary_large_image\" \/>\n<meta name=\"twitter:label1\" content=\"Procijenjeno vrijeme \u010ditanja\" \/>\n\t<meta name=\"twitter:data1\" content=\"1 minuta\" \/>\n<script type=\"application\/ld+json\" class=\"yoast-schema-graph\">{\"@context\":\"https:\\\/\\\/schema.org\",\"@graph\":[{\"@type\":\"WebPage\",\"@id\":\"https:\\\/\\\/emo-shop.com\\\/hr\\\/izdelki\\\/kutija-za-pohranu-set-3-1-brabantia\\\/\",\"url\":\"https:\\\/\\\/emo-shop.com\\\/hr\\\/izdelki\\\/kutija-za-pohranu-set-3-1-brabantia\\\/\",\"name\":\"Kutija za pohranu SET 3\\\/1 Brabantia - Spletna trgovina s slovensko posodo - EMO ETT\",\"isPartOf\":{\"@id\":\"https:\\\/\\\/emo-shop.com\\\/hr\\\/#website\"},\"primaryImageOfPage\":{\"@id\":\"https:\\\/\\\/emo-shop.com\\\/hr\\\/izdelki\\\/kutija-za-pohranu-set-3-1-brabantia\\\/#primaryimage\"},\"image\":{\"@id\":\"https:\\\/\\\/emo-shop.com\\\/hr\\\/izdelki\\\/kutija-za-pohranu-set-3-1-brabantia\\\/#primaryimage\"},\"thumbnailUrl\":\"https:\\\/\\\/emo-shop.com\\\/wp-content\\\/uploads\\\/2025\\\/04\\\/DOZA-ZA-SHRANJEVANJE-SET-BRABANTIA-.jpg\",\"datePublished\":\"2025-04-24T12:23:28+00:00\",\"dateModified\":\"2026-02-03T13:05:17+00:00\",\"breadcrumb\":{\"@id\":\"https:\\\/\\\/emo-shop.com\\\/hr\\\/izdelki\\\/kutija-za-pohranu-set-3-1-brabantia\\\/#breadcrumb\"},\"inLanguage\":\"hr\",\"potentialAction\":[{\"@type\":\"ReadAction\",\"target\":[\"https:\\\/\\\/emo-shop.com\\\/hr\\\/izdelki\\\/kutija-za-pohranu-set-3-1-brabantia\\\/\"]}]},{\"@type\":\"ImageObject\",\"inLanguage\":\"hr\",\"@id\":\"https:\\\/\\\/emo-shop.com\\\/hr\\\/izdelki\\\/kutija-za-pohranu-set-3-1-brabantia\\\/#primaryimage\",\"url\":\"https:\\\/\\\/emo-shop.com\\\/wp-content\\\/uploads\\\/2025\\\/04\\\/DOZA-ZA-SHRANJEVANJE-SET-BRABANTIA-.jpg\",\"contentUrl\":\"https:\\\/\\\/emo-shop.com\\\/wp-content\\\/uploads\\\/2025\\\/04\\\/DOZA-ZA-SHRANJEVANJE-SET-BRABANTIA-.jpg\",\"width\":873,\"height\":827},{\"@type\":\"BreadcrumbList\",\"@id\":\"https:\\\/\\\/emo-shop.com\\\/hr\\\/izdelki\\\/kutija-za-pohranu-set-3-1-brabantia\\\/#breadcrumb\",\"itemListElement\":[{\"@type\":\"ListItem\",\"position\":1,\"name\":\"Home\",\"item\":\"https:\\\/\\\/emo-shop.com\\\/hr\\\/\"},{\"@type\":\"ListItem\",\"position\":2,\"name\":\"Trgovina\",\"item\":\"https:\\\/\\\/emo-shop.com\\\/hr\\\/trgovina\\\/\"},{\"@type\":\"ListItem\",\"position\":3,\"name\":\"Kutija za pohranu SET 3\\\/1 Brabantia\"}]},{\"@type\":\"WebSite\",\"@id\":\"https:\\\/\\\/emo-shop.com\\\/hr\\\/#website\",\"url\":\"https:\\\/\\\/emo-shop.com\\\/hr\\\/\",\"name\":\"Spletna trgovina s slovensko posodo - EMO ETT\",\"description\":\"Spletna trgovina\",\"publisher\":{\"@id\":\"https:\\\/\\\/emo-shop.com\\\/hr\\\/#organization\"},\"potentialAction\":[{\"@type\":\"SearchAction\",\"target\":{\"@type\":\"EntryPoint\",\"urlTemplate\":\"https:\\\/\\\/emo-shop.com\\\/hr\\\/?s={search_term_string}\"},\"query-input\":{\"@type\":\"PropertyValueSpecification\",\"valueRequired\":true,\"valueName\":\"search_term_string\"}}],\"inLanguage\":\"hr\"},{\"@type\":\"Organization\",\"@id\":\"https:\\\/\\\/emo-shop.com\\\/hr\\\/#organization\",\"name\":\"Spletna trgovina s slovensko posodo - EMO ETT\",\"url\":\"https:\\\/\\\/emo-shop.com\\\/hr\\\/\",\"logo\":{\"@type\":\"ImageObject\",\"inLanguage\":\"hr\",\"@id\":\"https:\\\/\\\/emo-shop.com\\\/hr\\\/#\\\/schema\\\/logo\\\/image\\\/\",\"url\":\"https:\\\/\\\/emo-shop.com\\\/wp-content\\\/uploads\\\/2024\\\/07\\\/favicon.jpg\",\"contentUrl\":\"https:\\\/\\\/emo-shop.com\\\/wp-content\\\/uploads\\\/2024\\\/07\\\/favicon.jpg\",\"width\":512,\"height\":512,\"caption\":\"Spletna trgovina s slovensko posodo - EMO ETT\"},\"image\":{\"@id\":\"https:\\\/\\\/emo-shop.com\\\/hr\\\/#\\\/schema\\\/logo\\\/image\\\/\"},\"sameAs\":[\"https:\\\/\\\/www.facebook.com\\\/EMOSLOVENIA\"]}]}<\/script>\n<!-- \/ Yoast SEO plugin. -->","yoast_head_json":{"title":"Kutija za pohranu SET 3\/1 Brabantia - Spletna trgovina s slovensko posodo - EMO ETT","robots":{"index":"index","follow":"follow","max-snippet":"max-snippet:-1","max-image-preview":"max-image-preview:large","max-video-preview":"max-video-preview:-1"},"canonical":"https:\/\/emo-shop.com\/hr\/izdelki\/kutija-za-pohranu-set-3-1-brabantia\/","og_locale":"hr_HR","og_type":"article","og_title":"Kutija za pohranu SET 3\/1 Brabantia - Spletna trgovina s slovensko posodo - EMO ETT","og_description":"Kutija za pohranu SET 3\/1 Brabantia","og_url":"https:\/\/emo-shop.com\/hr\/izdelki\/kutija-za-pohranu-set-3-1-brabantia\/","og_site_name":"Spletna trgovina s slovensko posodo - EMO ETT","article_publisher":"https:\/\/www.facebook.com\/EMOSLOVENIA","article_modified_time":"2026-02-03T13:05:17+00:00","og_image":[{"width":873,"height":827,"url":"https:\/\/emo-shop.com\/wp-content\/uploads\/2025\/04\/DOZA-ZA-SHRANJEVANJE-SET-BRABANTIA-.jpg","type":"image\/jpeg"}],"twitter_card":"summary_large_image","twitter_misc":{"Procijenjeno vrijeme \u010ditanja":"1 minuta"},"schema":{"@context":"https:\/\/schema.org","@graph":[{"@type":"WebPage","@id":"https:\/\/emo-shop.com\/hr\/izdelki\/kutija-za-pohranu-set-3-1-brabantia\/","url":"https:\/\/emo-shop.com\/hr\/izdelki\/kutija-za-pohranu-set-3-1-brabantia\/","name":"Kutija za pohranu SET 3\/1 Brabantia - Spletna trgovina s slovensko posodo - EMO ETT","isPartOf":{"@id":"https:\/\/emo-shop.com\/hr\/#website"},"primaryImageOfPage":{"@id":"https:\/\/emo-shop.com\/hr\/izdelki\/kutija-za-pohranu-set-3-1-brabantia\/#primaryimage"},"image":{"@id":"https:\/\/emo-shop.com\/hr\/izdelki\/kutija-za-pohranu-set-3-1-brabantia\/#primaryimage"},"thumbnailUrl":"https:\/\/emo-shop.com\/wp-content\/uploads\/2025\/04\/DOZA-ZA-SHRANJEVANJE-SET-BRABANTIA-.jpg","datePublished":"2025-04-24T12:23:28+00:00","dateModified":"2026-02-03T13:05:17+00:00","breadcrumb":{"@id":"https:\/\/emo-shop.com\/hr\/izdelki\/kutija-za-pohranu-set-3-1-brabantia\/#breadcrumb"},"inLanguage":"hr","potentialAction":[{"@type":"ReadAction","target":["https:\/\/emo-shop.com\/hr\/izdelki\/kutija-za-pohranu-set-3-1-brabantia\/"]}]},{"@type":"ImageObject","inLanguage":"hr","@id":"https:\/\/emo-shop.com\/hr\/izdelki\/kutija-za-pohranu-set-3-1-brabantia\/#primaryimage","url":"https:\/\/emo-shop.com\/wp-content\/uploads\/2025\/04\/DOZA-ZA-SHRANJEVANJE-SET-BRABANTIA-.jpg","contentUrl":"https:\/\/emo-shop.com\/wp-content\/uploads\/2025\/04\/DOZA-ZA-SHRANJEVANJE-SET-BRABANTIA-.jpg","width":873,"height":827},{"@type":"BreadcrumbList","@id":"https:\/\/emo-shop.com\/hr\/izdelki\/kutija-za-pohranu-set-3-1-brabantia\/#breadcrumb","itemListElement":[{"@type":"ListItem","position":1,"name":"Home","item":"https:\/\/emo-shop.com\/hr\/"},{"@type":"ListItem","position":2,"name":"Trgovina","item":"https:\/\/emo-shop.com\/hr\/trgovina\/"},{"@type":"ListItem","position":3,"name":"Kutija za pohranu SET 3\/1 Brabantia"}]},{"@type":"WebSite","@id":"https:\/\/emo-shop.com\/hr\/#website","url":"https:\/\/emo-shop.com\/hr\/","name":"Spletna trgovina s slovensko posodo - EMO ETT","description":"Spletna trgovina","publisher":{"@id":"https:\/\/emo-shop.com\/hr\/#organization"},"potentialAction":[{"@type":"SearchAction","target":{"@type":"EntryPoint","urlTemplate":"https:\/\/emo-shop.com\/hr\/?s={search_term_string}"},"query-input":{"@type":"PropertyValueSpecification","valueRequired":true,"valueName":"search_term_string"}}],"inLanguage":"hr"},{"@type":"Organization","@id":"https:\/\/emo-shop.com\/hr\/#organization","name":"Spletna trgovina s slovensko posodo - EMO ETT","url":"https:\/\/emo-shop.com\/hr\/","logo":{"@type":"ImageObject","inLanguage":"hr","@id":"https:\/\/emo-shop.com\/hr\/#\/schema\/logo\/image\/","url":"https:\/\/emo-shop.com\/wp-content\/uploads\/2024\/07\/favicon.jpg","contentUrl":"https:\/\/emo-shop.com\/wp-content\/uploads\/2024\/07\/favicon.jpg","width":512,"height":512,"caption":"Spletna trgovina s slovensko posodo - EMO ETT"},"image":{"@id":"https:\/\/emo-shop.com\/hr\/#\/schema\/logo\/image\/"},"sameAs":["https:\/\/www.facebook.com\/EMOSLOVENIA"]}]}},"_links":{"self":[{"href":"https:\/\/emo-shop.com\/hr\/wp-json\/wp\/v2\/product\/33849","targetHints":{"allow":["GET"]}}],"collection":[{"href":"https:\/\/emo-shop.com\/hr\/wp-json\/wp\/v2\/product"}],"about":[{"href":"https:\/\/emo-shop.com\/hr\/wp-json\/wp\/v2\/types\/product"}],"replies":[{"embeddable":true,"href":"https:\/\/emo-shop.com\/hr\/wp-json\/wp\/v2\/comments?post=33849"}],"version-history":[{"count":0,"href":"https:\/\/emo-shop.com\/hr\/wp-json\/wp\/v2\/product\/33849\/revisions"}],"wp:featuredmedia":[{"embeddable":true,"href":"https:\/\/emo-shop.com\/hr\/wp-json\/wp\/v2\/media\/33851"}],"wp:attachment":[{"href":"https:\/\/emo-shop.com\/hr\/wp-json\/wp\/v2\/media?parent=33849"}],"wp:term":[{"taxonomy":"product_brand","embeddable":true,"href":"https:\/\/emo-shop.com\/hr\/wp-json\/wp\/v2\/product_brand?post=33849"},{"taxonomy":"product_cat","embeddable":true,"href":"https:\/\/emo-shop.com\/hr\/wp-json\/wp\/v2\/product_cat?post=33849"},{"taxonomy":"product_tag","embeddable":true,"href":"https:\/\/emo-shop.com\/hr\/wp-json\/wp\/v2\/product_tag?post=33849"}],"curies":[{"name":"wp","href":"https:\/\/api.w.org\/{rel}","templated":true}]}}