{"id":33793,"date":"2025-09-24T08:55:18","date_gmt":"2025-09-24T08:55:18","guid":{"rendered":"https:\/\/emo-shop.com\/izdelki\/djecji-set-fant\/"},"modified":"2026-02-03T13:05:07","modified_gmt":"2026-02-03T13:05:07","slug":"djecji-set-fant","status":"publish","type":"product","link":"https:\/\/emo-shop.com\/hr\/izdelki\/djecji-set-fant\/","title":{"rendered":"Dje\u010dji set Fant"},"content":{"rendered":"<p data-start=\"0\" data-end=\"89\">Dje\u010dji set emajliranog posu\u0111a dizajniran je posebno za potrebe na\u0161ih najmla\u0111ih. Set uklju\u010duje:<\/p>\n<ul data-start=\"91\" data-end=\"209\">\n<li data-start=\"91\" data-end=\"128\">\n<p data-start=\"93\" data-end=\"128\">duboku zdjelu <strong data-start=\"109\" data-end=\"126\">dimenzija 22,0 \u00d7 4,0 cm<\/strong><\/p>\n<\/li>\n<li data-start=\"129\" data-end=\"157\">\n<p data-start=\"131\" data-end=\"157\">plitka tanjura <strong data-start=\"146\" data-end=\"155\">20 cm<\/strong><\/p>\n<\/li>\n<li data-start=\"158\" data-end=\"209\">\n<p data-start=\"160\" data-end=\"209\">lonac <strong data-start=\"167\" data-end=\"183\">8,0 \u00d7 7,0 cm<\/strong>, zapremnina <strong data-start=\"197\" data-end=\"207\">0,37 l<\/strong><\/p>\n<\/li>\n<\/ul>\n<p data-start=\"211\" data-end=\"480\">Emajlirani posu\u0111i za<strong data-start=\"232\" data-end=\"267\"> kuhanje najzdraviji<\/strong> je <strong data-start=\"232\" data-end=\"267\">izbor<\/strong> za djecu jer ne otpu\u0161ta \u0161tetne tvari, potpuno je <strong data-start=\"325\" data-end=\"349\">higijensko<\/strong> i ne nakupljaju se bakterije. Glatka povr\u0161ina omogu\u0107uje brzo i jednostavno \u010di\u0161\u0107enje, a posu\u0111e je sigurno za pranje u perilici posu\u0111a.<\/p>\n<p data-start=\"482\" data-end=\"699\">Set je lagan, prakti\u010dan i izdr\u017eljiv, \u0161to ga \u010dini izvrsnim izborom za dje\u010dje svakodnevne obroke kod ku\u0107e, u vrti\u0107u ili na putovanjima. Posu\u0111e se tako\u0111er mo\u017ee koristiti za <strong data-start=\"639\" data-end=\"659\">podgrijavanje hrane<\/strong> u pokretu, \u0161to ga \u010dini jo\u0161 prakti\u010dnijim.<\/p>\n","protected":false},"excerpt":{"rendered":"<p>Dje\u010dji set emajliranog posu\u0111a dizajniran je posebno za potrebe na\u0161ih najmla\u0111ih. Set uklju\u010duje: duboku zdjelu dimenzija 22,0 \u00d7 4,0 cm<\/p>\n","protected":false},"featured_media":33794,"comment_status":"open","ping_status":"closed","template":"","meta":[],"product_brand":[],"product_cat":[792,791,925],"product_tag":[1018,1011,1015,1012,1013,798,1010,860,1016,1014,1019,1017],"class_list":{"0":"post-33793","1":"product","2":"type-product","3":"status-publish","4":"has-post-thumbnail","6":"product_cat-izabrano-za-vas","7":"product_cat-ostalo","8":"product_cat-setovi-posuda","9":"product_tag-djecji-blagovaonski-set","10":"product_tag-djecji-nose","11":"product_tag-djecji-pribor-za-jelo","12":"product_tag-djecji-set","13":"product_tag-djecji-tanjur","14":"product_tag-emajlirano-posude","15":"product_tag-izdrzljiv-spremnik","16":"product_tag-odrzivo-posude","17":"product_tag-posuda-za-zagrijavanje-hrane","18":"product_tag-posude-za-zdravlje","19":"product_tag-sigurna-posuda-za-djecu","20":"product_tag-siguro-za-perilicu-posuda","22":"first","23":"instock","24":"taxable","25":"shipping-taxable","26":"purchasable","27":"product-type-simple"},"yoast_head":"<!-- This site is optimized with the Yoast SEO plugin v27.4 - https:\/\/yoast.com\/product\/yoast-seo-wordpress\/ -->\n<title>Dje\u010dji set Fant - Spletna trgovina s slovensko posodo - EMO ETT<\/title>\n<meta name=\"robots\" content=\"index, follow, max-snippet:-1, max-image-preview:large, max-video-preview:-1\" \/>\n<link rel=\"canonical\" href=\"https:\/\/emo-shop.com\/hr\/izdelki\/djecji-set-fant\/\" \/>\n<meta property=\"og:locale\" content=\"hr_HR\" \/>\n<meta property=\"og:type\" content=\"article\" \/>\n<meta property=\"og:title\" content=\"Dje\u010dji set Fant - Spletna trgovina s slovensko posodo - EMO ETT\" \/>\n<meta property=\"og:description\" content=\"Dje\u010dji set emajliranog posu\u0111a dizajniran je posebno za potrebe na\u0161ih najmla\u0111ih. Set uklju\u010duje: duboku zdjelu dimenzija 22,0 \u00d7 4,0 cm\" \/>\n<meta property=\"og:url\" content=\"https:\/\/emo-shop.com\/hr\/izdelki\/djecji-set-fant\/\" \/>\n<meta property=\"og:site_name\" content=\"Spletna trgovina s slovensko posodo - EMO ETT\" \/>\n<meta property=\"article:publisher\" content=\"https:\/\/www.facebook.com\/EMOSLOVENIA\" \/>\n<meta property=\"article:modified_time\" content=\"2026-02-03T13:05:07+00:00\" \/>\n<meta property=\"og:image\" content=\"https:\/\/emo-shop.com\/wp-content\/uploads\/2025\/09\/komplet-rakun.jpg\" \/>\n\t<meta property=\"og:image:width\" content=\"1000\" \/>\n\t<meta property=\"og:image:height\" content=\"500\" \/>\n\t<meta property=\"og:image:type\" content=\"image\/jpeg\" \/>\n<meta name=\"twitter:card\" content=\"summary_large_image\" \/>\n<meta name=\"twitter:label1\" content=\"Procijenjeno vrijeme \u010ditanja\" \/>\n\t<meta name=\"twitter:data1\" content=\"1 minuta\" \/>\n<script type=\"application\/ld+json\" class=\"yoast-schema-graph\">{\"@context\":\"https:\\\/\\\/schema.org\",\"@graph\":[{\"@type\":\"WebPage\",\"@id\":\"https:\\\/\\\/emo-shop.com\\\/hr\\\/izdelki\\\/djecji-set-fant\\\/\",\"url\":\"https:\\\/\\\/emo-shop.com\\\/hr\\\/izdelki\\\/djecji-set-fant\\\/\",\"name\":\"Dje\u010dji set Fant - Spletna trgovina s slovensko posodo - EMO ETT\",\"isPartOf\":{\"@id\":\"https:\\\/\\\/emo-shop.com\\\/hr\\\/#website\"},\"primaryImageOfPage\":{\"@id\":\"https:\\\/\\\/emo-shop.com\\\/hr\\\/izdelki\\\/djecji-set-fant\\\/#primaryimage\"},\"image\":{\"@id\":\"https:\\\/\\\/emo-shop.com\\\/hr\\\/izdelki\\\/djecji-set-fant\\\/#primaryimage\"},\"thumbnailUrl\":\"https:\\\/\\\/emo-shop.com\\\/wp-content\\\/uploads\\\/2025\\\/09\\\/komplet-rakun.jpg\",\"datePublished\":\"2025-09-24T08:55:18+00:00\",\"dateModified\":\"2026-02-03T13:05:07+00:00\",\"breadcrumb\":{\"@id\":\"https:\\\/\\\/emo-shop.com\\\/hr\\\/izdelki\\\/djecji-set-fant\\\/#breadcrumb\"},\"inLanguage\":\"hr\",\"potentialAction\":[{\"@type\":\"ReadAction\",\"target\":[\"https:\\\/\\\/emo-shop.com\\\/hr\\\/izdelki\\\/djecji-set-fant\\\/\"]}]},{\"@type\":\"ImageObject\",\"inLanguage\":\"hr\",\"@id\":\"https:\\\/\\\/emo-shop.com\\\/hr\\\/izdelki\\\/djecji-set-fant\\\/#primaryimage\",\"url\":\"https:\\\/\\\/emo-shop.com\\\/wp-content\\\/uploads\\\/2025\\\/09\\\/komplet-rakun.jpg\",\"contentUrl\":\"https:\\\/\\\/emo-shop.com\\\/wp-content\\\/uploads\\\/2025\\\/09\\\/komplet-rakun.jpg\",\"width\":1000,\"height\":500},{\"@type\":\"BreadcrumbList\",\"@id\":\"https:\\\/\\\/emo-shop.com\\\/hr\\\/izdelki\\\/djecji-set-fant\\\/#breadcrumb\",\"itemListElement\":[{\"@type\":\"ListItem\",\"position\":1,\"name\":\"Home\",\"item\":\"https:\\\/\\\/emo-shop.com\\\/hr\\\/\"},{\"@type\":\"ListItem\",\"position\":2,\"name\":\"Trgovina\",\"item\":\"https:\\\/\\\/emo-shop.com\\\/hr\\\/trgovina\\\/\"},{\"@type\":\"ListItem\",\"position\":3,\"name\":\"Dje\u010dji set Fant\"}]},{\"@type\":\"WebSite\",\"@id\":\"https:\\\/\\\/emo-shop.com\\\/hr\\\/#website\",\"url\":\"https:\\\/\\\/emo-shop.com\\\/hr\\\/\",\"name\":\"Spletna trgovina s slovensko posodo - EMO ETT\",\"description\":\"Spletna trgovina\",\"publisher\":{\"@id\":\"https:\\\/\\\/emo-shop.com\\\/hr\\\/#organization\"},\"potentialAction\":[{\"@type\":\"SearchAction\",\"target\":{\"@type\":\"EntryPoint\",\"urlTemplate\":\"https:\\\/\\\/emo-shop.com\\\/hr\\\/?s={search_term_string}\"},\"query-input\":{\"@type\":\"PropertyValueSpecification\",\"valueRequired\":true,\"valueName\":\"search_term_string\"}}],\"inLanguage\":\"hr\"},{\"@type\":\"Organization\",\"@id\":\"https:\\\/\\\/emo-shop.com\\\/hr\\\/#organization\",\"name\":\"Spletna trgovina s slovensko posodo - EMO ETT\",\"url\":\"https:\\\/\\\/emo-shop.com\\\/hr\\\/\",\"logo\":{\"@type\":\"ImageObject\",\"inLanguage\":\"hr\",\"@id\":\"https:\\\/\\\/emo-shop.com\\\/hr\\\/#\\\/schema\\\/logo\\\/image\\\/\",\"url\":\"https:\\\/\\\/emo-shop.com\\\/wp-content\\\/uploads\\\/2024\\\/07\\\/favicon.jpg\",\"contentUrl\":\"https:\\\/\\\/emo-shop.com\\\/wp-content\\\/uploads\\\/2024\\\/07\\\/favicon.jpg\",\"width\":512,\"height\":512,\"caption\":\"Spletna trgovina s slovensko posodo - EMO ETT\"},\"image\":{\"@id\":\"https:\\\/\\\/emo-shop.com\\\/hr\\\/#\\\/schema\\\/logo\\\/image\\\/\"},\"sameAs\":[\"https:\\\/\\\/www.facebook.com\\\/EMOSLOVENIA\"]}]}<\/script>\n<!-- \/ Yoast SEO plugin. -->","yoast_head_json":{"title":"Dje\u010dji set Fant - Spletna trgovina s slovensko posodo - EMO ETT","robots":{"index":"index","follow":"follow","max-snippet":"max-snippet:-1","max-image-preview":"max-image-preview:large","max-video-preview":"max-video-preview:-1"},"canonical":"https:\/\/emo-shop.com\/hr\/izdelki\/djecji-set-fant\/","og_locale":"hr_HR","og_type":"article","og_title":"Dje\u010dji set Fant - Spletna trgovina s slovensko posodo - EMO ETT","og_description":"Dje\u010dji set emajliranog posu\u0111a dizajniran je posebno za potrebe na\u0161ih najmla\u0111ih. Set uklju\u010duje: duboku zdjelu dimenzija 22,0 \u00d7 4,0 cm","og_url":"https:\/\/emo-shop.com\/hr\/izdelki\/djecji-set-fant\/","og_site_name":"Spletna trgovina s slovensko posodo - EMO ETT","article_publisher":"https:\/\/www.facebook.com\/EMOSLOVENIA","article_modified_time":"2026-02-03T13:05:07+00:00","og_image":[{"width":1000,"height":500,"url":"https:\/\/emo-shop.com\/wp-content\/uploads\/2025\/09\/komplet-rakun.jpg","type":"image\/jpeg"}],"twitter_card":"summary_large_image","twitter_misc":{"Procijenjeno vrijeme \u010ditanja":"1 minuta"},"schema":{"@context":"https:\/\/schema.org","@graph":[{"@type":"WebPage","@id":"https:\/\/emo-shop.com\/hr\/izdelki\/djecji-set-fant\/","url":"https:\/\/emo-shop.com\/hr\/izdelki\/djecji-set-fant\/","name":"Dje\u010dji set Fant - Spletna trgovina s slovensko posodo - EMO ETT","isPartOf":{"@id":"https:\/\/emo-shop.com\/hr\/#website"},"primaryImageOfPage":{"@id":"https:\/\/emo-shop.com\/hr\/izdelki\/djecji-set-fant\/#primaryimage"},"image":{"@id":"https:\/\/emo-shop.com\/hr\/izdelki\/djecji-set-fant\/#primaryimage"},"thumbnailUrl":"https:\/\/emo-shop.com\/wp-content\/uploads\/2025\/09\/komplet-rakun.jpg","datePublished":"2025-09-24T08:55:18+00:00","dateModified":"2026-02-03T13:05:07+00:00","breadcrumb":{"@id":"https:\/\/emo-shop.com\/hr\/izdelki\/djecji-set-fant\/#breadcrumb"},"inLanguage":"hr","potentialAction":[{"@type":"ReadAction","target":["https:\/\/emo-shop.com\/hr\/izdelki\/djecji-set-fant\/"]}]},{"@type":"ImageObject","inLanguage":"hr","@id":"https:\/\/emo-shop.com\/hr\/izdelki\/djecji-set-fant\/#primaryimage","url":"https:\/\/emo-shop.com\/wp-content\/uploads\/2025\/09\/komplet-rakun.jpg","contentUrl":"https:\/\/emo-shop.com\/wp-content\/uploads\/2025\/09\/komplet-rakun.jpg","width":1000,"height":500},{"@type":"BreadcrumbList","@id":"https:\/\/emo-shop.com\/hr\/izdelki\/djecji-set-fant\/#breadcrumb","itemListElement":[{"@type":"ListItem","position":1,"name":"Home","item":"https:\/\/emo-shop.com\/hr\/"},{"@type":"ListItem","position":2,"name":"Trgovina","item":"https:\/\/emo-shop.com\/hr\/trgovina\/"},{"@type":"ListItem","position":3,"name":"Dje\u010dji set Fant"}]},{"@type":"WebSite","@id":"https:\/\/emo-shop.com\/hr\/#website","url":"https:\/\/emo-shop.com\/hr\/","name":"Spletna trgovina s slovensko posodo - EMO ETT","description":"Spletna trgovina","publisher":{"@id":"https:\/\/emo-shop.com\/hr\/#organization"},"potentialAction":[{"@type":"SearchAction","target":{"@type":"EntryPoint","urlTemplate":"https:\/\/emo-shop.com\/hr\/?s={search_term_string}"},"query-input":{"@type":"PropertyValueSpecification","valueRequired":true,"valueName":"search_term_string"}}],"inLanguage":"hr"},{"@type":"Organization","@id":"https:\/\/emo-shop.com\/hr\/#organization","name":"Spletna trgovina s slovensko posodo - EMO ETT","url":"https:\/\/emo-shop.com\/hr\/","logo":{"@type":"ImageObject","inLanguage":"hr","@id":"https:\/\/emo-shop.com\/hr\/#\/schema\/logo\/image\/","url":"https:\/\/emo-shop.com\/wp-content\/uploads\/2024\/07\/favicon.jpg","contentUrl":"https:\/\/emo-shop.com\/wp-content\/uploads\/2024\/07\/favicon.jpg","width":512,"height":512,"caption":"Spletna trgovina s slovensko posodo - EMO ETT"},"image":{"@id":"https:\/\/emo-shop.com\/hr\/#\/schema\/logo\/image\/"},"sameAs":["https:\/\/www.facebook.com\/EMOSLOVENIA"]}]}},"_links":{"self":[{"href":"https:\/\/emo-shop.com\/hr\/wp-json\/wp\/v2\/product\/33793","targetHints":{"allow":["GET"]}}],"collection":[{"href":"https:\/\/emo-shop.com\/hr\/wp-json\/wp\/v2\/product"}],"about":[{"href":"https:\/\/emo-shop.com\/hr\/wp-json\/wp\/v2\/types\/product"}],"replies":[{"embeddable":true,"href":"https:\/\/emo-shop.com\/hr\/wp-json\/wp\/v2\/comments?post=33793"}],"version-history":[{"count":0,"href":"https:\/\/emo-shop.com\/hr\/wp-json\/wp\/v2\/product\/33793\/revisions"}],"wp:featuredmedia":[{"embeddable":true,"href":"https:\/\/emo-shop.com\/hr\/wp-json\/wp\/v2\/media\/33794"}],"wp:attachment":[{"href":"https:\/\/emo-shop.com\/hr\/wp-json\/wp\/v2\/media?parent=33793"}],"wp:term":[{"taxonomy":"product_brand","embeddable":true,"href":"https:\/\/emo-shop.com\/hr\/wp-json\/wp\/v2\/product_brand?post=33793"},{"taxonomy":"product_cat","embeddable":true,"href":"https:\/\/emo-shop.com\/hr\/wp-json\/wp\/v2\/product_cat?post=33793"},{"taxonomy":"product_tag","embeddable":true,"href":"https:\/\/emo-shop.com\/hr\/wp-json\/wp\/v2\/product_tag?post=33793"}],"curies":[{"name":"wp","href":"https:\/\/api.w.org\/{rel}","templated":true}]}}