{"id":33789,"date":"2025-11-04T06:39:52","date_gmt":"2025-11-04T06:39:52","guid":{"rendered":"https:\/\/emo-shop.com\/izdelki\/crna-posuda-za-kavu-07-l-slovenia-cipka\/"},"modified":"2026-02-10T10:29:41","modified_gmt":"2026-02-10T10:29:41","slug":"crna-dzezva-07-l-slovenia-cipka","status":"publish","type":"product","link":"https:\/\/emo-shop.com\/hr\/izdelki\/crna-dzezva-07-l-slovenia-cipka\/","title":{"rendered":"Crna d\u017eezva 0,7 l &quot;SLOVENIA \u010cIPKA&quot;"},"content":{"rendered":"<table class=\"woocommerce-product-attributes shop_attributes\" style=\"height: 109px;\" width=\"380\" aria-label=\"Product Details\">\n<tbody>\n<tr class=\"woocommerce-product-attributes-item woocommerce-product-attributes-item--weight\">\n<th class=\"woocommerce-product-attributes-item__label\" scope=\"row\">Te\u017eina<\/th>\n<td class=\"woocommerce-product-attributes-item__value\" data-o_content=\"Ni na voljo\">0,24 kg<\/td>\n<\/tr>\n<tr class=\"woocommerce-product-attributes-item woocommerce-product-attributes-item--dimensions\">\n<th class=\"woocommerce-product-attributes-item__label\" scope=\"row\">Dimenzije<\/th>\n<td class=\"woocommerce-product-attributes-item__value\" data-o_content=\"Ni na voljo\">8.0 \u00d7 10.0 cm<\/td>\n<\/tr>\n<\/tbody>\n<\/table>\n<p data-start=\"66\" data-end=\"137\"><strong data-start=\"66\" data-end=\"135\">Crna emajlirana moka EMO Celje \u2013 &#8220;Gdje je ljubav, tamo je dom&#8221;<\/strong><\/p>\n<p data-start=\"139\" data-end=\"571\">Ova elegantna crna moka kuhinja s bijelim motivom idrijske \u010dipke i toplim natpisom <em data-start=\"210\" data-end=\"242\">&#8220;Gdje je ljubav, tu je dom&#8221;<\/em> spaja tradiciju i modernu estetiku. Izra\u0111ena je od visokokvalitetnog emajliranog lima i pogodna je za sve vrste \u0161tednjaka, uklju\u010duju\u0107i indukciju.<br data-start=\"384\" data-end=\"387\" \/>Otporna je na visoke temperature, jednostavna za \u010di\u0161\u0107enje i savr\u0161ena za pripremu mirisne turske kave.<br data-start=\"482\" data-end=\"485\" \/>Kava-d\u017eib EMO Celje \u2013 komad slovenske ba\u0161tine koji unosi toplinu i eleganciju u svaki dom.<\/p>\n<p>Jeste li znali? EMO POSODA ZA DOM IN GOSTINSTVO nudi:<\/p>\n<p>Zdravo emajlirano posu\u0111e: Visokokvalitetno emajlirano posu\u0111e, idealno za pripremu va\u0161ih omiljenih jela.<\/p>\n<p>Pogodno za sve plo\u010de za kuhanje: Pogodno za razli\u010dite vrste plo\u010da za kuhanje, uklju\u010duju\u0107i indukcijske plo\u010de.<\/p>\n<p>Pogodno za alergi\u010dare: Bez nikla, tako\u0111er pogodno za osobe s alergijama.<\/p>\n<p>Potpuno higijenski: 100 % higijenski besprijekoran posu\u0111e, jednostavno za \u010di\u0161\u0107enje i odr\u017eavanje.<\/p>\n<p>Bez \u0161tetnih premaza: Brinemo o va\u0161em zdravlju \u2013 tijekom zagrijavanja ne otpu\u0161taju se \u0161tetne tvari.<\/p>\n<p>Ponosno slovensko: Proizvod slovenske proizvodnje, emajlirani posu\u0111e iz slovenske tvornice. Otkrijte eleganciju i zdravlje u jednom.<\/p>\n<p>EMO POSU\u0110E \u2013 Za ukusne obroke bez kompromisa.<\/p>\n","protected":false},"excerpt":{"rendered":"<p>&#8220;Gdje je ljubav, tamo je dom&#8221; crna posuda za kavu 0,7 l<\/p>\n","protected":false},"featured_media":33792,"comment_status":"open","ping_status":"closed","template":"","meta":[],"product_brand":[],"product_cat":[891,910],"product_tag":[1008,953,795,982,859,980,978,1009,979],"class_list":{"0":"post-33789","1":"product","2":"type-product","3":"status-publish","4":"has-post-thumbnail","6":"product_cat-dzezve","7":"product_cat-emajlirane-dzezve-s-motivom","8":"product_tag-dar","9":"product_tag-emajlirani-lonac","10":"product_tag-emo-celje-posude","11":"product_tag-kava","12":"product_tag-kuhinjski-pribor","13":"product_tag-kvaliteta-slovenske-proizvodnje","14":"product_tag-posude-za-indukciju","15":"product_tag-slovenija","16":"product_tag-vintage-retro-dizajn","18":"first","19":"instock","20":"taxable","21":"shipping-taxable","22":"purchasable","23":"product-type-simple"},"yoast_head":"<!-- This site is optimized with the Yoast SEO plugin v27.4 - https:\/\/yoast.com\/product\/yoast-seo-wordpress\/ -->\n<title>Crna d\u017eezva 0,7 l &quot;SLOVENIA \u010cIPKA&quot; - Spletna trgovina s slovensko posodo - EMO ETT<\/title>\n<meta name=\"robots\" content=\"index, follow, max-snippet:-1, max-image-preview:large, max-video-preview:-1\" \/>\n<link rel=\"canonical\" href=\"https:\/\/emo-shop.com\/hr\/izdelki\/crna-dzezva-07-l-slovenia-cipka\/\" \/>\n<meta property=\"og:locale\" content=\"hr_HR\" \/>\n<meta property=\"og:type\" content=\"article\" \/>\n<meta property=\"og:title\" content=\"Crna d\u017eezva 0,7 l &quot;SLOVENIA \u010cIPKA&quot; - Spletna trgovina s slovensko posodo - EMO ETT\" \/>\n<meta property=\"og:description\" content=\"&quot;Gdje je ljubav, tamo je dom&quot; crna posuda za kavu 0,7 l\" \/>\n<meta property=\"og:url\" content=\"https:\/\/emo-shop.com\/hr\/izdelki\/crna-dzezva-07-l-slovenia-cipka\/\" \/>\n<meta property=\"og:site_name\" content=\"Spletna trgovina s slovensko posodo - EMO ETT\" \/>\n<meta property=\"article:publisher\" content=\"https:\/\/www.facebook.com\/EMOSLOVENIA\" \/>\n<meta property=\"article:modified_time\" content=\"2026-02-10T10:29:41+00:00\" \/>\n<meta property=\"og:image\" content=\"https:\/\/emo-shop.com\/wp-content\/uploads\/2025\/11\/cipka-dzezva-front.jpg\" \/>\n\t<meta property=\"og:image:width\" content=\"1000\" \/>\n\t<meta property=\"og:image:height\" content=\"573\" \/>\n\t<meta property=\"og:image:type\" content=\"image\/jpeg\" \/>\n<meta name=\"twitter:card\" content=\"summary_large_image\" \/>\n<meta name=\"twitter:label1\" content=\"Procijenjeno vrijeme \u010ditanja\" \/>\n\t<meta name=\"twitter:data1\" content=\"2 minute\" \/>\n<script type=\"application\/ld+json\" class=\"yoast-schema-graph\">{\"@context\":\"https:\\\/\\\/schema.org\",\"@graph\":[{\"@type\":\"WebPage\",\"@id\":\"https:\\\/\\\/emo-shop.com\\\/hr\\\/izdelki\\\/crna-dzezva-07-l-slovenia-cipka\\\/\",\"url\":\"https:\\\/\\\/emo-shop.com\\\/hr\\\/izdelki\\\/crna-dzezva-07-l-slovenia-cipka\\\/\",\"name\":\"Crna d\u017eezva 0,7 l &quot;SLOVENIA \u010cIPKA&quot; - Spletna trgovina s slovensko posodo - EMO ETT\",\"isPartOf\":{\"@id\":\"https:\\\/\\\/emo-shop.com\\\/hr\\\/#website\"},\"primaryImageOfPage\":{\"@id\":\"https:\\\/\\\/emo-shop.com\\\/hr\\\/izdelki\\\/crna-dzezva-07-l-slovenia-cipka\\\/#primaryimage\"},\"image\":{\"@id\":\"https:\\\/\\\/emo-shop.com\\\/hr\\\/izdelki\\\/crna-dzezva-07-l-slovenia-cipka\\\/#primaryimage\"},\"thumbnailUrl\":\"https:\\\/\\\/emo-shop.com\\\/wp-content\\\/uploads\\\/2025\\\/11\\\/cipka-dzezva-front.jpg\",\"datePublished\":\"2025-11-04T06:39:52+00:00\",\"dateModified\":\"2026-02-10T10:29:41+00:00\",\"breadcrumb\":{\"@id\":\"https:\\\/\\\/emo-shop.com\\\/hr\\\/izdelki\\\/crna-dzezva-07-l-slovenia-cipka\\\/#breadcrumb\"},\"inLanguage\":\"hr\",\"potentialAction\":[{\"@type\":\"ReadAction\",\"target\":[\"https:\\\/\\\/emo-shop.com\\\/hr\\\/izdelki\\\/crna-dzezva-07-l-slovenia-cipka\\\/\"]}]},{\"@type\":\"ImageObject\",\"inLanguage\":\"hr\",\"@id\":\"https:\\\/\\\/emo-shop.com\\\/hr\\\/izdelki\\\/crna-dzezva-07-l-slovenia-cipka\\\/#primaryimage\",\"url\":\"https:\\\/\\\/emo-shop.com\\\/wp-content\\\/uploads\\\/2025\\\/11\\\/cipka-dzezva-front.jpg\",\"contentUrl\":\"https:\\\/\\\/emo-shop.com\\\/wp-content\\\/uploads\\\/2025\\\/11\\\/cipka-dzezva-front.jpg\",\"width\":1000,\"height\":573},{\"@type\":\"BreadcrumbList\",\"@id\":\"https:\\\/\\\/emo-shop.com\\\/hr\\\/izdelki\\\/crna-dzezva-07-l-slovenia-cipka\\\/#breadcrumb\",\"itemListElement\":[{\"@type\":\"ListItem\",\"position\":1,\"name\":\"Home\",\"item\":\"https:\\\/\\\/emo-shop.com\\\/hr\\\/\"},{\"@type\":\"ListItem\",\"position\":2,\"name\":\"Trgovina\",\"item\":\"https:\\\/\\\/emo-shop.com\\\/hr\\\/trgovina\\\/\"},{\"@type\":\"ListItem\",\"position\":3,\"name\":\"Crna d\u017eezva 0,7 l &quot;SLOVENIA \u010cIPKA&quot;\"}]},{\"@type\":\"WebSite\",\"@id\":\"https:\\\/\\\/emo-shop.com\\\/hr\\\/#website\",\"url\":\"https:\\\/\\\/emo-shop.com\\\/hr\\\/\",\"name\":\"Spletna trgovina s slovensko posodo - EMO ETT\",\"description\":\"Spletna trgovina\",\"publisher\":{\"@id\":\"https:\\\/\\\/emo-shop.com\\\/hr\\\/#organization\"},\"potentialAction\":[{\"@type\":\"SearchAction\",\"target\":{\"@type\":\"EntryPoint\",\"urlTemplate\":\"https:\\\/\\\/emo-shop.com\\\/hr\\\/?s={search_term_string}\"},\"query-input\":{\"@type\":\"PropertyValueSpecification\",\"valueRequired\":true,\"valueName\":\"search_term_string\"}}],\"inLanguage\":\"hr\"},{\"@type\":\"Organization\",\"@id\":\"https:\\\/\\\/emo-shop.com\\\/hr\\\/#organization\",\"name\":\"Spletna trgovina s slovensko posodo - EMO ETT\",\"url\":\"https:\\\/\\\/emo-shop.com\\\/hr\\\/\",\"logo\":{\"@type\":\"ImageObject\",\"inLanguage\":\"hr\",\"@id\":\"https:\\\/\\\/emo-shop.com\\\/hr\\\/#\\\/schema\\\/logo\\\/image\\\/\",\"url\":\"https:\\\/\\\/emo-shop.com\\\/wp-content\\\/uploads\\\/2024\\\/07\\\/favicon.jpg\",\"contentUrl\":\"https:\\\/\\\/emo-shop.com\\\/wp-content\\\/uploads\\\/2024\\\/07\\\/favicon.jpg\",\"width\":512,\"height\":512,\"caption\":\"Spletna trgovina s slovensko posodo - EMO ETT\"},\"image\":{\"@id\":\"https:\\\/\\\/emo-shop.com\\\/hr\\\/#\\\/schema\\\/logo\\\/image\\\/\"},\"sameAs\":[\"https:\\\/\\\/www.facebook.com\\\/EMOSLOVENIA\"]}]}<\/script>\n<!-- \/ Yoast SEO plugin. -->","yoast_head_json":{"title":"Crna d\u017eezva 0,7 l &quot;SLOVENIA \u010cIPKA&quot; - Spletna trgovina s slovensko posodo - EMO ETT","robots":{"index":"index","follow":"follow","max-snippet":"max-snippet:-1","max-image-preview":"max-image-preview:large","max-video-preview":"max-video-preview:-1"},"canonical":"https:\/\/emo-shop.com\/hr\/izdelki\/crna-dzezva-07-l-slovenia-cipka\/","og_locale":"hr_HR","og_type":"article","og_title":"Crna d\u017eezva 0,7 l &quot;SLOVENIA \u010cIPKA&quot; - Spletna trgovina s slovensko posodo - EMO ETT","og_description":"\"Gdje je ljubav, tamo je dom\" crna posuda za kavu 0,7 l","og_url":"https:\/\/emo-shop.com\/hr\/izdelki\/crna-dzezva-07-l-slovenia-cipka\/","og_site_name":"Spletna trgovina s slovensko posodo - EMO ETT","article_publisher":"https:\/\/www.facebook.com\/EMOSLOVENIA","article_modified_time":"2026-02-10T10:29:41+00:00","og_image":[{"width":1000,"height":573,"url":"https:\/\/emo-shop.com\/wp-content\/uploads\/2025\/11\/cipka-dzezva-front.jpg","type":"image\/jpeg"}],"twitter_card":"summary_large_image","twitter_misc":{"Procijenjeno vrijeme \u010ditanja":"2 minute"},"schema":{"@context":"https:\/\/schema.org","@graph":[{"@type":"WebPage","@id":"https:\/\/emo-shop.com\/hr\/izdelki\/crna-dzezva-07-l-slovenia-cipka\/","url":"https:\/\/emo-shop.com\/hr\/izdelki\/crna-dzezva-07-l-slovenia-cipka\/","name":"Crna d\u017eezva 0,7 l &quot;SLOVENIA \u010cIPKA&quot; - Spletna trgovina s slovensko posodo - EMO ETT","isPartOf":{"@id":"https:\/\/emo-shop.com\/hr\/#website"},"primaryImageOfPage":{"@id":"https:\/\/emo-shop.com\/hr\/izdelki\/crna-dzezva-07-l-slovenia-cipka\/#primaryimage"},"image":{"@id":"https:\/\/emo-shop.com\/hr\/izdelki\/crna-dzezva-07-l-slovenia-cipka\/#primaryimage"},"thumbnailUrl":"https:\/\/emo-shop.com\/wp-content\/uploads\/2025\/11\/cipka-dzezva-front.jpg","datePublished":"2025-11-04T06:39:52+00:00","dateModified":"2026-02-10T10:29:41+00:00","breadcrumb":{"@id":"https:\/\/emo-shop.com\/hr\/izdelki\/crna-dzezva-07-l-slovenia-cipka\/#breadcrumb"},"inLanguage":"hr","potentialAction":[{"@type":"ReadAction","target":["https:\/\/emo-shop.com\/hr\/izdelki\/crna-dzezva-07-l-slovenia-cipka\/"]}]},{"@type":"ImageObject","inLanguage":"hr","@id":"https:\/\/emo-shop.com\/hr\/izdelki\/crna-dzezva-07-l-slovenia-cipka\/#primaryimage","url":"https:\/\/emo-shop.com\/wp-content\/uploads\/2025\/11\/cipka-dzezva-front.jpg","contentUrl":"https:\/\/emo-shop.com\/wp-content\/uploads\/2025\/11\/cipka-dzezva-front.jpg","width":1000,"height":573},{"@type":"BreadcrumbList","@id":"https:\/\/emo-shop.com\/hr\/izdelki\/crna-dzezva-07-l-slovenia-cipka\/#breadcrumb","itemListElement":[{"@type":"ListItem","position":1,"name":"Home","item":"https:\/\/emo-shop.com\/hr\/"},{"@type":"ListItem","position":2,"name":"Trgovina","item":"https:\/\/emo-shop.com\/hr\/trgovina\/"},{"@type":"ListItem","position":3,"name":"Crna d\u017eezva 0,7 l &quot;SLOVENIA \u010cIPKA&quot;"}]},{"@type":"WebSite","@id":"https:\/\/emo-shop.com\/hr\/#website","url":"https:\/\/emo-shop.com\/hr\/","name":"Spletna trgovina s slovensko posodo - EMO ETT","description":"Spletna trgovina","publisher":{"@id":"https:\/\/emo-shop.com\/hr\/#organization"},"potentialAction":[{"@type":"SearchAction","target":{"@type":"EntryPoint","urlTemplate":"https:\/\/emo-shop.com\/hr\/?s={search_term_string}"},"query-input":{"@type":"PropertyValueSpecification","valueRequired":true,"valueName":"search_term_string"}}],"inLanguage":"hr"},{"@type":"Organization","@id":"https:\/\/emo-shop.com\/hr\/#organization","name":"Spletna trgovina s slovensko posodo - EMO ETT","url":"https:\/\/emo-shop.com\/hr\/","logo":{"@type":"ImageObject","inLanguage":"hr","@id":"https:\/\/emo-shop.com\/hr\/#\/schema\/logo\/image\/","url":"https:\/\/emo-shop.com\/wp-content\/uploads\/2024\/07\/favicon.jpg","contentUrl":"https:\/\/emo-shop.com\/wp-content\/uploads\/2024\/07\/favicon.jpg","width":512,"height":512,"caption":"Spletna trgovina s slovensko posodo - EMO ETT"},"image":{"@id":"https:\/\/emo-shop.com\/hr\/#\/schema\/logo\/image\/"},"sameAs":["https:\/\/www.facebook.com\/EMOSLOVENIA"]}]}},"_links":{"self":[{"href":"https:\/\/emo-shop.com\/hr\/wp-json\/wp\/v2\/product\/33789","targetHints":{"allow":["GET"]}}],"collection":[{"href":"https:\/\/emo-shop.com\/hr\/wp-json\/wp\/v2\/product"}],"about":[{"href":"https:\/\/emo-shop.com\/hr\/wp-json\/wp\/v2\/types\/product"}],"replies":[{"embeddable":true,"href":"https:\/\/emo-shop.com\/hr\/wp-json\/wp\/v2\/comments?post=33789"}],"version-history":[{"count":0,"href":"https:\/\/emo-shop.com\/hr\/wp-json\/wp\/v2\/product\/33789\/revisions"}],"wp:featuredmedia":[{"embeddable":true,"href":"https:\/\/emo-shop.com\/hr\/wp-json\/wp\/v2\/media\/33792"}],"wp:attachment":[{"href":"https:\/\/emo-shop.com\/hr\/wp-json\/wp\/v2\/media?parent=33789"}],"wp:term":[{"taxonomy":"product_brand","embeddable":true,"href":"https:\/\/emo-shop.com\/hr\/wp-json\/wp\/v2\/product_brand?post=33789"},{"taxonomy":"product_cat","embeddable":true,"href":"https:\/\/emo-shop.com\/hr\/wp-json\/wp\/v2\/product_cat?post=33789"},{"taxonomy":"product_tag","embeddable":true,"href":"https:\/\/emo-shop.com\/hr\/wp-json\/wp\/v2\/product_tag?post=33789"}],"curies":[{"name":"wp","href":"https:\/\/api.w.org\/{rel}","templated":true}]}}