{"id":33787,"date":"2024-07-30T10:31:24","date_gmt":"2024-07-30T10:31:24","guid":{"rendered":"https:\/\/emo-shop.com\/izdelki\/bejz-037-l-lonac-supermama\/"},"modified":"2026-02-03T13:08:34","modified_gmt":"2026-02-03T13:08:34","slug":"bejz-037-l-lonac-supermama","status":"publish","type":"product","link":"https:\/\/emo-shop.com\/hr\/izdelki\/bejz-037-l-lonac-supermama\/","title":{"rendered":"Bej\u017e 0,37 l lonac &quot;Supermama&quot;"},"content":{"rendered":"<ul>\n<li>Te\u017eina: 0,14 kg<\/li>\n<li>Dimenzije: 8,0 x 7,0 cm<\/li>\n<\/ul>\n<p>Podr\u017eavamo mlade umjetnike, zbog \u010dega smo odlu\u010dili sura\u0111ivati s na\u0161om mladom, talentiranom ilustratoricom Neom Likar.<\/p>\n<p>Nea Likar je ilustratorica, grafi\u010dka dizajnerica i viza\u017eistica. Njezin veliki izazov i \u017eelja je uklju\u010diti ilustraciju u razli\u010dite medije i pretvoriti umjetnost u dio na\u0161eg svakodnevnog \u017eivota. Motivi koje je dizajnirala za EMO temelje se na onome \u0161to bi i sama voljela vidjeti na \u0161alicama i \u0161to mo\u017ee uljep\u0161ati one nekoliko minuta u danu kada odvojimo vrijeme za sebe i svoje najmilije.<\/p>\n<p>PREKRASNE i JEDINSTVENE emajlirane \u0161alice pogodne za sve vrste kuhala, uklju\u010duju\u0107i INDUKCIJSKA, te su sigurne za pranje u perilici posu\u0111a.<\/p>\n<p>Sjajna ideja za poklon. Poklonite svojim voljenima ne\u0161to \u010darobno i jedinstveno.<\/p>\n<p>* Dostupno samo u ograni\u010denim koli\u010dinama.<\/p>\n<p>Jeste li znali? EMO POSU\u0110A ZA KU\u0106ANSTVO I KATERI\u0106ING je:<\/p>\n<p>zdrava posuda od emajla<br \/>\npogodna za sve vrste kuhala, uklju\u010duju\u0107i indukcijska<br \/>\npogodna za osobe s alergijama jer ne sadr\u017ei nikl<br \/>\n100 % higijensko, jednostavno za odr\u017eavanje<br \/>\nbez \u0161tetnih premaza, stoga se tijekom zagrijavanja ne otpu\u0161taju \u0161tetne tvari<br \/>\nSLOVENSKI PROIZVOD \u2013 emajlirani posu\u0111 za kuhanje iz slovenske tvornice<\/p>\n","protected":false},"excerpt":{"rendered":"<p>Te\u017eina: 0,14 kg Dimenzije: 8,0 x 7,0 cm Podr\u017eavamo mlade umjetnike, zbog \u010dega smo odlu\u010dili sura\u0111ivati s na\u0161om mladom, talentiranom<\/p>\n","protected":false},"featured_media":33788,"comment_status":"open","ping_status":"closed","template":"","meta":[],"product_brand":[],"product_cat":[807],"product_tag":[983,953,795,982,859,980,981,978,979],"class_list":{"0":"post-33787","1":"product","2":"type-product","3":"status-publish","4":"has-post-thumbnail","6":"product_cat-loncici","7":"product_tag-bozicni-pokloni","8":"product_tag-emajlirani-lonac","9":"product_tag-emo-celje-posude","10":"product_tag-kava","11":"product_tag-kuhinjski-pribor","12":"product_tag-kvaliteta-slovenske-proizvodnje","13":"product_tag-lonac-s-uzorkom","14":"product_tag-posude-za-indukciju","15":"product_tag-vintage-retro-dizajn","17":"first","18":"instock","19":"taxable","20":"shipping-taxable","21":"purchasable","22":"product-type-simple"},"yoast_head":"<!-- This site is optimized with the Yoast SEO plugin v27.3 - https:\/\/yoast.com\/product\/yoast-seo-wordpress\/ -->\n<title>Bej\u017e 0,37 l lonac &quot;Supermama&quot; - Spletna trgovina s slovensko posodo - EMO ETT<\/title>\n<meta name=\"robots\" content=\"index, follow, max-snippet:-1, max-image-preview:large, max-video-preview:-1\" \/>\n<link rel=\"canonical\" href=\"https:\/\/emo-shop.com\/hr\/izdelki\/bejz-037-l-lonac-supermama\/\" \/>\n<meta property=\"og:locale\" content=\"hr_HR\" \/>\n<meta property=\"og:type\" content=\"article\" \/>\n<meta property=\"og:title\" content=\"Bej\u017e 0,37 l lonac &quot;Supermama&quot; - Spletna trgovina s slovensko posodo - EMO ETT\" \/>\n<meta property=\"og:description\" content=\"Te\u017eina: 0,14 kg Dimenzije: 8,0 x 7,0 cm Podr\u017eavamo mlade umjetnike, zbog \u010dega smo odlu\u010dili sura\u0111ivati s na\u0161om mladom, talentiranom\" \/>\n<meta property=\"og:url\" content=\"https:\/\/emo-shop.com\/hr\/izdelki\/bejz-037-l-lonac-supermama\/\" \/>\n<meta property=\"og:site_name\" content=\"Spletna trgovina s slovensko posodo - EMO ETT\" \/>\n<meta property=\"article:publisher\" content=\"https:\/\/www.facebook.com\/EMOSLOVENIA\" \/>\n<meta property=\"article:modified_time\" content=\"2026-02-03T13:08:34+00:00\" \/>\n<meta property=\"og:image\" content=\"https:\/\/emo-shop.com\/wp-content\/uploads\/2024\/07\/459.jpg\" \/>\n\t<meta property=\"og:image:width\" content=\"800\" \/>\n\t<meta property=\"og:image:height\" content=\"600\" \/>\n\t<meta property=\"og:image:type\" content=\"image\/jpeg\" \/>\n<meta name=\"twitter:card\" content=\"summary_large_image\" \/>\n<meta name=\"twitter:label1\" content=\"Procijenjeno vrijeme \u010ditanja\" \/>\n\t<meta name=\"twitter:data1\" content=\"1 minuta\" \/>\n<script type=\"application\/ld+json\" class=\"yoast-schema-graph\">{\"@context\":\"https:\\\/\\\/schema.org\",\"@graph\":[{\"@type\":\"WebPage\",\"@id\":\"https:\\\/\\\/emo-shop.com\\\/hr\\\/izdelki\\\/bejz-037-l-lonac-supermama\\\/\",\"url\":\"https:\\\/\\\/emo-shop.com\\\/hr\\\/izdelki\\\/bejz-037-l-lonac-supermama\\\/\",\"name\":\"Bej\u017e 0,37 l lonac &quot;Supermama&quot; - Spletna trgovina s slovensko posodo - EMO ETT\",\"isPartOf\":{\"@id\":\"https:\\\/\\\/emo-shop.com\\\/hr\\\/#website\"},\"primaryImageOfPage\":{\"@id\":\"https:\\\/\\\/emo-shop.com\\\/hr\\\/izdelki\\\/bejz-037-l-lonac-supermama\\\/#primaryimage\"},\"image\":{\"@id\":\"https:\\\/\\\/emo-shop.com\\\/hr\\\/izdelki\\\/bejz-037-l-lonac-supermama\\\/#primaryimage\"},\"thumbnailUrl\":\"https:\\\/\\\/emo-shop.com\\\/wp-content\\\/uploads\\\/2024\\\/07\\\/459.jpg\",\"datePublished\":\"2024-07-30T10:31:24+00:00\",\"dateModified\":\"2026-02-03T13:08:34+00:00\",\"breadcrumb\":{\"@id\":\"https:\\\/\\\/emo-shop.com\\\/hr\\\/izdelki\\\/bejz-037-l-lonac-supermama\\\/#breadcrumb\"},\"inLanguage\":\"hr\",\"potentialAction\":[{\"@type\":\"ReadAction\",\"target\":[\"https:\\\/\\\/emo-shop.com\\\/hr\\\/izdelki\\\/bejz-037-l-lonac-supermama\\\/\"]}]},{\"@type\":\"ImageObject\",\"inLanguage\":\"hr\",\"@id\":\"https:\\\/\\\/emo-shop.com\\\/hr\\\/izdelki\\\/bejz-037-l-lonac-supermama\\\/#primaryimage\",\"url\":\"https:\\\/\\\/emo-shop.com\\\/wp-content\\\/uploads\\\/2024\\\/07\\\/459.jpg\",\"contentUrl\":\"https:\\\/\\\/emo-shop.com\\\/wp-content\\\/uploads\\\/2024\\\/07\\\/459.jpg\",\"width\":800,\"height\":600},{\"@type\":\"BreadcrumbList\",\"@id\":\"https:\\\/\\\/emo-shop.com\\\/hr\\\/izdelki\\\/bejz-037-l-lonac-supermama\\\/#breadcrumb\",\"itemListElement\":[{\"@type\":\"ListItem\",\"position\":1,\"name\":\"Home\",\"item\":\"https:\\\/\\\/emo-shop.com\\\/hr\\\/\"},{\"@type\":\"ListItem\",\"position\":2,\"name\":\"Trgovina\",\"item\":\"https:\\\/\\\/emo-shop.com\\\/hr\\\/trgovina\\\/\"},{\"@type\":\"ListItem\",\"position\":3,\"name\":\"Bej\u017e 0,37 l lonac &quot;Supermama&quot;\"}]},{\"@type\":\"WebSite\",\"@id\":\"https:\\\/\\\/emo-shop.com\\\/hr\\\/#website\",\"url\":\"https:\\\/\\\/emo-shop.com\\\/hr\\\/\",\"name\":\"Spletna trgovina s slovensko posodo - EMO ETT\",\"description\":\"Spletna trgovina\",\"publisher\":{\"@id\":\"https:\\\/\\\/emo-shop.com\\\/hr\\\/#organization\"},\"potentialAction\":[{\"@type\":\"SearchAction\",\"target\":{\"@type\":\"EntryPoint\",\"urlTemplate\":\"https:\\\/\\\/emo-shop.com\\\/hr\\\/?s={search_term_string}\"},\"query-input\":{\"@type\":\"PropertyValueSpecification\",\"valueRequired\":true,\"valueName\":\"search_term_string\"}}],\"inLanguage\":\"hr\"},{\"@type\":\"Organization\",\"@id\":\"https:\\\/\\\/emo-shop.com\\\/hr\\\/#organization\",\"name\":\"Spletna trgovina s slovensko posodo - EMO ETT\",\"url\":\"https:\\\/\\\/emo-shop.com\\\/hr\\\/\",\"logo\":{\"@type\":\"ImageObject\",\"inLanguage\":\"hr\",\"@id\":\"https:\\\/\\\/emo-shop.com\\\/hr\\\/#\\\/schema\\\/logo\\\/image\\\/\",\"url\":\"https:\\\/\\\/emo-shop.com\\\/wp-content\\\/uploads\\\/2024\\\/07\\\/favicon.jpg\",\"contentUrl\":\"https:\\\/\\\/emo-shop.com\\\/wp-content\\\/uploads\\\/2024\\\/07\\\/favicon.jpg\",\"width\":512,\"height\":512,\"caption\":\"Spletna trgovina s slovensko posodo - EMO ETT\"},\"image\":{\"@id\":\"https:\\\/\\\/emo-shop.com\\\/hr\\\/#\\\/schema\\\/logo\\\/image\\\/\"},\"sameAs\":[\"https:\\\/\\\/www.facebook.com\\\/EMOSLOVENIA\"]}]}<\/script>\n<!-- \/ Yoast SEO plugin. -->","yoast_head_json":{"title":"Bej\u017e 0,37 l lonac &quot;Supermama&quot; - Spletna trgovina s slovensko posodo - EMO ETT","robots":{"index":"index","follow":"follow","max-snippet":"max-snippet:-1","max-image-preview":"max-image-preview:large","max-video-preview":"max-video-preview:-1"},"canonical":"https:\/\/emo-shop.com\/hr\/izdelki\/bejz-037-l-lonac-supermama\/","og_locale":"hr_HR","og_type":"article","og_title":"Bej\u017e 0,37 l lonac &quot;Supermama&quot; - Spletna trgovina s slovensko posodo - EMO ETT","og_description":"Te\u017eina: 0,14 kg Dimenzije: 8,0 x 7,0 cm Podr\u017eavamo mlade umjetnike, zbog \u010dega smo odlu\u010dili sura\u0111ivati s na\u0161om mladom, talentiranom","og_url":"https:\/\/emo-shop.com\/hr\/izdelki\/bejz-037-l-lonac-supermama\/","og_site_name":"Spletna trgovina s slovensko posodo - EMO ETT","article_publisher":"https:\/\/www.facebook.com\/EMOSLOVENIA","article_modified_time":"2026-02-03T13:08:34+00:00","og_image":[{"width":800,"height":600,"url":"https:\/\/emo-shop.com\/wp-content\/uploads\/2024\/07\/459.jpg","type":"image\/jpeg"}],"twitter_card":"summary_large_image","twitter_misc":{"Procijenjeno vrijeme \u010ditanja":"1 minuta"},"schema":{"@context":"https:\/\/schema.org","@graph":[{"@type":"WebPage","@id":"https:\/\/emo-shop.com\/hr\/izdelki\/bejz-037-l-lonac-supermama\/","url":"https:\/\/emo-shop.com\/hr\/izdelki\/bejz-037-l-lonac-supermama\/","name":"Bej\u017e 0,37 l lonac &quot;Supermama&quot; - Spletna trgovina s slovensko posodo - EMO ETT","isPartOf":{"@id":"https:\/\/emo-shop.com\/hr\/#website"},"primaryImageOfPage":{"@id":"https:\/\/emo-shop.com\/hr\/izdelki\/bejz-037-l-lonac-supermama\/#primaryimage"},"image":{"@id":"https:\/\/emo-shop.com\/hr\/izdelki\/bejz-037-l-lonac-supermama\/#primaryimage"},"thumbnailUrl":"https:\/\/emo-shop.com\/wp-content\/uploads\/2024\/07\/459.jpg","datePublished":"2024-07-30T10:31:24+00:00","dateModified":"2026-02-03T13:08:34+00:00","breadcrumb":{"@id":"https:\/\/emo-shop.com\/hr\/izdelki\/bejz-037-l-lonac-supermama\/#breadcrumb"},"inLanguage":"hr","potentialAction":[{"@type":"ReadAction","target":["https:\/\/emo-shop.com\/hr\/izdelki\/bejz-037-l-lonac-supermama\/"]}]},{"@type":"ImageObject","inLanguage":"hr","@id":"https:\/\/emo-shop.com\/hr\/izdelki\/bejz-037-l-lonac-supermama\/#primaryimage","url":"https:\/\/emo-shop.com\/wp-content\/uploads\/2024\/07\/459.jpg","contentUrl":"https:\/\/emo-shop.com\/wp-content\/uploads\/2024\/07\/459.jpg","width":800,"height":600},{"@type":"BreadcrumbList","@id":"https:\/\/emo-shop.com\/hr\/izdelki\/bejz-037-l-lonac-supermama\/#breadcrumb","itemListElement":[{"@type":"ListItem","position":1,"name":"Home","item":"https:\/\/emo-shop.com\/hr\/"},{"@type":"ListItem","position":2,"name":"Trgovina","item":"https:\/\/emo-shop.com\/hr\/trgovina\/"},{"@type":"ListItem","position":3,"name":"Bej\u017e 0,37 l lonac &quot;Supermama&quot;"}]},{"@type":"WebSite","@id":"https:\/\/emo-shop.com\/hr\/#website","url":"https:\/\/emo-shop.com\/hr\/","name":"Spletna trgovina s slovensko posodo - EMO ETT","description":"Spletna trgovina","publisher":{"@id":"https:\/\/emo-shop.com\/hr\/#organization"},"potentialAction":[{"@type":"SearchAction","target":{"@type":"EntryPoint","urlTemplate":"https:\/\/emo-shop.com\/hr\/?s={search_term_string}"},"query-input":{"@type":"PropertyValueSpecification","valueRequired":true,"valueName":"search_term_string"}}],"inLanguage":"hr"},{"@type":"Organization","@id":"https:\/\/emo-shop.com\/hr\/#organization","name":"Spletna trgovina s slovensko posodo - EMO ETT","url":"https:\/\/emo-shop.com\/hr\/","logo":{"@type":"ImageObject","inLanguage":"hr","@id":"https:\/\/emo-shop.com\/hr\/#\/schema\/logo\/image\/","url":"https:\/\/emo-shop.com\/wp-content\/uploads\/2024\/07\/favicon.jpg","contentUrl":"https:\/\/emo-shop.com\/wp-content\/uploads\/2024\/07\/favicon.jpg","width":512,"height":512,"caption":"Spletna trgovina s slovensko posodo - EMO ETT"},"image":{"@id":"https:\/\/emo-shop.com\/hr\/#\/schema\/logo\/image\/"},"sameAs":["https:\/\/www.facebook.com\/EMOSLOVENIA"]}]}},"_links":{"self":[{"href":"https:\/\/emo-shop.com\/hr\/wp-json\/wp\/v2\/product\/33787","targetHints":{"allow":["GET"]}}],"collection":[{"href":"https:\/\/emo-shop.com\/hr\/wp-json\/wp\/v2\/product"}],"about":[{"href":"https:\/\/emo-shop.com\/hr\/wp-json\/wp\/v2\/types\/product"}],"replies":[{"embeddable":true,"href":"https:\/\/emo-shop.com\/hr\/wp-json\/wp\/v2\/comments?post=33787"}],"version-history":[{"count":0,"href":"https:\/\/emo-shop.com\/hr\/wp-json\/wp\/v2\/product\/33787\/revisions"}],"wp:featuredmedia":[{"embeddable":true,"href":"https:\/\/emo-shop.com\/hr\/wp-json\/wp\/v2\/media\/33788"}],"wp:attachment":[{"href":"https:\/\/emo-shop.com\/hr\/wp-json\/wp\/v2\/media?parent=33787"}],"wp:term":[{"taxonomy":"product_brand","embeddable":true,"href":"https:\/\/emo-shop.com\/hr\/wp-json\/wp\/v2\/product_brand?post=33787"},{"taxonomy":"product_cat","embeddable":true,"href":"https:\/\/emo-shop.com\/hr\/wp-json\/wp\/v2\/product_cat?post=33787"},{"taxonomy":"product_tag","embeddable":true,"href":"https:\/\/emo-shop.com\/hr\/wp-json\/wp\/v2\/product_tag?post=33787"}],"curies":[{"name":"wp","href":"https:\/\/api.w.org\/{rel}","templated":true}]}}