{"id":33756,"date":"2025-11-04T07:27:08","date_gmt":"2025-11-04T07:27:08","guid":{"rendered":"https:\/\/emo-shop.com\/izdelki\/staklena-posuda-za-stol-crna-1-l-16-cm-veliki-snovi\/"},"modified":"2025-11-04T07:27:08","modified_gmt":"2025-11-04T07:27:08","slug":"staklena-posuda-za-stol-crna-1-l-16-cm-veliki-snovi","status":"publish","type":"product","link":"https:\/\/emo-shop.com\/hr\/izdelki\/staklena-posuda-za-stol-crna-1-l-16-cm-veliki-snovi\/","title":{"rendered":"Staklena posuda za stol crna 1 l, 16 cm &#8220;Veliki snovi&#8221;"},"content":{"rendered":"<p><strong>Jeste li znali? EMO POSODA ZA DOM I GOSTINSTVO nudi: <\/strong><\/p>\n<ul>\n<li><strong>Zdravi emajlirani kuhinjski posu\u0111e: Visokokvalitetno emajlirano posu\u0111e, idealno za pripremu va\u0161ih omiljenih jela.<\/strong><\/li>\n<li><strong>Pogodno za sve plo\u010de za kuhanje: Pogodno za razli\u010dite vrste plo\u010da za kuhanje, uklju\u010duju\u0107i indukcijske plo\u010de.<\/strong><\/li>\n<li><strong>Prikladno za alergi\u010dare: Bez nikla, tako\u0111er pogodno za osobe s alergijama.<\/strong><\/li>\n<li><strong>Potpuno higijensko: 100 % higijenski besprijekorno posu\u0111e, jednostavno za \u010di\u0161\u0107enje i odr\u017eavanje.<\/strong><\/li>\n<li><strong>Bez \u0161tetnih premaza: \u0160titimo va\u0161e zdravlje \u2013 tijekom zagrijavanja ne otpu\u0161taju se \u0161tetne tvari.<\/strong><\/li>\n<li><strong>Ponosno slovensko: Proizvod slovenske proizvodnje, emajlirani posu\u0111e iz slovenske tvornice. Otkrijte eleganciju i zdravlje u jednom.<\/strong><\/li>\n<\/ul>\n<p><strong>EMO posu\u0111e za kuhanje &#8211; Za ukusne obroke bez kompromisa.<\/strong><\/p>\n","protected":false},"excerpt":{"rendered":"<p>Porcelanska \u0161alica s emajlom<\/p>\n<p>1 l 16 cm<\/p>\n","protected":false},"featured_media":33757,"comment_status":"open","ping_status":"closed","template":"","meta":[],"product_brand":[],"product_cat":[791],"product_tag":[800,798,795,799,794,793,796,975,797,974],"class_list":{"0":"post-33756","1":"product","2":"type-product","3":"status-publish","4":"has-post-thumbnail","6":"product_cat-ostalo","7":"product_tag-duga-trajnost","8":"product_tag-emajlirano-posude","9":"product_tag-emo-celje-posude","10":"product_tag-kuhanje-bez-toksina","11":"product_tag-pogodno-za-alergicare","12":"product_tag-retro-dizajn","13":"product_tag-slovenska-tradicija","14":"product_tag-veliki-snovi","15":"product_tag-zdrava-kuhinja","16":"product_tag-zdravi-dorucak","18":"first","19":"instock","20":"taxable","21":"shipping-taxable","22":"purchasable","23":"product-type-simple"},"yoast_head":"<!-- This site is optimized with the Yoast SEO plugin v27.4 - https:\/\/yoast.com\/product\/yoast-seo-wordpress\/ -->\n<title>Staklena posuda za stol crna 1 l, 16 cm &quot;Veliki snovi&quot; - Spletna trgovina s slovensko posodo - EMO ETT<\/title>\n<meta name=\"robots\" content=\"index, follow, max-snippet:-1, max-image-preview:large, max-video-preview:-1\" \/>\n<link rel=\"canonical\" href=\"https:\/\/emo-shop.com\/hr\/izdelki\/staklena-posuda-za-stol-crna-1-l-16-cm-veliki-snovi\/\" \/>\n<meta property=\"og:locale\" content=\"hr_HR\" \/>\n<meta property=\"og:type\" content=\"article\" \/>\n<meta property=\"og:title\" content=\"Staklena posuda za stol crna 1 l, 16 cm &quot;Veliki snovi&quot; - Spletna trgovina s slovensko posodo - EMO ETT\" \/>\n<meta property=\"og:description\" content=\"Porcelanska \u0161alica s emajlom 1 l 16 cm\" \/>\n<meta property=\"og:url\" content=\"https:\/\/emo-shop.com\/hr\/izdelki\/staklena-posuda-za-stol-crna-1-l-16-cm-veliki-snovi\/\" \/>\n<meta property=\"og:site_name\" content=\"Spletna trgovina s slovensko posodo - EMO ETT\" \/>\n<meta property=\"article:publisher\" content=\"https:\/\/www.facebook.com\/EMOSLOVENIA\" \/>\n<meta property=\"og:image\" content=\"https:\/\/emo-shop.com\/wp-content\/uploads\/2025\/11\/crna-skod-sanje.jpg\" \/>\n\t<meta property=\"og:image:width\" content=\"1000\" \/>\n\t<meta property=\"og:image:height\" content=\"629\" \/>\n\t<meta property=\"og:image:type\" content=\"image\/jpeg\" \/>\n<meta name=\"twitter:card\" content=\"summary_large_image\" \/>\n<meta name=\"twitter:label1\" content=\"Procijenjeno vrijeme \u010ditanja\" \/>\n\t<meta name=\"twitter:data1\" content=\"1 minuta\" \/>\n<script type=\"application\/ld+json\" class=\"yoast-schema-graph\">{\"@context\":\"https:\\\/\\\/schema.org\",\"@graph\":[{\"@type\":\"WebPage\",\"@id\":\"https:\\\/\\\/emo-shop.com\\\/hr\\\/izdelki\\\/staklena-posuda-za-stol-crna-1-l-16-cm-veliki-snovi\\\/\",\"url\":\"https:\\\/\\\/emo-shop.com\\\/hr\\\/izdelki\\\/staklena-posuda-za-stol-crna-1-l-16-cm-veliki-snovi\\\/\",\"name\":\"Staklena posuda za stol crna 1 l, 16 cm \\\"Veliki snovi\\\" - Spletna trgovina s slovensko posodo - EMO ETT\",\"isPartOf\":{\"@id\":\"https:\\\/\\\/emo-shop.com\\\/hr\\\/#website\"},\"primaryImageOfPage\":{\"@id\":\"https:\\\/\\\/emo-shop.com\\\/hr\\\/izdelki\\\/staklena-posuda-za-stol-crna-1-l-16-cm-veliki-snovi\\\/#primaryimage\"},\"image\":{\"@id\":\"https:\\\/\\\/emo-shop.com\\\/hr\\\/izdelki\\\/staklena-posuda-za-stol-crna-1-l-16-cm-veliki-snovi\\\/#primaryimage\"},\"thumbnailUrl\":\"https:\\\/\\\/emo-shop.com\\\/wp-content\\\/uploads\\\/2025\\\/11\\\/crna-skod-sanje.jpg\",\"datePublished\":\"2025-11-04T07:27:08+00:00\",\"breadcrumb\":{\"@id\":\"https:\\\/\\\/emo-shop.com\\\/hr\\\/izdelki\\\/staklena-posuda-za-stol-crna-1-l-16-cm-veliki-snovi\\\/#breadcrumb\"},\"inLanguage\":\"hr\",\"potentialAction\":[{\"@type\":\"ReadAction\",\"target\":[\"https:\\\/\\\/emo-shop.com\\\/hr\\\/izdelki\\\/staklena-posuda-za-stol-crna-1-l-16-cm-veliki-snovi\\\/\"]}]},{\"@type\":\"ImageObject\",\"inLanguage\":\"hr\",\"@id\":\"https:\\\/\\\/emo-shop.com\\\/hr\\\/izdelki\\\/staklena-posuda-za-stol-crna-1-l-16-cm-veliki-snovi\\\/#primaryimage\",\"url\":\"https:\\\/\\\/emo-shop.com\\\/wp-content\\\/uploads\\\/2025\\\/11\\\/crna-skod-sanje.jpg\",\"contentUrl\":\"https:\\\/\\\/emo-shop.com\\\/wp-content\\\/uploads\\\/2025\\\/11\\\/crna-skod-sanje.jpg\",\"width\":1000,\"height\":629},{\"@type\":\"BreadcrumbList\",\"@id\":\"https:\\\/\\\/emo-shop.com\\\/hr\\\/izdelki\\\/staklena-posuda-za-stol-crna-1-l-16-cm-veliki-snovi\\\/#breadcrumb\",\"itemListElement\":[{\"@type\":\"ListItem\",\"position\":1,\"name\":\"Home\",\"item\":\"https:\\\/\\\/emo-shop.com\\\/hr\\\/\"},{\"@type\":\"ListItem\",\"position\":2,\"name\":\"Trgovina\",\"item\":\"https:\\\/\\\/emo-shop.com\\\/hr\\\/trgovina\\\/\"},{\"@type\":\"ListItem\",\"position\":3,\"name\":\"Staklena posuda za stol crna 1 l, 16 cm &#8220;Veliki snovi&#8221;\"}]},{\"@type\":\"WebSite\",\"@id\":\"https:\\\/\\\/emo-shop.com\\\/hr\\\/#website\",\"url\":\"https:\\\/\\\/emo-shop.com\\\/hr\\\/\",\"name\":\"Spletna trgovina s slovensko posodo - EMO ETT\",\"description\":\"Spletna trgovina\",\"publisher\":{\"@id\":\"https:\\\/\\\/emo-shop.com\\\/hr\\\/#organization\"},\"potentialAction\":[{\"@type\":\"SearchAction\",\"target\":{\"@type\":\"EntryPoint\",\"urlTemplate\":\"https:\\\/\\\/emo-shop.com\\\/hr\\\/?s={search_term_string}\"},\"query-input\":{\"@type\":\"PropertyValueSpecification\",\"valueRequired\":true,\"valueName\":\"search_term_string\"}}],\"inLanguage\":\"hr\"},{\"@type\":\"Organization\",\"@id\":\"https:\\\/\\\/emo-shop.com\\\/hr\\\/#organization\",\"name\":\"Spletna trgovina s slovensko posodo - EMO ETT\",\"url\":\"https:\\\/\\\/emo-shop.com\\\/hr\\\/\",\"logo\":{\"@type\":\"ImageObject\",\"inLanguage\":\"hr\",\"@id\":\"https:\\\/\\\/emo-shop.com\\\/hr\\\/#\\\/schema\\\/logo\\\/image\\\/\",\"url\":\"https:\\\/\\\/emo-shop.com\\\/wp-content\\\/uploads\\\/2024\\\/07\\\/favicon.jpg\",\"contentUrl\":\"https:\\\/\\\/emo-shop.com\\\/wp-content\\\/uploads\\\/2024\\\/07\\\/favicon.jpg\",\"width\":512,\"height\":512,\"caption\":\"Spletna trgovina s slovensko posodo - EMO ETT\"},\"image\":{\"@id\":\"https:\\\/\\\/emo-shop.com\\\/hr\\\/#\\\/schema\\\/logo\\\/image\\\/\"},\"sameAs\":[\"https:\\\/\\\/www.facebook.com\\\/EMOSLOVENIA\"]}]}<\/script>\n<!-- \/ Yoast SEO plugin. -->","yoast_head_json":{"title":"Staklena posuda za stol crna 1 l, 16 cm \"Veliki snovi\" - Spletna trgovina s slovensko posodo - EMO ETT","robots":{"index":"index","follow":"follow","max-snippet":"max-snippet:-1","max-image-preview":"max-image-preview:large","max-video-preview":"max-video-preview:-1"},"canonical":"https:\/\/emo-shop.com\/hr\/izdelki\/staklena-posuda-za-stol-crna-1-l-16-cm-veliki-snovi\/","og_locale":"hr_HR","og_type":"article","og_title":"Staklena posuda za stol crna 1 l, 16 cm \"Veliki snovi\" - Spletna trgovina s slovensko posodo - EMO ETT","og_description":"Porcelanska \u0161alica s emajlom 1 l 16 cm","og_url":"https:\/\/emo-shop.com\/hr\/izdelki\/staklena-posuda-za-stol-crna-1-l-16-cm-veliki-snovi\/","og_site_name":"Spletna trgovina s slovensko posodo - EMO ETT","article_publisher":"https:\/\/www.facebook.com\/EMOSLOVENIA","og_image":[{"width":1000,"height":629,"url":"https:\/\/emo-shop.com\/wp-content\/uploads\/2025\/11\/crna-skod-sanje.jpg","type":"image\/jpeg"}],"twitter_card":"summary_large_image","twitter_misc":{"Procijenjeno vrijeme \u010ditanja":"1 minuta"},"schema":{"@context":"https:\/\/schema.org","@graph":[{"@type":"WebPage","@id":"https:\/\/emo-shop.com\/hr\/izdelki\/staklena-posuda-za-stol-crna-1-l-16-cm-veliki-snovi\/","url":"https:\/\/emo-shop.com\/hr\/izdelki\/staklena-posuda-za-stol-crna-1-l-16-cm-veliki-snovi\/","name":"Staklena posuda za stol crna 1 l, 16 cm \"Veliki snovi\" - Spletna trgovina s slovensko posodo - EMO ETT","isPartOf":{"@id":"https:\/\/emo-shop.com\/hr\/#website"},"primaryImageOfPage":{"@id":"https:\/\/emo-shop.com\/hr\/izdelki\/staklena-posuda-za-stol-crna-1-l-16-cm-veliki-snovi\/#primaryimage"},"image":{"@id":"https:\/\/emo-shop.com\/hr\/izdelki\/staklena-posuda-za-stol-crna-1-l-16-cm-veliki-snovi\/#primaryimage"},"thumbnailUrl":"https:\/\/emo-shop.com\/wp-content\/uploads\/2025\/11\/crna-skod-sanje.jpg","datePublished":"2025-11-04T07:27:08+00:00","breadcrumb":{"@id":"https:\/\/emo-shop.com\/hr\/izdelki\/staklena-posuda-za-stol-crna-1-l-16-cm-veliki-snovi\/#breadcrumb"},"inLanguage":"hr","potentialAction":[{"@type":"ReadAction","target":["https:\/\/emo-shop.com\/hr\/izdelki\/staklena-posuda-za-stol-crna-1-l-16-cm-veliki-snovi\/"]}]},{"@type":"ImageObject","inLanguage":"hr","@id":"https:\/\/emo-shop.com\/hr\/izdelki\/staklena-posuda-za-stol-crna-1-l-16-cm-veliki-snovi\/#primaryimage","url":"https:\/\/emo-shop.com\/wp-content\/uploads\/2025\/11\/crna-skod-sanje.jpg","contentUrl":"https:\/\/emo-shop.com\/wp-content\/uploads\/2025\/11\/crna-skod-sanje.jpg","width":1000,"height":629},{"@type":"BreadcrumbList","@id":"https:\/\/emo-shop.com\/hr\/izdelki\/staklena-posuda-za-stol-crna-1-l-16-cm-veliki-snovi\/#breadcrumb","itemListElement":[{"@type":"ListItem","position":1,"name":"Home","item":"https:\/\/emo-shop.com\/hr\/"},{"@type":"ListItem","position":2,"name":"Trgovina","item":"https:\/\/emo-shop.com\/hr\/trgovina\/"},{"@type":"ListItem","position":3,"name":"Staklena posuda za stol crna 1 l, 16 cm &#8220;Veliki snovi&#8221;"}]},{"@type":"WebSite","@id":"https:\/\/emo-shop.com\/hr\/#website","url":"https:\/\/emo-shop.com\/hr\/","name":"Spletna trgovina s slovensko posodo - EMO ETT","description":"Spletna trgovina","publisher":{"@id":"https:\/\/emo-shop.com\/hr\/#organization"},"potentialAction":[{"@type":"SearchAction","target":{"@type":"EntryPoint","urlTemplate":"https:\/\/emo-shop.com\/hr\/?s={search_term_string}"},"query-input":{"@type":"PropertyValueSpecification","valueRequired":true,"valueName":"search_term_string"}}],"inLanguage":"hr"},{"@type":"Organization","@id":"https:\/\/emo-shop.com\/hr\/#organization","name":"Spletna trgovina s slovensko posodo - EMO ETT","url":"https:\/\/emo-shop.com\/hr\/","logo":{"@type":"ImageObject","inLanguage":"hr","@id":"https:\/\/emo-shop.com\/hr\/#\/schema\/logo\/image\/","url":"https:\/\/emo-shop.com\/wp-content\/uploads\/2024\/07\/favicon.jpg","contentUrl":"https:\/\/emo-shop.com\/wp-content\/uploads\/2024\/07\/favicon.jpg","width":512,"height":512,"caption":"Spletna trgovina s slovensko posodo - EMO ETT"},"image":{"@id":"https:\/\/emo-shop.com\/hr\/#\/schema\/logo\/image\/"},"sameAs":["https:\/\/www.facebook.com\/EMOSLOVENIA"]}]}},"_links":{"self":[{"href":"https:\/\/emo-shop.com\/hr\/wp-json\/wp\/v2\/product\/33756","targetHints":{"allow":["GET"]}}],"collection":[{"href":"https:\/\/emo-shop.com\/hr\/wp-json\/wp\/v2\/product"}],"about":[{"href":"https:\/\/emo-shop.com\/hr\/wp-json\/wp\/v2\/types\/product"}],"replies":[{"embeddable":true,"href":"https:\/\/emo-shop.com\/hr\/wp-json\/wp\/v2\/comments?post=33756"}],"version-history":[{"count":0,"href":"https:\/\/emo-shop.com\/hr\/wp-json\/wp\/v2\/product\/33756\/revisions"}],"wp:featuredmedia":[{"embeddable":true,"href":"https:\/\/emo-shop.com\/hr\/wp-json\/wp\/v2\/media\/33757"}],"wp:attachment":[{"href":"https:\/\/emo-shop.com\/hr\/wp-json\/wp\/v2\/media?parent=33756"}],"wp:term":[{"taxonomy":"product_brand","embeddable":true,"href":"https:\/\/emo-shop.com\/hr\/wp-json\/wp\/v2\/product_brand?post=33756"},{"taxonomy":"product_cat","embeddable":true,"href":"https:\/\/emo-shop.com\/hr\/wp-json\/wp\/v2\/product_cat?post=33756"},{"taxonomy":"product_tag","embeddable":true,"href":"https:\/\/emo-shop.com\/hr\/wp-json\/wp\/v2\/product_tag?post=33756"}],"curies":[{"name":"wp","href":"https:\/\/api.w.org\/{rel}","templated":true}]}}