{"id":33735,"date":"2025-11-04T06:53:16","date_gmt":"2025-11-04T06:53:16","guid":{"rendered":"https:\/\/emo-shop.com\/izdelki\/bejz-vrc-037-l-slovenija\/"},"modified":"2026-02-03T12:32:46","modified_gmt":"2026-02-03T12:32:46","slug":"bez-loncic-037-l-slovenija","status":"publish","type":"product","link":"https:\/\/emo-shop.com\/hr\/izdelki\/bez-loncic-037-l-slovenija\/","title":{"rendered":"Be\u017e lon\u010di\u0107 0,37 l &quot;Slovenija&quot;"},"content":{"rendered":"<table class=\"shop_attributes\" style=\"height: 226px;\" width=\"1007\">\n<tbody>\n<tr>\n<th>Te\u017eina<\/th>\n<td class=\"product_weight\">0,14 kg<\/td>\n<\/tr>\n<tr>\n<th>Dimenzije<\/th>\n<td class=\"product_dimensions\"><strong>8.0 \u00d7 7.0 cm<\/strong><\/td>\n<\/tr>\n<\/tbody>\n<\/table>\n<div class=\"min-h-[20px] text-message flex flex-col items-start gap-3 whitespace-pre-wrap break-words [.text-message+&amp;]:mt-5 overflow-x-auto\">\n<div class=\"markdown prose w-full break-words dark:prose-invert light\">\n<p>Ova \u0161armantna \u0161alica od 0,37 l ukra\u0161ena je motivom srca i natpisom <em data-start=\"227\" data-end=\"239\">&#8220;Slovenija&#8221;<\/em>. Kombinacija minimalisti\u010dkog dizajna i tradicionalne emajlirane povr\u0161ine \u0161alici daje da\u0161ak topline i autenti\u010dnosti.<br data-start=\"391\" data-end=\"394\" \/>Izra\u0111ena je od visokokvalitetnog emajliranog lima, otpornog na visoke temperature, pogodnog za svakodnevnu upotrebu kod ku\u0107e, na putovanjima ili u prirodi. EMO<br data-start=\"536\" data-end=\"539\" \/>Celje \u0161alica \u2013 savr\u0161en poklon s du\u0161om, koji nosi poruku ljubavi iz Slovenije.<\/p>\n<p>Jeste li znali? EMO posu\u0111e za dom i ugostiteljstvo nudi:<\/p>\n<ul>\n<li><strong>Zdravi emajlirani kuhinjski pribor:<\/strong> Visokokvalitetni emajlirani kuhinjski pribor, idealan za pripremu va\u0161ih omiljenih jela.<\/li>\n<li><strong>Pogodno za sve plo\u010de za kuhanje:<\/strong> Pogodno za razli\u010dite vrste plo\u010da za kuhanje, uklju\u010duju\u0107i indukcijske plo\u010de.<\/li>\n<li><strong>Prikladno za alergi\u010dare:<\/strong> Bez nikla, tako\u0111er pogodno za osobe s alergijama.<\/li>\n<li><strong>Potpuno higijensko:<\/strong> 100 % higijenski besprijekorno posu\u0111e, jednostavno za \u010di\u0161\u0107enje i odr\u017eavanje.<\/li>\n<li><strong>Bez \u0161tetnih premaza:<\/strong> \u0160titimo va\u0161e zdravlje \u2013 tijekom zagrijavanja ne otpu\u0161taju se \u0161tetne tvari.<\/li>\n<li><strong>Ponosno slovensko:<\/strong> Proizvod slovenske proizvodnje, emajlirani posu\u0111e iz slovenske tvornice.<\/li>\n<\/ul>\n<p>Otkrijte eleganciju i zdravlje u jednom. EMO COOKWARE &#8211; Za ukusne obroke bez kompromisa.<\/p>\n<\/div>\n<\/div>\n","protected":false},"excerpt":{"rendered":"<p>Emajlirani lonac za sve vrste kuhala<\/p>\n","protected":false},"featured_media":33736,"comment_status":"open","ping_status":"closed","template":"","meta":[],"product_brand":[],"product_cat":[807],"product_tag":[953,798,902,955,956,957,808,954],"class_list":{"0":"post-33735","1":"product","2":"type-product","3":"status-publish","4":"has-post-thumbnail","6":"product_cat-loncici","7":"product_tag-emajlirani-lonac","8":"product_tag-emajlirano-posude","9":"product_tag-poslovni-pokloni","10":"product_tag-praktican-poklon","11":"product_tag-priprema-kave-kod-kuce","12":"product_tag-retro-kuhinjski-aparat","13":"product_tag-slovenska-kvaliteta","14":"product_tag-tiskana-salica","16":"first","17":"instock","18":"taxable","19":"shipping-taxable","20":"purchasable","21":"product-type-simple"},"yoast_head":"<!-- This site is optimized with the Yoast SEO plugin v27.4 - https:\/\/yoast.com\/product\/yoast-seo-wordpress\/ -->\n<title>Be\u017e lon\u010di\u0107 0,37 l &quot;Slovenija&quot; - Spletna trgovina s slovensko posodo - EMO ETT<\/title>\n<meta name=\"robots\" content=\"index, follow, max-snippet:-1, max-image-preview:large, max-video-preview:-1\" \/>\n<link rel=\"canonical\" href=\"https:\/\/emo-shop.com\/hr\/izdelki\/bez-loncic-037-l-slovenija\/\" \/>\n<meta property=\"og:locale\" content=\"hr_HR\" \/>\n<meta property=\"og:type\" content=\"article\" \/>\n<meta property=\"og:title\" content=\"Be\u017e lon\u010di\u0107 0,37 l &quot;Slovenija&quot; - Spletna trgovina s slovensko posodo - EMO ETT\" \/>\n<meta property=\"og:description\" content=\"Emajlirani lonac za sve vrste kuhala\" \/>\n<meta property=\"og:url\" content=\"https:\/\/emo-shop.com\/hr\/izdelki\/bez-loncic-037-l-slovenija\/\" \/>\n<meta property=\"og:site_name\" content=\"Spletna trgovina s slovensko posodo - EMO ETT\" \/>\n<meta property=\"article:publisher\" content=\"https:\/\/www.facebook.com\/EMOSLOVENIA\" \/>\n<meta property=\"article:modified_time\" content=\"2026-02-03T12:32:46+00:00\" \/>\n<meta property=\"og:image\" content=\"https:\/\/emo-shop.com\/wp-content\/uploads\/2025\/11\/bez-loncek-sLOVE.jpg\" \/>\n\t<meta property=\"og:image:width\" content=\"1000\" \/>\n\t<meta property=\"og:image:height\" content=\"850\" \/>\n\t<meta property=\"og:image:type\" content=\"image\/jpeg\" \/>\n<meta name=\"twitter:card\" content=\"summary_large_image\" \/>\n<meta name=\"twitter:label1\" content=\"Procijenjeno vrijeme \u010ditanja\" \/>\n\t<meta name=\"twitter:data1\" content=\"2 minute\" \/>\n<script type=\"application\/ld+json\" class=\"yoast-schema-graph\">{\"@context\":\"https:\\\/\\\/schema.org\",\"@graph\":[{\"@type\":\"WebPage\",\"@id\":\"https:\\\/\\\/emo-shop.com\\\/hr\\\/izdelki\\\/bez-loncic-037-l-slovenija\\\/\",\"url\":\"https:\\\/\\\/emo-shop.com\\\/hr\\\/izdelki\\\/bez-loncic-037-l-slovenija\\\/\",\"name\":\"Be\u017e lon\u010di\u0107 0,37 l &quot;Slovenija&quot; - Spletna trgovina s slovensko posodo - EMO ETT\",\"isPartOf\":{\"@id\":\"https:\\\/\\\/emo-shop.com\\\/hr\\\/#website\"},\"primaryImageOfPage\":{\"@id\":\"https:\\\/\\\/emo-shop.com\\\/hr\\\/izdelki\\\/bez-loncic-037-l-slovenija\\\/#primaryimage\"},\"image\":{\"@id\":\"https:\\\/\\\/emo-shop.com\\\/hr\\\/izdelki\\\/bez-loncic-037-l-slovenija\\\/#primaryimage\"},\"thumbnailUrl\":\"https:\\\/\\\/emo-shop.com\\\/wp-content\\\/uploads\\\/2025\\\/11\\\/bez-loncek-sLOVE.jpg\",\"datePublished\":\"2025-11-04T06:53:16+00:00\",\"dateModified\":\"2026-02-03T12:32:46+00:00\",\"breadcrumb\":{\"@id\":\"https:\\\/\\\/emo-shop.com\\\/hr\\\/izdelki\\\/bez-loncic-037-l-slovenija\\\/#breadcrumb\"},\"inLanguage\":\"hr\",\"potentialAction\":[{\"@type\":\"ReadAction\",\"target\":[\"https:\\\/\\\/emo-shop.com\\\/hr\\\/izdelki\\\/bez-loncic-037-l-slovenija\\\/\"]}]},{\"@type\":\"ImageObject\",\"inLanguage\":\"hr\",\"@id\":\"https:\\\/\\\/emo-shop.com\\\/hr\\\/izdelki\\\/bez-loncic-037-l-slovenija\\\/#primaryimage\",\"url\":\"https:\\\/\\\/emo-shop.com\\\/wp-content\\\/uploads\\\/2025\\\/11\\\/bez-loncek-sLOVE.jpg\",\"contentUrl\":\"https:\\\/\\\/emo-shop.com\\\/wp-content\\\/uploads\\\/2025\\\/11\\\/bez-loncek-sLOVE.jpg\",\"width\":1000,\"height\":850},{\"@type\":\"BreadcrumbList\",\"@id\":\"https:\\\/\\\/emo-shop.com\\\/hr\\\/izdelki\\\/bez-loncic-037-l-slovenija\\\/#breadcrumb\",\"itemListElement\":[{\"@type\":\"ListItem\",\"position\":1,\"name\":\"Home\",\"item\":\"https:\\\/\\\/emo-shop.com\\\/hr\\\/\"},{\"@type\":\"ListItem\",\"position\":2,\"name\":\"Trgovina\",\"item\":\"https:\\\/\\\/emo-shop.com\\\/hr\\\/trgovina\\\/\"},{\"@type\":\"ListItem\",\"position\":3,\"name\":\"Be\u017e lon\u010di\u0107 0,37 l &quot;Slovenija&quot;\"}]},{\"@type\":\"WebSite\",\"@id\":\"https:\\\/\\\/emo-shop.com\\\/hr\\\/#website\",\"url\":\"https:\\\/\\\/emo-shop.com\\\/hr\\\/\",\"name\":\"Spletna trgovina s slovensko posodo - EMO ETT\",\"description\":\"Spletna trgovina\",\"publisher\":{\"@id\":\"https:\\\/\\\/emo-shop.com\\\/hr\\\/#organization\"},\"potentialAction\":[{\"@type\":\"SearchAction\",\"target\":{\"@type\":\"EntryPoint\",\"urlTemplate\":\"https:\\\/\\\/emo-shop.com\\\/hr\\\/?s={search_term_string}\"},\"query-input\":{\"@type\":\"PropertyValueSpecification\",\"valueRequired\":true,\"valueName\":\"search_term_string\"}}],\"inLanguage\":\"hr\"},{\"@type\":\"Organization\",\"@id\":\"https:\\\/\\\/emo-shop.com\\\/hr\\\/#organization\",\"name\":\"Spletna trgovina s slovensko posodo - EMO ETT\",\"url\":\"https:\\\/\\\/emo-shop.com\\\/hr\\\/\",\"logo\":{\"@type\":\"ImageObject\",\"inLanguage\":\"hr\",\"@id\":\"https:\\\/\\\/emo-shop.com\\\/hr\\\/#\\\/schema\\\/logo\\\/image\\\/\",\"url\":\"https:\\\/\\\/emo-shop.com\\\/wp-content\\\/uploads\\\/2024\\\/07\\\/favicon.jpg\",\"contentUrl\":\"https:\\\/\\\/emo-shop.com\\\/wp-content\\\/uploads\\\/2024\\\/07\\\/favicon.jpg\",\"width\":512,\"height\":512,\"caption\":\"Spletna trgovina s slovensko posodo - EMO ETT\"},\"image\":{\"@id\":\"https:\\\/\\\/emo-shop.com\\\/hr\\\/#\\\/schema\\\/logo\\\/image\\\/\"},\"sameAs\":[\"https:\\\/\\\/www.facebook.com\\\/EMOSLOVENIA\"]}]}<\/script>\n<!-- \/ Yoast SEO plugin. -->","yoast_head_json":{"title":"Be\u017e lon\u010di\u0107 0,37 l &quot;Slovenija&quot; - Spletna trgovina s slovensko posodo - EMO ETT","robots":{"index":"index","follow":"follow","max-snippet":"max-snippet:-1","max-image-preview":"max-image-preview:large","max-video-preview":"max-video-preview:-1"},"canonical":"https:\/\/emo-shop.com\/hr\/izdelki\/bez-loncic-037-l-slovenija\/","og_locale":"hr_HR","og_type":"article","og_title":"Be\u017e lon\u010di\u0107 0,37 l &quot;Slovenija&quot; - Spletna trgovina s slovensko posodo - EMO ETT","og_description":"Emajlirani lonac za sve vrste kuhala","og_url":"https:\/\/emo-shop.com\/hr\/izdelki\/bez-loncic-037-l-slovenija\/","og_site_name":"Spletna trgovina s slovensko posodo - EMO ETT","article_publisher":"https:\/\/www.facebook.com\/EMOSLOVENIA","article_modified_time":"2026-02-03T12:32:46+00:00","og_image":[{"width":1000,"height":850,"url":"https:\/\/emo-shop.com\/wp-content\/uploads\/2025\/11\/bez-loncek-sLOVE.jpg","type":"image\/jpeg"}],"twitter_card":"summary_large_image","twitter_misc":{"Procijenjeno vrijeme \u010ditanja":"2 minute"},"schema":{"@context":"https:\/\/schema.org","@graph":[{"@type":"WebPage","@id":"https:\/\/emo-shop.com\/hr\/izdelki\/bez-loncic-037-l-slovenija\/","url":"https:\/\/emo-shop.com\/hr\/izdelki\/bez-loncic-037-l-slovenija\/","name":"Be\u017e lon\u010di\u0107 0,37 l &quot;Slovenija&quot; - Spletna trgovina s slovensko posodo - EMO ETT","isPartOf":{"@id":"https:\/\/emo-shop.com\/hr\/#website"},"primaryImageOfPage":{"@id":"https:\/\/emo-shop.com\/hr\/izdelki\/bez-loncic-037-l-slovenija\/#primaryimage"},"image":{"@id":"https:\/\/emo-shop.com\/hr\/izdelki\/bez-loncic-037-l-slovenija\/#primaryimage"},"thumbnailUrl":"https:\/\/emo-shop.com\/wp-content\/uploads\/2025\/11\/bez-loncek-sLOVE.jpg","datePublished":"2025-11-04T06:53:16+00:00","dateModified":"2026-02-03T12:32:46+00:00","breadcrumb":{"@id":"https:\/\/emo-shop.com\/hr\/izdelki\/bez-loncic-037-l-slovenija\/#breadcrumb"},"inLanguage":"hr","potentialAction":[{"@type":"ReadAction","target":["https:\/\/emo-shop.com\/hr\/izdelki\/bez-loncic-037-l-slovenija\/"]}]},{"@type":"ImageObject","inLanguage":"hr","@id":"https:\/\/emo-shop.com\/hr\/izdelki\/bez-loncic-037-l-slovenija\/#primaryimage","url":"https:\/\/emo-shop.com\/wp-content\/uploads\/2025\/11\/bez-loncek-sLOVE.jpg","contentUrl":"https:\/\/emo-shop.com\/wp-content\/uploads\/2025\/11\/bez-loncek-sLOVE.jpg","width":1000,"height":850},{"@type":"BreadcrumbList","@id":"https:\/\/emo-shop.com\/hr\/izdelki\/bez-loncic-037-l-slovenija\/#breadcrumb","itemListElement":[{"@type":"ListItem","position":1,"name":"Home","item":"https:\/\/emo-shop.com\/hr\/"},{"@type":"ListItem","position":2,"name":"Trgovina","item":"https:\/\/emo-shop.com\/hr\/trgovina\/"},{"@type":"ListItem","position":3,"name":"Be\u017e lon\u010di\u0107 0,37 l &quot;Slovenija&quot;"}]},{"@type":"WebSite","@id":"https:\/\/emo-shop.com\/hr\/#website","url":"https:\/\/emo-shop.com\/hr\/","name":"Spletna trgovina s slovensko posodo - EMO ETT","description":"Spletna trgovina","publisher":{"@id":"https:\/\/emo-shop.com\/hr\/#organization"},"potentialAction":[{"@type":"SearchAction","target":{"@type":"EntryPoint","urlTemplate":"https:\/\/emo-shop.com\/hr\/?s={search_term_string}"},"query-input":{"@type":"PropertyValueSpecification","valueRequired":true,"valueName":"search_term_string"}}],"inLanguage":"hr"},{"@type":"Organization","@id":"https:\/\/emo-shop.com\/hr\/#organization","name":"Spletna trgovina s slovensko posodo - EMO ETT","url":"https:\/\/emo-shop.com\/hr\/","logo":{"@type":"ImageObject","inLanguage":"hr","@id":"https:\/\/emo-shop.com\/hr\/#\/schema\/logo\/image\/","url":"https:\/\/emo-shop.com\/wp-content\/uploads\/2024\/07\/favicon.jpg","contentUrl":"https:\/\/emo-shop.com\/wp-content\/uploads\/2024\/07\/favicon.jpg","width":512,"height":512,"caption":"Spletna trgovina s slovensko posodo - EMO ETT"},"image":{"@id":"https:\/\/emo-shop.com\/hr\/#\/schema\/logo\/image\/"},"sameAs":["https:\/\/www.facebook.com\/EMOSLOVENIA"]}]}},"_links":{"self":[{"href":"https:\/\/emo-shop.com\/hr\/wp-json\/wp\/v2\/product\/33735","targetHints":{"allow":["GET"]}}],"collection":[{"href":"https:\/\/emo-shop.com\/hr\/wp-json\/wp\/v2\/product"}],"about":[{"href":"https:\/\/emo-shop.com\/hr\/wp-json\/wp\/v2\/types\/product"}],"replies":[{"embeddable":true,"href":"https:\/\/emo-shop.com\/hr\/wp-json\/wp\/v2\/comments?post=33735"}],"version-history":[{"count":0,"href":"https:\/\/emo-shop.com\/hr\/wp-json\/wp\/v2\/product\/33735\/revisions"}],"wp:featuredmedia":[{"embeddable":true,"href":"https:\/\/emo-shop.com\/hr\/wp-json\/wp\/v2\/media\/33736"}],"wp:attachment":[{"href":"https:\/\/emo-shop.com\/hr\/wp-json\/wp\/v2\/media?parent=33735"}],"wp:term":[{"taxonomy":"product_brand","embeddable":true,"href":"https:\/\/emo-shop.com\/hr\/wp-json\/wp\/v2\/product_brand?post=33735"},{"taxonomy":"product_cat","embeddable":true,"href":"https:\/\/emo-shop.com\/hr\/wp-json\/wp\/v2\/product_cat?post=33735"},{"taxonomy":"product_tag","embeddable":true,"href":"https:\/\/emo-shop.com\/hr\/wp-json\/wp\/v2\/product_tag?post=33735"}],"curies":[{"name":"wp","href":"https:\/\/api.w.org\/{rel}","templated":true}]}}