{"id":35635,"date":"2024-07-30T10:27:14","date_gmt":"2024-07-30T10:27:14","guid":{"rendered":"https:\/\/emo-shop.com\/izdelki\/lekue-spoon-for-steam-cooker\/"},"modified":"2024-07-30T10:27:14","modified_gmt":"2024-07-30T10:27:14","slug":"lekue-spoon-for-steam-cooker","status":"publish","type":"product","link":"https:\/\/emo-shop.com\/en\/izdelki\/lekue-spoon-for-steam-cooker\/","title":{"rendered":"L\u00e9ku\u00e9 spoon for steam cooker"},"content":{"rendered":"<div class=\"min-h-[20px] text-message flex flex-col items-start gap-3 whitespace-pre-wrap break-words [.text-message+&#038;]:mt-5 overflow-x-auto\">\n<div class=\"markdown prose w-full break-words dark:prose-invert light\">\n<p>The L\u00e9ku\u00e9 steamer spoon, red, is a kitchen tool specially designed and developed to work perfectly with steamers. Here are some of its key features:<\/p>\n<ul>\n<li><strong>Material:<\/strong> Made of nylon, ensuring durability and a long service life.<\/li>\n<li><strong>Design:<\/strong> Specially designed to fit perfectly and work effectively with steam cookers.<\/li>\n<li><strong>Weight:<\/strong> Lightweight for easy handling and use, making kitchen work easier.<\/li>\n<li><strong>Durability:<\/strong> The spoon is wear-resistant, ensuring a long service life.<\/li>\n<li><strong>Ease of use:<\/strong> Comfortable and easy to use, ensuring a user-friendly experience in the kitchen.<\/li>\n<li><strong>Dishwasher safe:<\/strong> Designed to be dishwasher safe, making cleaning easy.<\/li>\n<\/ul>\n<p><em>Product dimensions:<\/em><\/p>\n<ul>\n<li><strong>Dimensions:<\/strong> 22.7 x 11.4 x 5.2 cm<\/li>\n<li><strong>Weight:<\/strong> 10 grams<\/li>\n<\/ul>\n<\/div>\n<\/div>\n<h3 id=\"tw-target-text\" class=\"tw-data-text tw-text-large tw-ta\" dir=\"ltr\" style=\"text-align: left;\"><\/h3>\n","protected":false},"excerpt":{"rendered":"<p>L\u00e9ku\u00e9 spoon for steam cooker<\/p>\n","protected":false},"featured_media":35636,"comment_status":"open","ping_status":"closed","template":"","meta":[],"product_brand":[],"product_cat":[903],"product_tag":[],"class_list":{"0":"post-35635","1":"product","2":"type-product","3":"status-publish","4":"has-post-thumbnail","6":"product_cat-brabantia-lekue","8":"first","9":"instock","10":"taxable","11":"shipping-taxable","12":"purchasable","13":"product-type-simple"},"yoast_head":"<!-- This site is optimized with the Yoast SEO plugin v27.4 - https:\/\/yoast.com\/product\/yoast-seo-wordpress\/ -->\n<title>L\u00e9ku\u00e9 spoon for steam cooker - Spletna trgovina s slovensko posodo - EMO ETT<\/title>\n<meta name=\"robots\" content=\"index, follow, max-snippet:-1, max-image-preview:large, max-video-preview:-1\" \/>\n<link rel=\"canonical\" href=\"https:\/\/emo-shop.com\/en\/izdelki\/lekue-spoon-for-steam-cooker\/\" \/>\n<meta property=\"og:locale\" content=\"en_US\" \/>\n<meta property=\"og:type\" content=\"article\" \/>\n<meta property=\"og:title\" content=\"L\u00e9ku\u00e9 spoon for steam cooker - Spletna trgovina s slovensko posodo - EMO ETT\" \/>\n<meta property=\"og:description\" content=\"L\u00e9ku\u00e9 spoon for steam cooker\" \/>\n<meta property=\"og:url\" content=\"https:\/\/emo-shop.com\/en\/izdelki\/lekue-spoon-for-steam-cooker\/\" \/>\n<meta property=\"og:site_name\" content=\"Spletna trgovina s slovensko posodo - EMO ETT\" \/>\n<meta property=\"article:publisher\" content=\"https:\/\/www.facebook.com\/EMOSLOVENIA\" \/>\n<meta property=\"og:image\" content=\"https:\/\/emo-shop.com\/wp-content\/uploads\/2024\/07\/1211.jpg\" \/>\n\t<meta property=\"og:image:width\" content=\"800\" \/>\n\t<meta property=\"og:image:height\" content=\"600\" \/>\n\t<meta property=\"og:image:type\" content=\"image\/jpeg\" \/>\n<meta name=\"twitter:card\" content=\"summary_large_image\" \/>\n<meta name=\"twitter:label1\" content=\"Est. reading time\" \/>\n\t<meta name=\"twitter:data1\" content=\"1 minute\" \/>\n<script type=\"application\/ld+json\" class=\"yoast-schema-graph\">{\"@context\":\"https:\\\/\\\/schema.org\",\"@graph\":[{\"@type\":\"WebPage\",\"@id\":\"https:\\\/\\\/emo-shop.com\\\/en\\\/izdelki\\\/lekue-spoon-for-steam-cooker\\\/\",\"url\":\"https:\\\/\\\/emo-shop.com\\\/en\\\/izdelki\\\/lekue-spoon-for-steam-cooker\\\/\",\"name\":\"L\u00e9ku\u00e9 spoon for steam cooker - Spletna trgovina s slovensko posodo - EMO ETT\",\"isPartOf\":{\"@id\":\"https:\\\/\\\/emo-shop.com\\\/en\\\/#website\"},\"primaryImageOfPage\":{\"@id\":\"https:\\\/\\\/emo-shop.com\\\/en\\\/izdelki\\\/lekue-spoon-for-steam-cooker\\\/#primaryimage\"},\"image\":{\"@id\":\"https:\\\/\\\/emo-shop.com\\\/en\\\/izdelki\\\/lekue-spoon-for-steam-cooker\\\/#primaryimage\"},\"thumbnailUrl\":\"https:\\\/\\\/emo-shop.com\\\/wp-content\\\/uploads\\\/2024\\\/07\\\/1211.jpg\",\"datePublished\":\"2024-07-30T10:27:14+00:00\",\"breadcrumb\":{\"@id\":\"https:\\\/\\\/emo-shop.com\\\/en\\\/izdelki\\\/lekue-spoon-for-steam-cooker\\\/#breadcrumb\"},\"inLanguage\":\"en-US\",\"potentialAction\":[{\"@type\":\"ReadAction\",\"target\":[\"https:\\\/\\\/emo-shop.com\\\/en\\\/izdelki\\\/lekue-spoon-for-steam-cooker\\\/\"]}]},{\"@type\":\"ImageObject\",\"inLanguage\":\"en-US\",\"@id\":\"https:\\\/\\\/emo-shop.com\\\/en\\\/izdelki\\\/lekue-spoon-for-steam-cooker\\\/#primaryimage\",\"url\":\"https:\\\/\\\/emo-shop.com\\\/wp-content\\\/uploads\\\/2024\\\/07\\\/1211.jpg\",\"contentUrl\":\"https:\\\/\\\/emo-shop.com\\\/wp-content\\\/uploads\\\/2024\\\/07\\\/1211.jpg\",\"width\":800,\"height\":600},{\"@type\":\"BreadcrumbList\",\"@id\":\"https:\\\/\\\/emo-shop.com\\\/en\\\/izdelki\\\/lekue-spoon-for-steam-cooker\\\/#breadcrumb\",\"itemListElement\":[{\"@type\":\"ListItem\",\"position\":1,\"name\":\"Home\",\"item\":\"https:\\\/\\\/emo-shop.com\\\/en\\\/\"},{\"@type\":\"ListItem\",\"position\":2,\"name\":\"Shop\",\"item\":\"https:\\\/\\\/emo-shop.com\\\/en\\\/shop\\\/\"},{\"@type\":\"ListItem\",\"position\":3,\"name\":\"L\u00e9ku\u00e9 spoon for steam cooker\"}]},{\"@type\":\"WebSite\",\"@id\":\"https:\\\/\\\/emo-shop.com\\\/en\\\/#website\",\"url\":\"https:\\\/\\\/emo-shop.com\\\/en\\\/\",\"name\":\"Spletna trgovina s slovensko posodo - EMO ETT\",\"description\":\"Spletna trgovina\",\"publisher\":{\"@id\":\"https:\\\/\\\/emo-shop.com\\\/en\\\/#organization\"},\"potentialAction\":[{\"@type\":\"SearchAction\",\"target\":{\"@type\":\"EntryPoint\",\"urlTemplate\":\"https:\\\/\\\/emo-shop.com\\\/en\\\/?s={search_term_string}\"},\"query-input\":{\"@type\":\"PropertyValueSpecification\",\"valueRequired\":true,\"valueName\":\"search_term_string\"}}],\"inLanguage\":\"en-US\"},{\"@type\":\"Organization\",\"@id\":\"https:\\\/\\\/emo-shop.com\\\/en\\\/#organization\",\"name\":\"Spletna trgovina s slovensko posodo - EMO ETT\",\"url\":\"https:\\\/\\\/emo-shop.com\\\/en\\\/\",\"logo\":{\"@type\":\"ImageObject\",\"inLanguage\":\"en-US\",\"@id\":\"https:\\\/\\\/emo-shop.com\\\/en\\\/#\\\/schema\\\/logo\\\/image\\\/\",\"url\":\"https:\\\/\\\/emo-shop.com\\\/wp-content\\\/uploads\\\/2024\\\/07\\\/favicon.jpg\",\"contentUrl\":\"https:\\\/\\\/emo-shop.com\\\/wp-content\\\/uploads\\\/2024\\\/07\\\/favicon.jpg\",\"width\":512,\"height\":512,\"caption\":\"Spletna trgovina s slovensko posodo - EMO ETT\"},\"image\":{\"@id\":\"https:\\\/\\\/emo-shop.com\\\/en\\\/#\\\/schema\\\/logo\\\/image\\\/\"},\"sameAs\":[\"https:\\\/\\\/www.facebook.com\\\/EMOSLOVENIA\"]}]}<\/script>\n<!-- \/ Yoast SEO plugin. -->","yoast_head_json":{"title":"L\u00e9ku\u00e9 spoon for steam cooker - Spletna trgovina s slovensko posodo - EMO ETT","robots":{"index":"index","follow":"follow","max-snippet":"max-snippet:-1","max-image-preview":"max-image-preview:large","max-video-preview":"max-video-preview:-1"},"canonical":"https:\/\/emo-shop.com\/en\/izdelki\/lekue-spoon-for-steam-cooker\/","og_locale":"en_US","og_type":"article","og_title":"L\u00e9ku\u00e9 spoon for steam cooker - Spletna trgovina s slovensko posodo - EMO ETT","og_description":"L\u00e9ku\u00e9 spoon for steam cooker","og_url":"https:\/\/emo-shop.com\/en\/izdelki\/lekue-spoon-for-steam-cooker\/","og_site_name":"Spletna trgovina s slovensko posodo - EMO ETT","article_publisher":"https:\/\/www.facebook.com\/EMOSLOVENIA","og_image":[{"width":800,"height":600,"url":"https:\/\/emo-shop.com\/wp-content\/uploads\/2024\/07\/1211.jpg","type":"image\/jpeg"}],"twitter_card":"summary_large_image","twitter_misc":{"Est. reading time":"1 minute"},"schema":{"@context":"https:\/\/schema.org","@graph":[{"@type":"WebPage","@id":"https:\/\/emo-shop.com\/en\/izdelki\/lekue-spoon-for-steam-cooker\/","url":"https:\/\/emo-shop.com\/en\/izdelki\/lekue-spoon-for-steam-cooker\/","name":"L\u00e9ku\u00e9 spoon for steam cooker - Spletna trgovina s slovensko posodo - EMO ETT","isPartOf":{"@id":"https:\/\/emo-shop.com\/en\/#website"},"primaryImageOfPage":{"@id":"https:\/\/emo-shop.com\/en\/izdelki\/lekue-spoon-for-steam-cooker\/#primaryimage"},"image":{"@id":"https:\/\/emo-shop.com\/en\/izdelki\/lekue-spoon-for-steam-cooker\/#primaryimage"},"thumbnailUrl":"https:\/\/emo-shop.com\/wp-content\/uploads\/2024\/07\/1211.jpg","datePublished":"2024-07-30T10:27:14+00:00","breadcrumb":{"@id":"https:\/\/emo-shop.com\/en\/izdelki\/lekue-spoon-for-steam-cooker\/#breadcrumb"},"inLanguage":"en-US","potentialAction":[{"@type":"ReadAction","target":["https:\/\/emo-shop.com\/en\/izdelki\/lekue-spoon-for-steam-cooker\/"]}]},{"@type":"ImageObject","inLanguage":"en-US","@id":"https:\/\/emo-shop.com\/en\/izdelki\/lekue-spoon-for-steam-cooker\/#primaryimage","url":"https:\/\/emo-shop.com\/wp-content\/uploads\/2024\/07\/1211.jpg","contentUrl":"https:\/\/emo-shop.com\/wp-content\/uploads\/2024\/07\/1211.jpg","width":800,"height":600},{"@type":"BreadcrumbList","@id":"https:\/\/emo-shop.com\/en\/izdelki\/lekue-spoon-for-steam-cooker\/#breadcrumb","itemListElement":[{"@type":"ListItem","position":1,"name":"Home","item":"https:\/\/emo-shop.com\/en\/"},{"@type":"ListItem","position":2,"name":"Shop","item":"https:\/\/emo-shop.com\/en\/shop\/"},{"@type":"ListItem","position":3,"name":"L\u00e9ku\u00e9 spoon for steam cooker"}]},{"@type":"WebSite","@id":"https:\/\/emo-shop.com\/en\/#website","url":"https:\/\/emo-shop.com\/en\/","name":"Spletna trgovina s slovensko posodo - EMO ETT","description":"Spletna trgovina","publisher":{"@id":"https:\/\/emo-shop.com\/en\/#organization"},"potentialAction":[{"@type":"SearchAction","target":{"@type":"EntryPoint","urlTemplate":"https:\/\/emo-shop.com\/en\/?s={search_term_string}"},"query-input":{"@type":"PropertyValueSpecification","valueRequired":true,"valueName":"search_term_string"}}],"inLanguage":"en-US"},{"@type":"Organization","@id":"https:\/\/emo-shop.com\/en\/#organization","name":"Spletna trgovina s slovensko posodo - EMO ETT","url":"https:\/\/emo-shop.com\/en\/","logo":{"@type":"ImageObject","inLanguage":"en-US","@id":"https:\/\/emo-shop.com\/en\/#\/schema\/logo\/image\/","url":"https:\/\/emo-shop.com\/wp-content\/uploads\/2024\/07\/favicon.jpg","contentUrl":"https:\/\/emo-shop.com\/wp-content\/uploads\/2024\/07\/favicon.jpg","width":512,"height":512,"caption":"Spletna trgovina s slovensko posodo - EMO ETT"},"image":{"@id":"https:\/\/emo-shop.com\/en\/#\/schema\/logo\/image\/"},"sameAs":["https:\/\/www.facebook.com\/EMOSLOVENIA"]}]}},"_links":{"self":[{"href":"https:\/\/emo-shop.com\/en\/wp-json\/wp\/v2\/product\/35635","targetHints":{"allow":["GET"]}}],"collection":[{"href":"https:\/\/emo-shop.com\/en\/wp-json\/wp\/v2\/product"}],"about":[{"href":"https:\/\/emo-shop.com\/en\/wp-json\/wp\/v2\/types\/product"}],"replies":[{"embeddable":true,"href":"https:\/\/emo-shop.com\/en\/wp-json\/wp\/v2\/comments?post=35635"}],"version-history":[{"count":0,"href":"https:\/\/emo-shop.com\/en\/wp-json\/wp\/v2\/product\/35635\/revisions"}],"wp:featuredmedia":[{"embeddable":true,"href":"https:\/\/emo-shop.com\/en\/wp-json\/wp\/v2\/media\/35636"}],"wp:attachment":[{"href":"https:\/\/emo-shop.com\/en\/wp-json\/wp\/v2\/media?parent=35635"}],"wp:term":[{"taxonomy":"product_brand","embeddable":true,"href":"https:\/\/emo-shop.com\/en\/wp-json\/wp\/v2\/product_brand?post=35635"},{"taxonomy":"product_cat","embeddable":true,"href":"https:\/\/emo-shop.com\/en\/wp-json\/wp\/v2\/product_cat?post=35635"},{"taxonomy":"product_tag","embeddable":true,"href":"https:\/\/emo-shop.com\/en\/wp-json\/wp\/v2\/product_tag?post=35635"}],"curies":[{"name":"wp","href":"https:\/\/api.w.org\/{rel}","templated":true}]}}