{"id":36668,"date":"2024-07-30T10:25:03","date_gmt":"2024-07-30T10:25:03","guid":{"rendered":"https:\/\/emo-shop.com\/izdelki\/eterna-niedrige-pfanne\/"},"modified":"2024-07-30T10:25:03","modified_gmt":"2024-07-30T10:25:03","slug":"eterna-niedrige-pfanne","status":"publish","type":"product","link":"https:\/\/emo-shop.com\/de\/izdelki\/eterna-niedrige-pfanne\/","title":{"rendered":"Eterna niedrige Pfanne"},"content":{"rendered":"<h2>Die emaillierte flache Pfanne ETERNA ist ein schweres emailliertes Kochgeschirr mit langj\u00e4hriger Tradition und hervorragenden Kocheigenschaften.<\/h2>\n<p>Eterna ist ein schweres emailliertes Kochgeschirr mit langj\u00e4hriger Tradition und hervorragenden Kocheigenschaften. Es besteht aus 2 mm dickem Stahlblech und ist mit hochwertigem, schwarzem, s\u00e4urebest\u00e4ndigem Emaille emailliert. Dies gew\u00e4hrleistet eine lange Lebensdauer und, was am wichtigsten ist, dass die Speisen beim langen Kochen nicht am Boden festkleben. Eterna ist die K\u00f6nigin der K\u00fcche und eignet sich f\u00fcr alle Arten des Kochens, n\u00e4mlich: Zubereitung von Marmeladen, Braten, R\u00f6sten, Backen, saisonales Kochen. Das Sortiment von ETERNA ist sehr breit, Sie k\u00f6nnen zwischen T\u00f6pfen und hochwertigen niedrigen und hohen Pfannen w\u00e4hlen.<\/p>\n<p>\u00a0<\/p>\n<p><strong>Fertigungstoleranz<\/strong>: Bei der Herstellung von emaillierten T\u00f6pfen k\u00f6nnen geringf\u00fcgige Unterschiede in der Materialst\u00e4rke (Stahl) oder der Emaillebeschichtung auftreten. Diese geringf\u00fcgigen Unterschiede k\u00f6nnen zu Abweichungen im Gewicht der einzelnen T\u00f6pfe f\u00fchren, obwohl sie vom gleichen Typ und von gleicher Gr\u00f6\u00dfe sind.<\/p>\n<table style=\"height: 115px;\" width=\"625\">\n<tbody>\n<tr>\n<td>DURCHMESSER<\/td>\n<td>16 cm<\/td>\n<td>18<\/td>\n<td>20<\/td>\n<td>24<\/td>\n<td>28 cm<\/td>\n<td>32 cm<\/td>\n<td>36 cm<\/td>\n<td>40 cm<\/td>\n<td>48 cm<\/td>\n<td>52 cm<\/td>\n<\/tr>\n<tr>\n<td>H\u00f6he<\/td>\n<td>6,5 cm<\/td>\n<td>7 cm<\/td>\n<td>7,5 cm<\/td>\n<td>8,5 cm<\/td>\n<td>9,5 cm<\/td>\n<td>10 cm<\/td>\n<td>12 cm<\/td>\n<td>13,5 cm<\/td>\n<td>17 cm<\/td>\n<td>19,5 cm<\/td>\n<\/tr>\n<tr>\n<td>GEWICHT<\/td>\n<td>0,69 kg<\/td>\n<td>0,85 kg<\/td>\n<td>1,25 kg<\/td>\n<td>1,70 kg<\/td>\n<td>2,40 kg<\/td>\n<td>3 kg<\/td>\n<td>3,80 kg<\/td>\n<td>4,2 kg<\/td>\n<td>6,80 kg<\/td>\n<td>8,20 kg<\/td>\n<\/tr>\n<\/tbody>\n<\/table>\n","protected":false},"excerpt":{"rendered":"<p>Die emaillierte flache Pfanne ETERNA ist ein schweres emailliertes Kochgeschirr mit langj\u00e4hriger Tradition und hervorragenden Kocheigenschaften.<\/p>\n","protected":false},"featured_media":32429,"comment_status":"open","ping_status":"closed","template":"","meta":[],"product_brand":[],"product_cat":[934,915],"product_tag":[2105,2106,1377,2072,744,2073,2040,1772,1796],"class_list":{"0":"post-36668","1":"product","2":"type-product","3":"status-publish","4":"has-post-thumbnail","6":"product_cat-eterna","7":"product_cat-stielkasserollen","8":"product_tag-die-zeitlose-konigin-der-kuche","9":"product_tag-doppeltes-blech-mit-emaillebeschichtung","10":"product_tag-fuer-allergiker-geeignet","11":"product_tag-nachhaltige-qualitat-emo-celje","12":"product_tag-ohne-schadliche-beschichtungen","13":"product_tag-professionelle-zubereitung-von-speisen","14":"product_tag-restkartoffeln","15":"product_tag-retro-kuchengerat","16":"product_tag-slowenisches-geschirr","18":"first","19":"instock","20":"taxable","21":"shipping-taxable","22":"purchasable","23":"product-type-variable"},"yoast_head":"<!-- This site is optimized with the Yoast SEO plugin v27.4 - https:\/\/yoast.com\/product\/yoast-seo-wordpress\/ -->\n<title>Eterna niedrige Pfanne - Spletna trgovina s slovensko posodo - EMO ETT<\/title>\n<meta name=\"robots\" content=\"index, follow, max-snippet:-1, max-image-preview:large, max-video-preview:-1\" \/>\n<link rel=\"canonical\" href=\"https:\/\/emo-shop.com\/de\/izdelki\/eterna-niedrige-pfanne\/\" \/>\n<meta property=\"og:locale\" content=\"de_DE\" \/>\n<meta property=\"og:type\" content=\"article\" \/>\n<meta property=\"og:title\" content=\"Eterna niedrige Pfanne - Spletna trgovina s slovensko posodo - EMO ETT\" \/>\n<meta property=\"og:description\" content=\"Die emaillierte flache Pfanne ETERNA ist ein schweres emailliertes Kochgeschirr mit langj\u00e4hriger Tradition und hervorragenden Kocheigenschaften.\" \/>\n<meta property=\"og:url\" content=\"https:\/\/emo-shop.com\/de\/izdelki\/eterna-niedrige-pfanne\/\" \/>\n<meta property=\"og:site_name\" content=\"Spletna trgovina s slovensko posodo - EMO ETT\" \/>\n<meta property=\"article:publisher\" content=\"https:\/\/www.facebook.com\/EMOSLOVENIA\" \/>\n<meta property=\"og:image\" content=\"https:\/\/emo-shop.com\/wp-content\/uploads\/2024\/07\/NIZKA-ETERNA.png\" \/>\n\t<meta property=\"og:image:width\" content=\"698\" \/>\n\t<meta property=\"og:image:height\" content=\"357\" \/>\n\t<meta property=\"og:image:type\" content=\"image\/png\" \/>\n<meta name=\"twitter:card\" content=\"summary_large_image\" \/>\n<meta name=\"twitter:label1\" content=\"Gesch\u00e4tzte Lesezeit\" \/>\n\t<meta name=\"twitter:data1\" content=\"1\u00a0Minute\" \/>\n<script type=\"application\/ld+json\" class=\"yoast-schema-graph\">{\"@context\":\"https:\\\/\\\/schema.org\",\"@graph\":[{\"@type\":\"WebPage\",\"@id\":\"https:\\\/\\\/emo-shop.com\\\/de\\\/izdelki\\\/eterna-niedrige-pfanne\\\/\",\"url\":\"https:\\\/\\\/emo-shop.com\\\/de\\\/izdelki\\\/eterna-niedrige-pfanne\\\/\",\"name\":\"Eterna niedrige Pfanne - Spletna trgovina s slovensko posodo - EMO ETT\",\"isPartOf\":{\"@id\":\"https:\\\/\\\/emo-shop.com\\\/de\\\/#website\"},\"primaryImageOfPage\":{\"@id\":\"https:\\\/\\\/emo-shop.com\\\/de\\\/izdelki\\\/eterna-niedrige-pfanne\\\/#primaryimage\"},\"image\":{\"@id\":\"https:\\\/\\\/emo-shop.com\\\/de\\\/izdelki\\\/eterna-niedrige-pfanne\\\/#primaryimage\"},\"thumbnailUrl\":\"https:\\\/\\\/emo-shop.com\\\/wp-content\\\/uploads\\\/2024\\\/07\\\/NIZKA-ETERNA.png\",\"datePublished\":\"2024-07-30T10:25:03+00:00\",\"breadcrumb\":{\"@id\":\"https:\\\/\\\/emo-shop.com\\\/de\\\/izdelki\\\/eterna-niedrige-pfanne\\\/#breadcrumb\"},\"inLanguage\":\"de\",\"potentialAction\":[{\"@type\":\"ReadAction\",\"target\":[\"https:\\\/\\\/emo-shop.com\\\/de\\\/izdelki\\\/eterna-niedrige-pfanne\\\/\"]}]},{\"@type\":\"ImageObject\",\"inLanguage\":\"de\",\"@id\":\"https:\\\/\\\/emo-shop.com\\\/de\\\/izdelki\\\/eterna-niedrige-pfanne\\\/#primaryimage\",\"url\":\"https:\\\/\\\/emo-shop.com\\\/wp-content\\\/uploads\\\/2024\\\/07\\\/NIZKA-ETERNA.png\",\"contentUrl\":\"https:\\\/\\\/emo-shop.com\\\/wp-content\\\/uploads\\\/2024\\\/07\\\/NIZKA-ETERNA.png\",\"width\":698,\"height\":357},{\"@type\":\"BreadcrumbList\",\"@id\":\"https:\\\/\\\/emo-shop.com\\\/de\\\/izdelki\\\/eterna-niedrige-pfanne\\\/#breadcrumb\",\"itemListElement\":[{\"@type\":\"ListItem\",\"position\":1,\"name\":\"Home\",\"item\":\"https:\\\/\\\/emo-shop.com\\\/de\\\/\"},{\"@type\":\"ListItem\",\"position\":2,\"name\":\"Shop\",\"item\":\"https:\\\/\\\/emo-shop.com\\\/de\\\/shop\\\/\"},{\"@type\":\"ListItem\",\"position\":3,\"name\":\"Eterna niedrige Pfanne\"}]},{\"@type\":\"WebSite\",\"@id\":\"https:\\\/\\\/emo-shop.com\\\/de\\\/#website\",\"url\":\"https:\\\/\\\/emo-shop.com\\\/de\\\/\",\"name\":\"Spletna trgovina s slovensko posodo - EMO ETT\",\"description\":\"Spletna trgovina\",\"publisher\":{\"@id\":\"https:\\\/\\\/emo-shop.com\\\/de\\\/#organization\"},\"potentialAction\":[{\"@type\":\"SearchAction\",\"target\":{\"@type\":\"EntryPoint\",\"urlTemplate\":\"https:\\\/\\\/emo-shop.com\\\/de\\\/?s={search_term_string}\"},\"query-input\":{\"@type\":\"PropertyValueSpecification\",\"valueRequired\":true,\"valueName\":\"search_term_string\"}}],\"inLanguage\":\"de\"},{\"@type\":\"Organization\",\"@id\":\"https:\\\/\\\/emo-shop.com\\\/de\\\/#organization\",\"name\":\"Spletna trgovina s slovensko posodo - EMO ETT\",\"url\":\"https:\\\/\\\/emo-shop.com\\\/de\\\/\",\"logo\":{\"@type\":\"ImageObject\",\"inLanguage\":\"de\",\"@id\":\"https:\\\/\\\/emo-shop.com\\\/de\\\/#\\\/schema\\\/logo\\\/image\\\/\",\"url\":\"https:\\\/\\\/emo-shop.com\\\/wp-content\\\/uploads\\\/2024\\\/07\\\/favicon.jpg\",\"contentUrl\":\"https:\\\/\\\/emo-shop.com\\\/wp-content\\\/uploads\\\/2024\\\/07\\\/favicon.jpg\",\"width\":512,\"height\":512,\"caption\":\"Spletna trgovina s slovensko posodo - EMO ETT\"},\"image\":{\"@id\":\"https:\\\/\\\/emo-shop.com\\\/de\\\/#\\\/schema\\\/logo\\\/image\\\/\"},\"sameAs\":[\"https:\\\/\\\/www.facebook.com\\\/EMOSLOVENIA\"]}]}<\/script>\n<!-- \/ Yoast SEO plugin. -->","yoast_head_json":{"title":"Eterna niedrige Pfanne - Spletna trgovina s slovensko posodo - EMO ETT","robots":{"index":"index","follow":"follow","max-snippet":"max-snippet:-1","max-image-preview":"max-image-preview:large","max-video-preview":"max-video-preview:-1"},"canonical":"https:\/\/emo-shop.com\/de\/izdelki\/eterna-niedrige-pfanne\/","og_locale":"de_DE","og_type":"article","og_title":"Eterna niedrige Pfanne - Spletna trgovina s slovensko posodo - EMO ETT","og_description":"Die emaillierte flache Pfanne ETERNA ist ein schweres emailliertes Kochgeschirr mit langj\u00e4hriger Tradition und hervorragenden Kocheigenschaften.","og_url":"https:\/\/emo-shop.com\/de\/izdelki\/eterna-niedrige-pfanne\/","og_site_name":"Spletna trgovina s slovensko posodo - EMO ETT","article_publisher":"https:\/\/www.facebook.com\/EMOSLOVENIA","og_image":[{"width":698,"height":357,"url":"https:\/\/emo-shop.com\/wp-content\/uploads\/2024\/07\/NIZKA-ETERNA.png","type":"image\/png"}],"twitter_card":"summary_large_image","twitter_misc":{"Gesch\u00e4tzte Lesezeit":"1\u00a0Minute"},"schema":{"@context":"https:\/\/schema.org","@graph":[{"@type":"WebPage","@id":"https:\/\/emo-shop.com\/de\/izdelki\/eterna-niedrige-pfanne\/","url":"https:\/\/emo-shop.com\/de\/izdelki\/eterna-niedrige-pfanne\/","name":"Eterna niedrige Pfanne - Spletna trgovina s slovensko posodo - EMO ETT","isPartOf":{"@id":"https:\/\/emo-shop.com\/de\/#website"},"primaryImageOfPage":{"@id":"https:\/\/emo-shop.com\/de\/izdelki\/eterna-niedrige-pfanne\/#primaryimage"},"image":{"@id":"https:\/\/emo-shop.com\/de\/izdelki\/eterna-niedrige-pfanne\/#primaryimage"},"thumbnailUrl":"https:\/\/emo-shop.com\/wp-content\/uploads\/2024\/07\/NIZKA-ETERNA.png","datePublished":"2024-07-30T10:25:03+00:00","breadcrumb":{"@id":"https:\/\/emo-shop.com\/de\/izdelki\/eterna-niedrige-pfanne\/#breadcrumb"},"inLanguage":"de","potentialAction":[{"@type":"ReadAction","target":["https:\/\/emo-shop.com\/de\/izdelki\/eterna-niedrige-pfanne\/"]}]},{"@type":"ImageObject","inLanguage":"de","@id":"https:\/\/emo-shop.com\/de\/izdelki\/eterna-niedrige-pfanne\/#primaryimage","url":"https:\/\/emo-shop.com\/wp-content\/uploads\/2024\/07\/NIZKA-ETERNA.png","contentUrl":"https:\/\/emo-shop.com\/wp-content\/uploads\/2024\/07\/NIZKA-ETERNA.png","width":698,"height":357},{"@type":"BreadcrumbList","@id":"https:\/\/emo-shop.com\/de\/izdelki\/eterna-niedrige-pfanne\/#breadcrumb","itemListElement":[{"@type":"ListItem","position":1,"name":"Home","item":"https:\/\/emo-shop.com\/de\/"},{"@type":"ListItem","position":2,"name":"Shop","item":"https:\/\/emo-shop.com\/de\/shop\/"},{"@type":"ListItem","position":3,"name":"Eterna niedrige Pfanne"}]},{"@type":"WebSite","@id":"https:\/\/emo-shop.com\/de\/#website","url":"https:\/\/emo-shop.com\/de\/","name":"Spletna trgovina s slovensko posodo - EMO ETT","description":"Spletna trgovina","publisher":{"@id":"https:\/\/emo-shop.com\/de\/#organization"},"potentialAction":[{"@type":"SearchAction","target":{"@type":"EntryPoint","urlTemplate":"https:\/\/emo-shop.com\/de\/?s={search_term_string}"},"query-input":{"@type":"PropertyValueSpecification","valueRequired":true,"valueName":"search_term_string"}}],"inLanguage":"de"},{"@type":"Organization","@id":"https:\/\/emo-shop.com\/de\/#organization","name":"Spletna trgovina s slovensko posodo - EMO ETT","url":"https:\/\/emo-shop.com\/de\/","logo":{"@type":"ImageObject","inLanguage":"de","@id":"https:\/\/emo-shop.com\/de\/#\/schema\/logo\/image\/","url":"https:\/\/emo-shop.com\/wp-content\/uploads\/2024\/07\/favicon.jpg","contentUrl":"https:\/\/emo-shop.com\/wp-content\/uploads\/2024\/07\/favicon.jpg","width":512,"height":512,"caption":"Spletna trgovina s slovensko posodo - EMO ETT"},"image":{"@id":"https:\/\/emo-shop.com\/de\/#\/schema\/logo\/image\/"},"sameAs":["https:\/\/www.facebook.com\/EMOSLOVENIA"]}]}},"_links":{"self":[{"href":"https:\/\/emo-shop.com\/de\/wp-json\/wp\/v2\/product\/36668","targetHints":{"allow":["GET"]}}],"collection":[{"href":"https:\/\/emo-shop.com\/de\/wp-json\/wp\/v2\/product"}],"about":[{"href":"https:\/\/emo-shop.com\/de\/wp-json\/wp\/v2\/types\/product"}],"replies":[{"embeddable":true,"href":"https:\/\/emo-shop.com\/de\/wp-json\/wp\/v2\/comments?post=36668"}],"version-history":[{"count":0,"href":"https:\/\/emo-shop.com\/de\/wp-json\/wp\/v2\/product\/36668\/revisions"}],"wp:featuredmedia":[{"embeddable":true,"href":"https:\/\/emo-shop.com\/de\/wp-json\/wp\/v2\/media\/32429"}],"wp:attachment":[{"href":"https:\/\/emo-shop.com\/de\/wp-json\/wp\/v2\/media?parent=36668"}],"wp:term":[{"taxonomy":"product_brand","embeddable":true,"href":"https:\/\/emo-shop.com\/de\/wp-json\/wp\/v2\/product_brand?post=36668"},{"taxonomy":"product_cat","embeddable":true,"href":"https:\/\/emo-shop.com\/de\/wp-json\/wp\/v2\/product_cat?post=36668"},{"taxonomy":"product_tag","embeddable":true,"href":"https:\/\/emo-shop.com\/de\/wp-json\/wp\/v2\/product_tag?post=36668"}],"curies":[{"name":"wp","href":"https:\/\/api.w.org\/{rel}","templated":true}]}}