{"id":36572,"date":"2024-07-30T10:28:28","date_gmt":"2024-07-30T10:28:28","guid":{"rendered":"https:\/\/emo-shop.com\/izdelki\/backset-schaufel-und-backform-fuer-mini-baguettes-3-1\/"},"modified":"2024-07-30T10:28:28","modified_gmt":"2024-07-30T10:28:28","slug":"backset-schaufel-und-backform-fuer-mini-baguettes-3-1","status":"publish","type":"product","link":"https:\/\/emo-shop.com\/de\/izdelki\/backset-schaufel-und-backform-fuer-mini-baguettes-3-1\/","title":{"rendered":"Backset, Schaufel und Backform f\u00fcr Mini-Baguettes 3\/1"},"content":{"rendered":"<h5 data-start=\"79\" data-end=\"119\"><strong>Backset f\u00fcr selbstgebackenes Brot<\/strong><\/h5>\n<h5 data-start=\"121\" data-end=\"270\"><strong>Beginnen Sie Ihr Abenteuer mit diesem Set, das alles enth\u00e4lt, was Sie f\u00fcr die Zubereitung von selbstgebackenem Brot ben\u00f6tigen. Einfach, praktisch und ohne Unordnung.<\/strong><\/h5>\n<h5 data-start=\"272\" data-end=\"303\"><strong>Im Set erhalten Sie:<\/strong><\/h5>\n<h5 data-start=\"304\" data-end=\"674\"><strong>\u2714 Brotbackform \u2013 einfache Zubereitung in einem Beh\u00e4lter: Zutaten abwiegen, kneten und backen, ohne unn\u00f6tiges Reinigen.<\/strong><br data-start=\"427\" data-end=\"430\" \/><strong>\u2714 Form f\u00fcr Mini-Baguettes \u2013 das mikroperforierte Design sorgt f\u00fcr eine knusprige Kruste und verhindert einen feuchten Boden.<\/strong><br data-start=\"540\" data-end=\"543\" \/><strong>\u2714 Praktischer L\u00f6ffel zum einfachen Abmessen der Zutaten.<\/strong><br data-start=\"596\" data-end=\"599\" \/><strong>\u2714 Rezepte und Anleitungen \u2013 Schritt f\u00fcr Schritt zum perfekten selbstgebackenen Brot.<\/strong><\/h5>\n<h5 data-start=\"676\" data-end=\"697\"><strong>Abmessungen:<\/strong><\/h5>\n<h5 data-start=\"698\" data-end=\"811\"><strong>\ud83d\udccf Brotbackform<\/strong>: 280 x 230 x 130 mm, f\u00fcr 700 g Mehl<br data-start=\"738\" data-end=\"741\" \/>\ud83d\udccf Form f\u00fcr Mini-Baguettes: 170 x 53 x 20 mm<br data-start=\"786\" data-end=\"789\" \/>\ud83d\udccf L\u00f6ffel: 270 mm<\/h5>\n<h5 data-start=\"813\" data-end=\"936\">Mit diesem Set erlernen Sie schnell die Grundlagen des Backens und k\u00f6nnen den wunderbaren Duft und Geschmack von frisch gebackenem Brot zu Hause genie\u00dfen. \ud83e\udd56\ud83c\udf5e<\/h5>\n<ul>\n<li>\n<h5><span style=\"color: #000000;\">Material: 100 % platinbeschichtetes Silikon <\/span><\/h5>\n<\/li>\n<\/ul>\n<ul>\n<li>\n<h5><span style=\"color: #000000;\">Temperatur: -60 \u00b0C \/ + 220 \u00b0C <\/span><\/h5>\n<\/li>\n<li>\n<h5><span style=\"color: #000000;\">Geeignet f\u00fcr: Backofen, Mikrowelle, Geschirrsp\u00fcler, K\u00fchlschrank <\/span><\/h5>\n<\/li>\n<\/ul>\n<p><span style=\"color: #000000;\"><a href=\"https:\/\/youtu.be\/mLP3OJBcHe4\">VIDEO-BEISPIEL F\u00dcR DIE VERWENDUNG<\/a><\/span><\/p>\n","protected":false},"excerpt":{"rendered":"<h3>Backset f\u00fcr Brot von L\u00c9KU\u00c9<\/h3>\n","protected":false},"featured_media":36573,"comment_status":"open","ping_status":"closed","template":"","meta":[],"product_brand":[],"product_cat":[764],"product_tag":[],"class_list":{"0":"post-36572","1":"product","2":"type-product","3":"status-publish","4":"has-post-thumbnail","6":"product_cat-brabantia-lekue","8":"first","9":"instock","10":"taxable","11":"shipping-taxable","12":"purchasable","13":"product-type-simple"},"yoast_head":"<!-- This site is optimized with the Yoast SEO plugin v27.4 - https:\/\/yoast.com\/product\/yoast-seo-wordpress\/ -->\n<title>Backset, Schaufel und Backform f\u00fcr Mini-Baguettes 3\/1 - Spletna trgovina s slovensko posodo - EMO ETT<\/title>\n<meta name=\"robots\" content=\"index, follow, max-snippet:-1, max-image-preview:large, max-video-preview:-1\" \/>\n<link rel=\"canonical\" href=\"https:\/\/emo-shop.com\/de\/izdelki\/backset-schaufel-und-backform-fuer-mini-baguettes-3-1\/\" \/>\n<meta property=\"og:locale\" content=\"de_DE\" \/>\n<meta property=\"og:type\" content=\"article\" \/>\n<meta property=\"og:title\" content=\"Backset, Schaufel und Backform f\u00fcr Mini-Baguettes 3\/1 - Spletna trgovina s slovensko posodo - EMO ETT\" \/>\n<meta property=\"og:description\" content=\"Backset f\u00fcr Brot von L\u00c9KU\u00c9\" \/>\n<meta property=\"og:url\" content=\"https:\/\/emo-shop.com\/de\/izdelki\/backset-schaufel-und-backform-fuer-mini-baguettes-3-1\/\" \/>\n<meta property=\"og:site_name\" content=\"Spletna trgovina s slovensko posodo - EMO ETT\" \/>\n<meta property=\"article:publisher\" content=\"https:\/\/www.facebook.com\/EMOSLOVENIA\" \/>\n<meta property=\"og:image\" content=\"https:\/\/emo-shop.com\/wp-content\/uploads\/2024\/07\/1169.jpg\" \/>\n\t<meta property=\"og:image:width\" content=\"800\" \/>\n\t<meta property=\"og:image:height\" content=\"600\" \/>\n\t<meta property=\"og:image:type\" content=\"image\/jpeg\" \/>\n<meta name=\"twitter:card\" content=\"summary_large_image\" \/>\n<meta name=\"twitter:label1\" content=\"Gesch\u00e4tzte Lesezeit\" \/>\n\t<meta name=\"twitter:data1\" content=\"1\u00a0Minute\" \/>\n<script type=\"application\/ld+json\" class=\"yoast-schema-graph\">{\"@context\":\"https:\\\/\\\/schema.org\",\"@graph\":[{\"@type\":\"WebPage\",\"@id\":\"https:\\\/\\\/emo-shop.com\\\/de\\\/izdelki\\\/backset-schaufel-und-backform-fuer-mini-baguettes-3-1\\\/\",\"url\":\"https:\\\/\\\/emo-shop.com\\\/de\\\/izdelki\\\/backset-schaufel-und-backform-fuer-mini-baguettes-3-1\\\/\",\"name\":\"Backset, Schaufel und Backform f\u00fcr Mini-Baguettes 3\\\/1 - Spletna trgovina s slovensko posodo - EMO ETT\",\"isPartOf\":{\"@id\":\"https:\\\/\\\/emo-shop.com\\\/de\\\/#website\"},\"primaryImageOfPage\":{\"@id\":\"https:\\\/\\\/emo-shop.com\\\/de\\\/izdelki\\\/backset-schaufel-und-backform-fuer-mini-baguettes-3-1\\\/#primaryimage\"},\"image\":{\"@id\":\"https:\\\/\\\/emo-shop.com\\\/de\\\/izdelki\\\/backset-schaufel-und-backform-fuer-mini-baguettes-3-1\\\/#primaryimage\"},\"thumbnailUrl\":\"https:\\\/\\\/emo-shop.com\\\/wp-content\\\/uploads\\\/2024\\\/07\\\/1169.jpg\",\"datePublished\":\"2024-07-30T10:28:28+00:00\",\"breadcrumb\":{\"@id\":\"https:\\\/\\\/emo-shop.com\\\/de\\\/izdelki\\\/backset-schaufel-und-backform-fuer-mini-baguettes-3-1\\\/#breadcrumb\"},\"inLanguage\":\"de\",\"potentialAction\":[{\"@type\":\"ReadAction\",\"target\":[\"https:\\\/\\\/emo-shop.com\\\/de\\\/izdelki\\\/backset-schaufel-und-backform-fuer-mini-baguettes-3-1\\\/\"]}]},{\"@type\":\"ImageObject\",\"inLanguage\":\"de\",\"@id\":\"https:\\\/\\\/emo-shop.com\\\/de\\\/izdelki\\\/backset-schaufel-und-backform-fuer-mini-baguettes-3-1\\\/#primaryimage\",\"url\":\"https:\\\/\\\/emo-shop.com\\\/wp-content\\\/uploads\\\/2024\\\/07\\\/1169.jpg\",\"contentUrl\":\"https:\\\/\\\/emo-shop.com\\\/wp-content\\\/uploads\\\/2024\\\/07\\\/1169.jpg\",\"width\":800,\"height\":600},{\"@type\":\"BreadcrumbList\",\"@id\":\"https:\\\/\\\/emo-shop.com\\\/de\\\/izdelki\\\/backset-schaufel-und-backform-fuer-mini-baguettes-3-1\\\/#breadcrumb\",\"itemListElement\":[{\"@type\":\"ListItem\",\"position\":1,\"name\":\"Home\",\"item\":\"https:\\\/\\\/emo-shop.com\\\/de\\\/\"},{\"@type\":\"ListItem\",\"position\":2,\"name\":\"Shop\",\"item\":\"https:\\\/\\\/emo-shop.com\\\/de\\\/shop\\\/\"},{\"@type\":\"ListItem\",\"position\":3,\"name\":\"Backset, Schaufel und Backform f\u00fcr Mini-Baguettes 3\\\/1\"}]},{\"@type\":\"WebSite\",\"@id\":\"https:\\\/\\\/emo-shop.com\\\/de\\\/#website\",\"url\":\"https:\\\/\\\/emo-shop.com\\\/de\\\/\",\"name\":\"Spletna trgovina s slovensko posodo - EMO ETT\",\"description\":\"Spletna trgovina\",\"publisher\":{\"@id\":\"https:\\\/\\\/emo-shop.com\\\/de\\\/#organization\"},\"potentialAction\":[{\"@type\":\"SearchAction\",\"target\":{\"@type\":\"EntryPoint\",\"urlTemplate\":\"https:\\\/\\\/emo-shop.com\\\/de\\\/?s={search_term_string}\"},\"query-input\":{\"@type\":\"PropertyValueSpecification\",\"valueRequired\":true,\"valueName\":\"search_term_string\"}}],\"inLanguage\":\"de\"},{\"@type\":\"Organization\",\"@id\":\"https:\\\/\\\/emo-shop.com\\\/de\\\/#organization\",\"name\":\"Spletna trgovina s slovensko posodo - EMO ETT\",\"url\":\"https:\\\/\\\/emo-shop.com\\\/de\\\/\",\"logo\":{\"@type\":\"ImageObject\",\"inLanguage\":\"de\",\"@id\":\"https:\\\/\\\/emo-shop.com\\\/de\\\/#\\\/schema\\\/logo\\\/image\\\/\",\"url\":\"https:\\\/\\\/emo-shop.com\\\/wp-content\\\/uploads\\\/2024\\\/07\\\/favicon.jpg\",\"contentUrl\":\"https:\\\/\\\/emo-shop.com\\\/wp-content\\\/uploads\\\/2024\\\/07\\\/favicon.jpg\",\"width\":512,\"height\":512,\"caption\":\"Spletna trgovina s slovensko posodo - EMO ETT\"},\"image\":{\"@id\":\"https:\\\/\\\/emo-shop.com\\\/de\\\/#\\\/schema\\\/logo\\\/image\\\/\"},\"sameAs\":[\"https:\\\/\\\/www.facebook.com\\\/EMOSLOVENIA\"]}]}<\/script>\n<!-- \/ Yoast SEO plugin. -->","yoast_head_json":{"title":"Backset, Schaufel und Backform f\u00fcr Mini-Baguettes 3\/1 - Spletna trgovina s slovensko posodo - EMO ETT","robots":{"index":"index","follow":"follow","max-snippet":"max-snippet:-1","max-image-preview":"max-image-preview:large","max-video-preview":"max-video-preview:-1"},"canonical":"https:\/\/emo-shop.com\/de\/izdelki\/backset-schaufel-und-backform-fuer-mini-baguettes-3-1\/","og_locale":"de_DE","og_type":"article","og_title":"Backset, Schaufel und Backform f\u00fcr Mini-Baguettes 3\/1 - Spletna trgovina s slovensko posodo - EMO ETT","og_description":"Backset f\u00fcr Brot von L\u00c9KU\u00c9","og_url":"https:\/\/emo-shop.com\/de\/izdelki\/backset-schaufel-und-backform-fuer-mini-baguettes-3-1\/","og_site_name":"Spletna trgovina s slovensko posodo - EMO ETT","article_publisher":"https:\/\/www.facebook.com\/EMOSLOVENIA","og_image":[{"width":800,"height":600,"url":"https:\/\/emo-shop.com\/wp-content\/uploads\/2024\/07\/1169.jpg","type":"image\/jpeg"}],"twitter_card":"summary_large_image","twitter_misc":{"Gesch\u00e4tzte Lesezeit":"1\u00a0Minute"},"schema":{"@context":"https:\/\/schema.org","@graph":[{"@type":"WebPage","@id":"https:\/\/emo-shop.com\/de\/izdelki\/backset-schaufel-und-backform-fuer-mini-baguettes-3-1\/","url":"https:\/\/emo-shop.com\/de\/izdelki\/backset-schaufel-und-backform-fuer-mini-baguettes-3-1\/","name":"Backset, Schaufel und Backform f\u00fcr Mini-Baguettes 3\/1 - Spletna trgovina s slovensko posodo - EMO ETT","isPartOf":{"@id":"https:\/\/emo-shop.com\/de\/#website"},"primaryImageOfPage":{"@id":"https:\/\/emo-shop.com\/de\/izdelki\/backset-schaufel-und-backform-fuer-mini-baguettes-3-1\/#primaryimage"},"image":{"@id":"https:\/\/emo-shop.com\/de\/izdelki\/backset-schaufel-und-backform-fuer-mini-baguettes-3-1\/#primaryimage"},"thumbnailUrl":"https:\/\/emo-shop.com\/wp-content\/uploads\/2024\/07\/1169.jpg","datePublished":"2024-07-30T10:28:28+00:00","breadcrumb":{"@id":"https:\/\/emo-shop.com\/de\/izdelki\/backset-schaufel-und-backform-fuer-mini-baguettes-3-1\/#breadcrumb"},"inLanguage":"de","potentialAction":[{"@type":"ReadAction","target":["https:\/\/emo-shop.com\/de\/izdelki\/backset-schaufel-und-backform-fuer-mini-baguettes-3-1\/"]}]},{"@type":"ImageObject","inLanguage":"de","@id":"https:\/\/emo-shop.com\/de\/izdelki\/backset-schaufel-und-backform-fuer-mini-baguettes-3-1\/#primaryimage","url":"https:\/\/emo-shop.com\/wp-content\/uploads\/2024\/07\/1169.jpg","contentUrl":"https:\/\/emo-shop.com\/wp-content\/uploads\/2024\/07\/1169.jpg","width":800,"height":600},{"@type":"BreadcrumbList","@id":"https:\/\/emo-shop.com\/de\/izdelki\/backset-schaufel-und-backform-fuer-mini-baguettes-3-1\/#breadcrumb","itemListElement":[{"@type":"ListItem","position":1,"name":"Home","item":"https:\/\/emo-shop.com\/de\/"},{"@type":"ListItem","position":2,"name":"Shop","item":"https:\/\/emo-shop.com\/de\/shop\/"},{"@type":"ListItem","position":3,"name":"Backset, Schaufel und Backform f\u00fcr Mini-Baguettes 3\/1"}]},{"@type":"WebSite","@id":"https:\/\/emo-shop.com\/de\/#website","url":"https:\/\/emo-shop.com\/de\/","name":"Spletna trgovina s slovensko posodo - EMO ETT","description":"Spletna trgovina","publisher":{"@id":"https:\/\/emo-shop.com\/de\/#organization"},"potentialAction":[{"@type":"SearchAction","target":{"@type":"EntryPoint","urlTemplate":"https:\/\/emo-shop.com\/de\/?s={search_term_string}"},"query-input":{"@type":"PropertyValueSpecification","valueRequired":true,"valueName":"search_term_string"}}],"inLanguage":"de"},{"@type":"Organization","@id":"https:\/\/emo-shop.com\/de\/#organization","name":"Spletna trgovina s slovensko posodo - EMO ETT","url":"https:\/\/emo-shop.com\/de\/","logo":{"@type":"ImageObject","inLanguage":"de","@id":"https:\/\/emo-shop.com\/de\/#\/schema\/logo\/image\/","url":"https:\/\/emo-shop.com\/wp-content\/uploads\/2024\/07\/favicon.jpg","contentUrl":"https:\/\/emo-shop.com\/wp-content\/uploads\/2024\/07\/favicon.jpg","width":512,"height":512,"caption":"Spletna trgovina s slovensko posodo - EMO ETT"},"image":{"@id":"https:\/\/emo-shop.com\/de\/#\/schema\/logo\/image\/"},"sameAs":["https:\/\/www.facebook.com\/EMOSLOVENIA"]}]}},"_links":{"self":[{"href":"https:\/\/emo-shop.com\/de\/wp-json\/wp\/v2\/product\/36572","targetHints":{"allow":["GET"]}}],"collection":[{"href":"https:\/\/emo-shop.com\/de\/wp-json\/wp\/v2\/product"}],"about":[{"href":"https:\/\/emo-shop.com\/de\/wp-json\/wp\/v2\/types\/product"}],"replies":[{"embeddable":true,"href":"https:\/\/emo-shop.com\/de\/wp-json\/wp\/v2\/comments?post=36572"}],"version-history":[{"count":0,"href":"https:\/\/emo-shop.com\/de\/wp-json\/wp\/v2\/product\/36572\/revisions"}],"wp:featuredmedia":[{"embeddable":true,"href":"https:\/\/emo-shop.com\/de\/wp-json\/wp\/v2\/media\/36573"}],"wp:attachment":[{"href":"https:\/\/emo-shop.com\/de\/wp-json\/wp\/v2\/media?parent=36572"}],"wp:term":[{"taxonomy":"product_brand","embeddable":true,"href":"https:\/\/emo-shop.com\/de\/wp-json\/wp\/v2\/product_brand?post=36572"},{"taxonomy":"product_cat","embeddable":true,"href":"https:\/\/emo-shop.com\/de\/wp-json\/wp\/v2\/product_cat?post=36572"},{"taxonomy":"product_tag","embeddable":true,"href":"https:\/\/emo-shop.com\/de\/wp-json\/wp\/v2\/product_tag?post=36572"}],"curies":[{"name":"wp","href":"https:\/\/api.w.org\/{rel}","templated":true}]}}