{"id":36552,"date":"2024-07-30T10:28:50","date_gmt":"2024-07-30T10:28:50","guid":{"rendered":"https:\/\/emo-shop.com\/izdelki\/eterna-picknick-bratpfanne-200-l\/"},"modified":"2024-07-30T10:28:50","modified_gmt":"2024-07-30T10:28:50","slug":"eterna-picknick-bratpfanne-200-l","status":"publish","type":"product","link":"https:\/\/emo-shop.com\/de\/izdelki\/eterna-picknick-bratpfanne-200-l\/","title":{"rendered":"Eterna Picknick-Bratpfanne 20,0 l"},"content":{"rendered":"<h2>Die emaillierte Picknick-Bratpfanne ETERNA ist ein schweres emailliertes Kochgeschirr mit langj\u00e4hriger Tradition und hervorragenden Kocheigenschaften.<\/h2>\n<p>Eterna ist ein schweres emailliertes Kochgeschirr mit langj\u00e4hriger Tradition und hervorragenden Kocheigenschaften. Es besteht aus 2 mm dickem Stahlblech und ist mit hochwertigem, schwarzem, s\u00e4urebest\u00e4ndigem Emaille emailliert. Dies gew\u00e4hrleistet eine lange Lebensdauer und, was am wichtigsten ist, dass das Essen beim langen Kochen nicht am Boden festklebt. Eterna ist die K\u00f6nigin der K\u00fcche und eignet sich f\u00fcr alle Arten des Kochens, n\u00e4mlich: Marmeladenherstellung, Braten, R\u00f6sten, Backen, saisonales Kochen. Das Sortiment von ETERNA ist sehr breit, Sie k\u00f6nnen zwischen T\u00f6pfen und hochwertigen niedrigen und hohen Pfannen w\u00e4hlen.<\/p>\n<table class=\"shop_attributes\" style=\"height: 86px;\" width=\"396\">\n<tbody>\n<tr>\n<th>Gewicht<\/th>\n<td class=\"product_weight\">4,85 kg<\/td>\n<\/tr>\n<tr>\n<th>Abmessungen<\/th>\n<td class=\"product_dimensions\">52,0 x 7,5 cm<\/td>\n<\/tr>\n<\/tbody>\n<\/table>\n","protected":false},"excerpt":{"rendered":"<p>Die emaillierte Picknick-Bratpfanne ETERNA ist ein schweres emailliertes Kochgeschirr mit langj\u00e4hriger Tradition und hervorragenden Kocheigenschaften.<\/p>\n","protected":false},"featured_media":36553,"comment_status":"open","ping_status":"closed","template":"","meta":[],"product_brand":[],"product_cat":[934],"product_tag":[2105,2106,1377,2072,744,2073,2040,1772,1796],"class_list":{"0":"post-36552","1":"product","2":"type-product","3":"status-publish","4":"has-post-thumbnail","6":"product_cat-eterna","7":"product_tag-die-zeitlose-konigin-der-kuche","8":"product_tag-doppeltes-blech-mit-emaillebeschichtung","9":"product_tag-fuer-allergiker-geeignet","10":"product_tag-nachhaltige-qualitat-emo-celje","11":"product_tag-ohne-schadliche-beschichtungen","12":"product_tag-professionelle-zubereitung-von-speisen","13":"product_tag-restkartoffeln","14":"product_tag-retro-kuchengerat","15":"product_tag-slowenisches-geschirr","17":"first","18":"instock","19":"taxable","20":"shipping-taxable","21":"purchasable","22":"product-type-simple"},"yoast_head":"<!-- This site is optimized with the Yoast SEO plugin v27.4 - https:\/\/yoast.com\/product\/yoast-seo-wordpress\/ -->\n<title>Eterna Picknick-Bratpfanne 20,0 l - Spletna trgovina s slovensko posodo - EMO ETT<\/title>\n<meta name=\"robots\" content=\"index, follow, max-snippet:-1, max-image-preview:large, max-video-preview:-1\" \/>\n<link rel=\"canonical\" href=\"https:\/\/emo-shop.com\/de\/izdelki\/eterna-picknick-bratpfanne-200-l\/\" \/>\n<meta property=\"og:locale\" content=\"de_DE\" \/>\n<meta property=\"og:type\" content=\"article\" \/>\n<meta property=\"og:title\" content=\"Eterna Picknick-Bratpfanne 20,0 l - Spletna trgovina s slovensko posodo - EMO ETT\" \/>\n<meta property=\"og:description\" content=\"Die emaillierte Picknick-Bratpfanne ETERNA ist ein schweres emailliertes Kochgeschirr mit langj\u00e4hriger Tradition und hervorragenden Kocheigenschaften.\" \/>\n<meta property=\"og:url\" content=\"https:\/\/emo-shop.com\/de\/izdelki\/eterna-picknick-bratpfanne-200-l\/\" \/>\n<meta property=\"og:site_name\" content=\"Spletna trgovina s slovensko posodo - EMO ETT\" \/>\n<meta property=\"article:publisher\" content=\"https:\/\/www.facebook.com\/EMOSLOVENIA\" \/>\n<meta property=\"og:image\" content=\"https:\/\/emo-shop.com\/wp-content\/uploads\/2024\/07\/PIKNIK.png\" \/>\n\t<meta property=\"og:image:width\" content=\"702\" \/>\n\t<meta property=\"og:image:height\" content=\"405\" \/>\n\t<meta property=\"og:image:type\" content=\"image\/png\" \/>\n<meta name=\"twitter:card\" content=\"summary_large_image\" \/>\n<meta name=\"twitter:label1\" content=\"Gesch\u00e4tzte Lesezeit\" \/>\n\t<meta name=\"twitter:data1\" content=\"1\u00a0Minute\" \/>\n<script type=\"application\/ld+json\" class=\"yoast-schema-graph\">{\"@context\":\"https:\\\/\\\/schema.org\",\"@graph\":[{\"@type\":\"WebPage\",\"@id\":\"https:\\\/\\\/emo-shop.com\\\/de\\\/izdelki\\\/eterna-picknick-bratpfanne-200-l\\\/\",\"url\":\"https:\\\/\\\/emo-shop.com\\\/de\\\/izdelki\\\/eterna-picknick-bratpfanne-200-l\\\/\",\"name\":\"Eterna Picknick-Bratpfanne 20,0 l - Spletna trgovina s slovensko posodo - EMO ETT\",\"isPartOf\":{\"@id\":\"https:\\\/\\\/emo-shop.com\\\/de\\\/#website\"},\"primaryImageOfPage\":{\"@id\":\"https:\\\/\\\/emo-shop.com\\\/de\\\/izdelki\\\/eterna-picknick-bratpfanne-200-l\\\/#primaryimage\"},\"image\":{\"@id\":\"https:\\\/\\\/emo-shop.com\\\/de\\\/izdelki\\\/eterna-picknick-bratpfanne-200-l\\\/#primaryimage\"},\"thumbnailUrl\":\"https:\\\/\\\/emo-shop.com\\\/wp-content\\\/uploads\\\/2024\\\/07\\\/PIKNIK.png\",\"datePublished\":\"2024-07-30T10:28:50+00:00\",\"breadcrumb\":{\"@id\":\"https:\\\/\\\/emo-shop.com\\\/de\\\/izdelki\\\/eterna-picknick-bratpfanne-200-l\\\/#breadcrumb\"},\"inLanguage\":\"de\",\"potentialAction\":[{\"@type\":\"ReadAction\",\"target\":[\"https:\\\/\\\/emo-shop.com\\\/de\\\/izdelki\\\/eterna-picknick-bratpfanne-200-l\\\/\"]}]},{\"@type\":\"ImageObject\",\"inLanguage\":\"de\",\"@id\":\"https:\\\/\\\/emo-shop.com\\\/de\\\/izdelki\\\/eterna-picknick-bratpfanne-200-l\\\/#primaryimage\",\"url\":\"https:\\\/\\\/emo-shop.com\\\/wp-content\\\/uploads\\\/2024\\\/07\\\/PIKNIK.png\",\"contentUrl\":\"https:\\\/\\\/emo-shop.com\\\/wp-content\\\/uploads\\\/2024\\\/07\\\/PIKNIK.png\",\"width\":702,\"height\":405},{\"@type\":\"BreadcrumbList\",\"@id\":\"https:\\\/\\\/emo-shop.com\\\/de\\\/izdelki\\\/eterna-picknick-bratpfanne-200-l\\\/#breadcrumb\",\"itemListElement\":[{\"@type\":\"ListItem\",\"position\":1,\"name\":\"Home\",\"item\":\"https:\\\/\\\/emo-shop.com\\\/de\\\/\"},{\"@type\":\"ListItem\",\"position\":2,\"name\":\"Shop\",\"item\":\"https:\\\/\\\/emo-shop.com\\\/de\\\/shop\\\/\"},{\"@type\":\"ListItem\",\"position\":3,\"name\":\"Eterna Picknick-Bratpfanne 20,0 l\"}]},{\"@type\":\"WebSite\",\"@id\":\"https:\\\/\\\/emo-shop.com\\\/de\\\/#website\",\"url\":\"https:\\\/\\\/emo-shop.com\\\/de\\\/\",\"name\":\"Spletna trgovina s slovensko posodo - EMO ETT\",\"description\":\"Spletna trgovina\",\"publisher\":{\"@id\":\"https:\\\/\\\/emo-shop.com\\\/de\\\/#organization\"},\"potentialAction\":[{\"@type\":\"SearchAction\",\"target\":{\"@type\":\"EntryPoint\",\"urlTemplate\":\"https:\\\/\\\/emo-shop.com\\\/de\\\/?s={search_term_string}\"},\"query-input\":{\"@type\":\"PropertyValueSpecification\",\"valueRequired\":true,\"valueName\":\"search_term_string\"}}],\"inLanguage\":\"de\"},{\"@type\":\"Organization\",\"@id\":\"https:\\\/\\\/emo-shop.com\\\/de\\\/#organization\",\"name\":\"Spletna trgovina s slovensko posodo - EMO ETT\",\"url\":\"https:\\\/\\\/emo-shop.com\\\/de\\\/\",\"logo\":{\"@type\":\"ImageObject\",\"inLanguage\":\"de\",\"@id\":\"https:\\\/\\\/emo-shop.com\\\/de\\\/#\\\/schema\\\/logo\\\/image\\\/\",\"url\":\"https:\\\/\\\/emo-shop.com\\\/wp-content\\\/uploads\\\/2024\\\/07\\\/favicon.jpg\",\"contentUrl\":\"https:\\\/\\\/emo-shop.com\\\/wp-content\\\/uploads\\\/2024\\\/07\\\/favicon.jpg\",\"width\":512,\"height\":512,\"caption\":\"Spletna trgovina s slovensko posodo - EMO ETT\"},\"image\":{\"@id\":\"https:\\\/\\\/emo-shop.com\\\/de\\\/#\\\/schema\\\/logo\\\/image\\\/\"},\"sameAs\":[\"https:\\\/\\\/www.facebook.com\\\/EMOSLOVENIA\"]}]}<\/script>\n<!-- \/ Yoast SEO plugin. -->","yoast_head_json":{"title":"Eterna Picknick-Bratpfanne 20,0 l - Spletna trgovina s slovensko posodo - EMO ETT","robots":{"index":"index","follow":"follow","max-snippet":"max-snippet:-1","max-image-preview":"max-image-preview:large","max-video-preview":"max-video-preview:-1"},"canonical":"https:\/\/emo-shop.com\/de\/izdelki\/eterna-picknick-bratpfanne-200-l\/","og_locale":"de_DE","og_type":"article","og_title":"Eterna Picknick-Bratpfanne 20,0 l - Spletna trgovina s slovensko posodo - EMO ETT","og_description":"Die emaillierte Picknick-Bratpfanne ETERNA ist ein schweres emailliertes Kochgeschirr mit langj\u00e4hriger Tradition und hervorragenden Kocheigenschaften.","og_url":"https:\/\/emo-shop.com\/de\/izdelki\/eterna-picknick-bratpfanne-200-l\/","og_site_name":"Spletna trgovina s slovensko posodo - EMO ETT","article_publisher":"https:\/\/www.facebook.com\/EMOSLOVENIA","og_image":[{"width":702,"height":405,"url":"https:\/\/emo-shop.com\/wp-content\/uploads\/2024\/07\/PIKNIK.png","type":"image\/png"}],"twitter_card":"summary_large_image","twitter_misc":{"Gesch\u00e4tzte Lesezeit":"1\u00a0Minute"},"schema":{"@context":"https:\/\/schema.org","@graph":[{"@type":"WebPage","@id":"https:\/\/emo-shop.com\/de\/izdelki\/eterna-picknick-bratpfanne-200-l\/","url":"https:\/\/emo-shop.com\/de\/izdelki\/eterna-picknick-bratpfanne-200-l\/","name":"Eterna Picknick-Bratpfanne 20,0 l - Spletna trgovina s slovensko posodo - EMO ETT","isPartOf":{"@id":"https:\/\/emo-shop.com\/de\/#website"},"primaryImageOfPage":{"@id":"https:\/\/emo-shop.com\/de\/izdelki\/eterna-picknick-bratpfanne-200-l\/#primaryimage"},"image":{"@id":"https:\/\/emo-shop.com\/de\/izdelki\/eterna-picknick-bratpfanne-200-l\/#primaryimage"},"thumbnailUrl":"https:\/\/emo-shop.com\/wp-content\/uploads\/2024\/07\/PIKNIK.png","datePublished":"2024-07-30T10:28:50+00:00","breadcrumb":{"@id":"https:\/\/emo-shop.com\/de\/izdelki\/eterna-picknick-bratpfanne-200-l\/#breadcrumb"},"inLanguage":"de","potentialAction":[{"@type":"ReadAction","target":["https:\/\/emo-shop.com\/de\/izdelki\/eterna-picknick-bratpfanne-200-l\/"]}]},{"@type":"ImageObject","inLanguage":"de","@id":"https:\/\/emo-shop.com\/de\/izdelki\/eterna-picknick-bratpfanne-200-l\/#primaryimage","url":"https:\/\/emo-shop.com\/wp-content\/uploads\/2024\/07\/PIKNIK.png","contentUrl":"https:\/\/emo-shop.com\/wp-content\/uploads\/2024\/07\/PIKNIK.png","width":702,"height":405},{"@type":"BreadcrumbList","@id":"https:\/\/emo-shop.com\/de\/izdelki\/eterna-picknick-bratpfanne-200-l\/#breadcrumb","itemListElement":[{"@type":"ListItem","position":1,"name":"Home","item":"https:\/\/emo-shop.com\/de\/"},{"@type":"ListItem","position":2,"name":"Shop","item":"https:\/\/emo-shop.com\/de\/shop\/"},{"@type":"ListItem","position":3,"name":"Eterna Picknick-Bratpfanne 20,0 l"}]},{"@type":"WebSite","@id":"https:\/\/emo-shop.com\/de\/#website","url":"https:\/\/emo-shop.com\/de\/","name":"Spletna trgovina s slovensko posodo - EMO ETT","description":"Spletna trgovina","publisher":{"@id":"https:\/\/emo-shop.com\/de\/#organization"},"potentialAction":[{"@type":"SearchAction","target":{"@type":"EntryPoint","urlTemplate":"https:\/\/emo-shop.com\/de\/?s={search_term_string}"},"query-input":{"@type":"PropertyValueSpecification","valueRequired":true,"valueName":"search_term_string"}}],"inLanguage":"de"},{"@type":"Organization","@id":"https:\/\/emo-shop.com\/de\/#organization","name":"Spletna trgovina s slovensko posodo - EMO ETT","url":"https:\/\/emo-shop.com\/de\/","logo":{"@type":"ImageObject","inLanguage":"de","@id":"https:\/\/emo-shop.com\/de\/#\/schema\/logo\/image\/","url":"https:\/\/emo-shop.com\/wp-content\/uploads\/2024\/07\/favicon.jpg","contentUrl":"https:\/\/emo-shop.com\/wp-content\/uploads\/2024\/07\/favicon.jpg","width":512,"height":512,"caption":"Spletna trgovina s slovensko posodo - EMO ETT"},"image":{"@id":"https:\/\/emo-shop.com\/de\/#\/schema\/logo\/image\/"},"sameAs":["https:\/\/www.facebook.com\/EMOSLOVENIA"]}]}},"_links":{"self":[{"href":"https:\/\/emo-shop.com\/de\/wp-json\/wp\/v2\/product\/36552","targetHints":{"allow":["GET"]}}],"collection":[{"href":"https:\/\/emo-shop.com\/de\/wp-json\/wp\/v2\/product"}],"about":[{"href":"https:\/\/emo-shop.com\/de\/wp-json\/wp\/v2\/types\/product"}],"replies":[{"embeddable":true,"href":"https:\/\/emo-shop.com\/de\/wp-json\/wp\/v2\/comments?post=36552"}],"version-history":[{"count":0,"href":"https:\/\/emo-shop.com\/de\/wp-json\/wp\/v2\/product\/36552\/revisions"}],"wp:featuredmedia":[{"embeddable":true,"href":"https:\/\/emo-shop.com\/de\/wp-json\/wp\/v2\/media\/36553"}],"wp:attachment":[{"href":"https:\/\/emo-shop.com\/de\/wp-json\/wp\/v2\/media?parent=36552"}],"wp:term":[{"taxonomy":"product_brand","embeddable":true,"href":"https:\/\/emo-shop.com\/de\/wp-json\/wp\/v2\/product_brand?post=36552"},{"taxonomy":"product_cat","embeddable":true,"href":"https:\/\/emo-shop.com\/de\/wp-json\/wp\/v2\/product_cat?post=36552"},{"taxonomy":"product_tag","embeddable":true,"href":"https:\/\/emo-shop.com\/de\/wp-json\/wp\/v2\/product_tag?post=36552"}],"curies":[{"name":"wp","href":"https:\/\/api.w.org\/{rel}","templated":true}]}}