{"id":36477,"date":"2024-07-30T10:27:15","date_gmt":"2024-07-30T10:27:15","guid":{"rendered":"https:\/\/emo-shop.com\/izdelki\/behaelter-fuer-haustiere\/"},"modified":"2024-07-30T10:27:15","modified_gmt":"2024-07-30T10:27:15","slug":"behaelter-fuer-haustiere","status":"publish","type":"product","link":"https:\/\/emo-shop.com\/de\/izdelki\/behaelter-fuer-haustiere\/","title":{"rendered":"Beh\u00e4lter f\u00fcr Haustiere"},"content":{"rendered":"<p>Emailliertes Geschirr f\u00fcr Hunde und Katzen ist gesund, da es kein Nickel enth\u00e4lt und zu 100 % hygienisch einwandfrei ist.<\/p>\n<p>Das Geschirr ist pflegeleicht und enth\u00e4lt keine sch\u00e4dlichen Beschichtungen, sodass beim Erhitzen keine sch\u00e4dlichen Stoffe freigesetzt werden.<\/p>\n<p><strong>Wussten Sie schon? EMO GESCHIRR F\u00dcR ZUHAUSE UND DIE GASTRONOMIE bietet: Gesundes emailliertes Geschirr<\/strong><\/p>\n<p>: Hochwertiges emailliertes Geschirr, ideal f\u00fcr die Zubereitung Ihrer Lieblingsgerichte.<\/p>\n<p><strong>F\u00fcr alle Herdarten geeignet<\/strong><\/p>\n<p>: Geeignet f\u00fcr verschiedene Herdarten, einschlie\u00dflich Induktionskochfeldern.<\/p>\n<p><strong>Allergikerfreundlich<\/strong><\/p>\n<p>: Nickelfrei, auch f\u00fcr Menschen mit Allergien geeignet.<\/p>\n<p><strong>Absolut hygienisch<\/strong><\/p>\n<p>: 100 % hygienisch einwandfreies Geschirr, leicht zu reinigen und zu pflegen.<\/p>\n<p><strong>Ohne sch\u00e4dliche Beschichtungen<\/strong><\/p>\n<p>: Wir sch\u00fctzen Ihre Gesundheit \u2013 beim Erhitzen werden keine sch\u00e4dlichen Stoffe freigesetzt.<\/p>\n<p><strong>Stolz auf Slowenien<\/strong><\/p>\n<p>: Ein Produkt aus slowenischer Herstellung, emailliertes Kochgeschirr aus einer slowenischen Fabrik. Entdecken Sie Eleganz und Gesundheit in einem.<\/p>\n<p><strong>EMO-KOCHGESCHIRR \u2013 F\u00fcr k\u00f6stliche Mahlzeiten ohne Kompromisse.<\/strong><\/p>\n","protected":false},"excerpt":{"rendered":"<p>Beh\u00e4lter f\u00fcr Haustiere<\/p>\n","protected":false},"featured_media":36478,"comment_status":"open","ping_status":"closed","template":"","meta":[],"product_brand":[],"product_cat":[767],"product_tag":[773,770,769,772,774,775,740,771],"class_list":{"0":"post-36477","1":"product","2":"type-product","3":"status-publish","4":"has-post-thumbnail","6":"product_cat-sonstiges","7":"product_tag-emailliertes-geschirr","8":"product_tag-emo-celje-geschirr","9":"product_tag-geeignet-fur-allergiker-2","10":"product_tag-gesunde-kuche","11":"product_tag-kochen-ohne-giftstoffe","12":"product_tag-lange-lebensdauer","13":"product_tag-retro-design","14":"product_tag-slowenische-tradition","16":"first","17":"instock","18":"taxable","19":"shipping-taxable","20":"purchasable","21":"product-type-variable"},"yoast_head":"<!-- This site is optimized with the Yoast SEO plugin v27.4 - https:\/\/yoast.com\/product\/yoast-seo-wordpress\/ -->\n<title>Beh\u00e4lter f\u00fcr Haustiere - Spletna trgovina s slovensko posodo - EMO ETT<\/title>\n<meta name=\"robots\" content=\"index, follow, max-snippet:-1, max-image-preview:large, max-video-preview:-1\" \/>\n<link rel=\"canonical\" href=\"https:\/\/emo-shop.com\/de\/izdelki\/behaelter-fuer-haustiere\/\" \/>\n<meta property=\"og:locale\" content=\"de_DE\" \/>\n<meta property=\"og:type\" content=\"article\" \/>\n<meta property=\"og:title\" content=\"Beh\u00e4lter f\u00fcr Haustiere - Spletna trgovina s slovensko posodo - EMO ETT\" \/>\n<meta property=\"og:description\" content=\"Beh\u00e4lter f\u00fcr Haustiere\" \/>\n<meta property=\"og:url\" content=\"https:\/\/emo-shop.com\/de\/izdelki\/behaelter-fuer-haustiere\/\" \/>\n<meta property=\"og:site_name\" content=\"Spletna trgovina s slovensko posodo - EMO ETT\" \/>\n<meta property=\"article:publisher\" content=\"https:\/\/www.facebook.com\/EMOSLOVENIA\" \/>\n<meta property=\"og:image\" content=\"https:\/\/emo-shop.com\/wp-content\/uploads\/2024\/07\/999.jpg\" \/>\n\t<meta property=\"og:image:width\" content=\"800\" \/>\n\t<meta property=\"og:image:height\" content=\"600\" \/>\n\t<meta property=\"og:image:type\" content=\"image\/jpeg\" \/>\n<meta name=\"twitter:card\" content=\"summary_large_image\" \/>\n<meta name=\"twitter:label1\" content=\"Gesch\u00e4tzte Lesezeit\" \/>\n\t<meta name=\"twitter:data1\" content=\"1\u00a0Minute\" \/>\n<script type=\"application\/ld+json\" class=\"yoast-schema-graph\">{\"@context\":\"https:\\\/\\\/schema.org\",\"@graph\":[{\"@type\":\"WebPage\",\"@id\":\"https:\\\/\\\/emo-shop.com\\\/de\\\/izdelki\\\/behaelter-fuer-haustiere\\\/\",\"url\":\"https:\\\/\\\/emo-shop.com\\\/de\\\/izdelki\\\/behaelter-fuer-haustiere\\\/\",\"name\":\"Beh\u00e4lter f\u00fcr Haustiere - Spletna trgovina s slovensko posodo - EMO ETT\",\"isPartOf\":{\"@id\":\"https:\\\/\\\/emo-shop.com\\\/de\\\/#website\"},\"primaryImageOfPage\":{\"@id\":\"https:\\\/\\\/emo-shop.com\\\/de\\\/izdelki\\\/behaelter-fuer-haustiere\\\/#primaryimage\"},\"image\":{\"@id\":\"https:\\\/\\\/emo-shop.com\\\/de\\\/izdelki\\\/behaelter-fuer-haustiere\\\/#primaryimage\"},\"thumbnailUrl\":\"https:\\\/\\\/emo-shop.com\\\/wp-content\\\/uploads\\\/2024\\\/07\\\/999.jpg\",\"datePublished\":\"2024-07-30T10:27:15+00:00\",\"breadcrumb\":{\"@id\":\"https:\\\/\\\/emo-shop.com\\\/de\\\/izdelki\\\/behaelter-fuer-haustiere\\\/#breadcrumb\"},\"inLanguage\":\"de\",\"potentialAction\":[{\"@type\":\"ReadAction\",\"target\":[\"https:\\\/\\\/emo-shop.com\\\/de\\\/izdelki\\\/behaelter-fuer-haustiere\\\/\"]}]},{\"@type\":\"ImageObject\",\"inLanguage\":\"de\",\"@id\":\"https:\\\/\\\/emo-shop.com\\\/de\\\/izdelki\\\/behaelter-fuer-haustiere\\\/#primaryimage\",\"url\":\"https:\\\/\\\/emo-shop.com\\\/wp-content\\\/uploads\\\/2024\\\/07\\\/999.jpg\",\"contentUrl\":\"https:\\\/\\\/emo-shop.com\\\/wp-content\\\/uploads\\\/2024\\\/07\\\/999.jpg\",\"width\":800,\"height\":600},{\"@type\":\"BreadcrumbList\",\"@id\":\"https:\\\/\\\/emo-shop.com\\\/de\\\/izdelki\\\/behaelter-fuer-haustiere\\\/#breadcrumb\",\"itemListElement\":[{\"@type\":\"ListItem\",\"position\":1,\"name\":\"Home\",\"item\":\"https:\\\/\\\/emo-shop.com\\\/de\\\/\"},{\"@type\":\"ListItem\",\"position\":2,\"name\":\"Shop\",\"item\":\"https:\\\/\\\/emo-shop.com\\\/de\\\/shop\\\/\"},{\"@type\":\"ListItem\",\"position\":3,\"name\":\"Beh\u00e4lter f\u00fcr Haustiere\"}]},{\"@type\":\"WebSite\",\"@id\":\"https:\\\/\\\/emo-shop.com\\\/de\\\/#website\",\"url\":\"https:\\\/\\\/emo-shop.com\\\/de\\\/\",\"name\":\"Spletna trgovina s slovensko posodo - EMO ETT\",\"description\":\"Spletna trgovina\",\"publisher\":{\"@id\":\"https:\\\/\\\/emo-shop.com\\\/de\\\/#organization\"},\"potentialAction\":[{\"@type\":\"SearchAction\",\"target\":{\"@type\":\"EntryPoint\",\"urlTemplate\":\"https:\\\/\\\/emo-shop.com\\\/de\\\/?s={search_term_string}\"},\"query-input\":{\"@type\":\"PropertyValueSpecification\",\"valueRequired\":true,\"valueName\":\"search_term_string\"}}],\"inLanguage\":\"de\"},{\"@type\":\"Organization\",\"@id\":\"https:\\\/\\\/emo-shop.com\\\/de\\\/#organization\",\"name\":\"Spletna trgovina s slovensko posodo - EMO ETT\",\"url\":\"https:\\\/\\\/emo-shop.com\\\/de\\\/\",\"logo\":{\"@type\":\"ImageObject\",\"inLanguage\":\"de\",\"@id\":\"https:\\\/\\\/emo-shop.com\\\/de\\\/#\\\/schema\\\/logo\\\/image\\\/\",\"url\":\"https:\\\/\\\/emo-shop.com\\\/wp-content\\\/uploads\\\/2024\\\/07\\\/favicon.jpg\",\"contentUrl\":\"https:\\\/\\\/emo-shop.com\\\/wp-content\\\/uploads\\\/2024\\\/07\\\/favicon.jpg\",\"width\":512,\"height\":512,\"caption\":\"Spletna trgovina s slovensko posodo - EMO ETT\"},\"image\":{\"@id\":\"https:\\\/\\\/emo-shop.com\\\/de\\\/#\\\/schema\\\/logo\\\/image\\\/\"},\"sameAs\":[\"https:\\\/\\\/www.facebook.com\\\/EMOSLOVENIA\"]}]}<\/script>\n<!-- \/ Yoast SEO plugin. -->","yoast_head_json":{"title":"Beh\u00e4lter f\u00fcr Haustiere - Spletna trgovina s slovensko posodo - EMO ETT","robots":{"index":"index","follow":"follow","max-snippet":"max-snippet:-1","max-image-preview":"max-image-preview:large","max-video-preview":"max-video-preview:-1"},"canonical":"https:\/\/emo-shop.com\/de\/izdelki\/behaelter-fuer-haustiere\/","og_locale":"de_DE","og_type":"article","og_title":"Beh\u00e4lter f\u00fcr Haustiere - Spletna trgovina s slovensko posodo - EMO ETT","og_description":"Beh\u00e4lter f\u00fcr Haustiere","og_url":"https:\/\/emo-shop.com\/de\/izdelki\/behaelter-fuer-haustiere\/","og_site_name":"Spletna trgovina s slovensko posodo - EMO ETT","article_publisher":"https:\/\/www.facebook.com\/EMOSLOVENIA","og_image":[{"width":800,"height":600,"url":"https:\/\/emo-shop.com\/wp-content\/uploads\/2024\/07\/999.jpg","type":"image\/jpeg"}],"twitter_card":"summary_large_image","twitter_misc":{"Gesch\u00e4tzte Lesezeit":"1\u00a0Minute"},"schema":{"@context":"https:\/\/schema.org","@graph":[{"@type":"WebPage","@id":"https:\/\/emo-shop.com\/de\/izdelki\/behaelter-fuer-haustiere\/","url":"https:\/\/emo-shop.com\/de\/izdelki\/behaelter-fuer-haustiere\/","name":"Beh\u00e4lter f\u00fcr Haustiere - Spletna trgovina s slovensko posodo - EMO ETT","isPartOf":{"@id":"https:\/\/emo-shop.com\/de\/#website"},"primaryImageOfPage":{"@id":"https:\/\/emo-shop.com\/de\/izdelki\/behaelter-fuer-haustiere\/#primaryimage"},"image":{"@id":"https:\/\/emo-shop.com\/de\/izdelki\/behaelter-fuer-haustiere\/#primaryimage"},"thumbnailUrl":"https:\/\/emo-shop.com\/wp-content\/uploads\/2024\/07\/999.jpg","datePublished":"2024-07-30T10:27:15+00:00","breadcrumb":{"@id":"https:\/\/emo-shop.com\/de\/izdelki\/behaelter-fuer-haustiere\/#breadcrumb"},"inLanguage":"de","potentialAction":[{"@type":"ReadAction","target":["https:\/\/emo-shop.com\/de\/izdelki\/behaelter-fuer-haustiere\/"]}]},{"@type":"ImageObject","inLanguage":"de","@id":"https:\/\/emo-shop.com\/de\/izdelki\/behaelter-fuer-haustiere\/#primaryimage","url":"https:\/\/emo-shop.com\/wp-content\/uploads\/2024\/07\/999.jpg","contentUrl":"https:\/\/emo-shop.com\/wp-content\/uploads\/2024\/07\/999.jpg","width":800,"height":600},{"@type":"BreadcrumbList","@id":"https:\/\/emo-shop.com\/de\/izdelki\/behaelter-fuer-haustiere\/#breadcrumb","itemListElement":[{"@type":"ListItem","position":1,"name":"Home","item":"https:\/\/emo-shop.com\/de\/"},{"@type":"ListItem","position":2,"name":"Shop","item":"https:\/\/emo-shop.com\/de\/shop\/"},{"@type":"ListItem","position":3,"name":"Beh\u00e4lter f\u00fcr Haustiere"}]},{"@type":"WebSite","@id":"https:\/\/emo-shop.com\/de\/#website","url":"https:\/\/emo-shop.com\/de\/","name":"Spletna trgovina s slovensko posodo - EMO ETT","description":"Spletna trgovina","publisher":{"@id":"https:\/\/emo-shop.com\/de\/#organization"},"potentialAction":[{"@type":"SearchAction","target":{"@type":"EntryPoint","urlTemplate":"https:\/\/emo-shop.com\/de\/?s={search_term_string}"},"query-input":{"@type":"PropertyValueSpecification","valueRequired":true,"valueName":"search_term_string"}}],"inLanguage":"de"},{"@type":"Organization","@id":"https:\/\/emo-shop.com\/de\/#organization","name":"Spletna trgovina s slovensko posodo - EMO ETT","url":"https:\/\/emo-shop.com\/de\/","logo":{"@type":"ImageObject","inLanguage":"de","@id":"https:\/\/emo-shop.com\/de\/#\/schema\/logo\/image\/","url":"https:\/\/emo-shop.com\/wp-content\/uploads\/2024\/07\/favicon.jpg","contentUrl":"https:\/\/emo-shop.com\/wp-content\/uploads\/2024\/07\/favicon.jpg","width":512,"height":512,"caption":"Spletna trgovina s slovensko posodo - EMO ETT"},"image":{"@id":"https:\/\/emo-shop.com\/de\/#\/schema\/logo\/image\/"},"sameAs":["https:\/\/www.facebook.com\/EMOSLOVENIA"]}]}},"_links":{"self":[{"href":"https:\/\/emo-shop.com\/de\/wp-json\/wp\/v2\/product\/36477","targetHints":{"allow":["GET"]}}],"collection":[{"href":"https:\/\/emo-shop.com\/de\/wp-json\/wp\/v2\/product"}],"about":[{"href":"https:\/\/emo-shop.com\/de\/wp-json\/wp\/v2\/types\/product"}],"replies":[{"embeddable":true,"href":"https:\/\/emo-shop.com\/de\/wp-json\/wp\/v2\/comments?post=36477"}],"version-history":[{"count":0,"href":"https:\/\/emo-shop.com\/de\/wp-json\/wp\/v2\/product\/36477\/revisions"}],"wp:featuredmedia":[{"embeddable":true,"href":"https:\/\/emo-shop.com\/de\/wp-json\/wp\/v2\/media\/36478"}],"wp:attachment":[{"href":"https:\/\/emo-shop.com\/de\/wp-json\/wp\/v2\/media?parent=36477"}],"wp:term":[{"taxonomy":"product_brand","embeddable":true,"href":"https:\/\/emo-shop.com\/de\/wp-json\/wp\/v2\/product_brand?post=36477"},{"taxonomy":"product_cat","embeddable":true,"href":"https:\/\/emo-shop.com\/de\/wp-json\/wp\/v2\/product_cat?post=36477"},{"taxonomy":"product_tag","embeddable":true,"href":"https:\/\/emo-shop.com\/de\/wp-json\/wp\/v2\/product_tag?post=36477"}],"curies":[{"name":"wp","href":"https:\/\/api.w.org\/{rel}","templated":true}]}}