{"id":36469,"date":"2024-07-30T10:27:35","date_gmt":"2024-07-30T10:27:35","guid":{"rendered":"https:\/\/emo-shop.com\/izdelki\/schwarzer-becher-037-l-winterwunderland\/"},"modified":"2024-07-30T10:27:35","modified_gmt":"2024-07-30T10:27:35","slug":"schwarzer-becher-037-l-winterwunderland","status":"publish","type":"product","link":"https:\/\/emo-shop.com\/de\/izdelki\/schwarzer-becher-037-l-winterwunderland\/","title":{"rendered":"Schwarzer Becher 0,37 l \u201eWinterwunderland\u201c"},"content":{"rendered":"<ul>\n<li>Gewicht: 0,14 kg<\/li>\n<li>Abmessungen: 8,0 x 7,0 cm<\/li>\n<\/ul>\n<p>Wir unterst\u00fctzen junge K\u00fcnstler und haben uns daher f\u00fcr eine Zusammenarbeit mit unserer jungen, talentierten Illustratorin Nea Likar entschieden.<\/p>\n<p>Nea Likar ist Illustratorin, Grafikdesignerin und Make-up-K\u00fcnstlerin. Ihre gro\u00dfe Herausforderung und ihr Wunsch ist es, Illustrationen in verschiedene Medien zu integrieren und Kunst zu einem Teil unseres Alltags zu machen. Die f\u00fcr EMO entworfenen Motive entspringen ihrem Wunsch, was sie selbst gerne auf Tassen sehen w\u00fcrde und was uns die wenigen Minuten am Tag versch\u00f6nern k\u00f6nnte, in denen wir uns Zeit f\u00fcr uns selbst und unsere Lieben nehmen.<\/p>\n<p>WUNDERSCH\u00d6NE und EINZIGARTIGE emaillierte Tassen, die f\u00fcr alle Herdarten, auch INDUKTION, geeignet und sp\u00fclmaschinenfest sind.<\/p>\n<p>Eine ausgezeichnete Geschenkidee. Schenken Sie Ihren Liebsten etwas Magisches und Einzigartiges.<\/p>\n<p>* Nur in begrenzten Mengen verf\u00fcgbar.<\/p>\n<p>Wussten Sie schon? EMO GESCHIRR F\u00dcR ZUHAUSE UND DIE GASTRONOMIE ist:<\/p>\n<p>gesundes, emailliertes Geschirr<br \/>\nf\u00fcr alle Herdarten geeignet, auch f\u00fcr Induktionsherde<br \/>\nf\u00fcr Allergiker geeignet, da es kein Nickel enth\u00e4lt<br \/>\n100 % hygienisch einwandfrei, pflegeleicht<br \/>\nfrei von sch\u00e4dlichen Beschichtungen, sodass beim Erhitzen keine sch\u00e4dlichen Stoffe freigesetzt werden<br \/>\nSLOWENISCHES PRODUKT \u2013 emailliertes Geschirr aus slowenischer Manufaktur<\/p>\n","protected":false},"excerpt":{"rendered":"<p>Gewicht: 0,14 kg Abmessungen: 8,0 x 7,0 cm Wir unterst\u00fctzen junge K\u00fcnstler und haben uns daher f\u00fcr eine Zusammenarbeit mit<\/p>\n","protected":false},"featured_media":36470,"comment_status":"open","ping_status":"closed","template":"","meta":[],"product_brand":[],"product_cat":[838],"product_tag":[2079,2080,2081,2084,2086,2085,2082,2087,2083,868],"class_list":{"0":"post-36469","1":"product","2":"type-product","3":"status-publish","4":"has-post-thumbnail","6":"product_cat-becher","7":"product_tag-emaille-topf","8":"product_tag-festliches-geschenk","9":"product_tag-geschenk-fur-eine-freundin","10":"product_tag-geschenk-fur-zu-hause","11":"product_tag-handgefertigtes-aussehen","12":"product_tag-kuchendekor","13":"product_tag-naturliche-kuche","14":"product_tag-praktischer-topf","15":"product_tag-rustikales-geschirr","16":"product_tag-slowenisches-produkt","18":"first","19":"instock","20":"taxable","21":"shipping-taxable","22":"purchasable","23":"product-type-simple"},"yoast_head":"<!-- This site is optimized with the Yoast SEO plugin v27.4 - https:\/\/yoast.com\/product\/yoast-seo-wordpress\/ -->\n<title>Schwarzer Becher 0,37 l \u201eWinterwunderland\u201c - Spletna trgovina s slovensko posodo - EMO ETT<\/title>\n<meta name=\"robots\" content=\"index, follow, max-snippet:-1, max-image-preview:large, max-video-preview:-1\" \/>\n<link rel=\"canonical\" href=\"https:\/\/emo-shop.com\/de\/izdelki\/schwarzer-becher-037-l-winterwunderland\/\" \/>\n<meta property=\"og:locale\" content=\"de_DE\" \/>\n<meta property=\"og:type\" content=\"article\" \/>\n<meta property=\"og:title\" content=\"Schwarzer Becher 0,37 l \u201eWinterwunderland\u201c - Spletna trgovina s slovensko posodo - EMO ETT\" \/>\n<meta property=\"og:description\" content=\"Gewicht: 0,14 kg Abmessungen: 8,0 x 7,0 cm Wir unterst\u00fctzen junge K\u00fcnstler und haben uns daher f\u00fcr eine Zusammenarbeit mit\" \/>\n<meta property=\"og:url\" content=\"https:\/\/emo-shop.com\/de\/izdelki\/schwarzer-becher-037-l-winterwunderland\/\" \/>\n<meta property=\"og:site_name\" content=\"Spletna trgovina s slovensko posodo - EMO ETT\" \/>\n<meta property=\"article:publisher\" content=\"https:\/\/www.facebook.com\/EMOSLOVENIA\" \/>\n<meta property=\"og:image\" content=\"https:\/\/emo-shop.com\/wp-content\/uploads\/2024\/07\/1042.jpg\" \/>\n\t<meta property=\"og:image:width\" content=\"800\" \/>\n\t<meta property=\"og:image:height\" content=\"600\" \/>\n\t<meta property=\"og:image:type\" content=\"image\/jpeg\" \/>\n<meta name=\"twitter:card\" content=\"summary_large_image\" \/>\n<meta name=\"twitter:label1\" content=\"Gesch\u00e4tzte Lesezeit\" \/>\n\t<meta name=\"twitter:data1\" content=\"1\u00a0Minute\" \/>\n<script type=\"application\/ld+json\" class=\"yoast-schema-graph\">{\"@context\":\"https:\\\/\\\/schema.org\",\"@graph\":[{\"@type\":\"WebPage\",\"@id\":\"https:\\\/\\\/emo-shop.com\\\/de\\\/izdelki\\\/schwarzer-becher-037-l-winterwunderland\\\/\",\"url\":\"https:\\\/\\\/emo-shop.com\\\/de\\\/izdelki\\\/schwarzer-becher-037-l-winterwunderland\\\/\",\"name\":\"Schwarzer Becher 0,37 l \u201eWinterwunderland\u201c - Spletna trgovina s slovensko posodo - EMO ETT\",\"isPartOf\":{\"@id\":\"https:\\\/\\\/emo-shop.com\\\/de\\\/#website\"},\"primaryImageOfPage\":{\"@id\":\"https:\\\/\\\/emo-shop.com\\\/de\\\/izdelki\\\/schwarzer-becher-037-l-winterwunderland\\\/#primaryimage\"},\"image\":{\"@id\":\"https:\\\/\\\/emo-shop.com\\\/de\\\/izdelki\\\/schwarzer-becher-037-l-winterwunderland\\\/#primaryimage\"},\"thumbnailUrl\":\"https:\\\/\\\/emo-shop.com\\\/wp-content\\\/uploads\\\/2024\\\/07\\\/1042.jpg\",\"datePublished\":\"2024-07-30T10:27:35+00:00\",\"breadcrumb\":{\"@id\":\"https:\\\/\\\/emo-shop.com\\\/de\\\/izdelki\\\/schwarzer-becher-037-l-winterwunderland\\\/#breadcrumb\"},\"inLanguage\":\"de\",\"potentialAction\":[{\"@type\":\"ReadAction\",\"target\":[\"https:\\\/\\\/emo-shop.com\\\/de\\\/izdelki\\\/schwarzer-becher-037-l-winterwunderland\\\/\"]}]},{\"@type\":\"ImageObject\",\"inLanguage\":\"de\",\"@id\":\"https:\\\/\\\/emo-shop.com\\\/de\\\/izdelki\\\/schwarzer-becher-037-l-winterwunderland\\\/#primaryimage\",\"url\":\"https:\\\/\\\/emo-shop.com\\\/wp-content\\\/uploads\\\/2024\\\/07\\\/1042.jpg\",\"contentUrl\":\"https:\\\/\\\/emo-shop.com\\\/wp-content\\\/uploads\\\/2024\\\/07\\\/1042.jpg\",\"width\":800,\"height\":600},{\"@type\":\"BreadcrumbList\",\"@id\":\"https:\\\/\\\/emo-shop.com\\\/de\\\/izdelki\\\/schwarzer-becher-037-l-winterwunderland\\\/#breadcrumb\",\"itemListElement\":[{\"@type\":\"ListItem\",\"position\":1,\"name\":\"Home\",\"item\":\"https:\\\/\\\/emo-shop.com\\\/de\\\/\"},{\"@type\":\"ListItem\",\"position\":2,\"name\":\"Shop\",\"item\":\"https:\\\/\\\/emo-shop.com\\\/de\\\/shop\\\/\"},{\"@type\":\"ListItem\",\"position\":3,\"name\":\"Schwarzer Becher 0,37 l \u201eWinterwunderland\u201c\"}]},{\"@type\":\"WebSite\",\"@id\":\"https:\\\/\\\/emo-shop.com\\\/de\\\/#website\",\"url\":\"https:\\\/\\\/emo-shop.com\\\/de\\\/\",\"name\":\"Spletna trgovina s slovensko posodo - EMO ETT\",\"description\":\"Spletna trgovina\",\"publisher\":{\"@id\":\"https:\\\/\\\/emo-shop.com\\\/de\\\/#organization\"},\"potentialAction\":[{\"@type\":\"SearchAction\",\"target\":{\"@type\":\"EntryPoint\",\"urlTemplate\":\"https:\\\/\\\/emo-shop.com\\\/de\\\/?s={search_term_string}\"},\"query-input\":{\"@type\":\"PropertyValueSpecification\",\"valueRequired\":true,\"valueName\":\"search_term_string\"}}],\"inLanguage\":\"de\"},{\"@type\":\"Organization\",\"@id\":\"https:\\\/\\\/emo-shop.com\\\/de\\\/#organization\",\"name\":\"Spletna trgovina s slovensko posodo - EMO ETT\",\"url\":\"https:\\\/\\\/emo-shop.com\\\/de\\\/\",\"logo\":{\"@type\":\"ImageObject\",\"inLanguage\":\"de\",\"@id\":\"https:\\\/\\\/emo-shop.com\\\/de\\\/#\\\/schema\\\/logo\\\/image\\\/\",\"url\":\"https:\\\/\\\/emo-shop.com\\\/wp-content\\\/uploads\\\/2024\\\/07\\\/favicon.jpg\",\"contentUrl\":\"https:\\\/\\\/emo-shop.com\\\/wp-content\\\/uploads\\\/2024\\\/07\\\/favicon.jpg\",\"width\":512,\"height\":512,\"caption\":\"Spletna trgovina s slovensko posodo - EMO ETT\"},\"image\":{\"@id\":\"https:\\\/\\\/emo-shop.com\\\/de\\\/#\\\/schema\\\/logo\\\/image\\\/\"},\"sameAs\":[\"https:\\\/\\\/www.facebook.com\\\/EMOSLOVENIA\"]}]}<\/script>\n<!-- \/ Yoast SEO plugin. -->","yoast_head_json":{"title":"Schwarzer Becher 0,37 l \u201eWinterwunderland\u201c - Spletna trgovina s slovensko posodo - EMO ETT","robots":{"index":"index","follow":"follow","max-snippet":"max-snippet:-1","max-image-preview":"max-image-preview:large","max-video-preview":"max-video-preview:-1"},"canonical":"https:\/\/emo-shop.com\/de\/izdelki\/schwarzer-becher-037-l-winterwunderland\/","og_locale":"de_DE","og_type":"article","og_title":"Schwarzer Becher 0,37 l \u201eWinterwunderland\u201c - Spletna trgovina s slovensko posodo - EMO ETT","og_description":"Gewicht: 0,14 kg Abmessungen: 8,0 x 7,0 cm Wir unterst\u00fctzen junge K\u00fcnstler und haben uns daher f\u00fcr eine Zusammenarbeit mit","og_url":"https:\/\/emo-shop.com\/de\/izdelki\/schwarzer-becher-037-l-winterwunderland\/","og_site_name":"Spletna trgovina s slovensko posodo - EMO ETT","article_publisher":"https:\/\/www.facebook.com\/EMOSLOVENIA","og_image":[{"width":800,"height":600,"url":"https:\/\/emo-shop.com\/wp-content\/uploads\/2024\/07\/1042.jpg","type":"image\/jpeg"}],"twitter_card":"summary_large_image","twitter_misc":{"Gesch\u00e4tzte Lesezeit":"1\u00a0Minute"},"schema":{"@context":"https:\/\/schema.org","@graph":[{"@type":"WebPage","@id":"https:\/\/emo-shop.com\/de\/izdelki\/schwarzer-becher-037-l-winterwunderland\/","url":"https:\/\/emo-shop.com\/de\/izdelki\/schwarzer-becher-037-l-winterwunderland\/","name":"Schwarzer Becher 0,37 l \u201eWinterwunderland\u201c - Spletna trgovina s slovensko posodo - EMO ETT","isPartOf":{"@id":"https:\/\/emo-shop.com\/de\/#website"},"primaryImageOfPage":{"@id":"https:\/\/emo-shop.com\/de\/izdelki\/schwarzer-becher-037-l-winterwunderland\/#primaryimage"},"image":{"@id":"https:\/\/emo-shop.com\/de\/izdelki\/schwarzer-becher-037-l-winterwunderland\/#primaryimage"},"thumbnailUrl":"https:\/\/emo-shop.com\/wp-content\/uploads\/2024\/07\/1042.jpg","datePublished":"2024-07-30T10:27:35+00:00","breadcrumb":{"@id":"https:\/\/emo-shop.com\/de\/izdelki\/schwarzer-becher-037-l-winterwunderland\/#breadcrumb"},"inLanguage":"de","potentialAction":[{"@type":"ReadAction","target":["https:\/\/emo-shop.com\/de\/izdelki\/schwarzer-becher-037-l-winterwunderland\/"]}]},{"@type":"ImageObject","inLanguage":"de","@id":"https:\/\/emo-shop.com\/de\/izdelki\/schwarzer-becher-037-l-winterwunderland\/#primaryimage","url":"https:\/\/emo-shop.com\/wp-content\/uploads\/2024\/07\/1042.jpg","contentUrl":"https:\/\/emo-shop.com\/wp-content\/uploads\/2024\/07\/1042.jpg","width":800,"height":600},{"@type":"BreadcrumbList","@id":"https:\/\/emo-shop.com\/de\/izdelki\/schwarzer-becher-037-l-winterwunderland\/#breadcrumb","itemListElement":[{"@type":"ListItem","position":1,"name":"Home","item":"https:\/\/emo-shop.com\/de\/"},{"@type":"ListItem","position":2,"name":"Shop","item":"https:\/\/emo-shop.com\/de\/shop\/"},{"@type":"ListItem","position":3,"name":"Schwarzer Becher 0,37 l \u201eWinterwunderland\u201c"}]},{"@type":"WebSite","@id":"https:\/\/emo-shop.com\/de\/#website","url":"https:\/\/emo-shop.com\/de\/","name":"Spletna trgovina s slovensko posodo - EMO ETT","description":"Spletna trgovina","publisher":{"@id":"https:\/\/emo-shop.com\/de\/#organization"},"potentialAction":[{"@type":"SearchAction","target":{"@type":"EntryPoint","urlTemplate":"https:\/\/emo-shop.com\/de\/?s={search_term_string}"},"query-input":{"@type":"PropertyValueSpecification","valueRequired":true,"valueName":"search_term_string"}}],"inLanguage":"de"},{"@type":"Organization","@id":"https:\/\/emo-shop.com\/de\/#organization","name":"Spletna trgovina s slovensko posodo - EMO ETT","url":"https:\/\/emo-shop.com\/de\/","logo":{"@type":"ImageObject","inLanguage":"de","@id":"https:\/\/emo-shop.com\/de\/#\/schema\/logo\/image\/","url":"https:\/\/emo-shop.com\/wp-content\/uploads\/2024\/07\/favicon.jpg","contentUrl":"https:\/\/emo-shop.com\/wp-content\/uploads\/2024\/07\/favicon.jpg","width":512,"height":512,"caption":"Spletna trgovina s slovensko posodo - EMO ETT"},"image":{"@id":"https:\/\/emo-shop.com\/de\/#\/schema\/logo\/image\/"},"sameAs":["https:\/\/www.facebook.com\/EMOSLOVENIA"]}]}},"_links":{"self":[{"href":"https:\/\/emo-shop.com\/de\/wp-json\/wp\/v2\/product\/36469","targetHints":{"allow":["GET"]}}],"collection":[{"href":"https:\/\/emo-shop.com\/de\/wp-json\/wp\/v2\/product"}],"about":[{"href":"https:\/\/emo-shop.com\/de\/wp-json\/wp\/v2\/types\/product"}],"replies":[{"embeddable":true,"href":"https:\/\/emo-shop.com\/de\/wp-json\/wp\/v2\/comments?post=36469"}],"version-history":[{"count":0,"href":"https:\/\/emo-shop.com\/de\/wp-json\/wp\/v2\/product\/36469\/revisions"}],"wp:featuredmedia":[{"embeddable":true,"href":"https:\/\/emo-shop.com\/de\/wp-json\/wp\/v2\/media\/36470"}],"wp:attachment":[{"href":"https:\/\/emo-shop.com\/de\/wp-json\/wp\/v2\/media?parent=36469"}],"wp:term":[{"taxonomy":"product_brand","embeddable":true,"href":"https:\/\/emo-shop.com\/de\/wp-json\/wp\/v2\/product_brand?post=36469"},{"taxonomy":"product_cat","embeddable":true,"href":"https:\/\/emo-shop.com\/de\/wp-json\/wp\/v2\/product_cat?post=36469"},{"taxonomy":"product_tag","embeddable":true,"href":"https:\/\/emo-shop.com\/de\/wp-json\/wp\/v2\/product_tag?post=36469"}],"curies":[{"name":"wp","href":"https:\/\/api.w.org\/{rel}","templated":true}]}}