{"id":36436,"date":"2024-07-30T10:29:57","date_gmt":"2024-07-30T10:29:57","guid":{"rendered":"https:\/\/emo-shop.com\/izdelki\/brotbackform-gross-schaufel\/"},"modified":"2024-07-30T10:29:57","modified_gmt":"2024-07-30T10:29:57","slug":"brotbackform-gross-schaufel","status":"publish","type":"product","link":"https:\/\/emo-shop.com\/de\/izdelki\/brotbackform-gross-schaufel\/","title":{"rendered":"Brotbackform gro\u00df + Schaufel"},"content":{"rendered":"<p>Backset f\u00fcr Brot<\/p>\n<p>Ma\u00dfe:<\/p>\n<p>Backform: mm D280 &#8211; \u0160230 &#8211; V130 | L\u00f6ffel: mm D270<\/p>\n<p>Material 100 % platinbeschichtetes Silikon<\/p>\n<p>Temperatur -60 \u00b0C \/ +220 \u00b0C<\/p>\n<p>Fassungsverm\u00f6gen 600 ml<\/p>\n<p>Geeignet f\u00fcr Backofen, Mikrowelle, Geschirrsp\u00fcler, K\u00fchlschrank<\/p>\n<p>Wenn Sie gerne alles selbst zubereiten oder ein Gesundheitsbewusster sind, haben wir das richtige K\u00fcchenger\u00e4t f\u00fcr Sie. Die L\u00e9ku\u00e9-Brotbackform erf\u00fcllt Ihr Zuhause mit dem Duft von frisch gebackenem Brot, schnell, ohne Unordnung und mit viel weniger Aufwand, als Sie vielleicht denken. \u00dcbernehmen Sie die Kontrolle \u00fcber Ihre Zeit und genie\u00dfen Sie!<\/p>\n<p><a href=\"https:\/\/youtu.be\/h1xgzUVoDjU?si=3TdTYn5E1QFDdl5F\">VIDEO<\/a><\/p>\n","protected":false},"excerpt":{"rendered":"<h3>Brotbackform von L\u00c9KU\u00c9<\/h3>\n","protected":false},"featured_media":36438,"comment_status":"open","ping_status":"closed","template":"","meta":[],"product_brand":[],"product_cat":[764],"product_tag":[],"class_list":{"0":"post-36436","1":"product","2":"type-product","3":"status-publish","4":"has-post-thumbnail","6":"product_cat-brabantia-lekue","8":"first","9":"instock","10":"taxable","11":"shipping-taxable","12":"purchasable","13":"product-type-simple"},"yoast_head":"<!-- This site is optimized with the Yoast SEO plugin v27.4 - https:\/\/yoast.com\/product\/yoast-seo-wordpress\/ -->\n<title>Brotbackform gro\u00df + Schaufel - Spletna trgovina s slovensko posodo - EMO ETT<\/title>\n<meta name=\"robots\" content=\"index, follow, max-snippet:-1, max-image-preview:large, max-video-preview:-1\" \/>\n<link rel=\"canonical\" href=\"https:\/\/emo-shop.com\/de\/izdelki\/brotbackform-gross-schaufel\/\" \/>\n<meta property=\"og:locale\" content=\"de_DE\" \/>\n<meta property=\"og:type\" content=\"article\" \/>\n<meta property=\"og:title\" content=\"Brotbackform gro\u00df + Schaufel - Spletna trgovina s slovensko posodo - EMO ETT\" \/>\n<meta property=\"og:description\" content=\"Brotbackform von L\u00c9KU\u00c9\" \/>\n<meta property=\"og:url\" content=\"https:\/\/emo-shop.com\/de\/izdelki\/brotbackform-gross-schaufel\/\" \/>\n<meta property=\"og:site_name\" content=\"Spletna trgovina s slovensko posodo - EMO ETT\" \/>\n<meta property=\"article:publisher\" content=\"https:\/\/www.facebook.com\/EMOSLOVENIA\" \/>\n<meta property=\"og:image\" content=\"https:\/\/emo-shop.com\/wp-content\/uploads\/2024\/07\/1894-1.jpg\" \/>\n\t<meta property=\"og:image:width\" content=\"800\" \/>\n\t<meta property=\"og:image:height\" content=\"600\" \/>\n\t<meta property=\"og:image:type\" content=\"image\/jpeg\" \/>\n<meta name=\"twitter:card\" content=\"summary_large_image\" \/>\n<script type=\"application\/ld+json\" class=\"yoast-schema-graph\">{\"@context\":\"https:\\\/\\\/schema.org\",\"@graph\":[{\"@type\":\"WebPage\",\"@id\":\"https:\\\/\\\/emo-shop.com\\\/de\\\/izdelki\\\/brotbackform-gross-schaufel\\\/\",\"url\":\"https:\\\/\\\/emo-shop.com\\\/de\\\/izdelki\\\/brotbackform-gross-schaufel\\\/\",\"name\":\"Brotbackform gro\u00df + Schaufel - Spletna trgovina s slovensko posodo - EMO ETT\",\"isPartOf\":{\"@id\":\"https:\\\/\\\/emo-shop.com\\\/de\\\/#website\"},\"primaryImageOfPage\":{\"@id\":\"https:\\\/\\\/emo-shop.com\\\/de\\\/izdelki\\\/brotbackform-gross-schaufel\\\/#primaryimage\"},\"image\":{\"@id\":\"https:\\\/\\\/emo-shop.com\\\/de\\\/izdelki\\\/brotbackform-gross-schaufel\\\/#primaryimage\"},\"thumbnailUrl\":\"https:\\\/\\\/emo-shop.com\\\/wp-content\\\/uploads\\\/2024\\\/07\\\/1894-1.jpg\",\"datePublished\":\"2024-07-30T10:29:57+00:00\",\"breadcrumb\":{\"@id\":\"https:\\\/\\\/emo-shop.com\\\/de\\\/izdelki\\\/brotbackform-gross-schaufel\\\/#breadcrumb\"},\"inLanguage\":\"de\",\"potentialAction\":[{\"@type\":\"ReadAction\",\"target\":[\"https:\\\/\\\/emo-shop.com\\\/de\\\/izdelki\\\/brotbackform-gross-schaufel\\\/\"]}]},{\"@type\":\"ImageObject\",\"inLanguage\":\"de\",\"@id\":\"https:\\\/\\\/emo-shop.com\\\/de\\\/izdelki\\\/brotbackform-gross-schaufel\\\/#primaryimage\",\"url\":\"https:\\\/\\\/emo-shop.com\\\/wp-content\\\/uploads\\\/2024\\\/07\\\/1894-1.jpg\",\"contentUrl\":\"https:\\\/\\\/emo-shop.com\\\/wp-content\\\/uploads\\\/2024\\\/07\\\/1894-1.jpg\",\"width\":800,\"height\":600},{\"@type\":\"BreadcrumbList\",\"@id\":\"https:\\\/\\\/emo-shop.com\\\/de\\\/izdelki\\\/brotbackform-gross-schaufel\\\/#breadcrumb\",\"itemListElement\":[{\"@type\":\"ListItem\",\"position\":1,\"name\":\"Home\",\"item\":\"https:\\\/\\\/emo-shop.com\\\/de\\\/\"},{\"@type\":\"ListItem\",\"position\":2,\"name\":\"Shop\",\"item\":\"https:\\\/\\\/emo-shop.com\\\/de\\\/shop\\\/\"},{\"@type\":\"ListItem\",\"position\":3,\"name\":\"Brotbackform gro\u00df + Schaufel\"}]},{\"@type\":\"WebSite\",\"@id\":\"https:\\\/\\\/emo-shop.com\\\/de\\\/#website\",\"url\":\"https:\\\/\\\/emo-shop.com\\\/de\\\/\",\"name\":\"Spletna trgovina s slovensko posodo - EMO ETT\",\"description\":\"Spletna trgovina\",\"publisher\":{\"@id\":\"https:\\\/\\\/emo-shop.com\\\/de\\\/#organization\"},\"potentialAction\":[{\"@type\":\"SearchAction\",\"target\":{\"@type\":\"EntryPoint\",\"urlTemplate\":\"https:\\\/\\\/emo-shop.com\\\/de\\\/?s={search_term_string}\"},\"query-input\":{\"@type\":\"PropertyValueSpecification\",\"valueRequired\":true,\"valueName\":\"search_term_string\"}}],\"inLanguage\":\"de\"},{\"@type\":\"Organization\",\"@id\":\"https:\\\/\\\/emo-shop.com\\\/de\\\/#organization\",\"name\":\"Spletna trgovina s slovensko posodo - EMO ETT\",\"url\":\"https:\\\/\\\/emo-shop.com\\\/de\\\/\",\"logo\":{\"@type\":\"ImageObject\",\"inLanguage\":\"de\",\"@id\":\"https:\\\/\\\/emo-shop.com\\\/de\\\/#\\\/schema\\\/logo\\\/image\\\/\",\"url\":\"https:\\\/\\\/emo-shop.com\\\/wp-content\\\/uploads\\\/2024\\\/07\\\/favicon.jpg\",\"contentUrl\":\"https:\\\/\\\/emo-shop.com\\\/wp-content\\\/uploads\\\/2024\\\/07\\\/favicon.jpg\",\"width\":512,\"height\":512,\"caption\":\"Spletna trgovina s slovensko posodo - EMO ETT\"},\"image\":{\"@id\":\"https:\\\/\\\/emo-shop.com\\\/de\\\/#\\\/schema\\\/logo\\\/image\\\/\"},\"sameAs\":[\"https:\\\/\\\/www.facebook.com\\\/EMOSLOVENIA\"]}]}<\/script>\n<!-- \/ Yoast SEO plugin. -->","yoast_head_json":{"title":"Brotbackform gro\u00df + Schaufel - Spletna trgovina s slovensko posodo - EMO ETT","robots":{"index":"index","follow":"follow","max-snippet":"max-snippet:-1","max-image-preview":"max-image-preview:large","max-video-preview":"max-video-preview:-1"},"canonical":"https:\/\/emo-shop.com\/de\/izdelki\/brotbackform-gross-schaufel\/","og_locale":"de_DE","og_type":"article","og_title":"Brotbackform gro\u00df + Schaufel - Spletna trgovina s slovensko posodo - EMO ETT","og_description":"Brotbackform von L\u00c9KU\u00c9","og_url":"https:\/\/emo-shop.com\/de\/izdelki\/brotbackform-gross-schaufel\/","og_site_name":"Spletna trgovina s slovensko posodo - EMO ETT","article_publisher":"https:\/\/www.facebook.com\/EMOSLOVENIA","og_image":[{"width":800,"height":600,"url":"https:\/\/emo-shop.com\/wp-content\/uploads\/2024\/07\/1894-1.jpg","type":"image\/jpeg"}],"twitter_card":"summary_large_image","schema":{"@context":"https:\/\/schema.org","@graph":[{"@type":"WebPage","@id":"https:\/\/emo-shop.com\/de\/izdelki\/brotbackform-gross-schaufel\/","url":"https:\/\/emo-shop.com\/de\/izdelki\/brotbackform-gross-schaufel\/","name":"Brotbackform gro\u00df + Schaufel - Spletna trgovina s slovensko posodo - EMO ETT","isPartOf":{"@id":"https:\/\/emo-shop.com\/de\/#website"},"primaryImageOfPage":{"@id":"https:\/\/emo-shop.com\/de\/izdelki\/brotbackform-gross-schaufel\/#primaryimage"},"image":{"@id":"https:\/\/emo-shop.com\/de\/izdelki\/brotbackform-gross-schaufel\/#primaryimage"},"thumbnailUrl":"https:\/\/emo-shop.com\/wp-content\/uploads\/2024\/07\/1894-1.jpg","datePublished":"2024-07-30T10:29:57+00:00","breadcrumb":{"@id":"https:\/\/emo-shop.com\/de\/izdelki\/brotbackform-gross-schaufel\/#breadcrumb"},"inLanguage":"de","potentialAction":[{"@type":"ReadAction","target":["https:\/\/emo-shop.com\/de\/izdelki\/brotbackform-gross-schaufel\/"]}]},{"@type":"ImageObject","inLanguage":"de","@id":"https:\/\/emo-shop.com\/de\/izdelki\/brotbackform-gross-schaufel\/#primaryimage","url":"https:\/\/emo-shop.com\/wp-content\/uploads\/2024\/07\/1894-1.jpg","contentUrl":"https:\/\/emo-shop.com\/wp-content\/uploads\/2024\/07\/1894-1.jpg","width":800,"height":600},{"@type":"BreadcrumbList","@id":"https:\/\/emo-shop.com\/de\/izdelki\/brotbackform-gross-schaufel\/#breadcrumb","itemListElement":[{"@type":"ListItem","position":1,"name":"Home","item":"https:\/\/emo-shop.com\/de\/"},{"@type":"ListItem","position":2,"name":"Shop","item":"https:\/\/emo-shop.com\/de\/shop\/"},{"@type":"ListItem","position":3,"name":"Brotbackform gro\u00df + Schaufel"}]},{"@type":"WebSite","@id":"https:\/\/emo-shop.com\/de\/#website","url":"https:\/\/emo-shop.com\/de\/","name":"Spletna trgovina s slovensko posodo - EMO ETT","description":"Spletna trgovina","publisher":{"@id":"https:\/\/emo-shop.com\/de\/#organization"},"potentialAction":[{"@type":"SearchAction","target":{"@type":"EntryPoint","urlTemplate":"https:\/\/emo-shop.com\/de\/?s={search_term_string}"},"query-input":{"@type":"PropertyValueSpecification","valueRequired":true,"valueName":"search_term_string"}}],"inLanguage":"de"},{"@type":"Organization","@id":"https:\/\/emo-shop.com\/de\/#organization","name":"Spletna trgovina s slovensko posodo - EMO ETT","url":"https:\/\/emo-shop.com\/de\/","logo":{"@type":"ImageObject","inLanguage":"de","@id":"https:\/\/emo-shop.com\/de\/#\/schema\/logo\/image\/","url":"https:\/\/emo-shop.com\/wp-content\/uploads\/2024\/07\/favicon.jpg","contentUrl":"https:\/\/emo-shop.com\/wp-content\/uploads\/2024\/07\/favicon.jpg","width":512,"height":512,"caption":"Spletna trgovina s slovensko posodo - EMO ETT"},"image":{"@id":"https:\/\/emo-shop.com\/de\/#\/schema\/logo\/image\/"},"sameAs":["https:\/\/www.facebook.com\/EMOSLOVENIA"]}]}},"_links":{"self":[{"href":"https:\/\/emo-shop.com\/de\/wp-json\/wp\/v2\/product\/36436","targetHints":{"allow":["GET"]}}],"collection":[{"href":"https:\/\/emo-shop.com\/de\/wp-json\/wp\/v2\/product"}],"about":[{"href":"https:\/\/emo-shop.com\/de\/wp-json\/wp\/v2\/types\/product"}],"replies":[{"embeddable":true,"href":"https:\/\/emo-shop.com\/de\/wp-json\/wp\/v2\/comments?post=36436"}],"version-history":[{"count":0,"href":"https:\/\/emo-shop.com\/de\/wp-json\/wp\/v2\/product\/36436\/revisions"}],"wp:featuredmedia":[{"embeddable":true,"href":"https:\/\/emo-shop.com\/de\/wp-json\/wp\/v2\/media\/36438"}],"wp:attachment":[{"href":"https:\/\/emo-shop.com\/de\/wp-json\/wp\/v2\/media?parent=36436"}],"wp:term":[{"taxonomy":"product_brand","embeddable":true,"href":"https:\/\/emo-shop.com\/de\/wp-json\/wp\/v2\/product_brand?post=36436"},{"taxonomy":"product_cat","embeddable":true,"href":"https:\/\/emo-shop.com\/de\/wp-json\/wp\/v2\/product_cat?post=36436"},{"taxonomy":"product_tag","embeddable":true,"href":"https:\/\/emo-shop.com\/de\/wp-json\/wp\/v2\/product_tag?post=36436"}],"curies":[{"name":"wp","href":"https:\/\/api.w.org\/{rel}","templated":true}]}}