{"id":36334,"date":"2024-07-30T10:31:02","date_gmt":"2024-07-30T10:31:02","guid":{"rendered":"https:\/\/emo-shop.com\/izdelki\/runde-pizzaform-36-cm\/"},"modified":"2024-07-30T10:31:02","modified_gmt":"2024-07-30T10:31:02","slug":"runde-pizzaform-36-cm","status":"publish","type":"product","link":"https:\/\/emo-shop.com\/de\/izdelki\/runde-pizzaform-36-cm\/","title":{"rendered":"Runde Pizzaform 36 cm"},"content":{"rendered":"<h4><strong>Backen Sie k\u00f6stliche, hausgemachte Pizzen mit knuspriger Kruste. Das Geheimnis liegt im Backen! Die runde Pizza erm\u00f6glicht durch ihre Mikroperforation, dass Luft durch die L\u00f6cher im Teig zirkulieren kann, wodurch der Teig knusprig wird.<\/strong><\/h4>\n<p><strong>Ma\u00dfe: \u00f8360 mm &#8211; H17 mm<\/strong><\/p>\n<div class=\"flex items-center relative text-token-text-secondary bg-token-main-surface-secondary px-4 py-2 text-xs font-sans justify-between rounded-t-md\"><\/div>\n<div class=\"dark bg-gray-950 rounded-md\">\n<div class=\"p-4 overflow-y-auto\"><strong><code class=\"!whitespace-pre hljs language-mathematica\"><span class=\"hljs-built_in\">Material<\/span><span class=\"hljs-operator\">:<\/span> <span class=\"hljs-number\">100<\/span><span class=\"hljs-operator\">%<\/span> <span class=\"hljs-variable\">platinasti<\/span> <span class=\"hljs-variable\">silikon<\/span><span class=\"hljs-variable\">Temperatura<\/span><span class=\"hljs-operator\">:<\/span> <span class=\"hljs-operator\">-<\/span><span class=\"hljs-number\">60<\/span> \u00b0 <span class=\"hljs-built_in\">C<\/span> <span class=\"hljs-operator\">\/<\/span> <span class=\"hljs-operator\">+<\/span> <span class=\"hljs-number\">220<\/span> \u00b0 <span class=\"hljs-built_in\">C<\/span> <\/code><\/strong><\/div>\n<\/div>\n<p><strong>Geeignet f\u00fcr: Backofen, Mikrowelle, Geschirrsp\u00fcler, K\u00fchlschrank<\/strong><\/p>\n<p><span style=\"color: #000000;\"><a href=\"https:\/\/youtu.be\/5-2Y7z4GLZg\">VIDEO ANWENDUNGSBEISPIEL<\/a><\/span><\/p>\n","protected":false},"excerpt":{"rendered":"<h3>Runde Backform f\u00fcr knusprige Pizza von L\u00c9KU\u00c9<\/h3>\n","protected":false},"featured_media":36335,"comment_status":"open","ping_status":"closed","template":"","meta":[],"product_brand":[],"product_cat":[764],"product_tag":[],"class_list":{"0":"post-36334","1":"product","2":"type-product","3":"status-publish","4":"has-post-thumbnail","6":"product_cat-brabantia-lekue","8":"first","9":"instock","10":"taxable","11":"shipping-taxable","12":"purchasable","13":"product-type-simple"},"yoast_head":"<!-- This site is optimized with the Yoast SEO plugin v27.4 - https:\/\/yoast.com\/product\/yoast-seo-wordpress\/ -->\n<title>Runde Pizzaform 36 cm - Spletna trgovina s slovensko posodo - EMO ETT<\/title>\n<meta name=\"robots\" content=\"index, follow, max-snippet:-1, max-image-preview:large, max-video-preview:-1\" \/>\n<link rel=\"canonical\" href=\"https:\/\/emo-shop.com\/de\/izdelki\/runde-pizzaform-36-cm\/\" \/>\n<meta property=\"og:locale\" content=\"de_DE\" \/>\n<meta property=\"og:type\" content=\"article\" \/>\n<meta property=\"og:title\" content=\"Runde Pizzaform 36 cm - Spletna trgovina s slovensko posodo - EMO ETT\" \/>\n<meta property=\"og:description\" content=\"Runde Backform f\u00fcr knusprige Pizza von L\u00c9KU\u00c9\" \/>\n<meta property=\"og:url\" content=\"https:\/\/emo-shop.com\/de\/izdelki\/runde-pizzaform-36-cm\/\" \/>\n<meta property=\"og:site_name\" content=\"Spletna trgovina s slovensko posodo - EMO ETT\" \/>\n<meta property=\"article:publisher\" content=\"https:\/\/www.facebook.com\/EMOSLOVENIA\" \/>\n<meta property=\"og:image\" content=\"https:\/\/emo-shop.com\/wp-content\/uploads\/2024\/07\/434-scaled.jpg\" \/>\n\t<meta property=\"og:image:width\" content=\"800\" \/>\n\t<meta property=\"og:image:height\" content=\"600\" \/>\n\t<meta property=\"og:image:type\" content=\"image\/jpeg\" \/>\n<meta name=\"twitter:card\" content=\"summary_large_image\" \/>\n<script type=\"application\/ld+json\" class=\"yoast-schema-graph\">{\"@context\":\"https:\\\/\\\/schema.org\",\"@graph\":[{\"@type\":\"WebPage\",\"@id\":\"https:\\\/\\\/emo-shop.com\\\/de\\\/izdelki\\\/runde-pizzaform-36-cm\\\/\",\"url\":\"https:\\\/\\\/emo-shop.com\\\/de\\\/izdelki\\\/runde-pizzaform-36-cm\\\/\",\"name\":\"Runde Pizzaform 36 cm - Spletna trgovina s slovensko posodo - EMO ETT\",\"isPartOf\":{\"@id\":\"https:\\\/\\\/emo-shop.com\\\/de\\\/#website\"},\"primaryImageOfPage\":{\"@id\":\"https:\\\/\\\/emo-shop.com\\\/de\\\/izdelki\\\/runde-pizzaform-36-cm\\\/#primaryimage\"},\"image\":{\"@id\":\"https:\\\/\\\/emo-shop.com\\\/de\\\/izdelki\\\/runde-pizzaform-36-cm\\\/#primaryimage\"},\"thumbnailUrl\":\"https:\\\/\\\/emo-shop.com\\\/wp-content\\\/uploads\\\/2024\\\/07\\\/434-scaled.jpg\",\"datePublished\":\"2024-07-30T10:31:02+00:00\",\"breadcrumb\":{\"@id\":\"https:\\\/\\\/emo-shop.com\\\/de\\\/izdelki\\\/runde-pizzaform-36-cm\\\/#breadcrumb\"},\"inLanguage\":\"de\",\"potentialAction\":[{\"@type\":\"ReadAction\",\"target\":[\"https:\\\/\\\/emo-shop.com\\\/de\\\/izdelki\\\/runde-pizzaform-36-cm\\\/\"]}]},{\"@type\":\"ImageObject\",\"inLanguage\":\"de\",\"@id\":\"https:\\\/\\\/emo-shop.com\\\/de\\\/izdelki\\\/runde-pizzaform-36-cm\\\/#primaryimage\",\"url\":\"https:\\\/\\\/emo-shop.com\\\/wp-content\\\/uploads\\\/2024\\\/07\\\/434-scaled.jpg\",\"contentUrl\":\"https:\\\/\\\/emo-shop.com\\\/wp-content\\\/uploads\\\/2024\\\/07\\\/434-scaled.jpg\",\"width\":800,\"height\":600},{\"@type\":\"BreadcrumbList\",\"@id\":\"https:\\\/\\\/emo-shop.com\\\/de\\\/izdelki\\\/runde-pizzaform-36-cm\\\/#breadcrumb\",\"itemListElement\":[{\"@type\":\"ListItem\",\"position\":1,\"name\":\"Home\",\"item\":\"https:\\\/\\\/emo-shop.com\\\/de\\\/\"},{\"@type\":\"ListItem\",\"position\":2,\"name\":\"Shop\",\"item\":\"https:\\\/\\\/emo-shop.com\\\/de\\\/shop\\\/\"},{\"@type\":\"ListItem\",\"position\":3,\"name\":\"Runde Pizzaform 36 cm\"}]},{\"@type\":\"WebSite\",\"@id\":\"https:\\\/\\\/emo-shop.com\\\/de\\\/#website\",\"url\":\"https:\\\/\\\/emo-shop.com\\\/de\\\/\",\"name\":\"Spletna trgovina s slovensko posodo - EMO ETT\",\"description\":\"Spletna trgovina\",\"publisher\":{\"@id\":\"https:\\\/\\\/emo-shop.com\\\/de\\\/#organization\"},\"potentialAction\":[{\"@type\":\"SearchAction\",\"target\":{\"@type\":\"EntryPoint\",\"urlTemplate\":\"https:\\\/\\\/emo-shop.com\\\/de\\\/?s={search_term_string}\"},\"query-input\":{\"@type\":\"PropertyValueSpecification\",\"valueRequired\":true,\"valueName\":\"search_term_string\"}}],\"inLanguage\":\"de\"},{\"@type\":\"Organization\",\"@id\":\"https:\\\/\\\/emo-shop.com\\\/de\\\/#organization\",\"name\":\"Spletna trgovina s slovensko posodo - EMO ETT\",\"url\":\"https:\\\/\\\/emo-shop.com\\\/de\\\/\",\"logo\":{\"@type\":\"ImageObject\",\"inLanguage\":\"de\",\"@id\":\"https:\\\/\\\/emo-shop.com\\\/de\\\/#\\\/schema\\\/logo\\\/image\\\/\",\"url\":\"https:\\\/\\\/emo-shop.com\\\/wp-content\\\/uploads\\\/2024\\\/07\\\/favicon.jpg\",\"contentUrl\":\"https:\\\/\\\/emo-shop.com\\\/wp-content\\\/uploads\\\/2024\\\/07\\\/favicon.jpg\",\"width\":512,\"height\":512,\"caption\":\"Spletna trgovina s slovensko posodo - EMO ETT\"},\"image\":{\"@id\":\"https:\\\/\\\/emo-shop.com\\\/de\\\/#\\\/schema\\\/logo\\\/image\\\/\"},\"sameAs\":[\"https:\\\/\\\/www.facebook.com\\\/EMOSLOVENIA\"]}]}<\/script>\n<!-- \/ Yoast SEO plugin. -->","yoast_head_json":{"title":"Runde Pizzaform 36 cm - Spletna trgovina s slovensko posodo - EMO ETT","robots":{"index":"index","follow":"follow","max-snippet":"max-snippet:-1","max-image-preview":"max-image-preview:large","max-video-preview":"max-video-preview:-1"},"canonical":"https:\/\/emo-shop.com\/de\/izdelki\/runde-pizzaform-36-cm\/","og_locale":"de_DE","og_type":"article","og_title":"Runde Pizzaform 36 cm - Spletna trgovina s slovensko posodo - EMO ETT","og_description":"Runde Backform f\u00fcr knusprige Pizza von L\u00c9KU\u00c9","og_url":"https:\/\/emo-shop.com\/de\/izdelki\/runde-pizzaform-36-cm\/","og_site_name":"Spletna trgovina s slovensko posodo - EMO ETT","article_publisher":"https:\/\/www.facebook.com\/EMOSLOVENIA","og_image":[{"width":800,"height":600,"url":"https:\/\/emo-shop.com\/wp-content\/uploads\/2024\/07\/434-scaled.jpg","type":"image\/jpeg"}],"twitter_card":"summary_large_image","schema":{"@context":"https:\/\/schema.org","@graph":[{"@type":"WebPage","@id":"https:\/\/emo-shop.com\/de\/izdelki\/runde-pizzaform-36-cm\/","url":"https:\/\/emo-shop.com\/de\/izdelki\/runde-pizzaform-36-cm\/","name":"Runde Pizzaform 36 cm - Spletna trgovina s slovensko posodo - EMO ETT","isPartOf":{"@id":"https:\/\/emo-shop.com\/de\/#website"},"primaryImageOfPage":{"@id":"https:\/\/emo-shop.com\/de\/izdelki\/runde-pizzaform-36-cm\/#primaryimage"},"image":{"@id":"https:\/\/emo-shop.com\/de\/izdelki\/runde-pizzaform-36-cm\/#primaryimage"},"thumbnailUrl":"https:\/\/emo-shop.com\/wp-content\/uploads\/2024\/07\/434-scaled.jpg","datePublished":"2024-07-30T10:31:02+00:00","breadcrumb":{"@id":"https:\/\/emo-shop.com\/de\/izdelki\/runde-pizzaform-36-cm\/#breadcrumb"},"inLanguage":"de","potentialAction":[{"@type":"ReadAction","target":["https:\/\/emo-shop.com\/de\/izdelki\/runde-pizzaform-36-cm\/"]}]},{"@type":"ImageObject","inLanguage":"de","@id":"https:\/\/emo-shop.com\/de\/izdelki\/runde-pizzaform-36-cm\/#primaryimage","url":"https:\/\/emo-shop.com\/wp-content\/uploads\/2024\/07\/434-scaled.jpg","contentUrl":"https:\/\/emo-shop.com\/wp-content\/uploads\/2024\/07\/434-scaled.jpg","width":800,"height":600},{"@type":"BreadcrumbList","@id":"https:\/\/emo-shop.com\/de\/izdelki\/runde-pizzaform-36-cm\/#breadcrumb","itemListElement":[{"@type":"ListItem","position":1,"name":"Home","item":"https:\/\/emo-shop.com\/de\/"},{"@type":"ListItem","position":2,"name":"Shop","item":"https:\/\/emo-shop.com\/de\/shop\/"},{"@type":"ListItem","position":3,"name":"Runde Pizzaform 36 cm"}]},{"@type":"WebSite","@id":"https:\/\/emo-shop.com\/de\/#website","url":"https:\/\/emo-shop.com\/de\/","name":"Spletna trgovina s slovensko posodo - EMO ETT","description":"Spletna trgovina","publisher":{"@id":"https:\/\/emo-shop.com\/de\/#organization"},"potentialAction":[{"@type":"SearchAction","target":{"@type":"EntryPoint","urlTemplate":"https:\/\/emo-shop.com\/de\/?s={search_term_string}"},"query-input":{"@type":"PropertyValueSpecification","valueRequired":true,"valueName":"search_term_string"}}],"inLanguage":"de"},{"@type":"Organization","@id":"https:\/\/emo-shop.com\/de\/#organization","name":"Spletna trgovina s slovensko posodo - EMO ETT","url":"https:\/\/emo-shop.com\/de\/","logo":{"@type":"ImageObject","inLanguage":"de","@id":"https:\/\/emo-shop.com\/de\/#\/schema\/logo\/image\/","url":"https:\/\/emo-shop.com\/wp-content\/uploads\/2024\/07\/favicon.jpg","contentUrl":"https:\/\/emo-shop.com\/wp-content\/uploads\/2024\/07\/favicon.jpg","width":512,"height":512,"caption":"Spletna trgovina s slovensko posodo - EMO ETT"},"image":{"@id":"https:\/\/emo-shop.com\/de\/#\/schema\/logo\/image\/"},"sameAs":["https:\/\/www.facebook.com\/EMOSLOVENIA"]}]}},"_links":{"self":[{"href":"https:\/\/emo-shop.com\/de\/wp-json\/wp\/v2\/product\/36334","targetHints":{"allow":["GET"]}}],"collection":[{"href":"https:\/\/emo-shop.com\/de\/wp-json\/wp\/v2\/product"}],"about":[{"href":"https:\/\/emo-shop.com\/de\/wp-json\/wp\/v2\/types\/product"}],"replies":[{"embeddable":true,"href":"https:\/\/emo-shop.com\/de\/wp-json\/wp\/v2\/comments?post=36334"}],"version-history":[{"count":0,"href":"https:\/\/emo-shop.com\/de\/wp-json\/wp\/v2\/product\/36334\/revisions"}],"wp:featuredmedia":[{"embeddable":true,"href":"https:\/\/emo-shop.com\/de\/wp-json\/wp\/v2\/media\/36335"}],"wp:attachment":[{"href":"https:\/\/emo-shop.com\/de\/wp-json\/wp\/v2\/media?parent=36334"}],"wp:term":[{"taxonomy":"product_brand","embeddable":true,"href":"https:\/\/emo-shop.com\/de\/wp-json\/wp\/v2\/product_brand?post=36334"},{"taxonomy":"product_cat","embeddable":true,"href":"https:\/\/emo-shop.com\/de\/wp-json\/wp\/v2\/product_cat?post=36334"},{"taxonomy":"product_tag","embeddable":true,"href":"https:\/\/emo-shop.com\/de\/wp-json\/wp\/v2\/product_tag?post=36334"}],"curies":[{"name":"wp","href":"https:\/\/api.w.org\/{rel}","templated":true}]}}