{"id":36039,"date":"2024-07-30T10:32:10","date_gmt":"2024-07-30T10:32:10","guid":{"rendered":"https:\/\/emo-shop.com\/izdelki\/1-liter-aufbewahrungsbehaelter\/"},"modified":"2024-07-30T10:32:10","modified_gmt":"2024-07-30T10:32:10","slug":"1-liter-aufbewahrungsbehaelter","status":"publish","type":"product","link":"https:\/\/emo-shop.com\/de\/izdelki\/1-liter-aufbewahrungsbehaelter\/","title":{"rendered":"1-Liter-Aufbewahrungsbeh\u00e4lter"},"content":{"rendered":"<div class=\"min-h-[20px] text-message flex flex-col items-start gap-3 whitespace-pre-wrap break-words [.text-message+&#038;]:mt-5 overflow-x-auto\">\n<div class=\"markdown prose w-full break-words dark:prose-invert light\">\n<p>Silikonbeh\u00e4lter 1 l<\/p>\n<p>Ma\u00dfe mm D186 \u2013 \u0160116 \u2013 V88<\/p>\n<p>Material 100 % Platin-Silikon<\/p>\n<p>Temperatur -60 \u00b0C \/ +220 \u00b0C<\/p>\n<p>Fassungsverm\u00f6gen 1000 ml<\/p>\n<p>Geeignet f\u00fcr K\u00fchlschrank, Gefrierschrank, Geschirrsp\u00fcler, Mikrowelle, Backofen Praktische Box aus 100 % Platin-Silikon zum Aufbewahren und Frischhalten von Lebensmitteln im K\u00fchlschrank und Gefrierschrank, verhindert Geruchs\u00fcbertragung und bewahrt die Frische der Lebensmittel. Sie kann beliebig oft wiederverwendet werden und stellt eine umweltfreundliche Alternative zu Einweg-Plastikverpackungen dar.<\/p>\n<p>Die Box mit einem Fassungsverm\u00f6gen von 1 l eignet sich zur Aufbewahrung von 3 bis 4 Mahlzeiten und gr\u00f6\u00dferen Mengen an Lebensmitteln. Sie eignet sich ideal f\u00fcr die Aufbewahrung von k\u00fcrzlich gekauften Zutaten, das Einfrieren von Mahlzeiten oder den Vorratskauf f\u00fcr die eigene K\u00fcche.<\/p>\n<p>Die Boxen bestehen zu 100 % aus platinvernetztem Silikon, einem hochwertigen, hygienischen, leichten und widerstandsf\u00e4higen Material ohne BPA. Die Dicke des Silikons sch\u00fctzt die Lebensmittel vor dem Einfrieren und reduziert die Eisbildung, wodurch sie sich ideal f\u00fcr das sichere und hygienische Einfrieren von Lebensmitteln eignen. Sie sind auch zum Auftauen und Erhitzen von Lebensmitteln in der Mikrowelle und im Backofen geeignet.<\/p>\n<p>Sie sind modular und stapelbar, was Ihnen hilft, Platz zu sparen und Ihren K\u00fchlschrank und Gefrierschrank sauber und ordentlich zu halten. Schluss mit unordentlichen Schr\u00e4nken. Die Silikonboxen sind platzsparend konzipiert; sie lassen sich stapeln, wenn sie voll sind, und ineinander schieben, wenn sie leer sind.<\/p>\n<p>Diese Beh\u00e4lter f\u00fcr die Zubereitung von Mahlzeiten verf\u00fcgen \u00fcber einen praktischen integrierten Deckel, der die Aufbewahrung erleichtert, sowie \u00fcber Griffe, die auch bei Hitze ein sicheres Halten gew\u00e4hrleisten. Dar\u00fcber hinaus verf\u00fcgen sie \u00fcber ein spezielles Fenster, auf dem Sie den Inhalt notieren k\u00f6nnen, was die Identifizierung des Inhalts erleichtert.<\/p>\n<p>Die vielseitigen Beh\u00e4lter sind einfach und praktisch in der Sp\u00fclmaschine zu reinigen und k\u00f6nnen zudem mehrfach verwendet werden, wodurch weniger Abfall durch Einwegplastik entsteht.<\/p>\n<p>Ebenfalls erh\u00e4ltlich:<\/p>\n<p>Set mit 3 Silikonboxen<\/p>\n<p>Silikonbox 200 ml<\/p>\n<p>Silikonbox 500 ml<\/p>\n<\/div>\n<\/div>\n<div id=\"tw-target-rmn-container\" class=\"tw-target-rmn tw-ta-container F0azHf tw-nfl\"><\/div>\n","protected":false},"excerpt":{"rendered":"<p>Seien Sie vorbereitet \u2013 jederzeit und \u00fcberall<\/p>\n","protected":false},"featured_media":36041,"comment_status":"open","ping_status":"closed","template":"","meta":[],"product_brand":[],"product_cat":[764],"product_tag":[],"class_list":{"0":"post-36039","1":"product","2":"type-product","3":"status-publish","4":"has-post-thumbnail","6":"product_cat-brabantia-lekue","8":"first","9":"instock","10":"taxable","11":"shipping-taxable","12":"purchasable","13":"product-type-simple"},"yoast_head":"<!-- This site is optimized with the Yoast SEO plugin v27.4 - https:\/\/yoast.com\/product\/yoast-seo-wordpress\/ -->\n<title>1-Liter-Aufbewahrungsbeh\u00e4lter - Spletna trgovina s slovensko posodo - EMO ETT<\/title>\n<meta name=\"robots\" content=\"index, follow, max-snippet:-1, max-image-preview:large, max-video-preview:-1\" \/>\n<link rel=\"canonical\" href=\"https:\/\/emo-shop.com\/de\/izdelki\/1-liter-aufbewahrungsbehaelter\/\" \/>\n<meta property=\"og:locale\" content=\"de_DE\" \/>\n<meta property=\"og:type\" content=\"article\" \/>\n<meta property=\"og:title\" content=\"1-Liter-Aufbewahrungsbeh\u00e4lter - Spletna trgovina s slovensko posodo - EMO ETT\" \/>\n<meta property=\"og:description\" content=\"Seien Sie vorbereitet \u2013 jederzeit und \u00fcberall\" \/>\n<meta property=\"og:url\" content=\"https:\/\/emo-shop.com\/de\/izdelki\/1-liter-aufbewahrungsbehaelter\/\" \/>\n<meta property=\"og:site_name\" content=\"Spletna trgovina s slovensko posodo - EMO ETT\" \/>\n<meta property=\"article:publisher\" content=\"https:\/\/www.facebook.com\/EMOSLOVENIA\" \/>\n<meta property=\"og:image\" content=\"https:\/\/emo-shop.com\/wp-content\/uploads\/2024\/07\/posoda-za-shranjevanje-hrane2.png\" \/>\n\t<meta property=\"og:image:width\" content=\"790\" \/>\n\t<meta property=\"og:image:height\" content=\"832\" \/>\n\t<meta property=\"og:image:type\" content=\"image\/png\" \/>\n<meta name=\"twitter:card\" content=\"summary_large_image\" \/>\n<meta name=\"twitter:label1\" content=\"Gesch\u00e4tzte Lesezeit\" \/>\n\t<meta name=\"twitter:data1\" content=\"2\u00a0Minuten\" \/>\n<script type=\"application\/ld+json\" class=\"yoast-schema-graph\">{\"@context\":\"https:\\\/\\\/schema.org\",\"@graph\":[{\"@type\":\"WebPage\",\"@id\":\"https:\\\/\\\/emo-shop.com\\\/de\\\/izdelki\\\/1-liter-aufbewahrungsbehaelter\\\/\",\"url\":\"https:\\\/\\\/emo-shop.com\\\/de\\\/izdelki\\\/1-liter-aufbewahrungsbehaelter\\\/\",\"name\":\"1-Liter-Aufbewahrungsbeh\u00e4lter - Spletna trgovina s slovensko posodo - EMO ETT\",\"isPartOf\":{\"@id\":\"https:\\\/\\\/emo-shop.com\\\/de\\\/#website\"},\"primaryImageOfPage\":{\"@id\":\"https:\\\/\\\/emo-shop.com\\\/de\\\/izdelki\\\/1-liter-aufbewahrungsbehaelter\\\/#primaryimage\"},\"image\":{\"@id\":\"https:\\\/\\\/emo-shop.com\\\/de\\\/izdelki\\\/1-liter-aufbewahrungsbehaelter\\\/#primaryimage\"},\"thumbnailUrl\":\"https:\\\/\\\/emo-shop.com\\\/wp-content\\\/uploads\\\/2024\\\/07\\\/posoda-za-shranjevanje-hrane2.png\",\"datePublished\":\"2024-07-30T10:32:10+00:00\",\"breadcrumb\":{\"@id\":\"https:\\\/\\\/emo-shop.com\\\/de\\\/izdelki\\\/1-liter-aufbewahrungsbehaelter\\\/#breadcrumb\"},\"inLanguage\":\"de\",\"potentialAction\":[{\"@type\":\"ReadAction\",\"target\":[\"https:\\\/\\\/emo-shop.com\\\/de\\\/izdelki\\\/1-liter-aufbewahrungsbehaelter\\\/\"]}]},{\"@type\":\"ImageObject\",\"inLanguage\":\"de\",\"@id\":\"https:\\\/\\\/emo-shop.com\\\/de\\\/izdelki\\\/1-liter-aufbewahrungsbehaelter\\\/#primaryimage\",\"url\":\"https:\\\/\\\/emo-shop.com\\\/wp-content\\\/uploads\\\/2024\\\/07\\\/posoda-za-shranjevanje-hrane2.png\",\"contentUrl\":\"https:\\\/\\\/emo-shop.com\\\/wp-content\\\/uploads\\\/2024\\\/07\\\/posoda-za-shranjevanje-hrane2.png\",\"width\":790,\"height\":832},{\"@type\":\"BreadcrumbList\",\"@id\":\"https:\\\/\\\/emo-shop.com\\\/de\\\/izdelki\\\/1-liter-aufbewahrungsbehaelter\\\/#breadcrumb\",\"itemListElement\":[{\"@type\":\"ListItem\",\"position\":1,\"name\":\"Home\",\"item\":\"https:\\\/\\\/emo-shop.com\\\/de\\\/\"},{\"@type\":\"ListItem\",\"position\":2,\"name\":\"Shop\",\"item\":\"https:\\\/\\\/emo-shop.com\\\/de\\\/shop\\\/\"},{\"@type\":\"ListItem\",\"position\":3,\"name\":\"1-Liter-Aufbewahrungsbeh\u00e4lter\"}]},{\"@type\":\"WebSite\",\"@id\":\"https:\\\/\\\/emo-shop.com\\\/de\\\/#website\",\"url\":\"https:\\\/\\\/emo-shop.com\\\/de\\\/\",\"name\":\"Spletna trgovina s slovensko posodo - EMO ETT\",\"description\":\"Spletna trgovina\",\"publisher\":{\"@id\":\"https:\\\/\\\/emo-shop.com\\\/de\\\/#organization\"},\"potentialAction\":[{\"@type\":\"SearchAction\",\"target\":{\"@type\":\"EntryPoint\",\"urlTemplate\":\"https:\\\/\\\/emo-shop.com\\\/de\\\/?s={search_term_string}\"},\"query-input\":{\"@type\":\"PropertyValueSpecification\",\"valueRequired\":true,\"valueName\":\"search_term_string\"}}],\"inLanguage\":\"de\"},{\"@type\":\"Organization\",\"@id\":\"https:\\\/\\\/emo-shop.com\\\/de\\\/#organization\",\"name\":\"Spletna trgovina s slovensko posodo - EMO ETT\",\"url\":\"https:\\\/\\\/emo-shop.com\\\/de\\\/\",\"logo\":{\"@type\":\"ImageObject\",\"inLanguage\":\"de\",\"@id\":\"https:\\\/\\\/emo-shop.com\\\/de\\\/#\\\/schema\\\/logo\\\/image\\\/\",\"url\":\"https:\\\/\\\/emo-shop.com\\\/wp-content\\\/uploads\\\/2024\\\/07\\\/favicon.jpg\",\"contentUrl\":\"https:\\\/\\\/emo-shop.com\\\/wp-content\\\/uploads\\\/2024\\\/07\\\/favicon.jpg\",\"width\":512,\"height\":512,\"caption\":\"Spletna trgovina s slovensko posodo - EMO ETT\"},\"image\":{\"@id\":\"https:\\\/\\\/emo-shop.com\\\/de\\\/#\\\/schema\\\/logo\\\/image\\\/\"},\"sameAs\":[\"https:\\\/\\\/www.facebook.com\\\/EMOSLOVENIA\"]}]}<\/script>\n<!-- \/ Yoast SEO plugin. -->","yoast_head_json":{"title":"1-Liter-Aufbewahrungsbeh\u00e4lter - Spletna trgovina s slovensko posodo - EMO ETT","robots":{"index":"index","follow":"follow","max-snippet":"max-snippet:-1","max-image-preview":"max-image-preview:large","max-video-preview":"max-video-preview:-1"},"canonical":"https:\/\/emo-shop.com\/de\/izdelki\/1-liter-aufbewahrungsbehaelter\/","og_locale":"de_DE","og_type":"article","og_title":"1-Liter-Aufbewahrungsbeh\u00e4lter - Spletna trgovina s slovensko posodo - EMO ETT","og_description":"Seien Sie vorbereitet \u2013 jederzeit und \u00fcberall","og_url":"https:\/\/emo-shop.com\/de\/izdelki\/1-liter-aufbewahrungsbehaelter\/","og_site_name":"Spletna trgovina s slovensko posodo - EMO ETT","article_publisher":"https:\/\/www.facebook.com\/EMOSLOVENIA","og_image":[{"width":790,"height":832,"url":"https:\/\/emo-shop.com\/wp-content\/uploads\/2024\/07\/posoda-za-shranjevanje-hrane2.png","type":"image\/png"}],"twitter_card":"summary_large_image","twitter_misc":{"Gesch\u00e4tzte Lesezeit":"2\u00a0Minuten"},"schema":{"@context":"https:\/\/schema.org","@graph":[{"@type":"WebPage","@id":"https:\/\/emo-shop.com\/de\/izdelki\/1-liter-aufbewahrungsbehaelter\/","url":"https:\/\/emo-shop.com\/de\/izdelki\/1-liter-aufbewahrungsbehaelter\/","name":"1-Liter-Aufbewahrungsbeh\u00e4lter - Spletna trgovina s slovensko posodo - EMO ETT","isPartOf":{"@id":"https:\/\/emo-shop.com\/de\/#website"},"primaryImageOfPage":{"@id":"https:\/\/emo-shop.com\/de\/izdelki\/1-liter-aufbewahrungsbehaelter\/#primaryimage"},"image":{"@id":"https:\/\/emo-shop.com\/de\/izdelki\/1-liter-aufbewahrungsbehaelter\/#primaryimage"},"thumbnailUrl":"https:\/\/emo-shop.com\/wp-content\/uploads\/2024\/07\/posoda-za-shranjevanje-hrane2.png","datePublished":"2024-07-30T10:32:10+00:00","breadcrumb":{"@id":"https:\/\/emo-shop.com\/de\/izdelki\/1-liter-aufbewahrungsbehaelter\/#breadcrumb"},"inLanguage":"de","potentialAction":[{"@type":"ReadAction","target":["https:\/\/emo-shop.com\/de\/izdelki\/1-liter-aufbewahrungsbehaelter\/"]}]},{"@type":"ImageObject","inLanguage":"de","@id":"https:\/\/emo-shop.com\/de\/izdelki\/1-liter-aufbewahrungsbehaelter\/#primaryimage","url":"https:\/\/emo-shop.com\/wp-content\/uploads\/2024\/07\/posoda-za-shranjevanje-hrane2.png","contentUrl":"https:\/\/emo-shop.com\/wp-content\/uploads\/2024\/07\/posoda-za-shranjevanje-hrane2.png","width":790,"height":832},{"@type":"BreadcrumbList","@id":"https:\/\/emo-shop.com\/de\/izdelki\/1-liter-aufbewahrungsbehaelter\/#breadcrumb","itemListElement":[{"@type":"ListItem","position":1,"name":"Home","item":"https:\/\/emo-shop.com\/de\/"},{"@type":"ListItem","position":2,"name":"Shop","item":"https:\/\/emo-shop.com\/de\/shop\/"},{"@type":"ListItem","position":3,"name":"1-Liter-Aufbewahrungsbeh\u00e4lter"}]},{"@type":"WebSite","@id":"https:\/\/emo-shop.com\/de\/#website","url":"https:\/\/emo-shop.com\/de\/","name":"Spletna trgovina s slovensko posodo - EMO ETT","description":"Spletna trgovina","publisher":{"@id":"https:\/\/emo-shop.com\/de\/#organization"},"potentialAction":[{"@type":"SearchAction","target":{"@type":"EntryPoint","urlTemplate":"https:\/\/emo-shop.com\/de\/?s={search_term_string}"},"query-input":{"@type":"PropertyValueSpecification","valueRequired":true,"valueName":"search_term_string"}}],"inLanguage":"de"},{"@type":"Organization","@id":"https:\/\/emo-shop.com\/de\/#organization","name":"Spletna trgovina s slovensko posodo - EMO ETT","url":"https:\/\/emo-shop.com\/de\/","logo":{"@type":"ImageObject","inLanguage":"de","@id":"https:\/\/emo-shop.com\/de\/#\/schema\/logo\/image\/","url":"https:\/\/emo-shop.com\/wp-content\/uploads\/2024\/07\/favicon.jpg","contentUrl":"https:\/\/emo-shop.com\/wp-content\/uploads\/2024\/07\/favicon.jpg","width":512,"height":512,"caption":"Spletna trgovina s slovensko posodo - EMO ETT"},"image":{"@id":"https:\/\/emo-shop.com\/de\/#\/schema\/logo\/image\/"},"sameAs":["https:\/\/www.facebook.com\/EMOSLOVENIA"]}]}},"_links":{"self":[{"href":"https:\/\/emo-shop.com\/de\/wp-json\/wp\/v2\/product\/36039","targetHints":{"allow":["GET"]}}],"collection":[{"href":"https:\/\/emo-shop.com\/de\/wp-json\/wp\/v2\/product"}],"about":[{"href":"https:\/\/emo-shop.com\/de\/wp-json\/wp\/v2\/types\/product"}],"replies":[{"embeddable":true,"href":"https:\/\/emo-shop.com\/de\/wp-json\/wp\/v2\/comments?post=36039"}],"version-history":[{"count":0,"href":"https:\/\/emo-shop.com\/de\/wp-json\/wp\/v2\/product\/36039\/revisions"}],"wp:featuredmedia":[{"embeddable":true,"href":"https:\/\/emo-shop.com\/de\/wp-json\/wp\/v2\/media\/36041"}],"wp:attachment":[{"href":"https:\/\/emo-shop.com\/de\/wp-json\/wp\/v2\/media?parent=36039"}],"wp:term":[{"taxonomy":"product_brand","embeddable":true,"href":"https:\/\/emo-shop.com\/de\/wp-json\/wp\/v2\/product_brand?post=36039"},{"taxonomy":"product_cat","embeddable":true,"href":"https:\/\/emo-shop.com\/de\/wp-json\/wp\/v2\/product_cat?post=36039"},{"taxonomy":"product_tag","embeddable":true,"href":"https:\/\/emo-shop.com\/de\/wp-json\/wp\/v2\/product_tag?post=36039"}],"curies":[{"name":"wp","href":"https:\/\/api.w.org\/{rel}","templated":true}]}}