{"id":36022,"date":"2024-07-30T10:32:12","date_gmt":"2024-07-30T10:32:12","guid":{"rendered":"https:\/\/emo-shop.com\/izdelki\/kaffeekanne-07-l-supermama\/"},"modified":"2024-07-30T10:32:12","modified_gmt":"2024-07-30T10:32:12","slug":"kaffeekanne-07-l-supermama","status":"publish","type":"product","link":"https:\/\/emo-shop.com\/de\/izdelki\/kaffeekanne-07-l-supermama\/","title":{"rendered":"Kaffeekanne 0,7 l \u201eSupermama\u201c"},"content":{"rendered":"<p><span style=\"text-decoration: underline;\"><strong>Gewicht 0,24 kg Abmessungen 8,0 x 10,0 cm Wir unterst\u00fctzen junge K\u00fcnstler<\/strong><\/span><\/p>\n<p>und haben uns daher f\u00fcr eine Zusammenarbeit mit der talentierten jungen Illustratorin <strong>Nea<\/strong><\/p>\n<p><strong>Likar<\/strong><\/p>\n<p>entschieden.<\/p>\n<p>Nea Likar ist Illustratorin, Grafikdesignerin und Make-up-K\u00fcnstlerin. Ihre gro\u00dfe Herausforderung und ihr Wunsch ist es, Illustrationen in verschiedene Medien zu integrieren und Kunst in unseren Alltag zu integrieren. Die f\u00fcr EMO entworfenen Motive entspringen ihrem Wunsch, was sie selbst gerne auf Tassen sehen w\u00fcrde und was uns die wenigen Minuten am Tag versch\u00f6nern k\u00f6nnte, in denen wir uns Zeit f\u00fcr uns selbst und unsere Liebsten nehmen. Die<\/p>\n<p><strong>wundersch\u00f6ne und einzigartige<\/strong><\/p>\n<p>emaillierte Kaffeekanne ist f\u00fcr alle Herdarten geeignet, auch f\u00fcr Induktionsherde, und sp\u00fclmaschinenfest.<\/p>\n<p>Eine ausgezeichnete Geschenkidee. Schenken Sie Ihren Liebsten etwas Magisches und Einzigartiges.<\/p>\n<h3><\/h3>\n<p><strong>* Nur in begrenzter St\u00fcckzahl verf\u00fcgbar.<\/strong><\/p>\n<hr \/>\n<h3><strong>Wussten Sie schon? EMO GESCHIRR F\u00dcR ZUHAUSE UND DIE GASTRONOMIE ist:<\/strong><\/h3>\n<ul>\n<li>gesundes, emailliertes Geschirr<\/li>\n<li>f\u00fcr alle Herdarten geeignet, auch f\u00fcr Induktionsherde<\/li>\n<li>f\u00fcr Allergiker geeignet, da es kein Nickel enth\u00e4lt<\/li>\n<li>100 % hygienisch einwandfrei, pflegeleicht<\/li>\n<li>frei von sch\u00e4dlichen Beschichtungen, sodass beim Erhitzen keine sch\u00e4dlichen Stoffe freigesetzt werden<\/li>\n<li>SLOWENISCHES PRODUKT \u2013 Emailliertes Kochgeschirr aus slowenischer Fertigung<\/li>\n<\/ul>\n","protected":false},"excerpt":{"rendered":"<p>Gewicht 0,24 kg Abmessungen 8,0 x 10,0 cm Wir unterst\u00fctzen junge K\u00fcnstler und haben uns daher f\u00fcr eine Zusammenarbeit mit<\/p>\n","protected":false},"featured_media":36023,"comment_status":"open","ping_status":"closed","template":"","meta":[],"product_brand":[],"product_cat":[912],"product_tag":[1770,1767,773,1769,1773,1766,1772,743,1771,1768],"class_list":{"0":"post-36022","1":"product","2":"type-product","3":"status-publish","4":"has-post-thumbnail","6":"product_cat-emaille-kaffeekanne-mit-motiv","7":"product_tag-ein-geschenk-fur-kaffeeliebhaber","8":"product_tag-emaillierte-kanne","9":"product_tag-emailliertes-geschirr","10":"product_tag-kaffeezubereitung-zu-hause","11":"product_tag-nachhaltige-kaffeekanne","12":"product_tag-praktisches-geschenk","13":"product_tag-retro-kuchengerat","14":"product_tag-slowenische-qualitat","15":"product_tag-traditionelle-kaffeekanne","16":"product_tag-turkischer-kaffee","18":"first","19":"instock","20":"taxable","21":"shipping-taxable","22":"purchasable","23":"product-type-simple"},"yoast_head":"<!-- This site is optimized with the Yoast SEO plugin v27.4 - https:\/\/yoast.com\/product\/yoast-seo-wordpress\/ -->\n<title>Kaffeekanne 0,7 l \u201eSupermama\u201c - Spletna trgovina s slovensko posodo - EMO ETT<\/title>\n<meta name=\"robots\" content=\"index, follow, max-snippet:-1, max-image-preview:large, max-video-preview:-1\" \/>\n<link rel=\"canonical\" href=\"https:\/\/emo-shop.com\/de\/izdelki\/kaffeekanne-07-l-supermama\/\" \/>\n<meta property=\"og:locale\" content=\"de_DE\" \/>\n<meta property=\"og:type\" content=\"article\" \/>\n<meta property=\"og:title\" content=\"Kaffeekanne 0,7 l \u201eSupermama\u201c - Spletna trgovina s slovensko posodo - EMO ETT\" \/>\n<meta property=\"og:description\" content=\"Gewicht 0,24 kg Abmessungen 8,0 x 10,0 cm Wir unterst\u00fctzen junge K\u00fcnstler und haben uns daher f\u00fcr eine Zusammenarbeit mit\" \/>\n<meta property=\"og:url\" content=\"https:\/\/emo-shop.com\/de\/izdelki\/kaffeekanne-07-l-supermama\/\" \/>\n<meta property=\"og:site_name\" content=\"Spletna trgovina s slovensko posodo - EMO ETT\" \/>\n<meta property=\"article:publisher\" content=\"https:\/\/www.facebook.com\/EMOSLOVENIA\" \/>\n<meta property=\"og:image\" content=\"https:\/\/emo-shop.com\/wp-content\/uploads\/2024\/07\/462.jpg\" \/>\n\t<meta property=\"og:image:width\" content=\"800\" \/>\n\t<meta property=\"og:image:height\" content=\"600\" \/>\n\t<meta property=\"og:image:type\" content=\"image\/jpeg\" \/>\n<meta name=\"twitter:card\" content=\"summary_large_image\" \/>\n<meta name=\"twitter:label1\" content=\"Gesch\u00e4tzte Lesezeit\" \/>\n\t<meta name=\"twitter:data1\" content=\"1\u00a0Minute\" \/>\n<script type=\"application\/ld+json\" class=\"yoast-schema-graph\">{\"@context\":\"https:\\\/\\\/schema.org\",\"@graph\":[{\"@type\":\"WebPage\",\"@id\":\"https:\\\/\\\/emo-shop.com\\\/de\\\/izdelki\\\/kaffeekanne-07-l-supermama\\\/\",\"url\":\"https:\\\/\\\/emo-shop.com\\\/de\\\/izdelki\\\/kaffeekanne-07-l-supermama\\\/\",\"name\":\"Kaffeekanne 0,7 l \u201eSupermama\u201c - Spletna trgovina s slovensko posodo - EMO ETT\",\"isPartOf\":{\"@id\":\"https:\\\/\\\/emo-shop.com\\\/de\\\/#website\"},\"primaryImageOfPage\":{\"@id\":\"https:\\\/\\\/emo-shop.com\\\/de\\\/izdelki\\\/kaffeekanne-07-l-supermama\\\/#primaryimage\"},\"image\":{\"@id\":\"https:\\\/\\\/emo-shop.com\\\/de\\\/izdelki\\\/kaffeekanne-07-l-supermama\\\/#primaryimage\"},\"thumbnailUrl\":\"https:\\\/\\\/emo-shop.com\\\/wp-content\\\/uploads\\\/2024\\\/07\\\/462.jpg\",\"datePublished\":\"2024-07-30T10:32:12+00:00\",\"breadcrumb\":{\"@id\":\"https:\\\/\\\/emo-shop.com\\\/de\\\/izdelki\\\/kaffeekanne-07-l-supermama\\\/#breadcrumb\"},\"inLanguage\":\"de\",\"potentialAction\":[{\"@type\":\"ReadAction\",\"target\":[\"https:\\\/\\\/emo-shop.com\\\/de\\\/izdelki\\\/kaffeekanne-07-l-supermama\\\/\"]}]},{\"@type\":\"ImageObject\",\"inLanguage\":\"de\",\"@id\":\"https:\\\/\\\/emo-shop.com\\\/de\\\/izdelki\\\/kaffeekanne-07-l-supermama\\\/#primaryimage\",\"url\":\"https:\\\/\\\/emo-shop.com\\\/wp-content\\\/uploads\\\/2024\\\/07\\\/462.jpg\",\"contentUrl\":\"https:\\\/\\\/emo-shop.com\\\/wp-content\\\/uploads\\\/2024\\\/07\\\/462.jpg\",\"width\":800,\"height\":600},{\"@type\":\"BreadcrumbList\",\"@id\":\"https:\\\/\\\/emo-shop.com\\\/de\\\/izdelki\\\/kaffeekanne-07-l-supermama\\\/#breadcrumb\",\"itemListElement\":[{\"@type\":\"ListItem\",\"position\":1,\"name\":\"Home\",\"item\":\"https:\\\/\\\/emo-shop.com\\\/de\\\/\"},{\"@type\":\"ListItem\",\"position\":2,\"name\":\"Shop\",\"item\":\"https:\\\/\\\/emo-shop.com\\\/de\\\/shop\\\/\"},{\"@type\":\"ListItem\",\"position\":3,\"name\":\"Kaffeekanne 0,7 l \u201eSupermama\u201c\"}]},{\"@type\":\"WebSite\",\"@id\":\"https:\\\/\\\/emo-shop.com\\\/de\\\/#website\",\"url\":\"https:\\\/\\\/emo-shop.com\\\/de\\\/\",\"name\":\"Spletna trgovina s slovensko posodo - EMO ETT\",\"description\":\"Spletna trgovina\",\"publisher\":{\"@id\":\"https:\\\/\\\/emo-shop.com\\\/de\\\/#organization\"},\"potentialAction\":[{\"@type\":\"SearchAction\",\"target\":{\"@type\":\"EntryPoint\",\"urlTemplate\":\"https:\\\/\\\/emo-shop.com\\\/de\\\/?s={search_term_string}\"},\"query-input\":{\"@type\":\"PropertyValueSpecification\",\"valueRequired\":true,\"valueName\":\"search_term_string\"}}],\"inLanguage\":\"de\"},{\"@type\":\"Organization\",\"@id\":\"https:\\\/\\\/emo-shop.com\\\/de\\\/#organization\",\"name\":\"Spletna trgovina s slovensko posodo - EMO ETT\",\"url\":\"https:\\\/\\\/emo-shop.com\\\/de\\\/\",\"logo\":{\"@type\":\"ImageObject\",\"inLanguage\":\"de\",\"@id\":\"https:\\\/\\\/emo-shop.com\\\/de\\\/#\\\/schema\\\/logo\\\/image\\\/\",\"url\":\"https:\\\/\\\/emo-shop.com\\\/wp-content\\\/uploads\\\/2024\\\/07\\\/favicon.jpg\",\"contentUrl\":\"https:\\\/\\\/emo-shop.com\\\/wp-content\\\/uploads\\\/2024\\\/07\\\/favicon.jpg\",\"width\":512,\"height\":512,\"caption\":\"Spletna trgovina s slovensko posodo - EMO ETT\"},\"image\":{\"@id\":\"https:\\\/\\\/emo-shop.com\\\/de\\\/#\\\/schema\\\/logo\\\/image\\\/\"},\"sameAs\":[\"https:\\\/\\\/www.facebook.com\\\/EMOSLOVENIA\"]}]}<\/script>\n<!-- \/ Yoast SEO plugin. -->","yoast_head_json":{"title":"Kaffeekanne 0,7 l \u201eSupermama\u201c - Spletna trgovina s slovensko posodo - EMO ETT","robots":{"index":"index","follow":"follow","max-snippet":"max-snippet:-1","max-image-preview":"max-image-preview:large","max-video-preview":"max-video-preview:-1"},"canonical":"https:\/\/emo-shop.com\/de\/izdelki\/kaffeekanne-07-l-supermama\/","og_locale":"de_DE","og_type":"article","og_title":"Kaffeekanne 0,7 l \u201eSupermama\u201c - Spletna trgovina s slovensko posodo - EMO ETT","og_description":"Gewicht 0,24 kg Abmessungen 8,0 x 10,0 cm Wir unterst\u00fctzen junge K\u00fcnstler und haben uns daher f\u00fcr eine Zusammenarbeit mit","og_url":"https:\/\/emo-shop.com\/de\/izdelki\/kaffeekanne-07-l-supermama\/","og_site_name":"Spletna trgovina s slovensko posodo - EMO ETT","article_publisher":"https:\/\/www.facebook.com\/EMOSLOVENIA","og_image":[{"width":800,"height":600,"url":"https:\/\/emo-shop.com\/wp-content\/uploads\/2024\/07\/462.jpg","type":"image\/jpeg"}],"twitter_card":"summary_large_image","twitter_misc":{"Gesch\u00e4tzte Lesezeit":"1\u00a0Minute"},"schema":{"@context":"https:\/\/schema.org","@graph":[{"@type":"WebPage","@id":"https:\/\/emo-shop.com\/de\/izdelki\/kaffeekanne-07-l-supermama\/","url":"https:\/\/emo-shop.com\/de\/izdelki\/kaffeekanne-07-l-supermama\/","name":"Kaffeekanne 0,7 l \u201eSupermama\u201c - Spletna trgovina s slovensko posodo - EMO ETT","isPartOf":{"@id":"https:\/\/emo-shop.com\/de\/#website"},"primaryImageOfPage":{"@id":"https:\/\/emo-shop.com\/de\/izdelki\/kaffeekanne-07-l-supermama\/#primaryimage"},"image":{"@id":"https:\/\/emo-shop.com\/de\/izdelki\/kaffeekanne-07-l-supermama\/#primaryimage"},"thumbnailUrl":"https:\/\/emo-shop.com\/wp-content\/uploads\/2024\/07\/462.jpg","datePublished":"2024-07-30T10:32:12+00:00","breadcrumb":{"@id":"https:\/\/emo-shop.com\/de\/izdelki\/kaffeekanne-07-l-supermama\/#breadcrumb"},"inLanguage":"de","potentialAction":[{"@type":"ReadAction","target":["https:\/\/emo-shop.com\/de\/izdelki\/kaffeekanne-07-l-supermama\/"]}]},{"@type":"ImageObject","inLanguage":"de","@id":"https:\/\/emo-shop.com\/de\/izdelki\/kaffeekanne-07-l-supermama\/#primaryimage","url":"https:\/\/emo-shop.com\/wp-content\/uploads\/2024\/07\/462.jpg","contentUrl":"https:\/\/emo-shop.com\/wp-content\/uploads\/2024\/07\/462.jpg","width":800,"height":600},{"@type":"BreadcrumbList","@id":"https:\/\/emo-shop.com\/de\/izdelki\/kaffeekanne-07-l-supermama\/#breadcrumb","itemListElement":[{"@type":"ListItem","position":1,"name":"Home","item":"https:\/\/emo-shop.com\/de\/"},{"@type":"ListItem","position":2,"name":"Shop","item":"https:\/\/emo-shop.com\/de\/shop\/"},{"@type":"ListItem","position":3,"name":"Kaffeekanne 0,7 l \u201eSupermama\u201c"}]},{"@type":"WebSite","@id":"https:\/\/emo-shop.com\/de\/#website","url":"https:\/\/emo-shop.com\/de\/","name":"Spletna trgovina s slovensko posodo - EMO ETT","description":"Spletna trgovina","publisher":{"@id":"https:\/\/emo-shop.com\/de\/#organization"},"potentialAction":[{"@type":"SearchAction","target":{"@type":"EntryPoint","urlTemplate":"https:\/\/emo-shop.com\/de\/?s={search_term_string}"},"query-input":{"@type":"PropertyValueSpecification","valueRequired":true,"valueName":"search_term_string"}}],"inLanguage":"de"},{"@type":"Organization","@id":"https:\/\/emo-shop.com\/de\/#organization","name":"Spletna trgovina s slovensko posodo - EMO ETT","url":"https:\/\/emo-shop.com\/de\/","logo":{"@type":"ImageObject","inLanguage":"de","@id":"https:\/\/emo-shop.com\/de\/#\/schema\/logo\/image\/","url":"https:\/\/emo-shop.com\/wp-content\/uploads\/2024\/07\/favicon.jpg","contentUrl":"https:\/\/emo-shop.com\/wp-content\/uploads\/2024\/07\/favicon.jpg","width":512,"height":512,"caption":"Spletna trgovina s slovensko posodo - EMO ETT"},"image":{"@id":"https:\/\/emo-shop.com\/de\/#\/schema\/logo\/image\/"},"sameAs":["https:\/\/www.facebook.com\/EMOSLOVENIA"]}]}},"_links":{"self":[{"href":"https:\/\/emo-shop.com\/de\/wp-json\/wp\/v2\/product\/36022","targetHints":{"allow":["GET"]}}],"collection":[{"href":"https:\/\/emo-shop.com\/de\/wp-json\/wp\/v2\/product"}],"about":[{"href":"https:\/\/emo-shop.com\/de\/wp-json\/wp\/v2\/types\/product"}],"replies":[{"embeddable":true,"href":"https:\/\/emo-shop.com\/de\/wp-json\/wp\/v2\/comments?post=36022"}],"version-history":[{"count":0,"href":"https:\/\/emo-shop.com\/de\/wp-json\/wp\/v2\/product\/36022\/revisions"}],"wp:featuredmedia":[{"embeddable":true,"href":"https:\/\/emo-shop.com\/de\/wp-json\/wp\/v2\/media\/36023"}],"wp:attachment":[{"href":"https:\/\/emo-shop.com\/de\/wp-json\/wp\/v2\/media?parent=36022"}],"wp:term":[{"taxonomy":"product_brand","embeddable":true,"href":"https:\/\/emo-shop.com\/de\/wp-json\/wp\/v2\/product_brand?post=36022"},{"taxonomy":"product_cat","embeddable":true,"href":"https:\/\/emo-shop.com\/de\/wp-json\/wp\/v2\/product_cat?post=36022"},{"taxonomy":"product_tag","embeddable":true,"href":"https:\/\/emo-shop.com\/de\/wp-json\/wp\/v2\/product_tag?post=36022"}],"curies":[{"name":"wp","href":"https:\/\/api.w.org\/{rel}","templated":true}]}}