{"id":35984,"date":"2025-11-04T06:39:52","date_gmt":"2025-11-04T06:39:52","guid":{"rendered":"https:\/\/emo-shop.com\/izdelki\/kaffeekanne-schwarz-07-l-slovenia-cipka\/"},"modified":"2025-11-04T06:39:52","modified_gmt":"2025-11-04T06:39:52","slug":"kaffeekanne-schwarz-07-l-slovenia-cipka","status":"publish","type":"product","link":"https:\/\/emo-shop.com\/de\/izdelki\/kaffeekanne-schwarz-07-l-slovenia-cipka\/","title":{"rendered":"Kaffeekanne schwarz 0,7 l \u201eSLOVENIA \u010cIPKA\u201c"},"content":{"rendered":"<table class=\"woocommerce-product-attributes shop_attributes\" style=\"height: 109px;\" width=\"380\" aria-label=\"Product Details\">\n<tbody>\n<tr class=\"woocommerce-product-attributes-item woocommerce-product-attributes-item--weight\">\n<th class=\"woocommerce-product-attributes-item__label\" scope=\"row\">Gewicht<\/th>\n<td class=\"woocommerce-product-attributes-item__value\" data-o_content=\"Ni na voljo\">0,24 kg<\/td>\n<\/tr>\n<tr class=\"woocommerce-product-attributes-item woocommerce-product-attributes-item--dimensions\">\n<th class=\"woocommerce-product-attributes-item__label\" scope=\"row\">Abmessungen<\/th>\n<td class=\"woocommerce-product-attributes-item__value\" data-o_content=\"Ni na voljo\">8,0 \u00d7 10,0 cm<\/p>\n<p>\u00a0<\/td>\n<\/tr>\n<\/tbody>\n<\/table>\n<p data-start=\"66\" data-end=\"137\"><strong data-start=\"66\" data-end=\"135\">Schwarze emaillierte Kanne EMO Celje \u2013 \u201eWo Liebe ist, da ist Heimat\u201c<\/strong><\/p>\n<p data-start=\"139\" data-end=\"571\">Die elegante schwarze Kaffeekanne mit wei\u00dfem Idrija-Spitzenmotiv und der herzlichen Aufschrift <em data-start=\"210\" data-end=\"242\">\u201eWo Liebe ist, da ist Zuhause\u201c<\/em> verbindet Tradition und moderne \u00c4sthetik. Sie ist aus hochwertigem emailliertem Blech gefertigt und f\u00fcr alle Herdarten geeignet, auch f\u00fcr Induktionsherde.<br data-start=\"384\" data-end=\"387\" \/>Sie ist hitzebest\u00e4ndig, leicht zu reinigen und ideal f\u00fcr die Zubereitung von duftendem t\u00fcrkischem Kaffee.<br data-start=\"482\" data-end=\"485\" \/>Die Kaffeekanne EMO Celje \u2013 ein St\u00fcck slowenisches Kulturerbe, das W\u00e4rme und Eleganz in jedes Zuhause bringt.<\/p>\n<p>\u00a0<\/p>\n<p>Wussten Sie schon? EMO POSODA ZA DOM IN GOSTINSTVO bietet:<\/p>\n<p>Gesunde emaillierte Kochgeschirre: Hochwertige emaillierte Kochgeschirre, ideal f\u00fcr die Zubereitung Ihrer Lieblingsgerichte.<\/p>\n<p>F\u00fcr alle Herdarten geeignet: Geeignet f\u00fcr verschiedene Herdarten, einschlie\u00dflich Induktionskochfelder.<\/p>\n<p>Allergikerfreundlich: Nickel frei, auch f\u00fcr Allergiker geeignet.<\/p>\n<p>Absolut hygienisch: 100 % hygienisch einwandfreies Kochgeschirr, leicht zu reinigen und zu pflegen.<\/p>\n<p>Ohne sch\u00e4dliche Beschichtungen: Wir sch\u00fctzen Ihre Gesundheit \u2013 beim Erhitzen werden keine sch\u00e4dlichen Stoffe freigesetzt.<\/p>\n<p>Stolz aus Slowenien: Ein Produkt slowenischer Herstellung, emailliertes Kochgeschirr aus einer slowenischen Fabrik. Entdecken Sie Eleganz und Gesundheit in einem.<\/p>\n<p>EMO POSODA \u2013 F\u00fcr k\u00f6stliche Mahlzeiten ohne Kompromisse.<\/p>\n","protected":false},"excerpt":{"rendered":"<p>\u201eWo Liebe ist, da ist Heimat\u201c D\u017eezva schwarz 0,7 l<\/p>\n","protected":false},"featured_media":35987,"comment_status":"open","ping_status":"closed","template":"","meta":[],"product_brand":[],"product_cat":[912,867],"product_tag":[1775,770,1872,1809,1813,1873,739,1811,1810],"class_list":{"0":"post-35984","1":"product","2":"type-product","3":"status-publish","4":"has-post-thumbnail","6":"product_cat-emaille-kaffeekanne-mit-motiv","7":"product_cat-kaffeekanne","8":"product_tag-emaillierter-topf","9":"product_tag-emo-celje-geschirr","10":"product_tag-geschenk","11":"product_tag-induktionsgeschirr","12":"product_tag-kaffee","13":"product_tag-kaffeekanne-slowenien","14":"product_tag-kuchenhelfer","15":"product_tag-qualitat-der-slowenischen-herstellung","16":"product_tag-vintage-retro-design","18":"first","19":"instock","20":"taxable","21":"shipping-taxable","22":"purchasable","23":"product-type-simple"},"yoast_head":"<!-- This site is optimized with the Yoast SEO plugin v27.4 - https:\/\/yoast.com\/product\/yoast-seo-wordpress\/ -->\n<title>Kaffeekanne schwarz 0,7 l \u201eSLOVENIA \u010cIPKA\u201c - Spletna trgovina s slovensko posodo - EMO ETT<\/title>\n<meta name=\"robots\" content=\"index, follow, max-snippet:-1, max-image-preview:large, max-video-preview:-1\" \/>\n<link rel=\"canonical\" href=\"https:\/\/emo-shop.com\/de\/izdelki\/kaffeekanne-schwarz-07-l-slovenia-cipka\/\" \/>\n<meta property=\"og:locale\" content=\"de_DE\" \/>\n<meta property=\"og:type\" content=\"article\" \/>\n<meta property=\"og:title\" content=\"Kaffeekanne schwarz 0,7 l \u201eSLOVENIA \u010cIPKA\u201c - Spletna trgovina s slovensko posodo - EMO ETT\" \/>\n<meta property=\"og:description\" content=\"\u201eWo Liebe ist, da ist Heimat\u201c D\u017eezva schwarz 0,7 l\" \/>\n<meta property=\"og:url\" content=\"https:\/\/emo-shop.com\/de\/izdelki\/kaffeekanne-schwarz-07-l-slovenia-cipka\/\" \/>\n<meta property=\"og:site_name\" content=\"Spletna trgovina s slovensko posodo - EMO ETT\" \/>\n<meta property=\"article:publisher\" content=\"https:\/\/www.facebook.com\/EMOSLOVENIA\" \/>\n<meta property=\"og:image\" content=\"https:\/\/emo-shop.com\/wp-content\/uploads\/2025\/11\/cipka-dzezva-front.jpg\" \/>\n\t<meta property=\"og:image:width\" content=\"1000\" \/>\n\t<meta property=\"og:image:height\" content=\"573\" \/>\n\t<meta property=\"og:image:type\" content=\"image\/jpeg\" \/>\n<meta name=\"twitter:card\" content=\"summary_large_image\" \/>\n<meta name=\"twitter:label1\" content=\"Gesch\u00e4tzte Lesezeit\" \/>\n\t<meta name=\"twitter:data1\" content=\"1\u00a0Minute\" \/>\n<script type=\"application\/ld+json\" class=\"yoast-schema-graph\">{\"@context\":\"https:\\\/\\\/schema.org\",\"@graph\":[{\"@type\":\"WebPage\",\"@id\":\"https:\\\/\\\/emo-shop.com\\\/de\\\/izdelki\\\/kaffeekanne-schwarz-07-l-slovenia-cipka\\\/\",\"url\":\"https:\\\/\\\/emo-shop.com\\\/de\\\/izdelki\\\/kaffeekanne-schwarz-07-l-slovenia-cipka\\\/\",\"name\":\"Kaffeekanne schwarz 0,7 l \u201eSLOVENIA \u010cIPKA\u201c - Spletna trgovina s slovensko posodo - EMO ETT\",\"isPartOf\":{\"@id\":\"https:\\\/\\\/emo-shop.com\\\/de\\\/#website\"},\"primaryImageOfPage\":{\"@id\":\"https:\\\/\\\/emo-shop.com\\\/de\\\/izdelki\\\/kaffeekanne-schwarz-07-l-slovenia-cipka\\\/#primaryimage\"},\"image\":{\"@id\":\"https:\\\/\\\/emo-shop.com\\\/de\\\/izdelki\\\/kaffeekanne-schwarz-07-l-slovenia-cipka\\\/#primaryimage\"},\"thumbnailUrl\":\"https:\\\/\\\/emo-shop.com\\\/wp-content\\\/uploads\\\/2025\\\/11\\\/cipka-dzezva-front.jpg\",\"datePublished\":\"2025-11-04T06:39:52+00:00\",\"breadcrumb\":{\"@id\":\"https:\\\/\\\/emo-shop.com\\\/de\\\/izdelki\\\/kaffeekanne-schwarz-07-l-slovenia-cipka\\\/#breadcrumb\"},\"inLanguage\":\"de\",\"potentialAction\":[{\"@type\":\"ReadAction\",\"target\":[\"https:\\\/\\\/emo-shop.com\\\/de\\\/izdelki\\\/kaffeekanne-schwarz-07-l-slovenia-cipka\\\/\"]}]},{\"@type\":\"ImageObject\",\"inLanguage\":\"de\",\"@id\":\"https:\\\/\\\/emo-shop.com\\\/de\\\/izdelki\\\/kaffeekanne-schwarz-07-l-slovenia-cipka\\\/#primaryimage\",\"url\":\"https:\\\/\\\/emo-shop.com\\\/wp-content\\\/uploads\\\/2025\\\/11\\\/cipka-dzezva-front.jpg\",\"contentUrl\":\"https:\\\/\\\/emo-shop.com\\\/wp-content\\\/uploads\\\/2025\\\/11\\\/cipka-dzezva-front.jpg\",\"width\":1000,\"height\":573},{\"@type\":\"BreadcrumbList\",\"@id\":\"https:\\\/\\\/emo-shop.com\\\/de\\\/izdelki\\\/kaffeekanne-schwarz-07-l-slovenia-cipka\\\/#breadcrumb\",\"itemListElement\":[{\"@type\":\"ListItem\",\"position\":1,\"name\":\"Home\",\"item\":\"https:\\\/\\\/emo-shop.com\\\/de\\\/\"},{\"@type\":\"ListItem\",\"position\":2,\"name\":\"Shop\",\"item\":\"https:\\\/\\\/emo-shop.com\\\/de\\\/shop\\\/\"},{\"@type\":\"ListItem\",\"position\":3,\"name\":\"Kaffeekanne schwarz 0,7 l \u201eSLOVENIA \u010cIPKA\u201c\"}]},{\"@type\":\"WebSite\",\"@id\":\"https:\\\/\\\/emo-shop.com\\\/de\\\/#website\",\"url\":\"https:\\\/\\\/emo-shop.com\\\/de\\\/\",\"name\":\"Spletna trgovina s slovensko posodo - EMO ETT\",\"description\":\"Spletna trgovina\",\"publisher\":{\"@id\":\"https:\\\/\\\/emo-shop.com\\\/de\\\/#organization\"},\"potentialAction\":[{\"@type\":\"SearchAction\",\"target\":{\"@type\":\"EntryPoint\",\"urlTemplate\":\"https:\\\/\\\/emo-shop.com\\\/de\\\/?s={search_term_string}\"},\"query-input\":{\"@type\":\"PropertyValueSpecification\",\"valueRequired\":true,\"valueName\":\"search_term_string\"}}],\"inLanguage\":\"de\"},{\"@type\":\"Organization\",\"@id\":\"https:\\\/\\\/emo-shop.com\\\/de\\\/#organization\",\"name\":\"Spletna trgovina s slovensko posodo - EMO ETT\",\"url\":\"https:\\\/\\\/emo-shop.com\\\/de\\\/\",\"logo\":{\"@type\":\"ImageObject\",\"inLanguage\":\"de\",\"@id\":\"https:\\\/\\\/emo-shop.com\\\/de\\\/#\\\/schema\\\/logo\\\/image\\\/\",\"url\":\"https:\\\/\\\/emo-shop.com\\\/wp-content\\\/uploads\\\/2024\\\/07\\\/favicon.jpg\",\"contentUrl\":\"https:\\\/\\\/emo-shop.com\\\/wp-content\\\/uploads\\\/2024\\\/07\\\/favicon.jpg\",\"width\":512,\"height\":512,\"caption\":\"Spletna trgovina s slovensko posodo - EMO ETT\"},\"image\":{\"@id\":\"https:\\\/\\\/emo-shop.com\\\/de\\\/#\\\/schema\\\/logo\\\/image\\\/\"},\"sameAs\":[\"https:\\\/\\\/www.facebook.com\\\/EMOSLOVENIA\"]}]}<\/script>\n<!-- \/ Yoast SEO plugin. -->","yoast_head_json":{"title":"Kaffeekanne schwarz 0,7 l \u201eSLOVENIA \u010cIPKA\u201c - Spletna trgovina s slovensko posodo - EMO ETT","robots":{"index":"index","follow":"follow","max-snippet":"max-snippet:-1","max-image-preview":"max-image-preview:large","max-video-preview":"max-video-preview:-1"},"canonical":"https:\/\/emo-shop.com\/de\/izdelki\/kaffeekanne-schwarz-07-l-slovenia-cipka\/","og_locale":"de_DE","og_type":"article","og_title":"Kaffeekanne schwarz 0,7 l \u201eSLOVENIA \u010cIPKA\u201c - Spletna trgovina s slovensko posodo - EMO ETT","og_description":"\u201eWo Liebe ist, da ist Heimat\u201c D\u017eezva schwarz 0,7 l","og_url":"https:\/\/emo-shop.com\/de\/izdelki\/kaffeekanne-schwarz-07-l-slovenia-cipka\/","og_site_name":"Spletna trgovina s slovensko posodo - EMO ETT","article_publisher":"https:\/\/www.facebook.com\/EMOSLOVENIA","og_image":[{"width":1000,"height":573,"url":"https:\/\/emo-shop.com\/wp-content\/uploads\/2025\/11\/cipka-dzezva-front.jpg","type":"image\/jpeg"}],"twitter_card":"summary_large_image","twitter_misc":{"Gesch\u00e4tzte Lesezeit":"1\u00a0Minute"},"schema":{"@context":"https:\/\/schema.org","@graph":[{"@type":"WebPage","@id":"https:\/\/emo-shop.com\/de\/izdelki\/kaffeekanne-schwarz-07-l-slovenia-cipka\/","url":"https:\/\/emo-shop.com\/de\/izdelki\/kaffeekanne-schwarz-07-l-slovenia-cipka\/","name":"Kaffeekanne schwarz 0,7 l \u201eSLOVENIA \u010cIPKA\u201c - Spletna trgovina s slovensko posodo - EMO ETT","isPartOf":{"@id":"https:\/\/emo-shop.com\/de\/#website"},"primaryImageOfPage":{"@id":"https:\/\/emo-shop.com\/de\/izdelki\/kaffeekanne-schwarz-07-l-slovenia-cipka\/#primaryimage"},"image":{"@id":"https:\/\/emo-shop.com\/de\/izdelki\/kaffeekanne-schwarz-07-l-slovenia-cipka\/#primaryimage"},"thumbnailUrl":"https:\/\/emo-shop.com\/wp-content\/uploads\/2025\/11\/cipka-dzezva-front.jpg","datePublished":"2025-11-04T06:39:52+00:00","breadcrumb":{"@id":"https:\/\/emo-shop.com\/de\/izdelki\/kaffeekanne-schwarz-07-l-slovenia-cipka\/#breadcrumb"},"inLanguage":"de","potentialAction":[{"@type":"ReadAction","target":["https:\/\/emo-shop.com\/de\/izdelki\/kaffeekanne-schwarz-07-l-slovenia-cipka\/"]}]},{"@type":"ImageObject","inLanguage":"de","@id":"https:\/\/emo-shop.com\/de\/izdelki\/kaffeekanne-schwarz-07-l-slovenia-cipka\/#primaryimage","url":"https:\/\/emo-shop.com\/wp-content\/uploads\/2025\/11\/cipka-dzezva-front.jpg","contentUrl":"https:\/\/emo-shop.com\/wp-content\/uploads\/2025\/11\/cipka-dzezva-front.jpg","width":1000,"height":573},{"@type":"BreadcrumbList","@id":"https:\/\/emo-shop.com\/de\/izdelki\/kaffeekanne-schwarz-07-l-slovenia-cipka\/#breadcrumb","itemListElement":[{"@type":"ListItem","position":1,"name":"Home","item":"https:\/\/emo-shop.com\/de\/"},{"@type":"ListItem","position":2,"name":"Shop","item":"https:\/\/emo-shop.com\/de\/shop\/"},{"@type":"ListItem","position":3,"name":"Kaffeekanne schwarz 0,7 l \u201eSLOVENIA \u010cIPKA\u201c"}]},{"@type":"WebSite","@id":"https:\/\/emo-shop.com\/de\/#website","url":"https:\/\/emo-shop.com\/de\/","name":"Spletna trgovina s slovensko posodo - EMO ETT","description":"Spletna trgovina","publisher":{"@id":"https:\/\/emo-shop.com\/de\/#organization"},"potentialAction":[{"@type":"SearchAction","target":{"@type":"EntryPoint","urlTemplate":"https:\/\/emo-shop.com\/de\/?s={search_term_string}"},"query-input":{"@type":"PropertyValueSpecification","valueRequired":true,"valueName":"search_term_string"}}],"inLanguage":"de"},{"@type":"Organization","@id":"https:\/\/emo-shop.com\/de\/#organization","name":"Spletna trgovina s slovensko posodo - EMO ETT","url":"https:\/\/emo-shop.com\/de\/","logo":{"@type":"ImageObject","inLanguage":"de","@id":"https:\/\/emo-shop.com\/de\/#\/schema\/logo\/image\/","url":"https:\/\/emo-shop.com\/wp-content\/uploads\/2024\/07\/favicon.jpg","contentUrl":"https:\/\/emo-shop.com\/wp-content\/uploads\/2024\/07\/favicon.jpg","width":512,"height":512,"caption":"Spletna trgovina s slovensko posodo - EMO ETT"},"image":{"@id":"https:\/\/emo-shop.com\/de\/#\/schema\/logo\/image\/"},"sameAs":["https:\/\/www.facebook.com\/EMOSLOVENIA"]}]}},"_links":{"self":[{"href":"https:\/\/emo-shop.com\/de\/wp-json\/wp\/v2\/product\/35984","targetHints":{"allow":["GET"]}}],"collection":[{"href":"https:\/\/emo-shop.com\/de\/wp-json\/wp\/v2\/product"}],"about":[{"href":"https:\/\/emo-shop.com\/de\/wp-json\/wp\/v2\/types\/product"}],"replies":[{"embeddable":true,"href":"https:\/\/emo-shop.com\/de\/wp-json\/wp\/v2\/comments?post=35984"}],"version-history":[{"count":0,"href":"https:\/\/emo-shop.com\/de\/wp-json\/wp\/v2\/product\/35984\/revisions"}],"wp:featuredmedia":[{"embeddable":true,"href":"https:\/\/emo-shop.com\/de\/wp-json\/wp\/v2\/media\/35987"}],"wp:attachment":[{"href":"https:\/\/emo-shop.com\/de\/wp-json\/wp\/v2\/media?parent=35984"}],"wp:term":[{"taxonomy":"product_brand","embeddable":true,"href":"https:\/\/emo-shop.com\/de\/wp-json\/wp\/v2\/product_brand?post=35984"},{"taxonomy":"product_cat","embeddable":true,"href":"https:\/\/emo-shop.com\/de\/wp-json\/wp\/v2\/product_cat?post=35984"},{"taxonomy":"product_tag","embeddable":true,"href":"https:\/\/emo-shop.com\/de\/wp-json\/wp\/v2\/product_tag?post=35984"}],"curies":[{"name":"wp","href":"https:\/\/api.w.org\/{rel}","templated":true}]}}