{"id":35892,"date":"2025-01-20T12:40:40","date_gmt":"2025-01-20T12:40:40","guid":{"rendered":"https:\/\/emo-shop.com\/izdelki\/weisse-tasse-037-l-der-beste-lehrer\/"},"modified":"2025-01-20T12:40:40","modified_gmt":"2025-01-20T12:40:40","slug":"weisse-tasse-037-l-der-beste-lehrer","status":"publish","type":"product","link":"https:\/\/emo-shop.com\/de\/izdelki\/weisse-tasse-037-l-der-beste-lehrer\/","title":{"rendered":"Wei\u00dfe Tasse 0,37 l \u201eDer beste Lehrer\u201c"},"content":{"rendered":"<p><strong>Emaillierter Becher \u201eDer beste Lehrer\u201c \u2013 ein herzliches Geschenk f\u00fcr besondere Lehrer<\/strong><\/p>\n<p>Verschenken Sie einen wundersch\u00f6nen emaillierten Becher, der Ihre Dankbarkeit und Ihren Respekt gegen\u00fcber einem Lehrer zum Ausdruck bringt, der Sie jeden Tag inspiriert und motiviert. Mit seiner eleganten wei\u00dfen Farbe und der herzlichen Aufschrift <em>\u201eNajbolj\u0161i u\u010ditelj\u201c (Der beste Lehrer)<\/em> wird dieser Becher sicherlich das Herz erw\u00e4rmen und jeden Schluck Kaffee oder Tee versch\u00f6nern.<\/p>\n<p>\u2728 <strong>Eigenschaften:<\/strong><br \/>\n\u2714\ufe0f <strong>Material:<\/strong> Strapazierf\u00e4higes Emaille<br \/>\n\u2714\ufe0f <strong>Ma\u00dfe:<\/strong> 8,0 x 7,0 cm<br \/>\n\u2714\ufe0f <strong>Gewicht:<\/strong> 0,14 kg<br \/>\n\u2714\ufe0f <strong>Farbe:<\/strong> Wei\u00df mit zartem Aufdruck<\/p>\n<p>Das perfekte Geschenk zum Schuljahresende, zum Geburtstag oder einfach als aufrichtiges Dankesch\u00f6n! \u2615\ud83d\udc95<\/p>\n<p>\u00a0<\/p>\n<h6><\/h6>\n<h6><strong>Wussten Sie schon? EMO GESCHIRR F\u00dcR ZUHAUSE UND DIE GASTRONOMIE bietet: <\/strong><\/h6>\n<h6><strong>Gesunde emaillierte Kochgeschirre<\/strong>: Hochwertige emaillierte Kochgeschirre, ideal f\u00fcr die Zubereitung Ihrer Lieblingsgerichte.<\/h6>\n<h6><strong>F\u00fcr alle Herdarten geeignet<\/strong>: Geeignet f\u00fcr verschiedene Herdarten, einschlie\u00dflich Induktionskochfeldern.<\/h6>\n<h6><strong>Allergikerfreundlich<\/strong>: Nickelfrei, auch f\u00fcr Menschen mit Allergien geeignet.<\/h6>\n<h6><strong>Absolut hygienisch<\/strong>: 100 % hygienisch einwandfreies Kochgeschirr, leicht zu reinigen und zu pflegen.<\/h6>\n<h6><strong>Ohne sch\u00e4dliche Beschichtungen<\/strong>: Wir sch\u00fctzen Ihre Gesundheit \u2013 beim Erhitzen werden keine sch\u00e4dlichen Stoffe freigesetzt.<\/h6>\n<h6><strong>Stolz auf Slowenien<\/strong>: Ein Produkt slowenischer Herstellung, emailliertes Geschirr aus einer slowenischen Fabrik. Entdecken Sie Eleganz und Gesundheit in einem.<\/h6>\n<h6><strong>EMO POSODA \u2013 F\u00fcr k\u00f6stliche Mahlzeiten ohne Kompromisse.<\/strong><\/h6>\n","protected":false},"excerpt":{"rendered":"<p data-pm-slice=\"1 1 []\">Das ideale Geschenk f\u00fcr den besten Lehrer.<\/p>\n","protected":false},"featured_media":35893,"comment_status":"open","ping_status":"closed","template":"","meta":[],"product_brand":[],"product_cat":[838,768],"product_tag":[1775,770,1825,1809,739,1811,1812,1810],"class_list":{"0":"post-35892","1":"product","2":"type-product","3":"status-publish","4":"has-post-thumbnail","6":"product_cat-becher","7":"product_cat-fur-sie-ausgewahlt","8":"product_tag-emaillierter-topf","9":"product_tag-emo-celje-geschirr","10":"product_tag-geschenk-fur-den-lehrer","11":"product_tag-induktionsgeschirr","12":"product_tag-kuchenhelfer","13":"product_tag-qualitat-der-slowenischen-herstellung","14":"product_tag-tasse-mit-aufdruck","15":"product_tag-vintage-retro-design","17":"first","18":"instock","19":"taxable","20":"shipping-taxable","21":"purchasable","22":"product-type-simple"},"yoast_head":"<!-- This site is optimized with the Yoast SEO plugin v27.4 - https:\/\/yoast.com\/product\/yoast-seo-wordpress\/ -->\n<title>Wei\u00dfe Tasse 0,37 l \u201eDer beste Lehrer\u201c - Spletna trgovina s slovensko posodo - EMO ETT<\/title>\n<meta name=\"robots\" content=\"index, follow, max-snippet:-1, max-image-preview:large, max-video-preview:-1\" \/>\n<link rel=\"canonical\" href=\"https:\/\/emo-shop.com\/de\/izdelki\/weisse-tasse-037-l-der-beste-lehrer\/\" \/>\n<meta property=\"og:locale\" content=\"de_DE\" \/>\n<meta property=\"og:type\" content=\"article\" \/>\n<meta property=\"og:title\" content=\"Wei\u00dfe Tasse 0,37 l \u201eDer beste Lehrer\u201c - Spletna trgovina s slovensko posodo - EMO ETT\" \/>\n<meta property=\"og:description\" content=\"Das ideale Geschenk f\u00fcr den besten Lehrer.\" \/>\n<meta property=\"og:url\" content=\"https:\/\/emo-shop.com\/de\/izdelki\/weisse-tasse-037-l-der-beste-lehrer\/\" \/>\n<meta property=\"og:site_name\" content=\"Spletna trgovina s slovensko posodo - EMO ETT\" \/>\n<meta property=\"article:publisher\" content=\"https:\/\/www.facebook.com\/EMOSLOVENIA\" \/>\n<meta property=\"og:image\" content=\"https:\/\/emo-shop.com\/wp-content\/uploads\/2025\/01\/beli-loncek-ucitelj.jpg\" \/>\n\t<meta property=\"og:image:width\" content=\"1000\" \/>\n\t<meta property=\"og:image:height\" content=\"856\" \/>\n\t<meta property=\"og:image:type\" content=\"image\/jpeg\" \/>\n<meta name=\"twitter:card\" content=\"summary_large_image\" \/>\n<meta name=\"twitter:label1\" content=\"Gesch\u00e4tzte Lesezeit\" \/>\n\t<meta name=\"twitter:data1\" content=\"1\u00a0Minute\" \/>\n<script type=\"application\/ld+json\" class=\"yoast-schema-graph\">{\"@context\":\"https:\\\/\\\/schema.org\",\"@graph\":[{\"@type\":\"WebPage\",\"@id\":\"https:\\\/\\\/emo-shop.com\\\/de\\\/izdelki\\\/weisse-tasse-037-l-der-beste-lehrer\\\/\",\"url\":\"https:\\\/\\\/emo-shop.com\\\/de\\\/izdelki\\\/weisse-tasse-037-l-der-beste-lehrer\\\/\",\"name\":\"Wei\u00dfe Tasse 0,37 l \u201eDer beste Lehrer\u201c - Spletna trgovina s slovensko posodo - EMO ETT\",\"isPartOf\":{\"@id\":\"https:\\\/\\\/emo-shop.com\\\/de\\\/#website\"},\"primaryImageOfPage\":{\"@id\":\"https:\\\/\\\/emo-shop.com\\\/de\\\/izdelki\\\/weisse-tasse-037-l-der-beste-lehrer\\\/#primaryimage\"},\"image\":{\"@id\":\"https:\\\/\\\/emo-shop.com\\\/de\\\/izdelki\\\/weisse-tasse-037-l-der-beste-lehrer\\\/#primaryimage\"},\"thumbnailUrl\":\"https:\\\/\\\/emo-shop.com\\\/wp-content\\\/uploads\\\/2025\\\/01\\\/beli-loncek-ucitelj.jpg\",\"datePublished\":\"2025-01-20T12:40:40+00:00\",\"breadcrumb\":{\"@id\":\"https:\\\/\\\/emo-shop.com\\\/de\\\/izdelki\\\/weisse-tasse-037-l-der-beste-lehrer\\\/#breadcrumb\"},\"inLanguage\":\"de\",\"potentialAction\":[{\"@type\":\"ReadAction\",\"target\":[\"https:\\\/\\\/emo-shop.com\\\/de\\\/izdelki\\\/weisse-tasse-037-l-der-beste-lehrer\\\/\"]}]},{\"@type\":\"ImageObject\",\"inLanguage\":\"de\",\"@id\":\"https:\\\/\\\/emo-shop.com\\\/de\\\/izdelki\\\/weisse-tasse-037-l-der-beste-lehrer\\\/#primaryimage\",\"url\":\"https:\\\/\\\/emo-shop.com\\\/wp-content\\\/uploads\\\/2025\\\/01\\\/beli-loncek-ucitelj.jpg\",\"contentUrl\":\"https:\\\/\\\/emo-shop.com\\\/wp-content\\\/uploads\\\/2025\\\/01\\\/beli-loncek-ucitelj.jpg\",\"width\":1000,\"height\":856},{\"@type\":\"BreadcrumbList\",\"@id\":\"https:\\\/\\\/emo-shop.com\\\/de\\\/izdelki\\\/weisse-tasse-037-l-der-beste-lehrer\\\/#breadcrumb\",\"itemListElement\":[{\"@type\":\"ListItem\",\"position\":1,\"name\":\"Home\",\"item\":\"https:\\\/\\\/emo-shop.com\\\/de\\\/\"},{\"@type\":\"ListItem\",\"position\":2,\"name\":\"Shop\",\"item\":\"https:\\\/\\\/emo-shop.com\\\/de\\\/shop\\\/\"},{\"@type\":\"ListItem\",\"position\":3,\"name\":\"Wei\u00dfe Tasse 0,37 l \u201eDer beste Lehrer\u201c\"}]},{\"@type\":\"WebSite\",\"@id\":\"https:\\\/\\\/emo-shop.com\\\/de\\\/#website\",\"url\":\"https:\\\/\\\/emo-shop.com\\\/de\\\/\",\"name\":\"Spletna trgovina s slovensko posodo - EMO ETT\",\"description\":\"Spletna trgovina\",\"publisher\":{\"@id\":\"https:\\\/\\\/emo-shop.com\\\/de\\\/#organization\"},\"potentialAction\":[{\"@type\":\"SearchAction\",\"target\":{\"@type\":\"EntryPoint\",\"urlTemplate\":\"https:\\\/\\\/emo-shop.com\\\/de\\\/?s={search_term_string}\"},\"query-input\":{\"@type\":\"PropertyValueSpecification\",\"valueRequired\":true,\"valueName\":\"search_term_string\"}}],\"inLanguage\":\"de\"},{\"@type\":\"Organization\",\"@id\":\"https:\\\/\\\/emo-shop.com\\\/de\\\/#organization\",\"name\":\"Spletna trgovina s slovensko posodo - EMO ETT\",\"url\":\"https:\\\/\\\/emo-shop.com\\\/de\\\/\",\"logo\":{\"@type\":\"ImageObject\",\"inLanguage\":\"de\",\"@id\":\"https:\\\/\\\/emo-shop.com\\\/de\\\/#\\\/schema\\\/logo\\\/image\\\/\",\"url\":\"https:\\\/\\\/emo-shop.com\\\/wp-content\\\/uploads\\\/2024\\\/07\\\/favicon.jpg\",\"contentUrl\":\"https:\\\/\\\/emo-shop.com\\\/wp-content\\\/uploads\\\/2024\\\/07\\\/favicon.jpg\",\"width\":512,\"height\":512,\"caption\":\"Spletna trgovina s slovensko posodo - EMO ETT\"},\"image\":{\"@id\":\"https:\\\/\\\/emo-shop.com\\\/de\\\/#\\\/schema\\\/logo\\\/image\\\/\"},\"sameAs\":[\"https:\\\/\\\/www.facebook.com\\\/EMOSLOVENIA\"]}]}<\/script>\n<!-- \/ Yoast SEO plugin. -->","yoast_head_json":{"title":"Wei\u00dfe Tasse 0,37 l \u201eDer beste Lehrer\u201c - Spletna trgovina s slovensko posodo - EMO ETT","robots":{"index":"index","follow":"follow","max-snippet":"max-snippet:-1","max-image-preview":"max-image-preview:large","max-video-preview":"max-video-preview:-1"},"canonical":"https:\/\/emo-shop.com\/de\/izdelki\/weisse-tasse-037-l-der-beste-lehrer\/","og_locale":"de_DE","og_type":"article","og_title":"Wei\u00dfe Tasse 0,37 l \u201eDer beste Lehrer\u201c - Spletna trgovina s slovensko posodo - EMO ETT","og_description":"Das ideale Geschenk f\u00fcr den besten Lehrer.","og_url":"https:\/\/emo-shop.com\/de\/izdelki\/weisse-tasse-037-l-der-beste-lehrer\/","og_site_name":"Spletna trgovina s slovensko posodo - EMO ETT","article_publisher":"https:\/\/www.facebook.com\/EMOSLOVENIA","og_image":[{"width":1000,"height":856,"url":"https:\/\/emo-shop.com\/wp-content\/uploads\/2025\/01\/beli-loncek-ucitelj.jpg","type":"image\/jpeg"}],"twitter_card":"summary_large_image","twitter_misc":{"Gesch\u00e4tzte Lesezeit":"1\u00a0Minute"},"schema":{"@context":"https:\/\/schema.org","@graph":[{"@type":"WebPage","@id":"https:\/\/emo-shop.com\/de\/izdelki\/weisse-tasse-037-l-der-beste-lehrer\/","url":"https:\/\/emo-shop.com\/de\/izdelki\/weisse-tasse-037-l-der-beste-lehrer\/","name":"Wei\u00dfe Tasse 0,37 l \u201eDer beste Lehrer\u201c - Spletna trgovina s slovensko posodo - EMO ETT","isPartOf":{"@id":"https:\/\/emo-shop.com\/de\/#website"},"primaryImageOfPage":{"@id":"https:\/\/emo-shop.com\/de\/izdelki\/weisse-tasse-037-l-der-beste-lehrer\/#primaryimage"},"image":{"@id":"https:\/\/emo-shop.com\/de\/izdelki\/weisse-tasse-037-l-der-beste-lehrer\/#primaryimage"},"thumbnailUrl":"https:\/\/emo-shop.com\/wp-content\/uploads\/2025\/01\/beli-loncek-ucitelj.jpg","datePublished":"2025-01-20T12:40:40+00:00","breadcrumb":{"@id":"https:\/\/emo-shop.com\/de\/izdelki\/weisse-tasse-037-l-der-beste-lehrer\/#breadcrumb"},"inLanguage":"de","potentialAction":[{"@type":"ReadAction","target":["https:\/\/emo-shop.com\/de\/izdelki\/weisse-tasse-037-l-der-beste-lehrer\/"]}]},{"@type":"ImageObject","inLanguage":"de","@id":"https:\/\/emo-shop.com\/de\/izdelki\/weisse-tasse-037-l-der-beste-lehrer\/#primaryimage","url":"https:\/\/emo-shop.com\/wp-content\/uploads\/2025\/01\/beli-loncek-ucitelj.jpg","contentUrl":"https:\/\/emo-shop.com\/wp-content\/uploads\/2025\/01\/beli-loncek-ucitelj.jpg","width":1000,"height":856},{"@type":"BreadcrumbList","@id":"https:\/\/emo-shop.com\/de\/izdelki\/weisse-tasse-037-l-der-beste-lehrer\/#breadcrumb","itemListElement":[{"@type":"ListItem","position":1,"name":"Home","item":"https:\/\/emo-shop.com\/de\/"},{"@type":"ListItem","position":2,"name":"Shop","item":"https:\/\/emo-shop.com\/de\/shop\/"},{"@type":"ListItem","position":3,"name":"Wei\u00dfe Tasse 0,37 l \u201eDer beste Lehrer\u201c"}]},{"@type":"WebSite","@id":"https:\/\/emo-shop.com\/de\/#website","url":"https:\/\/emo-shop.com\/de\/","name":"Spletna trgovina s slovensko posodo - EMO ETT","description":"Spletna trgovina","publisher":{"@id":"https:\/\/emo-shop.com\/de\/#organization"},"potentialAction":[{"@type":"SearchAction","target":{"@type":"EntryPoint","urlTemplate":"https:\/\/emo-shop.com\/de\/?s={search_term_string}"},"query-input":{"@type":"PropertyValueSpecification","valueRequired":true,"valueName":"search_term_string"}}],"inLanguage":"de"},{"@type":"Organization","@id":"https:\/\/emo-shop.com\/de\/#organization","name":"Spletna trgovina s slovensko posodo - EMO ETT","url":"https:\/\/emo-shop.com\/de\/","logo":{"@type":"ImageObject","inLanguage":"de","@id":"https:\/\/emo-shop.com\/de\/#\/schema\/logo\/image\/","url":"https:\/\/emo-shop.com\/wp-content\/uploads\/2024\/07\/favicon.jpg","contentUrl":"https:\/\/emo-shop.com\/wp-content\/uploads\/2024\/07\/favicon.jpg","width":512,"height":512,"caption":"Spletna trgovina s slovensko posodo - EMO ETT"},"image":{"@id":"https:\/\/emo-shop.com\/de\/#\/schema\/logo\/image\/"},"sameAs":["https:\/\/www.facebook.com\/EMOSLOVENIA"]}]}},"_links":{"self":[{"href":"https:\/\/emo-shop.com\/de\/wp-json\/wp\/v2\/product\/35892","targetHints":{"allow":["GET"]}}],"collection":[{"href":"https:\/\/emo-shop.com\/de\/wp-json\/wp\/v2\/product"}],"about":[{"href":"https:\/\/emo-shop.com\/de\/wp-json\/wp\/v2\/types\/product"}],"replies":[{"embeddable":true,"href":"https:\/\/emo-shop.com\/de\/wp-json\/wp\/v2\/comments?post=35892"}],"version-history":[{"count":0,"href":"https:\/\/emo-shop.com\/de\/wp-json\/wp\/v2\/product\/35892\/revisions"}],"wp:featuredmedia":[{"embeddable":true,"href":"https:\/\/emo-shop.com\/de\/wp-json\/wp\/v2\/media\/35893"}],"wp:attachment":[{"href":"https:\/\/emo-shop.com\/de\/wp-json\/wp\/v2\/media?parent=35892"}],"wp:term":[{"taxonomy":"product_brand","embeddable":true,"href":"https:\/\/emo-shop.com\/de\/wp-json\/wp\/v2\/product_brand?post=35892"},{"taxonomy":"product_cat","embeddable":true,"href":"https:\/\/emo-shop.com\/de\/wp-json\/wp\/v2\/product_cat?post=35892"},{"taxonomy":"product_tag","embeddable":true,"href":"https:\/\/emo-shop.com\/de\/wp-json\/wp\/v2\/product_tag?post=35892"}],"curies":[{"name":"wp","href":"https:\/\/api.w.org\/{rel}","templated":true}]}}