{"id":35866,"date":"2025-01-21T07:57:25","date_gmt":"2025-01-21T07:57:25","guid":{"rendered":"https:\/\/emo-shop.com\/izdelki\/set-aus-kaffeekanne-und-tasse-ich-moechte-meinen-koerper-wie-meinen-kaffee-haben\/"},"modified":"2025-01-21T07:57:25","modified_gmt":"2025-01-21T07:57:25","slug":"set-aus-kaffeekanne-und-tasse-ich-moechte-meinen-koerper-wie-meinen-kaffee-haben","status":"publish","type":"product","link":"https:\/\/emo-shop.com\/de\/izdelki\/set-aus-kaffeekanne-und-tasse-ich-moechte-meinen-koerper-wie-meinen-kaffee-haben\/","title":{"rendered":"Set aus Kaffeekanne und Tasse \u201eIch m\u00f6chte meinen K\u00f6rper wie meinen Kaffee haben\u201c"},"content":{"rendered":"<p><strong>Ein Set f\u00fcr diejenigen, die wissen, was sie m\u00f6chten \u2013 hei\u00df und stark!<\/strong><\/p>\n<p>\u2615\ud83d\udd25\ud83d\ude0f<\/p>\n<p>Wenn Sie Ihren Kaffee (und Ihren K\u00f6rper \ud83d\ude1c) <strong>hei\u00df und stark<\/strong><\/p>\n<p>bevorzugen, ist dieses Set genau das Richtige f\u00fcr Sie! Es umfasst eine originelle Tasse (8,0 x 7,0 cm, 0,14 kg, 0,37 l) und eine Kanne (8,0 x 10,0 cm, 0,24 kg, 0,7 l), beide mit dem humorvollen und selbstbewussten Spruch:<\/p>\n<p><strong>\u201eI want my body like my coffee \u2013 hot and strong!\u201d<\/strong><\/p>\n<p>Dieses Set eignet sich nicht nur hervorragend f\u00fcr die Zubereitung von starkem Kaffee, sondern auch, um Ihr Selbstbewusstsein bei jedem Schluck zu st\u00e4rken. Ideal f\u00fcr alle, die gerne scherzen, das Leben genie\u00dfen und sich nicht scheuen zuzugeben, dass guter Kaffee und ein guter K\u00f6rper viel gemeinsam haben.<\/p>\n<p>Schenken Sie es sich selbst oder jemandem, der einen ebenso guten Sinn f\u00fcr Humor wie f\u00fcr Kaffee hat.<\/p>\n<p>Wussten Sie schon? EMO GESCHIRR F\u00dcR ZUHAUSE UND DIE GASTRONOMIE bietet:<\/p>\n<p>Gesundes Emaille-Geschirr: Hochwertiges Emaille-Geschirr, ideal f\u00fcr die Zubereitung Ihrer Lieblingsgerichte.<\/p>\n<p>F\u00fcr alle Herdarten geeignet: Geeignet f\u00fcr verschiedene Herdarten, einschlie\u00dflich Induktionskochfeldern.<\/p>\n<p>Allergikerfreundlich: Nickel-frei, auch f\u00fcr Allergiker geeignet.<\/p>\n<p>Absolut hygienisch: 100 % hygienisch einwandfreies Kochgeschirr, leicht zu reinigen und zu pflegen.<\/p>\n<p>Ohne sch\u00e4dliche Beschichtungen: Wir sch\u00fctzen Ihre Gesundheit \u2013 beim Erhitzen werden keine sch\u00e4dlichen Stoffe freigesetzt.<\/p>\n<p>Stolz aus Slowenien: Ein Produkt slowenischer Herstellung, emailliertes Kochgeschirr aus einer slowenischen Fabrik. Entdecken Sie Eleganz und Gesundheit in einem.<\/p>\n<p>EMO POSODA \u2013 F\u00fcr k\u00f6stliche Mahlzeiten ohne Kompromisse.<\/p>\n","protected":false},"excerpt":{"rendered":"<p><strong>Ich w\u00fcnsche mir, dass mein K\u00f6rper wie mein Kaffee ist \u2013 hei\u00df und stark.<\/strong><\/p>\n","protected":false},"featured_media":35867,"comment_status":"open","ping_status":"closed","template":"","meta":[],"product_brand":[],"product_cat":[838,912,867,927],"product_tag":[1819,1775,1817,1776,1816,1818,743],"class_list":{"0":"post-35866","1":"product","2":"type-product","3":"status-publish","4":"has-post-thumbnail","6":"product_cat-becher","7":"product_cat-emaille-kaffeekanne-mit-motiv","8":"product_cat-kaffeekanne","9":"product_cat-topfsets","10":"product_tag-bedruckter-becher","11":"product_tag-emaillierter-topf","12":"product_tag-induktionsgeeignetes-kochgeschirr","13":"product_tag-kuchenausstattung","14":"product_tag-marke-emo-celje","15":"product_tag-retro-kuchendesign","16":"product_tag-slowenische-qualitat","18":"first","19":"instock","20":"taxable","21":"shipping-taxable","22":"purchasable","23":"product-type-simple"},"yoast_head":"<!-- This site is optimized with the Yoast SEO plugin v27.4 - https:\/\/yoast.com\/product\/yoast-seo-wordpress\/ -->\n<title>Set aus Kaffeekanne und Tasse \u201eIch m\u00f6chte meinen K\u00f6rper wie meinen Kaffee haben\u201c - Spletna trgovina s slovensko posodo - EMO ETT<\/title>\n<meta name=\"robots\" content=\"index, follow, max-snippet:-1, max-image-preview:large, max-video-preview:-1\" \/>\n<link rel=\"canonical\" href=\"https:\/\/emo-shop.com\/de\/izdelki\/set-aus-kaffeekanne-und-tasse-ich-moechte-meinen-koerper-wie-meinen-kaffee-haben\/\" \/>\n<meta property=\"og:locale\" content=\"de_DE\" \/>\n<meta property=\"og:type\" content=\"article\" \/>\n<meta property=\"og:title\" content=\"Set aus Kaffeekanne und Tasse \u201eIch m\u00f6chte meinen K\u00f6rper wie meinen Kaffee haben\u201c - Spletna trgovina s slovensko posodo - EMO ETT\" \/>\n<meta property=\"og:description\" content=\"Ich w\u00fcnsche mir, dass mein K\u00f6rper wie mein Kaffee ist \u2013 hei\u00df und stark.\" \/>\n<meta property=\"og:url\" content=\"https:\/\/emo-shop.com\/de\/izdelki\/set-aus-kaffeekanne-und-tasse-ich-moechte-meinen-koerper-wie-meinen-kaffee-haben\/\" \/>\n<meta property=\"og:site_name\" content=\"Spletna trgovina s slovensko posodo - EMO ETT\" \/>\n<meta property=\"article:publisher\" content=\"https:\/\/www.facebook.com\/EMOSLOVENIA\" \/>\n<meta property=\"og:image\" content=\"https:\/\/emo-shop.com\/wp-content\/uploads\/2025\/01\/komplet-crn-dz-lo.jpg\" \/>\n\t<meta property=\"og:image:width\" content=\"1000\" \/>\n\t<meta property=\"og:image:height\" content=\"580\" \/>\n\t<meta property=\"og:image:type\" content=\"image\/jpeg\" \/>\n<meta name=\"twitter:card\" content=\"summary_large_image\" \/>\n<meta name=\"twitter:label1\" content=\"Gesch\u00e4tzte Lesezeit\" \/>\n\t<meta name=\"twitter:data1\" content=\"1\u00a0Minute\" \/>\n<script type=\"application\/ld+json\" class=\"yoast-schema-graph\">{\"@context\":\"https:\\\/\\\/schema.org\",\"@graph\":[{\"@type\":\"WebPage\",\"@id\":\"https:\\\/\\\/emo-shop.com\\\/de\\\/izdelki\\\/set-aus-kaffeekanne-und-tasse-ich-moechte-meinen-koerper-wie-meinen-kaffee-haben\\\/\",\"url\":\"https:\\\/\\\/emo-shop.com\\\/de\\\/izdelki\\\/set-aus-kaffeekanne-und-tasse-ich-moechte-meinen-koerper-wie-meinen-kaffee-haben\\\/\",\"name\":\"Set aus Kaffeekanne und Tasse \u201eIch m\u00f6chte meinen K\u00f6rper wie meinen Kaffee haben\u201c - Spletna trgovina s slovensko posodo - EMO ETT\",\"isPartOf\":{\"@id\":\"https:\\\/\\\/emo-shop.com\\\/de\\\/#website\"},\"primaryImageOfPage\":{\"@id\":\"https:\\\/\\\/emo-shop.com\\\/de\\\/izdelki\\\/set-aus-kaffeekanne-und-tasse-ich-moechte-meinen-koerper-wie-meinen-kaffee-haben\\\/#primaryimage\"},\"image\":{\"@id\":\"https:\\\/\\\/emo-shop.com\\\/de\\\/izdelki\\\/set-aus-kaffeekanne-und-tasse-ich-moechte-meinen-koerper-wie-meinen-kaffee-haben\\\/#primaryimage\"},\"thumbnailUrl\":\"https:\\\/\\\/emo-shop.com\\\/wp-content\\\/uploads\\\/2025\\\/01\\\/komplet-crn-dz-lo.jpg\",\"datePublished\":\"2025-01-21T07:57:25+00:00\",\"breadcrumb\":{\"@id\":\"https:\\\/\\\/emo-shop.com\\\/de\\\/izdelki\\\/set-aus-kaffeekanne-und-tasse-ich-moechte-meinen-koerper-wie-meinen-kaffee-haben\\\/#breadcrumb\"},\"inLanguage\":\"de\",\"potentialAction\":[{\"@type\":\"ReadAction\",\"target\":[\"https:\\\/\\\/emo-shop.com\\\/de\\\/izdelki\\\/set-aus-kaffeekanne-und-tasse-ich-moechte-meinen-koerper-wie-meinen-kaffee-haben\\\/\"]}]},{\"@type\":\"ImageObject\",\"inLanguage\":\"de\",\"@id\":\"https:\\\/\\\/emo-shop.com\\\/de\\\/izdelki\\\/set-aus-kaffeekanne-und-tasse-ich-moechte-meinen-koerper-wie-meinen-kaffee-haben\\\/#primaryimage\",\"url\":\"https:\\\/\\\/emo-shop.com\\\/wp-content\\\/uploads\\\/2025\\\/01\\\/komplet-crn-dz-lo.jpg\",\"contentUrl\":\"https:\\\/\\\/emo-shop.com\\\/wp-content\\\/uploads\\\/2025\\\/01\\\/komplet-crn-dz-lo.jpg\",\"width\":1000,\"height\":580},{\"@type\":\"BreadcrumbList\",\"@id\":\"https:\\\/\\\/emo-shop.com\\\/de\\\/izdelki\\\/set-aus-kaffeekanne-und-tasse-ich-moechte-meinen-koerper-wie-meinen-kaffee-haben\\\/#breadcrumb\",\"itemListElement\":[{\"@type\":\"ListItem\",\"position\":1,\"name\":\"Home\",\"item\":\"https:\\\/\\\/emo-shop.com\\\/de\\\/\"},{\"@type\":\"ListItem\",\"position\":2,\"name\":\"Shop\",\"item\":\"https:\\\/\\\/emo-shop.com\\\/de\\\/shop\\\/\"},{\"@type\":\"ListItem\",\"position\":3,\"name\":\"Set aus Kaffeekanne und Tasse \u201eIch m\u00f6chte meinen K\u00f6rper wie meinen Kaffee haben\u201c\"}]},{\"@type\":\"WebSite\",\"@id\":\"https:\\\/\\\/emo-shop.com\\\/de\\\/#website\",\"url\":\"https:\\\/\\\/emo-shop.com\\\/de\\\/\",\"name\":\"Spletna trgovina s slovensko posodo - EMO ETT\",\"description\":\"Spletna trgovina\",\"publisher\":{\"@id\":\"https:\\\/\\\/emo-shop.com\\\/de\\\/#organization\"},\"potentialAction\":[{\"@type\":\"SearchAction\",\"target\":{\"@type\":\"EntryPoint\",\"urlTemplate\":\"https:\\\/\\\/emo-shop.com\\\/de\\\/?s={search_term_string}\"},\"query-input\":{\"@type\":\"PropertyValueSpecification\",\"valueRequired\":true,\"valueName\":\"search_term_string\"}}],\"inLanguage\":\"de\"},{\"@type\":\"Organization\",\"@id\":\"https:\\\/\\\/emo-shop.com\\\/de\\\/#organization\",\"name\":\"Spletna trgovina s slovensko posodo - EMO ETT\",\"url\":\"https:\\\/\\\/emo-shop.com\\\/de\\\/\",\"logo\":{\"@type\":\"ImageObject\",\"inLanguage\":\"de\",\"@id\":\"https:\\\/\\\/emo-shop.com\\\/de\\\/#\\\/schema\\\/logo\\\/image\\\/\",\"url\":\"https:\\\/\\\/emo-shop.com\\\/wp-content\\\/uploads\\\/2024\\\/07\\\/favicon.jpg\",\"contentUrl\":\"https:\\\/\\\/emo-shop.com\\\/wp-content\\\/uploads\\\/2024\\\/07\\\/favicon.jpg\",\"width\":512,\"height\":512,\"caption\":\"Spletna trgovina s slovensko posodo - EMO ETT\"},\"image\":{\"@id\":\"https:\\\/\\\/emo-shop.com\\\/de\\\/#\\\/schema\\\/logo\\\/image\\\/\"},\"sameAs\":[\"https:\\\/\\\/www.facebook.com\\\/EMOSLOVENIA\"]}]}<\/script>\n<!-- \/ Yoast SEO plugin. -->","yoast_head_json":{"title":"Set aus Kaffeekanne und Tasse \u201eIch m\u00f6chte meinen K\u00f6rper wie meinen Kaffee haben\u201c - Spletna trgovina s slovensko posodo - EMO ETT","robots":{"index":"index","follow":"follow","max-snippet":"max-snippet:-1","max-image-preview":"max-image-preview:large","max-video-preview":"max-video-preview:-1"},"canonical":"https:\/\/emo-shop.com\/de\/izdelki\/set-aus-kaffeekanne-und-tasse-ich-moechte-meinen-koerper-wie-meinen-kaffee-haben\/","og_locale":"de_DE","og_type":"article","og_title":"Set aus Kaffeekanne und Tasse \u201eIch m\u00f6chte meinen K\u00f6rper wie meinen Kaffee haben\u201c - Spletna trgovina s slovensko posodo - EMO ETT","og_description":"Ich w\u00fcnsche mir, dass mein K\u00f6rper wie mein Kaffee ist \u2013 hei\u00df und stark.","og_url":"https:\/\/emo-shop.com\/de\/izdelki\/set-aus-kaffeekanne-und-tasse-ich-moechte-meinen-koerper-wie-meinen-kaffee-haben\/","og_site_name":"Spletna trgovina s slovensko posodo - EMO ETT","article_publisher":"https:\/\/www.facebook.com\/EMOSLOVENIA","og_image":[{"width":1000,"height":580,"url":"https:\/\/emo-shop.com\/wp-content\/uploads\/2025\/01\/komplet-crn-dz-lo.jpg","type":"image\/jpeg"}],"twitter_card":"summary_large_image","twitter_misc":{"Gesch\u00e4tzte Lesezeit":"1\u00a0Minute"},"schema":{"@context":"https:\/\/schema.org","@graph":[{"@type":"WebPage","@id":"https:\/\/emo-shop.com\/de\/izdelki\/set-aus-kaffeekanne-und-tasse-ich-moechte-meinen-koerper-wie-meinen-kaffee-haben\/","url":"https:\/\/emo-shop.com\/de\/izdelki\/set-aus-kaffeekanne-und-tasse-ich-moechte-meinen-koerper-wie-meinen-kaffee-haben\/","name":"Set aus Kaffeekanne und Tasse \u201eIch m\u00f6chte meinen K\u00f6rper wie meinen Kaffee haben\u201c - Spletna trgovina s slovensko posodo - EMO ETT","isPartOf":{"@id":"https:\/\/emo-shop.com\/de\/#website"},"primaryImageOfPage":{"@id":"https:\/\/emo-shop.com\/de\/izdelki\/set-aus-kaffeekanne-und-tasse-ich-moechte-meinen-koerper-wie-meinen-kaffee-haben\/#primaryimage"},"image":{"@id":"https:\/\/emo-shop.com\/de\/izdelki\/set-aus-kaffeekanne-und-tasse-ich-moechte-meinen-koerper-wie-meinen-kaffee-haben\/#primaryimage"},"thumbnailUrl":"https:\/\/emo-shop.com\/wp-content\/uploads\/2025\/01\/komplet-crn-dz-lo.jpg","datePublished":"2025-01-21T07:57:25+00:00","breadcrumb":{"@id":"https:\/\/emo-shop.com\/de\/izdelki\/set-aus-kaffeekanne-und-tasse-ich-moechte-meinen-koerper-wie-meinen-kaffee-haben\/#breadcrumb"},"inLanguage":"de","potentialAction":[{"@type":"ReadAction","target":["https:\/\/emo-shop.com\/de\/izdelki\/set-aus-kaffeekanne-und-tasse-ich-moechte-meinen-koerper-wie-meinen-kaffee-haben\/"]}]},{"@type":"ImageObject","inLanguage":"de","@id":"https:\/\/emo-shop.com\/de\/izdelki\/set-aus-kaffeekanne-und-tasse-ich-moechte-meinen-koerper-wie-meinen-kaffee-haben\/#primaryimage","url":"https:\/\/emo-shop.com\/wp-content\/uploads\/2025\/01\/komplet-crn-dz-lo.jpg","contentUrl":"https:\/\/emo-shop.com\/wp-content\/uploads\/2025\/01\/komplet-crn-dz-lo.jpg","width":1000,"height":580},{"@type":"BreadcrumbList","@id":"https:\/\/emo-shop.com\/de\/izdelki\/set-aus-kaffeekanne-und-tasse-ich-moechte-meinen-koerper-wie-meinen-kaffee-haben\/#breadcrumb","itemListElement":[{"@type":"ListItem","position":1,"name":"Home","item":"https:\/\/emo-shop.com\/de\/"},{"@type":"ListItem","position":2,"name":"Shop","item":"https:\/\/emo-shop.com\/de\/shop\/"},{"@type":"ListItem","position":3,"name":"Set aus Kaffeekanne und Tasse \u201eIch m\u00f6chte meinen K\u00f6rper wie meinen Kaffee haben\u201c"}]},{"@type":"WebSite","@id":"https:\/\/emo-shop.com\/de\/#website","url":"https:\/\/emo-shop.com\/de\/","name":"Spletna trgovina s slovensko posodo - EMO ETT","description":"Spletna trgovina","publisher":{"@id":"https:\/\/emo-shop.com\/de\/#organization"},"potentialAction":[{"@type":"SearchAction","target":{"@type":"EntryPoint","urlTemplate":"https:\/\/emo-shop.com\/de\/?s={search_term_string}"},"query-input":{"@type":"PropertyValueSpecification","valueRequired":true,"valueName":"search_term_string"}}],"inLanguage":"de"},{"@type":"Organization","@id":"https:\/\/emo-shop.com\/de\/#organization","name":"Spletna trgovina s slovensko posodo - EMO ETT","url":"https:\/\/emo-shop.com\/de\/","logo":{"@type":"ImageObject","inLanguage":"de","@id":"https:\/\/emo-shop.com\/de\/#\/schema\/logo\/image\/","url":"https:\/\/emo-shop.com\/wp-content\/uploads\/2024\/07\/favicon.jpg","contentUrl":"https:\/\/emo-shop.com\/wp-content\/uploads\/2024\/07\/favicon.jpg","width":512,"height":512,"caption":"Spletna trgovina s slovensko posodo - EMO ETT"},"image":{"@id":"https:\/\/emo-shop.com\/de\/#\/schema\/logo\/image\/"},"sameAs":["https:\/\/www.facebook.com\/EMOSLOVENIA"]}]}},"_links":{"self":[{"href":"https:\/\/emo-shop.com\/de\/wp-json\/wp\/v2\/product\/35866","targetHints":{"allow":["GET"]}}],"collection":[{"href":"https:\/\/emo-shop.com\/de\/wp-json\/wp\/v2\/product"}],"about":[{"href":"https:\/\/emo-shop.com\/de\/wp-json\/wp\/v2\/types\/product"}],"replies":[{"embeddable":true,"href":"https:\/\/emo-shop.com\/de\/wp-json\/wp\/v2\/comments?post=35866"}],"version-history":[{"count":0,"href":"https:\/\/emo-shop.com\/de\/wp-json\/wp\/v2\/product\/35866\/revisions"}],"wp:featuredmedia":[{"embeddable":true,"href":"https:\/\/emo-shop.com\/de\/wp-json\/wp\/v2\/media\/35867"}],"wp:attachment":[{"href":"https:\/\/emo-shop.com\/de\/wp-json\/wp\/v2\/media?parent=35866"}],"wp:term":[{"taxonomy":"product_brand","embeddable":true,"href":"https:\/\/emo-shop.com\/de\/wp-json\/wp\/v2\/product_brand?post=35866"},{"taxonomy":"product_cat","embeddable":true,"href":"https:\/\/emo-shop.com\/de\/wp-json\/wp\/v2\/product_cat?post=35866"},{"taxonomy":"product_tag","embeddable":true,"href":"https:\/\/emo-shop.com\/de\/wp-json\/wp\/v2\/product_tag?post=35866"}],"curies":[{"name":"wp","href":"https:\/\/api.w.org\/{rel}","templated":true}]}}