{"id":35862,"date":"2025-01-21T08:18:42","date_gmt":"2025-01-21T08:18:42","guid":{"rendered":"https:\/\/emo-shop.com\/izdelki\/kaffeekanne-schwarz-07-l-ich-wuensche-mir-einen-koerper-wie-meinen-kaffee\/"},"modified":"2025-01-21T08:18:42","modified_gmt":"2025-01-21T08:18:42","slug":"kaffeekanne-schwarz-07-l-ich-wuensche-mir-einen-koerper-wie-meinen-kaffee","status":"publish","type":"product","link":"https:\/\/emo-shop.com\/de\/izdelki\/kaffeekanne-schwarz-07-l-ich-wuensche-mir-einen-koerper-wie-meinen-kaffee\/","title":{"rendered":"Kaffeekanne schwarz 0,7 l \u201eIch w\u00fcnsche mir einen K\u00f6rper wie meinen Kaffee\u201c"},"content":{"rendered":"<p data-pm-slice=\"1 1 []\">Schwarze Kaffeekanne \u2013 f\u00fcr die richtige Dosis starken Kaffees.<\/p>\n<p>Wenn Sie Ihren Kaffee stilvoll zubereiten m\u00f6chten, ist diese schwarze Kaffeekanne (8,0 x 10,0 cm, 0,24 kg, 0,7 l) genau das Richtige f\u00fcr Sie! Mit der Aufschrift:<\/p>\n<p>\u201eIch m\u00f6chte meinen K\u00f6rper wie meinen Kaffee \u2013 hei\u00df und stark!\u201c<\/p>\n<p>Die Kaffeekanne ist nicht nur ideal f\u00fcr die Zubereitung von starkem und aromatischem Kaffee, sondern erinnert Sie auch daran, dass jeder Schluck dieses Kaffees genauso stark und selbstbewusst ist wie Ihre Energie. \ud83d\ude0e\ud83d\udd25<\/p>\n<p>Entworfen f\u00fcr diejenigen, die wissen, dass Kaffee nicht nur ein Getr\u00e4nk, sondern eine wahre Kunst ist. Das ideale Geschenk f\u00fcr alle Kaffeeliebhaber, die hochwertigen Geschmack und einen guten Sinn f\u00fcr Humor sch\u00e4tzen.<\/p>\n<p>Wussten Sie schon? EMO POSODA ZA DOM IN GOSTINSTVO bietet:<\/p>\n<p>Gesunde Emaille-Kochgeschirr: Hochwertiges Emaille-Kochgeschirr, ideal f\u00fcr die Zubereitung Ihrer Lieblingsgerichte.<\/p>\n<p>F\u00fcr alle Herdarten geeignet: Geeignet f\u00fcr verschiedene Herdarten, einschlie\u00dflich Induktionskochfeldern.<\/p>\n<p>Allergikerfreundlich: Nickel-frei, auch f\u00fcr Menschen mit Allergien geeignet.<\/p>\n<p>Absolut hygienisch: 100 % hygienisch einwandfreies Kochgeschirr, leicht zu reinigen und zu pflegen.<\/p>\n<p>Ohne sch\u00e4dliche Beschichtungen: Wir sch\u00fctzen Ihre Gesundheit \u2013 beim Erhitzen werden keine sch\u00e4dlichen Stoffe freigesetzt.<\/p>\n<p>Stolz aus Slowenien: Ein Produkt slowenischer Herstellung, emailliertes Kochgeschirr aus einer slowenischen Fabrik. Entdecken Sie Eleganz und Gesundheit in einem.<\/p>\n<p>EMO POSODA \u2013 F\u00fcr k\u00f6stliche Mahlzeiten ohne Kompromisse.<\/p>\n","protected":false},"excerpt":{"rendered":"<p><strong>Ich w\u00fcnsche mir, dass mein K\u00f6rper wie mein Kaffee ist \u2013 hei\u00df und stark.<\/strong><\/p>\n","protected":false},"featured_media":35863,"comment_status":"open","ping_status":"closed","template":"","meta":[],"product_brand":[],"product_cat":[912,867],"product_tag":[1775,770,1809,1813,739,1811,1812,1810,1814],"class_list":{"0":"post-35862","1":"product","2":"type-product","3":"status-publish","4":"has-post-thumbnail","6":"product_cat-emaille-kaffeekanne-mit-motiv","7":"product_cat-kaffeekanne","8":"product_tag-emaillierter-topf","9":"product_tag-emo-celje-geschirr","10":"product_tag-induktionsgeschirr","11":"product_tag-kaffee","12":"product_tag-kuchenhelfer","13":"product_tag-qualitat-der-slowenischen-herstellung","14":"product_tag-tasse-mit-aufdruck","15":"product_tag-vintage-retro-design","16":"product_tag-weihnachtsgeschenke","18":"first","19":"instock","20":"taxable","21":"shipping-taxable","22":"purchasable","23":"product-type-simple"},"yoast_head":"<!-- This site is optimized with the Yoast SEO plugin v27.4 - https:\/\/yoast.com\/product\/yoast-seo-wordpress\/ -->\n<title>Kaffeekanne schwarz 0,7 l \u201eIch w\u00fcnsche mir einen K\u00f6rper wie meinen Kaffee\u201c - Spletna trgovina s slovensko posodo - EMO ETT<\/title>\n<meta name=\"robots\" content=\"index, follow, max-snippet:-1, max-image-preview:large, max-video-preview:-1\" \/>\n<link rel=\"canonical\" href=\"https:\/\/emo-shop.com\/de\/izdelki\/kaffeekanne-schwarz-07-l-ich-wuensche-mir-einen-koerper-wie-meinen-kaffee\/\" \/>\n<meta property=\"og:locale\" content=\"de_DE\" \/>\n<meta property=\"og:type\" content=\"article\" \/>\n<meta property=\"og:title\" content=\"Kaffeekanne schwarz 0,7 l \u201eIch w\u00fcnsche mir einen K\u00f6rper wie meinen Kaffee\u201c - Spletna trgovina s slovensko posodo - EMO ETT\" \/>\n<meta property=\"og:description\" content=\"Ich w\u00fcnsche mir, dass mein K\u00f6rper wie mein Kaffee ist \u2013 hei\u00df und stark.\" \/>\n<meta property=\"og:url\" content=\"https:\/\/emo-shop.com\/de\/izdelki\/kaffeekanne-schwarz-07-l-ich-wuensche-mir-einen-koerper-wie-meinen-kaffee\/\" \/>\n<meta property=\"og:site_name\" content=\"Spletna trgovina s slovensko posodo - EMO ETT\" \/>\n<meta property=\"article:publisher\" content=\"https:\/\/www.facebook.com\/EMOSLOVENIA\" \/>\n<meta property=\"og:image\" content=\"https:\/\/emo-shop.com\/wp-content\/uploads\/2025\/01\/hot-and-strong-DZEZVA.jpg\" \/>\n\t<meta property=\"og:image:width\" content=\"1000\" \/>\n\t<meta property=\"og:image:height\" content=\"549\" \/>\n\t<meta property=\"og:image:type\" content=\"image\/jpeg\" \/>\n<meta name=\"twitter:card\" content=\"summary_large_image\" \/>\n<meta name=\"twitter:label1\" content=\"Gesch\u00e4tzte Lesezeit\" \/>\n\t<meta name=\"twitter:data1\" content=\"1\u00a0Minute\" \/>\n<script type=\"application\/ld+json\" class=\"yoast-schema-graph\">{\"@context\":\"https:\\\/\\\/schema.org\",\"@graph\":[{\"@type\":\"WebPage\",\"@id\":\"https:\\\/\\\/emo-shop.com\\\/de\\\/izdelki\\\/kaffeekanne-schwarz-07-l-ich-wuensche-mir-einen-koerper-wie-meinen-kaffee\\\/\",\"url\":\"https:\\\/\\\/emo-shop.com\\\/de\\\/izdelki\\\/kaffeekanne-schwarz-07-l-ich-wuensche-mir-einen-koerper-wie-meinen-kaffee\\\/\",\"name\":\"Kaffeekanne schwarz 0,7 l \u201eIch w\u00fcnsche mir einen K\u00f6rper wie meinen Kaffee\u201c - Spletna trgovina s slovensko posodo - EMO ETT\",\"isPartOf\":{\"@id\":\"https:\\\/\\\/emo-shop.com\\\/de\\\/#website\"},\"primaryImageOfPage\":{\"@id\":\"https:\\\/\\\/emo-shop.com\\\/de\\\/izdelki\\\/kaffeekanne-schwarz-07-l-ich-wuensche-mir-einen-koerper-wie-meinen-kaffee\\\/#primaryimage\"},\"image\":{\"@id\":\"https:\\\/\\\/emo-shop.com\\\/de\\\/izdelki\\\/kaffeekanne-schwarz-07-l-ich-wuensche-mir-einen-koerper-wie-meinen-kaffee\\\/#primaryimage\"},\"thumbnailUrl\":\"https:\\\/\\\/emo-shop.com\\\/wp-content\\\/uploads\\\/2025\\\/01\\\/hot-and-strong-DZEZVA.jpg\",\"datePublished\":\"2025-01-21T08:18:42+00:00\",\"breadcrumb\":{\"@id\":\"https:\\\/\\\/emo-shop.com\\\/de\\\/izdelki\\\/kaffeekanne-schwarz-07-l-ich-wuensche-mir-einen-koerper-wie-meinen-kaffee\\\/#breadcrumb\"},\"inLanguage\":\"de\",\"potentialAction\":[{\"@type\":\"ReadAction\",\"target\":[\"https:\\\/\\\/emo-shop.com\\\/de\\\/izdelki\\\/kaffeekanne-schwarz-07-l-ich-wuensche-mir-einen-koerper-wie-meinen-kaffee\\\/\"]}]},{\"@type\":\"ImageObject\",\"inLanguage\":\"de\",\"@id\":\"https:\\\/\\\/emo-shop.com\\\/de\\\/izdelki\\\/kaffeekanne-schwarz-07-l-ich-wuensche-mir-einen-koerper-wie-meinen-kaffee\\\/#primaryimage\",\"url\":\"https:\\\/\\\/emo-shop.com\\\/wp-content\\\/uploads\\\/2025\\\/01\\\/hot-and-strong-DZEZVA.jpg\",\"contentUrl\":\"https:\\\/\\\/emo-shop.com\\\/wp-content\\\/uploads\\\/2025\\\/01\\\/hot-and-strong-DZEZVA.jpg\",\"width\":1000,\"height\":549},{\"@type\":\"BreadcrumbList\",\"@id\":\"https:\\\/\\\/emo-shop.com\\\/de\\\/izdelki\\\/kaffeekanne-schwarz-07-l-ich-wuensche-mir-einen-koerper-wie-meinen-kaffee\\\/#breadcrumb\",\"itemListElement\":[{\"@type\":\"ListItem\",\"position\":1,\"name\":\"Home\",\"item\":\"https:\\\/\\\/emo-shop.com\\\/de\\\/\"},{\"@type\":\"ListItem\",\"position\":2,\"name\":\"Shop\",\"item\":\"https:\\\/\\\/emo-shop.com\\\/de\\\/shop\\\/\"},{\"@type\":\"ListItem\",\"position\":3,\"name\":\"Kaffeekanne schwarz 0,7 l \u201eIch w\u00fcnsche mir einen K\u00f6rper wie meinen Kaffee\u201c\"}]},{\"@type\":\"WebSite\",\"@id\":\"https:\\\/\\\/emo-shop.com\\\/de\\\/#website\",\"url\":\"https:\\\/\\\/emo-shop.com\\\/de\\\/\",\"name\":\"Spletna trgovina s slovensko posodo - EMO ETT\",\"description\":\"Spletna trgovina\",\"publisher\":{\"@id\":\"https:\\\/\\\/emo-shop.com\\\/de\\\/#organization\"},\"potentialAction\":[{\"@type\":\"SearchAction\",\"target\":{\"@type\":\"EntryPoint\",\"urlTemplate\":\"https:\\\/\\\/emo-shop.com\\\/de\\\/?s={search_term_string}\"},\"query-input\":{\"@type\":\"PropertyValueSpecification\",\"valueRequired\":true,\"valueName\":\"search_term_string\"}}],\"inLanguage\":\"de\"},{\"@type\":\"Organization\",\"@id\":\"https:\\\/\\\/emo-shop.com\\\/de\\\/#organization\",\"name\":\"Spletna trgovina s slovensko posodo - EMO ETT\",\"url\":\"https:\\\/\\\/emo-shop.com\\\/de\\\/\",\"logo\":{\"@type\":\"ImageObject\",\"inLanguage\":\"de\",\"@id\":\"https:\\\/\\\/emo-shop.com\\\/de\\\/#\\\/schema\\\/logo\\\/image\\\/\",\"url\":\"https:\\\/\\\/emo-shop.com\\\/wp-content\\\/uploads\\\/2024\\\/07\\\/favicon.jpg\",\"contentUrl\":\"https:\\\/\\\/emo-shop.com\\\/wp-content\\\/uploads\\\/2024\\\/07\\\/favicon.jpg\",\"width\":512,\"height\":512,\"caption\":\"Spletna trgovina s slovensko posodo - EMO ETT\"},\"image\":{\"@id\":\"https:\\\/\\\/emo-shop.com\\\/de\\\/#\\\/schema\\\/logo\\\/image\\\/\"},\"sameAs\":[\"https:\\\/\\\/www.facebook.com\\\/EMOSLOVENIA\"]}]}<\/script>\n<!-- \/ Yoast SEO plugin. -->","yoast_head_json":{"title":"Kaffeekanne schwarz 0,7 l \u201eIch w\u00fcnsche mir einen K\u00f6rper wie meinen Kaffee\u201c - Spletna trgovina s slovensko posodo - EMO ETT","robots":{"index":"index","follow":"follow","max-snippet":"max-snippet:-1","max-image-preview":"max-image-preview:large","max-video-preview":"max-video-preview:-1"},"canonical":"https:\/\/emo-shop.com\/de\/izdelki\/kaffeekanne-schwarz-07-l-ich-wuensche-mir-einen-koerper-wie-meinen-kaffee\/","og_locale":"de_DE","og_type":"article","og_title":"Kaffeekanne schwarz 0,7 l \u201eIch w\u00fcnsche mir einen K\u00f6rper wie meinen Kaffee\u201c - Spletna trgovina s slovensko posodo - EMO ETT","og_description":"Ich w\u00fcnsche mir, dass mein K\u00f6rper wie mein Kaffee ist \u2013 hei\u00df und stark.","og_url":"https:\/\/emo-shop.com\/de\/izdelki\/kaffeekanne-schwarz-07-l-ich-wuensche-mir-einen-koerper-wie-meinen-kaffee\/","og_site_name":"Spletna trgovina s slovensko posodo - EMO ETT","article_publisher":"https:\/\/www.facebook.com\/EMOSLOVENIA","og_image":[{"width":1000,"height":549,"url":"https:\/\/emo-shop.com\/wp-content\/uploads\/2025\/01\/hot-and-strong-DZEZVA.jpg","type":"image\/jpeg"}],"twitter_card":"summary_large_image","twitter_misc":{"Gesch\u00e4tzte Lesezeit":"1\u00a0Minute"},"schema":{"@context":"https:\/\/schema.org","@graph":[{"@type":"WebPage","@id":"https:\/\/emo-shop.com\/de\/izdelki\/kaffeekanne-schwarz-07-l-ich-wuensche-mir-einen-koerper-wie-meinen-kaffee\/","url":"https:\/\/emo-shop.com\/de\/izdelki\/kaffeekanne-schwarz-07-l-ich-wuensche-mir-einen-koerper-wie-meinen-kaffee\/","name":"Kaffeekanne schwarz 0,7 l \u201eIch w\u00fcnsche mir einen K\u00f6rper wie meinen Kaffee\u201c - Spletna trgovina s slovensko posodo - EMO ETT","isPartOf":{"@id":"https:\/\/emo-shop.com\/de\/#website"},"primaryImageOfPage":{"@id":"https:\/\/emo-shop.com\/de\/izdelki\/kaffeekanne-schwarz-07-l-ich-wuensche-mir-einen-koerper-wie-meinen-kaffee\/#primaryimage"},"image":{"@id":"https:\/\/emo-shop.com\/de\/izdelki\/kaffeekanne-schwarz-07-l-ich-wuensche-mir-einen-koerper-wie-meinen-kaffee\/#primaryimage"},"thumbnailUrl":"https:\/\/emo-shop.com\/wp-content\/uploads\/2025\/01\/hot-and-strong-DZEZVA.jpg","datePublished":"2025-01-21T08:18:42+00:00","breadcrumb":{"@id":"https:\/\/emo-shop.com\/de\/izdelki\/kaffeekanne-schwarz-07-l-ich-wuensche-mir-einen-koerper-wie-meinen-kaffee\/#breadcrumb"},"inLanguage":"de","potentialAction":[{"@type":"ReadAction","target":["https:\/\/emo-shop.com\/de\/izdelki\/kaffeekanne-schwarz-07-l-ich-wuensche-mir-einen-koerper-wie-meinen-kaffee\/"]}]},{"@type":"ImageObject","inLanguage":"de","@id":"https:\/\/emo-shop.com\/de\/izdelki\/kaffeekanne-schwarz-07-l-ich-wuensche-mir-einen-koerper-wie-meinen-kaffee\/#primaryimage","url":"https:\/\/emo-shop.com\/wp-content\/uploads\/2025\/01\/hot-and-strong-DZEZVA.jpg","contentUrl":"https:\/\/emo-shop.com\/wp-content\/uploads\/2025\/01\/hot-and-strong-DZEZVA.jpg","width":1000,"height":549},{"@type":"BreadcrumbList","@id":"https:\/\/emo-shop.com\/de\/izdelki\/kaffeekanne-schwarz-07-l-ich-wuensche-mir-einen-koerper-wie-meinen-kaffee\/#breadcrumb","itemListElement":[{"@type":"ListItem","position":1,"name":"Home","item":"https:\/\/emo-shop.com\/de\/"},{"@type":"ListItem","position":2,"name":"Shop","item":"https:\/\/emo-shop.com\/de\/shop\/"},{"@type":"ListItem","position":3,"name":"Kaffeekanne schwarz 0,7 l \u201eIch w\u00fcnsche mir einen K\u00f6rper wie meinen Kaffee\u201c"}]},{"@type":"WebSite","@id":"https:\/\/emo-shop.com\/de\/#website","url":"https:\/\/emo-shop.com\/de\/","name":"Spletna trgovina s slovensko posodo - EMO ETT","description":"Spletna trgovina","publisher":{"@id":"https:\/\/emo-shop.com\/de\/#organization"},"potentialAction":[{"@type":"SearchAction","target":{"@type":"EntryPoint","urlTemplate":"https:\/\/emo-shop.com\/de\/?s={search_term_string}"},"query-input":{"@type":"PropertyValueSpecification","valueRequired":true,"valueName":"search_term_string"}}],"inLanguage":"de"},{"@type":"Organization","@id":"https:\/\/emo-shop.com\/de\/#organization","name":"Spletna trgovina s slovensko posodo - EMO ETT","url":"https:\/\/emo-shop.com\/de\/","logo":{"@type":"ImageObject","inLanguage":"de","@id":"https:\/\/emo-shop.com\/de\/#\/schema\/logo\/image\/","url":"https:\/\/emo-shop.com\/wp-content\/uploads\/2024\/07\/favicon.jpg","contentUrl":"https:\/\/emo-shop.com\/wp-content\/uploads\/2024\/07\/favicon.jpg","width":512,"height":512,"caption":"Spletna trgovina s slovensko posodo - EMO ETT"},"image":{"@id":"https:\/\/emo-shop.com\/de\/#\/schema\/logo\/image\/"},"sameAs":["https:\/\/www.facebook.com\/EMOSLOVENIA"]}]}},"_links":{"self":[{"href":"https:\/\/emo-shop.com\/de\/wp-json\/wp\/v2\/product\/35862","targetHints":{"allow":["GET"]}}],"collection":[{"href":"https:\/\/emo-shop.com\/de\/wp-json\/wp\/v2\/product"}],"about":[{"href":"https:\/\/emo-shop.com\/de\/wp-json\/wp\/v2\/types\/product"}],"replies":[{"embeddable":true,"href":"https:\/\/emo-shop.com\/de\/wp-json\/wp\/v2\/comments?post=35862"}],"version-history":[{"count":0,"href":"https:\/\/emo-shop.com\/de\/wp-json\/wp\/v2\/product\/35862\/revisions"}],"wp:featuredmedia":[{"embeddable":true,"href":"https:\/\/emo-shop.com\/de\/wp-json\/wp\/v2\/media\/35863"}],"wp:attachment":[{"href":"https:\/\/emo-shop.com\/de\/wp-json\/wp\/v2\/media?parent=35862"}],"wp:term":[{"taxonomy":"product_brand","embeddable":true,"href":"https:\/\/emo-shop.com\/de\/wp-json\/wp\/v2\/product_brand?post=35862"},{"taxonomy":"product_cat","embeddable":true,"href":"https:\/\/emo-shop.com\/de\/wp-json\/wp\/v2\/product_cat?post=35862"},{"taxonomy":"product_tag","embeddable":true,"href":"https:\/\/emo-shop.com\/de\/wp-json\/wp\/v2\/product_tag?post=35862"}],"curies":[{"name":"wp","href":"https:\/\/api.w.org\/{rel}","templated":true}]}}