{"id":35859,"date":"2025-02-11T12:13:38","date_gmt":"2025-02-11T12:13:38","guid":{"rendered":"https:\/\/emo-shop.com\/izdelki\/kanne-und-krug-auf-einem-holzbrett\/"},"modified":"2025-02-11T12:13:38","modified_gmt":"2025-02-11T12:13:38","slug":"kanne-und-krug-auf-einem-holzbrett","status":"publish","type":"product","link":"https:\/\/emo-shop.com\/de\/izdelki\/kanne-und-krug-auf-einem-holzbrett\/","title":{"rendered":"Kanne und Krug auf einem Holzbrett"},"content":{"rendered":"<p data-start=\"59\" data-end=\"407\">Das elegante Kaffeeservice umfasst eine Kanne (8 cm, 0,37 l) und eine Kaffeekanne (10 cm, 0,7 l), die auf einem sorgf\u00e4ltig gefertigten Brett aus hochwertigem Walnussholz stehen. Das Brett ist <strong data-start=\"232\" data-end=\"306\">35 cm<\/strong> lang <strong data-start=\"232\" data-end=\"306\">(mit Griff) und 25 cm (ohne Griff), 16 cm breit und 2 cm dick<\/strong>. Um das Servieren zu erleichtern, sind zwei Magnete in das Brett eingebaut, die f\u00fcr die Stabilit\u00e4t der Kanne und der Tasse sorgen.<\/p>\n<p data-start=\"409\" data-end=\"557\">Dieses Set ist eine ausgezeichnete Wahl f\u00fcr <strong data-start=\"437\" data-end=\"494\">Restaurants, Caf\u00e9s in Bergh\u00fctten oder auf Bauernh\u00f6fen<\/strong>, wo Sie Kaffee mit einem Hauch von Tradition und Eleganz servieren m\u00f6chten.<\/p>\n<h3 data-start=\"559\" data-end=\"594\"><strong data-start=\"563\" data-end=\"592\">Warum Walnussholz w\u00e4hlen?<\/strong><\/h3>\n<ul data-start=\"595\" data-end=\"941\">\n<li data-start=\"595\" data-end=\"693\"><strong data-start=\"597\" data-end=\"618\">H\u00f6chste Qualit\u00e4t<\/strong> \u2013 Walnussholz ist bekannt f\u00fcr seine Festigkeit, Widerstandsf\u00e4higkeit und wundersch\u00f6ne Maserung.<\/li>\n<li data-start=\"694\" data-end=\"808\"><strong data-start=\"696\" data-end=\"722\">Lange Lebensdauer<\/strong> \u2013 Es handelt sich um ein strapazierf\u00e4higes Material, das seine Form und seinen \u00e4sthetischen Wert \u00fcber Jahre hinweg beibeh\u00e4lt.<\/li>\n<li data-start=\"809\" data-end=\"941\"><strong data-start=\"811\" data-end=\"830\">Nat\u00fcrlicher Schutz<\/strong> \u2013 Es verf\u00fcgt \u00fcber nat\u00fcrliche Eigenschaften, die es feuchtigkeits- und bakterienbest\u00e4ndig machen, was ideal f\u00fcr Servierbretter ist.<\/li>\n<\/ul>\n<h3 data-start=\"943\" data-end=\"990\"><strong data-start=\"947\" data-end=\"988\">Pflegehinweise f\u00fcr Holzbrettchen:<\/strong><\/h3>\n<ol data-start=\"991\" data-end=\"1464\">\n<li data-start=\"991\" data-end=\"1118\"><strong data-start=\"994\" data-end=\"1013\">Handw\u00e4sche<\/strong> \u2013 Waschen Sie das Brett immer von Hand mit warmem Wasser und einem milden Reinigungsmittel. Bitte waschen Sie es nicht in der Sp\u00fclmaschine.<\/li>\n<li data-start=\"1119\" data-end=\"1217\"><strong data-start=\"1122\" data-end=\"1143\">Sofortiges Trocknen<\/strong> \u2013 Wischen Sie das Brett nach dem Waschen ab und lassen Sie es an der Luft vollst\u00e4ndig trocknen.<\/li>\n<li data-start=\"1218\" data-end=\"1350\"><strong data-start=\"1221\" data-end=\"1240\">Gelegentliches \u00d6len<\/strong> \u2013 Um den Schutz und den Glanz zu erhalten, sollten Sie das Brett regelm\u00e4\u00dfig mit einem nat\u00fcrlichen \u00d6l (wie Lein- oder Mineral\u00f6l) einreiben.<\/li>\n<li data-start=\"1351\" data-end=\"1464\"><strong data-start=\"1354\" data-end=\"1398\">Vermeiden Sie l\u00e4ngeren Kontakt mit Wasser<\/strong> \u2013 L\u00e4ngerer Kontakt mit Feuchtigkeit kann zu Verformungen des Holzes f\u00fchren.<\/li>\n<\/ol>\n<h3 data-start=\"1466\" data-end=\"1497\"><strong data-start=\"1470\" data-end=\"1495\">Warum sollten Sie sich f\u00fcr dieses Set entscheiden?<\/strong><\/h3>\n<p data-start=\"1498\" data-end=\"1886\">\u2705 <strong data-start=\"1500\" data-end=\"1536\">Traditionelles, aber modernes Design<\/strong> \u2013 Es verbindet die \u00c4sthetik eines rustikalen Looks mit praktischen Details wie Magneten f\u00fcr mehr Stabilit\u00e4t.<br data-start=\"1630\" data-end=\"1633\" \/>\u2705 <strong data-start=\"1635\" data-end=\"1658\">Vielseitige Verwendung<\/strong> \u2013 Ideal f\u00fcr Caf\u00e9s, Bergh\u00fctten oder die heimische K\u00fcche.<br data-start=\"1712\" data-end=\"1715\" \/>\u2705 <strong data-start=\"1717\" data-end=\"1738\">Nat\u00fcrliche Materialien<\/strong> \u2013 Walnussholz sorgt f\u00fcr Langlebigkeit und Eleganz.<br data-start=\"1784\" data-end=\"1787\" \/>\u2705 <strong data-start=\"1789\" data-end=\"1814\">Funktionalit\u00e4t und Komfort<\/strong> \u2013 Die Kanne und die Kaffeekanne haben die richtige Gr\u00f6\u00dfe f\u00fcr die Zubereitung und das Servieren von Kaffee.<\/p>\n<p data-start=\"1888\" data-end=\"2107\" data-is-last-node=\"\">\u2615 <strong data-start=\"1890\" data-end=\"1942\">EMO CELJE \u2013 seit \u00fcber 100 Jahren der Tradition verpflichtet!<\/strong> \u2615<br data-start=\"1944\" data-end=\"1947\" \/>Mit langj\u00e4hrigem Engagement f\u00fcr Qualit\u00e4t und Tradition setzen wir die Geschichte der b\u00e4uerlichen Authentizit\u00e4t und Gastfreundschaft fort, in der bei einer Tasse guten Kaffees die sch\u00f6nsten Geschichten geschrieben werden.<\/p>\n","protected":false},"excerpt":{"rendered":"<p>Das elegante Kaffeeservice umfasst eine Kanne (8 cm, 0,37 l) und eine Kaffeekanne (10 cm, 0,7 l), die auf einem<\/p>\n","protected":false},"featured_media":35860,"comment_status":"open","ping_status":"closed","template":"","meta":[],"product_brand":[],"product_cat":[838,927],"product_tag":[1775,738,1779,1774,1776,739,741,740,1777],"class_list":{"0":"post-35859","1":"product","2":"type-product","3":"status-publish","4":"has-post-thumbnail","6":"product_cat-becher","7":"product_cat-topfsets","8":"product_tag-emaillierter-topf","9":"product_tag-emo-celje","10":"product_tag-geeignet-fur-induktionsherde","11":"product_tag-kaffeekanne","12":"product_tag-kuchenausstattung","13":"product_tag-kuchenhelfer","14":"product_tag-nachhaltiges-geschirr","15":"product_tag-retro-design","16":"product_tag-slovenian-quality","18":"first","19":"instock","20":"taxable","21":"shipping-taxable","22":"purchasable","23":"product-type-simple"},"yoast_head":"<!-- This site is optimized with the Yoast SEO plugin v27.4 - https:\/\/yoast.com\/product\/yoast-seo-wordpress\/ -->\n<title>Kanne und Krug auf einem Holzbrett - Spletna trgovina s slovensko posodo - EMO ETT<\/title>\n<meta name=\"robots\" content=\"index, follow, max-snippet:-1, max-image-preview:large, max-video-preview:-1\" \/>\n<link rel=\"canonical\" href=\"https:\/\/emo-shop.com\/de\/izdelki\/kanne-und-krug-auf-einem-holzbrett\/\" \/>\n<meta property=\"og:locale\" content=\"de_DE\" \/>\n<meta property=\"og:type\" content=\"article\" \/>\n<meta property=\"og:title\" content=\"Kanne und Krug auf einem Holzbrett - Spletna trgovina s slovensko posodo - EMO ETT\" \/>\n<meta property=\"og:description\" content=\"Das elegante Kaffeeservice umfasst eine Kanne (8 cm, 0,37 l) und eine Kaffeekanne (10 cm, 0,7 l), die auf einem\" \/>\n<meta property=\"og:url\" content=\"https:\/\/emo-shop.com\/de\/izdelki\/kanne-und-krug-auf-einem-holzbrett\/\" \/>\n<meta property=\"og:site_name\" content=\"Spletna trgovina s slovensko posodo - EMO ETT\" \/>\n<meta property=\"article:publisher\" content=\"https:\/\/www.facebook.com\/EMOSLOVENIA\" \/>\n<meta property=\"og:image\" content=\"https:\/\/emo-shop.com\/wp-content\/uploads\/2025\/02\/deska-komplet.jpg\" \/>\n\t<meta property=\"og:image:width\" content=\"1000\" \/>\n\t<meta property=\"og:image:height\" content=\"600\" \/>\n\t<meta property=\"og:image:type\" content=\"image\/jpeg\" \/>\n<meta name=\"twitter:card\" content=\"summary_large_image\" \/>\n<meta name=\"twitter:label1\" content=\"Gesch\u00e4tzte Lesezeit\" \/>\n\t<meta name=\"twitter:data1\" content=\"2\u00a0Minuten\" \/>\n<script type=\"application\/ld+json\" class=\"yoast-schema-graph\">{\"@context\":\"https:\\\/\\\/schema.org\",\"@graph\":[{\"@type\":\"WebPage\",\"@id\":\"https:\\\/\\\/emo-shop.com\\\/de\\\/izdelki\\\/kanne-und-krug-auf-einem-holzbrett\\\/\",\"url\":\"https:\\\/\\\/emo-shop.com\\\/de\\\/izdelki\\\/kanne-und-krug-auf-einem-holzbrett\\\/\",\"name\":\"Kanne und Krug auf einem Holzbrett - Spletna trgovina s slovensko posodo - EMO ETT\",\"isPartOf\":{\"@id\":\"https:\\\/\\\/emo-shop.com\\\/de\\\/#website\"},\"primaryImageOfPage\":{\"@id\":\"https:\\\/\\\/emo-shop.com\\\/de\\\/izdelki\\\/kanne-und-krug-auf-einem-holzbrett\\\/#primaryimage\"},\"image\":{\"@id\":\"https:\\\/\\\/emo-shop.com\\\/de\\\/izdelki\\\/kanne-und-krug-auf-einem-holzbrett\\\/#primaryimage\"},\"thumbnailUrl\":\"https:\\\/\\\/emo-shop.com\\\/wp-content\\\/uploads\\\/2025\\\/02\\\/deska-komplet.jpg\",\"datePublished\":\"2025-02-11T12:13:38+00:00\",\"breadcrumb\":{\"@id\":\"https:\\\/\\\/emo-shop.com\\\/de\\\/izdelki\\\/kanne-und-krug-auf-einem-holzbrett\\\/#breadcrumb\"},\"inLanguage\":\"de\",\"potentialAction\":[{\"@type\":\"ReadAction\",\"target\":[\"https:\\\/\\\/emo-shop.com\\\/de\\\/izdelki\\\/kanne-und-krug-auf-einem-holzbrett\\\/\"]}]},{\"@type\":\"ImageObject\",\"inLanguage\":\"de\",\"@id\":\"https:\\\/\\\/emo-shop.com\\\/de\\\/izdelki\\\/kanne-und-krug-auf-einem-holzbrett\\\/#primaryimage\",\"url\":\"https:\\\/\\\/emo-shop.com\\\/wp-content\\\/uploads\\\/2025\\\/02\\\/deska-komplet.jpg\",\"contentUrl\":\"https:\\\/\\\/emo-shop.com\\\/wp-content\\\/uploads\\\/2025\\\/02\\\/deska-komplet.jpg\",\"width\":1000,\"height\":600},{\"@type\":\"BreadcrumbList\",\"@id\":\"https:\\\/\\\/emo-shop.com\\\/de\\\/izdelki\\\/kanne-und-krug-auf-einem-holzbrett\\\/#breadcrumb\",\"itemListElement\":[{\"@type\":\"ListItem\",\"position\":1,\"name\":\"Home\",\"item\":\"https:\\\/\\\/emo-shop.com\\\/de\\\/\"},{\"@type\":\"ListItem\",\"position\":2,\"name\":\"Shop\",\"item\":\"https:\\\/\\\/emo-shop.com\\\/de\\\/shop\\\/\"},{\"@type\":\"ListItem\",\"position\":3,\"name\":\"Kanne und Krug auf einem Holzbrett\"}]},{\"@type\":\"WebSite\",\"@id\":\"https:\\\/\\\/emo-shop.com\\\/de\\\/#website\",\"url\":\"https:\\\/\\\/emo-shop.com\\\/de\\\/\",\"name\":\"Spletna trgovina s slovensko posodo - EMO ETT\",\"description\":\"Spletna trgovina\",\"publisher\":{\"@id\":\"https:\\\/\\\/emo-shop.com\\\/de\\\/#organization\"},\"potentialAction\":[{\"@type\":\"SearchAction\",\"target\":{\"@type\":\"EntryPoint\",\"urlTemplate\":\"https:\\\/\\\/emo-shop.com\\\/de\\\/?s={search_term_string}\"},\"query-input\":{\"@type\":\"PropertyValueSpecification\",\"valueRequired\":true,\"valueName\":\"search_term_string\"}}],\"inLanguage\":\"de\"},{\"@type\":\"Organization\",\"@id\":\"https:\\\/\\\/emo-shop.com\\\/de\\\/#organization\",\"name\":\"Spletna trgovina s slovensko posodo - EMO ETT\",\"url\":\"https:\\\/\\\/emo-shop.com\\\/de\\\/\",\"logo\":{\"@type\":\"ImageObject\",\"inLanguage\":\"de\",\"@id\":\"https:\\\/\\\/emo-shop.com\\\/de\\\/#\\\/schema\\\/logo\\\/image\\\/\",\"url\":\"https:\\\/\\\/emo-shop.com\\\/wp-content\\\/uploads\\\/2024\\\/07\\\/favicon.jpg\",\"contentUrl\":\"https:\\\/\\\/emo-shop.com\\\/wp-content\\\/uploads\\\/2024\\\/07\\\/favicon.jpg\",\"width\":512,\"height\":512,\"caption\":\"Spletna trgovina s slovensko posodo - EMO ETT\"},\"image\":{\"@id\":\"https:\\\/\\\/emo-shop.com\\\/de\\\/#\\\/schema\\\/logo\\\/image\\\/\"},\"sameAs\":[\"https:\\\/\\\/www.facebook.com\\\/EMOSLOVENIA\"]}]}<\/script>\n<!-- \/ Yoast SEO plugin. -->","yoast_head_json":{"title":"Kanne und Krug auf einem Holzbrett - Spletna trgovina s slovensko posodo - EMO ETT","robots":{"index":"index","follow":"follow","max-snippet":"max-snippet:-1","max-image-preview":"max-image-preview:large","max-video-preview":"max-video-preview:-1"},"canonical":"https:\/\/emo-shop.com\/de\/izdelki\/kanne-und-krug-auf-einem-holzbrett\/","og_locale":"de_DE","og_type":"article","og_title":"Kanne und Krug auf einem Holzbrett - Spletna trgovina s slovensko posodo - EMO ETT","og_description":"Das elegante Kaffeeservice umfasst eine Kanne (8 cm, 0,37 l) und eine Kaffeekanne (10 cm, 0,7 l), die auf einem","og_url":"https:\/\/emo-shop.com\/de\/izdelki\/kanne-und-krug-auf-einem-holzbrett\/","og_site_name":"Spletna trgovina s slovensko posodo - EMO ETT","article_publisher":"https:\/\/www.facebook.com\/EMOSLOVENIA","og_image":[{"width":1000,"height":600,"url":"https:\/\/emo-shop.com\/wp-content\/uploads\/2025\/02\/deska-komplet.jpg","type":"image\/jpeg"}],"twitter_card":"summary_large_image","twitter_misc":{"Gesch\u00e4tzte Lesezeit":"2\u00a0Minuten"},"schema":{"@context":"https:\/\/schema.org","@graph":[{"@type":"WebPage","@id":"https:\/\/emo-shop.com\/de\/izdelki\/kanne-und-krug-auf-einem-holzbrett\/","url":"https:\/\/emo-shop.com\/de\/izdelki\/kanne-und-krug-auf-einem-holzbrett\/","name":"Kanne und Krug auf einem Holzbrett - Spletna trgovina s slovensko posodo - EMO ETT","isPartOf":{"@id":"https:\/\/emo-shop.com\/de\/#website"},"primaryImageOfPage":{"@id":"https:\/\/emo-shop.com\/de\/izdelki\/kanne-und-krug-auf-einem-holzbrett\/#primaryimage"},"image":{"@id":"https:\/\/emo-shop.com\/de\/izdelki\/kanne-und-krug-auf-einem-holzbrett\/#primaryimage"},"thumbnailUrl":"https:\/\/emo-shop.com\/wp-content\/uploads\/2025\/02\/deska-komplet.jpg","datePublished":"2025-02-11T12:13:38+00:00","breadcrumb":{"@id":"https:\/\/emo-shop.com\/de\/izdelki\/kanne-und-krug-auf-einem-holzbrett\/#breadcrumb"},"inLanguage":"de","potentialAction":[{"@type":"ReadAction","target":["https:\/\/emo-shop.com\/de\/izdelki\/kanne-und-krug-auf-einem-holzbrett\/"]}]},{"@type":"ImageObject","inLanguage":"de","@id":"https:\/\/emo-shop.com\/de\/izdelki\/kanne-und-krug-auf-einem-holzbrett\/#primaryimage","url":"https:\/\/emo-shop.com\/wp-content\/uploads\/2025\/02\/deska-komplet.jpg","contentUrl":"https:\/\/emo-shop.com\/wp-content\/uploads\/2025\/02\/deska-komplet.jpg","width":1000,"height":600},{"@type":"BreadcrumbList","@id":"https:\/\/emo-shop.com\/de\/izdelki\/kanne-und-krug-auf-einem-holzbrett\/#breadcrumb","itemListElement":[{"@type":"ListItem","position":1,"name":"Home","item":"https:\/\/emo-shop.com\/de\/"},{"@type":"ListItem","position":2,"name":"Shop","item":"https:\/\/emo-shop.com\/de\/shop\/"},{"@type":"ListItem","position":3,"name":"Kanne und Krug auf einem Holzbrett"}]},{"@type":"WebSite","@id":"https:\/\/emo-shop.com\/de\/#website","url":"https:\/\/emo-shop.com\/de\/","name":"Spletna trgovina s slovensko posodo - EMO ETT","description":"Spletna trgovina","publisher":{"@id":"https:\/\/emo-shop.com\/de\/#organization"},"potentialAction":[{"@type":"SearchAction","target":{"@type":"EntryPoint","urlTemplate":"https:\/\/emo-shop.com\/de\/?s={search_term_string}"},"query-input":{"@type":"PropertyValueSpecification","valueRequired":true,"valueName":"search_term_string"}}],"inLanguage":"de"},{"@type":"Organization","@id":"https:\/\/emo-shop.com\/de\/#organization","name":"Spletna trgovina s slovensko posodo - EMO ETT","url":"https:\/\/emo-shop.com\/de\/","logo":{"@type":"ImageObject","inLanguage":"de","@id":"https:\/\/emo-shop.com\/de\/#\/schema\/logo\/image\/","url":"https:\/\/emo-shop.com\/wp-content\/uploads\/2024\/07\/favicon.jpg","contentUrl":"https:\/\/emo-shop.com\/wp-content\/uploads\/2024\/07\/favicon.jpg","width":512,"height":512,"caption":"Spletna trgovina s slovensko posodo - EMO ETT"},"image":{"@id":"https:\/\/emo-shop.com\/de\/#\/schema\/logo\/image\/"},"sameAs":["https:\/\/www.facebook.com\/EMOSLOVENIA"]}]}},"_links":{"self":[{"href":"https:\/\/emo-shop.com\/de\/wp-json\/wp\/v2\/product\/35859","targetHints":{"allow":["GET"]}}],"collection":[{"href":"https:\/\/emo-shop.com\/de\/wp-json\/wp\/v2\/product"}],"about":[{"href":"https:\/\/emo-shop.com\/de\/wp-json\/wp\/v2\/types\/product"}],"replies":[{"embeddable":true,"href":"https:\/\/emo-shop.com\/de\/wp-json\/wp\/v2\/comments?post=35859"}],"version-history":[{"count":0,"href":"https:\/\/emo-shop.com\/de\/wp-json\/wp\/v2\/product\/35859\/revisions"}],"wp:featuredmedia":[{"embeddable":true,"href":"https:\/\/emo-shop.com\/de\/wp-json\/wp\/v2\/media\/35860"}],"wp:attachment":[{"href":"https:\/\/emo-shop.com\/de\/wp-json\/wp\/v2\/media?parent=35859"}],"wp:term":[{"taxonomy":"product_brand","embeddable":true,"href":"https:\/\/emo-shop.com\/de\/wp-json\/wp\/v2\/product_brand?post=35859"},{"taxonomy":"product_cat","embeddable":true,"href":"https:\/\/emo-shop.com\/de\/wp-json\/wp\/v2\/product_cat?post=35859"},{"taxonomy":"product_tag","embeddable":true,"href":"https:\/\/emo-shop.com\/de\/wp-json\/wp\/v2\/product_tag?post=35859"}],"curies":[{"name":"wp","href":"https:\/\/api.w.org\/{rel}","templated":true}]}}