{"id":35847,"date":"2025-03-12T16:13:53","date_gmt":"2025-03-12T16:13:53","guid":{"rendered":"https:\/\/emo-shop.com\/izdelki\/backform-mit-deckel-30-x-20-cm-familie\/"},"modified":"2025-03-12T16:13:53","modified_gmt":"2025-03-12T16:13:53","slug":"backform-mit-deckel-30-x-20-cm-familie","status":"publish","type":"product","link":"https:\/\/emo-shop.com\/de\/izdelki\/backform-mit-deckel-30-x-20-cm-familie\/","title":{"rendered":"Backform mit Deckel 30 x 20 cm \u201eFAMILIE\u201c"},"content":{"rendered":"<p>Sind Sie auf der Suche nach einem Backblech, mit dem Sie eine perfekt gebr\u00e4unte Kruste auf Fleisch, knuspriges Brot, k\u00f6stlichen Kuchen oder perfekt gebackene Pasta zubereiten k\u00f6nnen?<br \/>\nDann sind Sie hier genau richtig. Unser Angebot an emaillierten Backblechen wird auch die anspruchsvollsten K\u00f6che zufriedenstellen. Unsere Backformen werden seit Jahrzehnten nach einer traditionellen Methode hergestellt und sind in vielen Haushalten beliebt.<br \/>\nAlle unsere emaillierten Backformen sind aus hochwertigem Stahl gefertigt und mit einer Schicht aus besonders widerstandsf\u00e4higem Emaille \u00fcberzogen.<br \/>\nDas Geschirr ist sehr kratzfest und hitzebest\u00e4ndig.<br \/>\nDie ergonomisch geformten Griffe gew\u00e4hrleisten einen sicheren Halt, auch beim Umgang mit hei\u00dfen Backformen. Ganz gleich, ob Sie einen zarten Kuchen, saftiges H\u00e4hnchenfleisch oder k\u00f6stliches gratiniertes Gem\u00fcse zubereiten, unsere Backformen sorgen stets f\u00fcr ein perfektes Ergebnis, das Sie begeistern wird.<\/p>\n<p>W\u00e4hlen Sie die richtige Backform f\u00fcr sich aus und bereiten Sie die k\u00f6stlichsten und ges\u00fcndesten Gerichte zu.<br \/>\n\u2022 Sie garantieren 100 % gesundheitlich unbedenkliches Backen.<br \/>\n\u2022 Sie erm\u00f6glichen eine gleichm\u00e4\u00dfige W\u00e4rmeverteilung und einen perfekten Geschmack der Speisen.<br \/>\n\u2022 Eine optimale W\u00e4rmeverteilung bedeutet energiesparendes Kochen.<br \/>\n\u2022 Sie sind hitzebest\u00e4ndig.<br \/>\n\u2022 Sie eignen sich ideal f\u00fcr die Zubereitung von Fleisch, Gefl\u00fcgel, Fisch, Gem\u00fcse, Brot und Desserts.<br \/>\n\u2022 Bei korrekter Verwendung haften die Speisen nicht an und verbrennen nicht<br \/>\n\u2022 Sie sind f\u00fcr alle Ofentypen geeignet<br \/>\n\u2022 Sie sind leicht zu reinigen und haben eine au\u00dfergew\u00f6hnlich lange Lebensdauer<br \/>\n\u2022 Bei der Zubereitung von Speisen setzen sie keine chemischen Stoffe frei<br \/>\n\u2022 Die glatte Oberfl\u00e4che des Emails begrenzt die Vermehrung von Bakterien<\/p>\n<p>ABMESSUNGEN<br \/>\nH\u00f6he: 13 cm<br \/>\nAbmessung mit Griffen: 37 cm<br \/>\nVolumen: 3,5 l<br \/>\nDurchmesser des Topfes: 30 cm<br \/>\nDurchmesser mit Rand: 32,5 cm<br \/>\nDurchmesser des Bodens: 20 cm<br \/>\nDicke des Blechs: 0,8 mm<br \/>\nGewicht: 1,5 kg<\/p>\n","protected":false},"excerpt":{"rendered":"<p>Sind Sie auf der Suche nach einem Backofen, in dem Sie eine perfekt gebr\u00e4unte Kruste auf Fleisch, knuspriges Brot, einen k\u00f6stlichen Kuchen oder perfekt gebackene Nudeln zubereiten k\u00f6nnen?<\/p>\n","protected":false},"featured_media":35848,"comment_status":"open","ping_status":"closed","template":"","meta":[],"product_brand":[],"product_cat":[737,768],"product_tag":[1794,1800,1807,1795,742,738,769,1799,1797,1798,1796,868,1370],"class_list":{"0":"post-35847","1":"product","2":"type-product","3":"status-publish","4":"has-post-thumbnail","6":"product_cat-backformen","7":"product_cat-fur-sie-ausgewahlt","8":"product_tag-backform-mit-deckel","9":"product_tag-backofenbehalter","10":"product_tag-deckel-zur-erhaltung-des-geschmacks","11":"product_tag-emaillierte-backform-mit-aufschrift","12":"product_tag-emailliertes-backblech","13":"product_tag-emo-celje","14":"product_tag-geeignet-fur-allergiker-2","15":"product_tag-geschenk-fur-den-koch","16":"product_tag-gesundes-geschirr","17":"product_tag-ohne-chemikalien","18":"product_tag-slowenisches-geschirr","19":"product_tag-slowenisches-produkt","20":"product_tag-traditionelle-kuche","22":"first","23":"instock","24":"taxable","25":"shipping-taxable","26":"purchasable","27":"product-type-simple"},"yoast_head":"<!-- This site is optimized with the Yoast SEO plugin v27.4 - https:\/\/yoast.com\/product\/yoast-seo-wordpress\/ -->\n<title>Backform mit Deckel 30 x 20 cm \u201eFAMILIE\u201c - Spletna trgovina s slovensko posodo - EMO ETT<\/title>\n<meta name=\"robots\" content=\"index, follow, max-snippet:-1, max-image-preview:large, max-video-preview:-1\" \/>\n<link rel=\"canonical\" href=\"https:\/\/emo-shop.com\/de\/izdelki\/backform-mit-deckel-30-x-20-cm-familie\/\" \/>\n<meta property=\"og:locale\" content=\"de_DE\" \/>\n<meta property=\"og:type\" content=\"article\" \/>\n<meta property=\"og:title\" content=\"Backform mit Deckel 30 x 20 cm \u201eFAMILIE\u201c - Spletna trgovina s slovensko posodo - EMO ETT\" \/>\n<meta property=\"og:description\" content=\"Sind Sie auf der Suche nach einem Backofen, in dem Sie eine perfekt gebr\u00e4unte Kruste auf Fleisch, knuspriges Brot, einen k\u00f6stlichen Kuchen oder perfekt gebackene Nudeln zubereiten k\u00f6nnen?\" \/>\n<meta property=\"og:url\" content=\"https:\/\/emo-shop.com\/de\/izdelki\/backform-mit-deckel-30-x-20-cm-familie\/\" \/>\n<meta property=\"og:site_name\" content=\"Spletna trgovina s slovensko posodo - EMO ETT\" \/>\n<meta property=\"article:publisher\" content=\"https:\/\/www.facebook.com\/EMOSLOVENIA\" \/>\n<meta property=\"og:image\" content=\"https:\/\/emo-shop.com\/wp-content\/uploads\/2025\/03\/p-slastni2.jpg\" \/>\n\t<meta property=\"og:image:width\" content=\"1000\" \/>\n\t<meta property=\"og:image:height\" content=\"879\" \/>\n\t<meta property=\"og:image:type\" content=\"image\/jpeg\" \/>\n<meta name=\"twitter:card\" content=\"summary_large_image\" \/>\n<meta name=\"twitter:label1\" content=\"Gesch\u00e4tzte Lesezeit\" \/>\n\t<meta name=\"twitter:data1\" content=\"1\u00a0Minute\" \/>\n<script type=\"application\/ld+json\" class=\"yoast-schema-graph\">{\"@context\":\"https:\\\/\\\/schema.org\",\"@graph\":[{\"@type\":\"WebPage\",\"@id\":\"https:\\\/\\\/emo-shop.com\\\/de\\\/izdelki\\\/backform-mit-deckel-30-x-20-cm-familie\\\/\",\"url\":\"https:\\\/\\\/emo-shop.com\\\/de\\\/izdelki\\\/backform-mit-deckel-30-x-20-cm-familie\\\/\",\"name\":\"Backform mit Deckel 30 x 20 cm \u201eFAMILIE\u201c - Spletna trgovina s slovensko posodo - EMO ETT\",\"isPartOf\":{\"@id\":\"https:\\\/\\\/emo-shop.com\\\/de\\\/#website\"},\"primaryImageOfPage\":{\"@id\":\"https:\\\/\\\/emo-shop.com\\\/de\\\/izdelki\\\/backform-mit-deckel-30-x-20-cm-familie\\\/#primaryimage\"},\"image\":{\"@id\":\"https:\\\/\\\/emo-shop.com\\\/de\\\/izdelki\\\/backform-mit-deckel-30-x-20-cm-familie\\\/#primaryimage\"},\"thumbnailUrl\":\"https:\\\/\\\/emo-shop.com\\\/wp-content\\\/uploads\\\/2025\\\/03\\\/p-slastni2.jpg\",\"datePublished\":\"2025-03-12T16:13:53+00:00\",\"breadcrumb\":{\"@id\":\"https:\\\/\\\/emo-shop.com\\\/de\\\/izdelki\\\/backform-mit-deckel-30-x-20-cm-familie\\\/#breadcrumb\"},\"inLanguage\":\"de\",\"potentialAction\":[{\"@type\":\"ReadAction\",\"target\":[\"https:\\\/\\\/emo-shop.com\\\/de\\\/izdelki\\\/backform-mit-deckel-30-x-20-cm-familie\\\/\"]}]},{\"@type\":\"ImageObject\",\"inLanguage\":\"de\",\"@id\":\"https:\\\/\\\/emo-shop.com\\\/de\\\/izdelki\\\/backform-mit-deckel-30-x-20-cm-familie\\\/#primaryimage\",\"url\":\"https:\\\/\\\/emo-shop.com\\\/wp-content\\\/uploads\\\/2025\\\/03\\\/p-slastni2.jpg\",\"contentUrl\":\"https:\\\/\\\/emo-shop.com\\\/wp-content\\\/uploads\\\/2025\\\/03\\\/p-slastni2.jpg\",\"width\":1000,\"height\":879},{\"@type\":\"BreadcrumbList\",\"@id\":\"https:\\\/\\\/emo-shop.com\\\/de\\\/izdelki\\\/backform-mit-deckel-30-x-20-cm-familie\\\/#breadcrumb\",\"itemListElement\":[{\"@type\":\"ListItem\",\"position\":1,\"name\":\"Home\",\"item\":\"https:\\\/\\\/emo-shop.com\\\/de\\\/\"},{\"@type\":\"ListItem\",\"position\":2,\"name\":\"Shop\",\"item\":\"https:\\\/\\\/emo-shop.com\\\/de\\\/shop\\\/\"},{\"@type\":\"ListItem\",\"position\":3,\"name\":\"Backform mit Deckel 30 x 20 cm \u201eFAMILIE\u201c\"}]},{\"@type\":\"WebSite\",\"@id\":\"https:\\\/\\\/emo-shop.com\\\/de\\\/#website\",\"url\":\"https:\\\/\\\/emo-shop.com\\\/de\\\/\",\"name\":\"Spletna trgovina s slovensko posodo - EMO ETT\",\"description\":\"Spletna trgovina\",\"publisher\":{\"@id\":\"https:\\\/\\\/emo-shop.com\\\/de\\\/#organization\"},\"potentialAction\":[{\"@type\":\"SearchAction\",\"target\":{\"@type\":\"EntryPoint\",\"urlTemplate\":\"https:\\\/\\\/emo-shop.com\\\/de\\\/?s={search_term_string}\"},\"query-input\":{\"@type\":\"PropertyValueSpecification\",\"valueRequired\":true,\"valueName\":\"search_term_string\"}}],\"inLanguage\":\"de\"},{\"@type\":\"Organization\",\"@id\":\"https:\\\/\\\/emo-shop.com\\\/de\\\/#organization\",\"name\":\"Spletna trgovina s slovensko posodo - EMO ETT\",\"url\":\"https:\\\/\\\/emo-shop.com\\\/de\\\/\",\"logo\":{\"@type\":\"ImageObject\",\"inLanguage\":\"de\",\"@id\":\"https:\\\/\\\/emo-shop.com\\\/de\\\/#\\\/schema\\\/logo\\\/image\\\/\",\"url\":\"https:\\\/\\\/emo-shop.com\\\/wp-content\\\/uploads\\\/2024\\\/07\\\/favicon.jpg\",\"contentUrl\":\"https:\\\/\\\/emo-shop.com\\\/wp-content\\\/uploads\\\/2024\\\/07\\\/favicon.jpg\",\"width\":512,\"height\":512,\"caption\":\"Spletna trgovina s slovensko posodo - EMO ETT\"},\"image\":{\"@id\":\"https:\\\/\\\/emo-shop.com\\\/de\\\/#\\\/schema\\\/logo\\\/image\\\/\"},\"sameAs\":[\"https:\\\/\\\/www.facebook.com\\\/EMOSLOVENIA\"]}]}<\/script>\n<!-- \/ Yoast SEO plugin. -->","yoast_head_json":{"title":"Backform mit Deckel 30 x 20 cm \u201eFAMILIE\u201c - Spletna trgovina s slovensko posodo - EMO ETT","robots":{"index":"index","follow":"follow","max-snippet":"max-snippet:-1","max-image-preview":"max-image-preview:large","max-video-preview":"max-video-preview:-1"},"canonical":"https:\/\/emo-shop.com\/de\/izdelki\/backform-mit-deckel-30-x-20-cm-familie\/","og_locale":"de_DE","og_type":"article","og_title":"Backform mit Deckel 30 x 20 cm \u201eFAMILIE\u201c - Spletna trgovina s slovensko posodo - EMO ETT","og_description":"Sind Sie auf der Suche nach einem Backofen, in dem Sie eine perfekt gebr\u00e4unte Kruste auf Fleisch, knuspriges Brot, einen k\u00f6stlichen Kuchen oder perfekt gebackene Nudeln zubereiten k\u00f6nnen?","og_url":"https:\/\/emo-shop.com\/de\/izdelki\/backform-mit-deckel-30-x-20-cm-familie\/","og_site_name":"Spletna trgovina s slovensko posodo - EMO ETT","article_publisher":"https:\/\/www.facebook.com\/EMOSLOVENIA","og_image":[{"width":1000,"height":879,"url":"https:\/\/emo-shop.com\/wp-content\/uploads\/2025\/03\/p-slastni2.jpg","type":"image\/jpeg"}],"twitter_card":"summary_large_image","twitter_misc":{"Gesch\u00e4tzte Lesezeit":"1\u00a0Minute"},"schema":{"@context":"https:\/\/schema.org","@graph":[{"@type":"WebPage","@id":"https:\/\/emo-shop.com\/de\/izdelki\/backform-mit-deckel-30-x-20-cm-familie\/","url":"https:\/\/emo-shop.com\/de\/izdelki\/backform-mit-deckel-30-x-20-cm-familie\/","name":"Backform mit Deckel 30 x 20 cm \u201eFAMILIE\u201c - Spletna trgovina s slovensko posodo - EMO ETT","isPartOf":{"@id":"https:\/\/emo-shop.com\/de\/#website"},"primaryImageOfPage":{"@id":"https:\/\/emo-shop.com\/de\/izdelki\/backform-mit-deckel-30-x-20-cm-familie\/#primaryimage"},"image":{"@id":"https:\/\/emo-shop.com\/de\/izdelki\/backform-mit-deckel-30-x-20-cm-familie\/#primaryimage"},"thumbnailUrl":"https:\/\/emo-shop.com\/wp-content\/uploads\/2025\/03\/p-slastni2.jpg","datePublished":"2025-03-12T16:13:53+00:00","breadcrumb":{"@id":"https:\/\/emo-shop.com\/de\/izdelki\/backform-mit-deckel-30-x-20-cm-familie\/#breadcrumb"},"inLanguage":"de","potentialAction":[{"@type":"ReadAction","target":["https:\/\/emo-shop.com\/de\/izdelki\/backform-mit-deckel-30-x-20-cm-familie\/"]}]},{"@type":"ImageObject","inLanguage":"de","@id":"https:\/\/emo-shop.com\/de\/izdelki\/backform-mit-deckel-30-x-20-cm-familie\/#primaryimage","url":"https:\/\/emo-shop.com\/wp-content\/uploads\/2025\/03\/p-slastni2.jpg","contentUrl":"https:\/\/emo-shop.com\/wp-content\/uploads\/2025\/03\/p-slastni2.jpg","width":1000,"height":879},{"@type":"BreadcrumbList","@id":"https:\/\/emo-shop.com\/de\/izdelki\/backform-mit-deckel-30-x-20-cm-familie\/#breadcrumb","itemListElement":[{"@type":"ListItem","position":1,"name":"Home","item":"https:\/\/emo-shop.com\/de\/"},{"@type":"ListItem","position":2,"name":"Shop","item":"https:\/\/emo-shop.com\/de\/shop\/"},{"@type":"ListItem","position":3,"name":"Backform mit Deckel 30 x 20 cm \u201eFAMILIE\u201c"}]},{"@type":"WebSite","@id":"https:\/\/emo-shop.com\/de\/#website","url":"https:\/\/emo-shop.com\/de\/","name":"Spletna trgovina s slovensko posodo - EMO ETT","description":"Spletna trgovina","publisher":{"@id":"https:\/\/emo-shop.com\/de\/#organization"},"potentialAction":[{"@type":"SearchAction","target":{"@type":"EntryPoint","urlTemplate":"https:\/\/emo-shop.com\/de\/?s={search_term_string}"},"query-input":{"@type":"PropertyValueSpecification","valueRequired":true,"valueName":"search_term_string"}}],"inLanguage":"de"},{"@type":"Organization","@id":"https:\/\/emo-shop.com\/de\/#organization","name":"Spletna trgovina s slovensko posodo - EMO ETT","url":"https:\/\/emo-shop.com\/de\/","logo":{"@type":"ImageObject","inLanguage":"de","@id":"https:\/\/emo-shop.com\/de\/#\/schema\/logo\/image\/","url":"https:\/\/emo-shop.com\/wp-content\/uploads\/2024\/07\/favicon.jpg","contentUrl":"https:\/\/emo-shop.com\/wp-content\/uploads\/2024\/07\/favicon.jpg","width":512,"height":512,"caption":"Spletna trgovina s slovensko posodo - EMO ETT"},"image":{"@id":"https:\/\/emo-shop.com\/de\/#\/schema\/logo\/image\/"},"sameAs":["https:\/\/www.facebook.com\/EMOSLOVENIA"]}]}},"_links":{"self":[{"href":"https:\/\/emo-shop.com\/de\/wp-json\/wp\/v2\/product\/35847","targetHints":{"allow":["GET"]}}],"collection":[{"href":"https:\/\/emo-shop.com\/de\/wp-json\/wp\/v2\/product"}],"about":[{"href":"https:\/\/emo-shop.com\/de\/wp-json\/wp\/v2\/types\/product"}],"replies":[{"embeddable":true,"href":"https:\/\/emo-shop.com\/de\/wp-json\/wp\/v2\/comments?post=35847"}],"version-history":[{"count":0,"href":"https:\/\/emo-shop.com\/de\/wp-json\/wp\/v2\/product\/35847\/revisions"}],"wp:featuredmedia":[{"embeddable":true,"href":"https:\/\/emo-shop.com\/de\/wp-json\/wp\/v2\/media\/35848"}],"wp:attachment":[{"href":"https:\/\/emo-shop.com\/de\/wp-json\/wp\/v2\/media?parent=35847"}],"wp:term":[{"taxonomy":"product_brand","embeddable":true,"href":"https:\/\/emo-shop.com\/de\/wp-json\/wp\/v2\/product_brand?post=35847"},{"taxonomy":"product_cat","embeddable":true,"href":"https:\/\/emo-shop.com\/de\/wp-json\/wp\/v2\/product_cat?post=35847"},{"taxonomy":"product_tag","embeddable":true,"href":"https:\/\/emo-shop.com\/de\/wp-json\/wp\/v2\/product_tag?post=35847"}],"curies":[{"name":"wp","href":"https:\/\/api.w.org\/{rel}","templated":true}]}}