{"id":35790,"date":"2025-05-28T09:38:10","date_gmt":"2025-05-28T09:38:10","guid":{"rendered":"https:\/\/emo-shop.com\/izdelki\/set-fuer-den-grossvater-kaffeekanne-kaffeetasse\/"},"modified":"2025-05-28T09:38:10","modified_gmt":"2025-05-28T09:38:10","slug":"set-fuer-den-grossvater-kaffeekanne-kaffeetasse","status":"publish","type":"product","link":"https:\/\/emo-shop.com\/de\/izdelki\/set-fuer-den-grossvater-kaffeekanne-kaffeetasse\/","title":{"rendered":"Set f\u00fcr den Gro\u00dfvater: Kaffeekanne + Kaffeetasse"},"content":{"rendered":"<h3 data-start=\"155\" data-end=\"227\"><strong data-start=\"159\" data-end=\"227\">Ein herzliches Set f\u00fcr den Gro\u00dfvater \u2013 ein Moment f\u00fcr sich selbst bei einer Tasse Kaffee<\/strong><\/h3>\n<p data-start=\"229\" data-end=\"502\">Bereiten Sie Ihrem Gro\u00dfvater eine Freude mit diesem sorgf\u00e4ltig ausgew\u00e4hlten Set, das seinen Alltag versch\u00f6nern wird. Das Set umfasst eine klassische Tasse (8,0 x 7,0 cm, 0,14 kg) und eine praktische Kaffeekanne (6,0 x 9,0 cm, 0,17 kg, 0,4 l), die sich perfekt f\u00fcr die Zubereitung eines kr\u00e4ftigen Morgenkaffees oder Nachmittagstees eignet.<\/p>\n<p data-start=\"504\" data-end=\"714\">Das schlichte Design mit einem Hauch von Nostalgie sorgt f\u00fcr Komfort und Funktionalit\u00e4t \u2013 genau das, was Ihr Gro\u00dfvater sch\u00e4tzt. M\u00f6ge jeder Schluck von einem Gef\u00fchl der Gem\u00fctlichkeit, W\u00e4rme und einer angenehmen Erinnerung an die guten alten Zeiten begleitet sein.<\/p>\n<p data-start=\"716\" data-end=\"811\"><strong data-start=\"716\" data-end=\"808\">Schenken Sie Ihrem Gro\u00dfvater Momente der Ruhe und des Genusses \u2013 denn er hat sich seine eigene kleine Oase zum Genie\u00dfen verdient.<\/strong> \ud83c\udf42<\/p>\n<hr data-start=\"813\" data-end=\"816\" \/>\n<h3 data-start=\"818\" data-end=\"881\"><strong data-start=\"822\" data-end=\"881\">Wussten Sie schon? EMO GESCHIRR F\u00dcR ZUHAUSE UND DIE GASTRONOMIE bietet:<\/strong><\/h3>\n<p data-start=\"883\" data-end=\"1326\">\u2705 <strong data-start=\"885\" data-end=\"913\">Gesundes Emaille-Geschirr<\/strong> \u2013 ideal f\u00fcr die Zubereitung Ihrer Lieblingsgetr\u00e4nke und -gerichte.<br data-start=\"970\" data-end=\"973\" \/>\u2705 <strong data-start=\"975\" data-end=\"1004\">F\u00fcr alle Herdarten geeignet<\/strong> \u2013 einschlie\u00dflich Induktion.<br data-start=\"1028\" data-end=\"1031\" \/>\u2705 <strong data-start=\"1033\" data-end=\"1055\">Allergikerfreundlich<\/strong> \u2013 nickelfrei, auch f\u00fcr empfindliche Nutzer sicher.<br data-start=\"1107\" data-end=\"1110\" \/>\u2705 <strong data-start=\"1112\" data-end=\"1135\">Vollkommen hygienisch<\/strong> \u2013 leicht zu reinigen und zu pflegen.<br data-start=\"1175\" data-end=\"1178\" \/>\u2705 <strong data-start=\"1180\" data-end=\"1208\">Ohne sch\u00e4dliche Beschichtungen<\/strong> \u2013 f\u00fcr den sicheren t\u00e4glichen Gebrauch.<br data-start=\"1240\" data-end=\"1243\" \/>\u2705 <strong data-start=\"1245\" data-end=\"1266\">Stolzes slowenisches Produkt<\/strong> \u2013 hochwertige Herstellung durch das slowenische Unternehmen EMO Celje.<\/p>\n<p data-start=\"1328\" data-end=\"1378\"><strong data-start=\"1328\" data-end=\"1378\">EMO POSODA \u2013 f\u00fcr jedes Zuhause, f\u00fcr jede Generation.<\/strong><\/p>\n","protected":false},"excerpt":{"rendered":"<p data-pm-slice=\"1 1 []\">Das perfekte Geschenk f\u00fcr die beste Gro\u00dfmutter.<\/p>\n","protected":false},"featured_media":35791,"comment_status":"open","ping_status":"closed","template":"","meta":[],"product_brand":[],"product_cat":[838,912,867,927],"product_tag":[1775,738,1779,1774,1776,739,741,740,1777],"class_list":{"0":"post-35790","1":"product","2":"type-product","3":"status-publish","4":"has-post-thumbnail","6":"product_cat-becher","7":"product_cat-emaille-kaffeekanne-mit-motiv","8":"product_cat-kaffeekanne","9":"product_cat-topfsets","10":"product_tag-emaillierter-topf","11":"product_tag-emo-celje","12":"product_tag-geeignet-fur-induktionsherde","13":"product_tag-kaffeekanne","14":"product_tag-kuchenausstattung","15":"product_tag-kuchenhelfer","16":"product_tag-nachhaltiges-geschirr","17":"product_tag-retro-design","18":"product_tag-slovenian-quality","20":"first","21":"instock","22":"taxable","23":"shipping-taxable","24":"purchasable","25":"product-type-simple"},"yoast_head":"<!-- This site is optimized with the Yoast SEO plugin v27.4 - https:\/\/yoast.com\/product\/yoast-seo-wordpress\/ -->\n<title>Set f\u00fcr den Gro\u00dfvater: Kaffeekanne + Kaffeetasse - Spletna trgovina s slovensko posodo - EMO ETT<\/title>\n<meta name=\"robots\" content=\"index, follow, max-snippet:-1, max-image-preview:large, max-video-preview:-1\" \/>\n<link rel=\"canonical\" href=\"https:\/\/emo-shop.com\/de\/izdelki\/set-fuer-den-grossvater-kaffeekanne-kaffeetasse\/\" \/>\n<meta property=\"og:locale\" content=\"de_DE\" \/>\n<meta property=\"og:type\" content=\"article\" \/>\n<meta property=\"og:title\" content=\"Set f\u00fcr den Gro\u00dfvater: Kaffeekanne + Kaffeetasse - Spletna trgovina s slovensko posodo - EMO ETT\" \/>\n<meta property=\"og:description\" content=\"Das perfekte Geschenk f\u00fcr die beste Gro\u00dfmutter.\" \/>\n<meta property=\"og:url\" content=\"https:\/\/emo-shop.com\/de\/izdelki\/set-fuer-den-grossvater-kaffeekanne-kaffeetasse\/\" \/>\n<meta property=\"og:site_name\" content=\"Spletna trgovina s slovensko posodo - EMO ETT\" \/>\n<meta property=\"article:publisher\" content=\"https:\/\/www.facebook.com\/EMOSLOVENIA\" \/>\n<meta property=\"og:image\" content=\"https:\/\/emo-shop.com\/wp-content\/uploads\/2025\/05\/bez-komplet-dedi.jpg\" \/>\n\t<meta property=\"og:image:width\" content=\"1000\" \/>\n\t<meta property=\"og:image:height\" content=\"605\" \/>\n\t<meta property=\"og:image:type\" content=\"image\/jpeg\" \/>\n<meta name=\"twitter:card\" content=\"summary_large_image\" \/>\n<meta name=\"twitter:label1\" content=\"Gesch\u00e4tzte Lesezeit\" \/>\n\t<meta name=\"twitter:data1\" content=\"1\u00a0Minute\" \/>\n<script type=\"application\/ld+json\" class=\"yoast-schema-graph\">{\"@context\":\"https:\\\/\\\/schema.org\",\"@graph\":[{\"@type\":\"WebPage\",\"@id\":\"https:\\\/\\\/emo-shop.com\\\/de\\\/izdelki\\\/set-fuer-den-grossvater-kaffeekanne-kaffeetasse\\\/\",\"url\":\"https:\\\/\\\/emo-shop.com\\\/de\\\/izdelki\\\/set-fuer-den-grossvater-kaffeekanne-kaffeetasse\\\/\",\"name\":\"Set f\u00fcr den Gro\u00dfvater: Kaffeekanne + Kaffeetasse - Spletna trgovina s slovensko posodo - EMO ETT\",\"isPartOf\":{\"@id\":\"https:\\\/\\\/emo-shop.com\\\/de\\\/#website\"},\"primaryImageOfPage\":{\"@id\":\"https:\\\/\\\/emo-shop.com\\\/de\\\/izdelki\\\/set-fuer-den-grossvater-kaffeekanne-kaffeetasse\\\/#primaryimage\"},\"image\":{\"@id\":\"https:\\\/\\\/emo-shop.com\\\/de\\\/izdelki\\\/set-fuer-den-grossvater-kaffeekanne-kaffeetasse\\\/#primaryimage\"},\"thumbnailUrl\":\"https:\\\/\\\/emo-shop.com\\\/wp-content\\\/uploads\\\/2025\\\/05\\\/bez-komplet-dedi.jpg\",\"datePublished\":\"2025-05-28T09:38:10+00:00\",\"breadcrumb\":{\"@id\":\"https:\\\/\\\/emo-shop.com\\\/de\\\/izdelki\\\/set-fuer-den-grossvater-kaffeekanne-kaffeetasse\\\/#breadcrumb\"},\"inLanguage\":\"de\",\"potentialAction\":[{\"@type\":\"ReadAction\",\"target\":[\"https:\\\/\\\/emo-shop.com\\\/de\\\/izdelki\\\/set-fuer-den-grossvater-kaffeekanne-kaffeetasse\\\/\"]}]},{\"@type\":\"ImageObject\",\"inLanguage\":\"de\",\"@id\":\"https:\\\/\\\/emo-shop.com\\\/de\\\/izdelki\\\/set-fuer-den-grossvater-kaffeekanne-kaffeetasse\\\/#primaryimage\",\"url\":\"https:\\\/\\\/emo-shop.com\\\/wp-content\\\/uploads\\\/2025\\\/05\\\/bez-komplet-dedi.jpg\",\"contentUrl\":\"https:\\\/\\\/emo-shop.com\\\/wp-content\\\/uploads\\\/2025\\\/05\\\/bez-komplet-dedi.jpg\",\"width\":1000,\"height\":605},{\"@type\":\"BreadcrumbList\",\"@id\":\"https:\\\/\\\/emo-shop.com\\\/de\\\/izdelki\\\/set-fuer-den-grossvater-kaffeekanne-kaffeetasse\\\/#breadcrumb\",\"itemListElement\":[{\"@type\":\"ListItem\",\"position\":1,\"name\":\"Home\",\"item\":\"https:\\\/\\\/emo-shop.com\\\/de\\\/\"},{\"@type\":\"ListItem\",\"position\":2,\"name\":\"Shop\",\"item\":\"https:\\\/\\\/emo-shop.com\\\/de\\\/shop\\\/\"},{\"@type\":\"ListItem\",\"position\":3,\"name\":\"Set f\u00fcr den Gro\u00dfvater: Kaffeekanne + Kaffeetasse\"}]},{\"@type\":\"WebSite\",\"@id\":\"https:\\\/\\\/emo-shop.com\\\/de\\\/#website\",\"url\":\"https:\\\/\\\/emo-shop.com\\\/de\\\/\",\"name\":\"Spletna trgovina s slovensko posodo - EMO ETT\",\"description\":\"Spletna trgovina\",\"publisher\":{\"@id\":\"https:\\\/\\\/emo-shop.com\\\/de\\\/#organization\"},\"potentialAction\":[{\"@type\":\"SearchAction\",\"target\":{\"@type\":\"EntryPoint\",\"urlTemplate\":\"https:\\\/\\\/emo-shop.com\\\/de\\\/?s={search_term_string}\"},\"query-input\":{\"@type\":\"PropertyValueSpecification\",\"valueRequired\":true,\"valueName\":\"search_term_string\"}}],\"inLanguage\":\"de\"},{\"@type\":\"Organization\",\"@id\":\"https:\\\/\\\/emo-shop.com\\\/de\\\/#organization\",\"name\":\"Spletna trgovina s slovensko posodo - EMO ETT\",\"url\":\"https:\\\/\\\/emo-shop.com\\\/de\\\/\",\"logo\":{\"@type\":\"ImageObject\",\"inLanguage\":\"de\",\"@id\":\"https:\\\/\\\/emo-shop.com\\\/de\\\/#\\\/schema\\\/logo\\\/image\\\/\",\"url\":\"https:\\\/\\\/emo-shop.com\\\/wp-content\\\/uploads\\\/2024\\\/07\\\/favicon.jpg\",\"contentUrl\":\"https:\\\/\\\/emo-shop.com\\\/wp-content\\\/uploads\\\/2024\\\/07\\\/favicon.jpg\",\"width\":512,\"height\":512,\"caption\":\"Spletna trgovina s slovensko posodo - EMO ETT\"},\"image\":{\"@id\":\"https:\\\/\\\/emo-shop.com\\\/de\\\/#\\\/schema\\\/logo\\\/image\\\/\"},\"sameAs\":[\"https:\\\/\\\/www.facebook.com\\\/EMOSLOVENIA\"]}]}<\/script>\n<!-- \/ Yoast SEO plugin. -->","yoast_head_json":{"title":"Set f\u00fcr den Gro\u00dfvater: Kaffeekanne + Kaffeetasse - Spletna trgovina s slovensko posodo - EMO ETT","robots":{"index":"index","follow":"follow","max-snippet":"max-snippet:-1","max-image-preview":"max-image-preview:large","max-video-preview":"max-video-preview:-1"},"canonical":"https:\/\/emo-shop.com\/de\/izdelki\/set-fuer-den-grossvater-kaffeekanne-kaffeetasse\/","og_locale":"de_DE","og_type":"article","og_title":"Set f\u00fcr den Gro\u00dfvater: Kaffeekanne + Kaffeetasse - Spletna trgovina s slovensko posodo - EMO ETT","og_description":"Das perfekte Geschenk f\u00fcr die beste Gro\u00dfmutter.","og_url":"https:\/\/emo-shop.com\/de\/izdelki\/set-fuer-den-grossvater-kaffeekanne-kaffeetasse\/","og_site_name":"Spletna trgovina s slovensko posodo - EMO ETT","article_publisher":"https:\/\/www.facebook.com\/EMOSLOVENIA","og_image":[{"width":1000,"height":605,"url":"https:\/\/emo-shop.com\/wp-content\/uploads\/2025\/05\/bez-komplet-dedi.jpg","type":"image\/jpeg"}],"twitter_card":"summary_large_image","twitter_misc":{"Gesch\u00e4tzte Lesezeit":"1\u00a0Minute"},"schema":{"@context":"https:\/\/schema.org","@graph":[{"@type":"WebPage","@id":"https:\/\/emo-shop.com\/de\/izdelki\/set-fuer-den-grossvater-kaffeekanne-kaffeetasse\/","url":"https:\/\/emo-shop.com\/de\/izdelki\/set-fuer-den-grossvater-kaffeekanne-kaffeetasse\/","name":"Set f\u00fcr den Gro\u00dfvater: Kaffeekanne + Kaffeetasse - Spletna trgovina s slovensko posodo - EMO ETT","isPartOf":{"@id":"https:\/\/emo-shop.com\/de\/#website"},"primaryImageOfPage":{"@id":"https:\/\/emo-shop.com\/de\/izdelki\/set-fuer-den-grossvater-kaffeekanne-kaffeetasse\/#primaryimage"},"image":{"@id":"https:\/\/emo-shop.com\/de\/izdelki\/set-fuer-den-grossvater-kaffeekanne-kaffeetasse\/#primaryimage"},"thumbnailUrl":"https:\/\/emo-shop.com\/wp-content\/uploads\/2025\/05\/bez-komplet-dedi.jpg","datePublished":"2025-05-28T09:38:10+00:00","breadcrumb":{"@id":"https:\/\/emo-shop.com\/de\/izdelki\/set-fuer-den-grossvater-kaffeekanne-kaffeetasse\/#breadcrumb"},"inLanguage":"de","potentialAction":[{"@type":"ReadAction","target":["https:\/\/emo-shop.com\/de\/izdelki\/set-fuer-den-grossvater-kaffeekanne-kaffeetasse\/"]}]},{"@type":"ImageObject","inLanguage":"de","@id":"https:\/\/emo-shop.com\/de\/izdelki\/set-fuer-den-grossvater-kaffeekanne-kaffeetasse\/#primaryimage","url":"https:\/\/emo-shop.com\/wp-content\/uploads\/2025\/05\/bez-komplet-dedi.jpg","contentUrl":"https:\/\/emo-shop.com\/wp-content\/uploads\/2025\/05\/bez-komplet-dedi.jpg","width":1000,"height":605},{"@type":"BreadcrumbList","@id":"https:\/\/emo-shop.com\/de\/izdelki\/set-fuer-den-grossvater-kaffeekanne-kaffeetasse\/#breadcrumb","itemListElement":[{"@type":"ListItem","position":1,"name":"Home","item":"https:\/\/emo-shop.com\/de\/"},{"@type":"ListItem","position":2,"name":"Shop","item":"https:\/\/emo-shop.com\/de\/shop\/"},{"@type":"ListItem","position":3,"name":"Set f\u00fcr den Gro\u00dfvater: Kaffeekanne + Kaffeetasse"}]},{"@type":"WebSite","@id":"https:\/\/emo-shop.com\/de\/#website","url":"https:\/\/emo-shop.com\/de\/","name":"Spletna trgovina s slovensko posodo - EMO ETT","description":"Spletna trgovina","publisher":{"@id":"https:\/\/emo-shop.com\/de\/#organization"},"potentialAction":[{"@type":"SearchAction","target":{"@type":"EntryPoint","urlTemplate":"https:\/\/emo-shop.com\/de\/?s={search_term_string}"},"query-input":{"@type":"PropertyValueSpecification","valueRequired":true,"valueName":"search_term_string"}}],"inLanguage":"de"},{"@type":"Organization","@id":"https:\/\/emo-shop.com\/de\/#organization","name":"Spletna trgovina s slovensko posodo - EMO ETT","url":"https:\/\/emo-shop.com\/de\/","logo":{"@type":"ImageObject","inLanguage":"de","@id":"https:\/\/emo-shop.com\/de\/#\/schema\/logo\/image\/","url":"https:\/\/emo-shop.com\/wp-content\/uploads\/2024\/07\/favicon.jpg","contentUrl":"https:\/\/emo-shop.com\/wp-content\/uploads\/2024\/07\/favicon.jpg","width":512,"height":512,"caption":"Spletna trgovina s slovensko posodo - EMO ETT"},"image":{"@id":"https:\/\/emo-shop.com\/de\/#\/schema\/logo\/image\/"},"sameAs":["https:\/\/www.facebook.com\/EMOSLOVENIA"]}]}},"_links":{"self":[{"href":"https:\/\/emo-shop.com\/de\/wp-json\/wp\/v2\/product\/35790","targetHints":{"allow":["GET"]}}],"collection":[{"href":"https:\/\/emo-shop.com\/de\/wp-json\/wp\/v2\/product"}],"about":[{"href":"https:\/\/emo-shop.com\/de\/wp-json\/wp\/v2\/types\/product"}],"replies":[{"embeddable":true,"href":"https:\/\/emo-shop.com\/de\/wp-json\/wp\/v2\/comments?post=35790"}],"version-history":[{"count":0,"href":"https:\/\/emo-shop.com\/de\/wp-json\/wp\/v2\/product\/35790\/revisions"}],"wp:featuredmedia":[{"embeddable":true,"href":"https:\/\/emo-shop.com\/de\/wp-json\/wp\/v2\/media\/35791"}],"wp:attachment":[{"href":"https:\/\/emo-shop.com\/de\/wp-json\/wp\/v2\/media?parent=35790"}],"wp:term":[{"taxonomy":"product_brand","embeddable":true,"href":"https:\/\/emo-shop.com\/de\/wp-json\/wp\/v2\/product_brand?post=35790"},{"taxonomy":"product_cat","embeddable":true,"href":"https:\/\/emo-shop.com\/de\/wp-json\/wp\/v2\/product_cat?post=35790"},{"taxonomy":"product_tag","embeddable":true,"href":"https:\/\/emo-shop.com\/de\/wp-json\/wp\/v2\/product_tag?post=35790"}],"curies":[{"name":"wp","href":"https:\/\/api.w.org\/{rel}","templated":true}]}}