{"id":33334,"date":"2024-07-31T11:58:40","date_gmt":"2024-07-31T11:58:40","guid":{"rendered":"https:\/\/emo-shop.com\/tipps-zur-verwendung-von-emaille-kochgeschirr\/"},"modified":"2026-01-28T19:22:22","modified_gmt":"2026-01-28T19:22:22","slug":"tipps-zur-verwendung-von-emaille-kochgeschirr","status":"publish","type":"page","link":"https:\/\/emo-shop.com\/de\/tipps-zur-verwendung-von-emaille-kochgeschirr\/","title":{"rendered":"Tipps zur Verwendung von Emaille-Kochgeschirr"},"content":{"rendered":"\t\t<div data-elementor-type=\"wp-page\" data-elementor-id=\"33334\" class=\"elementor elementor-33334 elementor-28495\" data-elementor-post-type=\"page\">\n\t\t\t\t<div class=\"wd-negative-gap elementor-element elementor-element-08775d2 e-flex e-con-boxed e-con e-parent\" data-id=\"08775d2\" data-element_type=\"container\" data-e-type=\"container\">\n\t\t\t\t\t<div class=\"e-con-inner\">\n\t\t<div class=\"elementor-element elementor-element-73185fc e-con-full e-flex e-con e-child\" data-id=\"73185fc\" data-element_type=\"container\" data-e-type=\"container\">\n\t\t\t\t<div class=\"elementor-element elementor-element-323959e wd-width-100 elementor-widget elementor-widget-wd_title\" data-id=\"323959e\" data-element_type=\"widget\" data-e-type=\"widget\" data-widget_type=\"wd_title.default\">\n\t\t\t\t<div class=\"elementor-widget-container\">\n\t\t\t\t\t\t\t<div class=\"title-wrapper wd-set-mb reset-last-child wd-title-color-default wd-title-style-default wd-title-size-extra-large text-left\">\n\n\t\t\t\n\t\t\t<div class=\"liner-continer\">\n\t\t\t\t<h4 class=\"woodmart-title-container title wd-fontsize-xxxl\">Tipps zur Verwendung von Emaille-Kochgeschirr<\/h4> \n\t\t\t\t\t\t\t<\/div>\n\n\t\t\t\t\t<\/div>\n\t\t\t\t\t\t<\/div>\n\t\t\t\t<\/div>\n\t\t\t\t<div class=\"elementor-element elementor-element-a19b190 elementor-widget elementor-widget-wd_text_block\" data-id=\"a19b190\" data-element_type=\"widget\" data-e-type=\"widget\" data-widget_type=\"wd_text_block.default\">\n\t\t\t\t<div class=\"elementor-widget-container\">\n\t\t\t\t\t\t\t<div class=\"wd-text-block reset-last-child text-left\">\n\t\t\t\n\t\t\t<p><strong>Emailliertes Kochgeschirr, das auf der Innenseite besch\u00e4digt ist, sollte aus mehreren wichtigen Gr\u00fcnden nicht zum Kochen verwendet werden:<\/strong><\/p><ol><li>Gesundheitsrisiko: Besch\u00e4digte Emaille kann Metall- oder Keramikpartikel in die Speisen freisetzen, die im Kochgeschirr zubereitet werden. Diese Partikel k\u00f6nnen gesundheitssch\u00e4dlich sein, insbesondere wenn sie in gr\u00f6\u00dferen Mengen aufgenommen werden. <br><br><\/li><li>Ver\u00e4nderung von Geschmack und Geruch: Besch\u00e4digte Emaille kann den Geschmack und Geruch der zubereiteten Speisen beeintr\u00e4chtigen. Metallpartikel oder Besch\u00e4digungen k\u00f6nnen unerw\u00fcnschte Ver\u00e4nderungen in den Speisen verursachen, die Sie zubereiten. <br><br><\/li><li>Hygiene: Risse, Kratzer und Besch\u00e4digungen der Emaille sind schwer zu reinigen, was zur Ansammlung von Bakterien und Mikroben f\u00fchren kann. Dies kann die Hygiene des Kochgeschirrs und der darin zubereiteten Speisen gef\u00e4hrden. <br><br><\/li><li>Erh\u00f6hte Korrosion: Besch\u00e4digte Emaille kann zu erh\u00f6hter Korrosion des Kochgeschirrs f\u00fchren, was mit der Zeit zu weiteren Sch\u00e4den und Unbrauchbarkeit f\u00fchren kann.<br><br><\/li><\/ol><p>Wenn Sie Besch\u00e4digungen oder Risse auf der Innenseite des Emaille-Kochgeschirrs feststellen, empfehlen wir Ihnen, es zu ersetzen oder nicht mehr zum Kochen zu verwenden, um die Sicherheit und Qualit\u00e4t der zubereiteten Speisen zu gew\u00e4hrleisten.<\/p><p>Bei der Verwendung von Emaille-Kochgeschirr gibt es einige wichtige Tipps, die Ihnen helfen k\u00f6nnen, das Kochgeschirr in gutem Zustand zu halten und eine sichere und effektive Verwendung zu gew\u00e4hrleisten:<\/p><div class=\"min-h-[20px] text-message flex flex-col items-start gap-3 whitespace-pre-wrap break-words [.text-message+&amp;]:mt-5 overflow-x-auto\"><div class=\"markdown prose w-full break-words dark:prose-invert light\"><ol><li><p><strong>Vermeiden Sie St\u00f6\u00dfe:<\/strong> Emaille-Kochgeschirr ist empfindlich gegen\u00fcber starken St\u00f6\u00dfen und Kratzern. Vermeiden Sie daher eine grobe Handhabung oder die Verwendung von scharfen Utensilien, die die Emaillebeschichtung besch\u00e4digen k\u00f6nnten.<\/p><\/li><li><p><strong>Handw\u00e4sche:<\/strong> Obwohl viele Emaille-Kochgeschirre sp\u00fclmaschinenfest sind, wird Handw\u00e4sche empfohlen, um den Glanz zu erhalten und m\u00f6gliche Sch\u00e4den beim Sp\u00fclen zu vermeiden.<\/p><\/li><li><p><strong>Vermeiden Sie hohe Temperaturen:<\/strong> Das Kochgeschirr sollte keinen extremen Temperaturen ausgesetzt werden. Vermeiden Sie pl\u00f6tzliche Temperatur\u00e4nderungen, wie z. B. kaltes Wasser auf einer hei\u00dfen Oberfl\u00e4che, da dies zu Rissen in der Emaille f\u00fchren kann. <\/p><\/li><li><p><strong>Verwenden Sie Kochgeschirr aus Holz oder Kunststoff:<\/strong> Verwenden Sie Kochgeschirr aus Holz, Silikon oder Kunststoff, um Kratzer und Besch\u00e4digungen der Emailleoberfl\u00e4che zu vermeiden.<\/p><\/li><li><p><strong>Lassen Sie es nicht leer auf einer hei\u00dfen Oberfl\u00e4che stehen:<\/strong> Vermeiden Sie es, leeres Emaille-Kochgeschirr auf einer hei\u00dfen Oberfl\u00e4che stehen zu lassen, da dies zu Sch\u00e4den f\u00fchren kann.<\/p><\/li><li><p><strong>Vermeiden Sie die Verwendung von Scheuermitteln:<\/strong> Verwenden Sie keine Scheuermittel, die grobe Partikel oder Metallkissen enthalten, da diese die Emailleoberfl\u00e4che besch\u00e4digen k\u00f6nnen.<\/p><\/li><li><p><strong>Nicht in der Mikrowelle verwenden:<\/strong> Emaille-Kochgeschirr ist in der Regel nicht f\u00fcr die Verwendung in der Mikrowelle geeignet. \u00dcberpr\u00fcfen Sie daher die Anweisungen des Herstellers und vermeiden Sie die Verwendung in diesem Fall.<\/p><\/li><li><p><strong>Halten Sie Gegenst\u00e4nde mit scharfen Kanten fern:<\/strong> Vermeiden Sie es, Emaille-Kochgeschirr an Gegenst\u00e4nden mit scharfen Kanten oder anderen harten Oberfl\u00e4chen zu reiben, da dies zu Abrieb oder Kratzern f\u00fchren kann.<\/p><\/li><\/ol><p>Wenn Sie diese Tipps beachten, k\u00f6nnen Sie die Lebensdauer Ihres Emaille-Kochgeschirrs verl\u00e4ngern und seine Attraktivit\u00e4t und Funktionalit\u00e4t erhalten.<\/p><\/div><\/div>\n\t\t\t\t\t<\/div>\n\t\t\t\t\t\t<\/div>\n\t\t\t\t<\/div>\n\t\t<div class=\"elementor-element elementor-element-b84b586 e-con-full e-flex e-con e-child\" data-id=\"b84b586\" data-element_type=\"container\" data-e-type=\"container\">\n\t\t<div class=\"elementor-element elementor-element-ce0128b e-con-full e-flex e-con e-child\" data-id=\"ce0128b\" data-element_type=\"container\" data-e-type=\"container\">\n\t\t\t\t<div class=\"elementor-element elementor-element-962ce1c elementor-widget__width-auto elementor-widget elementor-widget-wd_text_block\" data-id=\"962ce1c\" data-element_type=\"widget\" data-e-type=\"widget\" data-widget_type=\"wd_text_block.default\">\n\t\t\t\t<div class=\"elementor-widget-container\">\n\t\t\t\t\t\t\t<div class=\"wd-text-block reset-last-child text-left\">\n\t\t\t\n\t\t\t<p><em><strong>Folge uns<\/strong><\/em><\/p>\n\t\t\t\t\t<\/div>\n\t\t\t\t\t\t<\/div>\n\t\t\t\t<\/div>\n\t\t\t\t<div class=\"elementor-element elementor-element-f1bde75 elementor-widget__width-auto elementor-widget elementor-widget-wd_social_buttons\" data-id=\"f1bde75\" data-element_type=\"widget\" data-e-type=\"widget\" data-widget_type=\"wd_social_buttons.default\">\n\t\t\t\t<div class=\"elementor-widget-container\">\n\t\t\t\t\t\t\t\t<div\n\t\t\t\t\t\tclass=\" wd-social-icons wd-style-bordered wd-size-small social-follow wd-shape-circle color-scheme-dark text-right\">\n\t\t\t\t\n\t\t\t\t\n\t\t\t\t\t\t\t\t\t<a rel=\"noopener noreferrer nofollow\" href=\"https:\/\/www.facebook.com\/EMOSLOVENIA\" target=\"_blank\" class=\" wd-social-icon social-facebook\" aria-label=\"Facebook social link\">\n\t\t\t\t\t\t<span class=\"wd-icon\"><\/span>\n\t\t\t\t\t\t\t\t\t\t\t<\/a>\n\t\t\t\t\n\t\t\t\t\n\t\t\t\t\n\t\t\t\t\n\t\t\t\t\t\t\t\t\t<a rel=\"noopener noreferrer nofollow\" href=\"https:\/\/www.facebook.com\/EMOSLOVENIA\" target=\"_blank\" class=\" wd-social-icon social-instagram\" aria-label=\"Instagram social link\">\n\t\t\t\t\t\t<span class=\"wd-icon\"><\/span>\n\t\t\t\t\t\t\t\t\t\t\t<\/a>\n\t\t\t\t\n\t\t\t\t\n\t\t\t\t\n\t\t\t\t\n\t\t\t\t\n\t\t\t\t\n\t\t\t\t\n\t\t\t\t\n\t\t\t\t\n\t\t\t\t\n\t\t\t\t\n\t\t\t\t\n\t\t\t\t\n\t\t\t\t\n\t\t\t\t\n\t\t\t\t\n\t\t\t\t\n\t\t\t\t\n\t\t\t\t\n\t\t\t\t\n\t\t\t\t\n\t\t\t\t\n\t\t\t<\/div>\n\n\t\t\t\t\t\t<\/div>\n\t\t\t\t<\/div>\n\t\t\t\t<\/div>\n\t\t\t\t<\/div>\n\t\t\t\t<\/div>\n\t\t\t\t\t<\/div>\n\t\t\t\t<\/div>\n\t\t\t\t<\/div>\n\t\t","protected":false},"excerpt":{"rendered":"<p>Tipps zur Verwendung von Emaille-Kochgeschirr Emailliertes Kochgeschirr, das auf der Innenseite besch\u00e4digt ist, sollte aus mehreren wichtigen Gr\u00fcnden nicht zum<\/p>\n","protected":false},"author":2,"featured_media":0,"parent":0,"menu_order":0,"comment_status":"closed","ping_status":"closed","template":"","meta":{"footnotes":""},"class_list":["post-33334","page","type-page","status-publish","hentry"],"yoast_head":"<!-- This site is optimized with the Yoast SEO plugin v27.3 - https:\/\/yoast.com\/product\/yoast-seo-wordpress\/ -->\n<title>Tipps zur Verwendung von Emaille-Kochgeschirr - Spletna trgovina s slovensko posodo - EMO ETT<\/title>\n<meta name=\"robots\" content=\"index, follow, max-snippet:-1, max-image-preview:large, max-video-preview:-1\" \/>\n<link rel=\"canonical\" href=\"https:\/\/emo-shop.com\/de\/tipps-zur-verwendung-von-emaille-kochgeschirr\/\" \/>\n<meta property=\"og:locale\" content=\"de_DE\" \/>\n<meta property=\"og:type\" content=\"article\" \/>\n<meta property=\"og:title\" content=\"Tipps zur Verwendung von Emaille-Kochgeschirr - Spletna trgovina s slovensko posodo - EMO ETT\" \/>\n<meta property=\"og:description\" content=\"Tipps zur Verwendung von Emaille-Kochgeschirr Emailliertes Kochgeschirr, das auf der Innenseite besch\u00e4digt ist, sollte aus mehreren wichtigen Gr\u00fcnden nicht zum\" \/>\n<meta property=\"og:url\" content=\"https:\/\/emo-shop.com\/de\/tipps-zur-verwendung-von-emaille-kochgeschirr\/\" \/>\n<meta property=\"og:site_name\" content=\"Spletna trgovina s slovensko posodo - EMO ETT\" \/>\n<meta property=\"article:publisher\" content=\"https:\/\/www.facebook.com\/EMOSLOVENIA\" \/>\n<meta property=\"article:modified_time\" content=\"2026-01-28T19:22:22+00:00\" \/>\n<meta name=\"twitter:card\" content=\"summary_large_image\" \/>\n<meta name=\"twitter:label1\" content=\"Gesch\u00e4tzte Lesezeit\" \/>\n\t<meta name=\"twitter:data1\" content=\"3\u00a0Minuten\" \/>\n<script type=\"application\/ld+json\" class=\"yoast-schema-graph\">{\"@context\":\"https:\\\/\\\/schema.org\",\"@graph\":[{\"@type\":\"WebPage\",\"@id\":\"https:\\\/\\\/emo-shop.com\\\/de\\\/tipps-zur-verwendung-von-emaille-kochgeschirr\\\/\",\"url\":\"https:\\\/\\\/emo-shop.com\\\/de\\\/tipps-zur-verwendung-von-emaille-kochgeschirr\\\/\",\"name\":\"Tipps zur Verwendung von Emaille-Kochgeschirr - Spletna trgovina s slovensko posodo - EMO ETT\",\"isPartOf\":{\"@id\":\"https:\\\/\\\/emo-shop.com\\\/de\\\/#website\"},\"datePublished\":\"2024-07-31T11:58:40+00:00\",\"dateModified\":\"2026-01-28T19:22:22+00:00\",\"breadcrumb\":{\"@id\":\"https:\\\/\\\/emo-shop.com\\\/de\\\/tipps-zur-verwendung-von-emaille-kochgeschirr\\\/#breadcrumb\"},\"inLanguage\":\"de\",\"potentialAction\":[{\"@type\":\"ReadAction\",\"target\":[\"https:\\\/\\\/emo-shop.com\\\/de\\\/tipps-zur-verwendung-von-emaille-kochgeschirr\\\/\"]}]},{\"@type\":\"BreadcrumbList\",\"@id\":\"https:\\\/\\\/emo-shop.com\\\/de\\\/tipps-zur-verwendung-von-emaille-kochgeschirr\\\/#breadcrumb\",\"itemListElement\":[{\"@type\":\"ListItem\",\"position\":1,\"name\":\"Home\",\"item\":\"https:\\\/\\\/emo-shop.com\\\/de\\\/\"},{\"@type\":\"ListItem\",\"position\":2,\"name\":\"Tipps zur Verwendung von Emaille-Kochgeschirr\"}]},{\"@type\":\"WebSite\",\"@id\":\"https:\\\/\\\/emo-shop.com\\\/de\\\/#website\",\"url\":\"https:\\\/\\\/emo-shop.com\\\/de\\\/\",\"name\":\"Spletna trgovina s slovensko posodo - EMO ETT\",\"description\":\"Spletna trgovina\",\"publisher\":{\"@id\":\"https:\\\/\\\/emo-shop.com\\\/de\\\/#organization\"},\"potentialAction\":[{\"@type\":\"SearchAction\",\"target\":{\"@type\":\"EntryPoint\",\"urlTemplate\":\"https:\\\/\\\/emo-shop.com\\\/de\\\/?s={search_term_string}\"},\"query-input\":{\"@type\":\"PropertyValueSpecification\",\"valueRequired\":true,\"valueName\":\"search_term_string\"}}],\"inLanguage\":\"de\"},{\"@type\":\"Organization\",\"@id\":\"https:\\\/\\\/emo-shop.com\\\/de\\\/#organization\",\"name\":\"Spletna trgovina s slovensko posodo - EMO ETT\",\"url\":\"https:\\\/\\\/emo-shop.com\\\/de\\\/\",\"logo\":{\"@type\":\"ImageObject\",\"inLanguage\":\"de\",\"@id\":\"https:\\\/\\\/emo-shop.com\\\/de\\\/#\\\/schema\\\/logo\\\/image\\\/\",\"url\":\"https:\\\/\\\/emo-shop.com\\\/wp-content\\\/uploads\\\/2024\\\/07\\\/favicon.jpg\",\"contentUrl\":\"https:\\\/\\\/emo-shop.com\\\/wp-content\\\/uploads\\\/2024\\\/07\\\/favicon.jpg\",\"width\":512,\"height\":512,\"caption\":\"Spletna trgovina s slovensko posodo - EMO ETT\"},\"image\":{\"@id\":\"https:\\\/\\\/emo-shop.com\\\/de\\\/#\\\/schema\\\/logo\\\/image\\\/\"},\"sameAs\":[\"https:\\\/\\\/www.facebook.com\\\/EMOSLOVENIA\"]}]}<\/script>\n<!-- \/ Yoast SEO plugin. -->","yoast_head_json":{"title":"Tipps zur Verwendung von Emaille-Kochgeschirr - Spletna trgovina s slovensko posodo - EMO ETT","robots":{"index":"index","follow":"follow","max-snippet":"max-snippet:-1","max-image-preview":"max-image-preview:large","max-video-preview":"max-video-preview:-1"},"canonical":"https:\/\/emo-shop.com\/de\/tipps-zur-verwendung-von-emaille-kochgeschirr\/","og_locale":"de_DE","og_type":"article","og_title":"Tipps zur Verwendung von Emaille-Kochgeschirr - Spletna trgovina s slovensko posodo - EMO ETT","og_description":"Tipps zur Verwendung von Emaille-Kochgeschirr Emailliertes Kochgeschirr, das auf der Innenseite besch\u00e4digt ist, sollte aus mehreren wichtigen Gr\u00fcnden nicht zum","og_url":"https:\/\/emo-shop.com\/de\/tipps-zur-verwendung-von-emaille-kochgeschirr\/","og_site_name":"Spletna trgovina s slovensko posodo - EMO ETT","article_publisher":"https:\/\/www.facebook.com\/EMOSLOVENIA","article_modified_time":"2026-01-28T19:22:22+00:00","twitter_card":"summary_large_image","twitter_misc":{"Gesch\u00e4tzte Lesezeit":"3\u00a0Minuten"},"schema":{"@context":"https:\/\/schema.org","@graph":[{"@type":"WebPage","@id":"https:\/\/emo-shop.com\/de\/tipps-zur-verwendung-von-emaille-kochgeschirr\/","url":"https:\/\/emo-shop.com\/de\/tipps-zur-verwendung-von-emaille-kochgeschirr\/","name":"Tipps zur Verwendung von Emaille-Kochgeschirr - Spletna trgovina s slovensko posodo - EMO ETT","isPartOf":{"@id":"https:\/\/emo-shop.com\/de\/#website"},"datePublished":"2024-07-31T11:58:40+00:00","dateModified":"2026-01-28T19:22:22+00:00","breadcrumb":{"@id":"https:\/\/emo-shop.com\/de\/tipps-zur-verwendung-von-emaille-kochgeschirr\/#breadcrumb"},"inLanguage":"de","potentialAction":[{"@type":"ReadAction","target":["https:\/\/emo-shop.com\/de\/tipps-zur-verwendung-von-emaille-kochgeschirr\/"]}]},{"@type":"BreadcrumbList","@id":"https:\/\/emo-shop.com\/de\/tipps-zur-verwendung-von-emaille-kochgeschirr\/#breadcrumb","itemListElement":[{"@type":"ListItem","position":1,"name":"Home","item":"https:\/\/emo-shop.com\/de\/"},{"@type":"ListItem","position":2,"name":"Tipps zur Verwendung von Emaille-Kochgeschirr"}]},{"@type":"WebSite","@id":"https:\/\/emo-shop.com\/de\/#website","url":"https:\/\/emo-shop.com\/de\/","name":"Spletna trgovina s slovensko posodo - EMO ETT","description":"Spletna trgovina","publisher":{"@id":"https:\/\/emo-shop.com\/de\/#organization"},"potentialAction":[{"@type":"SearchAction","target":{"@type":"EntryPoint","urlTemplate":"https:\/\/emo-shop.com\/de\/?s={search_term_string}"},"query-input":{"@type":"PropertyValueSpecification","valueRequired":true,"valueName":"search_term_string"}}],"inLanguage":"de"},{"@type":"Organization","@id":"https:\/\/emo-shop.com\/de\/#organization","name":"Spletna trgovina s slovensko posodo - EMO ETT","url":"https:\/\/emo-shop.com\/de\/","logo":{"@type":"ImageObject","inLanguage":"de","@id":"https:\/\/emo-shop.com\/de\/#\/schema\/logo\/image\/","url":"https:\/\/emo-shop.com\/wp-content\/uploads\/2024\/07\/favicon.jpg","contentUrl":"https:\/\/emo-shop.com\/wp-content\/uploads\/2024\/07\/favicon.jpg","width":512,"height":512,"caption":"Spletna trgovina s slovensko posodo - EMO ETT"},"image":{"@id":"https:\/\/emo-shop.com\/de\/#\/schema\/logo\/image\/"},"sameAs":["https:\/\/www.facebook.com\/EMOSLOVENIA"]}]}},"_links":{"self":[{"href":"https:\/\/emo-shop.com\/de\/wp-json\/wp\/v2\/pages\/33334","targetHints":{"allow":["GET"]}}],"collection":[{"href":"https:\/\/emo-shop.com\/de\/wp-json\/wp\/v2\/pages"}],"about":[{"href":"https:\/\/emo-shop.com\/de\/wp-json\/wp\/v2\/types\/page"}],"author":[{"embeddable":true,"href":"https:\/\/emo-shop.com\/de\/wp-json\/wp\/v2\/users\/2"}],"replies":[{"embeddable":true,"href":"https:\/\/emo-shop.com\/de\/wp-json\/wp\/v2\/comments?post=33334"}],"version-history":[{"count":0,"href":"https:\/\/emo-shop.com\/de\/wp-json\/wp\/v2\/pages\/33334\/revisions"}],"wp:attachment":[{"href":"https:\/\/emo-shop.com\/de\/wp-json\/wp\/v2\/media?parent=33334"}],"curies":[{"name":"wp","href":"https:\/\/api.w.org\/{rel}","templated":true}]}}